{"id":69482,"date":"2018-03-14T14:36:54","date_gmt":"2018-03-14T13:36:54","guid":{"rendered":"https:\/\/www.walraven.com\/?page_id=119732"},"modified":"2025-09-30T13:37:36","modified_gmt":"2025-09-30T11:37:36","slug":"flachdachinstallation","status":"publish","type":"page","link":"https:\/\/www.walraven.com\/de\/flachdachinstallation\/","title":{"rendered":"Walraven Montagesystem f\u00fcr Flachdach\u00adinstallationen"},"content":{"rendered":"","protected":false},"excerpt":{"rendered":"<p>Als Spezialist f\u00fcr Befestigungs- und Installationstechnik kennen wir die besonderen Projektherausforderungen, die sich bei der Aufst\u00e4nderung von Klimager\u00e4ten, L\u00fcftungsleitungen, Kabeltrassen und Wartungsplattformen auf flachen oder leicht geneigten D\u00e4chern ergeben. <\/p>\n","protected":false},"author":43,"featured_media":73749,"parent":0,"menu_order":0,"comment_status":"closed","ping_status":"closed","template":"page-templates\/tpl-landingspage.php","meta":{"_acf_changed":false,"footnotes":""},"class_list":["post-69482","page","type-page","status-publish","has-post-thumbnail","hentry"],"acf":[],"yoast_head":"<!-- This site is optimized with the Yoast SEO Premium plugin v27.3 (Yoast SEO v27.3) - https:\/\/yoast.com\/product\/yoast-seo-premium-wordpress\/ -->\n<title>Montagesystem zur Flachdachaufst\u00e4nderung<\/title>\n<meta name=\"description\" content=\"Unterkonstruktionen f\u00fcr Ihre Flachdachinstallation \u2705 Aufst\u00e4nderung ohne Durchdringung der Dachhaut \u2705 Schallschutz \u2705\" \/>\n<meta name=\"robots\" content=\"index, follow, max-snippet:-1, max-image-preview:large, max-video-preview:-1\" \/>\n<link rel=\"canonical\" href=\"https:\/\/www.walraven.com\/de\/flachdachinstallation\/\" \/>\n<meta property=\"og:locale\" content=\"de_DE\" \/>\n<meta property=\"og:type\" content=\"article\" \/>\n<meta property=\"og:title\" content=\"Walraven Montagesystem f\u00fcr Flachdach\u00adinstallationen\" \/>\n<meta property=\"og:description\" content=\"Unterkonstruktionen f\u00fcr Ihre Flachdachinstallation \u2705 Aufst\u00e4nderung ohne Durchdringung der Dachhaut \u2705 Schallschutz \u2705\" \/>\n<meta property=\"og:url\" content=\"https:\/\/www.walraven.com\/de\/flachdachinstallation\/\" \/>\n<meta property=\"og:site_name\" content=\"Walraven Deutschland\" \/>\n<meta property=\"article:publisher\" content=\"https:\/\/www.facebook.com\/Walraven.GmbH\" \/>\n<meta property=\"article:modified_time\" content=\"2025-09-30T11:37:36+00:00\" \/>\n<meta property=\"og:image\" content=\"https:\/\/www.walraven.com\/de\/wp-content\/uploads\/sites\/4\/2019\/09\/Rooftop-slider.jpg\" \/>\n\t<meta property=\"og:image:width\" content=\"380\" \/>\n\t<meta property=\"og:image:height\" content=\"640\" \/>\n\t<meta property=\"og:image:type\" content=\"image\/jpeg\" \/>\n<meta name=\"twitter:card\" content=\"summary_large_image\" \/>\n<meta name=\"twitter:site\" content=\"@BIS_Tech\" \/>\n<meta name=\"twitter:label1\" content=\"Gesch\u00e4tzte Lesezeit\" \/>\n\t<meta name=\"twitter:data1\" content=\"8\u00a0Minuten\" \/>\n<script type=\"application\/ld+json\" class=\"yoast-schema-graph\">{\"@context\":\"https:\\\/\\\/schema.org\",\"@graph\":[{\"@type\":\"WebPage\",\"@id\":\"https:\\\/\\\/www.walraven.com\\\/de\\\/flachdachinstallation\\\/\",\"url\":\"https:\\\/\\\/www.walraven.com\\\/de\\\/flachdachinstallation\\\/\",\"name\":\"Montagesystem zur Flachdachaufst\u00e4nderung\",\"isPartOf\":{\"@id\":\"https:\\\/\\\/www.walraven.com\\\/de\\\/#website\"},\"primaryImageOfPage\":{\"@id\":\"https:\\\/\\\/www.walraven.com\\\/de\\\/flachdachinstallation\\\/#primaryimage\"},\"image\":{\"@id\":\"https:\\\/\\\/www.walraven.com\\\/de\\\/flachdachinstallation\\\/#primaryimage\"},\"thumbnailUrl\":\"https:\\\/\\\/www.walraven.com\\\/de\\\/wp-content\\\/uploads\\\/sites\\\/4\\\/2019\\\/09\\\/Rooftop-slider.jpg\",\"datePublished\":\"2018-03-14T13:36:54+00:00\",\"dateModified\":\"2025-09-30T11:37:36+00:00\",\"description\":\"Unterkonstruktionen f\u00fcr Ihre Flachdachinstallation \u2705 Aufst\u00e4nderung ohne Durchdringung der Dachhaut \u2705 Schallschutz \u2705\",\"breadcrumb\":{\"@id\":\"https:\\\/\\\/www.walraven.com\\\/de\\\/flachdachinstallation\\\/#breadcrumb\"},\"inLanguage\":\"de\",\"potentialAction\":[{\"@type\":\"ReadAction\",\"target\":[\"https:\\\/\\\/www.walraven.com\\\/de\\\/flachdachinstallation\\\/\"]}]},{\"@type\":\"ImageObject\",\"inLanguage\":\"de\",\"@id\":\"https:\\\/\\\/www.walraven.com\\\/de\\\/flachdachinstallation\\\/#primaryimage\",\"url\":\"https:\\\/\\\/www.walraven.com\\\/de\\\/wp-content\\\/uploads\\\/sites\\\/4\\\/2019\\\/09\\\/Rooftop-slider.jpg\",\"contentUrl\":\"https:\\\/\\\/www.walraven.com\\\/de\\\/wp-content\\\/uploads\\\/sites\\\/4\\\/2019\\\/09\\\/Rooftop-slider.jpg\",\"width\":380,\"height\":640,\"caption\":\"Rooftop-slider\"},{\"@type\":\"BreadcrumbList\",\"@id\":\"https:\\\/\\\/www.walraven.com\\\/de\\\/flachdachinstallation\\\/#breadcrumb\",\"itemListElement\":[{\"@type\":\"ListItem\",\"position\":1,\"name\":\"Startseite\",\"item\":\"https:\\\/\\\/www.walraven.com\\\/de\\\/\"},{\"@type\":\"ListItem\",\"position\":2,\"name\":\"Walraven Montagesystem f\u00fcr Flachdach\u00adinstallationen\"}]},{\"@type\":\"WebSite\",\"@id\":\"https:\\\/\\\/www.walraven.com\\\/de\\\/#website\",\"url\":\"https:\\\/\\\/www.walraven.com\\\/de\\\/\",\"name\":\"Walraven Deutschland\",\"description\":\"\",\"publisher\":{\"@id\":\"https:\\\/\\\/www.walraven.com\\\/de\\\/#organization\"},\"potentialAction\":[{\"@type\":\"SearchAction\",\"target\":{\"@type\":\"EntryPoint\",\"urlTemplate\":\"https:\\\/\\\/www.walraven.com\\\/de\\\/?s={search_term_string}\"},\"query-input\":{\"@type\":\"PropertyValueSpecification\",\"valueRequired\":true,\"valueName\":\"search_term_string\"}}],\"inLanguage\":\"de\"},{\"@type\":\"Organization\",\"@id\":\"https:\\\/\\\/www.walraven.com\\\/de\\\/#organization\",\"name\":\"Walraven GmbH\",\"alternateName\":\"Walraven GmbH\",\"url\":\"https:\\\/\\\/www.walraven.com\\\/de\\\/\",\"logo\":{\"@type\":\"ImageObject\",\"inLanguage\":\"de\",\"@id\":\"https:\\\/\\\/www.walraven.com\\\/de\\\/#\\\/schema\\\/logo\\\/image\\\/\",\"url\":\"https:\\\/\\\/www.walraven.com\\\/de\\\/wp-content\\\/uploads\\\/sites\\\/4\\\/2023\\\/12\\\/Walraven_logo300x300.jpg\",\"contentUrl\":\"https:\\\/\\\/www.walraven.com\\\/de\\\/wp-content\\\/uploads\\\/sites\\\/4\\\/2023\\\/12\\\/Walraven_logo300x300.jpg\",\"width\":300,\"height\":300,\"caption\":\"Walraven GmbH\"},\"image\":{\"@id\":\"https:\\\/\\\/www.walraven.com\\\/de\\\/#\\\/schema\\\/logo\\\/image\\\/\"},\"sameAs\":[\"https:\\\/\\\/www.facebook.com\\\/Walraven.GmbH\",\"https:\\\/\\\/x.com\\\/BIS_Tech\",\"https:\\\/\\\/www.youtube.com\\\/WalravenDE\",\"https:\\\/\\\/www.linkedin.com\\\/company\\\/walraven-gmbh\",\"https:\\\/\\\/www.instagram.com\\\/walraven.gmbh\\\/\"]}]}<\/script>\n<!-- \/ Yoast SEO Premium plugin. -->","yoast_head_json":{"title":"Montagesystem zur Flachdachaufst\u00e4nderung","description":"Unterkonstruktionen f\u00fcr Ihre Flachdachinstallation \u2705 Aufst\u00e4nderung ohne Durchdringung der Dachhaut \u2705 Schallschutz \u2705","robots":{"index":"index","follow":"follow","max-snippet":"max-snippet:-1","max-image-preview":"max-image-preview:large","max-video-preview":"max-video-preview:-1"},"canonical":"https:\/\/www.walraven.com\/de\/flachdachinstallation\/","og_locale":"de_DE","og_type":"article","og_title":"Walraven Montagesystem f\u00fcr Flachdach\u00adinstallationen","og_description":"Unterkonstruktionen f\u00fcr Ihre Flachdachinstallation \u2705 Aufst\u00e4nderung ohne Durchdringung der Dachhaut \u2705 Schallschutz \u2705","og_url":"https:\/\/www.walraven.com\/de\/flachdachinstallation\/","og_site_name":"Walraven Deutschland","article_publisher":"https:\/\/www.facebook.com\/Walraven.GmbH","article_modified_time":"2025-09-30T11:37:36+00:00","og_image":[{"width":380,"height":640,"url":"https:\/\/www.walraven.com\/de\/wp-content\/uploads\/sites\/4\/2019\/09\/Rooftop-slider.jpg","type":"image\/jpeg"}],"twitter_card":"summary_large_image","twitter_site":"@BIS_Tech","twitter_misc":{"Gesch\u00e4tzte Lesezeit":"8\u00a0Minuten"},"schema":{"@context":"https:\/\/schema.org","@graph":[{"@type":"WebPage","@id":"https:\/\/www.walraven.com\/de\/flachdachinstallation\/","url":"https:\/\/www.walraven.com\/de\/flachdachinstallation\/","name":"Montagesystem zur Flachdachaufst\u00e4nderung","isPartOf":{"@id":"https:\/\/www.walraven.com\/de\/#website"},"primaryImageOfPage":{"@id":"https:\/\/www.walraven.com\/de\/flachdachinstallation\/#primaryimage"},"image":{"@id":"https:\/\/www.walraven.com\/de\/flachdachinstallation\/#primaryimage"},"thumbnailUrl":"https:\/\/www.walraven.com\/de\/wp-content\/uploads\/sites\/4\/2019\/09\/Rooftop-slider.jpg","datePublished":"2018-03-14T13:36:54+00:00","dateModified":"2025-09-30T11:37:36+00:00","description":"Unterkonstruktionen f\u00fcr Ihre Flachdachinstallation \u2705 Aufst\u00e4nderung ohne Durchdringung der Dachhaut \u2705 Schallschutz \u2705","breadcrumb":{"@id":"https:\/\/www.walraven.com\/de\/flachdachinstallation\/#breadcrumb"},"inLanguage":"de","potentialAction":[{"@type":"ReadAction","target":["https:\/\/www.walraven.com\/de\/flachdachinstallation\/"]}]},{"@type":"ImageObject","inLanguage":"de","@id":"https:\/\/www.walraven.com\/de\/flachdachinstallation\/#primaryimage","url":"https:\/\/www.walraven.com\/de\/wp-content\/uploads\/sites\/4\/2019\/09\/Rooftop-slider.jpg","contentUrl":"https:\/\/www.walraven.com\/de\/wp-content\/uploads\/sites\/4\/2019\/09\/Rooftop-slider.jpg","width":380,"height":640,"caption":"Rooftop-slider"},{"@type":"BreadcrumbList","@id":"https:\/\/www.walraven.com\/de\/flachdachinstallation\/#breadcrumb","itemListElement":[{"@type":"ListItem","position":1,"name":"Startseite","item":"https:\/\/www.walraven.com\/de\/"},{"@type":"ListItem","position":2,"name":"Walraven Montagesystem f\u00fcr Flachdach\u00adinstallationen"}]},{"@type":"WebSite","@id":"https:\/\/www.walraven.com\/de\/#website","url":"https:\/\/www.walraven.com\/de\/","name":"Walraven Deutschland","description":"","publisher":{"@id":"https:\/\/www.walraven.com\/de\/#organization"},"potentialAction":[{"@type":"SearchAction","target":{"@type":"EntryPoint","urlTemplate":"https:\/\/www.walraven.com\/de\/?s={search_term_string}"},"query-input":{"@type":"PropertyValueSpecification","valueRequired":true,"valueName":"search_term_string"}}],"inLanguage":"de"},{"@type":"Organization","@id":"https:\/\/www.walraven.com\/de\/#organization","name":"Walraven GmbH","alternateName":"Walraven GmbH","url":"https:\/\/www.walraven.com\/de\/","logo":{"@type":"ImageObject","inLanguage":"de","@id":"https:\/\/www.walraven.com\/de\/#\/schema\/logo\/image\/","url":"https:\/\/www.walraven.com\/de\/wp-content\/uploads\/sites\/4\/2023\/12\/Walraven_logo300x300.jpg","contentUrl":"https:\/\/www.walraven.com\/de\/wp-content\/uploads\/sites\/4\/2023\/12\/Walraven_logo300x300.jpg","width":300,"height":300,"caption":"Walraven GmbH"},"image":{"@id":"https:\/\/www.walraven.com\/de\/#\/schema\/logo\/image\/"},"sameAs":["https:\/\/www.facebook.com\/Walraven.GmbH","https:\/\/x.com\/BIS_Tech","https:\/\/www.youtube.com\/WalravenDE","https:\/\/www.linkedin.com\/company\/walraven-gmbh","https:\/\/www.instagram.com\/walraven.gmbh\/"]}]}},"_links":{"self":[{"href":"https:\/\/www.walraven.com\/de\/wp-json\/wp\/v2\/pages\/69482","targetHints":{"allow":["GET"]}}],"collection":[{"href":"https:\/\/www.walraven.com\/de\/wp-json\/wp\/v2\/pages"}],"about":[{"href":"https:\/\/www.walraven.com\/de\/wp-json\/wp\/v2\/types\/page"}],"author":[{"embeddable":true,"href":"https:\/\/www.walraven.com\/de\/wp-json\/wp\/v2\/users\/43"}],"replies":[{"embeddable":true,"href":"https:\/\/www.walraven.com\/de\/wp-json\/wp\/v2\/comments?post=69482"}],"version-history":[{"count":9,"href":"https:\/\/www.walraven.com\/de\/wp-json\/wp\/v2\/pages\/69482\/revisions"}],"predecessor-version":[{"id":186683,"href":"https:\/\/www.walraven.com\/de\/wp-json\/wp\/v2\/pages\/69482\/revisions\/186683"}],"wp:featuredmedia":[{"embeddable":true,"href":"https:\/\/www.walraven.com\/de\/wp-json\/wp\/v2\/media\/73749"}],"wp:attachment":[{"href":"https:\/\/www.walraven.com\/de\/wp-json\/wp\/v2\/media?parent=69482"}],"curies":[{"name":"wp","href":"https:\/\/api.w.org\/{rel}","templated":true}]}}