{"id":69574,"date":"2018-04-11T17:22:02","date_gmt":"2018-04-11T15:22:02","guid":{"rendered":"https:\/\/www.walraven.com\/?page_id=119893"},"modified":"2025-07-11T16:33:36","modified_gmt":"2025-07-11T14:33:36","slug":"flachdachinstallation-lueftungsleitungen","status":"publish","type":"page","link":"https:\/\/www.walraven.com\/de\/flachdachinstallation\/flachdachinstallation-lueftungsleitungen\/","title":{"rendered":"Aufst\u00e4nderung von L\u00fcftungsleitungen"},"content":{"rendered":"","protected":false},"excerpt":{"rendered":"","protected":false},"author":43,"featured_media":0,"parent":69482,"menu_order":0,"comment_status":"closed","ping_status":"closed","template":"page-templates\/tpl-landingspage.php","meta":{"_acf_changed":false,"footnotes":""},"class_list":["post-69574","page","type-page","status-publish","hentry"],"acf":[],"yoast_head":"<!-- This site is optimized with the Yoast SEO Premium plugin v27.3 (Yoast SEO v27.3) - https:\/\/yoast.com\/product\/yoast-seo-premium-wordpress\/ -->\n<title>Aufst\u00e4nderung von L\u00fcftungsleitungen - Walraven Deutschland<\/title>\n<meta name=\"description\" content=\"Luftkan\u00e4le und L\u00fcftungsrohre in beliebiger Gr\u00f6\u00dfe sicher aufst\u00e4ndern. \u2705 Ohne Durchdringung der Dachhaut \u2705 Hochkorrosionsbest\u00e4ndig \u2705 Umpositionierbar\" \/>\n<meta name=\"robots\" content=\"index, follow, max-snippet:-1, max-image-preview:large, max-video-preview:-1\" \/>\n<link rel=\"canonical\" href=\"https:\/\/www.walraven.com\/de\/flachdachinstallation\/flachdachinstallation-lueftungsleitungen\/\" \/>\n<meta property=\"og:locale\" content=\"de_DE\" \/>\n<meta property=\"og:type\" content=\"article\" \/>\n<meta property=\"og:title\" content=\"Aufst\u00e4nderung von L\u00fcftungsleitungen\" \/>\n<meta property=\"og:description\" content=\"Luftkan\u00e4le und L\u00fcftungsrohre in beliebiger Gr\u00f6\u00dfe sicher aufst\u00e4ndern. \u2705 Ohne Durchdringung der Dachhaut \u2705 Hochkorrosionsbest\u00e4ndig \u2705 Umpositionierbar\" \/>\n<meta property=\"og:url\" content=\"https:\/\/www.walraven.com\/de\/flachdachinstallation\/flachdachinstallation-lueftungsleitungen\/\" \/>\n<meta property=\"og:site_name\" content=\"Walraven Deutschland\" \/>\n<meta property=\"article:publisher\" content=\"https:\/\/www.facebook.com\/Walraven.GmbH\" \/>\n<meta property=\"article:modified_time\" content=\"2025-07-11T14:33:36+00:00\" \/>\n<meta name=\"twitter:card\" content=\"summary_large_image\" \/>\n<meta name=\"twitter:site\" content=\"@BIS_Tech\" \/>\n<meta name=\"twitter:label1\" content=\"Gesch\u00e4tzte Lesezeit\" \/>\n\t<meta name=\"twitter:data1\" content=\"2\u00a0Minuten\" \/>\n<script type=\"application\/ld+json\" class=\"yoast-schema-graph\">{\"@context\":\"https:\\\/\\\/schema.org\",\"@graph\":[{\"@type\":\"WebPage\",\"@id\":\"https:\\\/\\\/www.walraven.com\\\/de\\\/flachdachinstallation\\\/flachdachinstallation-lueftungsleitungen\\\/\",\"url\":\"https:\\\/\\\/www.walraven.com\\\/de\\\/flachdachinstallation\\\/flachdachinstallation-lueftungsleitungen\\\/\",\"name\":\"Aufst\u00e4nderung von L\u00fcftungsleitungen - Walraven Deutschland\",\"isPartOf\":{\"@id\":\"https:\\\/\\\/www.walraven.com\\\/de\\\/#website\"},\"datePublished\":\"2018-04-11T15:22:02+00:00\",\"dateModified\":\"2025-07-11T14:33:36+00:00\",\"description\":\"Luftkan\u00e4le und L\u00fcftungsrohre in beliebiger Gr\u00f6\u00dfe sicher aufst\u00e4ndern. \u2705 Ohne Durchdringung der Dachhaut \u2705 Hochkorrosionsbest\u00e4ndig \u2705 Umpositionierbar\",\"breadcrumb\":{\"@id\":\"https:\\\/\\\/www.walraven.com\\\/de\\\/flachdachinstallation\\\/flachdachinstallation-lueftungsleitungen\\\/#breadcrumb\"},\"inLanguage\":\"de\",\"potentialAction\":[{\"@type\":\"ReadAction\",\"target\":[\"https:\\\/\\\/www.walraven.com\\\/de\\\/flachdachinstallation\\\/flachdachinstallation-lueftungsleitungen\\\/\"]}]},{\"@type\":\"BreadcrumbList\",\"@id\":\"https:\\\/\\\/www.walraven.com\\\/de\\\/flachdachinstallation\\\/flachdachinstallation-lueftungsleitungen\\\/#breadcrumb\",\"itemListElement\":[{\"@type\":\"ListItem\",\"position\":1,\"name\":\"Startseite\",\"item\":\"https:\\\/\\\/www.walraven.com\\\/de\\\/\"},{\"@type\":\"ListItem\",\"position\":2,\"name\":\"Walraven Montagesystem f\u00fcr Flachdach\u00adinstallationen\",\"item\":\"https:\\\/\\\/www.walraven.com\\\/de\\\/flachdachinstallation\\\/\"},{\"@type\":\"ListItem\",\"position\":3,\"name\":\"Aufst\u00e4nderung von L\u00fcftungsleitungen\"}]},{\"@type\":\"WebSite\",\"@id\":\"https:\\\/\\\/www.walraven.com\\\/de\\\/#website\",\"url\":\"https:\\\/\\\/www.walraven.com\\\/de\\\/\",\"name\":\"Walraven Deutschland\",\"description\":\"\",\"publisher\":{\"@id\":\"https:\\\/\\\/www.walraven.com\\\/de\\\/#organization\"},\"potentialAction\":[{\"@type\":\"SearchAction\",\"target\":{\"@type\":\"EntryPoint\",\"urlTemplate\":\"https:\\\/\\\/www.walraven.com\\\/de\\\/?s={search_term_string}\"},\"query-input\":{\"@type\":\"PropertyValueSpecification\",\"valueRequired\":true,\"valueName\":\"search_term_string\"}}],\"inLanguage\":\"de\"},{\"@type\":\"Organization\",\"@id\":\"https:\\\/\\\/www.walraven.com\\\/de\\\/#organization\",\"name\":\"Walraven GmbH\",\"alternateName\":\"Walraven GmbH\",\"url\":\"https:\\\/\\\/www.walraven.com\\\/de\\\/\",\"logo\":{\"@type\":\"ImageObject\",\"inLanguage\":\"de\",\"@id\":\"https:\\\/\\\/www.walraven.com\\\/de\\\/#\\\/schema\\\/logo\\\/image\\\/\",\"url\":\"https:\\\/\\\/www.walraven.com\\\/de\\\/wp-content\\\/uploads\\\/sites\\\/4\\\/2023\\\/12\\\/Walraven_logo300x300.jpg\",\"contentUrl\":\"https:\\\/\\\/www.walraven.com\\\/de\\\/wp-content\\\/uploads\\\/sites\\\/4\\\/2023\\\/12\\\/Walraven_logo300x300.jpg\",\"width\":300,\"height\":300,\"caption\":\"Walraven GmbH\"},\"image\":{\"@id\":\"https:\\\/\\\/www.walraven.com\\\/de\\\/#\\\/schema\\\/logo\\\/image\\\/\"},\"sameAs\":[\"https:\\\/\\\/www.facebook.com\\\/Walraven.GmbH\",\"https:\\\/\\\/x.com\\\/BIS_Tech\",\"https:\\\/\\\/www.youtube.com\\\/WalravenDE\",\"https:\\\/\\\/www.linkedin.com\\\/company\\\/walraven-gmbh\",\"https:\\\/\\\/www.instagram.com\\\/walraven.gmbh\\\/\"]}]}<\/script>\n<!-- \/ Yoast SEO Premium plugin. -->","yoast_head_json":{"title":"Aufst\u00e4nderung von L\u00fcftungsleitungen - Walraven Deutschland","description":"Luftkan\u00e4le und L\u00fcftungsrohre in beliebiger Gr\u00f6\u00dfe sicher aufst\u00e4ndern. \u2705 Ohne Durchdringung der Dachhaut \u2705 Hochkorrosionsbest\u00e4ndig \u2705 Umpositionierbar","robots":{"index":"index","follow":"follow","max-snippet":"max-snippet:-1","max-image-preview":"max-image-preview:large","max-video-preview":"max-video-preview:-1"},"canonical":"https:\/\/www.walraven.com\/de\/flachdachinstallation\/flachdachinstallation-lueftungsleitungen\/","og_locale":"de_DE","og_type":"article","og_title":"Aufst\u00e4nderung von L\u00fcftungsleitungen","og_description":"Luftkan\u00e4le und L\u00fcftungsrohre in beliebiger Gr\u00f6\u00dfe sicher aufst\u00e4ndern. \u2705 Ohne Durchdringung der Dachhaut \u2705 Hochkorrosionsbest\u00e4ndig \u2705 Umpositionierbar","og_url":"https:\/\/www.walraven.com\/de\/flachdachinstallation\/flachdachinstallation-lueftungsleitungen\/","og_site_name":"Walraven Deutschland","article_publisher":"https:\/\/www.facebook.com\/Walraven.GmbH","article_modified_time":"2025-07-11T14:33:36+00:00","twitter_card":"summary_large_image","twitter_site":"@BIS_Tech","twitter_misc":{"Gesch\u00e4tzte Lesezeit":"2\u00a0Minuten"},"schema":{"@context":"https:\/\/schema.org","@graph":[{"@type":"WebPage","@id":"https:\/\/www.walraven.com\/de\/flachdachinstallation\/flachdachinstallation-lueftungsleitungen\/","url":"https:\/\/www.walraven.com\/de\/flachdachinstallation\/flachdachinstallation-lueftungsleitungen\/","name":"Aufst\u00e4nderung von L\u00fcftungsleitungen - Walraven Deutschland","isPartOf":{"@id":"https:\/\/www.walraven.com\/de\/#website"},"datePublished":"2018-04-11T15:22:02+00:00","dateModified":"2025-07-11T14:33:36+00:00","description":"Luftkan\u00e4le und L\u00fcftungsrohre in beliebiger Gr\u00f6\u00dfe sicher aufst\u00e4ndern. \u2705 Ohne Durchdringung der Dachhaut \u2705 Hochkorrosionsbest\u00e4ndig \u2705 Umpositionierbar","breadcrumb":{"@id":"https:\/\/www.walraven.com\/de\/flachdachinstallation\/flachdachinstallation-lueftungsleitungen\/#breadcrumb"},"inLanguage":"de","potentialAction":[{"@type":"ReadAction","target":["https:\/\/www.walraven.com\/de\/flachdachinstallation\/flachdachinstallation-lueftungsleitungen\/"]}]},{"@type":"BreadcrumbList","@id":"https:\/\/www.walraven.com\/de\/flachdachinstallation\/flachdachinstallation-lueftungsleitungen\/#breadcrumb","itemListElement":[{"@type":"ListItem","position":1,"name":"Startseite","item":"https:\/\/www.walraven.com\/de\/"},{"@type":"ListItem","position":2,"name":"Walraven Montagesystem f\u00fcr Flachdach\u00adinstallationen","item":"https:\/\/www.walraven.com\/de\/flachdachinstallation\/"},{"@type":"ListItem","position":3,"name":"Aufst\u00e4nderung von L\u00fcftungsleitungen"}]},{"@type":"WebSite","@id":"https:\/\/www.walraven.com\/de\/#website","url":"https:\/\/www.walraven.com\/de\/","name":"Walraven Deutschland","description":"","publisher":{"@id":"https:\/\/www.walraven.com\/de\/#organization"},"potentialAction":[{"@type":"SearchAction","target":{"@type":"EntryPoint","urlTemplate":"https:\/\/www.walraven.com\/de\/?s={search_term_string}"},"query-input":{"@type":"PropertyValueSpecification","valueRequired":true,"valueName":"search_term_string"}}],"inLanguage":"de"},{"@type":"Organization","@id":"https:\/\/www.walraven.com\/de\/#organization","name":"Walraven GmbH","alternateName":"Walraven GmbH","url":"https:\/\/www.walraven.com\/de\/","logo":{"@type":"ImageObject","inLanguage":"de","@id":"https:\/\/www.walraven.com\/de\/#\/schema\/logo\/image\/","url":"https:\/\/www.walraven.com\/de\/wp-content\/uploads\/sites\/4\/2023\/12\/Walraven_logo300x300.jpg","contentUrl":"https:\/\/www.walraven.com\/de\/wp-content\/uploads\/sites\/4\/2023\/12\/Walraven_logo300x300.jpg","width":300,"height":300,"caption":"Walraven GmbH"},"image":{"@id":"https:\/\/www.walraven.com\/de\/#\/schema\/logo\/image\/"},"sameAs":["https:\/\/www.facebook.com\/Walraven.GmbH","https:\/\/x.com\/BIS_Tech","https:\/\/www.youtube.com\/WalravenDE","https:\/\/www.linkedin.com\/company\/walraven-gmbh","https:\/\/www.instagram.com\/walraven.gmbh\/"]}]}},"_links":{"self":[{"href":"https:\/\/www.walraven.com\/de\/wp-json\/wp\/v2\/pages\/69574","targetHints":{"allow":["GET"]}}],"collection":[{"href":"https:\/\/www.walraven.com\/de\/wp-json\/wp\/v2\/pages"}],"about":[{"href":"https:\/\/www.walraven.com\/de\/wp-json\/wp\/v2\/types\/page"}],"author":[{"embeddable":true,"href":"https:\/\/www.walraven.com\/de\/wp-json\/wp\/v2\/users\/43"}],"replies":[{"embeddable":true,"href":"https:\/\/www.walraven.com\/de\/wp-json\/wp\/v2\/comments?post=69574"}],"version-history":[{"count":8,"href":"https:\/\/www.walraven.com\/de\/wp-json\/wp\/v2\/pages\/69574\/revisions"}],"predecessor-version":[{"id":137980,"href":"https:\/\/www.walraven.com\/de\/wp-json\/wp\/v2\/pages\/69574\/revisions\/137980"}],"up":[{"embeddable":true,"href":"https:\/\/www.walraven.com\/de\/wp-json\/wp\/v2\/pages\/69482"}],"wp:attachment":[{"href":"https:\/\/www.walraven.com\/de\/wp-json\/wp\/v2\/media?parent=69574"}],"curies":[{"name":"wp","href":"https:\/\/api.w.org\/{rel}","templated":true}]}}