{"id":69855,"date":"2018-05-23T11:25:14","date_gmt":"2018-05-23T09:25:14","guid":{"rendered":"https:\/\/www.walraven.com\/de\/?page_id=69855"},"modified":"2018-08-29T09:38:05","modified_gmt":"2018-08-29T07:38:05","slug":"ergaenzung-zur-datenschutzerklaerung","status":"publish","type":"page","link":"https:\/\/www.walraven.com\/de\/datenschutzerklaerung\/ergaenzung-zur-datenschutzerklaerung\/","title":{"rendered":"Erg\u00e4nzung zur Datenschutzerkl\u00e4rung"},"content":{"rendered":"<p>Wir verwalten pers\u00f6nliche Daten abh\u00e4ngig von Ihrer Beziehung zu Walraven. Im Folgenden beschreiben wir Arten der Beziehung(en), die Sie mit Walraven haben k\u00f6nnen und wie wir pers\u00f6nliche Daten f\u00fcr jede Art der Beziehungen pflegen.<\/p>\n<p><strong>1.\u00a0Im Rahmen von\u00a0Gesch\u00e4ftsbeziehungen<\/strong><\/p>\n<p>Walravens Service-, Marketing- und Verkaufsteams streben an, gute Beziehungen zu<\/p>\n<p>(a) Kunden, Verarbeitern, Marktteilnehmern, Kooperationspartnern und anderen Interessenten pflegen und<\/p>\n<p>(b) zu Kontaktpersonen von Organisationen aufzubauen, die (noch) kein Kunde sind.<\/p>\n<p>Zum Aufbau von Gesch\u00e4ftsbeziehungen ist es in den meisten F\u00e4llen notwendig, pers\u00f6nliche (Kontakt-)Informationen auszutauschen. Zum Beispiel w\u00e4hrend Marketing-, Verkaufsaktivit\u00e4ten, Kampagnen, Messen, Ausstellungen, Konferenzen, Seminaren und durch Walraven-Mitarbeiter gekn\u00fcpfte direkte Kontakte. Die Angabe personenbezogener Daten erfolgt in diesem Zusammenhang stets auf freiwilliger Basis. Personenbezogene Daten, die Sie in diesem Zusammenhang zur Verf\u00fcgung stellen, werden in unserem Customer-Relationship-Management-System verwaltet. Die Daten werden entfernt, wenn die Grundlage entf\u00e4llt, auf der sie erforderlich sind oder waren &#8211; es sei denn, Sie haben uns mitgeteilt, dass Sie zum Beispiel durch einen Newsletter \u00fcber unsere L\u00f6sungen und Aktivit\u00e4ten auf dem Laufenden bleiben m\u00f6chten.<\/p>\n<p><strong>2. Als Kunde<\/strong><\/p>\n<p>Wenn Sie Produkte, L\u00f6sungen und\/oder Dienstleistungen direkt von Walraven beziehen, sind Sie Kunde. In diesem Fall werden Sie als Kunde in unseren Informationssystemen hinterlegt. Diese Speicherung beinhaltet die pers\u00f6nlichen Kontaktdaten einer oder mehrerer Kontaktpersonen des Kunden. Diese pers\u00f6nlichen Daten werden bei Bedarf aktualisiert und entfernt, wenn Sie kein Kunde von Walraven mehr sind.<\/p>\n<p><strong>3. Als Lieferant\/Gesch\u00e4ftspartner\/sonstige Gesch\u00e4ftsbeziehung<\/strong><\/p>\n<p>Walraven unterh\u00e4lt Beziehungen zu Lieferanten, Dienstleistungsunternehmen und anderen Gesch\u00e4ftspartnern. F\u00fcr diese Beziehungen ist es notwendig, die pers\u00f6nlichen Kontaktdaten einer oder mehrerer Kontaktpersonen zu registrieren. Diese pers\u00f6nlichen Daten werden bei Bedarf aktualisiert und entfernt, wenn ein Unternehmen nicht mehr in Gesch\u00e4ftsbeziehungen mit Walraven steht.<\/p>\n<p><strong>4. Als Schulungsteilnehmer<\/strong><\/p>\n<p>Als Schulungsteilnehmer ist es in einigen F\u00e4llen notwendig, dass Sie auf freiwilliger Basis Ihre pers\u00f6nlichen (Kontakt-)Daten hinterlassen. Diese Daten k\u00f6nnen wir verwenden, um Sie um Bewertungen zu bitten oder Ihnen zus\u00e4tzliche Informationen zu senden, falls Sie dies gew\u00fcnscht haben. Personenbezogene Daten, die Sie in diesem Zusammenhang angeben, werden entfernt, wenn sie f\u00fcr den Zweck, f\u00fcr den Sie sie uns zur Verf\u00fcgung gestellt haben, nicht mehr erforderlich sind, es sei denn, Sie haben uns mitgeteilt, dass Sie zum Beispiel durch einen Newsletter \u00fcber unsere Produkte und Aktivit\u00e4ten auf dem Laufenden bleiben m\u00f6chten.<\/p>\n<p><strong>5. Bei\u00a0Anfragen (s. auch <a href=\"https:\/\/www.walraven.com\/de\/datenschutzerklaerung\/\" target=\"_blank\" rel=\"noopener\">Datenschutzerkl\u00e4rung<\/a>)<\/strong><\/p>\n<p>Kontaktieren Sie Walraven mit Fragen oder Bitten zum Beispiel zu unseren Produkten oder Serviceleistungen, erfassen wir Ihre pers\u00f6nlichen Daten nicht. Es sei denn, wir ben\u00f6tigen sie zur Beantwortung Ihrer Fragen, zur Zusendung gew\u00fcnschter Informationen oder zur zus\u00e4tzlichen Unterst\u00fctzung bei der Bearbeitung Ihrer Anfrage. Ist dies der Fall, l\u00f6schen wir Ihre pers\u00f6nlichen Daten, sobald Ihre Anfrage abschlie\u00dfend bearbeitet ist. Dies beinhaltet Anfragen per Telefon, E-Mail, Fax und Formularen wie dem\u00a0<a href=\"https:\/\/www.walraven.com\/de\/kontakt\/kontaktformular\/\" target=\"_blank\" rel=\"noopener\">Kontaktformular<\/a>\u00a0oder dem Formular\u00a0<a href=\"https:\/\/www.walraven.com\/de\/kontakt\/informationen-anfordern\/\" target=\"_blank\" rel=\"noopener\">Informationen anfordern<\/a>\u00a0auf unserer Website.<\/p>\n<p><strong>6. Beim Besuch unserer R\u00e4umlichkeiten<\/strong><\/p>\n<p>Walraven-Geb\u00e4ude und -Grundst\u00fccke k\u00f6nnen durch\u00a0Video\u00fcberwachungsanlagen\u00a0gesichert sein. Sie werden dann dar\u00fcber informiert, sobald Sie unsere R\u00e4umlichkeiten betreten. Daten aus Video\u00fcberwachungsanlagen werden h\u00f6chstens f\u00fcr 72 Stunden nur f\u00fcr Sicherheitszwecke gespeichert, es sei denn, es besteht ein Grund, diese Daten l\u00e4nger zu behalten (z. B. f\u00fcr polizeiliche Ermittlungen).<\/p>\n<p><strong>7.\u00a0<a href=\"https:\/\/www.walraven.com\/de\/datenschutzerklaerung\/\" target=\"_blank\" rel=\"noopener\">Welche Daten im Zusammenhang mit der Walraven-Webpr\u00e4senz erfasst und wie diese genutzt werden<\/a><\/strong><\/p>\n<p>&nbsp;<\/p>\n<p>&nbsp;<\/p>\n","protected":false},"excerpt":{"rendered":"<p>Wir verwalten pers\u00f6nliche Daten abh\u00e4ngig von Ihrer Beziehung zu Walraven. Im Folgenden beschreiben wir Arten der Beziehung(en), die Sie mit Walraven haben k\u00f6nnen und wie wir pers\u00f6nliche Daten f\u00fcr jede Art der Beziehungen pflegen. 1.\u00a0Im Rahmen von\u00a0Gesch\u00e4ftsbeziehungen Walravens Service-, Marketing- und Verkaufsteams streben an, gute Beziehungen zu (a) Kunden, Verarbeitern, Marktteilnehmern, Kooperationspartnern und anderen Interessenten [&hellip;]<\/p>\n","protected":false},"author":9,"featured_media":0,"parent":5158,"menu_order":0,"comment_status":"closed","ping_status":"closed","template":"","meta":{"_acf_changed":false,"footnotes":""},"class_list":["post-69855","page","type-page","status-publish","hentry"],"acf":[],"yoast_head":"<!-- This site is optimized with the Yoast SEO Premium plugin v27.3 (Yoast SEO v27.3) - https:\/\/yoast.com\/product\/yoast-seo-premium-wordpress\/ -->\n<title>Erg\u00e4nzung zur Datenschutzerkl\u00e4rung - Walraven Deutschland<\/title>\n<meta name=\"description\" content=\"Je nachdem, in welcher Beziehung Sie zu Walraven stehen, behandeln wir Ihre Daten. Lesen Sie hier, wie wir mit pers\u00f6nlichen Daten umgehen.\" \/>\n<meta name=\"robots\" content=\"index, follow, max-snippet:-1, max-image-preview:large, max-video-preview:-1\" \/>\n<link rel=\"canonical\" href=\"https:\/\/www.walraven.com\/de\/datenschutzerklaerung\/ergaenzung-zur-datenschutzerklaerung\/\" \/>\n<meta property=\"og:locale\" content=\"de_DE\" \/>\n<meta property=\"og:type\" content=\"article\" \/>\n<meta property=\"og:title\" content=\"Erg\u00e4nzung zur Datenschutzerkl\u00e4rung\" \/>\n<meta property=\"og:description\" content=\"Je nachdem, in welcher Beziehung Sie zu Walraven stehen, behandeln wir Ihre Daten. Lesen Sie hier, wie wir mit pers\u00f6nlichen Daten umgehen.\" \/>\n<meta property=\"og:url\" content=\"https:\/\/www.walraven.com\/de\/datenschutzerklaerung\/ergaenzung-zur-datenschutzerklaerung\/\" \/>\n<meta property=\"og:site_name\" content=\"Walraven Deutschland\" \/>\n<meta property=\"article:publisher\" content=\"https:\/\/www.facebook.com\/Walraven.GmbH\" \/>\n<meta property=\"article:modified_time\" content=\"2018-08-29T07:38:05+00:00\" \/>\n<meta name=\"twitter:card\" content=\"summary_large_image\" \/>\n<meta name=\"twitter:site\" content=\"@BIS_Tech\" \/>\n<meta name=\"twitter:label1\" content=\"Gesch\u00e4tzte Lesezeit\" \/>\n\t<meta name=\"twitter:data1\" content=\"3\u00a0Minuten\" \/>\n<script type=\"application\/ld+json\" class=\"yoast-schema-graph\">{\"@context\":\"https:\\\/\\\/schema.org\",\"@graph\":[{\"@type\":\"WebPage\",\"@id\":\"https:\\\/\\\/www.walraven.com\\\/de\\\/datenschutzerklaerung\\\/ergaenzung-zur-datenschutzerklaerung\\\/\",\"url\":\"https:\\\/\\\/www.walraven.com\\\/de\\\/datenschutzerklaerung\\\/ergaenzung-zur-datenschutzerklaerung\\\/\",\"name\":\"Erg\u00e4nzung zur Datenschutzerkl\u00e4rung - Walraven Deutschland\",\"isPartOf\":{\"@id\":\"https:\\\/\\\/www.walraven.com\\\/de\\\/#website\"},\"datePublished\":\"2018-05-23T09:25:14+00:00\",\"dateModified\":\"2018-08-29T07:38:05+00:00\",\"description\":\"Je nachdem, in welcher Beziehung Sie zu Walraven stehen, behandeln wir Ihre Daten. Lesen Sie hier, wie wir mit pers\u00f6nlichen Daten umgehen.\",\"breadcrumb\":{\"@id\":\"https:\\\/\\\/www.walraven.com\\\/de\\\/datenschutzerklaerung\\\/ergaenzung-zur-datenschutzerklaerung\\\/#breadcrumb\"},\"inLanguage\":\"de\",\"potentialAction\":[{\"@type\":\"ReadAction\",\"target\":[\"https:\\\/\\\/www.walraven.com\\\/de\\\/datenschutzerklaerung\\\/ergaenzung-zur-datenschutzerklaerung\\\/\"]}]},{\"@type\":\"BreadcrumbList\",\"@id\":\"https:\\\/\\\/www.walraven.com\\\/de\\\/datenschutzerklaerung\\\/ergaenzung-zur-datenschutzerklaerung\\\/#breadcrumb\",\"itemListElement\":[{\"@type\":\"ListItem\",\"position\":1,\"name\":\"Startseite\",\"item\":\"https:\\\/\\\/www.walraven.com\\\/de\\\/\"},{\"@type\":\"ListItem\",\"position\":2,\"name\":\"Datenschutzerkl\u00e4rung\",\"item\":\"https:\\\/\\\/www.walraven.com\\\/de\\\/datenschutzerklaerung\\\/\"},{\"@type\":\"ListItem\",\"position\":3,\"name\":\"Erg\u00e4nzung zur Datenschutzerkl\u00e4rung\"}]},{\"@type\":\"WebSite\",\"@id\":\"https:\\\/\\\/www.walraven.com\\\/de\\\/#website\",\"url\":\"https:\\\/\\\/www.walraven.com\\\/de\\\/\",\"name\":\"Walraven Deutschland\",\"description\":\"\",\"publisher\":{\"@id\":\"https:\\\/\\\/www.walraven.com\\\/de\\\/#organization\"},\"potentialAction\":[{\"@type\":\"SearchAction\",\"target\":{\"@type\":\"EntryPoint\",\"urlTemplate\":\"https:\\\/\\\/www.walraven.com\\\/de\\\/?s={search_term_string}\"},\"query-input\":{\"@type\":\"PropertyValueSpecification\",\"valueRequired\":true,\"valueName\":\"search_term_string\"}}],\"inLanguage\":\"de\"},{\"@type\":\"Organization\",\"@id\":\"https:\\\/\\\/www.walraven.com\\\/de\\\/#organization\",\"name\":\"Walraven GmbH\",\"alternateName\":\"Walraven GmbH\",\"url\":\"https:\\\/\\\/www.walraven.com\\\/de\\\/\",\"logo\":{\"@type\":\"ImageObject\",\"inLanguage\":\"de\",\"@id\":\"https:\\\/\\\/www.walraven.com\\\/de\\\/#\\\/schema\\\/logo\\\/image\\\/\",\"url\":\"https:\\\/\\\/www.walraven.com\\\/de\\\/wp-content\\\/uploads\\\/sites\\\/4\\\/2023\\\/12\\\/Walraven_logo300x300.jpg\",\"contentUrl\":\"https:\\\/\\\/www.walraven.com\\\/de\\\/wp-content\\\/uploads\\\/sites\\\/4\\\/2023\\\/12\\\/Walraven_logo300x300.jpg\",\"width\":300,\"height\":300,\"caption\":\"Walraven GmbH\"},\"image\":{\"@id\":\"https:\\\/\\\/www.walraven.com\\\/de\\\/#\\\/schema\\\/logo\\\/image\\\/\"},\"sameAs\":[\"https:\\\/\\\/www.facebook.com\\\/Walraven.GmbH\",\"https:\\\/\\\/x.com\\\/BIS_Tech\",\"https:\\\/\\\/www.youtube.com\\\/WalravenDE\",\"https:\\\/\\\/www.linkedin.com\\\/company\\\/walraven-gmbh\",\"https:\\\/\\\/www.instagram.com\\\/walraven.gmbh\\\/\"]}]}<\/script>\n<!-- \/ Yoast SEO Premium plugin. -->","yoast_head_json":{"title":"Erg\u00e4nzung zur Datenschutzerkl\u00e4rung - Walraven Deutschland","description":"Je nachdem, in welcher Beziehung Sie zu Walraven stehen, behandeln wir Ihre Daten. Lesen Sie hier, wie wir mit pers\u00f6nlichen Daten umgehen.","robots":{"index":"index","follow":"follow","max-snippet":"max-snippet:-1","max-image-preview":"max-image-preview:large","max-video-preview":"max-video-preview:-1"},"canonical":"https:\/\/www.walraven.com\/de\/datenschutzerklaerung\/ergaenzung-zur-datenschutzerklaerung\/","og_locale":"de_DE","og_type":"article","og_title":"Erg\u00e4nzung zur Datenschutzerkl\u00e4rung","og_description":"Je nachdem, in welcher Beziehung Sie zu Walraven stehen, behandeln wir Ihre Daten. Lesen Sie hier, wie wir mit pers\u00f6nlichen Daten umgehen.","og_url":"https:\/\/www.walraven.com\/de\/datenschutzerklaerung\/ergaenzung-zur-datenschutzerklaerung\/","og_site_name":"Walraven Deutschland","article_publisher":"https:\/\/www.facebook.com\/Walraven.GmbH","article_modified_time":"2018-08-29T07:38:05+00:00","twitter_card":"summary_large_image","twitter_site":"@BIS_Tech","twitter_misc":{"Gesch\u00e4tzte Lesezeit":"3\u00a0Minuten"},"schema":{"@context":"https:\/\/schema.org","@graph":[{"@type":"WebPage","@id":"https:\/\/www.walraven.com\/de\/datenschutzerklaerung\/ergaenzung-zur-datenschutzerklaerung\/","url":"https:\/\/www.walraven.com\/de\/datenschutzerklaerung\/ergaenzung-zur-datenschutzerklaerung\/","name":"Erg\u00e4nzung zur Datenschutzerkl\u00e4rung - Walraven Deutschland","isPartOf":{"@id":"https:\/\/www.walraven.com\/de\/#website"},"datePublished":"2018-05-23T09:25:14+00:00","dateModified":"2018-08-29T07:38:05+00:00","description":"Je nachdem, in welcher Beziehung Sie zu Walraven stehen, behandeln wir Ihre Daten. Lesen Sie hier, wie wir mit pers\u00f6nlichen Daten umgehen.","breadcrumb":{"@id":"https:\/\/www.walraven.com\/de\/datenschutzerklaerung\/ergaenzung-zur-datenschutzerklaerung\/#breadcrumb"},"inLanguage":"de","potentialAction":[{"@type":"ReadAction","target":["https:\/\/www.walraven.com\/de\/datenschutzerklaerung\/ergaenzung-zur-datenschutzerklaerung\/"]}]},{"@type":"BreadcrumbList","@id":"https:\/\/www.walraven.com\/de\/datenschutzerklaerung\/ergaenzung-zur-datenschutzerklaerung\/#breadcrumb","itemListElement":[{"@type":"ListItem","position":1,"name":"Startseite","item":"https:\/\/www.walraven.com\/de\/"},{"@type":"ListItem","position":2,"name":"Datenschutzerkl\u00e4rung","item":"https:\/\/www.walraven.com\/de\/datenschutzerklaerung\/"},{"@type":"ListItem","position":3,"name":"Erg\u00e4nzung zur Datenschutzerkl\u00e4rung"}]},{"@type":"WebSite","@id":"https:\/\/www.walraven.com\/de\/#website","url":"https:\/\/www.walraven.com\/de\/","name":"Walraven Deutschland","description":"","publisher":{"@id":"https:\/\/www.walraven.com\/de\/#organization"},"potentialAction":[{"@type":"SearchAction","target":{"@type":"EntryPoint","urlTemplate":"https:\/\/www.walraven.com\/de\/?s={search_term_string}"},"query-input":{"@type":"PropertyValueSpecification","valueRequired":true,"valueName":"search_term_string"}}],"inLanguage":"de"},{"@type":"Organization","@id":"https:\/\/www.walraven.com\/de\/#organization","name":"Walraven GmbH","alternateName":"Walraven GmbH","url":"https:\/\/www.walraven.com\/de\/","logo":{"@type":"ImageObject","inLanguage":"de","@id":"https:\/\/www.walraven.com\/de\/#\/schema\/logo\/image\/","url":"https:\/\/www.walraven.com\/de\/wp-content\/uploads\/sites\/4\/2023\/12\/Walraven_logo300x300.jpg","contentUrl":"https:\/\/www.walraven.com\/de\/wp-content\/uploads\/sites\/4\/2023\/12\/Walraven_logo300x300.jpg","width":300,"height":300,"caption":"Walraven GmbH"},"image":{"@id":"https:\/\/www.walraven.com\/de\/#\/schema\/logo\/image\/"},"sameAs":["https:\/\/www.facebook.com\/Walraven.GmbH","https:\/\/x.com\/BIS_Tech","https:\/\/www.youtube.com\/WalravenDE","https:\/\/www.linkedin.com\/company\/walraven-gmbh","https:\/\/www.instagram.com\/walraven.gmbh\/"]}]}},"_links":{"self":[{"href":"https:\/\/www.walraven.com\/de\/wp-json\/wp\/v2\/pages\/69855","targetHints":{"allow":["GET"]}}],"collection":[{"href":"https:\/\/www.walraven.com\/de\/wp-json\/wp\/v2\/pages"}],"about":[{"href":"https:\/\/www.walraven.com\/de\/wp-json\/wp\/v2\/types\/page"}],"author":[{"embeddable":true,"href":"https:\/\/www.walraven.com\/de\/wp-json\/wp\/v2\/users\/9"}],"replies":[{"embeddable":true,"href":"https:\/\/www.walraven.com\/de\/wp-json\/wp\/v2\/comments?post=69855"}],"version-history":[{"count":17,"href":"https:\/\/www.walraven.com\/de\/wp-json\/wp\/v2\/pages\/69855\/revisions"}],"predecessor-version":[{"id":69945,"href":"https:\/\/www.walraven.com\/de\/wp-json\/wp\/v2\/pages\/69855\/revisions\/69945"}],"up":[{"embeddable":true,"href":"https:\/\/www.walraven.com\/de\/wp-json\/wp\/v2\/pages\/5158"}],"wp:attachment":[{"href":"https:\/\/www.walraven.com\/de\/wp-json\/wp\/v2\/media?parent=69855"}],"curies":[{"name":"wp","href":"https:\/\/api.w.org\/{rel}","templated":true}]}}