{"id":69869,"date":"2018-05-23T14:43:30","date_gmt":"2018-05-23T12:43:30","guid":{"rendered":"https:\/\/www.walraven.com\/de\/?page_id=69869"},"modified":"2024-04-11T15:59:09","modified_gmt":"2024-04-11T13:59:09","slug":"cookies","status":"publish","type":"page","link":"https:\/\/www.walraven.com\/de\/cookies\/","title":{"rendered":"Cookie- und Tracking-Richtlinien"},"content":{"rendered":"<p>www.walraven.com ist die Website von Walraven. Durch den Einsatz von Cookies erh\u00f6ht sich die Benutzerfreundlichkeit und Sicherheit dieser Website. In diesem Abschnitt finden Sie Informationen dar\u00fcber, welche Cookies beim Besuch der Website gesetzt und wie diese Cookies abgelehnt oder gel\u00f6scht werden k\u00f6nnen. Durch die weitere Nutzung dieser Website stimmen Sie der Verwendung von Cookies in der in dieser Richtlinie beschriebenen Weise zu.<\/p>\n<h2><strong>1. Was sind Cookies?<\/strong><\/h2>\n<p>Ein Cookie ist eine kleine Datendatei, die auf Ihrem Computer oder einem anderen Endger\u00e4t gespeichert wird, damit eine Website Sie als Benutzer erkennen kann. Er gilt f\u00fcr den gesamten Zeitraum Ihres Besuchs mit demselben Computer oder anderem Endger\u00e4t und Webbrowser auf der Website (&#8222;Session-Cookie&#8220;) oder f\u00fcr wiederholte Besuche (&#8222;persistenter Cookie&#8220;). Andere \u00e4hnliche Dateien funktionieren auf die gleiche Weise. Wir verwenden das Wort &#8222;Cookie&#8220; in dieser Richtlinie, um auf alle Dateien zu verweisen, die Informationen auf diese Weise erfassen.<\/p>\n<p>Cookies sind eine \u00e4u\u00dferst verbreitete Technologie, um bestimmte Informationen \u00fcber Besucher einer Website zu speichern. Die \u00fcberwiegende Mehrheit der Websites verwendet derzeit Cookies und sie werden h\u00e4ufig f\u00fcr eine Vielzahl von Aufgaben verwendet.<\/p>\n<h2><strong>2. Cookies kontrollieren und l\u00f6schen<\/strong><\/h2>\n<p>Als Sie auf die Website zugriffen, erhielten Sie eine Nachricht, die Sie \u00fcber die Verwendung von Cookies informierte. Wir mussten einen Cookie verwenden, um Ihnen diesen Hinweis zu pr\u00e4sentieren (Sie k\u00f6nnen Details zu diesem Cookie unter &#8222;Cookie-Annahme&#8220; in der Tabelle unten sehen). Wenn Sie die Website weiterhin verwenden, werden &#8211; wie oben beschrieben &#8211; Cookies und Tracking-Technologien auf Ihrem Computer platziert, um Ihre Benutzererfahrung auf der Website verbessern zu k\u00f6nnen. Durch die weitere Nutzung der Website und\/oder die Annahme unserer Nutzungsbedingungen und unserer <a href=\"https:\/\/www.walraven.com\/de\/datenschutzerklaerung\/\" target=\"_blank\" rel=\"noopener noreferrer\">Datenschutzerkl\u00e4rung<\/a> stimmen Sie der Verwendung solcher Cookies und Tracking-Technologien zu.<\/p>\n<p><strong>Wir verwenden keine Cookies, um pers\u00f6nlich identifizierbare Informationen \u00fcber Sie zu sammeln.<\/strong> Wenn Sie jedoch die Cookies, die von dieser Website (oder auch von einer anderen Website) gesetzt werden, einschr\u00e4nken oder blockieren m\u00f6chten, k\u00f6nnen Sie dies \u00fcber Ihre Browsereinstellungen tun. Die &#8222;Hilfe&#8220;-Funktion Ihres Browsers sollte Ihnen sagen, wie es bei Ihrem Browser geht.<\/p>\n<p>Alternativ bietet\u00a0<a href=\"http:\/\/www.allaboutcookies.org\/ge\/\" target=\"_blank\" rel=\"noopener noreferrer\">http:\/\/www.allaboutcookies.org\/ge\/\u00a0<\/a> Informationen dazu. Dort finden Sie auch Informationen zum L\u00f6schen von Cookies sowie allgemeinere Informationen zu Cookies. Bitte beachten Sie, dass diese Website nicht von Walraven betrieben wird, wir also f\u00fcr den Inhalt der Websites nicht verantwortlich sind.<\/p>\n<p>Bitte beachten Sie, dass das Blockieren von Cookies dazu f\u00fchren kann, dass nicht alle Funktionen oder Dienste einer Website in vollem Umfang genutzt werden k\u00f6nnen.<\/p>\n<h2><strong>3. Auf unserer Website verwendete Cookies<\/strong><\/h2>\n<p>Wir verwenden folgende Cookies:<\/p>\n<p>a) <strong>Ausschlie\u00dflich notwendige Cookies<\/strong>: wie f\u00fcr den Betrieb der Website erforderlich.<\/p>\n<p>b) <strong>Analyse-\/Leistungs-Cookies<\/strong>: Analyse der Nutzung der Website, z. B. Erkennen und Z\u00e4hlen der Anzahl der Besucher und deren Bewegung auf der Website. Dies hilft uns zu sehen, welche Teile der Website beliebt sind und welche Bereiche verbessert werden m\u00fcssen, um die Benutzererfahrung zu verbessern.<\/p>\n<p>c) <strong>Funktionalit\u00e4ts-Cookies<\/strong>: um Sie zu erkennen, wenn Sie auf die Website zur\u00fcckkehren, damit Inhalte f\u00fcr Sie personalisiert werden k\u00f6nnen, z. B. Ihre L\u00e4nder- und Website-Pr\u00e4ferenzen.<\/p>\n<p>d) <strong>Targeting-Cookies<\/strong>: um Ihren Besuch auf der Website und die von Ihnen besuchten Seiten und Links, die Sie besucht haben, aufzuzeichnen. Wir verwenden diese Informationen, um die Website f\u00fcr Sie interessanter zu gestalten.<\/p>\n<h3>3.1\u00a0Google Analytics<\/h3>\n<p>Diese Website verwendet Google Analytics, einen Webanalysedienst von Google, Inc.\u00a0Im Rahmen einer Vereinbarung zur Auftragsdatenvereinbarung erstellt diese mithilfe der gesammelten Informationen eine Auswertung der Websitenutzung und der Websiteaktivit\u00e4t und erbringt mit der Internetnutzung verbundene Dienstleistungen.<\/p>\n<p>Google Analytics nutzt einen Cookie zur Auswertung der Website-Aktivit\u00e4ten. Dieser Cookie sammelt <strong>keine<\/strong> Informationen, die eine Person identifizieren. Die anonymisierte IP-Adresse, Betriebssystem, Browser und Aktionen auf der Webseite werden protokolliert.<\/p>\n<p>Wenn Sie dies ablehnen, haben Sie die M\u00f6glichkeit, ein Browser-Add-On zur Deaktivierung von Google Analytics herunterzuladen: <a href=\"https:\/\/tools.google.com\/dlpage\/gaoptout\" target=\"_blank\" rel=\"noopener\">https:\/\/tools.google.com\/dlpage\/gaoptout<\/a>.<\/p>\n<h3>3.2\u00a0Cookies von Drittanbietern<\/h3>\n<p>Bitte beachten Sie, dass Drittanbieter zur Verbesserung Ihrer Website auch Cookies verwenden k\u00f6nnen. Wenn Sie eine Seite mit eingebetteten Inhalten besuchen, werden Ihnen m\u00f6glicherweise Cookies von diesen Websites angezeigt. Zum Beispiel betten wir Videoinhalte von Websites wie YouTube ein und YouTube setzt m\u00f6glicherweise Cookies in Ihrem Browser, um ein Video anzuzeigen und statistische Informationen zu erfassen. Wir kontrollieren nicht die Verbreitung dieser Cookies. Um mehr \u00fcber sie zu erfahren, besuchen Sie bitte die jeweilige Website des Drittanbieters.<\/p>\n<p><span style=\"font-size: medium\">Zeitweise arbeiten\u00a0wir\u00a0mit speziellen\u00a0Anbietern f\u00fcr Web-Analysen und Zielgruppen-Marketing (u. a. Aumago GmbH Berlin) zusammen. Auch diese\u00a0Partner\u00a0verwenden Cookies. Aus diesen Daten k\u00f6nnen anonymisierte Nutzungsprofile erstellt werden. Es werden jedoch <strong>keine personenbezogenen<\/strong> <strong>Angaben<\/strong> erfasst. Soweit IP-Adressen erhoben werden, werden diese durch L\u00f6schen des letzten Nummernblocks anonymisiert abgespeichert und nicht mit den Cookies zusammengef\u00fchrt. Bei den Cookies handelt es sich entweder um Cookies des speziellen\u00a0Partners\u00a0oder Cookies von Dienstleistern, derer sich dieser Partner bedient, wie z. B. krux digital Inc., Google Inc. etc. Der Nutzer kann die Cookies jederzeit direkt in seinem Browser l\u00f6schen.\u00a0Die Partner\u00a0verwenden diese Daten, um die Nutzung der Webseite durch die Besucher auszuwerten und zum Zwecke nutzungsbasierter Online-Werbung (Online Behavorial Targeting (OBA)).<\/span><\/p>\n<h4>3.2.1 <strong>Cookies von YouTube<\/strong><\/h4>\n<p>Wir integrieren Videos von YouTube, einem Dienst von Google LLC, auf unserer Website. Wenn Sie ein Video ansehen, k\u00f6nnen Cookies von YouTube auf Ihrem Ger\u00e4t gespeichert werden. Diese Cookies werden von YouTube verwendet, um Informationen \u00fcber die Wiedergabe des Videos zu sammeln und dienen zur Personalisierung von Anzeigen. Sie\u00a0 finden Informationen zum Datenschutz bei YouTube hier: <a href=\"https:\/\/www.youtube.com\/intl\/ALL_de\/howyoutubeworks\/user-settings\/privacy\/\" target=\"_blank\" rel=\"noopener\">https:\/\/www.youtube.com\/static?template=privacy_guidelines<\/a>.<\/p>\n<h4>3.2.2 <strong>Cookies von Indeed<\/strong><\/h4>\n<p>Wir verwenden Dienste von Indeed, einem Dienst von Indeed Ireland Operations Limited, auf unserer Website, um Ihnen relevante Stellenangebote anzuzeigen. Cookies von Indeed k\u00f6nnen auf Ihrem Ger\u00e4t platziert werden, um Informationen \u00fcber Ihre Interaktion mit Stellenanzeigen zu sammeln und die Anzeige relevanter Stellenangebote zu optimieren. Weitere Informationen zum Datenschutz bei Indeed finden Sie hier: <a href=\"https:\/\/hrtechprivacy.com\/de\/brands\/about-indeed#privacypolicy\">https:\/\/hrtechprivacy.com\/de\/brands\/about-indeed#privacypolicy<\/a><\/p>\n<h2><strong>4. E-Mail-Verfolgung<\/strong><\/h2>\n<p>Einige der E-Mails, die wir an Sie senden, k\u00f6nnen einen &#8222;Pixel&#8220; oder Links enthalten, anhand derer wir feststellen k\u00f6nnen, wann Sie die E-Mail ge\u00f6ffnet haben und welche Links in der E-Mail enthalten sind, auf die Sie zugegriffen haben. Wir verwenden diese Informationen, um festzustellen, welche Teile unserer E-Mails f\u00fcr Sie am interessantesten sind.<\/p>\n<p>Sie k\u00f6nnen das Pixel l\u00f6schen, indem Sie die E-Mail l\u00f6schen. Wenn Sie das Pixel nicht auf Ihren Computer oder andere Ger\u00e4te herunterladen m\u00f6chten, k\u00f6nnen Sie dies tun, indem Sie ausw\u00e4hlen, dass Sie E-Mails von uns im Text- statt im HTML-Format erhalten m\u00f6chten.<\/p>\n<p>Alternativ k\u00f6nnen Sie sich von unserer Mailing-Liste abmelden, indem Sie auf den Abmeldelink in der E-Mail klicken.<\/p>\n<h2><strong>5.\u00a0\u00c4nderungen<\/strong><\/h2>\n<p>Wir k\u00f6nnen diese Cookie-Richtlinie jederzeit \u00e4ndern, indem wir die \u00fcberarbeiteten Richtlinie auf der Website ver\u00f6ffentlichen. Alle \u00c4nderungen werden an dem Tag wirksam, an dem wir die ge\u00e4nderten Bedingungen auf der Website ver\u00f6ffentlichen. Ihre fortgesetzte Nutzung der Website bedeutet, dass Sie der ge\u00e4nderten Richtlinie zustimmen.<\/p>\n<p>&nbsp;<\/p>\n<p>Wenn Sie Fragen oder Bedenken zu Cookies oder Ihrer Privatsph\u00e4re bei der Nutzung dieser Website haben, kontaktieren Sie uns bitte:<\/p>\n<p style=\"padding-left: 60px\">van Walraven Holding B.V.<br \/>\nRechtsabteilung<br \/>\nIndustrieweg 5<br \/>\n3641 RK, Mijdrecht<br \/>\nNiederlande<\/p>\n<p><strong><span style=\"background: white\">Der Walraven-Datenschutzbeauftragte:<br \/>\n<\/span><\/strong>Bert Sedee E-Mail:\u00a0<a href=\"mailto:bert.sedee@walraven.com\">bert.sedee@walraven.com<\/a><\/p>\n","protected":false},"excerpt":{"rendered":"<p>www.walraven.com ist die Website von Walraven. Durch den Einsatz von Cookies erh\u00f6ht sich die Benutzerfreundlichkeit und Sicherheit dieser Website. In diesem Abschnitt finden Sie Informationen dar\u00fcber, welche Cookies beim Besuch der Website gesetzt und wie diese Cookies abgelehnt oder gel\u00f6scht werden k\u00f6nnen. Durch die weitere Nutzung dieser Website stimmen Sie der Verwendung von Cookies in [&hellip;]<\/p>\n","protected":false},"author":9,"featured_media":0,"parent":0,"menu_order":0,"comment_status":"closed","ping_status":"closed","template":"","meta":{"_acf_changed":false,"footnotes":""},"class_list":["post-69869","page","type-page","status-publish","hentry"],"acf":[],"yoast_head":"<!-- This site is optimized with the Yoast SEO Premium plugin v27.3 (Yoast SEO v27.3) - https:\/\/yoast.com\/product\/yoast-seo-premium-wordpress\/ -->\n<title>Cookie- und Tracking-Richtlinien - Walraven Deutschland<\/title>\n<meta name=\"description\" content=\"Cookies erh\u00f6hen Benutzerfreundlichkeit und Sicherheit dieser Website. Unter welchen Voraussetzungen wir sie verwenden, lesen Sie hier.\" \/>\n<meta name=\"robots\" content=\"index, follow, max-snippet:-1, max-image-preview:large, max-video-preview:-1\" \/>\n<link rel=\"canonical\" href=\"https:\/\/www.walraven.com\/de\/cookies\/\" \/>\n<meta property=\"og:locale\" content=\"de_DE\" \/>\n<meta property=\"og:type\" content=\"article\" \/>\n<meta property=\"og:title\" content=\"Cookie- und Tracking-Richtlinien\" \/>\n<meta property=\"og:description\" content=\"Cookies erh\u00f6hen Benutzerfreundlichkeit und Sicherheit dieser Website. Unter welchen Voraussetzungen wir sie verwenden, lesen Sie hier.\" \/>\n<meta property=\"og:url\" content=\"https:\/\/www.walraven.com\/de\/cookies\/\" \/>\n<meta property=\"og:site_name\" content=\"Walraven Deutschland\" \/>\n<meta property=\"article:publisher\" content=\"https:\/\/www.facebook.com\/Walraven.GmbH\" \/>\n<meta property=\"article:modified_time\" content=\"2024-04-11T13:59:09+00:00\" \/>\n<meta name=\"twitter:card\" content=\"summary_large_image\" \/>\n<meta name=\"twitter:site\" content=\"@BIS_Tech\" \/>\n<meta name=\"twitter:label1\" content=\"Gesch\u00e4tzte Lesezeit\" \/>\n\t<meta name=\"twitter:data1\" content=\"7\u00a0Minuten\" \/>\n<script type=\"application\/ld+json\" class=\"yoast-schema-graph\">{\"@context\":\"https:\\\/\\\/schema.org\",\"@graph\":[{\"@type\":\"WebPage\",\"@id\":\"https:\\\/\\\/www.walraven.com\\\/de\\\/cookies\\\/\",\"url\":\"https:\\\/\\\/www.walraven.com\\\/de\\\/cookies\\\/\",\"name\":\"Cookie- und Tracking-Richtlinien - Walraven Deutschland\",\"isPartOf\":{\"@id\":\"https:\\\/\\\/www.walraven.com\\\/de\\\/#website\"},\"datePublished\":\"2018-05-23T12:43:30+00:00\",\"dateModified\":\"2024-04-11T13:59:09+00:00\",\"description\":\"Cookies erh\u00f6hen Benutzerfreundlichkeit und Sicherheit dieser Website. Unter welchen Voraussetzungen wir sie verwenden, lesen Sie hier.\",\"breadcrumb\":{\"@id\":\"https:\\\/\\\/www.walraven.com\\\/de\\\/cookies\\\/#breadcrumb\"},\"inLanguage\":\"de\",\"potentialAction\":[{\"@type\":\"ReadAction\",\"target\":[\"https:\\\/\\\/www.walraven.com\\\/de\\\/cookies\\\/\"]}]},{\"@type\":\"BreadcrumbList\",\"@id\":\"https:\\\/\\\/www.walraven.com\\\/de\\\/cookies\\\/#breadcrumb\",\"itemListElement\":[{\"@type\":\"ListItem\",\"position\":1,\"name\":\"Startseite\",\"item\":\"https:\\\/\\\/www.walraven.com\\\/de\\\/\"},{\"@type\":\"ListItem\",\"position\":2,\"name\":\"Cookie- und Tracking-Richtlinien\"}]},{\"@type\":\"WebSite\",\"@id\":\"https:\\\/\\\/www.walraven.com\\\/de\\\/#website\",\"url\":\"https:\\\/\\\/www.walraven.com\\\/de\\\/\",\"name\":\"Walraven Deutschland\",\"description\":\"\",\"publisher\":{\"@id\":\"https:\\\/\\\/www.walraven.com\\\/de\\\/#organization\"},\"potentialAction\":[{\"@type\":\"SearchAction\",\"target\":{\"@type\":\"EntryPoint\",\"urlTemplate\":\"https:\\\/\\\/www.walraven.com\\\/de\\\/?s={search_term_string}\"},\"query-input\":{\"@type\":\"PropertyValueSpecification\",\"valueRequired\":true,\"valueName\":\"search_term_string\"}}],\"inLanguage\":\"de\"},{\"@type\":\"Organization\",\"@id\":\"https:\\\/\\\/www.walraven.com\\\/de\\\/#organization\",\"name\":\"Walraven GmbH\",\"alternateName\":\"Walraven GmbH\",\"url\":\"https:\\\/\\\/www.walraven.com\\\/de\\\/\",\"logo\":{\"@type\":\"ImageObject\",\"inLanguage\":\"de\",\"@id\":\"https:\\\/\\\/www.walraven.com\\\/de\\\/#\\\/schema\\\/logo\\\/image\\\/\",\"url\":\"https:\\\/\\\/www.walraven.com\\\/de\\\/wp-content\\\/uploads\\\/sites\\\/4\\\/2023\\\/12\\\/Walraven_logo300x300.jpg\",\"contentUrl\":\"https:\\\/\\\/www.walraven.com\\\/de\\\/wp-content\\\/uploads\\\/sites\\\/4\\\/2023\\\/12\\\/Walraven_logo300x300.jpg\",\"width\":300,\"height\":300,\"caption\":\"Walraven GmbH\"},\"image\":{\"@id\":\"https:\\\/\\\/www.walraven.com\\\/de\\\/#\\\/schema\\\/logo\\\/image\\\/\"},\"sameAs\":[\"https:\\\/\\\/www.facebook.com\\\/Walraven.GmbH\",\"https:\\\/\\\/x.com\\\/BIS_Tech\",\"https:\\\/\\\/www.youtube.com\\\/WalravenDE\",\"https:\\\/\\\/www.linkedin.com\\\/company\\\/walraven-gmbh\",\"https:\\\/\\\/www.instagram.com\\\/walraven.gmbh\\\/\"]}]}<\/script>\n<!-- \/ Yoast SEO Premium plugin. -->","yoast_head_json":{"title":"Cookie- und Tracking-Richtlinien - Walraven Deutschland","description":"Cookies erh\u00f6hen Benutzerfreundlichkeit und Sicherheit dieser Website. Unter welchen Voraussetzungen wir sie verwenden, lesen Sie hier.","robots":{"index":"index","follow":"follow","max-snippet":"max-snippet:-1","max-image-preview":"max-image-preview:large","max-video-preview":"max-video-preview:-1"},"canonical":"https:\/\/www.walraven.com\/de\/cookies\/","og_locale":"de_DE","og_type":"article","og_title":"Cookie- und Tracking-Richtlinien","og_description":"Cookies erh\u00f6hen Benutzerfreundlichkeit und Sicherheit dieser Website. Unter welchen Voraussetzungen wir sie verwenden, lesen Sie hier.","og_url":"https:\/\/www.walraven.com\/de\/cookies\/","og_site_name":"Walraven Deutschland","article_publisher":"https:\/\/www.facebook.com\/Walraven.GmbH","article_modified_time":"2024-04-11T13:59:09+00:00","twitter_card":"summary_large_image","twitter_site":"@BIS_Tech","twitter_misc":{"Gesch\u00e4tzte Lesezeit":"7\u00a0Minuten"},"schema":{"@context":"https:\/\/schema.org","@graph":[{"@type":"WebPage","@id":"https:\/\/www.walraven.com\/de\/cookies\/","url":"https:\/\/www.walraven.com\/de\/cookies\/","name":"Cookie- und Tracking-Richtlinien - Walraven Deutschland","isPartOf":{"@id":"https:\/\/www.walraven.com\/de\/#website"},"datePublished":"2018-05-23T12:43:30+00:00","dateModified":"2024-04-11T13:59:09+00:00","description":"Cookies erh\u00f6hen Benutzerfreundlichkeit und Sicherheit dieser Website. Unter welchen Voraussetzungen wir sie verwenden, lesen Sie hier.","breadcrumb":{"@id":"https:\/\/www.walraven.com\/de\/cookies\/#breadcrumb"},"inLanguage":"de","potentialAction":[{"@type":"ReadAction","target":["https:\/\/www.walraven.com\/de\/cookies\/"]}]},{"@type":"BreadcrumbList","@id":"https:\/\/www.walraven.com\/de\/cookies\/#breadcrumb","itemListElement":[{"@type":"ListItem","position":1,"name":"Startseite","item":"https:\/\/www.walraven.com\/de\/"},{"@type":"ListItem","position":2,"name":"Cookie- und Tracking-Richtlinien"}]},{"@type":"WebSite","@id":"https:\/\/www.walraven.com\/de\/#website","url":"https:\/\/www.walraven.com\/de\/","name":"Walraven Deutschland","description":"","publisher":{"@id":"https:\/\/www.walraven.com\/de\/#organization"},"potentialAction":[{"@type":"SearchAction","target":{"@type":"EntryPoint","urlTemplate":"https:\/\/www.walraven.com\/de\/?s={search_term_string}"},"query-input":{"@type":"PropertyValueSpecification","valueRequired":true,"valueName":"search_term_string"}}],"inLanguage":"de"},{"@type":"Organization","@id":"https:\/\/www.walraven.com\/de\/#organization","name":"Walraven GmbH","alternateName":"Walraven GmbH","url":"https:\/\/www.walraven.com\/de\/","logo":{"@type":"ImageObject","inLanguage":"de","@id":"https:\/\/www.walraven.com\/de\/#\/schema\/logo\/image\/","url":"https:\/\/www.walraven.com\/de\/wp-content\/uploads\/sites\/4\/2023\/12\/Walraven_logo300x300.jpg","contentUrl":"https:\/\/www.walraven.com\/de\/wp-content\/uploads\/sites\/4\/2023\/12\/Walraven_logo300x300.jpg","width":300,"height":300,"caption":"Walraven GmbH"},"image":{"@id":"https:\/\/www.walraven.com\/de\/#\/schema\/logo\/image\/"},"sameAs":["https:\/\/www.facebook.com\/Walraven.GmbH","https:\/\/x.com\/BIS_Tech","https:\/\/www.youtube.com\/WalravenDE","https:\/\/www.linkedin.com\/company\/walraven-gmbh","https:\/\/www.instagram.com\/walraven.gmbh\/"]}]}},"_links":{"self":[{"href":"https:\/\/www.walraven.com\/de\/wp-json\/wp\/v2\/pages\/69869","targetHints":{"allow":["GET"]}}],"collection":[{"href":"https:\/\/www.walraven.com\/de\/wp-json\/wp\/v2\/pages"}],"about":[{"href":"https:\/\/www.walraven.com\/de\/wp-json\/wp\/v2\/types\/page"}],"author":[{"embeddable":true,"href":"https:\/\/www.walraven.com\/de\/wp-json\/wp\/v2\/users\/9"}],"replies":[{"embeddable":true,"href":"https:\/\/www.walraven.com\/de\/wp-json\/wp\/v2\/comments?post=69869"}],"version-history":[{"count":8,"href":"https:\/\/www.walraven.com\/de\/wp-json\/wp\/v2\/pages\/69869\/revisions"}],"predecessor-version":[{"id":89772,"href":"https:\/\/www.walraven.com\/de\/wp-json\/wp\/v2\/pages\/69869\/revisions\/89772"}],"wp:attachment":[{"href":"https:\/\/www.walraven.com\/de\/wp-json\/wp\/v2\/media?parent=69869"}],"curies":[{"name":"wp","href":"https:\/\/api.w.org\/{rel}","templated":true}]}}