{"id":71852,"date":"2019-02-20T09:01:12","date_gmt":"2019-02-20T08:01:12","guid":{"rendered":"https:\/\/www.walraven.com\/de\/?page_id=71852"},"modified":"2026-01-19T15:49:18","modified_gmt":"2026-01-19T14:49:18","slug":"pressemeldungen-fruehjahr-2019","status":"publish","type":"page","link":"https:\/\/www.walraven.com\/de\/ueber-walraven\/aktuelles\/pressemitteilungen\/pressemeldungen-fruehjahr-2019\/","title":{"rendered":"Pressemeldungen Fr\u00fchjahr 2019"},"content":{"rendered":"<hr \/>\n<p>&nbsp;<\/p>\n<h3 style=\"padding-left: 90px;\"><a href=\"https:\/\/www.walraven.com\/de\/ueber-walraven\/aktuelles\/pressemitteilungen\/pressemeldungen-fruehjahr-2019\/bis-vario-wc-design-30-nominiert-zum-zvshk-award-2019\" target=\"_blank\" rel=\"noopener noreferrer\"><strong>Walraven bietet \u201eBadkomfort f\u00fcr Generationen\u201c<\/strong><\/a><\/h3>\n<h4 style=\"padding-left: 120px;\"><a href=\"https:\/\/www.walraven.com\/de\/ueber-walraven\/aktuelles\/pressemitteilungen\/pressemeldungen-fruehjahr-2019\/bis-vario-wc-design-30-nominiert-zum-zvshk-award-2019\" target=\"_blank\" rel=\"noopener noreferrer\"><strong>Walraven Vario\u00ae WC DeSign 30 nominiert zum ZVSHK-Award 2019<\/strong><\/a><\/h4>\n<p>&nbsp;<\/p>\n<hr \/>\n<hr \/>\n<h3><\/h3>\n<h3 style=\"padding-left: 90px;\"><a href=\"https:\/\/www.walraven.com\/de\/ueber-walraven\/aktuelles\/pressemitteilungen\/pressemeldungen-fruehjahr-2019\/sonderfalle-holzbalkendecken\" target=\"_blank\" rel=\"noopener noreferrer\"><strong>Sonderfall(e) Holzbalkendecken<\/strong><\/a><\/h3>\n<h4 style=\"padding-left: 120px;\"><a href=\"https:\/\/www.walraven.com\/de\/ueber-walraven\/aktuelles\/pressemitteilungen\/pressemeldungen-fruehjahr-2019\/sonderfalle-holzbalkendecken\" target=\"_blank\" rel=\"noopener noreferrer\">Spezialf\u00e4lle richtig abschotten<\/a><\/h4>\n<p>&nbsp;<\/p>\n<hr \/>\n<hr \/>\n<h3><\/h3>\n<h3 style=\"padding-left: 90px;\"><a href=\"https:\/\/www.walraven.com\/de\/ueber-walraven\/aktuelles\/pressemitteilungen\/pressemeldungen-fruehjahr-2019\/wcs1n-betonankerschraube\/\" target=\"_blank\" rel=\"noopener noreferrer\"><strong>Leistungsf\u00e4hig mit n\u00fctzlichen Vorteilen<\/strong><\/a><\/h3>\n<h4 style=\"padding-left: 120px;\"><a href=\"https:\/\/www.walraven.com\/de\/ueber-walraven\/aktuelles\/pressemitteilungen\/pressemeldungen-fruehjahr-2019\/wcs1n-betonankerschraube\/\" target=\"_blank\" rel=\"noopener noreferrer\"><strong>Walraven WCS1N Betonankerschrauben <\/strong><strong>von Walraven<\/strong><\/a><\/h4>\n<p>&nbsp;<\/p>\n<hr \/>\n<hr \/>\n<h3><\/h3>\n<h3 class=\"content__main-heading\" style=\"padding-left: 90px;\"><a href=\"https:\/\/www.walraven.com\/de\/ueber-walraven\/aktuelles\/pressemitteilungen\/pressemeldungen-fruehjahr-2019\/%20tga-erlebnisseminar-brandschutz-bau-und-braukurs\/\" target=\"_blank\" rel=\"noopener noreferrer\">TGA Erlebnisseminar \u201eBRANDSCHUTZ Bau- und Braukurs\u201c<\/a><\/h3>\n<h4 class=\"content__main-heading\" style=\"padding-left: 120px;\"><strong style=\"font-size: 16px;\"><a href=\"https:\/\/www.walraven.com\/de\/ueber-walraven\/aktuelles\/pressemitteilungen\/pressemeldungen-fruehjahr-2019\/%20tga-erlebnisseminar-brandschutz-bau-und-braukurs\/\" target=\"_blank\" rel=\"noopener noreferrer\">Das etwas andere Brandschutzseminar f\u00fcr Planer, Architekten, Inhaber von Handwerksbetrieben und SHK-Meister<\/a><\/strong><\/h4>\n<div class=\"content__section__content\" style=\"padding-left: 120px;\">\n<p>&nbsp;<\/p>\n<\/div>\n<hr \/>\n<hr \/>\n<h3><\/h3>\n<h3 class=\"content__main-heading\" style=\"padding-left: 90px;\"><a href=\"https:\/\/www.walraven.com\/de\/ueber-walraven\/aktuelles\/pressemitteilungen\/pressemeldungen-fruehjahr-2019\/walraven-goes-bim\" target=\"_blank\" rel=\"noopener noreferrer\">Mit BIM am Puls der Zeit<\/a><\/h3>\n<h4 class=\"content__main-heading\" style=\"padding-left: 120px;\"><strong style=\"font-size: 16px;\"><a href=\"https:\/\/www.walraven.com\/de\/ueber-walraven\/aktuelles\/pressemitteilungen\/pressemeldungen-fruehjahr-2019\/walraven-goes-bim\" target=\"_blank\" rel=\"noopener noreferrer\"><strong>Walraven stellt BIM-Produktdaten in unterschiedlichen Varianten zur Verf\u00fcgung<\/strong><\/a><\/strong><\/h4>\n<p>&nbsp;<\/p>\n<hr \/>\n<h3><\/h3>\n<h3><\/h3>\n<h3 class=\"content__main-heading\" style=\"padding-left: 90px;\"><em>Update Juni 2019 mit ge\u00e4nderten Produktbezeichnungen:<\/em><\/h3>\n<h3 style=\"padding-left: 80px;\"><a href=\"https:\/\/www.walraven.com\/de\/ueber-walraven\/aktuelles\/pressemitteilungen\/pressemeldungen-fruehjahr-2019\/kleine-aenderungen-mit-grosser-wirkung-update\/\" target=\"_blank\" rel=\"noopener noreferrer\">Kleine \u00c4nderungen mit gro\u00dfer Wirkung<\/a><\/h3>\n<h4 class=\"content__main-heading\" style=\"padding-left: 120px;\"><a href=\"https:\/\/www.walraven.com\/de\/ueber-walraven\/aktuelles\/pressemitteilungen\/pressemeldungen-fruehjahr-2019\/kleine-aenderungen-mit-grosser-wirkung-update\/\" target=\"_blank\" rel=\"noopener noreferrer\"><strong style=\"font-size: 16px;\"><strong>Runderneuerte Zweischraubenschellen Walraven Bifix G2 und Walraven KSB2<\/strong><\/strong><\/a><\/h4>\n<p>&nbsp;<\/p>\n<hr \/>\n<hr \/>\n<h3><\/h3>\n<h3 class=\"content__main-heading\" style=\"padding-left: 90px;\"><a href=\"https:\/\/www.walraven.com\/de\/ueber-walraven\/aktuelles\/pressemitteilungen\/pressemeldungen-fruehjahr-2019\/partner-fuer-installationstechnik\/\" target=\"_blank\" rel=\"noopener noreferrer\"><strong>Walraven &#8211; Der Partner f\u00fcr Installationstechnik<\/strong><\/a><\/h3>\n<p>&nbsp;<\/p>\n<hr \/>\n<hr \/>\n<p>&nbsp;<\/p>\n<p>&nbsp;<\/p>\n<hr \/>\n<hr \/>\n<h3><\/h3>\n<h3 class=\"content__main-heading\" style=\"padding-left: 90px;\"><a href=\"https:\/\/www.walraven.com\/de\/ueber-walraven\/aktuelles\/pressemitteilungen\/pressemeldungen-fruehjahr-2019\/neuer-walraven-gebietsverkaufsleiter-projektgeschaeft-baden-wuerttemberg-ost\" target=\"_blank\" rel=\"noopener noreferrer\"><strong>Neuer Walraven-Gebietsverkaufsleiter Projektgesch\u00e4ft Baden-W\u00fcrttemberg (Ost)<\/strong><\/a><\/h3>\n<h4 class=\"content__main-heading\" style=\"padding-left: 120px;\"><a href=\"https:\/\/www.walraven.com\/de\/ueber-walraven\/aktuelles\/pressemitteilungen\/pressemeldungen-fruehjahr-2019\/neuer-walraven-gebietsverkaufsleiter-projektgeschaeft-baden-wuerttemberg-ost\" target=\"_blank\" rel=\"noopener noreferrer\"><strong>Tobias Weber folgt dem in den Ruhestand gehenden Uwe Kirchherr<\/strong><\/a><\/h4>\n<p>&nbsp;<\/p>\n<hr \/>\n<hr \/>\n<h3><\/h3>\n<h3 class=\"content__main-heading\" style=\"padding-left: 90px;\"><a href=\"https:\/\/www.walraven.com\/de\/ueber-walraven\/aktuelles\/pressemitteilungen\/pressemeldungen-fruehjahr-2019\/zertifizierte-brandschutzkompetenz-bei-walraven\" target=\"_blank\" rel=\"noopener noreferrer\"><strong>Zertifizierte Brandschutzkompetenz bei Walraven<\/strong><\/a><\/h3>\n<h4 class=\"content__main-heading\" style=\"padding-left: 120px;\"><a href=\"https:\/\/www.walraven.com\/de\/ueber-walraven\/aktuelles\/pressemitteilungen\/pressemeldungen-fruehjahr-2019\/zertifizierte-brandschutzkompetenz-bei-walraven\" target=\"_blank\" rel=\"noopener noreferrer\"><strong>Neuer Fachplaner f\u00fcr vorbeugenden Brandschutz (EIPOS) <\/strong><strong>bei Walraven Bayreuth<\/strong><\/a><\/h4>\n","protected":false},"excerpt":{"rendered":"<p>&nbsp; Walraven bietet \u201eBadkomfort f\u00fcr Generationen\u201c Walraven Vario\u00ae WC DeSign 30 nominiert zum ZVSHK-Award 2019 &nbsp; Sonderfall(e) Holzbalkendecken Spezialf\u00e4lle richtig abschotten &nbsp; Leistungsf\u00e4hig mit n\u00fctzlichen Vorteilen Walraven WCS1N Betonankerschrauben von Walraven &nbsp; TGA Erlebnisseminar \u201eBRANDSCHUTZ Bau- und Braukurs\u201c Das etwas andere Brandschutzseminar f\u00fcr Planer, Architekten, Inhaber von Handwerksbetrieben und SHK-Meister &nbsp; Mit BIM am Puls [&hellip;]<\/p>\n","protected":false},"author":9,"featured_media":0,"parent":71855,"menu_order":0,"comment_status":"closed","ping_status":"closed","template":"","meta":{"_acf_changed":false,"footnotes":""},"class_list":["post-71852","page","type-page","status-publish","hentry"],"acf":[],"yoast_head":"<!-- This site is optimized with the Yoast SEO Premium plugin v27.3 (Yoast SEO v27.3) - https:\/\/yoast.com\/product\/yoast-seo-premium-wordpress\/ -->\n<title>Pressemeldungen Fr\u00fchjahr 2019 - Walraven Deutschland<\/title>\n<meta name=\"description\" content=\"Zur Messe ISH 2019 ver\u00f6ffentlicht Walraven sechs Pressemeldungen. Den Inhalt der Pressemappen finden Sie hier. Laden Sie die dazugeh\u00f6rigen Texte und Bilder herunter.\" \/>\n<meta name=\"robots\" content=\"index, follow, max-snippet:-1, max-image-preview:large, max-video-preview:-1\" \/>\n<link rel=\"canonical\" href=\"https:\/\/www.walraven.com\/de\/ueber-walraven\/aktuelles\/pressemitteilungen\/pressemeldungen-fruehjahr-2019\/\" \/>\n<meta property=\"og:locale\" content=\"de_DE\" \/>\n<meta property=\"og:type\" content=\"article\" \/>\n<meta property=\"og:title\" content=\"Pressemeldungen Fr\u00fchjahr 2019\" \/>\n<meta property=\"og:description\" content=\"Zur Messe ISH 2019 ver\u00f6ffentlicht Walraven sechs Pressemeldungen. Den Inhalt der Pressemappen finden Sie hier. Laden Sie die dazugeh\u00f6rigen Texte und Bilder herunter.\" \/>\n<meta property=\"og:url\" content=\"https:\/\/www.walraven.com\/de\/ueber-walraven\/aktuelles\/pressemitteilungen\/pressemeldungen-fruehjahr-2019\/\" \/>\n<meta property=\"og:site_name\" content=\"Walraven Deutschland\" \/>\n<meta property=\"article:publisher\" content=\"https:\/\/www.facebook.com\/Walraven.GmbH\" \/>\n<meta property=\"article:modified_time\" content=\"2026-01-19T14:49:18+00:00\" \/>\n<meta name=\"twitter:card\" content=\"summary_large_image\" \/>\n<meta name=\"twitter:site\" content=\"@BIS_Tech\" \/>\n<meta name=\"twitter:label1\" content=\"Gesch\u00e4tzte Lesezeit\" \/>\n\t<meta name=\"twitter:data1\" content=\"1\u00a0Minute\" \/>\n<script type=\"application\/ld+json\" class=\"yoast-schema-graph\">{\"@context\":\"https:\\\/\\\/schema.org\",\"@graph\":[{\"@type\":\"WebPage\",\"@id\":\"https:\\\/\\\/www.walraven.com\\\/de\\\/ueber-walraven\\\/aktuelles\\\/pressemitteilungen\\\/pressemeldungen-fruehjahr-2019\\\/\",\"url\":\"https:\\\/\\\/www.walraven.com\\\/de\\\/ueber-walraven\\\/aktuelles\\\/pressemitteilungen\\\/pressemeldungen-fruehjahr-2019\\\/\",\"name\":\"Pressemeldungen Fr\u00fchjahr 2019 - Walraven Deutschland\",\"isPartOf\":{\"@id\":\"https:\\\/\\\/www.walraven.com\\\/de\\\/#website\"},\"datePublished\":\"2019-02-20T08:01:12+00:00\",\"dateModified\":\"2026-01-19T14:49:18+00:00\",\"description\":\"Zur Messe ISH 2019 ver\u00f6ffentlicht Walraven sechs Pressemeldungen. Den Inhalt der Pressemappen finden Sie hier. Laden Sie die dazugeh\u00f6rigen Texte und Bilder herunter.\",\"breadcrumb\":{\"@id\":\"https:\\\/\\\/www.walraven.com\\\/de\\\/ueber-walraven\\\/aktuelles\\\/pressemitteilungen\\\/pressemeldungen-fruehjahr-2019\\\/#breadcrumb\"},\"inLanguage\":\"de\",\"potentialAction\":[{\"@type\":\"ReadAction\",\"target\":[\"https:\\\/\\\/www.walraven.com\\\/de\\\/ueber-walraven\\\/aktuelles\\\/pressemitteilungen\\\/pressemeldungen-fruehjahr-2019\\\/\"]}]},{\"@type\":\"BreadcrumbList\",\"@id\":\"https:\\\/\\\/www.walraven.com\\\/de\\\/ueber-walraven\\\/aktuelles\\\/pressemitteilungen\\\/pressemeldungen-fruehjahr-2019\\\/#breadcrumb\",\"itemListElement\":[{\"@type\":\"ListItem\",\"position\":1,\"name\":\"Startseite\",\"item\":\"https:\\\/\\\/www.walraven.com\\\/de\\\/\"},{\"@type\":\"ListItem\",\"position\":2,\"name\":\"Walraven Group\",\"item\":\"https:\\\/\\\/www.walraven.com\\\/de\\\/ueber-walraven\\\/\"},{\"@type\":\"ListItem\",\"position\":3,\"name\":\"News\",\"item\":\"https:\\\/\\\/www.walraven.com\\\/de\\\/ueber-walraven\\\/aktuelles\\\/\"},{\"@type\":\"ListItem\",\"position\":4,\"name\":\"Pressemitteilungen\",\"item\":\"https:\\\/\\\/www.walraven.com\\\/de\\\/ueber-walraven\\\/aktuelles\\\/pressemitteilungen\\\/\"},{\"@type\":\"ListItem\",\"position\":5,\"name\":\"Pressemeldungen Fr\u00fchjahr 2019\"}]},{\"@type\":\"WebSite\",\"@id\":\"https:\\\/\\\/www.walraven.com\\\/de\\\/#website\",\"url\":\"https:\\\/\\\/www.walraven.com\\\/de\\\/\",\"name\":\"Walraven Deutschland\",\"description\":\"\",\"publisher\":{\"@id\":\"https:\\\/\\\/www.walraven.com\\\/de\\\/#organization\"},\"potentialAction\":[{\"@type\":\"SearchAction\",\"target\":{\"@type\":\"EntryPoint\",\"urlTemplate\":\"https:\\\/\\\/www.walraven.com\\\/de\\\/?s={search_term_string}\"},\"query-input\":{\"@type\":\"PropertyValueSpecification\",\"valueRequired\":true,\"valueName\":\"search_term_string\"}}],\"inLanguage\":\"de\"},{\"@type\":\"Organization\",\"@id\":\"https:\\\/\\\/www.walraven.com\\\/de\\\/#organization\",\"name\":\"Walraven GmbH\",\"alternateName\":\"Walraven GmbH\",\"url\":\"https:\\\/\\\/www.walraven.com\\\/de\\\/\",\"logo\":{\"@type\":\"ImageObject\",\"inLanguage\":\"de\",\"@id\":\"https:\\\/\\\/www.walraven.com\\\/de\\\/#\\\/schema\\\/logo\\\/image\\\/\",\"url\":\"https:\\\/\\\/www.walraven.com\\\/de\\\/wp-content\\\/uploads\\\/sites\\\/4\\\/2023\\\/12\\\/Walraven_logo300x300.jpg\",\"contentUrl\":\"https:\\\/\\\/www.walraven.com\\\/de\\\/wp-content\\\/uploads\\\/sites\\\/4\\\/2023\\\/12\\\/Walraven_logo300x300.jpg\",\"width\":300,\"height\":300,\"caption\":\"Walraven GmbH\"},\"image\":{\"@id\":\"https:\\\/\\\/www.walraven.com\\\/de\\\/#\\\/schema\\\/logo\\\/image\\\/\"},\"sameAs\":[\"https:\\\/\\\/www.facebook.com\\\/Walraven.GmbH\",\"https:\\\/\\\/x.com\\\/BIS_Tech\",\"https:\\\/\\\/www.youtube.com\\\/WalravenDE\",\"https:\\\/\\\/www.linkedin.com\\\/company\\\/walraven-gmbh\",\"https:\\\/\\\/www.instagram.com\\\/walraven.gmbh\\\/\"]}]}<\/script>\n<!-- \/ Yoast SEO Premium plugin. -->","yoast_head_json":{"title":"Pressemeldungen Fr\u00fchjahr 2019 - Walraven Deutschland","description":"Zur Messe ISH 2019 ver\u00f6ffentlicht Walraven sechs Pressemeldungen. Den Inhalt der Pressemappen finden Sie hier. Laden Sie die dazugeh\u00f6rigen Texte und Bilder herunter.","robots":{"index":"index","follow":"follow","max-snippet":"max-snippet:-1","max-image-preview":"max-image-preview:large","max-video-preview":"max-video-preview:-1"},"canonical":"https:\/\/www.walraven.com\/de\/ueber-walraven\/aktuelles\/pressemitteilungen\/pressemeldungen-fruehjahr-2019\/","og_locale":"de_DE","og_type":"article","og_title":"Pressemeldungen Fr\u00fchjahr 2019","og_description":"Zur Messe ISH 2019 ver\u00f6ffentlicht Walraven sechs Pressemeldungen. Den Inhalt der Pressemappen finden Sie hier. Laden Sie die dazugeh\u00f6rigen Texte und Bilder herunter.","og_url":"https:\/\/www.walraven.com\/de\/ueber-walraven\/aktuelles\/pressemitteilungen\/pressemeldungen-fruehjahr-2019\/","og_site_name":"Walraven Deutschland","article_publisher":"https:\/\/www.facebook.com\/Walraven.GmbH","article_modified_time":"2026-01-19T14:49:18+00:00","twitter_card":"summary_large_image","twitter_site":"@BIS_Tech","twitter_misc":{"Gesch\u00e4tzte Lesezeit":"1\u00a0Minute"},"schema":{"@context":"https:\/\/schema.org","@graph":[{"@type":"WebPage","@id":"https:\/\/www.walraven.com\/de\/ueber-walraven\/aktuelles\/pressemitteilungen\/pressemeldungen-fruehjahr-2019\/","url":"https:\/\/www.walraven.com\/de\/ueber-walraven\/aktuelles\/pressemitteilungen\/pressemeldungen-fruehjahr-2019\/","name":"Pressemeldungen Fr\u00fchjahr 2019 - Walraven Deutschland","isPartOf":{"@id":"https:\/\/www.walraven.com\/de\/#website"},"datePublished":"2019-02-20T08:01:12+00:00","dateModified":"2026-01-19T14:49:18+00:00","description":"Zur Messe ISH 2019 ver\u00f6ffentlicht Walraven sechs Pressemeldungen. Den Inhalt der Pressemappen finden Sie hier. Laden Sie die dazugeh\u00f6rigen Texte und Bilder herunter.","breadcrumb":{"@id":"https:\/\/www.walraven.com\/de\/ueber-walraven\/aktuelles\/pressemitteilungen\/pressemeldungen-fruehjahr-2019\/#breadcrumb"},"inLanguage":"de","potentialAction":[{"@type":"ReadAction","target":["https:\/\/www.walraven.com\/de\/ueber-walraven\/aktuelles\/pressemitteilungen\/pressemeldungen-fruehjahr-2019\/"]}]},{"@type":"BreadcrumbList","@id":"https:\/\/www.walraven.com\/de\/ueber-walraven\/aktuelles\/pressemitteilungen\/pressemeldungen-fruehjahr-2019\/#breadcrumb","itemListElement":[{"@type":"ListItem","position":1,"name":"Startseite","item":"https:\/\/www.walraven.com\/de\/"},{"@type":"ListItem","position":2,"name":"Walraven Group","item":"https:\/\/www.walraven.com\/de\/ueber-walraven\/"},{"@type":"ListItem","position":3,"name":"News","item":"https:\/\/www.walraven.com\/de\/ueber-walraven\/aktuelles\/"},{"@type":"ListItem","position":4,"name":"Pressemitteilungen","item":"https:\/\/www.walraven.com\/de\/ueber-walraven\/aktuelles\/pressemitteilungen\/"},{"@type":"ListItem","position":5,"name":"Pressemeldungen Fr\u00fchjahr 2019"}]},{"@type":"WebSite","@id":"https:\/\/www.walraven.com\/de\/#website","url":"https:\/\/www.walraven.com\/de\/","name":"Walraven Deutschland","description":"","publisher":{"@id":"https:\/\/www.walraven.com\/de\/#organization"},"potentialAction":[{"@type":"SearchAction","target":{"@type":"EntryPoint","urlTemplate":"https:\/\/www.walraven.com\/de\/?s={search_term_string}"},"query-input":{"@type":"PropertyValueSpecification","valueRequired":true,"valueName":"search_term_string"}}],"inLanguage":"de"},{"@type":"Organization","@id":"https:\/\/www.walraven.com\/de\/#organization","name":"Walraven GmbH","alternateName":"Walraven GmbH","url":"https:\/\/www.walraven.com\/de\/","logo":{"@type":"ImageObject","inLanguage":"de","@id":"https:\/\/www.walraven.com\/de\/#\/schema\/logo\/image\/","url":"https:\/\/www.walraven.com\/de\/wp-content\/uploads\/sites\/4\/2023\/12\/Walraven_logo300x300.jpg","contentUrl":"https:\/\/www.walraven.com\/de\/wp-content\/uploads\/sites\/4\/2023\/12\/Walraven_logo300x300.jpg","width":300,"height":300,"caption":"Walraven GmbH"},"image":{"@id":"https:\/\/www.walraven.com\/de\/#\/schema\/logo\/image\/"},"sameAs":["https:\/\/www.facebook.com\/Walraven.GmbH","https:\/\/x.com\/BIS_Tech","https:\/\/www.youtube.com\/WalravenDE","https:\/\/www.linkedin.com\/company\/walraven-gmbh","https:\/\/www.instagram.com\/walraven.gmbh\/"]}]}},"_links":{"self":[{"href":"https:\/\/www.walraven.com\/de\/wp-json\/wp\/v2\/pages\/71852","targetHints":{"allow":["GET"]}}],"collection":[{"href":"https:\/\/www.walraven.com\/de\/wp-json\/wp\/v2\/pages"}],"about":[{"href":"https:\/\/www.walraven.com\/de\/wp-json\/wp\/v2\/types\/page"}],"author":[{"embeddable":true,"href":"https:\/\/www.walraven.com\/de\/wp-json\/wp\/v2\/users\/9"}],"replies":[{"embeddable":true,"href":"https:\/\/www.walraven.com\/de\/wp-json\/wp\/v2\/comments?post=71852"}],"version-history":[{"count":5,"href":"https:\/\/www.walraven.com\/de\/wp-json\/wp\/v2\/pages\/71852\/revisions"}],"predecessor-version":[{"id":235106,"href":"https:\/\/www.walraven.com\/de\/wp-json\/wp\/v2\/pages\/71852\/revisions\/235106"}],"up":[{"embeddable":true,"href":"https:\/\/www.walraven.com\/de\/wp-json\/wp\/v2\/pages\/71855"}],"wp:attachment":[{"href":"https:\/\/www.walraven.com\/de\/wp-json\/wp\/v2\/media?parent=71852"}],"curies":[{"name":"wp","href":"https:\/\/api.w.org\/{rel}","templated":true}]}}