{"id":71855,"date":"2019-02-19T15:28:12","date_gmt":"2019-02-19T14:28:12","guid":{"rendered":"https:\/\/www.walraven.com\/de\/?page_id=71855"},"modified":"2023-03-09T12:04:29","modified_gmt":"2023-03-09T11:04:29","slug":"pressemitteilungen","status":"publish","type":"page","link":"https:\/\/www.walraven.com\/de\/ueber-walraven\/aktuelles\/pressemitteilungen\/","title":{"rendered":"Pressemitteilungen"},"content":{"rendered":"<hr \/>\n<h3><a href=\"https:\/\/www.walraven.com\/de\/ueber-walraven\/aktuelles\/pressemitteilungen\/pressemeldungen-ish-frankfurt-2023\/\" target=\"_blank\" rel=\"noopener\"><strong>Pressemeldungen im Fr\u00fchjahr 2023 (zur ISH Frankfurt 2023)<\/strong><\/a><\/h3>\n<hr \/>\n<hr \/>\n<h3><a href=\"https:\/\/www.walraven.com\/de\/ueber-walraven\/aktuelles\/pressemitteilungen\/pressemeldungen-shk-essen-2022\/\" target=\"_blank\" rel=\"noopener\"><strong>Pressemeldungen im Herbst 2022 (zur SHK Essen 2022)<\/strong><\/a><\/h3>\n<hr \/>\n<h3><a href=\"https:\/\/www.walraven.com\/de\/ueber-walraven\/aktuelles\/pressemitteilungen\/pressemeldungen-fruehjahr-2022-ifh-nuernberg-2022\/\" target=\"_blank\" rel=\"noopener\"><strong>Pressemeldungen im Fr\u00fchjahr 2022 (zur ifh N\u00fcrnberg 2022)<\/strong><\/a><\/h3>\n<hr \/>\n<h3 class=\"content__main-heading\"><a href=\"https:\/\/www.walraven.com\/de\/ueber-walraven\/aktuelles\/pressemitteilungen\/pressemitteilungen-fruehjahr-2020\/\" target=\"_blank\" rel=\"noopener noreferrer\"><strong>Pressemeldungen im Fr\u00fchjahr 2020<\/strong><\/a><\/h3>\n<hr \/>\n<h3 class=\"content__main-heading\"><strong><a href=\"https:\/\/www.walraven.com\/de\/ueber-walraven\/aktuelles\/pressemitteilungen\/pressemeldungen-fruehjahr-2019\/\" target=\"_blank\" rel=\"noopener noreferrer\">Pressemeldungen im Fr\u00fchjahr 2019<\/a><\/strong><\/h3>\n<hr \/>\n<h3><strong><a href=\"https:\/\/www.walraven.com\/de\/ueber-walraven\/aktuelles\/pressemitteilungen\/pressemeldungen-2018\/\" target=\"_blank\" rel=\"noopener noreferrer\">Pressemeldungen im Fr\u00fchjahr 2018<\/a><\/strong><\/h3>\n<hr \/>\n<p>&nbsp;<\/p>\n","protected":false},"excerpt":{"rendered":"<p>Pressemeldungen im Fr\u00fchjahr 2023 (zur ISH Frankfurt 2023) Pressemeldungen im Herbst 2022 (zur SHK Essen 2022) Pressemeldungen im Fr\u00fchjahr 2022 (zur ifh N\u00fcrnberg 2022) Pressemeldungen im Fr\u00fchjahr 2020 Pressemeldungen im Fr\u00fchjahr 2019 Pressemeldungen im Fr\u00fchjahr 2018 &nbsp;<\/p>\n","protected":false},"author":9,"featured_media":0,"parent":1134,"menu_order":0,"comment_status":"closed","ping_status":"closed","template":"","meta":{"_acf_changed":false,"footnotes":""},"class_list":["post-71855","page","type-page","status-publish","hentry"],"acf":[],"yoast_head":"<!-- This site is optimized with the Yoast SEO Premium plugin v27.3 (Yoast SEO v27.3) - https:\/\/yoast.com\/product\/yoast-seo-premium-wordpress\/ -->\n<title>Pressemitteilungen - Walraven Deutschland<\/title>\n<meta name=\"description\" content=\"Neus von Walraven in den News auf der Webseite und in den Pressemitteilungen. Die Pressemeldungen mit Downloadm\u00f6glichkeiten.\" \/>\n<meta name=\"robots\" content=\"index, follow, max-snippet:-1, max-image-preview:large, max-video-preview:-1\" \/>\n<link rel=\"canonical\" href=\"https:\/\/www.walraven.com\/de\/ueber-walraven\/aktuelles\/pressemitteilungen\/\" \/>\n<meta property=\"og:locale\" content=\"de_DE\" \/>\n<meta property=\"og:type\" content=\"article\" \/>\n<meta property=\"og:title\" content=\"Pressemitteilungen\" \/>\n<meta property=\"og:description\" content=\"Neus von Walraven in den News auf der Webseite und in den Pressemitteilungen. Die Pressemeldungen mit Downloadm\u00f6glichkeiten.\" \/>\n<meta property=\"og:url\" content=\"https:\/\/www.walraven.com\/de\/ueber-walraven\/aktuelles\/pressemitteilungen\/\" \/>\n<meta property=\"og:site_name\" content=\"Walraven Deutschland\" \/>\n<meta property=\"article:publisher\" content=\"https:\/\/www.facebook.com\/Walraven.GmbH\" \/>\n<meta property=\"article:modified_time\" content=\"2023-03-09T11:04:29+00:00\" \/>\n<meta name=\"twitter:card\" content=\"summary_large_image\" \/>\n<meta name=\"twitter:site\" content=\"@BIS_Tech\" \/>\n<meta name=\"twitter:label1\" content=\"Gesch\u00e4tzte Lesezeit\" \/>\n\t<meta name=\"twitter:data1\" content=\"1\u00a0Minute\" \/>\n<script type=\"application\/ld+json\" class=\"yoast-schema-graph\">{\"@context\":\"https:\\\/\\\/schema.org\",\"@graph\":[{\"@type\":\"WebPage\",\"@id\":\"https:\\\/\\\/www.walraven.com\\\/de\\\/ueber-walraven\\\/aktuelles\\\/pressemitteilungen\\\/\",\"url\":\"https:\\\/\\\/www.walraven.com\\\/de\\\/ueber-walraven\\\/aktuelles\\\/pressemitteilungen\\\/\",\"name\":\"Pressemitteilungen - Walraven Deutschland\",\"isPartOf\":{\"@id\":\"https:\\\/\\\/www.walraven.com\\\/de\\\/#website\"},\"datePublished\":\"2019-02-19T14:28:12+00:00\",\"dateModified\":\"2023-03-09T11:04:29+00:00\",\"description\":\"Neus von Walraven in den News auf der Webseite und in den Pressemitteilungen. Die Pressemeldungen mit Downloadm\u00f6glichkeiten.\",\"breadcrumb\":{\"@id\":\"https:\\\/\\\/www.walraven.com\\\/de\\\/ueber-walraven\\\/aktuelles\\\/pressemitteilungen\\\/#breadcrumb\"},\"inLanguage\":\"de\",\"potentialAction\":[{\"@type\":\"ReadAction\",\"target\":[\"https:\\\/\\\/www.walraven.com\\\/de\\\/ueber-walraven\\\/aktuelles\\\/pressemitteilungen\\\/\"]}]},{\"@type\":\"BreadcrumbList\",\"@id\":\"https:\\\/\\\/www.walraven.com\\\/de\\\/ueber-walraven\\\/aktuelles\\\/pressemitteilungen\\\/#breadcrumb\",\"itemListElement\":[{\"@type\":\"ListItem\",\"position\":1,\"name\":\"Startseite\",\"item\":\"https:\\\/\\\/www.walraven.com\\\/de\\\/\"},{\"@type\":\"ListItem\",\"position\":2,\"name\":\"Walraven Group\",\"item\":\"https:\\\/\\\/www.walraven.com\\\/de\\\/ueber-walraven\\\/\"},{\"@type\":\"ListItem\",\"position\":3,\"name\":\"News\",\"item\":\"https:\\\/\\\/www.walraven.com\\\/de\\\/ueber-walraven\\\/aktuelles\\\/\"},{\"@type\":\"ListItem\",\"position\":4,\"name\":\"Pressemitteilungen\"}]},{\"@type\":\"WebSite\",\"@id\":\"https:\\\/\\\/www.walraven.com\\\/de\\\/#website\",\"url\":\"https:\\\/\\\/www.walraven.com\\\/de\\\/\",\"name\":\"Walraven Deutschland\",\"description\":\"\",\"publisher\":{\"@id\":\"https:\\\/\\\/www.walraven.com\\\/de\\\/#organization\"},\"potentialAction\":[{\"@type\":\"SearchAction\",\"target\":{\"@type\":\"EntryPoint\",\"urlTemplate\":\"https:\\\/\\\/www.walraven.com\\\/de\\\/?s={search_term_string}\"},\"query-input\":{\"@type\":\"PropertyValueSpecification\",\"valueRequired\":true,\"valueName\":\"search_term_string\"}}],\"inLanguage\":\"de\"},{\"@type\":\"Organization\",\"@id\":\"https:\\\/\\\/www.walraven.com\\\/de\\\/#organization\",\"name\":\"Walraven GmbH\",\"alternateName\":\"Walraven GmbH\",\"url\":\"https:\\\/\\\/www.walraven.com\\\/de\\\/\",\"logo\":{\"@type\":\"ImageObject\",\"inLanguage\":\"de\",\"@id\":\"https:\\\/\\\/www.walraven.com\\\/de\\\/#\\\/schema\\\/logo\\\/image\\\/\",\"url\":\"https:\\\/\\\/www.walraven.com\\\/de\\\/wp-content\\\/uploads\\\/sites\\\/4\\\/2023\\\/12\\\/Walraven_logo300x300.jpg\",\"contentUrl\":\"https:\\\/\\\/www.walraven.com\\\/de\\\/wp-content\\\/uploads\\\/sites\\\/4\\\/2023\\\/12\\\/Walraven_logo300x300.jpg\",\"width\":300,\"height\":300,\"caption\":\"Walraven GmbH\"},\"image\":{\"@id\":\"https:\\\/\\\/www.walraven.com\\\/de\\\/#\\\/schema\\\/logo\\\/image\\\/\"},\"sameAs\":[\"https:\\\/\\\/www.facebook.com\\\/Walraven.GmbH\",\"https:\\\/\\\/x.com\\\/BIS_Tech\",\"https:\\\/\\\/www.youtube.com\\\/WalravenDE\",\"https:\\\/\\\/www.linkedin.com\\\/company\\\/walraven-gmbh\",\"https:\\\/\\\/www.instagram.com\\\/walraven.gmbh\\\/\"]}]}<\/script>\n<!-- \/ Yoast SEO Premium plugin. -->","yoast_head_json":{"title":"Pressemitteilungen - Walraven Deutschland","description":"Neus von Walraven in den News auf der Webseite und in den Pressemitteilungen. Die Pressemeldungen mit Downloadm\u00f6glichkeiten.","robots":{"index":"index","follow":"follow","max-snippet":"max-snippet:-1","max-image-preview":"max-image-preview:large","max-video-preview":"max-video-preview:-1"},"canonical":"https:\/\/www.walraven.com\/de\/ueber-walraven\/aktuelles\/pressemitteilungen\/","og_locale":"de_DE","og_type":"article","og_title":"Pressemitteilungen","og_description":"Neus von Walraven in den News auf der Webseite und in den Pressemitteilungen. Die Pressemeldungen mit Downloadm\u00f6glichkeiten.","og_url":"https:\/\/www.walraven.com\/de\/ueber-walraven\/aktuelles\/pressemitteilungen\/","og_site_name":"Walraven Deutschland","article_publisher":"https:\/\/www.facebook.com\/Walraven.GmbH","article_modified_time":"2023-03-09T11:04:29+00:00","twitter_card":"summary_large_image","twitter_site":"@BIS_Tech","twitter_misc":{"Gesch\u00e4tzte Lesezeit":"1\u00a0Minute"},"schema":{"@context":"https:\/\/schema.org","@graph":[{"@type":"WebPage","@id":"https:\/\/www.walraven.com\/de\/ueber-walraven\/aktuelles\/pressemitteilungen\/","url":"https:\/\/www.walraven.com\/de\/ueber-walraven\/aktuelles\/pressemitteilungen\/","name":"Pressemitteilungen - Walraven Deutschland","isPartOf":{"@id":"https:\/\/www.walraven.com\/de\/#website"},"datePublished":"2019-02-19T14:28:12+00:00","dateModified":"2023-03-09T11:04:29+00:00","description":"Neus von Walraven in den News auf der Webseite und in den Pressemitteilungen. Die Pressemeldungen mit Downloadm\u00f6glichkeiten.","breadcrumb":{"@id":"https:\/\/www.walraven.com\/de\/ueber-walraven\/aktuelles\/pressemitteilungen\/#breadcrumb"},"inLanguage":"de","potentialAction":[{"@type":"ReadAction","target":["https:\/\/www.walraven.com\/de\/ueber-walraven\/aktuelles\/pressemitteilungen\/"]}]},{"@type":"BreadcrumbList","@id":"https:\/\/www.walraven.com\/de\/ueber-walraven\/aktuelles\/pressemitteilungen\/#breadcrumb","itemListElement":[{"@type":"ListItem","position":1,"name":"Startseite","item":"https:\/\/www.walraven.com\/de\/"},{"@type":"ListItem","position":2,"name":"Walraven Group","item":"https:\/\/www.walraven.com\/de\/ueber-walraven\/"},{"@type":"ListItem","position":3,"name":"News","item":"https:\/\/www.walraven.com\/de\/ueber-walraven\/aktuelles\/"},{"@type":"ListItem","position":4,"name":"Pressemitteilungen"}]},{"@type":"WebSite","@id":"https:\/\/www.walraven.com\/de\/#website","url":"https:\/\/www.walraven.com\/de\/","name":"Walraven Deutschland","description":"","publisher":{"@id":"https:\/\/www.walraven.com\/de\/#organization"},"potentialAction":[{"@type":"SearchAction","target":{"@type":"EntryPoint","urlTemplate":"https:\/\/www.walraven.com\/de\/?s={search_term_string}"},"query-input":{"@type":"PropertyValueSpecification","valueRequired":true,"valueName":"search_term_string"}}],"inLanguage":"de"},{"@type":"Organization","@id":"https:\/\/www.walraven.com\/de\/#organization","name":"Walraven GmbH","alternateName":"Walraven GmbH","url":"https:\/\/www.walraven.com\/de\/","logo":{"@type":"ImageObject","inLanguage":"de","@id":"https:\/\/www.walraven.com\/de\/#\/schema\/logo\/image\/","url":"https:\/\/www.walraven.com\/de\/wp-content\/uploads\/sites\/4\/2023\/12\/Walraven_logo300x300.jpg","contentUrl":"https:\/\/www.walraven.com\/de\/wp-content\/uploads\/sites\/4\/2023\/12\/Walraven_logo300x300.jpg","width":300,"height":300,"caption":"Walraven GmbH"},"image":{"@id":"https:\/\/www.walraven.com\/de\/#\/schema\/logo\/image\/"},"sameAs":["https:\/\/www.facebook.com\/Walraven.GmbH","https:\/\/x.com\/BIS_Tech","https:\/\/www.youtube.com\/WalravenDE","https:\/\/www.linkedin.com\/company\/walraven-gmbh","https:\/\/www.instagram.com\/walraven.gmbh\/"]}]}},"_links":{"self":[{"href":"https:\/\/www.walraven.com\/de\/wp-json\/wp\/v2\/pages\/71855","targetHints":{"allow":["GET"]}}],"collection":[{"href":"https:\/\/www.walraven.com\/de\/wp-json\/wp\/v2\/pages"}],"about":[{"href":"https:\/\/www.walraven.com\/de\/wp-json\/wp\/v2\/types\/page"}],"author":[{"embeddable":true,"href":"https:\/\/www.walraven.com\/de\/wp-json\/wp\/v2\/users\/9"}],"replies":[{"embeddable":true,"href":"https:\/\/www.walraven.com\/de\/wp-json\/wp\/v2\/comments?post=71855"}],"version-history":[{"count":7,"href":"https:\/\/www.walraven.com\/de\/wp-json\/wp\/v2\/pages\/71855\/revisions"}],"predecessor-version":[{"id":82870,"href":"https:\/\/www.walraven.com\/de\/wp-json\/wp\/v2\/pages\/71855\/revisions\/82870"}],"up":[{"embeddable":true,"href":"https:\/\/www.walraven.com\/de\/wp-json\/wp\/v2\/pages\/1134"}],"wp:attachment":[{"href":"https:\/\/www.walraven.com\/de\/wp-json\/wp\/v2\/media?parent=71855"}],"curies":[{"name":"wp","href":"https:\/\/api.w.org\/{rel}","templated":true}]}}