{"id":71937,"date":"2019-02-21T11:39:47","date_gmt":"2019-02-21T10:39:47","guid":{"rendered":"https:\/\/www.walraven.com\/de\/?page_id=71937"},"modified":"2026-01-19T15:58:44","modified_gmt":"2026-01-19T14:58:44","slug":"wcs1n-betonankerschraube","status":"publish","type":"page","link":"https:\/\/www.walraven.com\/de\/ueber-walraven\/aktuelles\/pressemitteilungen\/pressemeldungen-fruehjahr-2019\/wcs1n-betonankerschraube\/","title":{"rendered":"Leistungsf\u00e4hig mit n\u00fctzlichen Vorteilen"},"content":{"rendered":"<p><strong>Walraven WCS1N Betonankerschrauben <\/strong><strong>von Walraven<\/strong><\/p>\n<p>Technisch harmonisiert und aus einer Hand pr\u00e4sentiert sich das nun <a href=\"https:\/\/www.walraven.com\/de\/schwerlastanker\/\">komplette Walraven-Produkt- und Leistungsspektrum rund um mechanische und chemische Schwerlastanker<\/a>. Sortiment und technische Unterst\u00fctzung von Walraven lassen sich perfekt mit den Anforderungen jedes Projekts abstimmen. Ganz nach dem Motto: \u201eWalraven Schwerlastanker &#8211; St\u00e4rker im Verbund\u201c.<\/p>\n<p>Starker Bestandteil des Sortiments sind <a href=\"https:\/\/www.walraven.com\/de\/produkte\/walraven-w-lx-n-betonankerschraube-ev\/\">Walraven WCS1N Betonankerschrauben<\/a> mit Kombi-Gewindemuffe M8\/M10. Schnell und einfach montiert, mit hoher Lastaufnahmef\u00e4higkeit in gerissenem, ungerissenem Beton und auch zugelassen in Spannbeton-Hohldeckenplatten, sind sie auch in anderen Untergr\u00fcnden verwendbar.<\/p>\n<p>Geeignet zur Vor- und Durchsteckmontage erm\u00f6glichen die Walraven WCS1N Betonankerschrauben auch komfortable \u00dcberkopfmontagen, punkten mit geringen Achs- und Randabst\u00e4nden und den Zulassungen als Mehrfachbefestigung von nichttragenden Systemen und zur Verwendung unter Brandbeanspruchung.<\/p>\n<p>Erh\u00e4ltlich f\u00fcr zwei Verankerungstiefen erweisen sich die WCS1N Betonankerschrauben als leistungsf\u00e4hig, vielseitig einsetzbar und schnell montierbar.<\/p>\n<p>&nbsp;<\/p>\n<p><strong>Downloads, Fotos und Bildtexte:<\/strong><\/p>\n<p style=\"padding-left: 30px;\">Word-Dokument:\u00a0<a href=\"https:\/\/www.walraven.com\/wp-content\/uploads\/sites\/4\/2019\/02\/Schwerlastanker-WCS1N-Betonankerschraube.docx\" target=\"_blank\" rel=\"noopener\">Schwerlastanker-Walraven WCS1N-Betonankerschraube.docx<\/a><\/p>\n<p style=\"padding-left: 30px;\">Fotos:<\/p>\n<p style=\"padding-left: 90px;\"><a href=\"https:\/\/www.walraven.com\/wp-content\/uploads\/sites\/4\/2019\/02\/WCS1N-Betonankerschraube-RGB.jpg\" target=\"_blank\" rel=\"noopener\">Walraven WCS1N-Betonankerschraube<\/a><a href=\"https:\/\/www.walraven.com\/wp-content\/uploads\/sites\/4\/2019\/02\/WCS1N-Betonankerschraube-RGB.jpg\" target=\"_blank\" rel=\"noopener\"><img loading=\"lazy\" decoding=\"async\" class=\"wp-image-71881 alignright\" src=\"https:\/\/www.walraven.com\/wp-content\/uploads\/sites\/4\/2019\/02\/WCS1N-Betonankerschraube-RGB-300x229.jpg\" alt=\"\" width=\"211\" height=\"161\" srcset=\"https:\/\/www.walraven.com\/de\/wp-content\/uploads\/sites\/4\/2019\/02\/WCS1N-Betonankerschraube-RGB-300x229.jpg 300w, https:\/\/www.walraven.com\/de\/wp-content\/uploads\/sites\/4\/2019\/02\/WCS1N-Betonankerschraube-RGB-768x586.jpg 768w, https:\/\/www.walraven.com\/de\/wp-content\/uploads\/sites\/4\/2019\/02\/WCS1N-Betonankerschraube-RGB-1024x782.jpg 1024w, https:\/\/www.walraven.com\/de\/wp-content\/uploads\/sites\/4\/2019\/02\/WCS1N-Betonankerschraube-RGB-399x305.jpg 399w, https:\/\/www.walraven.com\/de\/wp-content\/uploads\/sites\/4\/2019\/02\/WCS1N-Betonankerschraube-RGB-499x381.jpg 499w, https:\/\/www.walraven.com\/de\/wp-content\/uploads\/sites\/4\/2019\/02\/WCS1N-Betonankerschraube-RGB-1290x985.jpg 1290w, https:\/\/www.walraven.com\/de\/wp-content\/uploads\/sites\/4\/2019\/02\/WCS1N-Betonankerschraube-RGB.jpg 1866w\" sizes=\"auto, (max-width: 211px) 100vw, 211px\" \/><\/a><\/p>\n<p style=\"padding-left: 90px;\">Walraven WCS1N-Betonankerschrauben f\u00fcr flexible Installationsm\u00f6glichkeiten.<\/p>\n<p>&nbsp;<\/p>\n<p>&nbsp;<\/p>\n<p>&nbsp;<\/p>\n<p style=\"padding-left: 90px;\"><a href=\"https:\/\/www.walraven.com\/wp-content\/uploads\/sites\/4\/2019\/02\/WCS1N-Betonankerschraube-mit-Walraven-Banner-quadratisch-RGB.jpg\" target=\"_blank\" rel=\"noopener\">Walraven WCS1N Betonankerschraube mit Walraven-Banner quadratisch<\/a>\u00a0 \u00a0 \u00a0 \u00a0 \u00a0 \u00a0 \u00a0 \u00a0 \u00a0 \u00a0 \u00a0 \u00a0 \u00a0 \u00a0 \u00a0 \u00a0 \u00a0 \u00a0 \u00a0<a href=\"https:\/\/www.walraven.com\/wp-content\/uploads\/sites\/4\/2019\/02\/WCS1N-Betonankerschrauben-RGB.jpg\" target=\"_blank\" rel=\"noopener\">Walraven WCS1N Betonankerschrauben<\/a><\/p>\n<p style=\"padding-left: 90px;\">Leistungsf\u00e4hig mit vielen Vorteilen erweisen sich Walraven WCS1N Betonankerschrauben.<\/p>\n<p style=\"padding-left: 120px;\"><a href=\"https:\/\/www.walraven.com\/wp-content\/uploads\/sites\/4\/2019\/02\/WCS1N-Betonankerschraube-mit-Walraven-Banner-quadratisch-RGB.jpg\" target=\"_blank\" rel=\"noopener\"><img loading=\"lazy\" decoding=\"async\" class=\"alignnone wp-image-71878 \" src=\"https:\/\/www.walraven.com\/wp-content\/uploads\/sites\/4\/2019\/02\/WCS1N-Betonankerschraube-mit-Walraven-Banner-quadratisch-RGB-300x300.jpg\" alt=\"\" width=\"160\" height=\"160\" srcset=\"https:\/\/www.walraven.com\/de\/wp-content\/uploads\/sites\/4\/2019\/02\/WCS1N-Betonankerschraube-mit-Walraven-Banner-quadratisch-RGB-300x300.jpg 300w, https:\/\/www.walraven.com\/de\/wp-content\/uploads\/sites\/4\/2019\/02\/WCS1N-Betonankerschraube-mit-Walraven-Banner-quadratisch-RGB-150x150.jpg 150w, https:\/\/www.walraven.com\/de\/wp-content\/uploads\/sites\/4\/2019\/02\/WCS1N-Betonankerschraube-mit-Walraven-Banner-quadratisch-RGB-768x768.jpg 768w, https:\/\/www.walraven.com\/de\/wp-content\/uploads\/sites\/4\/2019\/02\/WCS1N-Betonankerschraube-mit-Walraven-Banner-quadratisch-RGB-1024x1024.jpg 1024w, https:\/\/www.walraven.com\/de\/wp-content\/uploads\/sites\/4\/2019\/02\/WCS1N-Betonankerschraube-mit-Walraven-Banner-quadratisch-RGB-60x60.jpg 60w, https:\/\/www.walraven.com\/de\/wp-content\/uploads\/sites\/4\/2019\/02\/WCS1N-Betonankerschraube-mit-Walraven-Banner-quadratisch-RGB-400x400.jpg 400w, https:\/\/www.walraven.com\/de\/wp-content\/uploads\/sites\/4\/2019\/02\/WCS1N-Betonankerschraube-mit-Walraven-Banner-quadratisch-RGB-305x305.jpg 305w, https:\/\/www.walraven.com\/de\/wp-content\/uploads\/sites\/4\/2019\/02\/WCS1N-Betonankerschraube-mit-Walraven-Banner-quadratisch-RGB-381x381.jpg 381w, https:\/\/www.walraven.com\/de\/wp-content\/uploads\/sites\/4\/2019\/02\/WCS1N-Betonankerschraube-mit-Walraven-Banner-quadratisch-RGB-1290x1290.jpg 1290w\" sizes=\"auto, (max-width: 160px) 100vw, 160px\" \/><\/a><a href=\"https:\/\/www.walraven.com\/wp-content\/uploads\/sites\/4\/2019\/02\/WCS1N-Betonankerschrauben-RGB.jpg\" target=\"_blank\" rel=\"noopener\"><img loading=\"lazy\" decoding=\"async\" class=\"wp-image-71880 alignright\" src=\"https:\/\/www.walraven.com\/wp-content\/uploads\/sites\/4\/2019\/02\/WCS1N-Betonankerschrauben-RGB-300x239.jpg\" alt=\"\" width=\"195\" height=\"155\" srcset=\"https:\/\/www.walraven.com\/de\/wp-content\/uploads\/sites\/4\/2019\/02\/WCS1N-Betonankerschrauben-RGB-300x239.jpg 300w, https:\/\/www.walraven.com\/de\/wp-content\/uploads\/sites\/4\/2019\/02\/WCS1N-Betonankerschrauben-RGB-768x612.jpg 768w, https:\/\/www.walraven.com\/de\/wp-content\/uploads\/sites\/4\/2019\/02\/WCS1N-Betonankerschrauben-RGB-1024x816.jpg 1024w, https:\/\/www.walraven.com\/de\/wp-content\/uploads\/sites\/4\/2019\/02\/WCS1N-Betonankerschrauben-RGB-383x305.jpg 383w, https:\/\/www.walraven.com\/de\/wp-content\/uploads\/sites\/4\/2019\/02\/WCS1N-Betonankerschrauben-RGB-478x381.jpg 478w, https:\/\/www.walraven.com\/de\/wp-content\/uploads\/sites\/4\/2019\/02\/WCS1N-Betonankerschrauben-RGB-1290x1028.jpg 1290w\" sizes=\"auto, (max-width: 195px) 100vw, 195px\" \/><\/a><\/p>\n<p>&nbsp;<\/p>\n<p style=\"padding-left: 90px;\"><a href=\"https:\/\/www.walraven.com\/wp-content\/uploads\/sites\/4\/2019\/02\/WCS1N-Betonankerschraube-Video-RGB.jpg\" target=\"_blank\" rel=\"noopener\">Walraven WCS1N Betonankerschraube-Video<\/a><a href=\"https:\/\/www.walraven.com\/wp-content\/uploads\/sites\/4\/2019\/02\/WCS1N-Betonankerschraube-Video-RGB.jpg\" target=\"_blank\" rel=\"noopener\"><img loading=\"lazy\" decoding=\"async\" class=\"wp-image-71879 size-medium alignright\" src=\"https:\/\/www.walraven.com\/wp-content\/uploads\/sites\/4\/2019\/02\/WCS1N-Betonankerschraube-Video-RGB-300x168.jpg\" alt=\"\" width=\"300\" height=\"168\" srcset=\"https:\/\/www.walraven.com\/de\/wp-content\/uploads\/sites\/4\/2019\/02\/WCS1N-Betonankerschraube-Video-RGB-300x168.jpg 300w, https:\/\/www.walraven.com\/de\/wp-content\/uploads\/sites\/4\/2019\/02\/WCS1N-Betonankerschraube-Video-RGB-768x429.jpg 768w, https:\/\/www.walraven.com\/de\/wp-content\/uploads\/sites\/4\/2019\/02\/WCS1N-Betonankerschraube-Video-RGB-1024x572.jpg 1024w, https:\/\/www.walraven.com\/de\/wp-content\/uploads\/sites\/4\/2019\/02\/WCS1N-Betonankerschraube-Video-RGB-480x268.jpg 480w, https:\/\/www.walraven.com\/de\/wp-content\/uploads\/sites\/4\/2019\/02\/WCS1N-Betonankerschraube-Video-RGB-600x335.jpg 600w, https:\/\/www.walraven.com\/de\/wp-content\/uploads\/sites\/4\/2019\/02\/WCS1N-Betonankerschraube-Video-RGB.jpg 1181w\" sizes=\"auto, (max-width: 300px) 100vw, 300px\" \/><\/a><\/p>\n<p style=\"padding-left: 90px;\">Eine Minute bis zur sicheren Befestigung: Video Walraven WCS1N Betonankerschraube.<br \/>\n<a href=\"https:\/\/youtu.be\/qIlqThwkpxk\" target=\"_blank\" rel=\"noopener\">https:\/\/youtu.be\/qIlqThwkpxk<\/a><\/p>\n<p>&nbsp;<\/p>\n<p>&nbsp;<\/p>\n<p style=\"padding-left: 90px;\">Fotos: Walraven<\/p>\n<p>&nbsp;<\/p>\n<p>&nbsp;<\/p>\n<p><strong><a href=\"https:\/\/www.walraven.com\/de\/produkte\/walraven-w-lx-n-betonankerschraube-ev\/\">Produktdetails Walraven WCS1N Betonankerschrauben<\/a><\/strong><\/p>\n<p>&nbsp;<\/p>\n<p><strong>Mehr zu \u201eWalraven-Schwerlastanker &#8211; St\u00e4rker im Verbund\u201c<\/strong><\/p>\n<ul>\n<li><strong><a href=\"https:\/\/www.walraven.com\/de\/schwerlastanker\/\">Webseite Schwerlastanker<\/a><\/strong><\/li>\n<li><strong>Kurzvideos \u201e<a href=\"https:\/\/www.walraven.com\/de\/schwerlastanker\/so-einfach-befestigen-kurzvideos\/\">So einfach befestigen\u201c<\/a><\/strong><\/li>\n<li><strong><a href=\"https:\/\/www.walraven.com\/de\/schwerlastanker\/schwere-duebel-anker\/\">Kostenlose Bemessungssoftware<\/a><\/strong><\/li>\n<li><strong><a href=\"https:\/\/files.walraven.com\/repository\/rnd\/documents\/Heavy-Duty-Anchors-Brochure-DE.pdf\">Brosch\u00fcre Schwerlastanker<\/a><\/strong><\/li>\n<li><strong><a href=\"https:\/\/files.walraven.com\/repository\/rnd\/documents\/Auswahlhilfe-Schwerlastanker.pdf\">Auswahlhilfe Schwerlastanker<\/a><\/strong><\/li>\n<li><strong><a href=\"https:\/\/www.walraven.com\/de\/schwerlastanker\/#solutions\">Anwendungsm\u00f6glichkeiten<\/a> im \u00dcberblick<\/strong><\/li>\n<\/ul>\n<p>&nbsp;<\/p>\n<p>&nbsp;<\/p>\n<p>&nbsp;<\/p>\n","protected":false},"excerpt":{"rendered":"<p>Walraven WCS1N Betonankerschrauben von Walraven Technisch harmonisiert und aus einer Hand pr\u00e4sentiert sich das nun komplette Walraven-Produkt- und Leistungsspektrum rund um mechanische und chemische Schwerlastanker. Sortiment und technische Unterst\u00fctzung von Walraven lassen sich perfekt mit den Anforderungen jedes Projekts abstimmen. Ganz nach dem Motto: \u201eWalraven Schwerlastanker &#8211; St\u00e4rker im Verbund\u201c. Starker Bestandteil des Sortiments sind [&hellip;]<\/p>\n","protected":false},"author":9,"featured_media":0,"parent":71852,"menu_order":0,"comment_status":"closed","ping_status":"closed","template":"","meta":{"_acf_changed":false,"footnotes":""},"class_list":["post-71937","page","type-page","status-publish","hentry"],"acf":[],"yoast_head":"<!-- This site is optimized with the Yoast SEO Premium plugin v27.5 (Yoast SEO v27.5) - https:\/\/yoast.com\/product\/yoast-seo-premium-wordpress\/ -->\n<title>Leistungsf\u00e4hig mit n\u00fctzlichen Vorteilen - Walraven Deutschland<\/title>\n<meta name=\"description\" content=\"Zur Messe ISH 2019 ver\u00f6ffentlicht Walraven sechs Pressemeldungen. Hier &quot;WCS1N Betonankerschrauben mit Kombi-Gewindemuffe M8\/M10.&quot;\" \/>\n<meta name=\"robots\" content=\"index, follow, max-snippet:-1, max-image-preview:large, max-video-preview:-1\" \/>\n<link rel=\"canonical\" href=\"https:\/\/www.walraven.com\/de\/ueber-walraven\/aktuelles\/pressemitteilungen\/pressemeldungen-fruehjahr-2019\/wcs1n-betonankerschraube\/\" \/>\n<meta property=\"og:locale\" content=\"de_DE\" \/>\n<meta property=\"og:type\" content=\"article\" \/>\n<meta property=\"og:title\" content=\"Leistungsf\u00e4hig mit n\u00fctzlichen Vorteilen\" \/>\n<meta property=\"og:description\" content=\"Zur Messe ISH 2019 ver\u00f6ffentlicht Walraven sechs Pressemeldungen. Hier &quot;WCS1N Betonankerschrauben mit Kombi-Gewindemuffe M8\/M10.&quot;\" \/>\n<meta property=\"og:url\" content=\"https:\/\/www.walraven.com\/de\/ueber-walraven\/aktuelles\/pressemitteilungen\/pressemeldungen-fruehjahr-2019\/wcs1n-betonankerschraube\/\" \/>\n<meta property=\"og:site_name\" content=\"Walraven Deutschland\" \/>\n<meta property=\"article:publisher\" content=\"https:\/\/www.facebook.com\/Walraven.GmbH\" \/>\n<meta property=\"article:modified_time\" content=\"2026-01-19T14:58:44+00:00\" \/>\n<meta property=\"og:image\" content=\"https:\/\/www.walraven.com\/de\/wp-content\/uploads\/sites\/4\/2019\/02\/WCS1N-Betonankerschraube-RGB.jpg\" \/>\n\t<meta property=\"og:image:width\" content=\"1866\" \/>\n\t<meta property=\"og:image:height\" content=\"1425\" \/>\n\t<meta property=\"og:image:type\" content=\"image\/jpeg\" \/>\n<meta name=\"twitter:card\" content=\"summary_large_image\" \/>\n<meta name=\"twitter:site\" content=\"@BIS_Tech\" \/>\n<meta name=\"twitter:label1\" content=\"Gesch\u00e4tzte Lesezeit\" \/>\n\t<meta name=\"twitter:data1\" content=\"2\u00a0Minuten\" \/>\n<script type=\"application\/ld+json\" class=\"yoast-schema-graph\">{\"@context\":\"https:\\\/\\\/schema.org\",\"@graph\":[{\"@type\":\"WebPage\",\"@id\":\"https:\\\/\\\/www.walraven.com\\\/de\\\/ueber-walraven\\\/aktuelles\\\/pressemitteilungen\\\/pressemeldungen-fruehjahr-2019\\\/wcs1n-betonankerschraube\\\/\",\"url\":\"https:\\\/\\\/www.walraven.com\\\/de\\\/ueber-walraven\\\/aktuelles\\\/pressemitteilungen\\\/pressemeldungen-fruehjahr-2019\\\/wcs1n-betonankerschraube\\\/\",\"name\":\"Leistungsf\u00e4hig mit n\u00fctzlichen Vorteilen - Walraven Deutschland\",\"isPartOf\":{\"@id\":\"https:\\\/\\\/www.walraven.com\\\/de\\\/#website\"},\"primaryImageOfPage\":{\"@id\":\"https:\\\/\\\/www.walraven.com\\\/de\\\/ueber-walraven\\\/aktuelles\\\/pressemitteilungen\\\/pressemeldungen-fruehjahr-2019\\\/wcs1n-betonankerschraube\\\/#primaryimage\"},\"image\":{\"@id\":\"https:\\\/\\\/www.walraven.com\\\/de\\\/ueber-walraven\\\/aktuelles\\\/pressemitteilungen\\\/pressemeldungen-fruehjahr-2019\\\/wcs1n-betonankerschraube\\\/#primaryimage\"},\"thumbnailUrl\":\"https:\\\/\\\/www.walraven.com\\\/wp-content\\\/uploads\\\/sites\\\/4\\\/2019\\\/02\\\/WCS1N-Betonankerschraube-RGB-300x229.jpg\",\"datePublished\":\"2019-02-21T10:39:47+00:00\",\"dateModified\":\"2026-01-19T14:58:44+00:00\",\"description\":\"Zur Messe ISH 2019 ver\u00f6ffentlicht Walraven sechs Pressemeldungen. Hier \\\"WCS1N Betonankerschrauben mit Kombi-Gewindemuffe M8\\\/M10.\\\"\",\"breadcrumb\":{\"@id\":\"https:\\\/\\\/www.walraven.com\\\/de\\\/ueber-walraven\\\/aktuelles\\\/pressemitteilungen\\\/pressemeldungen-fruehjahr-2019\\\/wcs1n-betonankerschraube\\\/#breadcrumb\"},\"inLanguage\":\"de\",\"potentialAction\":[{\"@type\":\"ReadAction\",\"target\":[\"https:\\\/\\\/www.walraven.com\\\/de\\\/ueber-walraven\\\/aktuelles\\\/pressemitteilungen\\\/pressemeldungen-fruehjahr-2019\\\/wcs1n-betonankerschraube\\\/\"]}]},{\"@type\":\"ImageObject\",\"inLanguage\":\"de\",\"@id\":\"https:\\\/\\\/www.walraven.com\\\/de\\\/ueber-walraven\\\/aktuelles\\\/pressemitteilungen\\\/pressemeldungen-fruehjahr-2019\\\/wcs1n-betonankerschraube\\\/#primaryimage\",\"url\":\"https:\\\/\\\/www.walraven.com\\\/wp-content\\\/uploads\\\/sites\\\/4\\\/2019\\\/02\\\/WCS1N-Betonankerschraube-RGB-300x229.jpg\",\"contentUrl\":\"https:\\\/\\\/www.walraven.com\\\/wp-content\\\/uploads\\\/sites\\\/4\\\/2019\\\/02\\\/WCS1N-Betonankerschraube-RGB-300x229.jpg\"},{\"@type\":\"BreadcrumbList\",\"@id\":\"https:\\\/\\\/www.walraven.com\\\/de\\\/ueber-walraven\\\/aktuelles\\\/pressemitteilungen\\\/pressemeldungen-fruehjahr-2019\\\/wcs1n-betonankerschraube\\\/#breadcrumb\",\"itemListElement\":[{\"@type\":\"ListItem\",\"position\":1,\"name\":\"Startseite\",\"item\":\"https:\\\/\\\/www.walraven.com\\\/de\\\/\"},{\"@type\":\"ListItem\",\"position\":2,\"name\":\"Walraven Group\",\"item\":\"https:\\\/\\\/www.walraven.com\\\/de\\\/ueber-walraven\\\/\"},{\"@type\":\"ListItem\",\"position\":3,\"name\":\"News\",\"item\":\"https:\\\/\\\/www.walraven.com\\\/de\\\/ueber-walraven\\\/aktuelles\\\/\"},{\"@type\":\"ListItem\",\"position\":4,\"name\":\"Pressemitteilungen\",\"item\":\"https:\\\/\\\/www.walraven.com\\\/de\\\/ueber-walraven\\\/aktuelles\\\/pressemitteilungen\\\/\"},{\"@type\":\"ListItem\",\"position\":5,\"name\":\"Pressemeldungen Fr\u00fchjahr 2019\",\"item\":\"https:\\\/\\\/www.walraven.com\\\/de\\\/ueber-walraven\\\/aktuelles\\\/pressemitteilungen\\\/pressemeldungen-fruehjahr-2019\\\/\"},{\"@type\":\"ListItem\",\"position\":6,\"name\":\"Leistungsf\u00e4hig mit n\u00fctzlichen Vorteilen\"}]},{\"@type\":\"WebSite\",\"@id\":\"https:\\\/\\\/www.walraven.com\\\/de\\\/#website\",\"url\":\"https:\\\/\\\/www.walraven.com\\\/de\\\/\",\"name\":\"Walraven Deutschland\",\"description\":\"\",\"publisher\":{\"@id\":\"https:\\\/\\\/www.walraven.com\\\/de\\\/#organization\"},\"potentialAction\":[{\"@type\":\"SearchAction\",\"target\":{\"@type\":\"EntryPoint\",\"urlTemplate\":\"https:\\\/\\\/www.walraven.com\\\/de\\\/?s={search_term_string}\"},\"query-input\":{\"@type\":\"PropertyValueSpecification\",\"valueRequired\":true,\"valueName\":\"search_term_string\"}}],\"inLanguage\":\"de\"},{\"@type\":\"Organization\",\"@id\":\"https:\\\/\\\/www.walraven.com\\\/de\\\/#organization\",\"name\":\"Walraven GmbH\",\"alternateName\":\"Walraven GmbH\",\"url\":\"https:\\\/\\\/www.walraven.com\\\/de\\\/\",\"logo\":{\"@type\":\"ImageObject\",\"inLanguage\":\"de\",\"@id\":\"https:\\\/\\\/www.walraven.com\\\/de\\\/#\\\/schema\\\/logo\\\/image\\\/\",\"url\":\"https:\\\/\\\/www.walraven.com\\\/de\\\/wp-content\\\/uploads\\\/sites\\\/4\\\/2023\\\/12\\\/Walraven_logo300x300.jpg\",\"contentUrl\":\"https:\\\/\\\/www.walraven.com\\\/de\\\/wp-content\\\/uploads\\\/sites\\\/4\\\/2023\\\/12\\\/Walraven_logo300x300.jpg\",\"width\":300,\"height\":300,\"caption\":\"Walraven GmbH\"},\"image\":{\"@id\":\"https:\\\/\\\/www.walraven.com\\\/de\\\/#\\\/schema\\\/logo\\\/image\\\/\"},\"sameAs\":[\"https:\\\/\\\/www.facebook.com\\\/Walraven.GmbH\",\"https:\\\/\\\/x.com\\\/BIS_Tech\",\"https:\\\/\\\/www.youtube.com\\\/WalravenDE\",\"https:\\\/\\\/www.linkedin.com\\\/company\\\/walraven-gmbh\",\"https:\\\/\\\/www.instagram.com\\\/walraven.gmbh\\\/\"]}]}<\/script>\n<!-- \/ Yoast SEO Premium plugin. -->","yoast_head_json":{"title":"Leistungsf\u00e4hig mit n\u00fctzlichen Vorteilen - Walraven Deutschland","description":"Zur Messe ISH 2019 ver\u00f6ffentlicht Walraven sechs Pressemeldungen. Hier \"WCS1N Betonankerschrauben mit Kombi-Gewindemuffe M8\/M10.\"","robots":{"index":"index","follow":"follow","max-snippet":"max-snippet:-1","max-image-preview":"max-image-preview:large","max-video-preview":"max-video-preview:-1"},"canonical":"https:\/\/www.walraven.com\/de\/ueber-walraven\/aktuelles\/pressemitteilungen\/pressemeldungen-fruehjahr-2019\/wcs1n-betonankerschraube\/","og_locale":"de_DE","og_type":"article","og_title":"Leistungsf\u00e4hig mit n\u00fctzlichen Vorteilen","og_description":"Zur Messe ISH 2019 ver\u00f6ffentlicht Walraven sechs Pressemeldungen. Hier \"WCS1N Betonankerschrauben mit Kombi-Gewindemuffe M8\/M10.\"","og_url":"https:\/\/www.walraven.com\/de\/ueber-walraven\/aktuelles\/pressemitteilungen\/pressemeldungen-fruehjahr-2019\/wcs1n-betonankerschraube\/","og_site_name":"Walraven Deutschland","article_publisher":"https:\/\/www.facebook.com\/Walraven.GmbH","article_modified_time":"2026-01-19T14:58:44+00:00","og_image":[{"width":1866,"height":1425,"url":"https:\/\/www.walraven.com\/de\/wp-content\/uploads\/sites\/4\/2019\/02\/WCS1N-Betonankerschraube-RGB.jpg","type":"image\/jpeg"}],"twitter_card":"summary_large_image","twitter_site":"@BIS_Tech","twitter_misc":{"Gesch\u00e4tzte Lesezeit":"2\u00a0Minuten"},"schema":{"@context":"https:\/\/schema.org","@graph":[{"@type":"WebPage","@id":"https:\/\/www.walraven.com\/de\/ueber-walraven\/aktuelles\/pressemitteilungen\/pressemeldungen-fruehjahr-2019\/wcs1n-betonankerschraube\/","url":"https:\/\/www.walraven.com\/de\/ueber-walraven\/aktuelles\/pressemitteilungen\/pressemeldungen-fruehjahr-2019\/wcs1n-betonankerschraube\/","name":"Leistungsf\u00e4hig mit n\u00fctzlichen Vorteilen - Walraven Deutschland","isPartOf":{"@id":"https:\/\/www.walraven.com\/de\/#website"},"primaryImageOfPage":{"@id":"https:\/\/www.walraven.com\/de\/ueber-walraven\/aktuelles\/pressemitteilungen\/pressemeldungen-fruehjahr-2019\/wcs1n-betonankerschraube\/#primaryimage"},"image":{"@id":"https:\/\/www.walraven.com\/de\/ueber-walraven\/aktuelles\/pressemitteilungen\/pressemeldungen-fruehjahr-2019\/wcs1n-betonankerschraube\/#primaryimage"},"thumbnailUrl":"https:\/\/www.walraven.com\/wp-content\/uploads\/sites\/4\/2019\/02\/WCS1N-Betonankerschraube-RGB-300x229.jpg","datePublished":"2019-02-21T10:39:47+00:00","dateModified":"2026-01-19T14:58:44+00:00","description":"Zur Messe ISH 2019 ver\u00f6ffentlicht Walraven sechs Pressemeldungen. Hier \"WCS1N Betonankerschrauben mit Kombi-Gewindemuffe M8\/M10.\"","breadcrumb":{"@id":"https:\/\/www.walraven.com\/de\/ueber-walraven\/aktuelles\/pressemitteilungen\/pressemeldungen-fruehjahr-2019\/wcs1n-betonankerschraube\/#breadcrumb"},"inLanguage":"de","potentialAction":[{"@type":"ReadAction","target":["https:\/\/www.walraven.com\/de\/ueber-walraven\/aktuelles\/pressemitteilungen\/pressemeldungen-fruehjahr-2019\/wcs1n-betonankerschraube\/"]}]},{"@type":"ImageObject","inLanguage":"de","@id":"https:\/\/www.walraven.com\/de\/ueber-walraven\/aktuelles\/pressemitteilungen\/pressemeldungen-fruehjahr-2019\/wcs1n-betonankerschraube\/#primaryimage","url":"https:\/\/www.walraven.com\/wp-content\/uploads\/sites\/4\/2019\/02\/WCS1N-Betonankerschraube-RGB-300x229.jpg","contentUrl":"https:\/\/www.walraven.com\/wp-content\/uploads\/sites\/4\/2019\/02\/WCS1N-Betonankerschraube-RGB-300x229.jpg"},{"@type":"BreadcrumbList","@id":"https:\/\/www.walraven.com\/de\/ueber-walraven\/aktuelles\/pressemitteilungen\/pressemeldungen-fruehjahr-2019\/wcs1n-betonankerschraube\/#breadcrumb","itemListElement":[{"@type":"ListItem","position":1,"name":"Startseite","item":"https:\/\/www.walraven.com\/de\/"},{"@type":"ListItem","position":2,"name":"Walraven Group","item":"https:\/\/www.walraven.com\/de\/ueber-walraven\/"},{"@type":"ListItem","position":3,"name":"News","item":"https:\/\/www.walraven.com\/de\/ueber-walraven\/aktuelles\/"},{"@type":"ListItem","position":4,"name":"Pressemitteilungen","item":"https:\/\/www.walraven.com\/de\/ueber-walraven\/aktuelles\/pressemitteilungen\/"},{"@type":"ListItem","position":5,"name":"Pressemeldungen Fr\u00fchjahr 2019","item":"https:\/\/www.walraven.com\/de\/ueber-walraven\/aktuelles\/pressemitteilungen\/pressemeldungen-fruehjahr-2019\/"},{"@type":"ListItem","position":6,"name":"Leistungsf\u00e4hig mit n\u00fctzlichen Vorteilen"}]},{"@type":"WebSite","@id":"https:\/\/www.walraven.com\/de\/#website","url":"https:\/\/www.walraven.com\/de\/","name":"Walraven Deutschland","description":"","publisher":{"@id":"https:\/\/www.walraven.com\/de\/#organization"},"potentialAction":[{"@type":"SearchAction","target":{"@type":"EntryPoint","urlTemplate":"https:\/\/www.walraven.com\/de\/?s={search_term_string}"},"query-input":{"@type":"PropertyValueSpecification","valueRequired":true,"valueName":"search_term_string"}}],"inLanguage":"de"},{"@type":"Organization","@id":"https:\/\/www.walraven.com\/de\/#organization","name":"Walraven GmbH","alternateName":"Walraven GmbH","url":"https:\/\/www.walraven.com\/de\/","logo":{"@type":"ImageObject","inLanguage":"de","@id":"https:\/\/www.walraven.com\/de\/#\/schema\/logo\/image\/","url":"https:\/\/www.walraven.com\/de\/wp-content\/uploads\/sites\/4\/2023\/12\/Walraven_logo300x300.jpg","contentUrl":"https:\/\/www.walraven.com\/de\/wp-content\/uploads\/sites\/4\/2023\/12\/Walraven_logo300x300.jpg","width":300,"height":300,"caption":"Walraven GmbH"},"image":{"@id":"https:\/\/www.walraven.com\/de\/#\/schema\/logo\/image\/"},"sameAs":["https:\/\/www.facebook.com\/Walraven.GmbH","https:\/\/x.com\/BIS_Tech","https:\/\/www.youtube.com\/WalravenDE","https:\/\/www.linkedin.com\/company\/walraven-gmbh","https:\/\/www.instagram.com\/walraven.gmbh\/"]}]}},"_links":{"self":[{"href":"https:\/\/www.walraven.com\/de\/wp-json\/wp\/v2\/pages\/71937","targetHints":{"allow":["GET"]}}],"collection":[{"href":"https:\/\/www.walraven.com\/de\/wp-json\/wp\/v2\/pages"}],"about":[{"href":"https:\/\/www.walraven.com\/de\/wp-json\/wp\/v2\/types\/page"}],"author":[{"embeddable":true,"href":"https:\/\/www.walraven.com\/de\/wp-json\/wp\/v2\/users\/9"}],"replies":[{"embeddable":true,"href":"https:\/\/www.walraven.com\/de\/wp-json\/wp\/v2\/comments?post=71937"}],"version-history":[{"count":5,"href":"https:\/\/www.walraven.com\/de\/wp-json\/wp\/v2\/pages\/71937\/revisions"}],"predecessor-version":[{"id":235111,"href":"https:\/\/www.walraven.com\/de\/wp-json\/wp\/v2\/pages\/71937\/revisions\/235111"}],"up":[{"embeddable":true,"href":"https:\/\/www.walraven.com\/de\/wp-json\/wp\/v2\/pages\/71852"}],"wp:attachment":[{"href":"https:\/\/www.walraven.com\/de\/wp-json\/wp\/v2\/media?parent=71937"}],"curies":[{"name":"wp","href":"https:\/\/api.w.org\/{rel}","templated":true}]}}