{"id":71961,"date":"2019-02-21T11:40:15","date_gmt":"2019-02-21T10:40:15","guid":{"rendered":"https:\/\/www.walraven.com\/de\/?page_id=71961"},"modified":"2019-02-21T11:40:15","modified_gmt":"2019-02-21T10:40:15","slug":"tga-erlebnisseminar-brandschutz-bau-und-braukurs","status":"publish","type":"page","link":"https:\/\/www.walraven.com\/de\/ueber-walraven\/aktuelles\/pressemitteilungen\/pressemeldungen-fruehjahr-2019\/tga-erlebnisseminar-brandschutz-bau-und-braukurs\/","title":{"rendered":"TGA Erlebnisseminar \u201eBRANDSCHUTZ Bau- und Braukurs\""},"content":{"rendered":"<p><strong>Das etwas andere Brandschutzseminar f\u00fcr Planer, Architekten, Inhaber von Handwerksbetrieben und SHK-Meister<\/strong><\/p>\n<p>Walraven bietet in regelm\u00e4\u00dfigen Abst\u00e4nden deutschlandweit Brandschutzschulungen, die etwas Ausgefallenes bieten. Pilotveranstaltung f\u00fcr die geplante Veranstaltungsreihe 2020 ist das <strong>TGA Erlebnisseminar \u201eBRANDSCHUTZ Bau- &amp; Braukurs\u201c<\/strong> am 10. Juli 2019 in Kulmbach.<\/p>\n<p>Planer, Architekten, Inhaber von Handwerksbetrieben und SHK-Meistern erleben:<\/p>\n<p><strong>Eine <\/strong><strong>Brandschutzschulung<\/strong><strong> mit Karl-Heinz Ullrich, Walraven GmbH, Sachverst\u00e4ndiger f\u00fcr geb\u00e4udetechnischen Brandschutz (EIPOS), Anwendungstechnik Brandschutz:<\/strong><\/p>\n<ul>\n<li>Aufbau und Ablauf einer Brandpr\u00fcfung.<\/li>\n<li>Verwendbarkeitsnachweise und ihre T\u00fccken.<\/li>\n<\/ul>\n<p><strong>kombiniert mit einem <\/strong><strong>Bierbraukurs<\/strong><strong> als Erlebnis der Sinne<\/strong> (<strong>sehen &#8211; riechen &#8211; schmecken \u2013 f\u00fchlen):<\/strong><\/p>\n<ul>\n<li>Die Teilnehmer setzen einen Sud an einer mobilen Brauanlage an und begleiten ihn bis zur fertigen W\u00fcrze.<\/li>\n<li>Parallel dazu erfahren sie alles \u00fcber Rohstoffe, Charakteristika und Entstehungsgeschichten der einzelnen Biergattungen, Bier und Gesundheit sowie am\u00fcsante Geschichten und Anekdoten rund um das Thema Bier.<\/li>\n<li>Bierverkostung von sechs bis sieben charakterstarken Biersorten.<\/li>\n<\/ul>\n<p>Die Teilnahmegeb\u00fchr in H\u00f6he von 89 Euro zuz\u00fcglich Umsatzsteuer beinhaltet Tagungsdokumentation, Teilnahmezertifikat, Verpflegung und Braukurs.<\/p>\n<p><a href=\"https:\/\/www.walraven.com\/de\/leistungen\/akademie\/tga-erlebnisseminar\/\">Information und Anmeldung<\/a> (https:\/\/www.walraven.com\/de\/leistungen\/akademie\/tga-erlebnisseminar)<\/p>\n<p>Walraven GmbH, Frau Marion Brendel, Telefon: 0921 7560-220, E-Mail: marion.brendel@walraven.com<\/p>\n<p>Die maximale Teilnehmerzahl ist auf 20 Personen begrenzt. Ber\u00fccksichtigung in der Reihenfolge des Eingangs der Anmeldungen.<\/p>\n<p>&nbsp;<\/p>\n<p><strong>Downloads, Foto und Bildtext:<\/strong><\/p>\n<p style=\"padding-left: 30px\">Word-Dokument:\u00a0<a href=\"https:\/\/www.walraven.com\/wp-content\/uploads\/sites\/4\/2019\/02\/TGA-Erlebnisseminar-Pilotveranstaltung.docx\" target=\"_blank\" rel=\"noopener\">TGA-Erlebnisseminar-Pilotveranstaltung.docx<\/a><\/p>\n<p style=\"padding-left: 30px\"><a href=\"https:\/\/www.walraven.com\/wp-content\/uploads\/sites\/4\/2019\/02\/TGA-Erlebnisseminar-Pilotveranstaltung-RGB.jpg\" target=\"_blank\" rel=\"noopener\"><img loading=\"lazy\" decoding=\"async\" class=\"wp-image-71871 size-medium alignright\" src=\"https:\/\/www.walraven.com\/wp-content\/uploads\/sites\/4\/2019\/02\/TGA-Erlebnisseminar-Pilotveranstaltung-RGB-144x300.jpg\" alt=\"\" width=\"144\" height=\"300\" srcset=\"https:\/\/www.walraven.com\/de\/wp-content\/uploads\/sites\/4\/2019\/02\/TGA-Erlebnisseminar-Pilotveranstaltung-RGB-144x300.jpg 144w, https:\/\/www.walraven.com\/de\/wp-content\/uploads\/sites\/4\/2019\/02\/TGA-Erlebnisseminar-Pilotveranstaltung-RGB-768x1601.jpg 768w, https:\/\/www.walraven.com\/de\/wp-content\/uploads\/sites\/4\/2019\/02\/TGA-Erlebnisseminar-Pilotveranstaltung-RGB-491x1024.jpg 491w, https:\/\/www.walraven.com\/de\/wp-content\/uploads\/sites\/4\/2019\/02\/TGA-Erlebnisseminar-Pilotveranstaltung-RGB-146x305.jpg 146w, https:\/\/www.walraven.com\/de\/wp-content\/uploads\/sites\/4\/2019\/02\/TGA-Erlebnisseminar-Pilotveranstaltung-RGB-183x381.jpg 183w, https:\/\/www.walraven.com\/de\/wp-content\/uploads\/sites\/4\/2019\/02\/TGA-Erlebnisseminar-Pilotveranstaltung-RGB.jpg 1221w\" sizes=\"auto, (max-width: 144px) 100vw, 144px\" \/><\/a><\/p>\n<p>&nbsp;<\/p>\n<p style=\"padding-left: 30px\">Foto:\u00a0<a href=\"https:\/\/www.walraven.com\/wp-content\/uploads\/sites\/4\/2019\/02\/TGA-Erlebnisseminar-Pilotveranstaltung-RGB.jpg\" target=\"_blank\" rel=\"noopener\">TGA-Erlebnisseminar-Pilotveranstaltung<\/a><\/p>\n<p style=\"padding-left: 30px\">Brandschutzschulungen von Walraven, die etwas Ausgefallenes bieten. Wie das TGA Erlebnisseminar \u201eBRANDSCHUTZ Bau- &amp; Braukurs\u201c.<\/p>\n<p style=\"padding-left: 30px\">Bild: Walraven<\/p>\n<p style=\"padding-left: 30px\">\n","protected":false},"excerpt":{"rendered":"<p>Das etwas andere Brandschutzseminar f\u00fcr Planer, Architekten, Inhaber von Handwerksbetrieben und SHK-Meister Walraven bietet in regelm\u00e4\u00dfigen Abst\u00e4nden deutschlandweit Brandschutzschulungen, die etwas Ausgefallenes bieten. Pilotveranstaltung f\u00fcr die geplante Veranstaltungsreihe 2020 ist das TGA Erlebnisseminar \u201eBRANDSCHUTZ Bau- &amp; Braukurs\u201c am 10. Juli 2019 in Kulmbach. Planer, Architekten, Inhaber von Handwerksbetrieben und SHK-Meistern erleben: Eine Brandschutzschulung mit Karl-Heinz [&hellip;]<\/p>\n","protected":false},"author":9,"featured_media":0,"parent":71852,"menu_order":0,"comment_status":"closed","ping_status":"closed","template":"","meta":{"_acf_changed":false,"footnotes":""},"class_list":["post-71961","page","type-page","status-publish","hentry"],"acf":[],"yoast_head":"<!-- This site is optimized with the Yoast SEO Premium plugin v27.3 (Yoast SEO v27.3) - https:\/\/yoast.com\/product\/yoast-seo-premium-wordpress\/ -->\n<title>TGA Erlebnisseminar \u201eBRANDSCHUTZ Bau- und Braukurs&quot; - Walraven Deutschland<\/title>\n<meta name=\"description\" content=\"Zur Messe ISH 2019 ver\u00f6ffentlicht Walraven sechs Pressemeldungen. Hier die Pilotveranstaltung zum etwas anderen Brandschutzseminar f\u00fcr Planer, Architekten, Inhaber von Handwerksbetrieben und SHK-Meister\" \/>\n<meta name=\"robots\" content=\"index, follow, max-snippet:-1, max-image-preview:large, max-video-preview:-1\" \/>\n<link rel=\"canonical\" href=\"https:\/\/www.walraven.com\/de\/ueber-walraven\/aktuelles\/pressemitteilungen\/pressemeldungen-fruehjahr-2019\/tga-erlebnisseminar-brandschutz-bau-und-braukurs\/\" \/>\n<meta property=\"og:locale\" content=\"de_DE\" \/>\n<meta property=\"og:type\" content=\"article\" \/>\n<meta property=\"og:title\" content=\"TGA Erlebnisseminar \u201eBRANDSCHUTZ Bau- und Braukurs&quot;\" \/>\n<meta property=\"og:description\" content=\"Zur Messe ISH 2019 ver\u00f6ffentlicht Walraven sechs Pressemeldungen. Hier die Pilotveranstaltung zum etwas anderen Brandschutzseminar f\u00fcr Planer, Architekten, Inhaber von Handwerksbetrieben und SHK-Meister\" \/>\n<meta property=\"og:url\" content=\"https:\/\/www.walraven.com\/de\/ueber-walraven\/aktuelles\/pressemitteilungen\/pressemeldungen-fruehjahr-2019\/tga-erlebnisseminar-brandschutz-bau-und-braukurs\/\" \/>\n<meta property=\"og:site_name\" content=\"Walraven Deutschland\" \/>\n<meta property=\"article:publisher\" content=\"https:\/\/www.facebook.com\/Walraven.GmbH\" \/>\n<meta property=\"og:image\" content=\"https:\/\/www.walraven.com\/de\/wp-content\/uploads\/sites\/4\/2019\/02\/TGA-Erlebnisseminar-Pilotveranstaltung-RGB.jpg\" \/>\n\t<meta property=\"og:image:width\" content=\"1221\" \/>\n\t<meta property=\"og:image:height\" content=\"2546\" \/>\n\t<meta property=\"og:image:type\" content=\"image\/jpeg\" \/>\n<meta name=\"twitter:card\" content=\"summary_large_image\" \/>\n<meta name=\"twitter:site\" content=\"@BIS_Tech\" \/>\n<meta name=\"twitter:label1\" content=\"Gesch\u00e4tzte Lesezeit\" \/>\n\t<meta name=\"twitter:data1\" content=\"1\u00a0Minute\" \/>\n<script type=\"application\/ld+json\" class=\"yoast-schema-graph\">{\"@context\":\"https:\\\/\\\/schema.org\",\"@graph\":[{\"@type\":\"WebPage\",\"@id\":\"https:\\\/\\\/www.walraven.com\\\/de\\\/ueber-walraven\\\/aktuelles\\\/pressemitteilungen\\\/pressemeldungen-fruehjahr-2019\\\/tga-erlebnisseminar-brandschutz-bau-und-braukurs\\\/\",\"url\":\"https:\\\/\\\/www.walraven.com\\\/de\\\/ueber-walraven\\\/aktuelles\\\/pressemitteilungen\\\/pressemeldungen-fruehjahr-2019\\\/tga-erlebnisseminar-brandschutz-bau-und-braukurs\\\/\",\"name\":\"TGA Erlebnisseminar \u201eBRANDSCHUTZ Bau- und Braukurs\\\" - Walraven Deutschland\",\"isPartOf\":{\"@id\":\"https:\\\/\\\/www.walraven.com\\\/de\\\/#website\"},\"primaryImageOfPage\":{\"@id\":\"https:\\\/\\\/www.walraven.com\\\/de\\\/ueber-walraven\\\/aktuelles\\\/pressemitteilungen\\\/pressemeldungen-fruehjahr-2019\\\/tga-erlebnisseminar-brandschutz-bau-und-braukurs\\\/#primaryimage\"},\"image\":{\"@id\":\"https:\\\/\\\/www.walraven.com\\\/de\\\/ueber-walraven\\\/aktuelles\\\/pressemitteilungen\\\/pressemeldungen-fruehjahr-2019\\\/tga-erlebnisseminar-brandschutz-bau-und-braukurs\\\/#primaryimage\"},\"thumbnailUrl\":\"https:\\\/\\\/www.walraven.com\\\/wp-content\\\/uploads\\\/sites\\\/4\\\/2019\\\/02\\\/TGA-Erlebnisseminar-Pilotveranstaltung-RGB-144x300.jpg\",\"datePublished\":\"2019-02-21T10:40:15+00:00\",\"description\":\"Zur Messe ISH 2019 ver\u00f6ffentlicht Walraven sechs Pressemeldungen. Hier die Pilotveranstaltung zum etwas anderen Brandschutzseminar f\u00fcr Planer, Architekten, Inhaber von Handwerksbetrieben und SHK-Meister\",\"breadcrumb\":{\"@id\":\"https:\\\/\\\/www.walraven.com\\\/de\\\/ueber-walraven\\\/aktuelles\\\/pressemitteilungen\\\/pressemeldungen-fruehjahr-2019\\\/tga-erlebnisseminar-brandschutz-bau-und-braukurs\\\/#breadcrumb\"},\"inLanguage\":\"de\",\"potentialAction\":[{\"@type\":\"ReadAction\",\"target\":[\"https:\\\/\\\/www.walraven.com\\\/de\\\/ueber-walraven\\\/aktuelles\\\/pressemitteilungen\\\/pressemeldungen-fruehjahr-2019\\\/tga-erlebnisseminar-brandschutz-bau-und-braukurs\\\/\"]}]},{\"@type\":\"ImageObject\",\"inLanguage\":\"de\",\"@id\":\"https:\\\/\\\/www.walraven.com\\\/de\\\/ueber-walraven\\\/aktuelles\\\/pressemitteilungen\\\/pressemeldungen-fruehjahr-2019\\\/tga-erlebnisseminar-brandschutz-bau-und-braukurs\\\/#primaryimage\",\"url\":\"https:\\\/\\\/www.walraven.com\\\/wp-content\\\/uploads\\\/sites\\\/4\\\/2019\\\/02\\\/TGA-Erlebnisseminar-Pilotveranstaltung-RGB-144x300.jpg\",\"contentUrl\":\"https:\\\/\\\/www.walraven.com\\\/wp-content\\\/uploads\\\/sites\\\/4\\\/2019\\\/02\\\/TGA-Erlebnisseminar-Pilotveranstaltung-RGB-144x300.jpg\"},{\"@type\":\"BreadcrumbList\",\"@id\":\"https:\\\/\\\/www.walraven.com\\\/de\\\/ueber-walraven\\\/aktuelles\\\/pressemitteilungen\\\/pressemeldungen-fruehjahr-2019\\\/tga-erlebnisseminar-brandschutz-bau-und-braukurs\\\/#breadcrumb\",\"itemListElement\":[{\"@type\":\"ListItem\",\"position\":1,\"name\":\"Startseite\",\"item\":\"https:\\\/\\\/www.walraven.com\\\/de\\\/\"},{\"@type\":\"ListItem\",\"position\":2,\"name\":\"Walraven Group\",\"item\":\"https:\\\/\\\/www.walraven.com\\\/de\\\/ueber-walraven\\\/\"},{\"@type\":\"ListItem\",\"position\":3,\"name\":\"News\",\"item\":\"https:\\\/\\\/www.walraven.com\\\/de\\\/ueber-walraven\\\/aktuelles\\\/\"},{\"@type\":\"ListItem\",\"position\":4,\"name\":\"Pressemitteilungen\",\"item\":\"https:\\\/\\\/www.walraven.com\\\/de\\\/ueber-walraven\\\/aktuelles\\\/pressemitteilungen\\\/\"},{\"@type\":\"ListItem\",\"position\":5,\"name\":\"Pressemeldungen Fr\u00fchjahr 2019\",\"item\":\"https:\\\/\\\/www.walraven.com\\\/de\\\/ueber-walraven\\\/aktuelles\\\/pressemitteilungen\\\/pressemeldungen-fruehjahr-2019\\\/\"},{\"@type\":\"ListItem\",\"position\":6,\"name\":\"TGA Erlebnisseminar \u201eBRANDSCHUTZ Bau- und Braukurs&#8221;\"}]},{\"@type\":\"WebSite\",\"@id\":\"https:\\\/\\\/www.walraven.com\\\/de\\\/#website\",\"url\":\"https:\\\/\\\/www.walraven.com\\\/de\\\/\",\"name\":\"Walraven Deutschland\",\"description\":\"\",\"publisher\":{\"@id\":\"https:\\\/\\\/www.walraven.com\\\/de\\\/#organization\"},\"potentialAction\":[{\"@type\":\"SearchAction\",\"target\":{\"@type\":\"EntryPoint\",\"urlTemplate\":\"https:\\\/\\\/www.walraven.com\\\/de\\\/?s={search_term_string}\"},\"query-input\":{\"@type\":\"PropertyValueSpecification\",\"valueRequired\":true,\"valueName\":\"search_term_string\"}}],\"inLanguage\":\"de\"},{\"@type\":\"Organization\",\"@id\":\"https:\\\/\\\/www.walraven.com\\\/de\\\/#organization\",\"name\":\"Walraven GmbH\",\"alternateName\":\"Walraven GmbH\",\"url\":\"https:\\\/\\\/www.walraven.com\\\/de\\\/\",\"logo\":{\"@type\":\"ImageObject\",\"inLanguage\":\"de\",\"@id\":\"https:\\\/\\\/www.walraven.com\\\/de\\\/#\\\/schema\\\/logo\\\/image\\\/\",\"url\":\"https:\\\/\\\/www.walraven.com\\\/de\\\/wp-content\\\/uploads\\\/sites\\\/4\\\/2023\\\/12\\\/Walraven_logo300x300.jpg\",\"contentUrl\":\"https:\\\/\\\/www.walraven.com\\\/de\\\/wp-content\\\/uploads\\\/sites\\\/4\\\/2023\\\/12\\\/Walraven_logo300x300.jpg\",\"width\":300,\"height\":300,\"caption\":\"Walraven GmbH\"},\"image\":{\"@id\":\"https:\\\/\\\/www.walraven.com\\\/de\\\/#\\\/schema\\\/logo\\\/image\\\/\"},\"sameAs\":[\"https:\\\/\\\/www.facebook.com\\\/Walraven.GmbH\",\"https:\\\/\\\/x.com\\\/BIS_Tech\",\"https:\\\/\\\/www.youtube.com\\\/WalravenDE\",\"https:\\\/\\\/www.linkedin.com\\\/company\\\/walraven-gmbh\",\"https:\\\/\\\/www.instagram.com\\\/walraven.gmbh\\\/\"]}]}<\/script>\n<!-- \/ Yoast SEO Premium plugin. -->","yoast_head_json":{"title":"TGA Erlebnisseminar \u201eBRANDSCHUTZ Bau- und Braukurs\" - Walraven Deutschland","description":"Zur Messe ISH 2019 ver\u00f6ffentlicht Walraven sechs Pressemeldungen. Hier die Pilotveranstaltung zum etwas anderen Brandschutzseminar f\u00fcr Planer, Architekten, Inhaber von Handwerksbetrieben und SHK-Meister","robots":{"index":"index","follow":"follow","max-snippet":"max-snippet:-1","max-image-preview":"max-image-preview:large","max-video-preview":"max-video-preview:-1"},"canonical":"https:\/\/www.walraven.com\/de\/ueber-walraven\/aktuelles\/pressemitteilungen\/pressemeldungen-fruehjahr-2019\/tga-erlebnisseminar-brandschutz-bau-und-braukurs\/","og_locale":"de_DE","og_type":"article","og_title":"TGA Erlebnisseminar \u201eBRANDSCHUTZ Bau- und Braukurs\"","og_description":"Zur Messe ISH 2019 ver\u00f6ffentlicht Walraven sechs Pressemeldungen. Hier die Pilotveranstaltung zum etwas anderen Brandschutzseminar f\u00fcr Planer, Architekten, Inhaber von Handwerksbetrieben und SHK-Meister","og_url":"https:\/\/www.walraven.com\/de\/ueber-walraven\/aktuelles\/pressemitteilungen\/pressemeldungen-fruehjahr-2019\/tga-erlebnisseminar-brandschutz-bau-und-braukurs\/","og_site_name":"Walraven Deutschland","article_publisher":"https:\/\/www.facebook.com\/Walraven.GmbH","og_image":[{"width":1221,"height":2546,"url":"https:\/\/www.walraven.com\/de\/wp-content\/uploads\/sites\/4\/2019\/02\/TGA-Erlebnisseminar-Pilotveranstaltung-RGB.jpg","type":"image\/jpeg"}],"twitter_card":"summary_large_image","twitter_site":"@BIS_Tech","twitter_misc":{"Gesch\u00e4tzte Lesezeit":"1\u00a0Minute"},"schema":{"@context":"https:\/\/schema.org","@graph":[{"@type":"WebPage","@id":"https:\/\/www.walraven.com\/de\/ueber-walraven\/aktuelles\/pressemitteilungen\/pressemeldungen-fruehjahr-2019\/tga-erlebnisseminar-brandschutz-bau-und-braukurs\/","url":"https:\/\/www.walraven.com\/de\/ueber-walraven\/aktuelles\/pressemitteilungen\/pressemeldungen-fruehjahr-2019\/tga-erlebnisseminar-brandschutz-bau-und-braukurs\/","name":"TGA Erlebnisseminar \u201eBRANDSCHUTZ Bau- und Braukurs\" - Walraven Deutschland","isPartOf":{"@id":"https:\/\/www.walraven.com\/de\/#website"},"primaryImageOfPage":{"@id":"https:\/\/www.walraven.com\/de\/ueber-walraven\/aktuelles\/pressemitteilungen\/pressemeldungen-fruehjahr-2019\/tga-erlebnisseminar-brandschutz-bau-und-braukurs\/#primaryimage"},"image":{"@id":"https:\/\/www.walraven.com\/de\/ueber-walraven\/aktuelles\/pressemitteilungen\/pressemeldungen-fruehjahr-2019\/tga-erlebnisseminar-brandschutz-bau-und-braukurs\/#primaryimage"},"thumbnailUrl":"https:\/\/www.walraven.com\/wp-content\/uploads\/sites\/4\/2019\/02\/TGA-Erlebnisseminar-Pilotveranstaltung-RGB-144x300.jpg","datePublished":"2019-02-21T10:40:15+00:00","description":"Zur Messe ISH 2019 ver\u00f6ffentlicht Walraven sechs Pressemeldungen. Hier die Pilotveranstaltung zum etwas anderen Brandschutzseminar f\u00fcr Planer, Architekten, Inhaber von Handwerksbetrieben und SHK-Meister","breadcrumb":{"@id":"https:\/\/www.walraven.com\/de\/ueber-walraven\/aktuelles\/pressemitteilungen\/pressemeldungen-fruehjahr-2019\/tga-erlebnisseminar-brandschutz-bau-und-braukurs\/#breadcrumb"},"inLanguage":"de","potentialAction":[{"@type":"ReadAction","target":["https:\/\/www.walraven.com\/de\/ueber-walraven\/aktuelles\/pressemitteilungen\/pressemeldungen-fruehjahr-2019\/tga-erlebnisseminar-brandschutz-bau-und-braukurs\/"]}]},{"@type":"ImageObject","inLanguage":"de","@id":"https:\/\/www.walraven.com\/de\/ueber-walraven\/aktuelles\/pressemitteilungen\/pressemeldungen-fruehjahr-2019\/tga-erlebnisseminar-brandschutz-bau-und-braukurs\/#primaryimage","url":"https:\/\/www.walraven.com\/wp-content\/uploads\/sites\/4\/2019\/02\/TGA-Erlebnisseminar-Pilotveranstaltung-RGB-144x300.jpg","contentUrl":"https:\/\/www.walraven.com\/wp-content\/uploads\/sites\/4\/2019\/02\/TGA-Erlebnisseminar-Pilotveranstaltung-RGB-144x300.jpg"},{"@type":"BreadcrumbList","@id":"https:\/\/www.walraven.com\/de\/ueber-walraven\/aktuelles\/pressemitteilungen\/pressemeldungen-fruehjahr-2019\/tga-erlebnisseminar-brandschutz-bau-und-braukurs\/#breadcrumb","itemListElement":[{"@type":"ListItem","position":1,"name":"Startseite","item":"https:\/\/www.walraven.com\/de\/"},{"@type":"ListItem","position":2,"name":"Walraven Group","item":"https:\/\/www.walraven.com\/de\/ueber-walraven\/"},{"@type":"ListItem","position":3,"name":"News","item":"https:\/\/www.walraven.com\/de\/ueber-walraven\/aktuelles\/"},{"@type":"ListItem","position":4,"name":"Pressemitteilungen","item":"https:\/\/www.walraven.com\/de\/ueber-walraven\/aktuelles\/pressemitteilungen\/"},{"@type":"ListItem","position":5,"name":"Pressemeldungen Fr\u00fchjahr 2019","item":"https:\/\/www.walraven.com\/de\/ueber-walraven\/aktuelles\/pressemitteilungen\/pressemeldungen-fruehjahr-2019\/"},{"@type":"ListItem","position":6,"name":"TGA Erlebnisseminar \u201eBRANDSCHUTZ Bau- und Braukurs&#8221;"}]},{"@type":"WebSite","@id":"https:\/\/www.walraven.com\/de\/#website","url":"https:\/\/www.walraven.com\/de\/","name":"Walraven Deutschland","description":"","publisher":{"@id":"https:\/\/www.walraven.com\/de\/#organization"},"potentialAction":[{"@type":"SearchAction","target":{"@type":"EntryPoint","urlTemplate":"https:\/\/www.walraven.com\/de\/?s={search_term_string}"},"query-input":{"@type":"PropertyValueSpecification","valueRequired":true,"valueName":"search_term_string"}}],"inLanguage":"de"},{"@type":"Organization","@id":"https:\/\/www.walraven.com\/de\/#organization","name":"Walraven GmbH","alternateName":"Walraven GmbH","url":"https:\/\/www.walraven.com\/de\/","logo":{"@type":"ImageObject","inLanguage":"de","@id":"https:\/\/www.walraven.com\/de\/#\/schema\/logo\/image\/","url":"https:\/\/www.walraven.com\/de\/wp-content\/uploads\/sites\/4\/2023\/12\/Walraven_logo300x300.jpg","contentUrl":"https:\/\/www.walraven.com\/de\/wp-content\/uploads\/sites\/4\/2023\/12\/Walraven_logo300x300.jpg","width":300,"height":300,"caption":"Walraven GmbH"},"image":{"@id":"https:\/\/www.walraven.com\/de\/#\/schema\/logo\/image\/"},"sameAs":["https:\/\/www.facebook.com\/Walraven.GmbH","https:\/\/x.com\/BIS_Tech","https:\/\/www.youtube.com\/WalravenDE","https:\/\/www.linkedin.com\/company\/walraven-gmbh","https:\/\/www.instagram.com\/walraven.gmbh\/"]}]}},"_links":{"self":[{"href":"https:\/\/www.walraven.com\/de\/wp-json\/wp\/v2\/pages\/71961","targetHints":{"allow":["GET"]}}],"collection":[{"href":"https:\/\/www.walraven.com\/de\/wp-json\/wp\/v2\/pages"}],"about":[{"href":"https:\/\/www.walraven.com\/de\/wp-json\/wp\/v2\/types\/page"}],"author":[{"embeddable":true,"href":"https:\/\/www.walraven.com\/de\/wp-json\/wp\/v2\/users\/9"}],"replies":[{"embeddable":true,"href":"https:\/\/www.walraven.com\/de\/wp-json\/wp\/v2\/comments?post=71961"}],"version-history":[{"count":3,"href":"https:\/\/www.walraven.com\/de\/wp-json\/wp\/v2\/pages\/71961\/revisions"}],"predecessor-version":[{"id":71967,"href":"https:\/\/www.walraven.com\/de\/wp-json\/wp\/v2\/pages\/71961\/revisions\/71967"}],"up":[{"embeddable":true,"href":"https:\/\/www.walraven.com\/de\/wp-json\/wp\/v2\/pages\/71852"}],"wp:attachment":[{"href":"https:\/\/www.walraven.com\/de\/wp-json\/wp\/v2\/media?parent=71961"}],"curies":[{"name":"wp","href":"https:\/\/api.w.org\/{rel}","templated":true}]}}