{"id":71999,"date":"2019-02-21T11:14:50","date_gmt":"2019-02-21T10:14:50","guid":{"rendered":"https:\/\/www.walraven.com\/de\/?page_id=71999"},"modified":"2019-02-21T12:41:51","modified_gmt":"2019-02-21T11:41:51","slug":"neuer-walraven-gebietsverkaufsleiter-projektgeschaeft-baden-wuerttemberg-ost","status":"publish","type":"page","link":"https:\/\/www.walraven.com\/de\/ueber-walraven\/aktuelles\/pressemitteilungen\/pressemeldungen-fruehjahr-2019\/neuer-walraven-gebietsverkaufsleiter-projektgeschaeft-baden-wuerttemberg-ost\/","title":{"rendered":"Neuer Walraven-Gebietsverkaufsleiter Projektgesch\u00e4ft Baden-W\u00fcrttemberg (Ost)"},"content":{"rendered":"<p><strong>Tobias Weber folgt dem in den Ruhestand gehenden Uwe Kirchherr<\/strong><\/p>\n<p>Tobias Weber ist Nachfolger des in den Ruhestand gehenden Uwe Kirchherr als Walraven-Gebietsverkaufsleiter Projektgesch\u00e4ft Baden-W\u00fcrttemberg (Ost). Der 47-J\u00e4hrige gelernte Gas- und Wasserinstallateur mit langj\u00e4hriger Erfahrung als Key Account Manager Projektgesch\u00e4ft Brandschutz und Gebietsverkaufsleiter m\u00f6chte Menschen begeistern, das ist seine Herausforderung. Denn \u201eWalraven hat meiner Meinung nach gro\u00dfes Potenzial auch im Projektgesch\u00e4ft und ich m\u00f6chte Planer von den Produkten und dem Service von Walraven \u00fcberzeugen.\u201c Ziel des Familienvaters ist es, Walraven zu \u201edem\u201c Ansprechpartner zu machen im Bereich Brandschutz und Befestigungstechnik. Dabei legt er Wert auf Vertrauen und Fairness. \u201eDas ist absolut wichtig, denn nur so k\u00f6nnen wir gemeinsam unsere Ziele erreichen.\u201c<\/p>\n<p><strong>Downloads<a href=\"https:\/\/www.walraven.com\/wp-content\/uploads\/sites\/4\/2019\/02\/Walraven-Tobias-Weber_RGB.jpg\"><img loading=\"lazy\" decoding=\"async\" class=\"wp-image-72001 alignright\" src=\"https:\/\/www.walraven.com\/wp-content\/uploads\/sites\/4\/2019\/02\/Walraven-Tobias-Weber_RGB.jpg\" alt=\"\" width=\"145\" height=\"200\" srcset=\"https:\/\/www.walraven.com\/de\/wp-content\/uploads\/sites\/4\/2019\/02\/Walraven-Tobias-Weber_RGB.jpg 1030w, https:\/\/www.walraven.com\/de\/wp-content\/uploads\/sites\/4\/2019\/02\/Walraven-Tobias-Weber_RGB-218x300.jpg 218w, https:\/\/www.walraven.com\/de\/wp-content\/uploads\/sites\/4\/2019\/02\/Walraven-Tobias-Weber_RGB-768x1057.jpg 768w, https:\/\/www.walraven.com\/de\/wp-content\/uploads\/sites\/4\/2019\/02\/Walraven-Tobias-Weber_RGB-744x1024.jpg 744w, https:\/\/www.walraven.com\/de\/wp-content\/uploads\/sites\/4\/2019\/02\/Walraven-Tobias-Weber_RGB-222x305.jpg 222w, https:\/\/www.walraven.com\/de\/wp-content\/uploads\/sites\/4\/2019\/02\/Walraven-Tobias-Weber_RGB-277x381.jpg 277w, https:\/\/www.walraven.com\/de\/wp-content\/uploads\/sites\/4\/2019\/02\/Walraven-Tobias-Weber_RGB-160x220.jpg 160w\" sizes=\"auto, (max-width: 145px) 100vw, 145px\" \/><\/a><\/strong><\/p>\n<p style=\"padding-left: 30px\">Word-Dokument:\u00a0<a href=\"https:\/\/www.walraven.com\/wp-content\/uploads\/sites\/4\/2019\/02\/Walraven-neuer-Mitarbeiter-Tobias-Weber.docx\" target=\"_blank\" rel=\"noopener\">Walraven neuer Mitarbeiter Tobias Weber.docx<\/a><\/p>\n<p>&nbsp;<\/p>\n<p style=\"padding-left: 30px\">Foto: <a href=\"https:\/\/www.walraven.com\/wp-content\/uploads\/sites\/4\/2019\/02\/Walraven-Tobias-Weber_RGB.jpg\" target=\"_blank\" rel=\"noopener\">Walraven-Tobias-Weber<\/a><\/p>\n<p style=\"padding-left: 30px\">Foto: Walraven<\/p>\n","protected":false},"excerpt":{"rendered":"<p>Tobias Weber folgt dem in den Ruhestand gehenden Uwe Kirchherr Tobias Weber ist Nachfolger des in den Ruhestand gehenden Uwe Kirchherr als Walraven-Gebietsverkaufsleiter Projektgesch\u00e4ft Baden-W\u00fcrttemberg (Ost). Der 47-J\u00e4hrige gelernte Gas- und Wasserinstallateur mit langj\u00e4hriger Erfahrung als Key Account Manager Projektgesch\u00e4ft Brandschutz und Gebietsverkaufsleiter m\u00f6chte Menschen begeistern, das ist seine Herausforderung. Denn \u201eWalraven hat meiner Meinung [&hellip;]<\/p>\n","protected":false},"author":9,"featured_media":0,"parent":71852,"menu_order":0,"comment_status":"closed","ping_status":"closed","template":"","meta":{"_acf_changed":false,"footnotes":""},"class_list":["post-71999","page","type-page","status-publish","hentry"],"acf":[],"yoast_head":"<!-- This site is optimized with the Yoast SEO Premium plugin v27.3 (Yoast SEO v27.3) - https:\/\/yoast.com\/product\/yoast-seo-premium-wordpress\/ -->\n<title>Neuer Walraven-Gebietsverkaufsleiter Projektgesch\u00e4ft Baden-W\u00fcrttemberg (Ost) - Walraven Deutschland<\/title>\n<meta name=\"description\" content=\"Pressemeldung Walraven: Tobias Weber folgt dem in den Ruhestand gehenden Uwe Kirchherr.\" \/>\n<meta name=\"robots\" content=\"index, follow, max-snippet:-1, max-image-preview:large, max-video-preview:-1\" \/>\n<link rel=\"canonical\" href=\"https:\/\/www.walraven.com\/de\/ueber-walraven\/aktuelles\/pressemitteilungen\/pressemeldungen-fruehjahr-2019\/neuer-walraven-gebietsverkaufsleiter-projektgeschaeft-baden-wuerttemberg-ost\/\" \/>\n<meta property=\"og:locale\" content=\"de_DE\" \/>\n<meta property=\"og:type\" content=\"article\" \/>\n<meta property=\"og:title\" content=\"Neuer Walraven-Gebietsverkaufsleiter Projektgesch\u00e4ft Baden-W\u00fcrttemberg (Ost)\" \/>\n<meta property=\"og:description\" content=\"Pressemeldung Walraven: Tobias Weber folgt dem in den Ruhestand gehenden Uwe Kirchherr.\" \/>\n<meta property=\"og:url\" content=\"https:\/\/www.walraven.com\/de\/ueber-walraven\/aktuelles\/pressemitteilungen\/pressemeldungen-fruehjahr-2019\/neuer-walraven-gebietsverkaufsleiter-projektgeschaeft-baden-wuerttemberg-ost\/\" \/>\n<meta property=\"og:site_name\" content=\"Walraven Deutschland\" \/>\n<meta property=\"article:publisher\" content=\"https:\/\/www.facebook.com\/Walraven.GmbH\" \/>\n<meta property=\"article:modified_time\" content=\"2019-02-21T11:41:51+00:00\" \/>\n<meta property=\"og:image\" content=\"https:\/\/www.walraven.com\/de\/wp-content\/uploads\/sites\/4\/2019\/02\/Walraven-Tobias-Weber_RGB.jpg\" \/>\n\t<meta property=\"og:image:width\" content=\"1030\" \/>\n\t<meta property=\"og:image:height\" content=\"1417\" \/>\n\t<meta property=\"og:image:type\" content=\"image\/jpeg\" \/>\n<meta name=\"twitter:card\" content=\"summary_large_image\" \/>\n<meta name=\"twitter:site\" content=\"@BIS_Tech\" \/>\n<meta name=\"twitter:label1\" content=\"Gesch\u00e4tzte Lesezeit\" \/>\n\t<meta name=\"twitter:data1\" content=\"1\u00a0Minute\" \/>\n<script type=\"application\/ld+json\" class=\"yoast-schema-graph\">{\"@context\":\"https:\\\/\\\/schema.org\",\"@graph\":[{\"@type\":\"WebPage\",\"@id\":\"https:\\\/\\\/www.walraven.com\\\/de\\\/ueber-walraven\\\/aktuelles\\\/pressemitteilungen\\\/pressemeldungen-fruehjahr-2019\\\/neuer-walraven-gebietsverkaufsleiter-projektgeschaeft-baden-wuerttemberg-ost\\\/\",\"url\":\"https:\\\/\\\/www.walraven.com\\\/de\\\/ueber-walraven\\\/aktuelles\\\/pressemitteilungen\\\/pressemeldungen-fruehjahr-2019\\\/neuer-walraven-gebietsverkaufsleiter-projektgeschaeft-baden-wuerttemberg-ost\\\/\",\"name\":\"Neuer Walraven-Gebietsverkaufsleiter Projektgesch\u00e4ft Baden-W\u00fcrttemberg (Ost) - Walraven Deutschland\",\"isPartOf\":{\"@id\":\"https:\\\/\\\/www.walraven.com\\\/de\\\/#website\"},\"primaryImageOfPage\":{\"@id\":\"https:\\\/\\\/www.walraven.com\\\/de\\\/ueber-walraven\\\/aktuelles\\\/pressemitteilungen\\\/pressemeldungen-fruehjahr-2019\\\/neuer-walraven-gebietsverkaufsleiter-projektgeschaeft-baden-wuerttemberg-ost\\\/#primaryimage\"},\"image\":{\"@id\":\"https:\\\/\\\/www.walraven.com\\\/de\\\/ueber-walraven\\\/aktuelles\\\/pressemitteilungen\\\/pressemeldungen-fruehjahr-2019\\\/neuer-walraven-gebietsverkaufsleiter-projektgeschaeft-baden-wuerttemberg-ost\\\/#primaryimage\"},\"thumbnailUrl\":\"https:\\\/\\\/www.walraven.com\\\/wp-content\\\/uploads\\\/sites\\\/4\\\/2019\\\/02\\\/Walraven-Tobias-Weber_RGB.jpg\",\"datePublished\":\"2019-02-21T10:14:50+00:00\",\"dateModified\":\"2019-02-21T11:41:51+00:00\",\"description\":\"Pressemeldung Walraven: Tobias Weber folgt dem in den Ruhestand gehenden Uwe Kirchherr.\",\"breadcrumb\":{\"@id\":\"https:\\\/\\\/www.walraven.com\\\/de\\\/ueber-walraven\\\/aktuelles\\\/pressemitteilungen\\\/pressemeldungen-fruehjahr-2019\\\/neuer-walraven-gebietsverkaufsleiter-projektgeschaeft-baden-wuerttemberg-ost\\\/#breadcrumb\"},\"inLanguage\":\"de\",\"potentialAction\":[{\"@type\":\"ReadAction\",\"target\":[\"https:\\\/\\\/www.walraven.com\\\/de\\\/ueber-walraven\\\/aktuelles\\\/pressemitteilungen\\\/pressemeldungen-fruehjahr-2019\\\/neuer-walraven-gebietsverkaufsleiter-projektgeschaeft-baden-wuerttemberg-ost\\\/\"]}]},{\"@type\":\"ImageObject\",\"inLanguage\":\"de\",\"@id\":\"https:\\\/\\\/www.walraven.com\\\/de\\\/ueber-walraven\\\/aktuelles\\\/pressemitteilungen\\\/pressemeldungen-fruehjahr-2019\\\/neuer-walraven-gebietsverkaufsleiter-projektgeschaeft-baden-wuerttemberg-ost\\\/#primaryimage\",\"url\":\"https:\\\/\\\/www.walraven.com\\\/wp-content\\\/uploads\\\/sites\\\/4\\\/2019\\\/02\\\/Walraven-Tobias-Weber_RGB.jpg\",\"contentUrl\":\"https:\\\/\\\/www.walraven.com\\\/wp-content\\\/uploads\\\/sites\\\/4\\\/2019\\\/02\\\/Walraven-Tobias-Weber_RGB.jpg\"},{\"@type\":\"BreadcrumbList\",\"@id\":\"https:\\\/\\\/www.walraven.com\\\/de\\\/ueber-walraven\\\/aktuelles\\\/pressemitteilungen\\\/pressemeldungen-fruehjahr-2019\\\/neuer-walraven-gebietsverkaufsleiter-projektgeschaeft-baden-wuerttemberg-ost\\\/#breadcrumb\",\"itemListElement\":[{\"@type\":\"ListItem\",\"position\":1,\"name\":\"Startseite\",\"item\":\"https:\\\/\\\/www.walraven.com\\\/de\\\/\"},{\"@type\":\"ListItem\",\"position\":2,\"name\":\"Walraven Group\",\"item\":\"https:\\\/\\\/www.walraven.com\\\/de\\\/ueber-walraven\\\/\"},{\"@type\":\"ListItem\",\"position\":3,\"name\":\"News\",\"item\":\"https:\\\/\\\/www.walraven.com\\\/de\\\/ueber-walraven\\\/aktuelles\\\/\"},{\"@type\":\"ListItem\",\"position\":4,\"name\":\"Pressemitteilungen\",\"item\":\"https:\\\/\\\/www.walraven.com\\\/de\\\/ueber-walraven\\\/aktuelles\\\/pressemitteilungen\\\/\"},{\"@type\":\"ListItem\",\"position\":5,\"name\":\"Pressemeldungen Fr\u00fchjahr 2019\",\"item\":\"https:\\\/\\\/www.walraven.com\\\/de\\\/ueber-walraven\\\/aktuelles\\\/pressemitteilungen\\\/pressemeldungen-fruehjahr-2019\\\/\"},{\"@type\":\"ListItem\",\"position\":6,\"name\":\"Neuer Walraven-Gebietsverkaufsleiter Projektgesch\u00e4ft Baden-W\u00fcrttemberg (Ost)\"}]},{\"@type\":\"WebSite\",\"@id\":\"https:\\\/\\\/www.walraven.com\\\/de\\\/#website\",\"url\":\"https:\\\/\\\/www.walraven.com\\\/de\\\/\",\"name\":\"Walraven Deutschland\",\"description\":\"\",\"publisher\":{\"@id\":\"https:\\\/\\\/www.walraven.com\\\/de\\\/#organization\"},\"potentialAction\":[{\"@type\":\"SearchAction\",\"target\":{\"@type\":\"EntryPoint\",\"urlTemplate\":\"https:\\\/\\\/www.walraven.com\\\/de\\\/?s={search_term_string}\"},\"query-input\":{\"@type\":\"PropertyValueSpecification\",\"valueRequired\":true,\"valueName\":\"search_term_string\"}}],\"inLanguage\":\"de\"},{\"@type\":\"Organization\",\"@id\":\"https:\\\/\\\/www.walraven.com\\\/de\\\/#organization\",\"name\":\"Walraven GmbH\",\"alternateName\":\"Walraven GmbH\",\"url\":\"https:\\\/\\\/www.walraven.com\\\/de\\\/\",\"logo\":{\"@type\":\"ImageObject\",\"inLanguage\":\"de\",\"@id\":\"https:\\\/\\\/www.walraven.com\\\/de\\\/#\\\/schema\\\/logo\\\/image\\\/\",\"url\":\"https:\\\/\\\/www.walraven.com\\\/de\\\/wp-content\\\/uploads\\\/sites\\\/4\\\/2023\\\/12\\\/Walraven_logo300x300.jpg\",\"contentUrl\":\"https:\\\/\\\/www.walraven.com\\\/de\\\/wp-content\\\/uploads\\\/sites\\\/4\\\/2023\\\/12\\\/Walraven_logo300x300.jpg\",\"width\":300,\"height\":300,\"caption\":\"Walraven GmbH\"},\"image\":{\"@id\":\"https:\\\/\\\/www.walraven.com\\\/de\\\/#\\\/schema\\\/logo\\\/image\\\/\"},\"sameAs\":[\"https:\\\/\\\/www.facebook.com\\\/Walraven.GmbH\",\"https:\\\/\\\/x.com\\\/BIS_Tech\",\"https:\\\/\\\/www.youtube.com\\\/WalravenDE\",\"https:\\\/\\\/www.linkedin.com\\\/company\\\/walraven-gmbh\",\"https:\\\/\\\/www.instagram.com\\\/walraven.gmbh\\\/\"]}]}<\/script>\n<!-- \/ Yoast SEO Premium plugin. -->","yoast_head_json":{"title":"Neuer Walraven-Gebietsverkaufsleiter Projektgesch\u00e4ft Baden-W\u00fcrttemberg (Ost) - Walraven Deutschland","description":"Pressemeldung Walraven: Tobias Weber folgt dem in den Ruhestand gehenden Uwe Kirchherr.","robots":{"index":"index","follow":"follow","max-snippet":"max-snippet:-1","max-image-preview":"max-image-preview:large","max-video-preview":"max-video-preview:-1"},"canonical":"https:\/\/www.walraven.com\/de\/ueber-walraven\/aktuelles\/pressemitteilungen\/pressemeldungen-fruehjahr-2019\/neuer-walraven-gebietsverkaufsleiter-projektgeschaeft-baden-wuerttemberg-ost\/","og_locale":"de_DE","og_type":"article","og_title":"Neuer Walraven-Gebietsverkaufsleiter Projektgesch\u00e4ft Baden-W\u00fcrttemberg (Ost)","og_description":"Pressemeldung Walraven: Tobias Weber folgt dem in den Ruhestand gehenden Uwe Kirchherr.","og_url":"https:\/\/www.walraven.com\/de\/ueber-walraven\/aktuelles\/pressemitteilungen\/pressemeldungen-fruehjahr-2019\/neuer-walraven-gebietsverkaufsleiter-projektgeschaeft-baden-wuerttemberg-ost\/","og_site_name":"Walraven Deutschland","article_publisher":"https:\/\/www.facebook.com\/Walraven.GmbH","article_modified_time":"2019-02-21T11:41:51+00:00","og_image":[{"width":1030,"height":1417,"url":"https:\/\/www.walraven.com\/de\/wp-content\/uploads\/sites\/4\/2019\/02\/Walraven-Tobias-Weber_RGB.jpg","type":"image\/jpeg"}],"twitter_card":"summary_large_image","twitter_site":"@BIS_Tech","twitter_misc":{"Gesch\u00e4tzte Lesezeit":"1\u00a0Minute"},"schema":{"@context":"https:\/\/schema.org","@graph":[{"@type":"WebPage","@id":"https:\/\/www.walraven.com\/de\/ueber-walraven\/aktuelles\/pressemitteilungen\/pressemeldungen-fruehjahr-2019\/neuer-walraven-gebietsverkaufsleiter-projektgeschaeft-baden-wuerttemberg-ost\/","url":"https:\/\/www.walraven.com\/de\/ueber-walraven\/aktuelles\/pressemitteilungen\/pressemeldungen-fruehjahr-2019\/neuer-walraven-gebietsverkaufsleiter-projektgeschaeft-baden-wuerttemberg-ost\/","name":"Neuer Walraven-Gebietsverkaufsleiter Projektgesch\u00e4ft Baden-W\u00fcrttemberg (Ost) - Walraven Deutschland","isPartOf":{"@id":"https:\/\/www.walraven.com\/de\/#website"},"primaryImageOfPage":{"@id":"https:\/\/www.walraven.com\/de\/ueber-walraven\/aktuelles\/pressemitteilungen\/pressemeldungen-fruehjahr-2019\/neuer-walraven-gebietsverkaufsleiter-projektgeschaeft-baden-wuerttemberg-ost\/#primaryimage"},"image":{"@id":"https:\/\/www.walraven.com\/de\/ueber-walraven\/aktuelles\/pressemitteilungen\/pressemeldungen-fruehjahr-2019\/neuer-walraven-gebietsverkaufsleiter-projektgeschaeft-baden-wuerttemberg-ost\/#primaryimage"},"thumbnailUrl":"https:\/\/www.walraven.com\/wp-content\/uploads\/sites\/4\/2019\/02\/Walraven-Tobias-Weber_RGB.jpg","datePublished":"2019-02-21T10:14:50+00:00","dateModified":"2019-02-21T11:41:51+00:00","description":"Pressemeldung Walraven: Tobias Weber folgt dem in den Ruhestand gehenden Uwe Kirchherr.","breadcrumb":{"@id":"https:\/\/www.walraven.com\/de\/ueber-walraven\/aktuelles\/pressemitteilungen\/pressemeldungen-fruehjahr-2019\/neuer-walraven-gebietsverkaufsleiter-projektgeschaeft-baden-wuerttemberg-ost\/#breadcrumb"},"inLanguage":"de","potentialAction":[{"@type":"ReadAction","target":["https:\/\/www.walraven.com\/de\/ueber-walraven\/aktuelles\/pressemitteilungen\/pressemeldungen-fruehjahr-2019\/neuer-walraven-gebietsverkaufsleiter-projektgeschaeft-baden-wuerttemberg-ost\/"]}]},{"@type":"ImageObject","inLanguage":"de","@id":"https:\/\/www.walraven.com\/de\/ueber-walraven\/aktuelles\/pressemitteilungen\/pressemeldungen-fruehjahr-2019\/neuer-walraven-gebietsverkaufsleiter-projektgeschaeft-baden-wuerttemberg-ost\/#primaryimage","url":"https:\/\/www.walraven.com\/wp-content\/uploads\/sites\/4\/2019\/02\/Walraven-Tobias-Weber_RGB.jpg","contentUrl":"https:\/\/www.walraven.com\/wp-content\/uploads\/sites\/4\/2019\/02\/Walraven-Tobias-Weber_RGB.jpg"},{"@type":"BreadcrumbList","@id":"https:\/\/www.walraven.com\/de\/ueber-walraven\/aktuelles\/pressemitteilungen\/pressemeldungen-fruehjahr-2019\/neuer-walraven-gebietsverkaufsleiter-projektgeschaeft-baden-wuerttemberg-ost\/#breadcrumb","itemListElement":[{"@type":"ListItem","position":1,"name":"Startseite","item":"https:\/\/www.walraven.com\/de\/"},{"@type":"ListItem","position":2,"name":"Walraven Group","item":"https:\/\/www.walraven.com\/de\/ueber-walraven\/"},{"@type":"ListItem","position":3,"name":"News","item":"https:\/\/www.walraven.com\/de\/ueber-walraven\/aktuelles\/"},{"@type":"ListItem","position":4,"name":"Pressemitteilungen","item":"https:\/\/www.walraven.com\/de\/ueber-walraven\/aktuelles\/pressemitteilungen\/"},{"@type":"ListItem","position":5,"name":"Pressemeldungen Fr\u00fchjahr 2019","item":"https:\/\/www.walraven.com\/de\/ueber-walraven\/aktuelles\/pressemitteilungen\/pressemeldungen-fruehjahr-2019\/"},{"@type":"ListItem","position":6,"name":"Neuer Walraven-Gebietsverkaufsleiter Projektgesch\u00e4ft Baden-W\u00fcrttemberg (Ost)"}]},{"@type":"WebSite","@id":"https:\/\/www.walraven.com\/de\/#website","url":"https:\/\/www.walraven.com\/de\/","name":"Walraven Deutschland","description":"","publisher":{"@id":"https:\/\/www.walraven.com\/de\/#organization"},"potentialAction":[{"@type":"SearchAction","target":{"@type":"EntryPoint","urlTemplate":"https:\/\/www.walraven.com\/de\/?s={search_term_string}"},"query-input":{"@type":"PropertyValueSpecification","valueRequired":true,"valueName":"search_term_string"}}],"inLanguage":"de"},{"@type":"Organization","@id":"https:\/\/www.walraven.com\/de\/#organization","name":"Walraven GmbH","alternateName":"Walraven GmbH","url":"https:\/\/www.walraven.com\/de\/","logo":{"@type":"ImageObject","inLanguage":"de","@id":"https:\/\/www.walraven.com\/de\/#\/schema\/logo\/image\/","url":"https:\/\/www.walraven.com\/de\/wp-content\/uploads\/sites\/4\/2023\/12\/Walraven_logo300x300.jpg","contentUrl":"https:\/\/www.walraven.com\/de\/wp-content\/uploads\/sites\/4\/2023\/12\/Walraven_logo300x300.jpg","width":300,"height":300,"caption":"Walraven GmbH"},"image":{"@id":"https:\/\/www.walraven.com\/de\/#\/schema\/logo\/image\/"},"sameAs":["https:\/\/www.facebook.com\/Walraven.GmbH","https:\/\/x.com\/BIS_Tech","https:\/\/www.youtube.com\/WalravenDE","https:\/\/www.linkedin.com\/company\/walraven-gmbh","https:\/\/www.instagram.com\/walraven.gmbh\/"]}]}},"_links":{"self":[{"href":"https:\/\/www.walraven.com\/de\/wp-json\/wp\/v2\/pages\/71999","targetHints":{"allow":["GET"]}}],"collection":[{"href":"https:\/\/www.walraven.com\/de\/wp-json\/wp\/v2\/pages"}],"about":[{"href":"https:\/\/www.walraven.com\/de\/wp-json\/wp\/v2\/types\/page"}],"author":[{"embeddable":true,"href":"https:\/\/www.walraven.com\/de\/wp-json\/wp\/v2\/users\/9"}],"replies":[{"embeddable":true,"href":"https:\/\/www.walraven.com\/de\/wp-json\/wp\/v2\/comments?post=71999"}],"version-history":[{"count":2,"href":"https:\/\/www.walraven.com\/de\/wp-json\/wp\/v2\/pages\/71999\/revisions"}],"predecessor-version":[{"id":72023,"href":"https:\/\/www.walraven.com\/de\/wp-json\/wp\/v2\/pages\/71999\/revisions\/72023"}],"up":[{"embeddable":true,"href":"https:\/\/www.walraven.com\/de\/wp-json\/wp\/v2\/pages\/71852"}],"wp:attachment":[{"href":"https:\/\/www.walraven.com\/de\/wp-json\/wp\/v2\/media?parent=71999"}],"curies":[{"name":"wp","href":"https:\/\/api.w.org\/{rel}","templated":true}]}}