{"id":72871,"date":"2019-07-03T14:27:59","date_gmt":"2019-07-03T12:27:59","guid":{"rendered":"https:\/\/www.walraven.com\/de\/?page_id=72871"},"modified":"2026-01-19T15:56:42","modified_gmt":"2026-01-19T14:56:42","slug":"kleine-aenderungen-mit-grosser-wirkung-update","status":"publish","type":"page","link":"https:\/\/www.walraven.com\/de\/ueber-walraven\/aktuelles\/pressemitteilungen\/pressemeldungen-fruehjahr-2019\/kleine-aenderungen-mit-grosser-wirkung-update\/","title":{"rendered":"Kleine \u00c4nderungen mit gro\u00dfer Wirkung"},"content":{"rendered":"<p><strong>Runderneuerte Zweischraubenschellen Walraven Bifix G2 und Walraven KSB2<\/strong><\/p>\n<p>Nutzen stiftende, genial einfache L\u00f6sungen in Bezug auf Produktsysteme, Kompetenz und Serviceleistungen: Das Walraven-Markenversprechen \u201eThe value of smart\u201c spiegeln die komplett \u00fcberarbeiteten <strong>Zweischraubenschellen <a href=\"https:\/\/www.walraven.com\/de\/zweischraubenschellen\/walraven-bifix-g2\/\" target=\"_blank\" rel=\"noopener noreferrer\">Walraven Bifix G2<\/a> und <a href=\"https:\/\/www.walraven.com\/de\/zweischraubenschellen\/walraven-ksb2\/\" target=\"_blank\" rel=\"noopener noreferrer\">Walraven KSB2<\/a><\/strong>. Sie zeigen, was kleine \u00c4nderungen bewirken.<\/p>\n<p>Optimiere Schellengeometrie, robuster Sicherheitsschnellverschluss und eine formstabil eingepasste Schallschutzeinlage sind Nutzen stiftende Weiterentwicklungen. Rohre lassen sich bewegen, die Schallschutzeinlage der neuen Zweischraubenschellen verbleibt sicher in der Schelle. Erw\u00e4hnenswert auch das noch schnellere und einfachere Schlie\u00dfen der Schelle.<\/p>\n<p>Smarte \u00c4nderungen mit gro\u00dfen praktischen Auswirkungen. Und dasbei allen Schellen f\u00fcr Rohrdurchmesser von zehn bis 225 Millimeter.<\/p>\n<p>Zudem wird die Schelle Walraven KSB2 nach RAL-GZ 655 getestet und g\u00fctegesichert, die Walraven Bifix G2 nach RAL-GZ 655 und RAL-GZ 656 (brandgepr\u00fcft).<\/p>\n<p>Im Rahmen der \u00dcberarbeitung wurde dem Walraven Bifix G2-Produktprogramm eine perfekt auf DN 90-Abwasserrohre angepasste Abmessung hinzugef\u00fcgt. Passend, egal, ob mit oder ohne 4 mm PE\u2010Schallschutzschlauch gearbeitet wird.<\/p>\n<p>Kleine \u00c4nderungen mit gro\u00dfen Wirkungen. Jetzt sind die Zweischraubenschellen Walraven Bifix G2 und Walraven KSB2 noch \u201esmarter&#8220;.<\/p>\n<p>&nbsp;<\/p>\n<p><strong>Downloads, Foto und Bildtext:<\/strong><\/p>\n<p style=\"padding-left: 30px;\">Word-Dokument:\u00a0<a href=\"https:\/\/www.walraven.com\/wp-content\/uploads\/sites\/4\/2019\/07\/Zweischraubenschellen-Bifix-G2-und-KSB2-Update.docx\" target=\"_blank\" rel=\"noopener noreferrer\">Zweischraubenschellen Walraven Bifix G2 und Walraven KSB2.docx<\/a><\/p>\n<p style=\"padding-left: 30px;\">Foto: <a href=\"https:\/\/www.walraven.com\/wp-content\/uploads\/sites\/4\/2019\/02\/Zweischraubenschellen-BIS-Bifix-G2-und-BIS-KSB2-RGB.jpg\" target=\"_blank\" rel=\"noopener noreferrer\">Zweischraubenschellen Walraven Bifix G2 und Walraven KSB2<\/a><a href=\"https:\/\/www.walraven.com\/wp-content\/uploads\/sites\/4\/2019\/02\/Zweischraubenschellen-BIS-Bifix-G2-und-BIS-KSB2-RGB.jpg\" target=\"_blank\" rel=\"noopener noreferrer\"><img loading=\"lazy\" decoding=\"async\" class=\"wp-image-71882 size-medium alignright\" src=\"https:\/\/www.walraven.com\/wp-content\/uploads\/sites\/4\/2019\/02\/Zweischraubenschellen-BIS-Bifix-G2-und-BIS-KSB2-RGB-300x300.jpg\" alt=\"\" width=\"300\" height=\"300\" srcset=\"https:\/\/www.walraven.com\/de\/wp-content\/uploads\/sites\/4\/2019\/02\/Zweischraubenschellen-BIS-Bifix-G2-und-BIS-KSB2-RGB-300x300.jpg 300w, https:\/\/www.walraven.com\/de\/wp-content\/uploads\/sites\/4\/2019\/02\/Zweischraubenschellen-BIS-Bifix-G2-und-BIS-KSB2-RGB-150x150.jpg 150w, https:\/\/www.walraven.com\/de\/wp-content\/uploads\/sites\/4\/2019\/02\/Zweischraubenschellen-BIS-Bifix-G2-und-BIS-KSB2-RGB-768x767.jpg 768w, https:\/\/www.walraven.com\/de\/wp-content\/uploads\/sites\/4\/2019\/02\/Zweischraubenschellen-BIS-Bifix-G2-und-BIS-KSB2-RGB-60x60.jpg 60w, https:\/\/www.walraven.com\/de\/wp-content\/uploads\/sites\/4\/2019\/02\/Zweischraubenschellen-BIS-Bifix-G2-und-BIS-KSB2-RGB-400x400.jpg 400w, https:\/\/www.walraven.com\/de\/wp-content\/uploads\/sites\/4\/2019\/02\/Zweischraubenschellen-BIS-Bifix-G2-und-BIS-KSB2-RGB-305x305.jpg 305w, https:\/\/www.walraven.com\/de\/wp-content\/uploads\/sites\/4\/2019\/02\/Zweischraubenschellen-BIS-Bifix-G2-und-BIS-KSB2-RGB-381x381.jpg 381w, https:\/\/www.walraven.com\/de\/wp-content\/uploads\/sites\/4\/2019\/02\/Zweischraubenschellen-BIS-Bifix-G2-und-BIS-KSB2-RGB.jpg 936w\" sizes=\"auto, (max-width: 300px) 100vw, 300px\" \/><\/a><\/p>\n<p style=\"padding-left: 30px;\">Noch leistungsf\u00e4higer durch kleine \u00c4nderungen: die Zweischraubenschellen Walraven KSB2 und Walraven Bifix G2.<\/p>\n<p style=\"padding-left: 30px;\">Bild: Walraven<\/p>\n","protected":false},"excerpt":{"rendered":"<p>Runderneuerte Zweischraubenschellen Walraven Bifix G2 und Walraven KSB2 Nutzen stiftende, genial einfache L\u00f6sungen in Bezug auf Produktsysteme, Kompetenz und Serviceleistungen: Das Walraven-Markenversprechen \u201eThe value of smart\u201c spiegeln die komplett \u00fcberarbeiteten Zweischraubenschellen Walraven Bifix G2 und Walraven KSB2. Sie zeigen, was kleine \u00c4nderungen bewirken. Optimiere Schellengeometrie, robuster Sicherheitsschnellverschluss und eine formstabil eingepasste Schallschutzeinlage sind Nutzen stiftende [&hellip;]<\/p>\n","protected":false},"author":9,"featured_media":0,"parent":71852,"menu_order":0,"comment_status":"closed","ping_status":"closed","template":"","meta":{"_acf_changed":false,"footnotes":""},"class_list":["post-72871","page","type-page","status-publish","hentry"],"acf":[],"yoast_head":"<!-- This site is optimized with the Yoast SEO Premium plugin v27.3 (Yoast SEO v27.3) - https:\/\/yoast.com\/product\/yoast-seo-premium-wordpress\/ -->\n<title>Kleine \u00c4nderungen mit gro\u00dfer Wirkung - Walraven Deutschland<\/title>\n<meta name=\"robots\" content=\"index, follow, max-snippet:-1, max-image-preview:large, max-video-preview:-1\" \/>\n<link rel=\"canonical\" href=\"https:\/\/www.walraven.com\/de\/ueber-walraven\/aktuelles\/pressemitteilungen\/pressemeldungen-fruehjahr-2019\/kleine-aenderungen-mit-grosser-wirkung-update\/\" \/>\n<meta property=\"og:locale\" content=\"de_DE\" \/>\n<meta property=\"og:type\" content=\"article\" \/>\n<meta property=\"og:title\" content=\"Kleine \u00c4nderungen mit gro\u00dfer Wirkung\" \/>\n<meta property=\"og:description\" content=\"Runderneuerte Zweischraubenschellen Walraven Bifix G2 und Walraven KSB2 Nutzen stiftende, genial einfache L\u00f6sungen in Bezug auf Produktsysteme, Kompetenz und Serviceleistungen: Das Walraven-Markenversprechen \u201eThe value of smart\u201c spiegeln die komplett \u00fcberarbeiteten Zweischraubenschellen Walraven Bifix G2 und Walraven KSB2. Sie zeigen, was kleine \u00c4nderungen bewirken. Optimiere Schellengeometrie, robuster Sicherheitsschnellverschluss und eine formstabil eingepasste Schallschutzeinlage sind Nutzen stiftende [&hellip;]\" \/>\n<meta property=\"og:url\" content=\"https:\/\/www.walraven.com\/de\/ueber-walraven\/aktuelles\/pressemitteilungen\/pressemeldungen-fruehjahr-2019\/kleine-aenderungen-mit-grosser-wirkung-update\/\" \/>\n<meta property=\"og:site_name\" content=\"Walraven Deutschland\" \/>\n<meta property=\"article:publisher\" content=\"https:\/\/www.facebook.com\/Walraven.GmbH\" \/>\n<meta property=\"article:modified_time\" content=\"2026-01-19T14:56:42+00:00\" \/>\n<meta property=\"og:image\" content=\"https:\/\/www.walraven.com\/de\/wp-content\/uploads\/sites\/4\/2019\/02\/Zweischraubenschellen-BIS-Bifix-G2-und-BIS-KSB2-RGB.jpg\" \/>\n\t<meta property=\"og:image:width\" content=\"936\" \/>\n\t<meta property=\"og:image:height\" content=\"935\" \/>\n\t<meta property=\"og:image:type\" content=\"image\/jpeg\" \/>\n<meta name=\"twitter:card\" content=\"summary_large_image\" \/>\n<meta name=\"twitter:site\" content=\"@BIS_Tech\" \/>\n<meta name=\"twitter:label1\" content=\"Gesch\u00e4tzte Lesezeit\" \/>\n\t<meta name=\"twitter:data1\" content=\"2\u00a0Minuten\" \/>\n<script type=\"application\/ld+json\" class=\"yoast-schema-graph\">{\"@context\":\"https:\\\/\\\/schema.org\",\"@graph\":[{\"@type\":\"WebPage\",\"@id\":\"https:\\\/\\\/www.walraven.com\\\/de\\\/ueber-walraven\\\/aktuelles\\\/pressemitteilungen\\\/pressemeldungen-fruehjahr-2019\\\/kleine-aenderungen-mit-grosser-wirkung-update\\\/\",\"url\":\"https:\\\/\\\/www.walraven.com\\\/de\\\/ueber-walraven\\\/aktuelles\\\/pressemitteilungen\\\/pressemeldungen-fruehjahr-2019\\\/kleine-aenderungen-mit-grosser-wirkung-update\\\/\",\"name\":\"Kleine \u00c4nderungen mit gro\u00dfer Wirkung - Walraven Deutschland\",\"isPartOf\":{\"@id\":\"https:\\\/\\\/www.walraven.com\\\/de\\\/#website\"},\"primaryImageOfPage\":{\"@id\":\"https:\\\/\\\/www.walraven.com\\\/de\\\/ueber-walraven\\\/aktuelles\\\/pressemitteilungen\\\/pressemeldungen-fruehjahr-2019\\\/kleine-aenderungen-mit-grosser-wirkung-update\\\/#primaryimage\"},\"image\":{\"@id\":\"https:\\\/\\\/www.walraven.com\\\/de\\\/ueber-walraven\\\/aktuelles\\\/pressemitteilungen\\\/pressemeldungen-fruehjahr-2019\\\/kleine-aenderungen-mit-grosser-wirkung-update\\\/#primaryimage\"},\"thumbnailUrl\":\"https:\\\/\\\/www.walraven.com\\\/wp-content\\\/uploads\\\/sites\\\/4\\\/2019\\\/02\\\/Zweischraubenschellen-BIS-Bifix-G2-und-BIS-KSB2-RGB-300x300.jpg\",\"datePublished\":\"2019-07-03T12:27:59+00:00\",\"dateModified\":\"2026-01-19T14:56:42+00:00\",\"breadcrumb\":{\"@id\":\"https:\\\/\\\/www.walraven.com\\\/de\\\/ueber-walraven\\\/aktuelles\\\/pressemitteilungen\\\/pressemeldungen-fruehjahr-2019\\\/kleine-aenderungen-mit-grosser-wirkung-update\\\/#breadcrumb\"},\"inLanguage\":\"de\",\"potentialAction\":[{\"@type\":\"ReadAction\",\"target\":[\"https:\\\/\\\/www.walraven.com\\\/de\\\/ueber-walraven\\\/aktuelles\\\/pressemitteilungen\\\/pressemeldungen-fruehjahr-2019\\\/kleine-aenderungen-mit-grosser-wirkung-update\\\/\"]}]},{\"@type\":\"ImageObject\",\"inLanguage\":\"de\",\"@id\":\"https:\\\/\\\/www.walraven.com\\\/de\\\/ueber-walraven\\\/aktuelles\\\/pressemitteilungen\\\/pressemeldungen-fruehjahr-2019\\\/kleine-aenderungen-mit-grosser-wirkung-update\\\/#primaryimage\",\"url\":\"https:\\\/\\\/www.walraven.com\\\/wp-content\\\/uploads\\\/sites\\\/4\\\/2019\\\/02\\\/Zweischraubenschellen-BIS-Bifix-G2-und-BIS-KSB2-RGB-300x300.jpg\",\"contentUrl\":\"https:\\\/\\\/www.walraven.com\\\/wp-content\\\/uploads\\\/sites\\\/4\\\/2019\\\/02\\\/Zweischraubenschellen-BIS-Bifix-G2-und-BIS-KSB2-RGB-300x300.jpg\"},{\"@type\":\"BreadcrumbList\",\"@id\":\"https:\\\/\\\/www.walraven.com\\\/de\\\/ueber-walraven\\\/aktuelles\\\/pressemitteilungen\\\/pressemeldungen-fruehjahr-2019\\\/kleine-aenderungen-mit-grosser-wirkung-update\\\/#breadcrumb\",\"itemListElement\":[{\"@type\":\"ListItem\",\"position\":1,\"name\":\"Startseite\",\"item\":\"https:\\\/\\\/www.walraven.com\\\/de\\\/\"},{\"@type\":\"ListItem\",\"position\":2,\"name\":\"Walraven Group\",\"item\":\"https:\\\/\\\/www.walraven.com\\\/de\\\/ueber-walraven\\\/\"},{\"@type\":\"ListItem\",\"position\":3,\"name\":\"News\",\"item\":\"https:\\\/\\\/www.walraven.com\\\/de\\\/ueber-walraven\\\/aktuelles\\\/\"},{\"@type\":\"ListItem\",\"position\":4,\"name\":\"Pressemitteilungen\",\"item\":\"https:\\\/\\\/www.walraven.com\\\/de\\\/ueber-walraven\\\/aktuelles\\\/pressemitteilungen\\\/\"},{\"@type\":\"ListItem\",\"position\":5,\"name\":\"Pressemeldungen Fr\u00fchjahr 2019\",\"item\":\"https:\\\/\\\/www.walraven.com\\\/de\\\/ueber-walraven\\\/aktuelles\\\/pressemitteilungen\\\/pressemeldungen-fruehjahr-2019\\\/\"},{\"@type\":\"ListItem\",\"position\":6,\"name\":\"Kleine \u00c4nderungen mit gro\u00dfer Wirkung\"}]},{\"@type\":\"WebSite\",\"@id\":\"https:\\\/\\\/www.walraven.com\\\/de\\\/#website\",\"url\":\"https:\\\/\\\/www.walraven.com\\\/de\\\/\",\"name\":\"Walraven Deutschland\",\"description\":\"\",\"publisher\":{\"@id\":\"https:\\\/\\\/www.walraven.com\\\/de\\\/#organization\"},\"potentialAction\":[{\"@type\":\"SearchAction\",\"target\":{\"@type\":\"EntryPoint\",\"urlTemplate\":\"https:\\\/\\\/www.walraven.com\\\/de\\\/?s={search_term_string}\"},\"query-input\":{\"@type\":\"PropertyValueSpecification\",\"valueRequired\":true,\"valueName\":\"search_term_string\"}}],\"inLanguage\":\"de\"},{\"@type\":\"Organization\",\"@id\":\"https:\\\/\\\/www.walraven.com\\\/de\\\/#organization\",\"name\":\"Walraven GmbH\",\"alternateName\":\"Walraven GmbH\",\"url\":\"https:\\\/\\\/www.walraven.com\\\/de\\\/\",\"logo\":{\"@type\":\"ImageObject\",\"inLanguage\":\"de\",\"@id\":\"https:\\\/\\\/www.walraven.com\\\/de\\\/#\\\/schema\\\/logo\\\/image\\\/\",\"url\":\"https:\\\/\\\/www.walraven.com\\\/de\\\/wp-content\\\/uploads\\\/sites\\\/4\\\/2023\\\/12\\\/Walraven_logo300x300.jpg\",\"contentUrl\":\"https:\\\/\\\/www.walraven.com\\\/de\\\/wp-content\\\/uploads\\\/sites\\\/4\\\/2023\\\/12\\\/Walraven_logo300x300.jpg\",\"width\":300,\"height\":300,\"caption\":\"Walraven GmbH\"},\"image\":{\"@id\":\"https:\\\/\\\/www.walraven.com\\\/de\\\/#\\\/schema\\\/logo\\\/image\\\/\"},\"sameAs\":[\"https:\\\/\\\/www.facebook.com\\\/Walraven.GmbH\",\"https:\\\/\\\/x.com\\\/BIS_Tech\",\"https:\\\/\\\/www.youtube.com\\\/WalravenDE\",\"https:\\\/\\\/www.linkedin.com\\\/company\\\/walraven-gmbh\",\"https:\\\/\\\/www.instagram.com\\\/walraven.gmbh\\\/\"]}]}<\/script>\n<!-- \/ Yoast SEO Premium plugin. -->","yoast_head_json":{"title":"Kleine \u00c4nderungen mit gro\u00dfer Wirkung - Walraven Deutschland","robots":{"index":"index","follow":"follow","max-snippet":"max-snippet:-1","max-image-preview":"max-image-preview:large","max-video-preview":"max-video-preview:-1"},"canonical":"https:\/\/www.walraven.com\/de\/ueber-walraven\/aktuelles\/pressemitteilungen\/pressemeldungen-fruehjahr-2019\/kleine-aenderungen-mit-grosser-wirkung-update\/","og_locale":"de_DE","og_type":"article","og_title":"Kleine \u00c4nderungen mit gro\u00dfer Wirkung","og_description":"Runderneuerte Zweischraubenschellen Walraven Bifix G2 und Walraven KSB2 Nutzen stiftende, genial einfache L\u00f6sungen in Bezug auf Produktsysteme, Kompetenz und Serviceleistungen: Das Walraven-Markenversprechen \u201eThe value of smart\u201c spiegeln die komplett \u00fcberarbeiteten Zweischraubenschellen Walraven Bifix G2 und Walraven KSB2. Sie zeigen, was kleine \u00c4nderungen bewirken. Optimiere Schellengeometrie, robuster Sicherheitsschnellverschluss und eine formstabil eingepasste Schallschutzeinlage sind Nutzen stiftende [&hellip;]","og_url":"https:\/\/www.walraven.com\/de\/ueber-walraven\/aktuelles\/pressemitteilungen\/pressemeldungen-fruehjahr-2019\/kleine-aenderungen-mit-grosser-wirkung-update\/","og_site_name":"Walraven Deutschland","article_publisher":"https:\/\/www.facebook.com\/Walraven.GmbH","article_modified_time":"2026-01-19T14:56:42+00:00","og_image":[{"width":936,"height":935,"url":"https:\/\/www.walraven.com\/de\/wp-content\/uploads\/sites\/4\/2019\/02\/Zweischraubenschellen-BIS-Bifix-G2-und-BIS-KSB2-RGB.jpg","type":"image\/jpeg"}],"twitter_card":"summary_large_image","twitter_site":"@BIS_Tech","twitter_misc":{"Gesch\u00e4tzte Lesezeit":"2\u00a0Minuten"},"schema":{"@context":"https:\/\/schema.org","@graph":[{"@type":"WebPage","@id":"https:\/\/www.walraven.com\/de\/ueber-walraven\/aktuelles\/pressemitteilungen\/pressemeldungen-fruehjahr-2019\/kleine-aenderungen-mit-grosser-wirkung-update\/","url":"https:\/\/www.walraven.com\/de\/ueber-walraven\/aktuelles\/pressemitteilungen\/pressemeldungen-fruehjahr-2019\/kleine-aenderungen-mit-grosser-wirkung-update\/","name":"Kleine \u00c4nderungen mit gro\u00dfer Wirkung - Walraven Deutschland","isPartOf":{"@id":"https:\/\/www.walraven.com\/de\/#website"},"primaryImageOfPage":{"@id":"https:\/\/www.walraven.com\/de\/ueber-walraven\/aktuelles\/pressemitteilungen\/pressemeldungen-fruehjahr-2019\/kleine-aenderungen-mit-grosser-wirkung-update\/#primaryimage"},"image":{"@id":"https:\/\/www.walraven.com\/de\/ueber-walraven\/aktuelles\/pressemitteilungen\/pressemeldungen-fruehjahr-2019\/kleine-aenderungen-mit-grosser-wirkung-update\/#primaryimage"},"thumbnailUrl":"https:\/\/www.walraven.com\/wp-content\/uploads\/sites\/4\/2019\/02\/Zweischraubenschellen-BIS-Bifix-G2-und-BIS-KSB2-RGB-300x300.jpg","datePublished":"2019-07-03T12:27:59+00:00","dateModified":"2026-01-19T14:56:42+00:00","breadcrumb":{"@id":"https:\/\/www.walraven.com\/de\/ueber-walraven\/aktuelles\/pressemitteilungen\/pressemeldungen-fruehjahr-2019\/kleine-aenderungen-mit-grosser-wirkung-update\/#breadcrumb"},"inLanguage":"de","potentialAction":[{"@type":"ReadAction","target":["https:\/\/www.walraven.com\/de\/ueber-walraven\/aktuelles\/pressemitteilungen\/pressemeldungen-fruehjahr-2019\/kleine-aenderungen-mit-grosser-wirkung-update\/"]}]},{"@type":"ImageObject","inLanguage":"de","@id":"https:\/\/www.walraven.com\/de\/ueber-walraven\/aktuelles\/pressemitteilungen\/pressemeldungen-fruehjahr-2019\/kleine-aenderungen-mit-grosser-wirkung-update\/#primaryimage","url":"https:\/\/www.walraven.com\/wp-content\/uploads\/sites\/4\/2019\/02\/Zweischraubenschellen-BIS-Bifix-G2-und-BIS-KSB2-RGB-300x300.jpg","contentUrl":"https:\/\/www.walraven.com\/wp-content\/uploads\/sites\/4\/2019\/02\/Zweischraubenschellen-BIS-Bifix-G2-und-BIS-KSB2-RGB-300x300.jpg"},{"@type":"BreadcrumbList","@id":"https:\/\/www.walraven.com\/de\/ueber-walraven\/aktuelles\/pressemitteilungen\/pressemeldungen-fruehjahr-2019\/kleine-aenderungen-mit-grosser-wirkung-update\/#breadcrumb","itemListElement":[{"@type":"ListItem","position":1,"name":"Startseite","item":"https:\/\/www.walraven.com\/de\/"},{"@type":"ListItem","position":2,"name":"Walraven Group","item":"https:\/\/www.walraven.com\/de\/ueber-walraven\/"},{"@type":"ListItem","position":3,"name":"News","item":"https:\/\/www.walraven.com\/de\/ueber-walraven\/aktuelles\/"},{"@type":"ListItem","position":4,"name":"Pressemitteilungen","item":"https:\/\/www.walraven.com\/de\/ueber-walraven\/aktuelles\/pressemitteilungen\/"},{"@type":"ListItem","position":5,"name":"Pressemeldungen Fr\u00fchjahr 2019","item":"https:\/\/www.walraven.com\/de\/ueber-walraven\/aktuelles\/pressemitteilungen\/pressemeldungen-fruehjahr-2019\/"},{"@type":"ListItem","position":6,"name":"Kleine \u00c4nderungen mit gro\u00dfer Wirkung"}]},{"@type":"WebSite","@id":"https:\/\/www.walraven.com\/de\/#website","url":"https:\/\/www.walraven.com\/de\/","name":"Walraven Deutschland","description":"","publisher":{"@id":"https:\/\/www.walraven.com\/de\/#organization"},"potentialAction":[{"@type":"SearchAction","target":{"@type":"EntryPoint","urlTemplate":"https:\/\/www.walraven.com\/de\/?s={search_term_string}"},"query-input":{"@type":"PropertyValueSpecification","valueRequired":true,"valueName":"search_term_string"}}],"inLanguage":"de"},{"@type":"Organization","@id":"https:\/\/www.walraven.com\/de\/#organization","name":"Walraven GmbH","alternateName":"Walraven GmbH","url":"https:\/\/www.walraven.com\/de\/","logo":{"@type":"ImageObject","inLanguage":"de","@id":"https:\/\/www.walraven.com\/de\/#\/schema\/logo\/image\/","url":"https:\/\/www.walraven.com\/de\/wp-content\/uploads\/sites\/4\/2023\/12\/Walraven_logo300x300.jpg","contentUrl":"https:\/\/www.walraven.com\/de\/wp-content\/uploads\/sites\/4\/2023\/12\/Walraven_logo300x300.jpg","width":300,"height":300,"caption":"Walraven GmbH"},"image":{"@id":"https:\/\/www.walraven.com\/de\/#\/schema\/logo\/image\/"},"sameAs":["https:\/\/www.facebook.com\/Walraven.GmbH","https:\/\/x.com\/BIS_Tech","https:\/\/www.youtube.com\/WalravenDE","https:\/\/www.linkedin.com\/company\/walraven-gmbh","https:\/\/www.instagram.com\/walraven.gmbh\/"]}]}},"_links":{"self":[{"href":"https:\/\/www.walraven.com\/de\/wp-json\/wp\/v2\/pages\/72871","targetHints":{"allow":["GET"]}}],"collection":[{"href":"https:\/\/www.walraven.com\/de\/wp-json\/wp\/v2\/pages"}],"about":[{"href":"https:\/\/www.walraven.com\/de\/wp-json\/wp\/v2\/types\/page"}],"author":[{"embeddable":true,"href":"https:\/\/www.walraven.com\/de\/wp-json\/wp\/v2\/users\/9"}],"replies":[{"embeddable":true,"href":"https:\/\/www.walraven.com\/de\/wp-json\/wp\/v2\/comments?post=72871"}],"version-history":[{"count":5,"href":"https:\/\/www.walraven.com\/de\/wp-json\/wp\/v2\/pages\/72871\/revisions"}],"predecessor-version":[{"id":235109,"href":"https:\/\/www.walraven.com\/de\/wp-json\/wp\/v2\/pages\/72871\/revisions\/235109"}],"up":[{"embeddable":true,"href":"https:\/\/www.walraven.com\/de\/wp-json\/wp\/v2\/pages\/71852"}],"wp:attachment":[{"href":"https:\/\/www.walraven.com\/de\/wp-json\/wp\/v2\/media?parent=72871"}],"curies":[{"name":"wp","href":"https:\/\/api.w.org\/{rel}","templated":true}]}}