{"id":73214,"date":"2019-03-19T13:42:42","date_gmt":"2019-03-19T12:42:42","guid":{"rendered":"https:\/\/www.walraven.com\/en\/?page_id=54155"},"modified":"2025-07-09T17:30:05","modified_gmt":"2025-07-09T15:30:05","slug":"brandgepruefte-befestigungstechnik","status":"publish","type":"page","link":"https:\/\/www.walraven.com\/de\/brandschutzsysteme\/brandgepruefte-befestigungstechnik\/","title":{"rendered":"Brandgepr\u00fcfte Befestigungstechnik"},"content":{"rendered":"","protected":false},"excerpt":{"rendered":"","protected":false},"author":43,"featured_media":0,"parent":73193,"menu_order":0,"comment_status":"closed","ping_status":"closed","template":"page-templates\/tpl-landingspage.php","meta":{"_acf_changed":false,"footnotes":""},"class_list":["post-73214","page","type-page","status-publish","hentry"],"acf":[],"yoast_head":"<!-- This site is optimized with the Yoast SEO Premium plugin v27.3 (Yoast SEO v27.3) - https:\/\/yoast.com\/product\/yoast-seo-premium-wordpress\/ -->\n<title>Brandgepr\u00fcfte Befestigungstechnik - Walraven Deutschland<\/title>\n<meta name=\"description\" content=\"Warum brandgepr\u00fcfte Befestigungstechnik Leben retten kann und wie unsere Experten Sie bei Ihrem Projekt unterst\u00fctzen.\" \/>\n<meta name=\"robots\" content=\"index, follow, max-snippet:-1, max-image-preview:large, max-video-preview:-1\" \/>\n<link rel=\"canonical\" href=\"https:\/\/www.walraven.com\/de\/brandschutzsysteme\/brandgepruefte-befestigungstechnik\/\" \/>\n<meta property=\"og:locale\" content=\"de_DE\" \/>\n<meta property=\"og:type\" content=\"article\" \/>\n<meta property=\"og:title\" content=\"Brandgepr\u00fcfte Befestigungstechnik\" \/>\n<meta property=\"og:description\" content=\"Warum brandgepr\u00fcfte Befestigungstechnik Leben retten kann und wie unsere Experten Sie bei Ihrem Projekt unterst\u00fctzen.\" \/>\n<meta property=\"og:url\" content=\"https:\/\/www.walraven.com\/de\/brandschutzsysteme\/brandgepruefte-befestigungstechnik\/\" \/>\n<meta property=\"og:site_name\" content=\"Walraven Deutschland\" \/>\n<meta property=\"article:publisher\" content=\"https:\/\/www.facebook.com\/Walraven.GmbH\" \/>\n<meta property=\"article:modified_time\" content=\"2025-07-09T15:30:05+00:00\" \/>\n<meta name=\"twitter:card\" content=\"summary_large_image\" \/>\n<meta name=\"twitter:site\" content=\"@BIS_Tech\" \/>\n<meta name=\"twitter:label1\" content=\"Gesch\u00e4tzte Lesezeit\" \/>\n\t<meta name=\"twitter:data1\" content=\"2\u00a0Minuten\" \/>\n<script type=\"application\/ld+json\" class=\"yoast-schema-graph\">{\"@context\":\"https:\\\/\\\/schema.org\",\"@graph\":[{\"@type\":\"WebPage\",\"@id\":\"https:\\\/\\\/www.walraven.com\\\/de\\\/brandschutzsysteme\\\/brandgepruefte-befestigungstechnik\\\/\",\"url\":\"https:\\\/\\\/www.walraven.com\\\/de\\\/brandschutzsysteme\\\/brandgepruefte-befestigungstechnik\\\/\",\"name\":\"Brandgepr\u00fcfte Befestigungstechnik - Walraven Deutschland\",\"isPartOf\":{\"@id\":\"https:\\\/\\\/www.walraven.com\\\/de\\\/#website\"},\"datePublished\":\"2019-03-19T12:42:42+00:00\",\"dateModified\":\"2025-07-09T15:30:05+00:00\",\"description\":\"Warum brandgepr\u00fcfte Befestigungstechnik Leben retten kann und wie unsere Experten Sie bei Ihrem Projekt unterst\u00fctzen.\",\"breadcrumb\":{\"@id\":\"https:\\\/\\\/www.walraven.com\\\/de\\\/brandschutzsysteme\\\/brandgepruefte-befestigungstechnik\\\/#breadcrumb\"},\"inLanguage\":\"de\",\"potentialAction\":[{\"@type\":\"ReadAction\",\"target\":[\"https:\\\/\\\/www.walraven.com\\\/de\\\/brandschutzsysteme\\\/brandgepruefte-befestigungstechnik\\\/\"]}]},{\"@type\":\"BreadcrumbList\",\"@id\":\"https:\\\/\\\/www.walraven.com\\\/de\\\/brandschutzsysteme\\\/brandgepruefte-befestigungstechnik\\\/#breadcrumb\",\"itemListElement\":[{\"@type\":\"ListItem\",\"position\":1,\"name\":\"Startseite\",\"item\":\"https:\\\/\\\/www.walraven.com\\\/de\\\/\"},{\"@type\":\"ListItem\",\"position\":2,\"name\":\"Brandschutz&shy;systeme\",\"item\":\"https:\\\/\\\/www.walraven.com\\\/de\\\/brandschutzsysteme\\\/\"},{\"@type\":\"ListItem\",\"position\":3,\"name\":\"Brandgepr\u00fcfte Befestigungstechnik\"}]},{\"@type\":\"WebSite\",\"@id\":\"https:\\\/\\\/www.walraven.com\\\/de\\\/#website\",\"url\":\"https:\\\/\\\/www.walraven.com\\\/de\\\/\",\"name\":\"Walraven Deutschland\",\"description\":\"\",\"publisher\":{\"@id\":\"https:\\\/\\\/www.walraven.com\\\/de\\\/#organization\"},\"potentialAction\":[{\"@type\":\"SearchAction\",\"target\":{\"@type\":\"EntryPoint\",\"urlTemplate\":\"https:\\\/\\\/www.walraven.com\\\/de\\\/?s={search_term_string}\"},\"query-input\":{\"@type\":\"PropertyValueSpecification\",\"valueRequired\":true,\"valueName\":\"search_term_string\"}}],\"inLanguage\":\"de\"},{\"@type\":\"Organization\",\"@id\":\"https:\\\/\\\/www.walraven.com\\\/de\\\/#organization\",\"name\":\"Walraven GmbH\",\"alternateName\":\"Walraven GmbH\",\"url\":\"https:\\\/\\\/www.walraven.com\\\/de\\\/\",\"logo\":{\"@type\":\"ImageObject\",\"inLanguage\":\"de\",\"@id\":\"https:\\\/\\\/www.walraven.com\\\/de\\\/#\\\/schema\\\/logo\\\/image\\\/\",\"url\":\"https:\\\/\\\/www.walraven.com\\\/de\\\/wp-content\\\/uploads\\\/sites\\\/4\\\/2023\\\/12\\\/Walraven_logo300x300.jpg\",\"contentUrl\":\"https:\\\/\\\/www.walraven.com\\\/de\\\/wp-content\\\/uploads\\\/sites\\\/4\\\/2023\\\/12\\\/Walraven_logo300x300.jpg\",\"width\":300,\"height\":300,\"caption\":\"Walraven GmbH\"},\"image\":{\"@id\":\"https:\\\/\\\/www.walraven.com\\\/de\\\/#\\\/schema\\\/logo\\\/image\\\/\"},\"sameAs\":[\"https:\\\/\\\/www.facebook.com\\\/Walraven.GmbH\",\"https:\\\/\\\/x.com\\\/BIS_Tech\",\"https:\\\/\\\/www.youtube.com\\\/WalravenDE\",\"https:\\\/\\\/www.linkedin.com\\\/company\\\/walraven-gmbh\",\"https:\\\/\\\/www.instagram.com\\\/walraven.gmbh\\\/\"]}]}<\/script>\n<!-- \/ Yoast SEO Premium plugin. -->","yoast_head_json":{"title":"Brandgepr\u00fcfte Befestigungstechnik - Walraven Deutschland","description":"Warum brandgepr\u00fcfte Befestigungstechnik Leben retten kann und wie unsere Experten Sie bei Ihrem Projekt unterst\u00fctzen.","robots":{"index":"index","follow":"follow","max-snippet":"max-snippet:-1","max-image-preview":"max-image-preview:large","max-video-preview":"max-video-preview:-1"},"canonical":"https:\/\/www.walraven.com\/de\/brandschutzsysteme\/brandgepruefte-befestigungstechnik\/","og_locale":"de_DE","og_type":"article","og_title":"Brandgepr\u00fcfte Befestigungstechnik","og_description":"Warum brandgepr\u00fcfte Befestigungstechnik Leben retten kann und wie unsere Experten Sie bei Ihrem Projekt unterst\u00fctzen.","og_url":"https:\/\/www.walraven.com\/de\/brandschutzsysteme\/brandgepruefte-befestigungstechnik\/","og_site_name":"Walraven Deutschland","article_publisher":"https:\/\/www.facebook.com\/Walraven.GmbH","article_modified_time":"2025-07-09T15:30:05+00:00","twitter_card":"summary_large_image","twitter_site":"@BIS_Tech","twitter_misc":{"Gesch\u00e4tzte Lesezeit":"2\u00a0Minuten"},"schema":{"@context":"https:\/\/schema.org","@graph":[{"@type":"WebPage","@id":"https:\/\/www.walraven.com\/de\/brandschutzsysteme\/brandgepruefte-befestigungstechnik\/","url":"https:\/\/www.walraven.com\/de\/brandschutzsysteme\/brandgepruefte-befestigungstechnik\/","name":"Brandgepr\u00fcfte Befestigungstechnik - Walraven Deutschland","isPartOf":{"@id":"https:\/\/www.walraven.com\/de\/#website"},"datePublished":"2019-03-19T12:42:42+00:00","dateModified":"2025-07-09T15:30:05+00:00","description":"Warum brandgepr\u00fcfte Befestigungstechnik Leben retten kann und wie unsere Experten Sie bei Ihrem Projekt unterst\u00fctzen.","breadcrumb":{"@id":"https:\/\/www.walraven.com\/de\/brandschutzsysteme\/brandgepruefte-befestigungstechnik\/#breadcrumb"},"inLanguage":"de","potentialAction":[{"@type":"ReadAction","target":["https:\/\/www.walraven.com\/de\/brandschutzsysteme\/brandgepruefte-befestigungstechnik\/"]}]},{"@type":"BreadcrumbList","@id":"https:\/\/www.walraven.com\/de\/brandschutzsysteme\/brandgepruefte-befestigungstechnik\/#breadcrumb","itemListElement":[{"@type":"ListItem","position":1,"name":"Startseite","item":"https:\/\/www.walraven.com\/de\/"},{"@type":"ListItem","position":2,"name":"Brandschutz&shy;systeme","item":"https:\/\/www.walraven.com\/de\/brandschutzsysteme\/"},{"@type":"ListItem","position":3,"name":"Brandgepr\u00fcfte Befestigungstechnik"}]},{"@type":"WebSite","@id":"https:\/\/www.walraven.com\/de\/#website","url":"https:\/\/www.walraven.com\/de\/","name":"Walraven Deutschland","description":"","publisher":{"@id":"https:\/\/www.walraven.com\/de\/#organization"},"potentialAction":[{"@type":"SearchAction","target":{"@type":"EntryPoint","urlTemplate":"https:\/\/www.walraven.com\/de\/?s={search_term_string}"},"query-input":{"@type":"PropertyValueSpecification","valueRequired":true,"valueName":"search_term_string"}}],"inLanguage":"de"},{"@type":"Organization","@id":"https:\/\/www.walraven.com\/de\/#organization","name":"Walraven GmbH","alternateName":"Walraven GmbH","url":"https:\/\/www.walraven.com\/de\/","logo":{"@type":"ImageObject","inLanguage":"de","@id":"https:\/\/www.walraven.com\/de\/#\/schema\/logo\/image\/","url":"https:\/\/www.walraven.com\/de\/wp-content\/uploads\/sites\/4\/2023\/12\/Walraven_logo300x300.jpg","contentUrl":"https:\/\/www.walraven.com\/de\/wp-content\/uploads\/sites\/4\/2023\/12\/Walraven_logo300x300.jpg","width":300,"height":300,"caption":"Walraven GmbH"},"image":{"@id":"https:\/\/www.walraven.com\/de\/#\/schema\/logo\/image\/"},"sameAs":["https:\/\/www.facebook.com\/Walraven.GmbH","https:\/\/x.com\/BIS_Tech","https:\/\/www.youtube.com\/WalravenDE","https:\/\/www.linkedin.com\/company\/walraven-gmbh","https:\/\/www.instagram.com\/walraven.gmbh\/"]}]}},"_links":{"self":[{"href":"https:\/\/www.walraven.com\/de\/wp-json\/wp\/v2\/pages\/73214","targetHints":{"allow":["GET"]}}],"collection":[{"href":"https:\/\/www.walraven.com\/de\/wp-json\/wp\/v2\/pages"}],"about":[{"href":"https:\/\/www.walraven.com\/de\/wp-json\/wp\/v2\/types\/page"}],"author":[{"embeddable":true,"href":"https:\/\/www.walraven.com\/de\/wp-json\/wp\/v2\/users\/43"}],"replies":[{"embeddable":true,"href":"https:\/\/www.walraven.com\/de\/wp-json\/wp\/v2\/comments?post=73214"}],"version-history":[{"count":5,"href":"https:\/\/www.walraven.com\/de\/wp-json\/wp\/v2\/pages\/73214\/revisions"}],"predecessor-version":[{"id":137055,"href":"https:\/\/www.walraven.com\/de\/wp-json\/wp\/v2\/pages\/73214\/revisions\/137055"}],"up":[{"embeddable":true,"href":"https:\/\/www.walraven.com\/de\/wp-json\/wp\/v2\/pages\/73193"}],"wp:attachment":[{"href":"https:\/\/www.walraven.com\/de\/wp-json\/wp\/v2\/media?parent=73214"}],"curies":[{"name":"wp","href":"https:\/\/api.w.org\/{rel}","templated":true}]}}