{"id":73268,"date":"2019-03-15T15:53:27","date_gmt":"2019-03-15T14:53:27","guid":{"rendered":"https:\/\/www.walraven.com\/en\/?page_id=54128"},"modified":"2025-05-07T11:07:53","modified_gmt":"2025-05-07T09:07:53","slug":"merkzettel","status":"publish","type":"page","link":"https:\/\/www.walraven.com\/de\/merkzettel\/","title":{"rendered":"Merkzettel"},"content":{"rendered":"<p>Um die Merkzettelfunktion unserer Webseite zu nutzen, m\u00fcssen Sie lediglich die gew\u00fcnschten Produkte in unserem <a href=\"\/de\/produkte\/\">Onlinekatalog<\/a> ausw\u00e4hlen und anschlie\u00dfend auf das <img loading=\"lazy\" decoding=\"async\" class=\"alignnone wp-image-74466 size-full\" src=\"https:\/\/www.walraven.com\/de\/wp-content\/uploads\/sites\/4\/2019\/11\/Merkzettel-Hinzufuegen-1.png\" alt=\"\" width=\"25\" height=\"30\" \/>-Symbol in der entsprechenden Zeile der Artikeltabelle klicken.<\/p>\n<p>Bitte bedenken Sie, dass unser Merkzettel als Bestellhilfe (Produkt-Sammelliste) dient und <strong>keine Shopfunktion<\/strong> beinhaltet.<\/p>\n<p>Nach Zusammenstellung Ihres Wunschsortiments k\u00f6nnen Sie Ihren pers\u00f6nlichen Merkzettel herunterladen und Ihrem Fachgro\u00dfh\u00e4ndler oder dem Walraven-Innendienst zur Angebotserstellung senden.<\/p>\n<a href=\"https:\/\/www.walraven.com\/de\/produkte\/\" class=\"button\">Jetzt Artikelliste erstellen<\/a>\n<p><span style=\"color: #ffffff;\">&#8230;<\/span><\/p>\n","protected":false},"excerpt":{"rendered":"<p>Um die Merkzettelfunktion unserer Webseite zu nutzen, m\u00fcssen Sie lediglich die gew\u00fcnschten Produkte in unserem Onlinekatalog ausw\u00e4hlen und anschlie\u00dfend auf das -Symbol in der entsprechenden Zeile der Artikeltabelle klicken. Bitte bedenken Sie, dass unser Merkzettel als Bestellhilfe (Produkt-Sammelliste) dient und keine Shopfunktion beinhaltet. Nach Zusammenstellung Ihres Wunschsortiments k\u00f6nnen Sie Ihren pers\u00f6nlichen Merkzettel herunterladen und Ihrem [&hellip;]<\/p>\n","protected":false},"author":43,"featured_media":0,"parent":0,"menu_order":0,"comment_status":"closed","ping_status":"closed","template":"page-templates\/tpl-material-list.php","meta":{"_acf_changed":false,"footnotes":""},"class_list":["post-73268","page","type-page","status-publish","hentry"],"acf":[],"yoast_head":"<!-- This site is optimized with the Yoast SEO Premium plugin v27.3 (Yoast SEO v27.3) - https:\/\/yoast.com\/product\/yoast-seo-premium-wordpress\/ -->\n<title>Merkzettel - Walraven Deutschland<\/title>\n<meta name=\"description\" content=\"Die Merkzettelfunktion im Onlinekatalog dient als Produktsammelliste und erleichtert Angebotsanfragen beim Fachgro\u00dfhandel.\" \/>\n<meta name=\"robots\" content=\"index, follow, max-snippet:-1, max-image-preview:large, max-video-preview:-1\" \/>\n<link rel=\"canonical\" href=\"https:\/\/www.walraven.com\/de\/merkzettel\/\" \/>\n<meta property=\"og:locale\" content=\"de_DE\" \/>\n<meta property=\"og:type\" content=\"article\" \/>\n<meta property=\"og:title\" content=\"Merkzettel\" \/>\n<meta property=\"og:description\" content=\"Die Merkzettelfunktion im Onlinekatalog dient als Produktsammelliste und erleichtert Angebotsanfragen beim Fachgro\u00dfhandel.\" \/>\n<meta property=\"og:url\" content=\"https:\/\/www.walraven.com\/de\/merkzettel\/\" \/>\n<meta property=\"og:site_name\" content=\"Walraven Deutschland\" \/>\n<meta property=\"article:publisher\" content=\"https:\/\/www.facebook.com\/Walraven.GmbH\" \/>\n<meta property=\"article:modified_time\" content=\"2025-05-07T09:07:53+00:00\" \/>\n<meta property=\"og:image\" content=\"https:\/\/www.walraven.com\/de\/wp-content\/uploads\/sites\/4\/2019\/11\/Merkzettel-Hinzufuegen-1.png\" \/>\n\t<meta property=\"og:image:width\" content=\"25\" \/>\n\t<meta property=\"og:image:height\" content=\"30\" \/>\n\t<meta property=\"og:image:type\" content=\"image\/png\" \/>\n<meta name=\"twitter:card\" content=\"summary_large_image\" \/>\n<meta name=\"twitter:site\" content=\"@BIS_Tech\" \/>\n<meta name=\"twitter:label1\" content=\"Gesch\u00e4tzte Lesezeit\" \/>\n\t<meta name=\"twitter:data1\" content=\"1\u00a0Minute\" \/>\n<script type=\"application\/ld+json\" class=\"yoast-schema-graph\">{\"@context\":\"https:\\\/\\\/schema.org\",\"@graph\":[{\"@type\":\"WebPage\",\"@id\":\"https:\\\/\\\/www.walraven.com\\\/de\\\/merkzettel\\\/\",\"url\":\"https:\\\/\\\/www.walraven.com\\\/de\\\/merkzettel\\\/\",\"name\":\"Merkzettel - Walraven Deutschland\",\"isPartOf\":{\"@id\":\"https:\\\/\\\/www.walraven.com\\\/de\\\/#website\"},\"primaryImageOfPage\":{\"@id\":\"https:\\\/\\\/www.walraven.com\\\/de\\\/merkzettel\\\/#primaryimage\"},\"image\":{\"@id\":\"https:\\\/\\\/www.walraven.com\\\/de\\\/merkzettel\\\/#primaryimage\"},\"thumbnailUrl\":\"https:\\\/\\\/www.walraven.com\\\/de\\\/wp-content\\\/uploads\\\/sites\\\/4\\\/2019\\\/11\\\/Merkzettel-Hinzufuegen-1.png\",\"datePublished\":\"2019-03-15T14:53:27+00:00\",\"dateModified\":\"2025-05-07T09:07:53+00:00\",\"description\":\"Die Merkzettelfunktion im Onlinekatalog dient als Produktsammelliste und erleichtert Angebotsanfragen beim Fachgro\u00dfhandel.\",\"breadcrumb\":{\"@id\":\"https:\\\/\\\/www.walraven.com\\\/de\\\/merkzettel\\\/#breadcrumb\"},\"inLanguage\":\"de\",\"potentialAction\":[{\"@type\":\"ReadAction\",\"target\":[\"https:\\\/\\\/www.walraven.com\\\/de\\\/merkzettel\\\/\"]}]},{\"@type\":\"ImageObject\",\"inLanguage\":\"de\",\"@id\":\"https:\\\/\\\/www.walraven.com\\\/de\\\/merkzettel\\\/#primaryimage\",\"url\":\"https:\\\/\\\/www.walraven.com\\\/de\\\/wp-content\\\/uploads\\\/sites\\\/4\\\/2019\\\/11\\\/Merkzettel-Hinzufuegen-1.png\",\"contentUrl\":\"https:\\\/\\\/www.walraven.com\\\/de\\\/wp-content\\\/uploads\\\/sites\\\/4\\\/2019\\\/11\\\/Merkzettel-Hinzufuegen-1.png\",\"width\":25,\"height\":30,\"caption\":\"Graues Dokumenten-Icon mit umgeknickter Ecke und wei\u00dfem Pluszeichen \u2013 Symbol f\u00fcr das Hinzuf\u00fcgen eines Artikels zum Merkzettel.\"},{\"@type\":\"BreadcrumbList\",\"@id\":\"https:\\\/\\\/www.walraven.com\\\/de\\\/merkzettel\\\/#breadcrumb\",\"itemListElement\":[{\"@type\":\"ListItem\",\"position\":1,\"name\":\"Startseite\",\"item\":\"https:\\\/\\\/www.walraven.com\\\/de\\\/\"},{\"@type\":\"ListItem\",\"position\":2,\"name\":\"Merkzettel\"}]},{\"@type\":\"WebSite\",\"@id\":\"https:\\\/\\\/www.walraven.com\\\/de\\\/#website\",\"url\":\"https:\\\/\\\/www.walraven.com\\\/de\\\/\",\"name\":\"Walraven Deutschland\",\"description\":\"\",\"publisher\":{\"@id\":\"https:\\\/\\\/www.walraven.com\\\/de\\\/#organization\"},\"potentialAction\":[{\"@type\":\"SearchAction\",\"target\":{\"@type\":\"EntryPoint\",\"urlTemplate\":\"https:\\\/\\\/www.walraven.com\\\/de\\\/?s={search_term_string}\"},\"query-input\":{\"@type\":\"PropertyValueSpecification\",\"valueRequired\":true,\"valueName\":\"search_term_string\"}}],\"inLanguage\":\"de\"},{\"@type\":\"Organization\",\"@id\":\"https:\\\/\\\/www.walraven.com\\\/de\\\/#organization\",\"name\":\"Walraven GmbH\",\"alternateName\":\"Walraven GmbH\",\"url\":\"https:\\\/\\\/www.walraven.com\\\/de\\\/\",\"logo\":{\"@type\":\"ImageObject\",\"inLanguage\":\"de\",\"@id\":\"https:\\\/\\\/www.walraven.com\\\/de\\\/#\\\/schema\\\/logo\\\/image\\\/\",\"url\":\"https:\\\/\\\/www.walraven.com\\\/de\\\/wp-content\\\/uploads\\\/sites\\\/4\\\/2023\\\/12\\\/Walraven_logo300x300.jpg\",\"contentUrl\":\"https:\\\/\\\/www.walraven.com\\\/de\\\/wp-content\\\/uploads\\\/sites\\\/4\\\/2023\\\/12\\\/Walraven_logo300x300.jpg\",\"width\":300,\"height\":300,\"caption\":\"Walraven GmbH\"},\"image\":{\"@id\":\"https:\\\/\\\/www.walraven.com\\\/de\\\/#\\\/schema\\\/logo\\\/image\\\/\"},\"sameAs\":[\"https:\\\/\\\/www.facebook.com\\\/Walraven.GmbH\",\"https:\\\/\\\/x.com\\\/BIS_Tech\",\"https:\\\/\\\/www.youtube.com\\\/WalravenDE\",\"https:\\\/\\\/www.linkedin.com\\\/company\\\/walraven-gmbh\",\"https:\\\/\\\/www.instagram.com\\\/walraven.gmbh\\\/\"]}]}<\/script>\n<!-- \/ Yoast SEO Premium plugin. -->","yoast_head_json":{"title":"Merkzettel - Walraven Deutschland","description":"Die Merkzettelfunktion im Onlinekatalog dient als Produktsammelliste und erleichtert Angebotsanfragen beim Fachgro\u00dfhandel.","robots":{"index":"index","follow":"follow","max-snippet":"max-snippet:-1","max-image-preview":"max-image-preview:large","max-video-preview":"max-video-preview:-1"},"canonical":"https:\/\/www.walraven.com\/de\/merkzettel\/","og_locale":"de_DE","og_type":"article","og_title":"Merkzettel","og_description":"Die Merkzettelfunktion im Onlinekatalog dient als Produktsammelliste und erleichtert Angebotsanfragen beim Fachgro\u00dfhandel.","og_url":"https:\/\/www.walraven.com\/de\/merkzettel\/","og_site_name":"Walraven Deutschland","article_publisher":"https:\/\/www.facebook.com\/Walraven.GmbH","article_modified_time":"2025-05-07T09:07:53+00:00","og_image":[{"width":25,"height":30,"url":"https:\/\/www.walraven.com\/de\/wp-content\/uploads\/sites\/4\/2019\/11\/Merkzettel-Hinzufuegen-1.png","type":"image\/png"}],"twitter_card":"summary_large_image","twitter_site":"@BIS_Tech","twitter_misc":{"Gesch\u00e4tzte Lesezeit":"1\u00a0Minute"},"schema":{"@context":"https:\/\/schema.org","@graph":[{"@type":"WebPage","@id":"https:\/\/www.walraven.com\/de\/merkzettel\/","url":"https:\/\/www.walraven.com\/de\/merkzettel\/","name":"Merkzettel - Walraven Deutschland","isPartOf":{"@id":"https:\/\/www.walraven.com\/de\/#website"},"primaryImageOfPage":{"@id":"https:\/\/www.walraven.com\/de\/merkzettel\/#primaryimage"},"image":{"@id":"https:\/\/www.walraven.com\/de\/merkzettel\/#primaryimage"},"thumbnailUrl":"https:\/\/www.walraven.com\/de\/wp-content\/uploads\/sites\/4\/2019\/11\/Merkzettel-Hinzufuegen-1.png","datePublished":"2019-03-15T14:53:27+00:00","dateModified":"2025-05-07T09:07:53+00:00","description":"Die Merkzettelfunktion im Onlinekatalog dient als Produktsammelliste und erleichtert Angebotsanfragen beim Fachgro\u00dfhandel.","breadcrumb":{"@id":"https:\/\/www.walraven.com\/de\/merkzettel\/#breadcrumb"},"inLanguage":"de","potentialAction":[{"@type":"ReadAction","target":["https:\/\/www.walraven.com\/de\/merkzettel\/"]}]},{"@type":"ImageObject","inLanguage":"de","@id":"https:\/\/www.walraven.com\/de\/merkzettel\/#primaryimage","url":"https:\/\/www.walraven.com\/de\/wp-content\/uploads\/sites\/4\/2019\/11\/Merkzettel-Hinzufuegen-1.png","contentUrl":"https:\/\/www.walraven.com\/de\/wp-content\/uploads\/sites\/4\/2019\/11\/Merkzettel-Hinzufuegen-1.png","width":25,"height":30,"caption":"Graues Dokumenten-Icon mit umgeknickter Ecke und wei\u00dfem Pluszeichen \u2013 Symbol f\u00fcr das Hinzuf\u00fcgen eines Artikels zum Merkzettel."},{"@type":"BreadcrumbList","@id":"https:\/\/www.walraven.com\/de\/merkzettel\/#breadcrumb","itemListElement":[{"@type":"ListItem","position":1,"name":"Startseite","item":"https:\/\/www.walraven.com\/de\/"},{"@type":"ListItem","position":2,"name":"Merkzettel"}]},{"@type":"WebSite","@id":"https:\/\/www.walraven.com\/de\/#website","url":"https:\/\/www.walraven.com\/de\/","name":"Walraven Deutschland","description":"","publisher":{"@id":"https:\/\/www.walraven.com\/de\/#organization"},"potentialAction":[{"@type":"SearchAction","target":{"@type":"EntryPoint","urlTemplate":"https:\/\/www.walraven.com\/de\/?s={search_term_string}"},"query-input":{"@type":"PropertyValueSpecification","valueRequired":true,"valueName":"search_term_string"}}],"inLanguage":"de"},{"@type":"Organization","@id":"https:\/\/www.walraven.com\/de\/#organization","name":"Walraven GmbH","alternateName":"Walraven GmbH","url":"https:\/\/www.walraven.com\/de\/","logo":{"@type":"ImageObject","inLanguage":"de","@id":"https:\/\/www.walraven.com\/de\/#\/schema\/logo\/image\/","url":"https:\/\/www.walraven.com\/de\/wp-content\/uploads\/sites\/4\/2023\/12\/Walraven_logo300x300.jpg","contentUrl":"https:\/\/www.walraven.com\/de\/wp-content\/uploads\/sites\/4\/2023\/12\/Walraven_logo300x300.jpg","width":300,"height":300,"caption":"Walraven GmbH"},"image":{"@id":"https:\/\/www.walraven.com\/de\/#\/schema\/logo\/image\/"},"sameAs":["https:\/\/www.facebook.com\/Walraven.GmbH","https:\/\/x.com\/BIS_Tech","https:\/\/www.youtube.com\/WalravenDE","https:\/\/www.linkedin.com\/company\/walraven-gmbh","https:\/\/www.instagram.com\/walraven.gmbh\/"]}]}},"_links":{"self":[{"href":"https:\/\/www.walraven.com\/de\/wp-json\/wp\/v2\/pages\/73268","targetHints":{"allow":["GET"]}}],"collection":[{"href":"https:\/\/www.walraven.com\/de\/wp-json\/wp\/v2\/pages"}],"about":[{"href":"https:\/\/www.walraven.com\/de\/wp-json\/wp\/v2\/types\/page"}],"author":[{"embeddable":true,"href":"https:\/\/www.walraven.com\/de\/wp-json\/wp\/v2\/users\/43"}],"replies":[{"embeddable":true,"href":"https:\/\/www.walraven.com\/de\/wp-json\/wp\/v2\/comments?post=73268"}],"version-history":[{"count":6,"href":"https:\/\/www.walraven.com\/de\/wp-json\/wp\/v2\/pages\/73268\/revisions"}],"predecessor-version":[{"id":121190,"href":"https:\/\/www.walraven.com\/de\/wp-json\/wp\/v2\/pages\/73268\/revisions\/121190"}],"wp:attachment":[{"href":"https:\/\/www.walraven.com\/de\/wp-json\/wp\/v2\/media?parent=73268"}],"curies":[{"name":"wp","href":"https:\/\/api.w.org\/{rel}","templated":true}]}}