{"id":73764,"date":"2019-09-12T15:24:14","date_gmt":"2019-09-12T13:24:14","guid":{"rendered":"https:\/\/www.walraven.com\/de\/?page_id=73764"},"modified":"2025-05-19T10:57:55","modified_gmt":"2025-05-19T08:57:55","slug":"bezugsquellen","status":"publish","type":"page","link":"https:\/\/www.walraven.com\/de\/ueber-walraven\/bezugsquellen\/","title":{"rendered":"Bezugsquellen"},"content":{"rendered":"<h2>Walraven-Produkte sind weltweit \u00fcber den Fachgro\u00dfhandel erh\u00e4ltlich<\/h2>\n<p><img loading=\"lazy\" decoding=\"async\" class=\"alignnone wp-image-73770\" src=\"https:\/\/www.walraven.com\/wp-content\/uploads\/sites\/4\/2019\/09\/LEH_8337-300x144.jpg\" alt=\"\" width=\"648\" height=\"311\" srcset=\"https:\/\/www.walraven.com\/de\/wp-content\/uploads\/sites\/4\/2019\/09\/LEH_8337-300x144.jpg 300w, https:\/\/www.walraven.com\/de\/wp-content\/uploads\/sites\/4\/2019\/09\/LEH_8337-768x370.jpg 768w, https:\/\/www.walraven.com\/de\/wp-content\/uploads\/sites\/4\/2019\/09\/LEH_8337-1024x493.jpg 1024w, https:\/\/www.walraven.com\/de\/wp-content\/uploads\/sites\/4\/2019\/09\/LEH_8337-480x231.jpg 480w, https:\/\/www.walraven.com\/de\/wp-content\/uploads\/sites\/4\/2019\/09\/LEH_8337-600x289.jpg 600w, https:\/\/www.walraven.com\/de\/wp-content\/uploads\/sites\/4\/2019\/09\/LEH_8337-1290x621.jpg 1290w\" sizes=\"auto, (max-width: 648px) 100vw, 648px\" \/><\/p>\n<p>Durch unser \u00fcberregionales und engmaschiges Handelsnetzwerk in Deutschland und \u00d6sterreich sowie ausgew\u00e4hlten Distributionspartnern in der Schweiz und in S\u00fcdosteuropa, gew\u00e4hrleisten wir eine fl\u00e4chendeckende Warenverf\u00fcgbarkeit, die durch Streckenlieferungen abgerundet werden.<\/p>\n<p><img loading=\"lazy\" decoding=\"async\" class=\"alignnone wp-image-73769\" src=\"https:\/\/www.walraven.com\/wp-content\/uploads\/sites\/4\/2019\/09\/Truck_Logistik-300x258.jpg\" alt=\"\" width=\"348\" height=\"348\" \/><\/p>\n<p>Gerne informiert Sie unser Innendienst \u00fcber m\u00f6gliche Bezugsquellen in Ihrer N\u00e4he oder Ihren Bedarf&#8230;<\/p>\n<div class=\"ms-form\"><div\r\n        data-form-id='e7b846f7-4e32-f011-8c4e-7c1e5261da1d'\r\n        data-form-api-url='https:\/\/public-eur.mkt.dynamics.com\/api\/v1.0\/orgs\/2cd7df8f-f10a-4dbf-abd6-99a66c64630a\/landingpageforms'\r\n        data-cached-form-url='https:\/\/assets1-eur.mkt.dynamics.com\/2cd7df8f-f10a-4dbf-abd6-99a66c64630a\/digitalassets\/forms\/e7b846f7-4e32-f011-8c4e-7c1e5261da1d' ><\/div>\r\n        <script src = 'https:\/\/cxppusa1formui01cdnsa01-endpoint.azureedge.net\/eur\/FormLoader\/FormLoader.bundle.js' ><\/script><\/div>\n<p>&nbsp;<\/p>\n","protected":false},"excerpt":{"rendered":"<p>Walraven-Produkte sind weltweit \u00fcber den Fachgro\u00dfhandel erh\u00e4ltlich Durch unser \u00fcberregionales und engmaschiges Handelsnetzwerk in Deutschland und \u00d6sterreich sowie ausgew\u00e4hlten Distributionspartnern in der Schweiz und in S\u00fcdosteuropa, gew\u00e4hrleisten wir eine fl\u00e4chendeckende Warenverf\u00fcgbarkeit, die durch Streckenlieferungen abgerundet werden. Gerne informiert Sie unser Innendienst \u00fcber m\u00f6gliche Bezugsquellen in Ihrer N\u00e4he oder Ihren Bedarf&#8230; &nbsp;<\/p>\n","protected":false},"author":10,"featured_media":73770,"parent":73185,"menu_order":0,"comment_status":"closed","ping_status":"closed","template":"","meta":{"_acf_changed":false,"footnotes":""},"class_list":["post-73764","page","type-page","status-publish","has-post-thumbnail","hentry"],"acf":[],"yoast_head":"<!-- This site is optimized with the Yoast SEO Premium plugin v27.3 (Yoast SEO v27.3) - https:\/\/yoast.com\/product\/yoast-seo-premium-wordpress\/ -->\n<title>Bezugsquellen - Walraven Deutschland<\/title>\n<meta name=\"description\" content=\"Durch unser \u00fcberregionales und engmaschiges Handelsnetzwerk gew\u00e4hrleisten wir eine fl\u00e4chendeckende Warenverf\u00fcgbarkeit.\" \/>\n<meta name=\"robots\" content=\"index, follow, max-snippet:-1, max-image-preview:large, max-video-preview:-1\" \/>\n<link rel=\"canonical\" href=\"https:\/\/www.walraven.com\/de\/ueber-walraven\/bezugsquellen\/\" \/>\n<meta property=\"og:locale\" content=\"de_DE\" \/>\n<meta property=\"og:type\" content=\"article\" \/>\n<meta property=\"og:title\" content=\"Bezugsquellen\" \/>\n<meta property=\"og:description\" content=\"Durch unser \u00fcberregionales und engmaschiges Handelsnetzwerk gew\u00e4hrleisten wir eine fl\u00e4chendeckende Warenverf\u00fcgbarkeit.\" \/>\n<meta property=\"og:url\" content=\"https:\/\/www.walraven.com\/de\/ueber-walraven\/bezugsquellen\/\" \/>\n<meta property=\"og:site_name\" content=\"Walraven Deutschland\" \/>\n<meta property=\"article:publisher\" content=\"https:\/\/www.facebook.com\/Walraven.GmbH\" \/>\n<meta property=\"article:modified_time\" content=\"2025-05-19T08:57:55+00:00\" \/>\n<meta property=\"og:image\" content=\"https:\/\/www.walraven.com\/de\/wp-content\/uploads\/sites\/4\/2019\/09\/LEH_8337.jpg\" \/>\n\t<meta property=\"og:image:width\" content=\"2835\" \/>\n\t<meta property=\"og:image:height\" content=\"1365\" \/>\n\t<meta property=\"og:image:type\" content=\"image\/jpeg\" \/>\n<meta name=\"twitter:card\" content=\"summary_large_image\" \/>\n<meta name=\"twitter:site\" content=\"@BIS_Tech\" \/>\n<meta name=\"twitter:label1\" content=\"Gesch\u00e4tzte Lesezeit\" \/>\n\t<meta name=\"twitter:data1\" content=\"1\u00a0Minute\" \/>\n<script type=\"application\/ld+json\" class=\"yoast-schema-graph\">{\"@context\":\"https:\\\/\\\/schema.org\",\"@graph\":[{\"@type\":\"WebPage\",\"@id\":\"https:\\\/\\\/www.walraven.com\\\/de\\\/ueber-walraven\\\/bezugsquellen\\\/\",\"url\":\"https:\\\/\\\/www.walraven.com\\\/de\\\/ueber-walraven\\\/bezugsquellen\\\/\",\"name\":\"Bezugsquellen - Walraven Deutschland\",\"isPartOf\":{\"@id\":\"https:\\\/\\\/www.walraven.com\\\/de\\\/#website\"},\"primaryImageOfPage\":{\"@id\":\"https:\\\/\\\/www.walraven.com\\\/de\\\/ueber-walraven\\\/bezugsquellen\\\/#primaryimage\"},\"image\":{\"@id\":\"https:\\\/\\\/www.walraven.com\\\/de\\\/ueber-walraven\\\/bezugsquellen\\\/#primaryimage\"},\"thumbnailUrl\":\"https:\\\/\\\/www.walraven.com\\\/de\\\/wp-content\\\/uploads\\\/sites\\\/4\\\/2019\\\/09\\\/LEH_8337.jpg\",\"datePublished\":\"2019-09-12T13:24:14+00:00\",\"dateModified\":\"2025-05-19T08:57:55+00:00\",\"description\":\"Durch unser \u00fcberregionales und engmaschiges Handelsnetzwerk gew\u00e4hrleisten wir eine fl\u00e4chendeckende Warenverf\u00fcgbarkeit.\",\"breadcrumb\":{\"@id\":\"https:\\\/\\\/www.walraven.com\\\/de\\\/ueber-walraven\\\/bezugsquellen\\\/#breadcrumb\"},\"inLanguage\":\"de\",\"potentialAction\":[{\"@type\":\"ReadAction\",\"target\":[\"https:\\\/\\\/www.walraven.com\\\/de\\\/ueber-walraven\\\/bezugsquellen\\\/\"]}]},{\"@type\":\"ImageObject\",\"inLanguage\":\"de\",\"@id\":\"https:\\\/\\\/www.walraven.com\\\/de\\\/ueber-walraven\\\/bezugsquellen\\\/#primaryimage\",\"url\":\"https:\\\/\\\/www.walraven.com\\\/de\\\/wp-content\\\/uploads\\\/sites\\\/4\\\/2019\\\/09\\\/LEH_8337.jpg\",\"contentUrl\":\"https:\\\/\\\/www.walraven.com\\\/de\\\/wp-content\\\/uploads\\\/sites\\\/4\\\/2019\\\/09\\\/LEH_8337.jpg\",\"width\":2835,\"height\":1365,\"caption\":\"Nahaufnahme eines Regals im Gro\u00dfhandel mit Walraven Rohrschellen. Die Banderole am Regal tr\u00e4gt die gelbe Aufschrift \u201eWalraven\u201c und darunter in wei\u00df \u201eBIS \u2013 Better Installation Systems\u201c.\"},{\"@type\":\"BreadcrumbList\",\"@id\":\"https:\\\/\\\/www.walraven.com\\\/de\\\/ueber-walraven\\\/bezugsquellen\\\/#breadcrumb\",\"itemListElement\":[{\"@type\":\"ListItem\",\"position\":1,\"name\":\"Startseite\",\"item\":\"https:\\\/\\\/www.walraven.com\\\/de\\\/\"},{\"@type\":\"ListItem\",\"position\":2,\"name\":\"Walraven Group\",\"item\":\"https:\\\/\\\/www.walraven.com\\\/de\\\/ueber-walraven\\\/\"},{\"@type\":\"ListItem\",\"position\":3,\"name\":\"Bezugsquellen\"}]},{\"@type\":\"WebSite\",\"@id\":\"https:\\\/\\\/www.walraven.com\\\/de\\\/#website\",\"url\":\"https:\\\/\\\/www.walraven.com\\\/de\\\/\",\"name\":\"Walraven Deutschland\",\"description\":\"\",\"publisher\":{\"@id\":\"https:\\\/\\\/www.walraven.com\\\/de\\\/#organization\"},\"potentialAction\":[{\"@type\":\"SearchAction\",\"target\":{\"@type\":\"EntryPoint\",\"urlTemplate\":\"https:\\\/\\\/www.walraven.com\\\/de\\\/?s={search_term_string}\"},\"query-input\":{\"@type\":\"PropertyValueSpecification\",\"valueRequired\":true,\"valueName\":\"search_term_string\"}}],\"inLanguage\":\"de\"},{\"@type\":\"Organization\",\"@id\":\"https:\\\/\\\/www.walraven.com\\\/de\\\/#organization\",\"name\":\"Walraven GmbH\",\"alternateName\":\"Walraven GmbH\",\"url\":\"https:\\\/\\\/www.walraven.com\\\/de\\\/\",\"logo\":{\"@type\":\"ImageObject\",\"inLanguage\":\"de\",\"@id\":\"https:\\\/\\\/www.walraven.com\\\/de\\\/#\\\/schema\\\/logo\\\/image\\\/\",\"url\":\"https:\\\/\\\/www.walraven.com\\\/de\\\/wp-content\\\/uploads\\\/sites\\\/4\\\/2023\\\/12\\\/Walraven_logo300x300.jpg\",\"contentUrl\":\"https:\\\/\\\/www.walraven.com\\\/de\\\/wp-content\\\/uploads\\\/sites\\\/4\\\/2023\\\/12\\\/Walraven_logo300x300.jpg\",\"width\":300,\"height\":300,\"caption\":\"Walraven GmbH\"},\"image\":{\"@id\":\"https:\\\/\\\/www.walraven.com\\\/de\\\/#\\\/schema\\\/logo\\\/image\\\/\"},\"sameAs\":[\"https:\\\/\\\/www.facebook.com\\\/Walraven.GmbH\",\"https:\\\/\\\/x.com\\\/BIS_Tech\",\"https:\\\/\\\/www.youtube.com\\\/WalravenDE\",\"https:\\\/\\\/www.linkedin.com\\\/company\\\/walraven-gmbh\",\"https:\\\/\\\/www.instagram.com\\\/walraven.gmbh\\\/\"]}]}<\/script>\n<!-- \/ Yoast SEO Premium plugin. -->","yoast_head_json":{"title":"Bezugsquellen - Walraven Deutschland","description":"Durch unser \u00fcberregionales und engmaschiges Handelsnetzwerk gew\u00e4hrleisten wir eine fl\u00e4chendeckende Warenverf\u00fcgbarkeit.","robots":{"index":"index","follow":"follow","max-snippet":"max-snippet:-1","max-image-preview":"max-image-preview:large","max-video-preview":"max-video-preview:-1"},"canonical":"https:\/\/www.walraven.com\/de\/ueber-walraven\/bezugsquellen\/","og_locale":"de_DE","og_type":"article","og_title":"Bezugsquellen","og_description":"Durch unser \u00fcberregionales und engmaschiges Handelsnetzwerk gew\u00e4hrleisten wir eine fl\u00e4chendeckende Warenverf\u00fcgbarkeit.","og_url":"https:\/\/www.walraven.com\/de\/ueber-walraven\/bezugsquellen\/","og_site_name":"Walraven Deutschland","article_publisher":"https:\/\/www.facebook.com\/Walraven.GmbH","article_modified_time":"2025-05-19T08:57:55+00:00","og_image":[{"width":2835,"height":1365,"url":"https:\/\/www.walraven.com\/de\/wp-content\/uploads\/sites\/4\/2019\/09\/LEH_8337.jpg","type":"image\/jpeg"}],"twitter_card":"summary_large_image","twitter_site":"@BIS_Tech","twitter_misc":{"Gesch\u00e4tzte Lesezeit":"1\u00a0Minute"},"schema":{"@context":"https:\/\/schema.org","@graph":[{"@type":"WebPage","@id":"https:\/\/www.walraven.com\/de\/ueber-walraven\/bezugsquellen\/","url":"https:\/\/www.walraven.com\/de\/ueber-walraven\/bezugsquellen\/","name":"Bezugsquellen - Walraven Deutschland","isPartOf":{"@id":"https:\/\/www.walraven.com\/de\/#website"},"primaryImageOfPage":{"@id":"https:\/\/www.walraven.com\/de\/ueber-walraven\/bezugsquellen\/#primaryimage"},"image":{"@id":"https:\/\/www.walraven.com\/de\/ueber-walraven\/bezugsquellen\/#primaryimage"},"thumbnailUrl":"https:\/\/www.walraven.com\/de\/wp-content\/uploads\/sites\/4\/2019\/09\/LEH_8337.jpg","datePublished":"2019-09-12T13:24:14+00:00","dateModified":"2025-05-19T08:57:55+00:00","description":"Durch unser \u00fcberregionales und engmaschiges Handelsnetzwerk gew\u00e4hrleisten wir eine fl\u00e4chendeckende Warenverf\u00fcgbarkeit.","breadcrumb":{"@id":"https:\/\/www.walraven.com\/de\/ueber-walraven\/bezugsquellen\/#breadcrumb"},"inLanguage":"de","potentialAction":[{"@type":"ReadAction","target":["https:\/\/www.walraven.com\/de\/ueber-walraven\/bezugsquellen\/"]}]},{"@type":"ImageObject","inLanguage":"de","@id":"https:\/\/www.walraven.com\/de\/ueber-walraven\/bezugsquellen\/#primaryimage","url":"https:\/\/www.walraven.com\/de\/wp-content\/uploads\/sites\/4\/2019\/09\/LEH_8337.jpg","contentUrl":"https:\/\/www.walraven.com\/de\/wp-content\/uploads\/sites\/4\/2019\/09\/LEH_8337.jpg","width":2835,"height":1365,"caption":"Nahaufnahme eines Regals im Gro\u00dfhandel mit Walraven Rohrschellen. Die Banderole am Regal tr\u00e4gt die gelbe Aufschrift \u201eWalraven\u201c und darunter in wei\u00df \u201eBIS \u2013 Better Installation Systems\u201c."},{"@type":"BreadcrumbList","@id":"https:\/\/www.walraven.com\/de\/ueber-walraven\/bezugsquellen\/#breadcrumb","itemListElement":[{"@type":"ListItem","position":1,"name":"Startseite","item":"https:\/\/www.walraven.com\/de\/"},{"@type":"ListItem","position":2,"name":"Walraven Group","item":"https:\/\/www.walraven.com\/de\/ueber-walraven\/"},{"@type":"ListItem","position":3,"name":"Bezugsquellen"}]},{"@type":"WebSite","@id":"https:\/\/www.walraven.com\/de\/#website","url":"https:\/\/www.walraven.com\/de\/","name":"Walraven Deutschland","description":"","publisher":{"@id":"https:\/\/www.walraven.com\/de\/#organization"},"potentialAction":[{"@type":"SearchAction","target":{"@type":"EntryPoint","urlTemplate":"https:\/\/www.walraven.com\/de\/?s={search_term_string}"},"query-input":{"@type":"PropertyValueSpecification","valueRequired":true,"valueName":"search_term_string"}}],"inLanguage":"de"},{"@type":"Organization","@id":"https:\/\/www.walraven.com\/de\/#organization","name":"Walraven GmbH","alternateName":"Walraven GmbH","url":"https:\/\/www.walraven.com\/de\/","logo":{"@type":"ImageObject","inLanguage":"de","@id":"https:\/\/www.walraven.com\/de\/#\/schema\/logo\/image\/","url":"https:\/\/www.walraven.com\/de\/wp-content\/uploads\/sites\/4\/2023\/12\/Walraven_logo300x300.jpg","contentUrl":"https:\/\/www.walraven.com\/de\/wp-content\/uploads\/sites\/4\/2023\/12\/Walraven_logo300x300.jpg","width":300,"height":300,"caption":"Walraven GmbH"},"image":{"@id":"https:\/\/www.walraven.com\/de\/#\/schema\/logo\/image\/"},"sameAs":["https:\/\/www.facebook.com\/Walraven.GmbH","https:\/\/x.com\/BIS_Tech","https:\/\/www.youtube.com\/WalravenDE","https:\/\/www.linkedin.com\/company\/walraven-gmbh","https:\/\/www.instagram.com\/walraven.gmbh\/"]}]}},"_links":{"self":[{"href":"https:\/\/www.walraven.com\/de\/wp-json\/wp\/v2\/pages\/73764","targetHints":{"allow":["GET"]}}],"collection":[{"href":"https:\/\/www.walraven.com\/de\/wp-json\/wp\/v2\/pages"}],"about":[{"href":"https:\/\/www.walraven.com\/de\/wp-json\/wp\/v2\/types\/page"}],"author":[{"embeddable":true,"href":"https:\/\/www.walraven.com\/de\/wp-json\/wp\/v2\/users\/10"}],"replies":[{"embeddable":true,"href":"https:\/\/www.walraven.com\/de\/wp-json\/wp\/v2\/comments?post=73764"}],"version-history":[{"count":7,"href":"https:\/\/www.walraven.com\/de\/wp-json\/wp\/v2\/pages\/73764\/revisions"}],"predecessor-version":[{"id":124925,"href":"https:\/\/www.walraven.com\/de\/wp-json\/wp\/v2\/pages\/73764\/revisions\/124925"}],"up":[{"embeddable":true,"href":"https:\/\/www.walraven.com\/de\/wp-json\/wp\/v2\/pages\/73185"}],"wp:featuredmedia":[{"embeddable":true,"href":"https:\/\/www.walraven.com\/de\/wp-json\/wp\/v2\/media\/73770"}],"wp:attachment":[{"href":"https:\/\/www.walraven.com\/de\/wp-json\/wp\/v2\/media?parent=73764"}],"curies":[{"name":"wp","href":"https:\/\/api.w.org\/{rel}","templated":true}]}}