{"id":74368,"date":"2019-10-24T10:55:11","date_gmt":"2019-10-24T08:55:11","guid":{"rendered":"https:\/\/www.walraven.com\/de\/?page_id=74368"},"modified":"2026-03-19T08:50:54","modified_gmt":"2026-03-19T07:50:54","slug":"musterexemplar-bis-yeti-130","status":"publish","type":"page","link":"https:\/\/www.walraven.com\/de\/flachdachinstallation\/musterexemplar-bis-yeti-130\/","title":{"rendered":"Ihr kostenloses Musterexemplar Walraven Yeti\u00ae Fu\u00df"},"content":{"rendered":"<p><a href=\"https:\/\/www.walraven.com\/de\/produkte\/walraven-yeti-130-montagefuss\/\" target=\"_blank\" rel=\"noopener noreferrer\"><img loading=\"lazy\" decoding=\"async\" class=\"alignright wp-image-74363\" src=\"https:\/\/www.walraven.com\/wp-content\/uploads\/sites\/4\/2019\/10\/BIS-Yeti-130-Musterpaket-300x225.jpg\" alt=\"Walraven Yeti\u00ae 130 Montagefu\u00df\" width=\"159\" height=\"120\" srcset=\"https:\/\/www.walraven.com\/de\/wp-content\/uploads\/sites\/4\/2019\/10\/BIS-Yeti-130-Musterpaket-300x225.jpg 300w, https:\/\/www.walraven.com\/de\/wp-content\/uploads\/sites\/4\/2019\/10\/BIS-Yeti-130-Musterpaket-768x576.jpg 768w, https:\/\/www.walraven.com\/de\/wp-content\/uploads\/sites\/4\/2019\/10\/BIS-Yeti-130-Musterpaket-1024x768.jpg 1024w, https:\/\/www.walraven.com\/de\/wp-content\/uploads\/sites\/4\/2019\/10\/BIS-Yeti-130-Musterpaket-407x305.jpg 407w, https:\/\/www.walraven.com\/de\/wp-content\/uploads\/sites\/4\/2019\/10\/BIS-Yeti-130-Musterpaket-508x381.jpg 508w, https:\/\/www.walraven.com\/de\/wp-content\/uploads\/sites\/4\/2019\/10\/BIS-Yeti-130-Musterpaket-400x300.jpg 400w, https:\/\/www.walraven.com\/de\/wp-content\/uploads\/sites\/4\/2019\/10\/BIS-Yeti-130-Musterpaket-1290x968.jpg 1290w, https:\/\/www.walraven.com\/de\/wp-content\/uploads\/sites\/4\/2019\/10\/BIS-Yeti-130-Musterpaket.jpg 2000w\" sizes=\"auto, (max-width: 159px) 100vw, 159px\" \/><\/a><\/p>\n<div class=\"ms-form\"><div\r\n        data-form-id='b1c97c8e-fd4f-f011-877b-6045bd9a6a18'\r\n        data-form-api-url='https:\/\/public-eur.mkt.dynamics.com\/api\/v1.0\/orgs\/2cd7df8f-f10a-4dbf-abd6-99a66c64630a\/landingpageforms'\r\n        data-cached-form-url='https:\/\/assets1-eur.mkt.dynamics.com\/2cd7df8f-f10a-4dbf-abd6-99a66c64630a\/digitalassets\/forms\/b1c97c8e-fd4f-f011-877b-6045bd9a6a18' ><\/div>\r\n        <script src = 'https:\/\/cxppusa1formui01cdnsa01-endpoint.azureedge.net\/eur\/FormLoader\/FormLoader.bundle.js' ><\/script><\/div>\n","protected":false},"excerpt":{"rendered":"","protected":false},"author":49,"featured_media":0,"parent":69482,"menu_order":0,"comment_status":"closed","ping_status":"closed","template":"","meta":{"_acf_changed":false,"footnotes":""},"class_list":["post-74368","page","type-page","status-publish","hentry"],"acf":[],"yoast_head":"<!-- This site is optimized with the Yoast SEO Premium plugin v27.3 (Yoast SEO v27.3) - https:\/\/yoast.com\/product\/yoast-seo-premium-wordpress\/ -->\n<title>Ihr kostenloses Musterexemplar Walraven Yeti\u00ae Fu\u00df<\/title>\n<meta name=\"description\" content=\"Der nur 13 mal 13 Zentimeter gro\u00dfe Montagefu\u00df ist die sichere Basis f\u00fcr L\u00fcftungsleitungen, Rohre und Kabeltrassen auf Flachd\u00e4chern.\" \/>\n<meta name=\"robots\" content=\"index, follow, max-snippet:-1, max-image-preview:large, max-video-preview:-1\" \/>\n<link rel=\"canonical\" href=\"https:\/\/www.walraven.com\/de\/flachdachinstallation\/musterexemplar-bis-yeti-130\/\" \/>\n<meta property=\"og:locale\" content=\"de_DE\" \/>\n<meta property=\"og:type\" content=\"article\" \/>\n<meta property=\"og:title\" content=\"Ihr kostenloses Musterexemplar Walraven Yeti\u00ae Fu\u00df\" \/>\n<meta property=\"og:description\" content=\"Der nur 13 mal 13 Zentimeter gro\u00dfe Montagefu\u00df ist die sichere Basis f\u00fcr L\u00fcftungsleitungen, Rohre und Kabeltrassen auf Flachd\u00e4chern.\" \/>\n<meta property=\"og:url\" content=\"https:\/\/www.walraven.com\/de\/flachdachinstallation\/musterexemplar-bis-yeti-130\/\" \/>\n<meta property=\"og:site_name\" content=\"Walraven Deutschland\" \/>\n<meta property=\"article:publisher\" content=\"https:\/\/www.facebook.com\/Walraven.GmbH\" \/>\n<meta property=\"article:modified_time\" content=\"2026-03-19T07:50:54+00:00\" \/>\n<meta property=\"og:image\" content=\"https:\/\/www.walraven.com\/de\/wp-content\/uploads\/sites\/4\/2019\/10\/BIS-Yeti-130-Musterpaket.jpg\" \/>\n\t<meta property=\"og:image:width\" content=\"2000\" \/>\n\t<meta property=\"og:image:height\" content=\"1500\" \/>\n\t<meta property=\"og:image:type\" content=\"image\/jpeg\" \/>\n<meta name=\"twitter:card\" content=\"summary_large_image\" \/>\n<meta name=\"twitter:site\" content=\"@BIS_Tech\" \/>\n<meta name=\"twitter:label1\" content=\"Gesch\u00e4tzte Lesezeit\" \/>\n\t<meta name=\"twitter:data1\" content=\"1\u00a0Minute\" \/>\n<script type=\"application\/ld+json\" class=\"yoast-schema-graph\">{\"@context\":\"https:\\\/\\\/schema.org\",\"@graph\":[{\"@type\":\"WebPage\",\"@id\":\"https:\\\/\\\/www.walraven.com\\\/de\\\/flachdachinstallation\\\/musterexemplar-bis-yeti-130\\\/\",\"url\":\"https:\\\/\\\/www.walraven.com\\\/de\\\/flachdachinstallation\\\/musterexemplar-bis-yeti-130\\\/\",\"name\":\"Ihr kostenloses Musterexemplar Walraven Yeti\u00ae Fu\u00df\",\"isPartOf\":{\"@id\":\"https:\\\/\\\/www.walraven.com\\\/de\\\/#website\"},\"primaryImageOfPage\":{\"@id\":\"https:\\\/\\\/www.walraven.com\\\/de\\\/flachdachinstallation\\\/musterexemplar-bis-yeti-130\\\/#primaryimage\"},\"image\":{\"@id\":\"https:\\\/\\\/www.walraven.com\\\/de\\\/flachdachinstallation\\\/musterexemplar-bis-yeti-130\\\/#primaryimage\"},\"thumbnailUrl\":\"https:\\\/\\\/www.walraven.com\\\/wp-content\\\/uploads\\\/sites\\\/4\\\/2019\\\/10\\\/BIS-Yeti-130-Musterpaket-300x225.jpg\",\"datePublished\":\"2019-10-24T08:55:11+00:00\",\"dateModified\":\"2026-03-19T07:50:54+00:00\",\"description\":\"Der nur 13 mal 13 Zentimeter gro\u00dfe Montagefu\u00df ist die sichere Basis f\u00fcr L\u00fcftungsleitungen, Rohre und Kabeltrassen auf Flachd\u00e4chern.\",\"breadcrumb\":{\"@id\":\"https:\\\/\\\/www.walraven.com\\\/de\\\/flachdachinstallation\\\/musterexemplar-bis-yeti-130\\\/#breadcrumb\"},\"inLanguage\":\"de\",\"potentialAction\":[{\"@type\":\"ReadAction\",\"target\":[\"https:\\\/\\\/www.walraven.com\\\/de\\\/flachdachinstallation\\\/musterexemplar-bis-yeti-130\\\/\"]}]},{\"@type\":\"ImageObject\",\"inLanguage\":\"de\",\"@id\":\"https:\\\/\\\/www.walraven.com\\\/de\\\/flachdachinstallation\\\/musterexemplar-bis-yeti-130\\\/#primaryimage\",\"url\":\"https:\\\/\\\/www.walraven.com\\\/wp-content\\\/uploads\\\/sites\\\/4\\\/2019\\\/10\\\/BIS-Yeti-130-Musterpaket-300x225.jpg\",\"contentUrl\":\"https:\\\/\\\/www.walraven.com\\\/wp-content\\\/uploads\\\/sites\\\/4\\\/2019\\\/10\\\/BIS-Yeti-130-Musterpaket-300x225.jpg\"},{\"@type\":\"BreadcrumbList\",\"@id\":\"https:\\\/\\\/www.walraven.com\\\/de\\\/flachdachinstallation\\\/musterexemplar-bis-yeti-130\\\/#breadcrumb\",\"itemListElement\":[{\"@type\":\"ListItem\",\"position\":1,\"name\":\"Startseite\",\"item\":\"https:\\\/\\\/www.walraven.com\\\/de\\\/\"},{\"@type\":\"ListItem\",\"position\":2,\"name\":\"Walraven Montagesystem f\u00fcr Flachdach\u00adinstallationen\",\"item\":\"https:\\\/\\\/www.walraven.com\\\/de\\\/flachdachinstallation\\\/\"},{\"@type\":\"ListItem\",\"position\":3,\"name\":\"Ihr kostenloses Musterexemplar Walraven Yeti\u00ae Fu\u00df\"}]},{\"@type\":\"WebSite\",\"@id\":\"https:\\\/\\\/www.walraven.com\\\/de\\\/#website\",\"url\":\"https:\\\/\\\/www.walraven.com\\\/de\\\/\",\"name\":\"Walraven Deutschland\",\"description\":\"\",\"publisher\":{\"@id\":\"https:\\\/\\\/www.walraven.com\\\/de\\\/#organization\"},\"potentialAction\":[{\"@type\":\"SearchAction\",\"target\":{\"@type\":\"EntryPoint\",\"urlTemplate\":\"https:\\\/\\\/www.walraven.com\\\/de\\\/?s={search_term_string}\"},\"query-input\":{\"@type\":\"PropertyValueSpecification\",\"valueRequired\":true,\"valueName\":\"search_term_string\"}}],\"inLanguage\":\"de\"},{\"@type\":\"Organization\",\"@id\":\"https:\\\/\\\/www.walraven.com\\\/de\\\/#organization\",\"name\":\"Walraven GmbH\",\"alternateName\":\"Walraven GmbH\",\"url\":\"https:\\\/\\\/www.walraven.com\\\/de\\\/\",\"logo\":{\"@type\":\"ImageObject\",\"inLanguage\":\"de\",\"@id\":\"https:\\\/\\\/www.walraven.com\\\/de\\\/#\\\/schema\\\/logo\\\/image\\\/\",\"url\":\"https:\\\/\\\/www.walraven.com\\\/de\\\/wp-content\\\/uploads\\\/sites\\\/4\\\/2023\\\/12\\\/Walraven_logo300x300.jpg\",\"contentUrl\":\"https:\\\/\\\/www.walraven.com\\\/de\\\/wp-content\\\/uploads\\\/sites\\\/4\\\/2023\\\/12\\\/Walraven_logo300x300.jpg\",\"width\":300,\"height\":300,\"caption\":\"Walraven GmbH\"},\"image\":{\"@id\":\"https:\\\/\\\/www.walraven.com\\\/de\\\/#\\\/schema\\\/logo\\\/image\\\/\"},\"sameAs\":[\"https:\\\/\\\/www.facebook.com\\\/Walraven.GmbH\",\"https:\\\/\\\/x.com\\\/BIS_Tech\",\"https:\\\/\\\/www.youtube.com\\\/WalravenDE\",\"https:\\\/\\\/www.linkedin.com\\\/company\\\/walraven-gmbh\",\"https:\\\/\\\/www.instagram.com\\\/walraven.gmbh\\\/\"]}]}<\/script>\n<!-- \/ Yoast SEO Premium plugin. -->","yoast_head_json":{"title":"Ihr kostenloses Musterexemplar Walraven Yeti\u00ae Fu\u00df","description":"Der nur 13 mal 13 Zentimeter gro\u00dfe Montagefu\u00df ist die sichere Basis f\u00fcr L\u00fcftungsleitungen, Rohre und Kabeltrassen auf Flachd\u00e4chern.","robots":{"index":"index","follow":"follow","max-snippet":"max-snippet:-1","max-image-preview":"max-image-preview:large","max-video-preview":"max-video-preview:-1"},"canonical":"https:\/\/www.walraven.com\/de\/flachdachinstallation\/musterexemplar-bis-yeti-130\/","og_locale":"de_DE","og_type":"article","og_title":"Ihr kostenloses Musterexemplar Walraven Yeti\u00ae Fu\u00df","og_description":"Der nur 13 mal 13 Zentimeter gro\u00dfe Montagefu\u00df ist die sichere Basis f\u00fcr L\u00fcftungsleitungen, Rohre und Kabeltrassen auf Flachd\u00e4chern.","og_url":"https:\/\/www.walraven.com\/de\/flachdachinstallation\/musterexemplar-bis-yeti-130\/","og_site_name":"Walraven Deutschland","article_publisher":"https:\/\/www.facebook.com\/Walraven.GmbH","article_modified_time":"2026-03-19T07:50:54+00:00","og_image":[{"width":2000,"height":1500,"url":"https:\/\/www.walraven.com\/de\/wp-content\/uploads\/sites\/4\/2019\/10\/BIS-Yeti-130-Musterpaket.jpg","type":"image\/jpeg"}],"twitter_card":"summary_large_image","twitter_site":"@BIS_Tech","twitter_misc":{"Gesch\u00e4tzte Lesezeit":"1\u00a0Minute"},"schema":{"@context":"https:\/\/schema.org","@graph":[{"@type":"WebPage","@id":"https:\/\/www.walraven.com\/de\/flachdachinstallation\/musterexemplar-bis-yeti-130\/","url":"https:\/\/www.walraven.com\/de\/flachdachinstallation\/musterexemplar-bis-yeti-130\/","name":"Ihr kostenloses Musterexemplar Walraven Yeti\u00ae Fu\u00df","isPartOf":{"@id":"https:\/\/www.walraven.com\/de\/#website"},"primaryImageOfPage":{"@id":"https:\/\/www.walraven.com\/de\/flachdachinstallation\/musterexemplar-bis-yeti-130\/#primaryimage"},"image":{"@id":"https:\/\/www.walraven.com\/de\/flachdachinstallation\/musterexemplar-bis-yeti-130\/#primaryimage"},"thumbnailUrl":"https:\/\/www.walraven.com\/wp-content\/uploads\/sites\/4\/2019\/10\/BIS-Yeti-130-Musterpaket-300x225.jpg","datePublished":"2019-10-24T08:55:11+00:00","dateModified":"2026-03-19T07:50:54+00:00","description":"Der nur 13 mal 13 Zentimeter gro\u00dfe Montagefu\u00df ist die sichere Basis f\u00fcr L\u00fcftungsleitungen, Rohre und Kabeltrassen auf Flachd\u00e4chern.","breadcrumb":{"@id":"https:\/\/www.walraven.com\/de\/flachdachinstallation\/musterexemplar-bis-yeti-130\/#breadcrumb"},"inLanguage":"de","potentialAction":[{"@type":"ReadAction","target":["https:\/\/www.walraven.com\/de\/flachdachinstallation\/musterexemplar-bis-yeti-130\/"]}]},{"@type":"ImageObject","inLanguage":"de","@id":"https:\/\/www.walraven.com\/de\/flachdachinstallation\/musterexemplar-bis-yeti-130\/#primaryimage","url":"https:\/\/www.walraven.com\/wp-content\/uploads\/sites\/4\/2019\/10\/BIS-Yeti-130-Musterpaket-300x225.jpg","contentUrl":"https:\/\/www.walraven.com\/wp-content\/uploads\/sites\/4\/2019\/10\/BIS-Yeti-130-Musterpaket-300x225.jpg"},{"@type":"BreadcrumbList","@id":"https:\/\/www.walraven.com\/de\/flachdachinstallation\/musterexemplar-bis-yeti-130\/#breadcrumb","itemListElement":[{"@type":"ListItem","position":1,"name":"Startseite","item":"https:\/\/www.walraven.com\/de\/"},{"@type":"ListItem","position":2,"name":"Walraven Montagesystem f\u00fcr Flachdach\u00adinstallationen","item":"https:\/\/www.walraven.com\/de\/flachdachinstallation\/"},{"@type":"ListItem","position":3,"name":"Ihr kostenloses Musterexemplar Walraven Yeti\u00ae Fu\u00df"}]},{"@type":"WebSite","@id":"https:\/\/www.walraven.com\/de\/#website","url":"https:\/\/www.walraven.com\/de\/","name":"Walraven Deutschland","description":"","publisher":{"@id":"https:\/\/www.walraven.com\/de\/#organization"},"potentialAction":[{"@type":"SearchAction","target":{"@type":"EntryPoint","urlTemplate":"https:\/\/www.walraven.com\/de\/?s={search_term_string}"},"query-input":{"@type":"PropertyValueSpecification","valueRequired":true,"valueName":"search_term_string"}}],"inLanguage":"de"},{"@type":"Organization","@id":"https:\/\/www.walraven.com\/de\/#organization","name":"Walraven GmbH","alternateName":"Walraven GmbH","url":"https:\/\/www.walraven.com\/de\/","logo":{"@type":"ImageObject","inLanguage":"de","@id":"https:\/\/www.walraven.com\/de\/#\/schema\/logo\/image\/","url":"https:\/\/www.walraven.com\/de\/wp-content\/uploads\/sites\/4\/2023\/12\/Walraven_logo300x300.jpg","contentUrl":"https:\/\/www.walraven.com\/de\/wp-content\/uploads\/sites\/4\/2023\/12\/Walraven_logo300x300.jpg","width":300,"height":300,"caption":"Walraven GmbH"},"image":{"@id":"https:\/\/www.walraven.com\/de\/#\/schema\/logo\/image\/"},"sameAs":["https:\/\/www.facebook.com\/Walraven.GmbH","https:\/\/x.com\/BIS_Tech","https:\/\/www.youtube.com\/WalravenDE","https:\/\/www.linkedin.com\/company\/walraven-gmbh","https:\/\/www.instagram.com\/walraven.gmbh\/"]}]}},"_links":{"self":[{"href":"https:\/\/www.walraven.com\/de\/wp-json\/wp\/v2\/pages\/74368","targetHints":{"allow":["GET"]}}],"collection":[{"href":"https:\/\/www.walraven.com\/de\/wp-json\/wp\/v2\/pages"}],"about":[{"href":"https:\/\/www.walraven.com\/de\/wp-json\/wp\/v2\/types\/page"}],"author":[{"embeddable":true,"href":"https:\/\/www.walraven.com\/de\/wp-json\/wp\/v2\/users\/49"}],"replies":[{"embeddable":true,"href":"https:\/\/www.walraven.com\/de\/wp-json\/wp\/v2\/comments?post=74368"}],"version-history":[{"count":8,"href":"https:\/\/www.walraven.com\/de\/wp-json\/wp\/v2\/pages\/74368\/revisions"}],"predecessor-version":[{"id":261379,"href":"https:\/\/www.walraven.com\/de\/wp-json\/wp\/v2\/pages\/74368\/revisions\/261379"}],"up":[{"embeddable":true,"href":"https:\/\/www.walraven.com\/de\/wp-json\/wp\/v2\/pages\/69482"}],"wp:attachment":[{"href":"https:\/\/www.walraven.com\/de\/wp-json\/wp\/v2\/media?parent=74368"}],"curies":[{"name":"wp","href":"https:\/\/api.w.org\/{rel}","templated":true}]}}