{"id":75923,"date":"2020-07-21T12:33:18","date_gmt":"2020-07-21T10:33:18","guid":{"rendered":"https:\/\/www.walraven.com\/de\/?page_id=75923"},"modified":"2025-08-08T09:08:45","modified_gmt":"2025-08-08T07:08:45","slug":"silikone-und-fugendichtstoffe","status":"publish","type":"page","link":"https:\/\/www.walraven.com\/de\/silikone-und-fugendichtstoffe\/","title":{"rendered":"FUSION XLT-Silikone, Fugendicht- und Klebstoffe"},"content":{"rendered":"<h2>SISTA und Walraven<\/h2>\n","protected":false},"excerpt":{"rendered":"<p>Das neue SISTA-Fugendichtstoffsortiment mit Fusion XLT-Technologie bietet eine enorme Farb- und Anwendungsvielfalt. Vom Universalsilikon \u00fcber den Schimmelblocker bis hin zum klassischen Sanit\u00e4rsilikon in \u00fcber 70 Farbt\u00f6nen.<\/p>\n","protected":false},"author":10,"featured_media":75957,"parent":0,"menu_order":0,"comment_status":"closed","ping_status":"closed","template":"page-templates\/tpl-landingspage.php","meta":{"_acf_changed":false,"footnotes":""},"class_list":["post-75923","page","type-page","status-publish","has-post-thumbnail","hentry"],"acf":[],"yoast_head":"<!-- This site is optimized with the Yoast SEO Premium plugin v27.5 (Yoast SEO v27.5) - https:\/\/yoast.com\/product\/yoast-seo-premium-wordpress\/ -->\n<title>FUSION XLT-Silikone, Fugendicht- und Klebstoffe - Walraven Deutschland<\/title>\n<meta name=\"description\" content=\"F\u00fcr Installateure nur das Beste. Das neue SISTA-Fugendichtstoffsortiment mit Fusion XLT-Technologie bietet eine enorme Farb- und Anwendungsvielfalt.\" \/>\n<meta name=\"robots\" content=\"index, follow, max-snippet:-1, max-image-preview:large, max-video-preview:-1\" \/>\n<link rel=\"canonical\" href=\"https:\/\/www.walraven.com\/de\/silikone-und-fugendichtstoffe\/\" \/>\n<meta property=\"og:locale\" content=\"de_DE\" \/>\n<meta property=\"og:type\" content=\"article\" \/>\n<meta property=\"og:title\" content=\"FUSION XLT-Silikone, Fugendicht- und Klebstoffe\" \/>\n<meta property=\"og:description\" content=\"F\u00fcr Installateure nur das Beste. Das neue SISTA-Fugendichtstoffsortiment mit Fusion XLT-Technologie bietet eine enorme Farb- und Anwendungsvielfalt.\" \/>\n<meta property=\"og:url\" content=\"https:\/\/www.walraven.com\/de\/silikone-und-fugendichtstoffe\/\" \/>\n<meta property=\"og:site_name\" content=\"Walraven Deutschland\" \/>\n<meta property=\"article:publisher\" content=\"https:\/\/www.facebook.com\/Walraven.GmbH\" \/>\n<meta property=\"article:modified_time\" content=\"2025-08-08T07:08:45+00:00\" \/>\n<meta property=\"og:image\" content=\"https:\/\/www.walraven.com\/de\/wp-content\/uploads\/sites\/4\/2020\/07\/SISTA-Fugendichtstoffe-Sortimentsbroschuere_Seite_1-2.png\" \/>\n\t<meta property=\"og:image:width\" content=\"836\" \/>\n\t<meta property=\"og:image:height\" content=\"687\" \/>\n\t<meta property=\"og:image:type\" content=\"image\/png\" \/>\n<meta name=\"twitter:card\" content=\"summary_large_image\" \/>\n<meta name=\"twitter:site\" content=\"@BIS_Tech\" \/>\n<meta name=\"twitter:label1\" content=\"Gesch\u00e4tzte Lesezeit\" \/>\n\t<meta name=\"twitter:data1\" content=\"2\u00a0Minuten\" \/>\n<script type=\"application\/ld+json\" class=\"yoast-schema-graph\">{\"@context\":\"https:\\\/\\\/schema.org\",\"@graph\":[{\"@type\":\"WebPage\",\"@id\":\"https:\\\/\\\/www.walraven.com\\\/de\\\/silikone-und-fugendichtstoffe\\\/\",\"url\":\"https:\\\/\\\/www.walraven.com\\\/de\\\/silikone-und-fugendichtstoffe\\\/\",\"name\":\"FUSION XLT-Silikone, Fugendicht- und Klebstoffe - Walraven Deutschland\",\"isPartOf\":{\"@id\":\"https:\\\/\\\/www.walraven.com\\\/de\\\/#website\"},\"primaryImageOfPage\":{\"@id\":\"https:\\\/\\\/www.walraven.com\\\/de\\\/silikone-und-fugendichtstoffe\\\/#primaryimage\"},\"image\":{\"@id\":\"https:\\\/\\\/www.walraven.com\\\/de\\\/silikone-und-fugendichtstoffe\\\/#primaryimage\"},\"thumbnailUrl\":\"https:\\\/\\\/www.walraven.com\\\/de\\\/wp-content\\\/uploads\\\/sites\\\/4\\\/2020\\\/07\\\/SISTA-Fugendichtstoffe-Sortimentsbroschuere_Seite_1-2.png\",\"datePublished\":\"2020-07-21T10:33:18+00:00\",\"dateModified\":\"2025-08-08T07:08:45+00:00\",\"description\":\"F\u00fcr Installateure nur das Beste. Das neue SISTA-Fugendichtstoffsortiment mit Fusion XLT-Technologie bietet eine enorme Farb- und Anwendungsvielfalt.\",\"breadcrumb\":{\"@id\":\"https:\\\/\\\/www.walraven.com\\\/de\\\/silikone-und-fugendichtstoffe\\\/#breadcrumb\"},\"inLanguage\":\"de\",\"potentialAction\":[{\"@type\":\"ReadAction\",\"target\":[\"https:\\\/\\\/www.walraven.com\\\/de\\\/silikone-und-fugendichtstoffe\\\/\"]}]},{\"@type\":\"ImageObject\",\"inLanguage\":\"de\",\"@id\":\"https:\\\/\\\/www.walraven.com\\\/de\\\/silikone-und-fugendichtstoffe\\\/#primaryimage\",\"url\":\"https:\\\/\\\/www.walraven.com\\\/de\\\/wp-content\\\/uploads\\\/sites\\\/4\\\/2020\\\/07\\\/SISTA-Fugendichtstoffe-Sortimentsbroschuere_Seite_1-2.png\",\"contentUrl\":\"https:\\\/\\\/www.walraven.com\\\/de\\\/wp-content\\\/uploads\\\/sites\\\/4\\\/2020\\\/07\\\/SISTA-Fugendichtstoffe-Sortimentsbroschuere_Seite_1-2.png\",\"width\":836,\"height\":687,\"caption\":\"Ein Werbebild, das die Fugendichtstoffprodukte von Sista, vertrieben von Walraven, pr\u00e4sentiert. Acht wei\u00dfe Kartuschen mit gr\u00fcn-schwarzen Etiketten sind in einer Reihe angeordnet. Im Vordergrund sind drei Kartuschen mit den Bezeichnungen \\\"Sista F109\\\", \\\"Sista F101\\\" und \\\"Sista F173\\\" sowie der Aufschrift \\\"Jetzt mit der FUSION XLT-Technologie\\\" deutlich zu erkennen. Die Produkte dienen als Silikon-, Schaum- und Klebstoffsortiment. Der Hintergrund ist ein gr\u00fcnes, abstraktes Muster.\"},{\"@type\":\"BreadcrumbList\",\"@id\":\"https:\\\/\\\/www.walraven.com\\\/de\\\/silikone-und-fugendichtstoffe\\\/#breadcrumb\",\"itemListElement\":[{\"@type\":\"ListItem\",\"position\":1,\"name\":\"Startseite\",\"item\":\"https:\\\/\\\/www.walraven.com\\\/de\\\/\"},{\"@type\":\"ListItem\",\"position\":2,\"name\":\"FUSION XLT-Silikone, Fugendicht- und Klebstoffe\"}]},{\"@type\":\"WebSite\",\"@id\":\"https:\\\/\\\/www.walraven.com\\\/de\\\/#website\",\"url\":\"https:\\\/\\\/www.walraven.com\\\/de\\\/\",\"name\":\"Walraven Deutschland\",\"description\":\"\",\"publisher\":{\"@id\":\"https:\\\/\\\/www.walraven.com\\\/de\\\/#organization\"},\"potentialAction\":[{\"@type\":\"SearchAction\",\"target\":{\"@type\":\"EntryPoint\",\"urlTemplate\":\"https:\\\/\\\/www.walraven.com\\\/de\\\/?s={search_term_string}\"},\"query-input\":{\"@type\":\"PropertyValueSpecification\",\"valueRequired\":true,\"valueName\":\"search_term_string\"}}],\"inLanguage\":\"de\"},{\"@type\":\"Organization\",\"@id\":\"https:\\\/\\\/www.walraven.com\\\/de\\\/#organization\",\"name\":\"Walraven GmbH\",\"alternateName\":\"Walraven GmbH\",\"url\":\"https:\\\/\\\/www.walraven.com\\\/de\\\/\",\"logo\":{\"@type\":\"ImageObject\",\"inLanguage\":\"de\",\"@id\":\"https:\\\/\\\/www.walraven.com\\\/de\\\/#\\\/schema\\\/logo\\\/image\\\/\",\"url\":\"https:\\\/\\\/www.walraven.com\\\/de\\\/wp-content\\\/uploads\\\/sites\\\/4\\\/2023\\\/12\\\/Walraven_logo300x300.jpg\",\"contentUrl\":\"https:\\\/\\\/www.walraven.com\\\/de\\\/wp-content\\\/uploads\\\/sites\\\/4\\\/2023\\\/12\\\/Walraven_logo300x300.jpg\",\"width\":300,\"height\":300,\"caption\":\"Walraven GmbH\"},\"image\":{\"@id\":\"https:\\\/\\\/www.walraven.com\\\/de\\\/#\\\/schema\\\/logo\\\/image\\\/\"},\"sameAs\":[\"https:\\\/\\\/www.facebook.com\\\/Walraven.GmbH\",\"https:\\\/\\\/x.com\\\/BIS_Tech\",\"https:\\\/\\\/www.youtube.com\\\/WalravenDE\",\"https:\\\/\\\/www.linkedin.com\\\/company\\\/walraven-gmbh\",\"https:\\\/\\\/www.instagram.com\\\/walraven.gmbh\\\/\"]}]}<\/script>\n<!-- \/ Yoast SEO Premium plugin. -->","yoast_head_json":{"title":"FUSION XLT-Silikone, Fugendicht- und Klebstoffe - Walraven Deutschland","description":"F\u00fcr Installateure nur das Beste. Das neue SISTA-Fugendichtstoffsortiment mit Fusion XLT-Technologie bietet eine enorme Farb- und Anwendungsvielfalt.","robots":{"index":"index","follow":"follow","max-snippet":"max-snippet:-1","max-image-preview":"max-image-preview:large","max-video-preview":"max-video-preview:-1"},"canonical":"https:\/\/www.walraven.com\/de\/silikone-und-fugendichtstoffe\/","og_locale":"de_DE","og_type":"article","og_title":"FUSION XLT-Silikone, Fugendicht- und Klebstoffe","og_description":"F\u00fcr Installateure nur das Beste. Das neue SISTA-Fugendichtstoffsortiment mit Fusion XLT-Technologie bietet eine enorme Farb- und Anwendungsvielfalt.","og_url":"https:\/\/www.walraven.com\/de\/silikone-und-fugendichtstoffe\/","og_site_name":"Walraven Deutschland","article_publisher":"https:\/\/www.facebook.com\/Walraven.GmbH","article_modified_time":"2025-08-08T07:08:45+00:00","og_image":[{"width":836,"height":687,"url":"https:\/\/www.walraven.com\/de\/wp-content\/uploads\/sites\/4\/2020\/07\/SISTA-Fugendichtstoffe-Sortimentsbroschuere_Seite_1-2.png","type":"image\/png"}],"twitter_card":"summary_large_image","twitter_site":"@BIS_Tech","twitter_misc":{"Gesch\u00e4tzte Lesezeit":"2\u00a0Minuten"},"schema":{"@context":"https:\/\/schema.org","@graph":[{"@type":"WebPage","@id":"https:\/\/www.walraven.com\/de\/silikone-und-fugendichtstoffe\/","url":"https:\/\/www.walraven.com\/de\/silikone-und-fugendichtstoffe\/","name":"FUSION XLT-Silikone, Fugendicht- und Klebstoffe - Walraven Deutschland","isPartOf":{"@id":"https:\/\/www.walraven.com\/de\/#website"},"primaryImageOfPage":{"@id":"https:\/\/www.walraven.com\/de\/silikone-und-fugendichtstoffe\/#primaryimage"},"image":{"@id":"https:\/\/www.walraven.com\/de\/silikone-und-fugendichtstoffe\/#primaryimage"},"thumbnailUrl":"https:\/\/www.walraven.com\/de\/wp-content\/uploads\/sites\/4\/2020\/07\/SISTA-Fugendichtstoffe-Sortimentsbroschuere_Seite_1-2.png","datePublished":"2020-07-21T10:33:18+00:00","dateModified":"2025-08-08T07:08:45+00:00","description":"F\u00fcr Installateure nur das Beste. Das neue SISTA-Fugendichtstoffsortiment mit Fusion XLT-Technologie bietet eine enorme Farb- und Anwendungsvielfalt.","breadcrumb":{"@id":"https:\/\/www.walraven.com\/de\/silikone-und-fugendichtstoffe\/#breadcrumb"},"inLanguage":"de","potentialAction":[{"@type":"ReadAction","target":["https:\/\/www.walraven.com\/de\/silikone-und-fugendichtstoffe\/"]}]},{"@type":"ImageObject","inLanguage":"de","@id":"https:\/\/www.walraven.com\/de\/silikone-und-fugendichtstoffe\/#primaryimage","url":"https:\/\/www.walraven.com\/de\/wp-content\/uploads\/sites\/4\/2020\/07\/SISTA-Fugendichtstoffe-Sortimentsbroschuere_Seite_1-2.png","contentUrl":"https:\/\/www.walraven.com\/de\/wp-content\/uploads\/sites\/4\/2020\/07\/SISTA-Fugendichtstoffe-Sortimentsbroschuere_Seite_1-2.png","width":836,"height":687,"caption":"Ein Werbebild, das die Fugendichtstoffprodukte von Sista, vertrieben von Walraven, pr\u00e4sentiert. Acht wei\u00dfe Kartuschen mit gr\u00fcn-schwarzen Etiketten sind in einer Reihe angeordnet. Im Vordergrund sind drei Kartuschen mit den Bezeichnungen \"Sista F109\", \"Sista F101\" und \"Sista F173\" sowie der Aufschrift \"Jetzt mit der FUSION XLT-Technologie\" deutlich zu erkennen. Die Produkte dienen als Silikon-, Schaum- und Klebstoffsortiment. Der Hintergrund ist ein gr\u00fcnes, abstraktes Muster."},{"@type":"BreadcrumbList","@id":"https:\/\/www.walraven.com\/de\/silikone-und-fugendichtstoffe\/#breadcrumb","itemListElement":[{"@type":"ListItem","position":1,"name":"Startseite","item":"https:\/\/www.walraven.com\/de\/"},{"@type":"ListItem","position":2,"name":"FUSION XLT-Silikone, Fugendicht- und Klebstoffe"}]},{"@type":"WebSite","@id":"https:\/\/www.walraven.com\/de\/#website","url":"https:\/\/www.walraven.com\/de\/","name":"Walraven Deutschland","description":"","publisher":{"@id":"https:\/\/www.walraven.com\/de\/#organization"},"potentialAction":[{"@type":"SearchAction","target":{"@type":"EntryPoint","urlTemplate":"https:\/\/www.walraven.com\/de\/?s={search_term_string}"},"query-input":{"@type":"PropertyValueSpecification","valueRequired":true,"valueName":"search_term_string"}}],"inLanguage":"de"},{"@type":"Organization","@id":"https:\/\/www.walraven.com\/de\/#organization","name":"Walraven GmbH","alternateName":"Walraven GmbH","url":"https:\/\/www.walraven.com\/de\/","logo":{"@type":"ImageObject","inLanguage":"de","@id":"https:\/\/www.walraven.com\/de\/#\/schema\/logo\/image\/","url":"https:\/\/www.walraven.com\/de\/wp-content\/uploads\/sites\/4\/2023\/12\/Walraven_logo300x300.jpg","contentUrl":"https:\/\/www.walraven.com\/de\/wp-content\/uploads\/sites\/4\/2023\/12\/Walraven_logo300x300.jpg","width":300,"height":300,"caption":"Walraven GmbH"},"image":{"@id":"https:\/\/www.walraven.com\/de\/#\/schema\/logo\/image\/"},"sameAs":["https:\/\/www.facebook.com\/Walraven.GmbH","https:\/\/x.com\/BIS_Tech","https:\/\/www.youtube.com\/WalravenDE","https:\/\/www.linkedin.com\/company\/walraven-gmbh","https:\/\/www.instagram.com\/walraven.gmbh\/"]}]}},"_links":{"self":[{"href":"https:\/\/www.walraven.com\/de\/wp-json\/wp\/v2\/pages\/75923","targetHints":{"allow":["GET"]}}],"collection":[{"href":"https:\/\/www.walraven.com\/de\/wp-json\/wp\/v2\/pages"}],"about":[{"href":"https:\/\/www.walraven.com\/de\/wp-json\/wp\/v2\/types\/page"}],"author":[{"embeddable":true,"href":"https:\/\/www.walraven.com\/de\/wp-json\/wp\/v2\/users\/10"}],"replies":[{"embeddable":true,"href":"https:\/\/www.walraven.com\/de\/wp-json\/wp\/v2\/comments?post=75923"}],"version-history":[{"count":7,"href":"https:\/\/www.walraven.com\/de\/wp-json\/wp\/v2\/pages\/75923\/revisions"}],"predecessor-version":[{"id":145083,"href":"https:\/\/www.walraven.com\/de\/wp-json\/wp\/v2\/pages\/75923\/revisions\/145083"}],"wp:featuredmedia":[{"embeddable":true,"href":"https:\/\/www.walraven.com\/de\/wp-json\/wp\/v2\/media\/75957"}],"wp:attachment":[{"href":"https:\/\/www.walraven.com\/de\/wp-json\/wp\/v2\/media?parent=75923"}],"curies":[{"name":"wp","href":"https:\/\/api.w.org\/{rel}","templated":true}]}}