{"id":76809,"date":"2020-11-18T09:54:54","date_gmt":"2020-11-18T08:54:54","guid":{"rendered":"https:\/\/www.walraven.com\/de\/?page_id=76809"},"modified":"2020-11-18T12:58:41","modified_gmt":"2020-11-18T11:58:41","slug":"pressemitteilungen-fruehjahr-2020","status":"publish","type":"page","link":"https:\/\/www.walraven.com\/de\/ueber-walraven\/aktuelles\/pressemitteilungen\/pressemitteilungen-fruehjahr-2020\/","title":{"rendered":"Pressemitteilungen Fr\u00fchjahr 2020"},"content":{"rendered":"<hr \/>\n<h3 class=\"content__main-heading\"><strong>Das waren die Pressemeldungen im Fr\u00fchjahr 2020<\/strong><\/h3>\n<h3><img loading=\"lazy\" decoding=\"async\" class=\"alignleft wp-image-75020 size-medium\" src=\"https:\/\/www.walraven.com\/wp-content\/uploads\/sites\/4\/2020\/03\/Walraven-Pacifyre-CB-Kombiboxen-Anwendung-300x211.jpg\" alt=\"Neue allgemeine Bauartgenehmigung f\u00fcr Pacifyre\u00ae CB Kombiboxen\" width=\"300\" height=\"211\" srcset=\"https:\/\/www.walraven.com\/de\/wp-content\/uploads\/sites\/4\/2020\/03\/Walraven-Pacifyre-CB-Kombiboxen-Anwendung-300x211.jpg 300w, https:\/\/www.walraven.com\/de\/wp-content\/uploads\/sites\/4\/2020\/03\/Walraven-Pacifyre-CB-Kombiboxen-Anwendung-1024x720.jpg 1024w, https:\/\/www.walraven.com\/de\/wp-content\/uploads\/sites\/4\/2020\/03\/Walraven-Pacifyre-CB-Kombiboxen-Anwendung-768x540.jpg 768w, https:\/\/www.walraven.com\/de\/wp-content\/uploads\/sites\/4\/2020\/03\/Walraven-Pacifyre-CB-Kombiboxen-Anwendung-433x305.jpg 433w, https:\/\/www.walraven.com\/de\/wp-content\/uploads\/sites\/4\/2020\/03\/Walraven-Pacifyre-CB-Kombiboxen-Anwendung-542x381.jpg 542w, https:\/\/www.walraven.com\/de\/wp-content\/uploads\/sites\/4\/2020\/03\/Walraven-Pacifyre-CB-Kombiboxen-Anwendung-1290x908.jpg 1290w, https:\/\/www.walraven.com\/de\/wp-content\/uploads\/sites\/4\/2020\/03\/Walraven-Pacifyre-CB-Kombiboxen-Anwendung.jpg 1417w\" sizes=\"auto, (max-width: 300px) 100vw, 300px\" \/><\/h3>\n<h3><span style=\"font-size: 14.0pt;font-family: 'Arial',sans-serif;color: black\"><a href=\"https:\/\/www.walraven.com\/de\/ueber-walraven\/aktuelles\/noch-universeller-belegbare-brandschotts\/\" target=\"_blank\" rel=\"noopener noreferrer\"><strong><span style=\"color: #000000\">Noch universeller belegbare Brandschotts<\/span><\/strong><\/a><\/span><\/h3>\n<p><strong>Neue allgemeine Bauartgenehmigung f\u00fcr Pacifyre\u00ae CB Kombiboxen von Walraven<\/strong><\/p>\n<p>Nun sind auch eine Boxenh\u00f6he von 180 Millimetern und ein deckenb\u00fcndiger Einbau m\u00f6glich.<\/p>\n<h4><\/h4>\n<p>&nbsp;<\/p>\n<p>&nbsp;<\/p>\n<p><a href=\"https:\/\/www.walraven.com\/de\/fallbeispiele-projektloesungen\/fussballstadion-bratislava\/\"><img loading=\"lazy\" decoding=\"async\" class=\"alignleft wp-image-75019 size-medium\" src=\"https:\/\/www.walraven.com\/wp-content\/uploads\/sites\/4\/2020\/03\/Walraven-Stadion-Bratislava-Strabag-01-300x169.jpg\" alt=\"Als eines der modernsten Stadien Europas er\u00f6ffnete 2019 das Nationale Fu\u00dfballstadion in Bratislava. Bild: Branislav Hol\u00edk, STRABAG\" width=\"300\" height=\"169\" srcset=\"https:\/\/www.walraven.com\/de\/wp-content\/uploads\/sites\/4\/2020\/03\/Walraven-Stadion-Bratislava-Strabag-01-300x169.jpg 300w, https:\/\/www.walraven.com\/de\/wp-content\/uploads\/sites\/4\/2020\/03\/Walraven-Stadion-Bratislava-Strabag-01-1024x576.jpg 1024w, https:\/\/www.walraven.com\/de\/wp-content\/uploads\/sites\/4\/2020\/03\/Walraven-Stadion-Bratislava-Strabag-01-768x432.jpg 768w, https:\/\/www.walraven.com\/de\/wp-content\/uploads\/sites\/4\/2020\/03\/Walraven-Stadion-Bratislava-Strabag-01-480x270.jpg 480w, https:\/\/www.walraven.com\/de\/wp-content\/uploads\/sites\/4\/2020\/03\/Walraven-Stadion-Bratislava-Strabag-01-600x337.jpg 600w, https:\/\/www.walraven.com\/de\/wp-content\/uploads\/sites\/4\/2020\/03\/Walraven-Stadion-Bratislava-Strabag-01-1290x726.jpg 1290w, https:\/\/www.walraven.com\/de\/wp-content\/uploads\/sites\/4\/2020\/03\/Walraven-Stadion-Bratislava-Strabag-01.jpg 1417w\" sizes=\"auto, (max-width: 300px) 100vw, 300px\" \/><\/a><\/p>\n<h3><strong><a href=\"https:\/\/www.walraven.com\/de\/fallbeispiele-projektloesungen\/fussballstadion-bratislava\/\" target=\"_blank\" rel=\"noopener noreferrer\"><span style=\"font-size: 14.0pt;font-family: 'Arial',sans-serif;color: black\">Sichere Basis f\u00fcr modernes Fu\u00dfballstadion in Bratislava<\/span><\/a><\/strong><\/h3>\n<p><strong>Walraven-Befestigungsprodukte machen Veranstaltungen im 2019 er\u00f6ffneten Nationalen Fu\u00dfballstadion erst m\u00f6glich<\/strong><\/p>\n<h4><\/h4>\n<p>&nbsp;<\/p>\n<p>&nbsp;<\/p>\n<p><img loading=\"lazy\" decoding=\"async\" class=\"wp-image-75018 size-medium alignleft\" src=\"https:\/\/www.walraven.com\/wp-content\/uploads\/sites\/4\/2020\/03\/TGA-Erlebnisseminar-Brandschutz-BBQ-Grillmotiv-1-300x142.jpg\" alt=\"Die Kunst des \u201eAmerican Barbecue\u201c und Wichtiges zum baulichen Brandschutz\" width=\"300\" height=\"142\" srcset=\"https:\/\/www.walraven.com\/de\/wp-content\/uploads\/sites\/4\/2020\/03\/TGA-Erlebnisseminar-Brandschutz-BBQ-Grillmotiv-1-300x142.jpg 300w, https:\/\/www.walraven.com\/de\/wp-content\/uploads\/sites\/4\/2020\/03\/TGA-Erlebnisseminar-Brandschutz-BBQ-Grillmotiv-1-1024x486.jpg 1024w, https:\/\/www.walraven.com\/de\/wp-content\/uploads\/sites\/4\/2020\/03\/TGA-Erlebnisseminar-Brandschutz-BBQ-Grillmotiv-1-768x365.jpg 768w, https:\/\/www.walraven.com\/de\/wp-content\/uploads\/sites\/4\/2020\/03\/TGA-Erlebnisseminar-Brandschutz-BBQ-Grillmotiv-1-480x228.jpg 480w, https:\/\/www.walraven.com\/de\/wp-content\/uploads\/sites\/4\/2020\/03\/TGA-Erlebnisseminar-Brandschutz-BBQ-Grillmotiv-1-600x285.jpg 600w, https:\/\/www.walraven.com\/de\/wp-content\/uploads\/sites\/4\/2020\/03\/TGA-Erlebnisseminar-Brandschutz-BBQ-Grillmotiv-1-1290x613.jpg 1290w, https:\/\/www.walraven.com\/de\/wp-content\/uploads\/sites\/4\/2020\/03\/TGA-Erlebnisseminar-Brandschutz-BBQ-Grillmotiv-1.jpg 1417w\" sizes=\"auto, (max-width: 300px) 100vw, 300px\" \/><\/p>\n<h3 style=\"margin-right: -35.45pt\"><span style=\"color: #006950\"><em><span style=\"font-size: 14pt;font-family: Arial, sans-serif\">Verschoben aufgrund der Corona-Pandemie:<\/span><\/em><\/span><\/h3>\n<h3 style=\"margin-right: -35.45pt\"><span style=\"font-size: 14.0pt;font-family: 'Arial',sans-serif;color: black\">BRANDSCHUTZ Barbecue 2.0<\/span><\/h3>\n<p><strong>Die Kunst des \u201eAmerican Barbecue\u201c und Wichtiges zum baulichen Brandschutz kombiniert Walraven zu einem <\/strong><strong>TGA Erlebnisseminar <\/strong><strong>der besonderen Art<\/strong><\/p>\n<h4><\/h4>\n<p>&nbsp;<\/p>\n<hr \/>\n<hr \/>\n<h3 class=\"content__main-heading\"><strong><a href=\"https:\/\/www.walraven.com\/de\/ueber-walraven\/aktuelles\/pressemitteilungen\/pressemeldungen-fruehjahr-2019\/\" target=\"_blank\" rel=\"noopener noreferrer\">Pressemeldungen im Fr\u00fchjahr 2019<\/a><\/strong><\/h3>\n<hr \/>\n<hr \/>\n<p>&nbsp;<\/p>\n<hr \/>\n<h3><strong><a href=\"https:\/\/www.walraven.com\/de\/ueber-walraven\/aktuelles\/pressemitteilungen\/pressemeldungen-2018\/\" target=\"_blank\" rel=\"noopener noreferrer\">Das waren die Meldungen von Walraven zu den Messen im Fr\u00fchjahr 2018<\/a><\/strong><\/h3>\n<hr \/>\n<p>&nbsp;<\/p>\n","protected":false},"excerpt":{"rendered":"<p>Das waren die Pressemeldungen im Fr\u00fchjahr 2020 Noch universeller belegbare Brandschotts Neue allgemeine Bauartgenehmigung f\u00fcr Pacifyre\u00ae CB Kombiboxen von Walraven Nun sind auch eine Boxenh\u00f6he von 180 Millimetern und ein deckenb\u00fcndiger Einbau m\u00f6glich. &nbsp; &nbsp; Sichere Basis f\u00fcr modernes Fu\u00dfballstadion in Bratislava Walraven-Befestigungsprodukte machen Veranstaltungen im 2019 er\u00f6ffneten Nationalen Fu\u00dfballstadion erst m\u00f6glich &nbsp; &nbsp; Verschoben [&hellip;]<\/p>\n","protected":false},"author":49,"featured_media":0,"parent":71855,"menu_order":0,"comment_status":"closed","ping_status":"closed","template":"","meta":{"_acf_changed":false,"footnotes":""},"class_list":["post-76809","page","type-page","status-publish","hentry"],"acf":[],"yoast_head":"<!-- This site is optimized with the Yoast SEO Premium plugin v27.3 (Yoast SEO v27.3) - https:\/\/yoast.com\/product\/yoast-seo-premium-wordpress\/ -->\n<title>Pressemitteilungen Fr\u00fchjahr 2020 - Walraven Deutschland<\/title>\n<meta name=\"robots\" content=\"index, follow, max-snippet:-1, max-image-preview:large, max-video-preview:-1\" \/>\n<link rel=\"canonical\" href=\"https:\/\/www.walraven.com\/de\/ueber-walraven\/aktuelles\/pressemitteilungen\/pressemitteilungen-fruehjahr-2020\/\" \/>\n<meta property=\"og:locale\" content=\"de_DE\" \/>\n<meta property=\"og:type\" content=\"article\" \/>\n<meta property=\"og:title\" content=\"Pressemitteilungen Fr\u00fchjahr 2020\" \/>\n<meta property=\"og:description\" content=\"Das waren die Pressemeldungen im Fr\u00fchjahr 2020 Noch universeller belegbare Brandschotts Neue allgemeine Bauartgenehmigung f\u00fcr Pacifyre\u00ae CB Kombiboxen von Walraven Nun sind auch eine Boxenh\u00f6he von 180 Millimetern und ein deckenb\u00fcndiger Einbau m\u00f6glich. &nbsp; &nbsp; Sichere Basis f\u00fcr modernes Fu\u00dfballstadion in Bratislava Walraven-Befestigungsprodukte machen Veranstaltungen im 2019 er\u00f6ffneten Nationalen Fu\u00dfballstadion erst m\u00f6glich &nbsp; &nbsp; Verschoben [&hellip;]\" \/>\n<meta property=\"og:url\" content=\"https:\/\/www.walraven.com\/de\/ueber-walraven\/aktuelles\/pressemitteilungen\/pressemitteilungen-fruehjahr-2020\/\" \/>\n<meta property=\"og:site_name\" content=\"Walraven Deutschland\" \/>\n<meta property=\"article:publisher\" content=\"https:\/\/www.facebook.com\/Walraven.GmbH\" \/>\n<meta property=\"article:modified_time\" content=\"2020-11-18T11:58:41+00:00\" \/>\n<meta property=\"og:image\" content=\"https:\/\/www.walraven.com\/de\/wp-content\/uploads\/sites\/4\/2020\/03\/Walraven-Pacifyre-CB-Kombiboxen-Anwendung.jpg\" \/>\n\t<meta property=\"og:image:width\" content=\"1417\" \/>\n\t<meta property=\"og:image:height\" content=\"997\" \/>\n\t<meta property=\"og:image:type\" content=\"image\/jpeg\" \/>\n<meta name=\"twitter:card\" content=\"summary_large_image\" \/>\n<meta name=\"twitter:site\" content=\"@BIS_Tech\" \/>\n<meta name=\"twitter:label1\" content=\"Gesch\u00e4tzte Lesezeit\" \/>\n\t<meta name=\"twitter:data1\" content=\"1\u00a0Minute\" \/>\n<script type=\"application\/ld+json\" class=\"yoast-schema-graph\">{\"@context\":\"https:\\\/\\\/schema.org\",\"@graph\":[{\"@type\":\"WebPage\",\"@id\":\"https:\\\/\\\/www.walraven.com\\\/de\\\/ueber-walraven\\\/aktuelles\\\/pressemitteilungen\\\/pressemitteilungen-fruehjahr-2020\\\/\",\"url\":\"https:\\\/\\\/www.walraven.com\\\/de\\\/ueber-walraven\\\/aktuelles\\\/pressemitteilungen\\\/pressemitteilungen-fruehjahr-2020\\\/\",\"name\":\"Pressemitteilungen Fr\u00fchjahr 2020 - Walraven Deutschland\",\"isPartOf\":{\"@id\":\"https:\\\/\\\/www.walraven.com\\\/de\\\/#website\"},\"primaryImageOfPage\":{\"@id\":\"https:\\\/\\\/www.walraven.com\\\/de\\\/ueber-walraven\\\/aktuelles\\\/pressemitteilungen\\\/pressemitteilungen-fruehjahr-2020\\\/#primaryimage\"},\"image\":{\"@id\":\"https:\\\/\\\/www.walraven.com\\\/de\\\/ueber-walraven\\\/aktuelles\\\/pressemitteilungen\\\/pressemitteilungen-fruehjahr-2020\\\/#primaryimage\"},\"thumbnailUrl\":\"https:\\\/\\\/www.walraven.com\\\/wp-content\\\/uploads\\\/sites\\\/4\\\/2020\\\/03\\\/Walraven-Pacifyre-CB-Kombiboxen-Anwendung-300x211.jpg\",\"datePublished\":\"2020-11-18T08:54:54+00:00\",\"dateModified\":\"2020-11-18T11:58:41+00:00\",\"breadcrumb\":{\"@id\":\"https:\\\/\\\/www.walraven.com\\\/de\\\/ueber-walraven\\\/aktuelles\\\/pressemitteilungen\\\/pressemitteilungen-fruehjahr-2020\\\/#breadcrumb\"},\"inLanguage\":\"de\",\"potentialAction\":[{\"@type\":\"ReadAction\",\"target\":[\"https:\\\/\\\/www.walraven.com\\\/de\\\/ueber-walraven\\\/aktuelles\\\/pressemitteilungen\\\/pressemitteilungen-fruehjahr-2020\\\/\"]}]},{\"@type\":\"ImageObject\",\"inLanguage\":\"de\",\"@id\":\"https:\\\/\\\/www.walraven.com\\\/de\\\/ueber-walraven\\\/aktuelles\\\/pressemitteilungen\\\/pressemitteilungen-fruehjahr-2020\\\/#primaryimage\",\"url\":\"https:\\\/\\\/www.walraven.com\\\/wp-content\\\/uploads\\\/sites\\\/4\\\/2020\\\/03\\\/Walraven-Pacifyre-CB-Kombiboxen-Anwendung-300x211.jpg\",\"contentUrl\":\"https:\\\/\\\/www.walraven.com\\\/wp-content\\\/uploads\\\/sites\\\/4\\\/2020\\\/03\\\/Walraven-Pacifyre-CB-Kombiboxen-Anwendung-300x211.jpg\"},{\"@type\":\"BreadcrumbList\",\"@id\":\"https:\\\/\\\/www.walraven.com\\\/de\\\/ueber-walraven\\\/aktuelles\\\/pressemitteilungen\\\/pressemitteilungen-fruehjahr-2020\\\/#breadcrumb\",\"itemListElement\":[{\"@type\":\"ListItem\",\"position\":1,\"name\":\"Startseite\",\"item\":\"https:\\\/\\\/www.walraven.com\\\/de\\\/\"},{\"@type\":\"ListItem\",\"position\":2,\"name\":\"Walraven Group\",\"item\":\"https:\\\/\\\/www.walraven.com\\\/de\\\/ueber-walraven\\\/\"},{\"@type\":\"ListItem\",\"position\":3,\"name\":\"News\",\"item\":\"https:\\\/\\\/www.walraven.com\\\/de\\\/ueber-walraven\\\/aktuelles\\\/\"},{\"@type\":\"ListItem\",\"position\":4,\"name\":\"Pressemitteilungen\",\"item\":\"https:\\\/\\\/www.walraven.com\\\/de\\\/ueber-walraven\\\/aktuelles\\\/pressemitteilungen\\\/\"},{\"@type\":\"ListItem\",\"position\":5,\"name\":\"Pressemitteilungen Fr\u00fchjahr 2020\"}]},{\"@type\":\"WebSite\",\"@id\":\"https:\\\/\\\/www.walraven.com\\\/de\\\/#website\",\"url\":\"https:\\\/\\\/www.walraven.com\\\/de\\\/\",\"name\":\"Walraven Deutschland\",\"description\":\"\",\"publisher\":{\"@id\":\"https:\\\/\\\/www.walraven.com\\\/de\\\/#organization\"},\"potentialAction\":[{\"@type\":\"SearchAction\",\"target\":{\"@type\":\"EntryPoint\",\"urlTemplate\":\"https:\\\/\\\/www.walraven.com\\\/de\\\/?s={search_term_string}\"},\"query-input\":{\"@type\":\"PropertyValueSpecification\",\"valueRequired\":true,\"valueName\":\"search_term_string\"}}],\"inLanguage\":\"de\"},{\"@type\":\"Organization\",\"@id\":\"https:\\\/\\\/www.walraven.com\\\/de\\\/#organization\",\"name\":\"Walraven GmbH\",\"alternateName\":\"Walraven GmbH\",\"url\":\"https:\\\/\\\/www.walraven.com\\\/de\\\/\",\"logo\":{\"@type\":\"ImageObject\",\"inLanguage\":\"de\",\"@id\":\"https:\\\/\\\/www.walraven.com\\\/de\\\/#\\\/schema\\\/logo\\\/image\\\/\",\"url\":\"https:\\\/\\\/www.walraven.com\\\/de\\\/wp-content\\\/uploads\\\/sites\\\/4\\\/2023\\\/12\\\/Walraven_logo300x300.jpg\",\"contentUrl\":\"https:\\\/\\\/www.walraven.com\\\/de\\\/wp-content\\\/uploads\\\/sites\\\/4\\\/2023\\\/12\\\/Walraven_logo300x300.jpg\",\"width\":300,\"height\":300,\"caption\":\"Walraven GmbH\"},\"image\":{\"@id\":\"https:\\\/\\\/www.walraven.com\\\/de\\\/#\\\/schema\\\/logo\\\/image\\\/\"},\"sameAs\":[\"https:\\\/\\\/www.facebook.com\\\/Walraven.GmbH\",\"https:\\\/\\\/x.com\\\/BIS_Tech\",\"https:\\\/\\\/www.youtube.com\\\/WalravenDE\",\"https:\\\/\\\/www.linkedin.com\\\/company\\\/walraven-gmbh\",\"https:\\\/\\\/www.instagram.com\\\/walraven.gmbh\\\/\"]}]}<\/script>\n<!-- \/ Yoast SEO Premium plugin. -->","yoast_head_json":{"title":"Pressemitteilungen Fr\u00fchjahr 2020 - Walraven Deutschland","robots":{"index":"index","follow":"follow","max-snippet":"max-snippet:-1","max-image-preview":"max-image-preview:large","max-video-preview":"max-video-preview:-1"},"canonical":"https:\/\/www.walraven.com\/de\/ueber-walraven\/aktuelles\/pressemitteilungen\/pressemitteilungen-fruehjahr-2020\/","og_locale":"de_DE","og_type":"article","og_title":"Pressemitteilungen Fr\u00fchjahr 2020","og_description":"Das waren die Pressemeldungen im Fr\u00fchjahr 2020 Noch universeller belegbare Brandschotts Neue allgemeine Bauartgenehmigung f\u00fcr Pacifyre\u00ae CB Kombiboxen von Walraven Nun sind auch eine Boxenh\u00f6he von 180 Millimetern und ein deckenb\u00fcndiger Einbau m\u00f6glich. &nbsp; &nbsp; Sichere Basis f\u00fcr modernes Fu\u00dfballstadion in Bratislava Walraven-Befestigungsprodukte machen Veranstaltungen im 2019 er\u00f6ffneten Nationalen Fu\u00dfballstadion erst m\u00f6glich &nbsp; &nbsp; Verschoben [&hellip;]","og_url":"https:\/\/www.walraven.com\/de\/ueber-walraven\/aktuelles\/pressemitteilungen\/pressemitteilungen-fruehjahr-2020\/","og_site_name":"Walraven Deutschland","article_publisher":"https:\/\/www.facebook.com\/Walraven.GmbH","article_modified_time":"2020-11-18T11:58:41+00:00","og_image":[{"width":1417,"height":997,"url":"https:\/\/www.walraven.com\/de\/wp-content\/uploads\/sites\/4\/2020\/03\/Walraven-Pacifyre-CB-Kombiboxen-Anwendung.jpg","type":"image\/jpeg"}],"twitter_card":"summary_large_image","twitter_site":"@BIS_Tech","twitter_misc":{"Gesch\u00e4tzte Lesezeit":"1\u00a0Minute"},"schema":{"@context":"https:\/\/schema.org","@graph":[{"@type":"WebPage","@id":"https:\/\/www.walraven.com\/de\/ueber-walraven\/aktuelles\/pressemitteilungen\/pressemitteilungen-fruehjahr-2020\/","url":"https:\/\/www.walraven.com\/de\/ueber-walraven\/aktuelles\/pressemitteilungen\/pressemitteilungen-fruehjahr-2020\/","name":"Pressemitteilungen Fr\u00fchjahr 2020 - Walraven Deutschland","isPartOf":{"@id":"https:\/\/www.walraven.com\/de\/#website"},"primaryImageOfPage":{"@id":"https:\/\/www.walraven.com\/de\/ueber-walraven\/aktuelles\/pressemitteilungen\/pressemitteilungen-fruehjahr-2020\/#primaryimage"},"image":{"@id":"https:\/\/www.walraven.com\/de\/ueber-walraven\/aktuelles\/pressemitteilungen\/pressemitteilungen-fruehjahr-2020\/#primaryimage"},"thumbnailUrl":"https:\/\/www.walraven.com\/wp-content\/uploads\/sites\/4\/2020\/03\/Walraven-Pacifyre-CB-Kombiboxen-Anwendung-300x211.jpg","datePublished":"2020-11-18T08:54:54+00:00","dateModified":"2020-11-18T11:58:41+00:00","breadcrumb":{"@id":"https:\/\/www.walraven.com\/de\/ueber-walraven\/aktuelles\/pressemitteilungen\/pressemitteilungen-fruehjahr-2020\/#breadcrumb"},"inLanguage":"de","potentialAction":[{"@type":"ReadAction","target":["https:\/\/www.walraven.com\/de\/ueber-walraven\/aktuelles\/pressemitteilungen\/pressemitteilungen-fruehjahr-2020\/"]}]},{"@type":"ImageObject","inLanguage":"de","@id":"https:\/\/www.walraven.com\/de\/ueber-walraven\/aktuelles\/pressemitteilungen\/pressemitteilungen-fruehjahr-2020\/#primaryimage","url":"https:\/\/www.walraven.com\/wp-content\/uploads\/sites\/4\/2020\/03\/Walraven-Pacifyre-CB-Kombiboxen-Anwendung-300x211.jpg","contentUrl":"https:\/\/www.walraven.com\/wp-content\/uploads\/sites\/4\/2020\/03\/Walraven-Pacifyre-CB-Kombiboxen-Anwendung-300x211.jpg"},{"@type":"BreadcrumbList","@id":"https:\/\/www.walraven.com\/de\/ueber-walraven\/aktuelles\/pressemitteilungen\/pressemitteilungen-fruehjahr-2020\/#breadcrumb","itemListElement":[{"@type":"ListItem","position":1,"name":"Startseite","item":"https:\/\/www.walraven.com\/de\/"},{"@type":"ListItem","position":2,"name":"Walraven Group","item":"https:\/\/www.walraven.com\/de\/ueber-walraven\/"},{"@type":"ListItem","position":3,"name":"News","item":"https:\/\/www.walraven.com\/de\/ueber-walraven\/aktuelles\/"},{"@type":"ListItem","position":4,"name":"Pressemitteilungen","item":"https:\/\/www.walraven.com\/de\/ueber-walraven\/aktuelles\/pressemitteilungen\/"},{"@type":"ListItem","position":5,"name":"Pressemitteilungen Fr\u00fchjahr 2020"}]},{"@type":"WebSite","@id":"https:\/\/www.walraven.com\/de\/#website","url":"https:\/\/www.walraven.com\/de\/","name":"Walraven Deutschland","description":"","publisher":{"@id":"https:\/\/www.walraven.com\/de\/#organization"},"potentialAction":[{"@type":"SearchAction","target":{"@type":"EntryPoint","urlTemplate":"https:\/\/www.walraven.com\/de\/?s={search_term_string}"},"query-input":{"@type":"PropertyValueSpecification","valueRequired":true,"valueName":"search_term_string"}}],"inLanguage":"de"},{"@type":"Organization","@id":"https:\/\/www.walraven.com\/de\/#organization","name":"Walraven GmbH","alternateName":"Walraven GmbH","url":"https:\/\/www.walraven.com\/de\/","logo":{"@type":"ImageObject","inLanguage":"de","@id":"https:\/\/www.walraven.com\/de\/#\/schema\/logo\/image\/","url":"https:\/\/www.walraven.com\/de\/wp-content\/uploads\/sites\/4\/2023\/12\/Walraven_logo300x300.jpg","contentUrl":"https:\/\/www.walraven.com\/de\/wp-content\/uploads\/sites\/4\/2023\/12\/Walraven_logo300x300.jpg","width":300,"height":300,"caption":"Walraven GmbH"},"image":{"@id":"https:\/\/www.walraven.com\/de\/#\/schema\/logo\/image\/"},"sameAs":["https:\/\/www.facebook.com\/Walraven.GmbH","https:\/\/x.com\/BIS_Tech","https:\/\/www.youtube.com\/WalravenDE","https:\/\/www.linkedin.com\/company\/walraven-gmbh","https:\/\/www.instagram.com\/walraven.gmbh\/"]}]}},"_links":{"self":[{"href":"https:\/\/www.walraven.com\/de\/wp-json\/wp\/v2\/pages\/76809","targetHints":{"allow":["GET"]}}],"collection":[{"href":"https:\/\/www.walraven.com\/de\/wp-json\/wp\/v2\/pages"}],"about":[{"href":"https:\/\/www.walraven.com\/de\/wp-json\/wp\/v2\/types\/page"}],"author":[{"embeddable":true,"href":"https:\/\/www.walraven.com\/de\/wp-json\/wp\/v2\/users\/49"}],"replies":[{"embeddable":true,"href":"https:\/\/www.walraven.com\/de\/wp-json\/wp\/v2\/comments?post=76809"}],"version-history":[{"count":6,"href":"https:\/\/www.walraven.com\/de\/wp-json\/wp\/v2\/pages\/76809\/revisions"}],"predecessor-version":[{"id":83145,"href":"https:\/\/www.walraven.com\/de\/wp-json\/wp\/v2\/pages\/76809\/revisions\/83145"}],"up":[{"embeddable":true,"href":"https:\/\/www.walraven.com\/de\/wp-json\/wp\/v2\/pages\/71855"}],"wp:attachment":[{"href":"https:\/\/www.walraven.com\/de\/wp-json\/wp\/v2\/media?parent=76809"}],"curies":[{"name":"wp","href":"https:\/\/api.w.org\/{rel}","templated":true}]}}