{"id":78120,"date":"2021-05-12T16:38:29","date_gmt":"2021-05-12T14:38:29","guid":{"rendered":"https:\/\/www.walraven.com\/de\/?page_id=78120"},"modified":"2026-02-10T10:37:01","modified_gmt":"2026-02-10T09:37:01","slug":"edelstahlbefestigung","status":"publish","type":"page","link":"https:\/\/www.walraven.com\/de\/edelstahlbefestigung\/","title":{"rendered":"Edelstahl&shy;befestigung"},"content":{"rendered":"","protected":false},"excerpt":{"rendered":"<p>Die sichere Wahl bei hohen Anforderungen an Rostschutz &amp; Hygiene.<\/p>\n<p>Lebensmittel- und Pharmaindustrie, Energieversorgungsunternehmen, Wasseraufbereitungsanlagen und die Schiffsbau- und Hafenindustrie setzen seit Jahren auf Edelstahl als Befestigungsmaterial.<\/p>\n","protected":false},"author":49,"featured_media":78319,"parent":0,"menu_order":0,"comment_status":"closed","ping_status":"closed","template":"page-templates\/tpl-landingspage.php","meta":{"_acf_changed":false,"footnotes":""},"class_list":["post-78120","page","type-page","status-publish","has-post-thumbnail","hentry"],"acf":[],"yoast_head":"<!-- This site is optimized with the Yoast SEO Premium plugin v27.5 (Yoast SEO v27.5) - https:\/\/yoast.com\/product\/yoast-seo-premium-wordpress\/ -->\n<title>Edelstahl&shy;befestigung - Walraven Deutschland<\/title>\n<meta name=\"description\" content=\"Schutz vor Korrosion und saubere Optik waren in den letzten Jahren die h\u00e4ufigsten Gr\u00fcnde f\u00fcr die Wahl von Edelstahl. Mehr erfahren ...\" \/>\n<meta name=\"robots\" content=\"index, follow, max-snippet:-1, max-image-preview:large, max-video-preview:-1\" \/>\n<link rel=\"canonical\" href=\"https:\/\/www.walraven.com\/de\/edelstahlbefestigung\/\" \/>\n<meta property=\"og:locale\" content=\"de_DE\" \/>\n<meta property=\"og:type\" content=\"article\" \/>\n<meta property=\"og:title\" content=\"Edelstahl&shy;befestigung\" \/>\n<meta property=\"og:description\" content=\"Schutz vor Korrosion und saubere Optik waren in den letzten Jahren die h\u00e4ufigsten Gr\u00fcnde f\u00fcr die Wahl von Edelstahl. Mehr erfahren ...\" \/>\n<meta property=\"og:url\" content=\"https:\/\/www.walraven.com\/de\/edelstahlbefestigung\/\" \/>\n<meta property=\"og:site_name\" content=\"Walraven Deutschland\" \/>\n<meta property=\"article:publisher\" content=\"https:\/\/www.facebook.com\/Walraven.GmbH\" \/>\n<meta property=\"article:modified_time\" content=\"2026-02-10T09:37:01+00:00\" \/>\n<meta property=\"og:image\" content=\"https:\/\/www.walraven.com\/de\/wp-content\/uploads\/sites\/4\/2021\/05\/Edelstahl-RGB-600x450px.jpg\" \/>\n\t<meta property=\"og:image:width\" content=\"600\" \/>\n\t<meta property=\"og:image:height\" content=\"450\" \/>\n\t<meta property=\"og:image:type\" content=\"image\/jpeg\" \/>\n<meta name=\"twitter:card\" content=\"summary_large_image\" \/>\n<meta name=\"twitter:site\" content=\"@BIS_Tech\" \/>\n<meta name=\"twitter:label1\" content=\"Gesch\u00e4tzte Lesezeit\" \/>\n\t<meta name=\"twitter:data1\" content=\"5\u00a0Minuten\" \/>\n<script type=\"application\/ld+json\" class=\"yoast-schema-graph\">{\"@context\":\"https:\\\/\\\/schema.org\",\"@graph\":[{\"@type\":\"WebPage\",\"@id\":\"https:\\\/\\\/www.walraven.com\\\/de\\\/edelstahlbefestigung\\\/\",\"url\":\"https:\\\/\\\/www.walraven.com\\\/de\\\/edelstahlbefestigung\\\/\",\"name\":\"Edelstahl&shy;befestigung - Walraven Deutschland\",\"isPartOf\":{\"@id\":\"https:\\\/\\\/www.walraven.com\\\/de\\\/#website\"},\"primaryImageOfPage\":{\"@id\":\"https:\\\/\\\/www.walraven.com\\\/de\\\/edelstahlbefestigung\\\/#primaryimage\"},\"image\":{\"@id\":\"https:\\\/\\\/www.walraven.com\\\/de\\\/edelstahlbefestigung\\\/#primaryimage\"},\"thumbnailUrl\":\"https:\\\/\\\/www.walraven.com\\\/de\\\/wp-content\\\/uploads\\\/sites\\\/4\\\/2021\\\/05\\\/Edelstahl-RGB-600x450px.jpg\",\"datePublished\":\"2021-05-12T14:38:29+00:00\",\"dateModified\":\"2026-02-10T09:37:01+00:00\",\"description\":\"Schutz vor Korrosion und saubere Optik waren in den letzten Jahren die h\u00e4ufigsten Gr\u00fcnde f\u00fcr die Wahl von Edelstahl. Mehr erfahren ...\",\"breadcrumb\":{\"@id\":\"https:\\\/\\\/www.walraven.com\\\/de\\\/edelstahlbefestigung\\\/#breadcrumb\"},\"inLanguage\":\"de\",\"potentialAction\":[{\"@type\":\"ReadAction\",\"target\":[\"https:\\\/\\\/www.walraven.com\\\/de\\\/edelstahlbefestigung\\\/\"]}]},{\"@type\":\"ImageObject\",\"inLanguage\":\"de\",\"@id\":\"https:\\\/\\\/www.walraven.com\\\/de\\\/edelstahlbefestigung\\\/#primaryimage\",\"url\":\"https:\\\/\\\/www.walraven.com\\\/de\\\/wp-content\\\/uploads\\\/sites\\\/4\\\/2021\\\/05\\\/Edelstahl-RGB-600x450px.jpg\",\"contentUrl\":\"https:\\\/\\\/www.walraven.com\\\/de\\\/wp-content\\\/uploads\\\/sites\\\/4\\\/2021\\\/05\\\/Edelstahl-RGB-600x450px.jpg\",\"width\":600,\"height\":450},{\"@type\":\"BreadcrumbList\",\"@id\":\"https:\\\/\\\/www.walraven.com\\\/de\\\/edelstahlbefestigung\\\/#breadcrumb\",\"itemListElement\":[{\"@type\":\"ListItem\",\"position\":1,\"name\":\"Startseite\",\"item\":\"https:\\\/\\\/www.walraven.com\\\/de\\\/\"},{\"@type\":\"ListItem\",\"position\":2,\"name\":\"Edelstahl&shy;befestigung\"}]},{\"@type\":\"WebSite\",\"@id\":\"https:\\\/\\\/www.walraven.com\\\/de\\\/#website\",\"url\":\"https:\\\/\\\/www.walraven.com\\\/de\\\/\",\"name\":\"Walraven Deutschland\",\"description\":\"\",\"publisher\":{\"@id\":\"https:\\\/\\\/www.walraven.com\\\/de\\\/#organization\"},\"potentialAction\":[{\"@type\":\"SearchAction\",\"target\":{\"@type\":\"EntryPoint\",\"urlTemplate\":\"https:\\\/\\\/www.walraven.com\\\/de\\\/?s={search_term_string}\"},\"query-input\":{\"@type\":\"PropertyValueSpecification\",\"valueRequired\":true,\"valueName\":\"search_term_string\"}}],\"inLanguage\":\"de\"},{\"@type\":\"Organization\",\"@id\":\"https:\\\/\\\/www.walraven.com\\\/de\\\/#organization\",\"name\":\"Walraven GmbH\",\"alternateName\":\"Walraven GmbH\",\"url\":\"https:\\\/\\\/www.walraven.com\\\/de\\\/\",\"logo\":{\"@type\":\"ImageObject\",\"inLanguage\":\"de\",\"@id\":\"https:\\\/\\\/www.walraven.com\\\/de\\\/#\\\/schema\\\/logo\\\/image\\\/\",\"url\":\"https:\\\/\\\/www.walraven.com\\\/de\\\/wp-content\\\/uploads\\\/sites\\\/4\\\/2023\\\/12\\\/Walraven_logo300x300.jpg\",\"contentUrl\":\"https:\\\/\\\/www.walraven.com\\\/de\\\/wp-content\\\/uploads\\\/sites\\\/4\\\/2023\\\/12\\\/Walraven_logo300x300.jpg\",\"width\":300,\"height\":300,\"caption\":\"Walraven GmbH\"},\"image\":{\"@id\":\"https:\\\/\\\/www.walraven.com\\\/de\\\/#\\\/schema\\\/logo\\\/image\\\/\"},\"sameAs\":[\"https:\\\/\\\/www.facebook.com\\\/Walraven.GmbH\",\"https:\\\/\\\/x.com\\\/BIS_Tech\",\"https:\\\/\\\/www.youtube.com\\\/WalravenDE\",\"https:\\\/\\\/www.linkedin.com\\\/company\\\/walraven-gmbh\",\"https:\\\/\\\/www.instagram.com\\\/walraven.gmbh\\\/\"]}]}<\/script>\n<!-- \/ Yoast SEO Premium plugin. -->","yoast_head_json":{"title":"Edelstahl&shy;befestigung - Walraven Deutschland","description":"Schutz vor Korrosion und saubere Optik waren in den letzten Jahren die h\u00e4ufigsten Gr\u00fcnde f\u00fcr die Wahl von Edelstahl. Mehr erfahren ...","robots":{"index":"index","follow":"follow","max-snippet":"max-snippet:-1","max-image-preview":"max-image-preview:large","max-video-preview":"max-video-preview:-1"},"canonical":"https:\/\/www.walraven.com\/de\/edelstahlbefestigung\/","og_locale":"de_DE","og_type":"article","og_title":"Edelstahl&shy;befestigung","og_description":"Schutz vor Korrosion und saubere Optik waren in den letzten Jahren die h\u00e4ufigsten Gr\u00fcnde f\u00fcr die Wahl von Edelstahl. Mehr erfahren ...","og_url":"https:\/\/www.walraven.com\/de\/edelstahlbefestigung\/","og_site_name":"Walraven Deutschland","article_publisher":"https:\/\/www.facebook.com\/Walraven.GmbH","article_modified_time":"2026-02-10T09:37:01+00:00","og_image":[{"width":600,"height":450,"url":"https:\/\/www.walraven.com\/de\/wp-content\/uploads\/sites\/4\/2021\/05\/Edelstahl-RGB-600x450px.jpg","type":"image\/jpeg"}],"twitter_card":"summary_large_image","twitter_site":"@BIS_Tech","twitter_misc":{"Gesch\u00e4tzte Lesezeit":"5\u00a0Minuten"},"schema":{"@context":"https:\/\/schema.org","@graph":[{"@type":"WebPage","@id":"https:\/\/www.walraven.com\/de\/edelstahlbefestigung\/","url":"https:\/\/www.walraven.com\/de\/edelstahlbefestigung\/","name":"Edelstahl&shy;befestigung - Walraven Deutschland","isPartOf":{"@id":"https:\/\/www.walraven.com\/de\/#website"},"primaryImageOfPage":{"@id":"https:\/\/www.walraven.com\/de\/edelstahlbefestigung\/#primaryimage"},"image":{"@id":"https:\/\/www.walraven.com\/de\/edelstahlbefestigung\/#primaryimage"},"thumbnailUrl":"https:\/\/www.walraven.com\/de\/wp-content\/uploads\/sites\/4\/2021\/05\/Edelstahl-RGB-600x450px.jpg","datePublished":"2021-05-12T14:38:29+00:00","dateModified":"2026-02-10T09:37:01+00:00","description":"Schutz vor Korrosion und saubere Optik waren in den letzten Jahren die h\u00e4ufigsten Gr\u00fcnde f\u00fcr die Wahl von Edelstahl. Mehr erfahren ...","breadcrumb":{"@id":"https:\/\/www.walraven.com\/de\/edelstahlbefestigung\/#breadcrumb"},"inLanguage":"de","potentialAction":[{"@type":"ReadAction","target":["https:\/\/www.walraven.com\/de\/edelstahlbefestigung\/"]}]},{"@type":"ImageObject","inLanguage":"de","@id":"https:\/\/www.walraven.com\/de\/edelstahlbefestigung\/#primaryimage","url":"https:\/\/www.walraven.com\/de\/wp-content\/uploads\/sites\/4\/2021\/05\/Edelstahl-RGB-600x450px.jpg","contentUrl":"https:\/\/www.walraven.com\/de\/wp-content\/uploads\/sites\/4\/2021\/05\/Edelstahl-RGB-600x450px.jpg","width":600,"height":450},{"@type":"BreadcrumbList","@id":"https:\/\/www.walraven.com\/de\/edelstahlbefestigung\/#breadcrumb","itemListElement":[{"@type":"ListItem","position":1,"name":"Startseite","item":"https:\/\/www.walraven.com\/de\/"},{"@type":"ListItem","position":2,"name":"Edelstahl&shy;befestigung"}]},{"@type":"WebSite","@id":"https:\/\/www.walraven.com\/de\/#website","url":"https:\/\/www.walraven.com\/de\/","name":"Walraven Deutschland","description":"","publisher":{"@id":"https:\/\/www.walraven.com\/de\/#organization"},"potentialAction":[{"@type":"SearchAction","target":{"@type":"EntryPoint","urlTemplate":"https:\/\/www.walraven.com\/de\/?s={search_term_string}"},"query-input":{"@type":"PropertyValueSpecification","valueRequired":true,"valueName":"search_term_string"}}],"inLanguage":"de"},{"@type":"Organization","@id":"https:\/\/www.walraven.com\/de\/#organization","name":"Walraven GmbH","alternateName":"Walraven GmbH","url":"https:\/\/www.walraven.com\/de\/","logo":{"@type":"ImageObject","inLanguage":"de","@id":"https:\/\/www.walraven.com\/de\/#\/schema\/logo\/image\/","url":"https:\/\/www.walraven.com\/de\/wp-content\/uploads\/sites\/4\/2023\/12\/Walraven_logo300x300.jpg","contentUrl":"https:\/\/www.walraven.com\/de\/wp-content\/uploads\/sites\/4\/2023\/12\/Walraven_logo300x300.jpg","width":300,"height":300,"caption":"Walraven GmbH"},"image":{"@id":"https:\/\/www.walraven.com\/de\/#\/schema\/logo\/image\/"},"sameAs":["https:\/\/www.facebook.com\/Walraven.GmbH","https:\/\/x.com\/BIS_Tech","https:\/\/www.youtube.com\/WalravenDE","https:\/\/www.linkedin.com\/company\/walraven-gmbh","https:\/\/www.instagram.com\/walraven.gmbh\/"]}]}},"_links":{"self":[{"href":"https:\/\/www.walraven.com\/de\/wp-json\/wp\/v2\/pages\/78120","targetHints":{"allow":["GET"]}}],"collection":[{"href":"https:\/\/www.walraven.com\/de\/wp-json\/wp\/v2\/pages"}],"about":[{"href":"https:\/\/www.walraven.com\/de\/wp-json\/wp\/v2\/types\/page"}],"author":[{"embeddable":true,"href":"https:\/\/www.walraven.com\/de\/wp-json\/wp\/v2\/users\/49"}],"replies":[{"embeddable":true,"href":"https:\/\/www.walraven.com\/de\/wp-json\/wp\/v2\/comments?post=78120"}],"version-history":[{"count":8,"href":"https:\/\/www.walraven.com\/de\/wp-json\/wp\/v2\/pages\/78120\/revisions"}],"predecessor-version":[{"id":251221,"href":"https:\/\/www.walraven.com\/de\/wp-json\/wp\/v2\/pages\/78120\/revisions\/251221"}],"wp:featuredmedia":[{"embeddable":true,"href":"https:\/\/www.walraven.com\/de\/wp-json\/wp\/v2\/media\/78319"}],"wp:attachment":[{"href":"https:\/\/www.walraven.com\/de\/wp-json\/wp\/v2\/media?parent=78120"}],"curies":[{"name":"wp","href":"https:\/\/api.w.org\/{rel}","templated":true}]}}