{"id":78148,"date":"2021-05-14T10:47:42","date_gmt":"2021-05-14T08:47:42","guid":{"rendered":"https:\/\/www.walraven.com\/de\/?page_id=78148"},"modified":"2026-01-13T16:12:49","modified_gmt":"2026-01-13T15:12:49","slug":"montagesets-aufstaenderung-flachdachinstallationen","status":"publish","type":"page","link":"https:\/\/www.walraven.com\/de\/flachdachinstallation\/montagesets-aufstaenderung-flachdachinstallationen\/","title":{"rendered":"Schnellmontage-Sets zur Aufst\u00e4nderung von Flachdachinstallationen"},"content":{"rendered":"<p><span style=\"color: #ffffff;\">.<img loading=\"lazy\" decoding=\"async\" class=\"wp-image-77778 alignright\" style=\"color: #333333;\" src=\"https:\/\/www.walraven.com\/wp-content\/uploads\/sites\/4\/2021\/03\/BIS-Yeti-130-Rahmenkonstruktion.png\" alt=\"Walraven Yeti\u00ae 130 Rahmenkonstruktion mit Klimager\u00e4t.\" width=\"349\" height=\"396\" srcset=\"https:\/\/www.walraven.com\/de\/wp-content\/uploads\/sites\/4\/2021\/03\/BIS-Yeti-130-Rahmenkonstruktion.png 656w, https:\/\/www.walraven.com\/de\/wp-content\/uploads\/sites\/4\/2021\/03\/BIS-Yeti-130-Rahmenkonstruktion-265x300.png 265w, https:\/\/www.walraven.com\/de\/wp-content\/uploads\/sites\/4\/2021\/03\/BIS-Yeti-130-Rahmenkonstruktion-269x305.png 269w, https:\/\/www.walraven.com\/de\/wp-content\/uploads\/sites\/4\/2021\/03\/BIS-Yeti-130-Rahmenkonstruktion-336x381.png 336w\" sizes=\"auto, (max-width: 349px) 100vw, 349px\" \/><\/span><strong><br \/>\n<\/strong>Walraven-Montagesets\u00a0zur komfortablen und fachgerechten Aufst\u00e4nderung von Installationen auf Flachd\u00e4chern.<\/p>\n<p style=\"text-align: left;\"><strong>Sortiment im \u00dcberblick:<\/strong><\/p>\n<p style=\"text-align: left;\"><a class=\"button\" style=\"font-size: 14px;\" href=\"https:\/\/www.walraven.com\/de\/produkte\/walraven-yeti-130-rahmenkonstruktion-bup\/\" target=\"_blank\" rel=\"noopener\">Walraven Yeti\u00ae 130 Rahmenkonstruktion<\/a><\/p>\n<p style=\"text-align: left;\"><a class=\"button\" style=\"font-size: 14px;\" href=\"https:\/\/www.walraven.com\/de\/produkte\/walraven-yeti-130-kabelrinnen-set-bup\/\" target=\"_blank\" rel=\"noopener\">Walraven Yeti\u00ae 130 Kabelrinnen-Set<\/a><\/p>\n<p style=\"text-align: left;\"><a class=\"button\" style=\"font-size: 14px;\" href=\"https:\/\/www.walraven.com\/de\/produkte\/walraven-yeti-335-rahmenkonstruktion-41-h-bup\/\" target=\"_blank\" rel=\"noopener\">Walraven Yeti\u00ae 335 Rahmenkonstruktion<\/a><\/p>\n<p style=\"text-align: left;\"><a class=\"button\" style=\"font-size: 14px;\" href=\"https:\/\/www.walraven.com\/de\/produkte\/walraven-yeti-335-luftkanal-set-bup\/\" target=\"_blank\" rel=\"noopener\">Walraven Yeti\u00ae 335 Luftkanal-Set<\/a><\/p>\n<p><strong>Das Walraven-Plus:<\/strong><\/p>\n<ul>\n<li>ohne Dachdurchdringung<\/li>\n<li>nachhaltig<\/li>\n<li>leistungsf\u00e4hig und zuverl\u00e4ssig<\/li>\n<li>mit Schallschutz<\/li>\n<li>technische Unterst\u00fctzung und Services<\/li>\n<\/ul>\n<p><strong style=\"text-align: right;\"><a class=\"button\" style=\"font-size: 14px; color: #fff700;\" href=\"https:\/\/www.walraven.com\/de\/kontakt\/technische-frage\/\" target=\"_blank\" rel=\"noopener\">Technische Unterst\u00fctzung anfragen<\/a><\/strong><\/p>\n<hr \/>\n<h2 style=\"text-align: left;\">Zur Hauptseite<\/h2>\n<p style=\"text-align: left;\"><a class=\"button\" style=\"font-size: 14px;\" href=\"https:\/\/www.walraven.com\/de\/flachdachinstallation\/\" target=\"_blank\" rel=\"noopener\">Walraven-Montagesysteme zur Aufst\u00e4nderung von Flachdachinstallationen<\/a><\/p>\n","protected":false},"excerpt":{"rendered":"<p>. Walraven-Montagesets\u00a0zur komfortablen und fachgerechten Aufst\u00e4nderung von Installationen auf Flachd\u00e4chern. Sortiment im \u00dcberblick: Walraven Yeti\u00ae 130 Rahmenkonstruktion Walraven Yeti\u00ae 130 Kabelrinnen-Set Walraven Yeti\u00ae 335 Rahmenkonstruktion Walraven Yeti\u00ae 335 Luftkanal-Set Das Walraven-Plus: ohne Dachdurchdringung nachhaltig leistungsf\u00e4hig und zuverl\u00e4ssig mit Schallschutz technische Unterst\u00fctzung und Services Technische Unterst\u00fctzung anfragen Zur Hauptseite Walraven-Montagesysteme zur Aufst\u00e4nderung von Flachdachinstallationen<\/p>\n","protected":false},"author":10,"featured_media":77778,"parent":69482,"menu_order":0,"comment_status":"closed","ping_status":"closed","template":"","meta":{"_acf_changed":false,"footnotes":""},"class_list":["post-78148","page","type-page","status-publish","has-post-thumbnail","hentry"],"acf":[],"yoast_head":"<!-- This site is optimized with the Yoast SEO Premium plugin v27.3 (Yoast SEO v27.3) - https:\/\/yoast.com\/product\/yoast-seo-premium-wordpress\/ -->\n<title>Schnellmontage-Sets: Aufst\u00e4nderung von Flachdachinstallationen<\/title>\n<meta name=\"description\" content=\"Schnellmontagesets zur komfortablen und fachgerechten Aufst\u00e4nderung von Flachdachinstallationen. Leistungsf\u00e4hig und ohne Dachdurchdringung\" \/>\n<meta name=\"robots\" content=\"index, follow, max-snippet:-1, max-image-preview:large, max-video-preview:-1\" \/>\n<link rel=\"canonical\" href=\"https:\/\/www.walraven.com\/de\/flachdachinstallation\/montagesets-aufstaenderung-flachdachinstallationen\/\" \/>\n<meta property=\"og:locale\" content=\"de_DE\" \/>\n<meta property=\"og:type\" content=\"article\" \/>\n<meta property=\"og:title\" content=\"Schnellmontage-Sets zur Aufst\u00e4nderung von Flachdachinstallationen\" \/>\n<meta property=\"og:description\" content=\"Schnellmontagesets zur komfortablen und fachgerechten Aufst\u00e4nderung von Flachdachinstallationen. Leistungsf\u00e4hig und ohne Dachdurchdringung\" \/>\n<meta property=\"og:url\" content=\"https:\/\/www.walraven.com\/de\/flachdachinstallation\/montagesets-aufstaenderung-flachdachinstallationen\/\" \/>\n<meta property=\"og:site_name\" content=\"Walraven Deutschland\" \/>\n<meta property=\"article:publisher\" content=\"https:\/\/www.facebook.com\/Walraven.GmbH\" \/>\n<meta property=\"article:modified_time\" content=\"2026-01-13T15:12:49+00:00\" \/>\n<meta property=\"og:image\" content=\"https:\/\/www.walraven.com\/de\/wp-content\/uploads\/sites\/4\/2021\/03\/BIS-Yeti-130-Rahmenkonstruktion.png\" \/>\n\t<meta property=\"og:image:width\" content=\"656\" \/>\n\t<meta property=\"og:image:height\" content=\"744\" \/>\n\t<meta property=\"og:image:type\" content=\"image\/png\" \/>\n<meta name=\"twitter:card\" content=\"summary_large_image\" \/>\n<meta name=\"twitter:site\" content=\"@BIS_Tech\" \/>\n<meta name=\"twitter:label1\" content=\"Gesch\u00e4tzte Lesezeit\" \/>\n\t<meta name=\"twitter:data1\" content=\"1\u00a0Minute\" \/>\n<script type=\"application\/ld+json\" class=\"yoast-schema-graph\">{\"@context\":\"https:\\\/\\\/schema.org\",\"@graph\":[{\"@type\":\"WebPage\",\"@id\":\"https:\\\/\\\/www.walraven.com\\\/de\\\/flachdachinstallation\\\/montagesets-aufstaenderung-flachdachinstallationen\\\/\",\"url\":\"https:\\\/\\\/www.walraven.com\\\/de\\\/flachdachinstallation\\\/montagesets-aufstaenderung-flachdachinstallationen\\\/\",\"name\":\"Schnellmontage-Sets: Aufst\u00e4nderung von Flachdachinstallationen\",\"isPartOf\":{\"@id\":\"https:\\\/\\\/www.walraven.com\\\/de\\\/#website\"},\"primaryImageOfPage\":{\"@id\":\"https:\\\/\\\/www.walraven.com\\\/de\\\/flachdachinstallation\\\/montagesets-aufstaenderung-flachdachinstallationen\\\/#primaryimage\"},\"image\":{\"@id\":\"https:\\\/\\\/www.walraven.com\\\/de\\\/flachdachinstallation\\\/montagesets-aufstaenderung-flachdachinstallationen\\\/#primaryimage\"},\"thumbnailUrl\":\"https:\\\/\\\/www.walraven.com\\\/de\\\/wp-content\\\/uploads\\\/sites\\\/4\\\/2021\\\/03\\\/BIS-Yeti-130-Rahmenkonstruktion.png\",\"datePublished\":\"2021-05-14T08:47:42+00:00\",\"dateModified\":\"2026-01-13T15:12:49+00:00\",\"description\":\"Schnellmontagesets zur komfortablen und fachgerechten Aufst\u00e4nderung von Flachdachinstallationen. Leistungsf\u00e4hig und ohne Dachdurchdringung\",\"breadcrumb\":{\"@id\":\"https:\\\/\\\/www.walraven.com\\\/de\\\/flachdachinstallation\\\/montagesets-aufstaenderung-flachdachinstallationen\\\/#breadcrumb\"},\"inLanguage\":\"de\",\"potentialAction\":[{\"@type\":\"ReadAction\",\"target\":[\"https:\\\/\\\/www.walraven.com\\\/de\\\/flachdachinstallation\\\/montagesets-aufstaenderung-flachdachinstallationen\\\/\"]}]},{\"@type\":\"ImageObject\",\"inLanguage\":\"de\",\"@id\":\"https:\\\/\\\/www.walraven.com\\\/de\\\/flachdachinstallation\\\/montagesets-aufstaenderung-flachdachinstallationen\\\/#primaryimage\",\"url\":\"https:\\\/\\\/www.walraven.com\\\/de\\\/wp-content\\\/uploads\\\/sites\\\/4\\\/2021\\\/03\\\/BIS-Yeti-130-Rahmenkonstruktion.png\",\"contentUrl\":\"https:\\\/\\\/www.walraven.com\\\/de\\\/wp-content\\\/uploads\\\/sites\\\/4\\\/2021\\\/03\\\/BIS-Yeti-130-Rahmenkonstruktion.png\",\"width\":656,\"height\":744,\"caption\":\"BIS Yeti\u00ae 130 Rahmenkonstruktion mit Klimager\u00e4t.\"},{\"@type\":\"BreadcrumbList\",\"@id\":\"https:\\\/\\\/www.walraven.com\\\/de\\\/flachdachinstallation\\\/montagesets-aufstaenderung-flachdachinstallationen\\\/#breadcrumb\",\"itemListElement\":[{\"@type\":\"ListItem\",\"position\":1,\"name\":\"Startseite\",\"item\":\"https:\\\/\\\/www.walraven.com\\\/de\\\/\"},{\"@type\":\"ListItem\",\"position\":2,\"name\":\"Walraven Montagesystem f\u00fcr Flachdach\u00adinstallationen\",\"item\":\"https:\\\/\\\/www.walraven.com\\\/de\\\/flachdachinstallation\\\/\"},{\"@type\":\"ListItem\",\"position\":3,\"name\":\"Schnellmontage-Sets zur Aufst\u00e4nderung von Flachdachinstallationen\"}]},{\"@type\":\"WebSite\",\"@id\":\"https:\\\/\\\/www.walraven.com\\\/de\\\/#website\",\"url\":\"https:\\\/\\\/www.walraven.com\\\/de\\\/\",\"name\":\"Walraven Deutschland\",\"description\":\"\",\"publisher\":{\"@id\":\"https:\\\/\\\/www.walraven.com\\\/de\\\/#organization\"},\"potentialAction\":[{\"@type\":\"SearchAction\",\"target\":{\"@type\":\"EntryPoint\",\"urlTemplate\":\"https:\\\/\\\/www.walraven.com\\\/de\\\/?s={search_term_string}\"},\"query-input\":{\"@type\":\"PropertyValueSpecification\",\"valueRequired\":true,\"valueName\":\"search_term_string\"}}],\"inLanguage\":\"de\"},{\"@type\":\"Organization\",\"@id\":\"https:\\\/\\\/www.walraven.com\\\/de\\\/#organization\",\"name\":\"Walraven GmbH\",\"alternateName\":\"Walraven GmbH\",\"url\":\"https:\\\/\\\/www.walraven.com\\\/de\\\/\",\"logo\":{\"@type\":\"ImageObject\",\"inLanguage\":\"de\",\"@id\":\"https:\\\/\\\/www.walraven.com\\\/de\\\/#\\\/schema\\\/logo\\\/image\\\/\",\"url\":\"https:\\\/\\\/www.walraven.com\\\/de\\\/wp-content\\\/uploads\\\/sites\\\/4\\\/2023\\\/12\\\/Walraven_logo300x300.jpg\",\"contentUrl\":\"https:\\\/\\\/www.walraven.com\\\/de\\\/wp-content\\\/uploads\\\/sites\\\/4\\\/2023\\\/12\\\/Walraven_logo300x300.jpg\",\"width\":300,\"height\":300,\"caption\":\"Walraven GmbH\"},\"image\":{\"@id\":\"https:\\\/\\\/www.walraven.com\\\/de\\\/#\\\/schema\\\/logo\\\/image\\\/\"},\"sameAs\":[\"https:\\\/\\\/www.facebook.com\\\/Walraven.GmbH\",\"https:\\\/\\\/x.com\\\/BIS_Tech\",\"https:\\\/\\\/www.youtube.com\\\/WalravenDE\",\"https:\\\/\\\/www.linkedin.com\\\/company\\\/walraven-gmbh\",\"https:\\\/\\\/www.instagram.com\\\/walraven.gmbh\\\/\"]}]}<\/script>\n<!-- \/ Yoast SEO Premium plugin. -->","yoast_head_json":{"title":"Schnellmontage-Sets: Aufst\u00e4nderung von Flachdachinstallationen","description":"Schnellmontagesets zur komfortablen und fachgerechten Aufst\u00e4nderung von Flachdachinstallationen. Leistungsf\u00e4hig und ohne Dachdurchdringung","robots":{"index":"index","follow":"follow","max-snippet":"max-snippet:-1","max-image-preview":"max-image-preview:large","max-video-preview":"max-video-preview:-1"},"canonical":"https:\/\/www.walraven.com\/de\/flachdachinstallation\/montagesets-aufstaenderung-flachdachinstallationen\/","og_locale":"de_DE","og_type":"article","og_title":"Schnellmontage-Sets zur Aufst\u00e4nderung von Flachdachinstallationen","og_description":"Schnellmontagesets zur komfortablen und fachgerechten Aufst\u00e4nderung von Flachdachinstallationen. Leistungsf\u00e4hig und ohne Dachdurchdringung","og_url":"https:\/\/www.walraven.com\/de\/flachdachinstallation\/montagesets-aufstaenderung-flachdachinstallationen\/","og_site_name":"Walraven Deutschland","article_publisher":"https:\/\/www.facebook.com\/Walraven.GmbH","article_modified_time":"2026-01-13T15:12:49+00:00","og_image":[{"width":656,"height":744,"url":"https:\/\/www.walraven.com\/de\/wp-content\/uploads\/sites\/4\/2021\/03\/BIS-Yeti-130-Rahmenkonstruktion.png","type":"image\/png"}],"twitter_card":"summary_large_image","twitter_site":"@BIS_Tech","twitter_misc":{"Gesch\u00e4tzte Lesezeit":"1\u00a0Minute"},"schema":{"@context":"https:\/\/schema.org","@graph":[{"@type":"WebPage","@id":"https:\/\/www.walraven.com\/de\/flachdachinstallation\/montagesets-aufstaenderung-flachdachinstallationen\/","url":"https:\/\/www.walraven.com\/de\/flachdachinstallation\/montagesets-aufstaenderung-flachdachinstallationen\/","name":"Schnellmontage-Sets: Aufst\u00e4nderung von Flachdachinstallationen","isPartOf":{"@id":"https:\/\/www.walraven.com\/de\/#website"},"primaryImageOfPage":{"@id":"https:\/\/www.walraven.com\/de\/flachdachinstallation\/montagesets-aufstaenderung-flachdachinstallationen\/#primaryimage"},"image":{"@id":"https:\/\/www.walraven.com\/de\/flachdachinstallation\/montagesets-aufstaenderung-flachdachinstallationen\/#primaryimage"},"thumbnailUrl":"https:\/\/www.walraven.com\/de\/wp-content\/uploads\/sites\/4\/2021\/03\/BIS-Yeti-130-Rahmenkonstruktion.png","datePublished":"2021-05-14T08:47:42+00:00","dateModified":"2026-01-13T15:12:49+00:00","description":"Schnellmontagesets zur komfortablen und fachgerechten Aufst\u00e4nderung von Flachdachinstallationen. Leistungsf\u00e4hig und ohne Dachdurchdringung","breadcrumb":{"@id":"https:\/\/www.walraven.com\/de\/flachdachinstallation\/montagesets-aufstaenderung-flachdachinstallationen\/#breadcrumb"},"inLanguage":"de","potentialAction":[{"@type":"ReadAction","target":["https:\/\/www.walraven.com\/de\/flachdachinstallation\/montagesets-aufstaenderung-flachdachinstallationen\/"]}]},{"@type":"ImageObject","inLanguage":"de","@id":"https:\/\/www.walraven.com\/de\/flachdachinstallation\/montagesets-aufstaenderung-flachdachinstallationen\/#primaryimage","url":"https:\/\/www.walraven.com\/de\/wp-content\/uploads\/sites\/4\/2021\/03\/BIS-Yeti-130-Rahmenkonstruktion.png","contentUrl":"https:\/\/www.walraven.com\/de\/wp-content\/uploads\/sites\/4\/2021\/03\/BIS-Yeti-130-Rahmenkonstruktion.png","width":656,"height":744,"caption":"BIS Yeti\u00ae 130 Rahmenkonstruktion mit Klimager\u00e4t."},{"@type":"BreadcrumbList","@id":"https:\/\/www.walraven.com\/de\/flachdachinstallation\/montagesets-aufstaenderung-flachdachinstallationen\/#breadcrumb","itemListElement":[{"@type":"ListItem","position":1,"name":"Startseite","item":"https:\/\/www.walraven.com\/de\/"},{"@type":"ListItem","position":2,"name":"Walraven Montagesystem f\u00fcr Flachdach\u00adinstallationen","item":"https:\/\/www.walraven.com\/de\/flachdachinstallation\/"},{"@type":"ListItem","position":3,"name":"Schnellmontage-Sets zur Aufst\u00e4nderung von Flachdachinstallationen"}]},{"@type":"WebSite","@id":"https:\/\/www.walraven.com\/de\/#website","url":"https:\/\/www.walraven.com\/de\/","name":"Walraven Deutschland","description":"","publisher":{"@id":"https:\/\/www.walraven.com\/de\/#organization"},"potentialAction":[{"@type":"SearchAction","target":{"@type":"EntryPoint","urlTemplate":"https:\/\/www.walraven.com\/de\/?s={search_term_string}"},"query-input":{"@type":"PropertyValueSpecification","valueRequired":true,"valueName":"search_term_string"}}],"inLanguage":"de"},{"@type":"Organization","@id":"https:\/\/www.walraven.com\/de\/#organization","name":"Walraven GmbH","alternateName":"Walraven GmbH","url":"https:\/\/www.walraven.com\/de\/","logo":{"@type":"ImageObject","inLanguage":"de","@id":"https:\/\/www.walraven.com\/de\/#\/schema\/logo\/image\/","url":"https:\/\/www.walraven.com\/de\/wp-content\/uploads\/sites\/4\/2023\/12\/Walraven_logo300x300.jpg","contentUrl":"https:\/\/www.walraven.com\/de\/wp-content\/uploads\/sites\/4\/2023\/12\/Walraven_logo300x300.jpg","width":300,"height":300,"caption":"Walraven GmbH"},"image":{"@id":"https:\/\/www.walraven.com\/de\/#\/schema\/logo\/image\/"},"sameAs":["https:\/\/www.facebook.com\/Walraven.GmbH","https:\/\/x.com\/BIS_Tech","https:\/\/www.youtube.com\/WalravenDE","https:\/\/www.linkedin.com\/company\/walraven-gmbh","https:\/\/www.instagram.com\/walraven.gmbh\/"]}]}},"_links":{"self":[{"href":"https:\/\/www.walraven.com\/de\/wp-json\/wp\/v2\/pages\/78148","targetHints":{"allow":["GET"]}}],"collection":[{"href":"https:\/\/www.walraven.com\/de\/wp-json\/wp\/v2\/pages"}],"about":[{"href":"https:\/\/www.walraven.com\/de\/wp-json\/wp\/v2\/types\/page"}],"author":[{"embeddable":true,"href":"https:\/\/www.walraven.com\/de\/wp-json\/wp\/v2\/users\/10"}],"replies":[{"embeddable":true,"href":"https:\/\/www.walraven.com\/de\/wp-json\/wp\/v2\/comments?post=78148"}],"version-history":[{"count":7,"href":"https:\/\/www.walraven.com\/de\/wp-json\/wp\/v2\/pages\/78148\/revisions"}],"predecessor-version":[{"id":234697,"href":"https:\/\/www.walraven.com\/de\/wp-json\/wp\/v2\/pages\/78148\/revisions\/234697"}],"up":[{"embeddable":true,"href":"https:\/\/www.walraven.com\/de\/wp-json\/wp\/v2\/pages\/69482"}],"wp:featuredmedia":[{"embeddable":true,"href":"https:\/\/www.walraven.com\/de\/wp-json\/wp\/v2\/media\/77778"}],"wp:attachment":[{"href":"https:\/\/www.walraven.com\/de\/wp-json\/wp\/v2\/media?parent=78148"}],"curies":[{"name":"wp","href":"https:\/\/api.w.org\/{rel}","templated":true}]}}