{"id":81294,"date":"2022-09-18T22:58:19","date_gmt":"2022-09-18T20:58:19","guid":{"rendered":"https:\/\/www.walraven.com\/de\/?page_id=81294"},"modified":"2025-08-08T08:52:31","modified_gmt":"2025-08-08T06:52:31","slug":"whitepaper-abschottung-schachtwaende","status":"publish","type":"page","link":"https:\/\/www.walraven.com\/de\/leistungen\/akademie\/whitepaper-abschottung-schachtwaende\/","title":{"rendered":"Whitepaper \"Abschottungsl\u00f6sungen f\u00fcr Schachtw\u00e4nde \u2013 brandsicher und anwenderfreundlich\""},"content":{"rendered":"","protected":false},"excerpt":{"rendered":"<p>Walraven-Akademie mit Technikwissen auf Abruf: Whitepaper &#8222;Abschottungsl\u00f6sungen f\u00fcr Schachtw\u00e4nde &#8211; brandsicher und anwenderfreundlich&#8220; herunterladen.<\/p>\n","protected":false},"author":10,"featured_media":81159,"parent":79178,"menu_order":0,"comment_status":"closed","ping_status":"closed","template":"page-templates\/tpl-landingspage.php","meta":{"_acf_changed":false,"footnotes":""},"class_list":["post-81294","page","type-page","status-publish","has-post-thumbnail","hentry"],"acf":[],"yoast_head":"<!-- This site is optimized with the Yoast SEO Premium plugin v27.3 (Yoast SEO v27.3) - https:\/\/yoast.com\/product\/yoast-seo-premium-wordpress\/ -->\n<title>Whitepaper &quot;Abschottungsl\u00f6sungen f\u00fcr Schachtw\u00e4nde&quot;<\/title>\n<meta name=\"description\" content=\"Technikwissen auf Abruf: Whitepaper &quot;Abschottungsl\u00f6sungen f\u00fcr Schachtw\u00e4nde - brandsicher und anwenderfreundlich&quot; herunterladen.\" \/>\n<meta name=\"robots\" content=\"index, follow, max-snippet:-1, max-image-preview:large, max-video-preview:-1\" \/>\n<link rel=\"canonical\" href=\"https:\/\/www.walraven.com\/de\/leistungen\/akademie\/whitepaper-abschottung-schachtwaende\/\" \/>\n<meta property=\"og:locale\" content=\"de_DE\" \/>\n<meta property=\"og:type\" content=\"article\" \/>\n<meta property=\"og:title\" content=\"Whitepaper &quot;Abschottungsl\u00f6sungen f\u00fcr Schachtw\u00e4nde \u2013 brandsicher und anwenderfreundlich&quot;\" \/>\n<meta property=\"og:description\" content=\"Technikwissen auf Abruf: Whitepaper &quot;Abschottungsl\u00f6sungen f\u00fcr Schachtw\u00e4nde - brandsicher und anwenderfreundlich&quot; herunterladen.\" \/>\n<meta property=\"og:url\" content=\"https:\/\/www.walraven.com\/de\/leistungen\/akademie\/whitepaper-abschottung-schachtwaende\/\" \/>\n<meta property=\"og:site_name\" content=\"Walraven Deutschland\" \/>\n<meta property=\"article:publisher\" content=\"https:\/\/www.facebook.com\/Walraven.GmbH\" \/>\n<meta property=\"article:modified_time\" content=\"2025-08-08T06:52:31+00:00\" \/>\n<meta property=\"og:image\" content=\"https:\/\/www.walraven.com\/de\/wp-content\/uploads\/sites\/4\/2022\/09\/Schachtwaende-Montagebild-Schachtwandabschottung-Pacifyre-MKII-CMYK-1024x581.jpg\" \/>\n\t<meta property=\"og:image:width\" content=\"1024\" \/>\n\t<meta property=\"og:image:height\" content=\"581\" \/>\n\t<meta property=\"og:image:type\" content=\"image\/jpeg\" \/>\n<meta name=\"twitter:card\" content=\"summary_large_image\" \/>\n<meta name=\"twitter:site\" content=\"@BIS_Tech\" \/>\n<meta name=\"twitter:label1\" content=\"Gesch\u00e4tzte Lesezeit\" \/>\n\t<meta name=\"twitter:data1\" content=\"3\u00a0Minuten\" \/>\n<script type=\"application\/ld+json\" class=\"yoast-schema-graph\">{\"@context\":\"https:\\\/\\\/schema.org\",\"@graph\":[{\"@type\":\"WebPage\",\"@id\":\"https:\\\/\\\/www.walraven.com\\\/de\\\/leistungen\\\/akademie\\\/whitepaper-abschottung-schachtwaende\\\/\",\"url\":\"https:\\\/\\\/www.walraven.com\\\/de\\\/leistungen\\\/akademie\\\/whitepaper-abschottung-schachtwaende\\\/\",\"name\":\"Whitepaper \\\"Abschottungsl\u00f6sungen f\u00fcr Schachtw\u00e4nde\\\"\",\"isPartOf\":{\"@id\":\"https:\\\/\\\/www.walraven.com\\\/de\\\/#website\"},\"primaryImageOfPage\":{\"@id\":\"https:\\\/\\\/www.walraven.com\\\/de\\\/leistungen\\\/akademie\\\/whitepaper-abschottung-schachtwaende\\\/#primaryimage\"},\"image\":{\"@id\":\"https:\\\/\\\/www.walraven.com\\\/de\\\/leistungen\\\/akademie\\\/whitepaper-abschottung-schachtwaende\\\/#primaryimage\"},\"thumbnailUrl\":\"https:\\\/\\\/www.walraven.com\\\/de\\\/wp-content\\\/uploads\\\/sites\\\/4\\\/2022\\\/09\\\/Schachtwaende-Montagebild-Schachtwandabschottung-Pacifyre-MKII-CMYK.jpg\",\"datePublished\":\"2022-09-18T20:58:19+00:00\",\"dateModified\":\"2025-08-08T06:52:31+00:00\",\"description\":\"Technikwissen auf Abruf: Whitepaper \\\"Abschottungsl\u00f6sungen f\u00fcr Schachtw\u00e4nde - brandsicher und anwenderfreundlich\\\" herunterladen.\",\"breadcrumb\":{\"@id\":\"https:\\\/\\\/www.walraven.com\\\/de\\\/leistungen\\\/akademie\\\/whitepaper-abschottung-schachtwaende\\\/#breadcrumb\"},\"inLanguage\":\"de\",\"potentialAction\":[{\"@type\":\"ReadAction\",\"target\":[\"https:\\\/\\\/www.walraven.com\\\/de\\\/leistungen\\\/akademie\\\/whitepaper-abschottung-schachtwaende\\\/\"]}]},{\"@type\":\"ImageObject\",\"inLanguage\":\"de\",\"@id\":\"https:\\\/\\\/www.walraven.com\\\/de\\\/leistungen\\\/akademie\\\/whitepaper-abschottung-schachtwaende\\\/#primaryimage\",\"url\":\"https:\\\/\\\/www.walraven.com\\\/de\\\/wp-content\\\/uploads\\\/sites\\\/4\\\/2022\\\/09\\\/Schachtwaende-Montagebild-Schachtwandabschottung-Pacifyre-MKII-CMYK.jpg\",\"contentUrl\":\"https:\\\/\\\/www.walraven.com\\\/de\\\/wp-content\\\/uploads\\\/sites\\\/4\\\/2022\\\/09\\\/Schachtwaende-Montagebild-Schachtwandabschottung-Pacifyre-MKII-CMYK.jpg\",\"width\":2506,\"height\":1422,\"caption\":\"Leitungsanlagen auch in Schachtw\u00e4nden brandschutztechnisch regelgerecht abschotten. Quelle: Walraven\"},{\"@type\":\"BreadcrumbList\",\"@id\":\"https:\\\/\\\/www.walraven.com\\\/de\\\/leistungen\\\/akademie\\\/whitepaper-abschottung-schachtwaende\\\/#breadcrumb\",\"itemListElement\":[{\"@type\":\"ListItem\",\"position\":1,\"name\":\"Startseite\",\"item\":\"https:\\\/\\\/www.walraven.com\\\/de\\\/\"},{\"@type\":\"ListItem\",\"position\":2,\"name\":\"Alle Serviceleistungen auf einen Blick\",\"item\":\"https:\\\/\\\/www.walraven.com\\\/de\\\/leistungen\\\/\"},{\"@type\":\"ListItem\",\"position\":3,\"name\":\"Walraven-Akademie\",\"item\":\"https:\\\/\\\/www.walraven.com\\\/de\\\/leistungen\\\/akademie\\\/\"},{\"@type\":\"ListItem\",\"position\":4,\"name\":\"Whitepaper &#8220;Abschottungsl\u00f6sungen f\u00fcr Schachtw\u00e4nde \u2013 brandsicher und anwenderfreundlich&#8221;\"}]},{\"@type\":\"WebSite\",\"@id\":\"https:\\\/\\\/www.walraven.com\\\/de\\\/#website\",\"url\":\"https:\\\/\\\/www.walraven.com\\\/de\\\/\",\"name\":\"Walraven Deutschland\",\"description\":\"\",\"publisher\":{\"@id\":\"https:\\\/\\\/www.walraven.com\\\/de\\\/#organization\"},\"potentialAction\":[{\"@type\":\"SearchAction\",\"target\":{\"@type\":\"EntryPoint\",\"urlTemplate\":\"https:\\\/\\\/www.walraven.com\\\/de\\\/?s={search_term_string}\"},\"query-input\":{\"@type\":\"PropertyValueSpecification\",\"valueRequired\":true,\"valueName\":\"search_term_string\"}}],\"inLanguage\":\"de\"},{\"@type\":\"Organization\",\"@id\":\"https:\\\/\\\/www.walraven.com\\\/de\\\/#organization\",\"name\":\"Walraven GmbH\",\"alternateName\":\"Walraven GmbH\",\"url\":\"https:\\\/\\\/www.walraven.com\\\/de\\\/\",\"logo\":{\"@type\":\"ImageObject\",\"inLanguage\":\"de\",\"@id\":\"https:\\\/\\\/www.walraven.com\\\/de\\\/#\\\/schema\\\/logo\\\/image\\\/\",\"url\":\"https:\\\/\\\/www.walraven.com\\\/de\\\/wp-content\\\/uploads\\\/sites\\\/4\\\/2023\\\/12\\\/Walraven_logo300x300.jpg\",\"contentUrl\":\"https:\\\/\\\/www.walraven.com\\\/de\\\/wp-content\\\/uploads\\\/sites\\\/4\\\/2023\\\/12\\\/Walraven_logo300x300.jpg\",\"width\":300,\"height\":300,\"caption\":\"Walraven GmbH\"},\"image\":{\"@id\":\"https:\\\/\\\/www.walraven.com\\\/de\\\/#\\\/schema\\\/logo\\\/image\\\/\"},\"sameAs\":[\"https:\\\/\\\/www.facebook.com\\\/Walraven.GmbH\",\"https:\\\/\\\/x.com\\\/BIS_Tech\",\"https:\\\/\\\/www.youtube.com\\\/WalravenDE\",\"https:\\\/\\\/www.linkedin.com\\\/company\\\/walraven-gmbh\",\"https:\\\/\\\/www.instagram.com\\\/walraven.gmbh\\\/\"]}]}<\/script>\n<!-- \/ Yoast SEO Premium plugin. -->","yoast_head_json":{"title":"Whitepaper \"Abschottungsl\u00f6sungen f\u00fcr Schachtw\u00e4nde\"","description":"Technikwissen auf Abruf: Whitepaper \"Abschottungsl\u00f6sungen f\u00fcr Schachtw\u00e4nde - brandsicher und anwenderfreundlich\" herunterladen.","robots":{"index":"index","follow":"follow","max-snippet":"max-snippet:-1","max-image-preview":"max-image-preview:large","max-video-preview":"max-video-preview:-1"},"canonical":"https:\/\/www.walraven.com\/de\/leistungen\/akademie\/whitepaper-abschottung-schachtwaende\/","og_locale":"de_DE","og_type":"article","og_title":"Whitepaper \"Abschottungsl\u00f6sungen f\u00fcr Schachtw\u00e4nde \u2013 brandsicher und anwenderfreundlich\"","og_description":"Technikwissen auf Abruf: Whitepaper \"Abschottungsl\u00f6sungen f\u00fcr Schachtw\u00e4nde - brandsicher und anwenderfreundlich\" herunterladen.","og_url":"https:\/\/www.walraven.com\/de\/leistungen\/akademie\/whitepaper-abschottung-schachtwaende\/","og_site_name":"Walraven Deutschland","article_publisher":"https:\/\/www.facebook.com\/Walraven.GmbH","article_modified_time":"2025-08-08T06:52:31+00:00","og_image":[{"width":1024,"height":581,"url":"https:\/\/www.walraven.com\/de\/wp-content\/uploads\/sites\/4\/2022\/09\/Schachtwaende-Montagebild-Schachtwandabschottung-Pacifyre-MKII-CMYK-1024x581.jpg","type":"image\/jpeg"}],"twitter_card":"summary_large_image","twitter_site":"@BIS_Tech","twitter_misc":{"Gesch\u00e4tzte Lesezeit":"3\u00a0Minuten"},"schema":{"@context":"https:\/\/schema.org","@graph":[{"@type":"WebPage","@id":"https:\/\/www.walraven.com\/de\/leistungen\/akademie\/whitepaper-abschottung-schachtwaende\/","url":"https:\/\/www.walraven.com\/de\/leistungen\/akademie\/whitepaper-abschottung-schachtwaende\/","name":"Whitepaper \"Abschottungsl\u00f6sungen f\u00fcr Schachtw\u00e4nde\"","isPartOf":{"@id":"https:\/\/www.walraven.com\/de\/#website"},"primaryImageOfPage":{"@id":"https:\/\/www.walraven.com\/de\/leistungen\/akademie\/whitepaper-abschottung-schachtwaende\/#primaryimage"},"image":{"@id":"https:\/\/www.walraven.com\/de\/leistungen\/akademie\/whitepaper-abschottung-schachtwaende\/#primaryimage"},"thumbnailUrl":"https:\/\/www.walraven.com\/de\/wp-content\/uploads\/sites\/4\/2022\/09\/Schachtwaende-Montagebild-Schachtwandabschottung-Pacifyre-MKII-CMYK.jpg","datePublished":"2022-09-18T20:58:19+00:00","dateModified":"2025-08-08T06:52:31+00:00","description":"Technikwissen auf Abruf: Whitepaper \"Abschottungsl\u00f6sungen f\u00fcr Schachtw\u00e4nde - brandsicher und anwenderfreundlich\" herunterladen.","breadcrumb":{"@id":"https:\/\/www.walraven.com\/de\/leistungen\/akademie\/whitepaper-abschottung-schachtwaende\/#breadcrumb"},"inLanguage":"de","potentialAction":[{"@type":"ReadAction","target":["https:\/\/www.walraven.com\/de\/leistungen\/akademie\/whitepaper-abschottung-schachtwaende\/"]}]},{"@type":"ImageObject","inLanguage":"de","@id":"https:\/\/www.walraven.com\/de\/leistungen\/akademie\/whitepaper-abschottung-schachtwaende\/#primaryimage","url":"https:\/\/www.walraven.com\/de\/wp-content\/uploads\/sites\/4\/2022\/09\/Schachtwaende-Montagebild-Schachtwandabschottung-Pacifyre-MKII-CMYK.jpg","contentUrl":"https:\/\/www.walraven.com\/de\/wp-content\/uploads\/sites\/4\/2022\/09\/Schachtwaende-Montagebild-Schachtwandabschottung-Pacifyre-MKII-CMYK.jpg","width":2506,"height":1422,"caption":"Leitungsanlagen auch in Schachtw\u00e4nden brandschutztechnisch regelgerecht abschotten. Quelle: Walraven"},{"@type":"BreadcrumbList","@id":"https:\/\/www.walraven.com\/de\/leistungen\/akademie\/whitepaper-abschottung-schachtwaende\/#breadcrumb","itemListElement":[{"@type":"ListItem","position":1,"name":"Startseite","item":"https:\/\/www.walraven.com\/de\/"},{"@type":"ListItem","position":2,"name":"Alle Serviceleistungen auf einen Blick","item":"https:\/\/www.walraven.com\/de\/leistungen\/"},{"@type":"ListItem","position":3,"name":"Walraven-Akademie","item":"https:\/\/www.walraven.com\/de\/leistungen\/akademie\/"},{"@type":"ListItem","position":4,"name":"Whitepaper &#8220;Abschottungsl\u00f6sungen f\u00fcr Schachtw\u00e4nde \u2013 brandsicher und anwenderfreundlich&#8221;"}]},{"@type":"WebSite","@id":"https:\/\/www.walraven.com\/de\/#website","url":"https:\/\/www.walraven.com\/de\/","name":"Walraven Deutschland","description":"","publisher":{"@id":"https:\/\/www.walraven.com\/de\/#organization"},"potentialAction":[{"@type":"SearchAction","target":{"@type":"EntryPoint","urlTemplate":"https:\/\/www.walraven.com\/de\/?s={search_term_string}"},"query-input":{"@type":"PropertyValueSpecification","valueRequired":true,"valueName":"search_term_string"}}],"inLanguage":"de"},{"@type":"Organization","@id":"https:\/\/www.walraven.com\/de\/#organization","name":"Walraven GmbH","alternateName":"Walraven GmbH","url":"https:\/\/www.walraven.com\/de\/","logo":{"@type":"ImageObject","inLanguage":"de","@id":"https:\/\/www.walraven.com\/de\/#\/schema\/logo\/image\/","url":"https:\/\/www.walraven.com\/de\/wp-content\/uploads\/sites\/4\/2023\/12\/Walraven_logo300x300.jpg","contentUrl":"https:\/\/www.walraven.com\/de\/wp-content\/uploads\/sites\/4\/2023\/12\/Walraven_logo300x300.jpg","width":300,"height":300,"caption":"Walraven GmbH"},"image":{"@id":"https:\/\/www.walraven.com\/de\/#\/schema\/logo\/image\/"},"sameAs":["https:\/\/www.facebook.com\/Walraven.GmbH","https:\/\/x.com\/BIS_Tech","https:\/\/www.youtube.com\/WalravenDE","https:\/\/www.linkedin.com\/company\/walraven-gmbh","https:\/\/www.instagram.com\/walraven.gmbh\/"]}]}},"_links":{"self":[{"href":"https:\/\/www.walraven.com\/de\/wp-json\/wp\/v2\/pages\/81294","targetHints":{"allow":["GET"]}}],"collection":[{"href":"https:\/\/www.walraven.com\/de\/wp-json\/wp\/v2\/pages"}],"about":[{"href":"https:\/\/www.walraven.com\/de\/wp-json\/wp\/v2\/types\/page"}],"author":[{"embeddable":true,"href":"https:\/\/www.walraven.com\/de\/wp-json\/wp\/v2\/users\/10"}],"replies":[{"embeddable":true,"href":"https:\/\/www.walraven.com\/de\/wp-json\/wp\/v2\/comments?post=81294"}],"version-history":[{"count":7,"href":"https:\/\/www.walraven.com\/de\/wp-json\/wp\/v2\/pages\/81294\/revisions"}],"predecessor-version":[{"id":145068,"href":"https:\/\/www.walraven.com\/de\/wp-json\/wp\/v2\/pages\/81294\/revisions\/145068"}],"up":[{"embeddable":true,"href":"https:\/\/www.walraven.com\/de\/wp-json\/wp\/v2\/pages\/79178"}],"wp:featuredmedia":[{"embeddable":true,"href":"https:\/\/www.walraven.com\/de\/wp-json\/wp\/v2\/media\/81159"}],"wp:attachment":[{"href":"https:\/\/www.walraven.com\/de\/wp-json\/wp\/v2\/media?parent=81294"}],"curies":[{"name":"wp","href":"https:\/\/api.w.org\/{rel}","templated":true}]}}