{"id":81582,"date":"2022-11-21T11:57:17","date_gmt":"2022-11-21T10:57:17","guid":{"rendered":"https:\/\/www.walraven.com\/de\/?page_id=81582"},"modified":"2022-11-21T12:20:15","modified_gmt":"2022-11-21T11:20:15","slug":"sortimentsaenderungen","status":"publish","type":"page","link":"https:\/\/www.walraven.com\/de\/sortimentsaenderungen\/","title":{"rendered":"Fortlaufende Informationen zu Sortiments\u00e4nderungen"},"content":{"rendered":"<h2><img loading=\"lazy\" decoding=\"async\" class=\"wp-image-81588 alignright\" src=\"https:\/\/www.walraven.com\/wp-content\/uploads\/sites\/4\/2022\/11\/Katalog-Visual-724x1024.jpg\" alt=\"\" width=\"226\" height=\"320\" srcset=\"https:\/\/www.walraven.com\/de\/wp-content\/uploads\/sites\/4\/2022\/11\/Katalog-Visual-724x1024.jpg 724w, https:\/\/www.walraven.com\/de\/wp-content\/uploads\/sites\/4\/2022\/11\/Katalog-Visual-212x300.jpg 212w, https:\/\/www.walraven.com\/de\/wp-content\/uploads\/sites\/4\/2022\/11\/Katalog-Visual-768x1086.jpg 768w, https:\/\/www.walraven.com\/de\/wp-content\/uploads\/sites\/4\/2022\/11\/Katalog-Visual-1086x1536.jpg 1086w, https:\/\/www.walraven.com\/de\/wp-content\/uploads\/sites\/4\/2022\/11\/Katalog-Visual-1448x2048.jpg 1448w, https:\/\/www.walraven.com\/de\/wp-content\/uploads\/sites\/4\/2022\/11\/Katalog-Visual-216x305.jpg 216w, https:\/\/www.walraven.com\/de\/wp-content\/uploads\/sites\/4\/2022\/11\/Katalog-Visual-269x381.jpg 269w, https:\/\/www.walraven.com\/de\/wp-content\/uploads\/sites\/4\/2022\/11\/Katalog-Visual-1290x1825.jpg 1290w, https:\/\/www.walraven.com\/de\/wp-content\/uploads\/sites\/4\/2022\/11\/Katalog-Visual-scaled.jpg 1810w\" sizes=\"auto, (max-width: 226px) 100vw, 226px\" \/><\/h2>\n<h2>Katalog-Updates<\/h2>\n<p>K\u00fcnftig finden Sie auf dieser Seite <strong>fortlaufend neue <\/strong>&amp; <strong>modifizierte Produktdatenbl\u00e4tter<\/strong> beziehungsweise<strong>\u00a0relevante Sortiments\u00e4nderungen<\/strong>, die sich <strong>innerhalb eines Auflagenzykluses von Druckmedien<\/strong> ergeben.<\/p>\n<p>&nbsp;<\/p>\n<hr \/>\n<h3><strong>Montagetechnik-Katalog SHKKL (Auflage 2022|2023):<\/strong><\/h3>\n<ul>\n<li>Noch keine relevanten \u00c4nderungen<\/li>\n<\/ul>\n<p>&nbsp;<\/p>\n<hr \/>\n<h3><strong>Kompaktkatalog (Auflage 2023):<\/strong><\/h3>\n<ul>\n<li>Noch keine relevanten \u00c4nderungen<\/li>\n<\/ul>\n<p>&nbsp;<\/p>\n<hr \/>\n<h3><strong>Werkspreisliste (Auflage 2023):<\/strong><\/h3>\n<ul>\n<li>Noch keine relevanten \u00c4nderungen<\/li>\n<\/ul>\n","protected":false},"excerpt":{"rendered":"<p>Katalog-Updates K\u00fcnftig finden Sie auf dieser Seite fortlaufend neue &amp; modifizierte Produktdatenbl\u00e4tter beziehungsweise\u00a0relevante Sortiments\u00e4nderungen, die sich innerhalb eines Auflagenzykluses von Druckmedien ergeben. &nbsp; Montagetechnik-Katalog SHKKL (Auflage 2022|2023): Noch keine relevanten \u00c4nderungen &nbsp; Kompaktkatalog (Auflage 2023): Noch keine relevanten \u00c4nderungen &nbsp; Werkspreisliste (Auflage 2023): Noch keine relevanten \u00c4nderungen<\/p>\n","protected":false},"author":10,"featured_media":0,"parent":0,"menu_order":0,"comment_status":"closed","ping_status":"closed","template":"","meta":{"_acf_changed":false,"footnotes":""},"class_list":["post-81582","page","type-page","status-publish","hentry"],"acf":[],"yoast_head":"<!-- This site is optimized with the Yoast SEO Premium plugin v27.5 (Yoast SEO v27.5) - https:\/\/yoast.com\/product\/yoast-seo-premium-wordpress\/ -->\n<title>Fortlaufende Informationen zu Sortiments\u00e4nderungen - Walraven Deutschland<\/title>\n<meta name=\"robots\" content=\"index, follow, max-snippet:-1, max-image-preview:large, max-video-preview:-1\" \/>\n<link rel=\"canonical\" href=\"https:\/\/www.walraven.com\/de\/sortimentsaenderungen\/\" \/>\n<meta property=\"og:locale\" content=\"de_DE\" \/>\n<meta property=\"og:type\" content=\"article\" \/>\n<meta property=\"og:title\" content=\"Fortlaufende Informationen zu Sortiments\u00e4nderungen\" \/>\n<meta property=\"og:description\" content=\"Katalog-Updates K\u00fcnftig finden Sie auf dieser Seite fortlaufend neue &amp; modifizierte Produktdatenbl\u00e4tter beziehungsweise\u00a0relevante Sortiments\u00e4nderungen, die sich innerhalb eines Auflagenzykluses von Druckmedien ergeben. &nbsp; Montagetechnik-Katalog SHKKL (Auflage 2022|2023): Noch keine relevanten \u00c4nderungen &nbsp; Kompaktkatalog (Auflage 2023): Noch keine relevanten \u00c4nderungen &nbsp; Werkspreisliste (Auflage 2023): Noch keine relevanten \u00c4nderungen\" \/>\n<meta property=\"og:url\" content=\"https:\/\/www.walraven.com\/de\/sortimentsaenderungen\/\" \/>\n<meta property=\"og:site_name\" content=\"Walraven Deutschland\" \/>\n<meta property=\"article:publisher\" content=\"https:\/\/www.facebook.com\/Walraven.GmbH\" \/>\n<meta property=\"article:modified_time\" content=\"2022-11-21T11:20:15+00:00\" \/>\n<meta property=\"og:image\" content=\"https:\/\/www.walraven.com\/wp-content\/uploads\/sites\/4\/2022\/11\/Katalog-Visual-724x1024.jpg\" \/>\n<meta name=\"twitter:card\" content=\"summary_large_image\" \/>\n<meta name=\"twitter:site\" content=\"@BIS_Tech\" \/>\n<meta name=\"twitter:label1\" content=\"Gesch\u00e4tzte Lesezeit\" \/>\n\t<meta name=\"twitter:data1\" content=\"1\u00a0Minute\" \/>\n<script type=\"application\/ld+json\" class=\"yoast-schema-graph\">{\"@context\":\"https:\\\/\\\/schema.org\",\"@graph\":[{\"@type\":\"WebPage\",\"@id\":\"https:\\\/\\\/www.walraven.com\\\/de\\\/sortimentsaenderungen\\\/\",\"url\":\"https:\\\/\\\/www.walraven.com\\\/de\\\/sortimentsaenderungen\\\/\",\"name\":\"Fortlaufende Informationen zu Sortiments\u00e4nderungen - Walraven Deutschland\",\"isPartOf\":{\"@id\":\"https:\\\/\\\/www.walraven.com\\\/de\\\/#website\"},\"primaryImageOfPage\":{\"@id\":\"https:\\\/\\\/www.walraven.com\\\/de\\\/sortimentsaenderungen\\\/#primaryimage\"},\"image\":{\"@id\":\"https:\\\/\\\/www.walraven.com\\\/de\\\/sortimentsaenderungen\\\/#primaryimage\"},\"thumbnailUrl\":\"https:\\\/\\\/www.walraven.com\\\/wp-content\\\/uploads\\\/sites\\\/4\\\/2022\\\/11\\\/Katalog-Visual-724x1024.jpg\",\"datePublished\":\"2022-11-21T10:57:17+00:00\",\"dateModified\":\"2022-11-21T11:20:15+00:00\",\"breadcrumb\":{\"@id\":\"https:\\\/\\\/www.walraven.com\\\/de\\\/sortimentsaenderungen\\\/#breadcrumb\"},\"inLanguage\":\"de\",\"potentialAction\":[{\"@type\":\"ReadAction\",\"target\":[\"https:\\\/\\\/www.walraven.com\\\/de\\\/sortimentsaenderungen\\\/\"]}]},{\"@type\":\"ImageObject\",\"inLanguage\":\"de\",\"@id\":\"https:\\\/\\\/www.walraven.com\\\/de\\\/sortimentsaenderungen\\\/#primaryimage\",\"url\":\"https:\\\/\\\/www.walraven.com\\\/wp-content\\\/uploads\\\/sites\\\/4\\\/2022\\\/11\\\/Katalog-Visual-724x1024.jpg\",\"contentUrl\":\"https:\\\/\\\/www.walraven.com\\\/wp-content\\\/uploads\\\/sites\\\/4\\\/2022\\\/11\\\/Katalog-Visual-724x1024.jpg\"},{\"@type\":\"BreadcrumbList\",\"@id\":\"https:\\\/\\\/www.walraven.com\\\/de\\\/sortimentsaenderungen\\\/#breadcrumb\",\"itemListElement\":[{\"@type\":\"ListItem\",\"position\":1,\"name\":\"Startseite\",\"item\":\"https:\\\/\\\/www.walraven.com\\\/de\\\/\"},{\"@type\":\"ListItem\",\"position\":2,\"name\":\"Fortlaufende Informationen zu Sortiments\u00e4nderungen\"}]},{\"@type\":\"WebSite\",\"@id\":\"https:\\\/\\\/www.walraven.com\\\/de\\\/#website\",\"url\":\"https:\\\/\\\/www.walraven.com\\\/de\\\/\",\"name\":\"Walraven Deutschland\",\"description\":\"\",\"publisher\":{\"@id\":\"https:\\\/\\\/www.walraven.com\\\/de\\\/#organization\"},\"potentialAction\":[{\"@type\":\"SearchAction\",\"target\":{\"@type\":\"EntryPoint\",\"urlTemplate\":\"https:\\\/\\\/www.walraven.com\\\/de\\\/?s={search_term_string}\"},\"query-input\":{\"@type\":\"PropertyValueSpecification\",\"valueRequired\":true,\"valueName\":\"search_term_string\"}}],\"inLanguage\":\"de\"},{\"@type\":\"Organization\",\"@id\":\"https:\\\/\\\/www.walraven.com\\\/de\\\/#organization\",\"name\":\"Walraven GmbH\",\"alternateName\":\"Walraven GmbH\",\"url\":\"https:\\\/\\\/www.walraven.com\\\/de\\\/\",\"logo\":{\"@type\":\"ImageObject\",\"inLanguage\":\"de\",\"@id\":\"https:\\\/\\\/www.walraven.com\\\/de\\\/#\\\/schema\\\/logo\\\/image\\\/\",\"url\":\"https:\\\/\\\/www.walraven.com\\\/de\\\/wp-content\\\/uploads\\\/sites\\\/4\\\/2023\\\/12\\\/Walraven_logo300x300.jpg\",\"contentUrl\":\"https:\\\/\\\/www.walraven.com\\\/de\\\/wp-content\\\/uploads\\\/sites\\\/4\\\/2023\\\/12\\\/Walraven_logo300x300.jpg\",\"width\":300,\"height\":300,\"caption\":\"Walraven GmbH\"},\"image\":{\"@id\":\"https:\\\/\\\/www.walraven.com\\\/de\\\/#\\\/schema\\\/logo\\\/image\\\/\"},\"sameAs\":[\"https:\\\/\\\/www.facebook.com\\\/Walraven.GmbH\",\"https:\\\/\\\/x.com\\\/BIS_Tech\",\"https:\\\/\\\/www.youtube.com\\\/WalravenDE\",\"https:\\\/\\\/www.linkedin.com\\\/company\\\/walraven-gmbh\",\"https:\\\/\\\/www.instagram.com\\\/walraven.gmbh\\\/\"]}]}<\/script>\n<!-- \/ Yoast SEO Premium plugin. -->","yoast_head_json":{"title":"Fortlaufende Informationen zu Sortiments\u00e4nderungen - Walraven Deutschland","robots":{"index":"index","follow":"follow","max-snippet":"max-snippet:-1","max-image-preview":"max-image-preview:large","max-video-preview":"max-video-preview:-1"},"canonical":"https:\/\/www.walraven.com\/de\/sortimentsaenderungen\/","og_locale":"de_DE","og_type":"article","og_title":"Fortlaufende Informationen zu Sortiments\u00e4nderungen","og_description":"Katalog-Updates K\u00fcnftig finden Sie auf dieser Seite fortlaufend neue &amp; modifizierte Produktdatenbl\u00e4tter beziehungsweise\u00a0relevante Sortiments\u00e4nderungen, die sich innerhalb eines Auflagenzykluses von Druckmedien ergeben. &nbsp; Montagetechnik-Katalog SHKKL (Auflage 2022|2023): Noch keine relevanten \u00c4nderungen &nbsp; Kompaktkatalog (Auflage 2023): Noch keine relevanten \u00c4nderungen &nbsp; Werkspreisliste (Auflage 2023): Noch keine relevanten \u00c4nderungen","og_url":"https:\/\/www.walraven.com\/de\/sortimentsaenderungen\/","og_site_name":"Walraven Deutschland","article_publisher":"https:\/\/www.facebook.com\/Walraven.GmbH","article_modified_time":"2022-11-21T11:20:15+00:00","og_image":[{"url":"https:\/\/www.walraven.com\/wp-content\/uploads\/sites\/4\/2022\/11\/Katalog-Visual-724x1024.jpg","type":"","width":"","height":""}],"twitter_card":"summary_large_image","twitter_site":"@BIS_Tech","twitter_misc":{"Gesch\u00e4tzte Lesezeit":"1\u00a0Minute"},"schema":{"@context":"https:\/\/schema.org","@graph":[{"@type":"WebPage","@id":"https:\/\/www.walraven.com\/de\/sortimentsaenderungen\/","url":"https:\/\/www.walraven.com\/de\/sortimentsaenderungen\/","name":"Fortlaufende Informationen zu Sortiments\u00e4nderungen - Walraven Deutschland","isPartOf":{"@id":"https:\/\/www.walraven.com\/de\/#website"},"primaryImageOfPage":{"@id":"https:\/\/www.walraven.com\/de\/sortimentsaenderungen\/#primaryimage"},"image":{"@id":"https:\/\/www.walraven.com\/de\/sortimentsaenderungen\/#primaryimage"},"thumbnailUrl":"https:\/\/www.walraven.com\/wp-content\/uploads\/sites\/4\/2022\/11\/Katalog-Visual-724x1024.jpg","datePublished":"2022-11-21T10:57:17+00:00","dateModified":"2022-11-21T11:20:15+00:00","breadcrumb":{"@id":"https:\/\/www.walraven.com\/de\/sortimentsaenderungen\/#breadcrumb"},"inLanguage":"de","potentialAction":[{"@type":"ReadAction","target":["https:\/\/www.walraven.com\/de\/sortimentsaenderungen\/"]}]},{"@type":"ImageObject","inLanguage":"de","@id":"https:\/\/www.walraven.com\/de\/sortimentsaenderungen\/#primaryimage","url":"https:\/\/www.walraven.com\/wp-content\/uploads\/sites\/4\/2022\/11\/Katalog-Visual-724x1024.jpg","contentUrl":"https:\/\/www.walraven.com\/wp-content\/uploads\/sites\/4\/2022\/11\/Katalog-Visual-724x1024.jpg"},{"@type":"BreadcrumbList","@id":"https:\/\/www.walraven.com\/de\/sortimentsaenderungen\/#breadcrumb","itemListElement":[{"@type":"ListItem","position":1,"name":"Startseite","item":"https:\/\/www.walraven.com\/de\/"},{"@type":"ListItem","position":2,"name":"Fortlaufende Informationen zu Sortiments\u00e4nderungen"}]},{"@type":"WebSite","@id":"https:\/\/www.walraven.com\/de\/#website","url":"https:\/\/www.walraven.com\/de\/","name":"Walraven Deutschland","description":"","publisher":{"@id":"https:\/\/www.walraven.com\/de\/#organization"},"potentialAction":[{"@type":"SearchAction","target":{"@type":"EntryPoint","urlTemplate":"https:\/\/www.walraven.com\/de\/?s={search_term_string}"},"query-input":{"@type":"PropertyValueSpecification","valueRequired":true,"valueName":"search_term_string"}}],"inLanguage":"de"},{"@type":"Organization","@id":"https:\/\/www.walraven.com\/de\/#organization","name":"Walraven GmbH","alternateName":"Walraven GmbH","url":"https:\/\/www.walraven.com\/de\/","logo":{"@type":"ImageObject","inLanguage":"de","@id":"https:\/\/www.walraven.com\/de\/#\/schema\/logo\/image\/","url":"https:\/\/www.walraven.com\/de\/wp-content\/uploads\/sites\/4\/2023\/12\/Walraven_logo300x300.jpg","contentUrl":"https:\/\/www.walraven.com\/de\/wp-content\/uploads\/sites\/4\/2023\/12\/Walraven_logo300x300.jpg","width":300,"height":300,"caption":"Walraven GmbH"},"image":{"@id":"https:\/\/www.walraven.com\/de\/#\/schema\/logo\/image\/"},"sameAs":["https:\/\/www.facebook.com\/Walraven.GmbH","https:\/\/x.com\/BIS_Tech","https:\/\/www.youtube.com\/WalravenDE","https:\/\/www.linkedin.com\/company\/walraven-gmbh","https:\/\/www.instagram.com\/walraven.gmbh\/"]}]}},"_links":{"self":[{"href":"https:\/\/www.walraven.com\/de\/wp-json\/wp\/v2\/pages\/81582","targetHints":{"allow":["GET"]}}],"collection":[{"href":"https:\/\/www.walraven.com\/de\/wp-json\/wp\/v2\/pages"}],"about":[{"href":"https:\/\/www.walraven.com\/de\/wp-json\/wp\/v2\/types\/page"}],"author":[{"embeddable":true,"href":"https:\/\/www.walraven.com\/de\/wp-json\/wp\/v2\/users\/10"}],"replies":[{"embeddable":true,"href":"https:\/\/www.walraven.com\/de\/wp-json\/wp\/v2\/comments?post=81582"}],"version-history":[{"count":5,"href":"https:\/\/www.walraven.com\/de\/wp-json\/wp\/v2\/pages\/81582\/revisions"}],"predecessor-version":[{"id":81592,"href":"https:\/\/www.walraven.com\/de\/wp-json\/wp\/v2\/pages\/81582\/revisions\/81592"}],"wp:attachment":[{"href":"https:\/\/www.walraven.com\/de\/wp-json\/wp\/v2\/media?parent=81582"}],"curies":[{"name":"wp","href":"https:\/\/api.w.org\/{rel}","templated":true}]}}