{"id":83307,"date":"2023-04-24T08:55:03","date_gmt":"2023-04-24T06:55:03","guid":{"rendered":"https:\/\/www.walraven.com\/de\/?page_id=83307"},"modified":"2026-01-13T16:27:25","modified_gmt":"2026-01-13T15:27:25","slug":"kaelterohrtraeger","status":"publish","type":"page","link":"https:\/\/www.walraven.com\/de\/kaelterohrtraeger\/","title":{"rendered":"Energieeffiziente K\u00e4lterohr&shy;befestigung im Einklang mit dem GEG"},"content":{"rendered":"","protected":false},"excerpt":{"rendered":"","protected":false},"author":74,"featured_media":89810,"parent":0,"menu_order":0,"comment_status":"closed","ping_status":"closed","template":"page-templates\/tpl-landingspage.php","meta":{"_acf_changed":false,"footnotes":""},"class_list":["post-83307","page","type-page","status-publish","has-post-thumbnail","hentry"],"acf":[],"yoast_head":"<!-- This site is optimized with the Yoast SEO Premium plugin v27.3 (Yoast SEO v27.3) - https:\/\/yoast.com\/product\/yoast-seo-premium-wordpress\/ -->\n<title>K\u00e4lterohr\u00adbefestigung &amp; GEG 2024 - Walraven<\/title>\n<meta name=\"description\" content=\"Alles \u00fcber das GEG 2024 und die daraus resultierenden Anforderungen an Rohrleitungssysteme und deren Befestigung.\" \/>\n<meta name=\"robots\" content=\"index, follow, max-snippet:-1, max-image-preview:large, max-video-preview:-1\" \/>\n<link rel=\"canonical\" href=\"https:\/\/www.walraven.com\/de\/kaelterohrtraeger\/\" \/>\n<meta property=\"og:locale\" content=\"de_DE\" \/>\n<meta property=\"og:type\" content=\"article\" \/>\n<meta property=\"og:title\" content=\"Energieeffiziente K\u00e4lterohr&shy;befestigung im Einklang mit dem GEG\" \/>\n<meta property=\"og:description\" content=\"Alles \u00fcber das GEG 2024 und die daraus resultierenden Anforderungen an Rohrleitungssysteme und deren Befestigung.\" \/>\n<meta property=\"og:url\" content=\"https:\/\/www.walraven.com\/de\/kaelterohrtraeger\/\" \/>\n<meta property=\"og:site_name\" content=\"Walraven Deutschland\" \/>\n<meta property=\"article:publisher\" content=\"https:\/\/www.facebook.com\/Walraven.GmbH\" \/>\n<meta property=\"article:modified_time\" content=\"2026-01-13T15:27:25+00:00\" \/>\n<meta property=\"og:image\" content=\"https:\/\/www.walraven.com\/de\/wp-content\/uploads\/sites\/4\/2024\/04\/bisofix-mw-kaelterohrtrager-gebaeudeenergiegesetz.jpg\" \/>\n\t<meta property=\"og:image:width\" content=\"1024\" \/>\n\t<meta property=\"og:image:height\" content=\"546\" \/>\n\t<meta property=\"og:image:type\" content=\"image\/jpeg\" \/>\n<meta name=\"twitter:card\" content=\"summary_large_image\" \/>\n<meta name=\"twitter:site\" content=\"@BIS_Tech\" \/>\n<meta name=\"twitter:label1\" content=\"Gesch\u00e4tzte Lesezeit\" \/>\n\t<meta name=\"twitter:data1\" content=\"9\u00a0Minuten\" \/>\n<script type=\"application\/ld+json\" class=\"yoast-schema-graph\">{\"@context\":\"https:\\\/\\\/schema.org\",\"@graph\":[{\"@type\":\"WebPage\",\"@id\":\"https:\\\/\\\/www.walraven.com\\\/de\\\/kaelterohrtraeger\\\/\",\"url\":\"https:\\\/\\\/www.walraven.com\\\/de\\\/kaelterohrtraeger\\\/\",\"name\":\"K\u00e4lterohr\u00adbefestigung & GEG 2024 - Walraven\",\"isPartOf\":{\"@id\":\"https:\\\/\\\/www.walraven.com\\\/de\\\/#website\"},\"primaryImageOfPage\":{\"@id\":\"https:\\\/\\\/www.walraven.com\\\/de\\\/kaelterohrtraeger\\\/#primaryimage\"},\"image\":{\"@id\":\"https:\\\/\\\/www.walraven.com\\\/de\\\/kaelterohrtraeger\\\/#primaryimage\"},\"thumbnailUrl\":\"https:\\\/\\\/www.walraven.com\\\/de\\\/wp-content\\\/uploads\\\/sites\\\/4\\\/2024\\\/04\\\/bisofix-mw-kaelterohrtrager-gebaeudeenergiegesetz.jpg\",\"datePublished\":\"2023-04-24T06:55:03+00:00\",\"dateModified\":\"2026-01-13T15:27:25+00:00\",\"description\":\"Alles \u00fcber das GEG 2024 und die daraus resultierenden Anforderungen an Rohrleitungssysteme und deren Befestigung.\",\"breadcrumb\":{\"@id\":\"https:\\\/\\\/www.walraven.com\\\/de\\\/kaelterohrtraeger\\\/#breadcrumb\"},\"inLanguage\":\"de\",\"potentialAction\":[{\"@type\":\"ReadAction\",\"target\":[\"https:\\\/\\\/www.walraven.com\\\/de\\\/kaelterohrtraeger\\\/\"]}]},{\"@type\":\"ImageObject\",\"inLanguage\":\"de\",\"@id\":\"https:\\\/\\\/www.walraven.com\\\/de\\\/kaelterohrtraeger\\\/#primaryimage\",\"url\":\"https:\\\/\\\/www.walraven.com\\\/de\\\/wp-content\\\/uploads\\\/sites\\\/4\\\/2024\\\/04\\\/bisofix-mw-kaelterohrtrager-gebaeudeenergiegesetz.jpg\",\"contentUrl\":\"https:\\\/\\\/www.walraven.com\\\/de\\\/wp-content\\\/uploads\\\/sites\\\/4\\\/2024\\\/04\\\/bisofix-mw-kaelterohrtrager-gebaeudeenergiegesetz.jpg\",\"width\":1024,\"height\":546,\"caption\":\"Installation mehrerer BISOFIX MW K\u00e4lterohrtr\u00e4ger an Rohren, welche auf einem Flachdach aufgest\u00e4ndert wurden\"},{\"@type\":\"BreadcrumbList\",\"@id\":\"https:\\\/\\\/www.walraven.com\\\/de\\\/kaelterohrtraeger\\\/#breadcrumb\",\"itemListElement\":[{\"@type\":\"ListItem\",\"position\":1,\"name\":\"Startseite\",\"item\":\"https:\\\/\\\/www.walraven.com\\\/de\\\/\"},{\"@type\":\"ListItem\",\"position\":2,\"name\":\"Energieeffiziente K\u00e4lterohr&shy;befestigung im Einklang mit dem GEG\"}]},{\"@type\":\"WebSite\",\"@id\":\"https:\\\/\\\/www.walraven.com\\\/de\\\/#website\",\"url\":\"https:\\\/\\\/www.walraven.com\\\/de\\\/\",\"name\":\"Walraven Deutschland\",\"description\":\"\",\"publisher\":{\"@id\":\"https:\\\/\\\/www.walraven.com\\\/de\\\/#organization\"},\"potentialAction\":[{\"@type\":\"SearchAction\",\"target\":{\"@type\":\"EntryPoint\",\"urlTemplate\":\"https:\\\/\\\/www.walraven.com\\\/de\\\/?s={search_term_string}\"},\"query-input\":{\"@type\":\"PropertyValueSpecification\",\"valueRequired\":true,\"valueName\":\"search_term_string\"}}],\"inLanguage\":\"de\"},{\"@type\":\"Organization\",\"@id\":\"https:\\\/\\\/www.walraven.com\\\/de\\\/#organization\",\"name\":\"Walraven GmbH\",\"alternateName\":\"Walraven GmbH\",\"url\":\"https:\\\/\\\/www.walraven.com\\\/de\\\/\",\"logo\":{\"@type\":\"ImageObject\",\"inLanguage\":\"de\",\"@id\":\"https:\\\/\\\/www.walraven.com\\\/de\\\/#\\\/schema\\\/logo\\\/image\\\/\",\"url\":\"https:\\\/\\\/www.walraven.com\\\/de\\\/wp-content\\\/uploads\\\/sites\\\/4\\\/2023\\\/12\\\/Walraven_logo300x300.jpg\",\"contentUrl\":\"https:\\\/\\\/www.walraven.com\\\/de\\\/wp-content\\\/uploads\\\/sites\\\/4\\\/2023\\\/12\\\/Walraven_logo300x300.jpg\",\"width\":300,\"height\":300,\"caption\":\"Walraven GmbH\"},\"image\":{\"@id\":\"https:\\\/\\\/www.walraven.com\\\/de\\\/#\\\/schema\\\/logo\\\/image\\\/\"},\"sameAs\":[\"https:\\\/\\\/www.facebook.com\\\/Walraven.GmbH\",\"https:\\\/\\\/x.com\\\/BIS_Tech\",\"https:\\\/\\\/www.youtube.com\\\/WalravenDE\",\"https:\\\/\\\/www.linkedin.com\\\/company\\\/walraven-gmbh\",\"https:\\\/\\\/www.instagram.com\\\/walraven.gmbh\\\/\"]}]}<\/script>\n<!-- \/ Yoast SEO Premium plugin. -->","yoast_head_json":{"title":"K\u00e4lterohr\u00adbefestigung & GEG 2024 - Walraven","description":"Alles \u00fcber das GEG 2024 und die daraus resultierenden Anforderungen an Rohrleitungssysteme und deren Befestigung.","robots":{"index":"index","follow":"follow","max-snippet":"max-snippet:-1","max-image-preview":"max-image-preview:large","max-video-preview":"max-video-preview:-1"},"canonical":"https:\/\/www.walraven.com\/de\/kaelterohrtraeger\/","og_locale":"de_DE","og_type":"article","og_title":"Energieeffiziente K\u00e4lterohr&shy;befestigung im Einklang mit dem GEG","og_description":"Alles \u00fcber das GEG 2024 und die daraus resultierenden Anforderungen an Rohrleitungssysteme und deren Befestigung.","og_url":"https:\/\/www.walraven.com\/de\/kaelterohrtraeger\/","og_site_name":"Walraven Deutschland","article_publisher":"https:\/\/www.facebook.com\/Walraven.GmbH","article_modified_time":"2026-01-13T15:27:25+00:00","og_image":[{"width":1024,"height":546,"url":"https:\/\/www.walraven.com\/de\/wp-content\/uploads\/sites\/4\/2024\/04\/bisofix-mw-kaelterohrtrager-gebaeudeenergiegesetz.jpg","type":"image\/jpeg"}],"twitter_card":"summary_large_image","twitter_site":"@BIS_Tech","twitter_misc":{"Gesch\u00e4tzte Lesezeit":"9\u00a0Minuten"},"schema":{"@context":"https:\/\/schema.org","@graph":[{"@type":"WebPage","@id":"https:\/\/www.walraven.com\/de\/kaelterohrtraeger\/","url":"https:\/\/www.walraven.com\/de\/kaelterohrtraeger\/","name":"K\u00e4lterohr\u00adbefestigung & GEG 2024 - Walraven","isPartOf":{"@id":"https:\/\/www.walraven.com\/de\/#website"},"primaryImageOfPage":{"@id":"https:\/\/www.walraven.com\/de\/kaelterohrtraeger\/#primaryimage"},"image":{"@id":"https:\/\/www.walraven.com\/de\/kaelterohrtraeger\/#primaryimage"},"thumbnailUrl":"https:\/\/www.walraven.com\/de\/wp-content\/uploads\/sites\/4\/2024\/04\/bisofix-mw-kaelterohrtrager-gebaeudeenergiegesetz.jpg","datePublished":"2023-04-24T06:55:03+00:00","dateModified":"2026-01-13T15:27:25+00:00","description":"Alles \u00fcber das GEG 2024 und die daraus resultierenden Anforderungen an Rohrleitungssysteme und deren Befestigung.","breadcrumb":{"@id":"https:\/\/www.walraven.com\/de\/kaelterohrtraeger\/#breadcrumb"},"inLanguage":"de","potentialAction":[{"@type":"ReadAction","target":["https:\/\/www.walraven.com\/de\/kaelterohrtraeger\/"]}]},{"@type":"ImageObject","inLanguage":"de","@id":"https:\/\/www.walraven.com\/de\/kaelterohrtraeger\/#primaryimage","url":"https:\/\/www.walraven.com\/de\/wp-content\/uploads\/sites\/4\/2024\/04\/bisofix-mw-kaelterohrtrager-gebaeudeenergiegesetz.jpg","contentUrl":"https:\/\/www.walraven.com\/de\/wp-content\/uploads\/sites\/4\/2024\/04\/bisofix-mw-kaelterohrtrager-gebaeudeenergiegesetz.jpg","width":1024,"height":546,"caption":"Installation mehrerer BISOFIX MW K\u00e4lterohrtr\u00e4ger an Rohren, welche auf einem Flachdach aufgest\u00e4ndert wurden"},{"@type":"BreadcrumbList","@id":"https:\/\/www.walraven.com\/de\/kaelterohrtraeger\/#breadcrumb","itemListElement":[{"@type":"ListItem","position":1,"name":"Startseite","item":"https:\/\/www.walraven.com\/de\/"},{"@type":"ListItem","position":2,"name":"Energieeffiziente K\u00e4lterohr&shy;befestigung im Einklang mit dem GEG"}]},{"@type":"WebSite","@id":"https:\/\/www.walraven.com\/de\/#website","url":"https:\/\/www.walraven.com\/de\/","name":"Walraven Deutschland","description":"","publisher":{"@id":"https:\/\/www.walraven.com\/de\/#organization"},"potentialAction":[{"@type":"SearchAction","target":{"@type":"EntryPoint","urlTemplate":"https:\/\/www.walraven.com\/de\/?s={search_term_string}"},"query-input":{"@type":"PropertyValueSpecification","valueRequired":true,"valueName":"search_term_string"}}],"inLanguage":"de"},{"@type":"Organization","@id":"https:\/\/www.walraven.com\/de\/#organization","name":"Walraven GmbH","alternateName":"Walraven GmbH","url":"https:\/\/www.walraven.com\/de\/","logo":{"@type":"ImageObject","inLanguage":"de","@id":"https:\/\/www.walraven.com\/de\/#\/schema\/logo\/image\/","url":"https:\/\/www.walraven.com\/de\/wp-content\/uploads\/sites\/4\/2023\/12\/Walraven_logo300x300.jpg","contentUrl":"https:\/\/www.walraven.com\/de\/wp-content\/uploads\/sites\/4\/2023\/12\/Walraven_logo300x300.jpg","width":300,"height":300,"caption":"Walraven GmbH"},"image":{"@id":"https:\/\/www.walraven.com\/de\/#\/schema\/logo\/image\/"},"sameAs":["https:\/\/www.facebook.com\/Walraven.GmbH","https:\/\/x.com\/BIS_Tech","https:\/\/www.youtube.com\/WalravenDE","https:\/\/www.linkedin.com\/company\/walraven-gmbh","https:\/\/www.instagram.com\/walraven.gmbh\/"]}]}},"_links":{"self":[{"href":"https:\/\/www.walraven.com\/de\/wp-json\/wp\/v2\/pages\/83307","targetHints":{"allow":["GET"]}}],"collection":[{"href":"https:\/\/www.walraven.com\/de\/wp-json\/wp\/v2\/pages"}],"about":[{"href":"https:\/\/www.walraven.com\/de\/wp-json\/wp\/v2\/types\/page"}],"author":[{"embeddable":true,"href":"https:\/\/www.walraven.com\/de\/wp-json\/wp\/v2\/users\/74"}],"replies":[{"embeddable":true,"href":"https:\/\/www.walraven.com\/de\/wp-json\/wp\/v2\/comments?post=83307"}],"version-history":[{"count":6,"href":"https:\/\/www.walraven.com\/de\/wp-json\/wp\/v2\/pages\/83307\/revisions"}],"predecessor-version":[{"id":234719,"href":"https:\/\/www.walraven.com\/de\/wp-json\/wp\/v2\/pages\/83307\/revisions\/234719"}],"wp:featuredmedia":[{"embeddable":true,"href":"https:\/\/www.walraven.com\/de\/wp-json\/wp\/v2\/media\/89810"}],"wp:attachment":[{"href":"https:\/\/www.walraven.com\/de\/wp-json\/wp\/v2\/media?parent=83307"}],"curies":[{"name":"wp","href":"https:\/\/api.w.org\/{rel}","templated":true}]}}