{"id":84131,"date":"2023-08-21T11:28:09","date_gmt":"2023-08-21T09:28:09","guid":{"rendered":"https:\/\/www.walraven.com\/de\/?page_id=84131"},"modified":"2024-12-19T14:31:33","modified_gmt":"2024-12-19T13:31:33","slug":"ringspaltverfuellung-bei-abschottungen","status":"publish","type":"page","link":"https:\/\/www.walraven.com\/de\/leistungen\/akademie\/webinare\/ringspaltverfuellung-bei-abschottungen\/","title":{"rendered":"Brandschutz bei Rohr&shy;durchf\u00fchrungen - Ringspalt&shy;verf\u00fcllung bei Abschottungen"},"content":{"rendered":"","protected":false},"excerpt":{"rendered":"<p>In unserem kostenlosen Live-Webinar &#8222;Ringspaltverf\u00fcllung bei Abschottungen \u2013 M\u00f6glichkeiten, Vorgehensweise, m\u00f6gliche Gefahren&#8220; gibt Ihnen unser Experte Karl-Heinz Ullrich wertvolle Praxistipps rund ums Thema Brandabschottung von Rohrdurchf\u00fchrungen in Decken und W\u00e4nden, auch bekannt als Ringraum- oder Restspaltverf\u00fcllung.<\/p>\n","protected":false},"author":74,"featured_media":84449,"parent":78959,"menu_order":0,"comment_status":"closed","ping_status":"closed","template":"page-templates\/tpl-landingspage.php","meta":{"_acf_changed":false,"footnotes":""},"class_list":["post-84131","page","type-page","status-publish","has-post-thumbnail","hentry"],"acf":[],"yoast_head":"<!-- This site is optimized with the Yoast SEO Premium plugin v27.3 (Yoast SEO v27.3) - https:\/\/yoast.com\/product\/yoast-seo-premium-wordpress\/ -->\n<title>Brandschutz bei Rohr&shy;durchf\u00fchrungen - Ringspalt&shy;verf\u00fcllung bei Abschottungen - Walraven Deutschland<\/title>\n<meta name=\"description\" content=\"Kostenloses Live-Webinar &quot;Ringspaltverf\u00fcllung bei Abschottungen \u2013 M\u00f6glichkeiten, Vorgehensweise, m\u00f6gliche Gefahren&quot; - jetzt anmelden!\" \/>\n<meta name=\"robots\" content=\"index, nofollow, max-snippet:-1, max-image-preview:large, max-video-preview:-1\" \/>\n<link rel=\"canonical\" href=\"https:\/\/www.walraven.com\/de\/leistungen\/akademie\/webinare\/ringspaltverfuellung-bei-abschottungen\/\" \/>\n<meta property=\"og:locale\" content=\"de_DE\" \/>\n<meta property=\"og:type\" content=\"article\" \/>\n<meta property=\"og:title\" content=\"Brandschutz bei Rohr&shy;durchf\u00fchrungen - Ringspalt&shy;verf\u00fcllung bei Abschottungen\" \/>\n<meta property=\"og:description\" content=\"Kostenloses Live-Webinar &quot;Ringspaltverf\u00fcllung bei Abschottungen \u2013 M\u00f6glichkeiten, Vorgehensweise, m\u00f6gliche Gefahren&quot; - jetzt anmelden!\" \/>\n<meta property=\"og:url\" content=\"https:\/\/www.walraven.com\/de\/leistungen\/akademie\/webinare\/ringspaltverfuellung-bei-abschottungen\/\" \/>\n<meta property=\"og:site_name\" content=\"Walraven Deutschland\" \/>\n<meta property=\"article:publisher\" content=\"https:\/\/www.facebook.com\/Walraven.GmbH\" \/>\n<meta property=\"article:modified_time\" content=\"2024-12-19T13:31:33+00:00\" \/>\n<meta property=\"og:image\" content=\"https:\/\/www.walraven.com\/de\/wp-content\/uploads\/sites\/4\/2023\/08\/kw36-webinar-ringspaltverfuellung-webseite-news.jpg\" \/>\n\t<meta property=\"og:image:width\" content=\"1689\" \/>\n\t<meta property=\"og:image:height\" content=\"1328\" \/>\n\t<meta property=\"og:image:type\" content=\"image\/jpeg\" \/>\n<meta name=\"twitter:card\" content=\"summary_large_image\" \/>\n<meta name=\"twitter:site\" content=\"@BIS_Tech\" \/>\n<meta name=\"twitter:label1\" content=\"Gesch\u00e4tzte Lesezeit\" \/>\n\t<meta name=\"twitter:data1\" content=\"3\u00a0Minuten\" \/>\n<script type=\"application\/ld+json\" class=\"yoast-schema-graph\">{\"@context\":\"https:\\\/\\\/schema.org\",\"@graph\":[{\"@type\":\"WebPage\",\"@id\":\"https:\\\/\\\/www.walraven.com\\\/de\\\/leistungen\\\/akademie\\\/webinare\\\/ringspaltverfuellung-bei-abschottungen\\\/\",\"url\":\"https:\\\/\\\/www.walraven.com\\\/de\\\/leistungen\\\/akademie\\\/webinare\\\/ringspaltverfuellung-bei-abschottungen\\\/\",\"name\":\"Brandschutz bei Rohr&shy;durchf\u00fchrungen - Ringspalt&shy;verf\u00fcllung bei Abschottungen - Walraven Deutschland\",\"isPartOf\":{\"@id\":\"https:\\\/\\\/www.walraven.com\\\/de\\\/#website\"},\"primaryImageOfPage\":{\"@id\":\"https:\\\/\\\/www.walraven.com\\\/de\\\/leistungen\\\/akademie\\\/webinare\\\/ringspaltverfuellung-bei-abschottungen\\\/#primaryimage\"},\"image\":{\"@id\":\"https:\\\/\\\/www.walraven.com\\\/de\\\/leistungen\\\/akademie\\\/webinare\\\/ringspaltverfuellung-bei-abschottungen\\\/#primaryimage\"},\"thumbnailUrl\":\"https:\\\/\\\/www.walraven.com\\\/de\\\/wp-content\\\/uploads\\\/sites\\\/4\\\/2023\\\/08\\\/kw36-webinar-ringspaltverfuellung-webseite-news.jpg\",\"datePublished\":\"2023-08-21T09:28:09+00:00\",\"dateModified\":\"2024-12-19T13:31:33+00:00\",\"description\":\"Kostenloses Live-Webinar \\\"Ringspaltverf\u00fcllung bei Abschottungen \u2013 M\u00f6glichkeiten, Vorgehensweise, m\u00f6gliche Gefahren\\\" - jetzt anmelden!\",\"breadcrumb\":{\"@id\":\"https:\\\/\\\/www.walraven.com\\\/de\\\/leistungen\\\/akademie\\\/webinare\\\/ringspaltverfuellung-bei-abschottungen\\\/#breadcrumb\"},\"inLanguage\":\"de\",\"potentialAction\":[{\"@type\":\"ReadAction\",\"target\":[\"https:\\\/\\\/www.walraven.com\\\/de\\\/leistungen\\\/akademie\\\/webinare\\\/ringspaltverfuellung-bei-abschottungen\\\/\"]}]},{\"@type\":\"ImageObject\",\"inLanguage\":\"de\",\"@id\":\"https:\\\/\\\/www.walraven.com\\\/de\\\/leistungen\\\/akademie\\\/webinare\\\/ringspaltverfuellung-bei-abschottungen\\\/#primaryimage\",\"url\":\"https:\\\/\\\/www.walraven.com\\\/de\\\/wp-content\\\/uploads\\\/sites\\\/4\\\/2023\\\/08\\\/kw36-webinar-ringspaltverfuellung-webseite-news.jpg\",\"contentUrl\":\"https:\\\/\\\/www.walraven.com\\\/de\\\/wp-content\\\/uploads\\\/sites\\\/4\\\/2023\\\/08\\\/kw36-webinar-ringspaltverfuellung-webseite-news.jpg\",\"width\":1689,\"height\":1328,\"caption\":\"Der Brandschutz-Experte Karl-Heinz Ullrich ist auf dem Bild zu sehen, wie er als Referent f\u00fcr das Walraven-Webinar \u201eRingspaltverf\u00fcllung bei Abschottungen \u2013 M\u00f6glichkeiten, Vorgehensweise, m\u00f6gliche Gefahren\u201c vorgestellt wird. Im Bildhintergrund ist eine Hand bei der Ringspaltverf\u00fcllung eines Rohrs in Mauerwerk zu sehen. Zudem sind Textinformationen zum Webinar eingeblendet, darunter der Titel sowie das Walraven-Logo. Das Webinar vermittelt praxisnahes Fachwissen zur Restspaltverf\u00fcllung und beinhaltet eine 45-min\u00fctige Pr\u00e4sentation mit anschlie\u00dfender 15-min\u00fctiger Fragerunde.\"},{\"@type\":\"BreadcrumbList\",\"@id\":\"https:\\\/\\\/www.walraven.com\\\/de\\\/leistungen\\\/akademie\\\/webinare\\\/ringspaltverfuellung-bei-abschottungen\\\/#breadcrumb\",\"itemListElement\":[{\"@type\":\"ListItem\",\"position\":1,\"name\":\"Startseite\",\"item\":\"https:\\\/\\\/www.walraven.com\\\/de\\\/\"},{\"@type\":\"ListItem\",\"position\":2,\"name\":\"Alle Serviceleistungen auf einen Blick\",\"item\":\"https:\\\/\\\/www.walraven.com\\\/de\\\/leistungen\\\/\"},{\"@type\":\"ListItem\",\"position\":3,\"name\":\"Walraven-Akademie\",\"item\":\"https:\\\/\\\/www.walraven.com\\\/de\\\/leistungen\\\/akademie\\\/\"},{\"@type\":\"ListItem\",\"position\":4,\"name\":\"Live Webinare der Walraven-Akademie\",\"item\":\"https:\\\/\\\/www.walraven.com\\\/de\\\/leistungen\\\/akademie\\\/webinare\\\/\"},{\"@type\":\"ListItem\",\"position\":5,\"name\":\"Brandschutz bei Rohr&shy;durchf\u00fchrungen &#8211; Ringspalt&shy;verf\u00fcllung bei Abschottungen\"}]},{\"@type\":\"WebSite\",\"@id\":\"https:\\\/\\\/www.walraven.com\\\/de\\\/#website\",\"url\":\"https:\\\/\\\/www.walraven.com\\\/de\\\/\",\"name\":\"Walraven Deutschland\",\"description\":\"\",\"publisher\":{\"@id\":\"https:\\\/\\\/www.walraven.com\\\/de\\\/#organization\"},\"potentialAction\":[{\"@type\":\"SearchAction\",\"target\":{\"@type\":\"EntryPoint\",\"urlTemplate\":\"https:\\\/\\\/www.walraven.com\\\/de\\\/?s={search_term_string}\"},\"query-input\":{\"@type\":\"PropertyValueSpecification\",\"valueRequired\":true,\"valueName\":\"search_term_string\"}}],\"inLanguage\":\"de\"},{\"@type\":\"Organization\",\"@id\":\"https:\\\/\\\/www.walraven.com\\\/de\\\/#organization\",\"name\":\"Walraven GmbH\",\"alternateName\":\"Walraven GmbH\",\"url\":\"https:\\\/\\\/www.walraven.com\\\/de\\\/\",\"logo\":{\"@type\":\"ImageObject\",\"inLanguage\":\"de\",\"@id\":\"https:\\\/\\\/www.walraven.com\\\/de\\\/#\\\/schema\\\/logo\\\/image\\\/\",\"url\":\"https:\\\/\\\/www.walraven.com\\\/de\\\/wp-content\\\/uploads\\\/sites\\\/4\\\/2023\\\/12\\\/Walraven_logo300x300.jpg\",\"contentUrl\":\"https:\\\/\\\/www.walraven.com\\\/de\\\/wp-content\\\/uploads\\\/sites\\\/4\\\/2023\\\/12\\\/Walraven_logo300x300.jpg\",\"width\":300,\"height\":300,\"caption\":\"Walraven GmbH\"},\"image\":{\"@id\":\"https:\\\/\\\/www.walraven.com\\\/de\\\/#\\\/schema\\\/logo\\\/image\\\/\"},\"sameAs\":[\"https:\\\/\\\/www.facebook.com\\\/Walraven.GmbH\",\"https:\\\/\\\/x.com\\\/BIS_Tech\",\"https:\\\/\\\/www.youtube.com\\\/WalravenDE\",\"https:\\\/\\\/www.linkedin.com\\\/company\\\/walraven-gmbh\",\"https:\\\/\\\/www.instagram.com\\\/walraven.gmbh\\\/\"]}]}<\/script>\n<!-- \/ Yoast SEO Premium plugin. -->","yoast_head_json":{"title":"Brandschutz bei Rohr&shy;durchf\u00fchrungen - Ringspalt&shy;verf\u00fcllung bei Abschottungen - Walraven Deutschland","description":"Kostenloses Live-Webinar \"Ringspaltverf\u00fcllung bei Abschottungen \u2013 M\u00f6glichkeiten, Vorgehensweise, m\u00f6gliche Gefahren\" - jetzt anmelden!","robots":{"index":"index","follow":"nofollow","max-snippet":"max-snippet:-1","max-image-preview":"max-image-preview:large","max-video-preview":"max-video-preview:-1"},"canonical":"https:\/\/www.walraven.com\/de\/leistungen\/akademie\/webinare\/ringspaltverfuellung-bei-abschottungen\/","og_locale":"de_DE","og_type":"article","og_title":"Brandschutz bei Rohr&shy;durchf\u00fchrungen - Ringspalt&shy;verf\u00fcllung bei Abschottungen","og_description":"Kostenloses Live-Webinar \"Ringspaltverf\u00fcllung bei Abschottungen \u2013 M\u00f6glichkeiten, Vorgehensweise, m\u00f6gliche Gefahren\" - jetzt anmelden!","og_url":"https:\/\/www.walraven.com\/de\/leistungen\/akademie\/webinare\/ringspaltverfuellung-bei-abschottungen\/","og_site_name":"Walraven Deutschland","article_publisher":"https:\/\/www.facebook.com\/Walraven.GmbH","article_modified_time":"2024-12-19T13:31:33+00:00","og_image":[{"width":1689,"height":1328,"url":"https:\/\/www.walraven.com\/de\/wp-content\/uploads\/sites\/4\/2023\/08\/kw36-webinar-ringspaltverfuellung-webseite-news.jpg","type":"image\/jpeg"}],"twitter_card":"summary_large_image","twitter_site":"@BIS_Tech","twitter_misc":{"Gesch\u00e4tzte Lesezeit":"3\u00a0Minuten"},"schema":{"@context":"https:\/\/schema.org","@graph":[{"@type":"WebPage","@id":"https:\/\/www.walraven.com\/de\/leistungen\/akademie\/webinare\/ringspaltverfuellung-bei-abschottungen\/","url":"https:\/\/www.walraven.com\/de\/leistungen\/akademie\/webinare\/ringspaltverfuellung-bei-abschottungen\/","name":"Brandschutz bei Rohr&shy;durchf\u00fchrungen - Ringspalt&shy;verf\u00fcllung bei Abschottungen - Walraven Deutschland","isPartOf":{"@id":"https:\/\/www.walraven.com\/de\/#website"},"primaryImageOfPage":{"@id":"https:\/\/www.walraven.com\/de\/leistungen\/akademie\/webinare\/ringspaltverfuellung-bei-abschottungen\/#primaryimage"},"image":{"@id":"https:\/\/www.walraven.com\/de\/leistungen\/akademie\/webinare\/ringspaltverfuellung-bei-abschottungen\/#primaryimage"},"thumbnailUrl":"https:\/\/www.walraven.com\/de\/wp-content\/uploads\/sites\/4\/2023\/08\/kw36-webinar-ringspaltverfuellung-webseite-news.jpg","datePublished":"2023-08-21T09:28:09+00:00","dateModified":"2024-12-19T13:31:33+00:00","description":"Kostenloses Live-Webinar \"Ringspaltverf\u00fcllung bei Abschottungen \u2013 M\u00f6glichkeiten, Vorgehensweise, m\u00f6gliche Gefahren\" - jetzt anmelden!","breadcrumb":{"@id":"https:\/\/www.walraven.com\/de\/leistungen\/akademie\/webinare\/ringspaltverfuellung-bei-abschottungen\/#breadcrumb"},"inLanguage":"de","potentialAction":[{"@type":"ReadAction","target":["https:\/\/www.walraven.com\/de\/leistungen\/akademie\/webinare\/ringspaltverfuellung-bei-abschottungen\/"]}]},{"@type":"ImageObject","inLanguage":"de","@id":"https:\/\/www.walraven.com\/de\/leistungen\/akademie\/webinare\/ringspaltverfuellung-bei-abschottungen\/#primaryimage","url":"https:\/\/www.walraven.com\/de\/wp-content\/uploads\/sites\/4\/2023\/08\/kw36-webinar-ringspaltverfuellung-webseite-news.jpg","contentUrl":"https:\/\/www.walraven.com\/de\/wp-content\/uploads\/sites\/4\/2023\/08\/kw36-webinar-ringspaltverfuellung-webseite-news.jpg","width":1689,"height":1328,"caption":"Der Brandschutz-Experte Karl-Heinz Ullrich ist auf dem Bild zu sehen, wie er als Referent f\u00fcr das Walraven-Webinar \u201eRingspaltverf\u00fcllung bei Abschottungen \u2013 M\u00f6glichkeiten, Vorgehensweise, m\u00f6gliche Gefahren\u201c vorgestellt wird. Im Bildhintergrund ist eine Hand bei der Ringspaltverf\u00fcllung eines Rohrs in Mauerwerk zu sehen. Zudem sind Textinformationen zum Webinar eingeblendet, darunter der Titel sowie das Walraven-Logo. Das Webinar vermittelt praxisnahes Fachwissen zur Restspaltverf\u00fcllung und beinhaltet eine 45-min\u00fctige Pr\u00e4sentation mit anschlie\u00dfender 15-min\u00fctiger Fragerunde."},{"@type":"BreadcrumbList","@id":"https:\/\/www.walraven.com\/de\/leistungen\/akademie\/webinare\/ringspaltverfuellung-bei-abschottungen\/#breadcrumb","itemListElement":[{"@type":"ListItem","position":1,"name":"Startseite","item":"https:\/\/www.walraven.com\/de\/"},{"@type":"ListItem","position":2,"name":"Alle Serviceleistungen auf einen Blick","item":"https:\/\/www.walraven.com\/de\/leistungen\/"},{"@type":"ListItem","position":3,"name":"Walraven-Akademie","item":"https:\/\/www.walraven.com\/de\/leistungen\/akademie\/"},{"@type":"ListItem","position":4,"name":"Live Webinare der Walraven-Akademie","item":"https:\/\/www.walraven.com\/de\/leistungen\/akademie\/webinare\/"},{"@type":"ListItem","position":5,"name":"Brandschutz bei Rohr&shy;durchf\u00fchrungen &#8211; Ringspalt&shy;verf\u00fcllung bei Abschottungen"}]},{"@type":"WebSite","@id":"https:\/\/www.walraven.com\/de\/#website","url":"https:\/\/www.walraven.com\/de\/","name":"Walraven Deutschland","description":"","publisher":{"@id":"https:\/\/www.walraven.com\/de\/#organization"},"potentialAction":[{"@type":"SearchAction","target":{"@type":"EntryPoint","urlTemplate":"https:\/\/www.walraven.com\/de\/?s={search_term_string}"},"query-input":{"@type":"PropertyValueSpecification","valueRequired":true,"valueName":"search_term_string"}}],"inLanguage":"de"},{"@type":"Organization","@id":"https:\/\/www.walraven.com\/de\/#organization","name":"Walraven GmbH","alternateName":"Walraven GmbH","url":"https:\/\/www.walraven.com\/de\/","logo":{"@type":"ImageObject","inLanguage":"de","@id":"https:\/\/www.walraven.com\/de\/#\/schema\/logo\/image\/","url":"https:\/\/www.walraven.com\/de\/wp-content\/uploads\/sites\/4\/2023\/12\/Walraven_logo300x300.jpg","contentUrl":"https:\/\/www.walraven.com\/de\/wp-content\/uploads\/sites\/4\/2023\/12\/Walraven_logo300x300.jpg","width":300,"height":300,"caption":"Walraven GmbH"},"image":{"@id":"https:\/\/www.walraven.com\/de\/#\/schema\/logo\/image\/"},"sameAs":["https:\/\/www.facebook.com\/Walraven.GmbH","https:\/\/x.com\/BIS_Tech","https:\/\/www.youtube.com\/WalravenDE","https:\/\/www.linkedin.com\/company\/walraven-gmbh","https:\/\/www.instagram.com\/walraven.gmbh\/"]}]}},"_links":{"self":[{"href":"https:\/\/www.walraven.com\/de\/wp-json\/wp\/v2\/pages\/84131","targetHints":{"allow":["GET"]}}],"collection":[{"href":"https:\/\/www.walraven.com\/de\/wp-json\/wp\/v2\/pages"}],"about":[{"href":"https:\/\/www.walraven.com\/de\/wp-json\/wp\/v2\/types\/page"}],"author":[{"embeddable":true,"href":"https:\/\/www.walraven.com\/de\/wp-json\/wp\/v2\/users\/74"}],"replies":[{"embeddable":true,"href":"https:\/\/www.walraven.com\/de\/wp-json\/wp\/v2\/comments?post=84131"}],"version-history":[{"count":6,"href":"https:\/\/www.walraven.com\/de\/wp-json\/wp\/v2\/pages\/84131\/revisions"}],"predecessor-version":[{"id":93025,"href":"https:\/\/www.walraven.com\/de\/wp-json\/wp\/v2\/pages\/84131\/revisions\/93025"}],"up":[{"embeddable":true,"href":"https:\/\/www.walraven.com\/de\/wp-json\/wp\/v2\/pages\/78959"}],"wp:featuredmedia":[{"embeddable":true,"href":"https:\/\/www.walraven.com\/de\/wp-json\/wp\/v2\/media\/84449"}],"wp:attachment":[{"href":"https:\/\/www.walraven.com\/de\/wp-json\/wp\/v2\/media?parent=84131"}],"curies":[{"name":"wp","href":"https:\/\/api.w.org\/{rel}","templated":true}]}}