{"id":84149,"date":"2023-08-17T16:20:25","date_gmt":"2023-08-17T14:20:25","guid":{"rendered":"https:\/\/www.walraven.com\/int\/?page_id=58937"},"modified":"2026-01-28T15:11:52","modified_gmt":"2026-01-28T14:11:52","slug":"walraven-rapidstrut","status":"publish","type":"page","link":"https:\/\/www.walraven.com\/de\/befestigungssysteme\/walraven-rapidstrut\/","title":{"rendered":"Montage&shy;schienen&shy;system Walraven RapidStrut\u00ae f\u00fcr mittel&shy;schwere Anwendungen"},"content":{"rendered":"","protected":false},"excerpt":{"rendered":"<p>&#8211;<br \/>\nSteigern Sie Ihre Montageeffizienz<\/p>\n<p>Walraven RapidStrut\u00ae ist ein vielseitiges und komplettes Montageschienensystem f\u00fcr mittelschwere bis schwere Installationen im Innen- &amp; Au\u00dfenbereich. Erh\u00e4ltlich sind unter anderem Montageschienen, Konsolen und Verbinder. Durch seine umfangreiche Auswahl an vormontierten Zubeh\u00f6rteilen wird eine zeitsparende Installation erm\u00f6glicht.<\/p>\n","protected":false},"author":62,"featured_media":84166,"parent":73514,"menu_order":0,"comment_status":"closed","ping_status":"closed","template":"page-templates\/tpl-landingspage.php","meta":{"_acf_changed":false,"footnotes":""},"class_list":["post-84149","page","type-page","status-publish","has-post-thumbnail","hentry"],"acf":[],"yoast_head":"<!-- This site is optimized with the Yoast SEO Premium plugin v27.3 (Yoast SEO v27.3) - https:\/\/yoast.com\/product\/yoast-seo-premium-wordpress\/ -->\n<title>Montageschienensystem f\u00fcr mittelschwere Anwendungen<\/title>\n<meta name=\"description\" content=\"Steigern Sie die Effizienz Ihrer Installation mit Walraven RapidStrut\u00ae, dem Montageschienensystem f\u00fcr den Einsatz im Innen- &amp; Au\u00dfenbereich.\" \/>\n<meta name=\"robots\" content=\"index, follow, max-snippet:-1, max-image-preview:large, max-video-preview:-1\" \/>\n<link rel=\"canonical\" href=\"https:\/\/www.walraven.com\/de\/befestigungssysteme\/walraven-rapidstrut\/\" \/>\n<meta property=\"og:locale\" content=\"de_DE\" \/>\n<meta property=\"og:type\" content=\"article\" \/>\n<meta property=\"og:title\" content=\"Montage&shy;schienen&shy;system Walraven RapidStrut\u00ae f\u00fcr mittel&shy;schwere Anwendungen\" \/>\n<meta property=\"og:description\" content=\"Steigern Sie die Effizienz Ihrer Installation mit Walraven RapidStrut\u00ae, dem Montageschienensystem f\u00fcr den Einsatz im Innen- &amp; Au\u00dfenbereich.\" \/>\n<meta property=\"og:url\" content=\"https:\/\/www.walraven.com\/de\/befestigungssysteme\/walraven-rapidstrut\/\" \/>\n<meta property=\"og:site_name\" content=\"Walraven Deutschland\" \/>\n<meta property=\"article:publisher\" content=\"https:\/\/www.facebook.com\/Walraven.GmbH\" \/>\n<meta property=\"article:modified_time\" content=\"2026-01-28T14:11:52+00:00\" \/>\n<meta property=\"og:image\" content=\"https:\/\/www.walraven.com\/de\/wp-content\/uploads\/sites\/4\/2023\/08\/RapidStrut_Main_630x445px_2.jpg\" \/>\n\t<meta property=\"og:image:width\" content=\"840\" \/>\n\t<meta property=\"og:image:height\" content=\"593\" \/>\n\t<meta property=\"og:image:type\" content=\"image\/jpeg\" \/>\n<meta name=\"twitter:card\" content=\"summary_large_image\" \/>\n<meta name=\"twitter:site\" content=\"@BIS_Tech\" \/>\n<meta name=\"twitter:label1\" content=\"Gesch\u00e4tzte Lesezeit\" \/>\n\t<meta name=\"twitter:data1\" content=\"3\u00a0Minuten\" \/>\n<script type=\"application\/ld+json\" class=\"yoast-schema-graph\">{\"@context\":\"https:\\\/\\\/schema.org\",\"@graph\":[{\"@type\":\"WebPage\",\"@id\":\"https:\\\/\\\/www.walraven.com\\\/de\\\/befestigungssysteme\\\/walraven-rapidstrut\\\/\",\"url\":\"https:\\\/\\\/www.walraven.com\\\/de\\\/befestigungssysteme\\\/walraven-rapidstrut\\\/\",\"name\":\"Montageschienensystem f\u00fcr mittelschwere Anwendungen\",\"isPartOf\":{\"@id\":\"https:\\\/\\\/www.walraven.com\\\/de\\\/#website\"},\"primaryImageOfPage\":{\"@id\":\"https:\\\/\\\/www.walraven.com\\\/de\\\/befestigungssysteme\\\/walraven-rapidstrut\\\/#primaryimage\"},\"image\":{\"@id\":\"https:\\\/\\\/www.walraven.com\\\/de\\\/befestigungssysteme\\\/walraven-rapidstrut\\\/#primaryimage\"},\"thumbnailUrl\":\"https:\\\/\\\/www.walraven.com\\\/de\\\/wp-content\\\/uploads\\\/sites\\\/4\\\/2023\\\/08\\\/RapidStrut_Main_630x445px_2.jpg\",\"datePublished\":\"2023-08-17T14:20:25+00:00\",\"dateModified\":\"2026-01-28T14:11:52+00:00\",\"description\":\"Steigern Sie die Effizienz Ihrer Installation mit Walraven RapidStrut\u00ae, dem Montageschienensystem f\u00fcr den Einsatz im Innen- & Au\u00dfenbereich.\",\"breadcrumb\":{\"@id\":\"https:\\\/\\\/www.walraven.com\\\/de\\\/befestigungssysteme\\\/walraven-rapidstrut\\\/#breadcrumb\"},\"inLanguage\":\"de\",\"potentialAction\":[{\"@type\":\"ReadAction\",\"target\":[\"https:\\\/\\\/www.walraven.com\\\/de\\\/befestigungssysteme\\\/walraven-rapidstrut\\\/\"]}]},{\"@type\":\"ImageObject\",\"inLanguage\":\"de\",\"@id\":\"https:\\\/\\\/www.walraven.com\\\/de\\\/befestigungssysteme\\\/walraven-rapidstrut\\\/#primaryimage\",\"url\":\"https:\\\/\\\/www.walraven.com\\\/de\\\/wp-content\\\/uploads\\\/sites\\\/4\\\/2023\\\/08\\\/RapidStrut_Main_630x445px_2.jpg\",\"contentUrl\":\"https:\\\/\\\/www.walraven.com\\\/de\\\/wp-content\\\/uploads\\\/sites\\\/4\\\/2023\\\/08\\\/RapidStrut_Main_630x445px_2.jpg\",\"width\":840,\"height\":593},{\"@type\":\"BreadcrumbList\",\"@id\":\"https:\\\/\\\/www.walraven.com\\\/de\\\/befestigungssysteme\\\/walraven-rapidstrut\\\/#breadcrumb\",\"itemListElement\":[{\"@type\":\"ListItem\",\"position\":1,\"name\":\"Startseite\",\"item\":\"https:\\\/\\\/www.walraven.com\\\/de\\\/\"},{\"@type\":\"ListItem\",\"position\":2,\"name\":\"Befestigungs\u00adsysteme\",\"item\":\"https:\\\/\\\/www.walraven.com\\\/de\\\/befestigungssysteme\\\/\"},{\"@type\":\"ListItem\",\"position\":3,\"name\":\"Montage&shy;schienen&shy;system Walraven RapidStrut\u00ae f\u00fcr mittel&shy;schwere Anwendungen\"}]},{\"@type\":\"WebSite\",\"@id\":\"https:\\\/\\\/www.walraven.com\\\/de\\\/#website\",\"url\":\"https:\\\/\\\/www.walraven.com\\\/de\\\/\",\"name\":\"Walraven Deutschland\",\"description\":\"\",\"publisher\":{\"@id\":\"https:\\\/\\\/www.walraven.com\\\/de\\\/#organization\"},\"potentialAction\":[{\"@type\":\"SearchAction\",\"target\":{\"@type\":\"EntryPoint\",\"urlTemplate\":\"https:\\\/\\\/www.walraven.com\\\/de\\\/?s={search_term_string}\"},\"query-input\":{\"@type\":\"PropertyValueSpecification\",\"valueRequired\":true,\"valueName\":\"search_term_string\"}}],\"inLanguage\":\"de\"},{\"@type\":\"Organization\",\"@id\":\"https:\\\/\\\/www.walraven.com\\\/de\\\/#organization\",\"name\":\"Walraven GmbH\",\"alternateName\":\"Walraven GmbH\",\"url\":\"https:\\\/\\\/www.walraven.com\\\/de\\\/\",\"logo\":{\"@type\":\"ImageObject\",\"inLanguage\":\"de\",\"@id\":\"https:\\\/\\\/www.walraven.com\\\/de\\\/#\\\/schema\\\/logo\\\/image\\\/\",\"url\":\"https:\\\/\\\/www.walraven.com\\\/de\\\/wp-content\\\/uploads\\\/sites\\\/4\\\/2023\\\/12\\\/Walraven_logo300x300.jpg\",\"contentUrl\":\"https:\\\/\\\/www.walraven.com\\\/de\\\/wp-content\\\/uploads\\\/sites\\\/4\\\/2023\\\/12\\\/Walraven_logo300x300.jpg\",\"width\":300,\"height\":300,\"caption\":\"Walraven GmbH\"},\"image\":{\"@id\":\"https:\\\/\\\/www.walraven.com\\\/de\\\/#\\\/schema\\\/logo\\\/image\\\/\"},\"sameAs\":[\"https:\\\/\\\/www.facebook.com\\\/Walraven.GmbH\",\"https:\\\/\\\/x.com\\\/BIS_Tech\",\"https:\\\/\\\/www.youtube.com\\\/WalravenDE\",\"https:\\\/\\\/www.linkedin.com\\\/company\\\/walraven-gmbh\",\"https:\\\/\\\/www.instagram.com\\\/walraven.gmbh\\\/\"]}]}<\/script>\n<!-- \/ Yoast SEO Premium plugin. -->","yoast_head_json":{"title":"Montageschienensystem f\u00fcr mittelschwere Anwendungen","description":"Steigern Sie die Effizienz Ihrer Installation mit Walraven RapidStrut\u00ae, dem Montageschienensystem f\u00fcr den Einsatz im Innen- & Au\u00dfenbereich.","robots":{"index":"index","follow":"follow","max-snippet":"max-snippet:-1","max-image-preview":"max-image-preview:large","max-video-preview":"max-video-preview:-1"},"canonical":"https:\/\/www.walraven.com\/de\/befestigungssysteme\/walraven-rapidstrut\/","og_locale":"de_DE","og_type":"article","og_title":"Montage&shy;schienen&shy;system Walraven RapidStrut\u00ae f\u00fcr mittel&shy;schwere Anwendungen","og_description":"Steigern Sie die Effizienz Ihrer Installation mit Walraven RapidStrut\u00ae, dem Montageschienensystem f\u00fcr den Einsatz im Innen- & Au\u00dfenbereich.","og_url":"https:\/\/www.walraven.com\/de\/befestigungssysteme\/walraven-rapidstrut\/","og_site_name":"Walraven Deutschland","article_publisher":"https:\/\/www.facebook.com\/Walraven.GmbH","article_modified_time":"2026-01-28T14:11:52+00:00","og_image":[{"width":840,"height":593,"url":"https:\/\/www.walraven.com\/de\/wp-content\/uploads\/sites\/4\/2023\/08\/RapidStrut_Main_630x445px_2.jpg","type":"image\/jpeg"}],"twitter_card":"summary_large_image","twitter_site":"@BIS_Tech","twitter_misc":{"Gesch\u00e4tzte Lesezeit":"3\u00a0Minuten"},"schema":{"@context":"https:\/\/schema.org","@graph":[{"@type":"WebPage","@id":"https:\/\/www.walraven.com\/de\/befestigungssysteme\/walraven-rapidstrut\/","url":"https:\/\/www.walraven.com\/de\/befestigungssysteme\/walraven-rapidstrut\/","name":"Montageschienensystem f\u00fcr mittelschwere Anwendungen","isPartOf":{"@id":"https:\/\/www.walraven.com\/de\/#website"},"primaryImageOfPage":{"@id":"https:\/\/www.walraven.com\/de\/befestigungssysteme\/walraven-rapidstrut\/#primaryimage"},"image":{"@id":"https:\/\/www.walraven.com\/de\/befestigungssysteme\/walraven-rapidstrut\/#primaryimage"},"thumbnailUrl":"https:\/\/www.walraven.com\/de\/wp-content\/uploads\/sites\/4\/2023\/08\/RapidStrut_Main_630x445px_2.jpg","datePublished":"2023-08-17T14:20:25+00:00","dateModified":"2026-01-28T14:11:52+00:00","description":"Steigern Sie die Effizienz Ihrer Installation mit Walraven RapidStrut\u00ae, dem Montageschienensystem f\u00fcr den Einsatz im Innen- & Au\u00dfenbereich.","breadcrumb":{"@id":"https:\/\/www.walraven.com\/de\/befestigungssysteme\/walraven-rapidstrut\/#breadcrumb"},"inLanguage":"de","potentialAction":[{"@type":"ReadAction","target":["https:\/\/www.walraven.com\/de\/befestigungssysteme\/walraven-rapidstrut\/"]}]},{"@type":"ImageObject","inLanguage":"de","@id":"https:\/\/www.walraven.com\/de\/befestigungssysteme\/walraven-rapidstrut\/#primaryimage","url":"https:\/\/www.walraven.com\/de\/wp-content\/uploads\/sites\/4\/2023\/08\/RapidStrut_Main_630x445px_2.jpg","contentUrl":"https:\/\/www.walraven.com\/de\/wp-content\/uploads\/sites\/4\/2023\/08\/RapidStrut_Main_630x445px_2.jpg","width":840,"height":593},{"@type":"BreadcrumbList","@id":"https:\/\/www.walraven.com\/de\/befestigungssysteme\/walraven-rapidstrut\/#breadcrumb","itemListElement":[{"@type":"ListItem","position":1,"name":"Startseite","item":"https:\/\/www.walraven.com\/de\/"},{"@type":"ListItem","position":2,"name":"Befestigungs\u00adsysteme","item":"https:\/\/www.walraven.com\/de\/befestigungssysteme\/"},{"@type":"ListItem","position":3,"name":"Montage&shy;schienen&shy;system Walraven RapidStrut\u00ae f\u00fcr mittel&shy;schwere Anwendungen"}]},{"@type":"WebSite","@id":"https:\/\/www.walraven.com\/de\/#website","url":"https:\/\/www.walraven.com\/de\/","name":"Walraven Deutschland","description":"","publisher":{"@id":"https:\/\/www.walraven.com\/de\/#organization"},"potentialAction":[{"@type":"SearchAction","target":{"@type":"EntryPoint","urlTemplate":"https:\/\/www.walraven.com\/de\/?s={search_term_string}"},"query-input":{"@type":"PropertyValueSpecification","valueRequired":true,"valueName":"search_term_string"}}],"inLanguage":"de"},{"@type":"Organization","@id":"https:\/\/www.walraven.com\/de\/#organization","name":"Walraven GmbH","alternateName":"Walraven GmbH","url":"https:\/\/www.walraven.com\/de\/","logo":{"@type":"ImageObject","inLanguage":"de","@id":"https:\/\/www.walraven.com\/de\/#\/schema\/logo\/image\/","url":"https:\/\/www.walraven.com\/de\/wp-content\/uploads\/sites\/4\/2023\/12\/Walraven_logo300x300.jpg","contentUrl":"https:\/\/www.walraven.com\/de\/wp-content\/uploads\/sites\/4\/2023\/12\/Walraven_logo300x300.jpg","width":300,"height":300,"caption":"Walraven GmbH"},"image":{"@id":"https:\/\/www.walraven.com\/de\/#\/schema\/logo\/image\/"},"sameAs":["https:\/\/www.facebook.com\/Walraven.GmbH","https:\/\/x.com\/BIS_Tech","https:\/\/www.youtube.com\/WalravenDE","https:\/\/www.linkedin.com\/company\/walraven-gmbh","https:\/\/www.instagram.com\/walraven.gmbh\/"]}]}},"_links":{"self":[{"href":"https:\/\/www.walraven.com\/de\/wp-json\/wp\/v2\/pages\/84149","targetHints":{"allow":["GET"]}}],"collection":[{"href":"https:\/\/www.walraven.com\/de\/wp-json\/wp\/v2\/pages"}],"about":[{"href":"https:\/\/www.walraven.com\/de\/wp-json\/wp\/v2\/types\/page"}],"author":[{"embeddable":true,"href":"https:\/\/www.walraven.com\/de\/wp-json\/wp\/v2\/users\/62"}],"replies":[{"embeddable":true,"href":"https:\/\/www.walraven.com\/de\/wp-json\/wp\/v2\/comments?post=84149"}],"version-history":[{"count":5,"href":"https:\/\/www.walraven.com\/de\/wp-json\/wp\/v2\/pages\/84149\/revisions"}],"predecessor-version":[{"id":244630,"href":"https:\/\/www.walraven.com\/de\/wp-json\/wp\/v2\/pages\/84149\/revisions\/244630"}],"up":[{"embeddable":true,"href":"https:\/\/www.walraven.com\/de\/wp-json\/wp\/v2\/pages\/73514"}],"wp:featuredmedia":[{"embeddable":true,"href":"https:\/\/www.walraven.com\/de\/wp-json\/wp\/v2\/media\/84166"}],"wp:attachment":[{"href":"https:\/\/www.walraven.com\/de\/wp-json\/wp\/v2\/media?parent=84149"}],"curies":[{"name":"wp","href":"https:\/\/api.w.org\/{rel}","templated":true}]}}