{"id":84237,"date":"2023-08-21T14:20:45","date_gmt":"2023-08-21T12:20:45","guid":{"rendered":"https:\/\/www.walraven.com\/de\/?page_id=84237"},"modified":"2024-12-19T14:28:18","modified_gmt":"2024-12-19T13:28:18","slug":"brandgepruefte-befestigung-klassifizierter-unterdecken","status":"publish","type":"page","link":"https:\/\/www.walraven.com\/de\/leistungen\/akademie\/webinare\/brandgepruefte-befestigung-klassifizierter-unterdecken\/","title":{"rendered":"Brandgepr\u00fcfte Befestigungs&shy;technik oberhalb klassifizierter Unterdecken"},"content":{"rendered":"","protected":false},"excerpt":{"rendered":"<p>In unserem kostenlosen Live-Webinar &#8222;Brandgepr\u00fcfte Befestigung oberhalb klassifizierter Unterdecke&#8220; gibt Ihnen unser Experte Tobias Weber wertvolle Praxistipps rund um die Brandschutz-Anforderungen in Flucht- und Rettungswegen. Zudem zeigt er Ihnen vollst\u00e4ndige Systeml\u00f6sungen und bringt Ihnen erforderliche Berechnungen n\u00e4her.<\/p>\n","protected":false},"author":74,"featured_media":84284,"parent":78959,"menu_order":0,"comment_status":"closed","ping_status":"closed","template":"page-templates\/tpl-landingspage.php","meta":{"_acf_changed":false,"footnotes":""},"class_list":["post-84237","page","type-page","status-publish","has-post-thumbnail","hentry"],"acf":[],"yoast_head":"<!-- This site is optimized with the Yoast SEO Premium plugin v27.3 (Yoast SEO v27.3) - https:\/\/yoast.com\/product\/yoast-seo-premium-wordpress\/ -->\n<title>Brandgepr\u00fcfte Befestigungs&shy;technik oberhalb klassifizierter Unterdecken - Walraven Deutschland<\/title>\n<meta name=\"description\" content=\"Kostenloses Live-Webinar &quot;Brandgepr\u00fcfte Befestigung oberhalb klassifizierter Unterdecken&quot; - jetzt anmelden!\" \/>\n<meta name=\"robots\" content=\"index, nofollow, max-snippet:-1, max-image-preview:large, max-video-preview:-1\" \/>\n<link rel=\"canonical\" href=\"https:\/\/www.walraven.com\/de\/leistungen\/akademie\/webinare\/brandgepruefte-befestigung-klassifizierter-unterdecken\/\" \/>\n<meta property=\"og:locale\" content=\"de_DE\" \/>\n<meta property=\"og:type\" content=\"article\" \/>\n<meta property=\"og:title\" content=\"Brandgepr\u00fcfte Befestigungs&shy;technik oberhalb klassifizierter Unterdecken\" \/>\n<meta property=\"og:description\" content=\"Kostenloses Live-Webinar &quot;Brandgepr\u00fcfte Befestigung oberhalb klassifizierter Unterdecken&quot; - jetzt anmelden!\" \/>\n<meta property=\"og:url\" content=\"https:\/\/www.walraven.com\/de\/leistungen\/akademie\/webinare\/brandgepruefte-befestigung-klassifizierter-unterdecken\/\" \/>\n<meta property=\"og:site_name\" content=\"Walraven Deutschland\" \/>\n<meta property=\"article:publisher\" content=\"https:\/\/www.facebook.com\/Walraven.GmbH\" \/>\n<meta property=\"article:modified_time\" content=\"2024-12-19T13:28:18+00:00\" \/>\n<meta property=\"og:image\" content=\"https:\/\/www.walraven.com\/de\/wp-content\/uploads\/sites\/4\/2023\/08\/Flurbild_11_09_2013_mit_Rettungszeichen-Tobias-Weber-Google-Ads-square-scaled.jpg\" \/>\n\t<meta property=\"og:image:width\" content=\"2560\" \/>\n\t<meta property=\"og:image:height\" content=\"2560\" \/>\n\t<meta property=\"og:image:type\" content=\"image\/jpeg\" \/>\n<meta name=\"twitter:card\" content=\"summary_large_image\" \/>\n<meta name=\"twitter:site\" content=\"@BIS_Tech\" \/>\n<meta name=\"twitter:label1\" content=\"Gesch\u00e4tzte Lesezeit\" \/>\n\t<meta name=\"twitter:data1\" content=\"3\u00a0Minuten\" \/>\n<script type=\"application\/ld+json\" class=\"yoast-schema-graph\">{\"@context\":\"https:\\\/\\\/schema.org\",\"@graph\":[{\"@type\":\"WebPage\",\"@id\":\"https:\\\/\\\/www.walraven.com\\\/de\\\/leistungen\\\/akademie\\\/webinare\\\/brandgepruefte-befestigung-klassifizierter-unterdecken\\\/\",\"url\":\"https:\\\/\\\/www.walraven.com\\\/de\\\/leistungen\\\/akademie\\\/webinare\\\/brandgepruefte-befestigung-klassifizierter-unterdecken\\\/\",\"name\":\"Brandgepr\u00fcfte Befestigungs&shy;technik oberhalb klassifizierter Unterdecken - Walraven Deutschland\",\"isPartOf\":{\"@id\":\"https:\\\/\\\/www.walraven.com\\\/de\\\/#website\"},\"primaryImageOfPage\":{\"@id\":\"https:\\\/\\\/www.walraven.com\\\/de\\\/leistungen\\\/akademie\\\/webinare\\\/brandgepruefte-befestigung-klassifizierter-unterdecken\\\/#primaryimage\"},\"image\":{\"@id\":\"https:\\\/\\\/www.walraven.com\\\/de\\\/leistungen\\\/akademie\\\/webinare\\\/brandgepruefte-befestigung-klassifizierter-unterdecken\\\/#primaryimage\"},\"thumbnailUrl\":\"https:\\\/\\\/www.walraven.com\\\/de\\\/wp-content\\\/uploads\\\/sites\\\/4\\\/2023\\\/08\\\/Flurbild_11_09_2013_mit_Rettungszeichen-Tobias-Weber-Google-Ads-square-scaled.jpg\",\"datePublished\":\"2023-08-21T12:20:45+00:00\",\"dateModified\":\"2024-12-19T13:28:18+00:00\",\"description\":\"Kostenloses Live-Webinar \\\"Brandgepr\u00fcfte Befestigung oberhalb klassifizierter Unterdecken\\\" - jetzt anmelden!\",\"breadcrumb\":{\"@id\":\"https:\\\/\\\/www.walraven.com\\\/de\\\/leistungen\\\/akademie\\\/webinare\\\/brandgepruefte-befestigung-klassifizierter-unterdecken\\\/#breadcrumb\"},\"inLanguage\":\"de\",\"potentialAction\":[{\"@type\":\"ReadAction\",\"target\":[\"https:\\\/\\\/www.walraven.com\\\/de\\\/leistungen\\\/akademie\\\/webinare\\\/brandgepruefte-befestigung-klassifizierter-unterdecken\\\/\"]}]},{\"@type\":\"ImageObject\",\"inLanguage\":\"de\",\"@id\":\"https:\\\/\\\/www.walraven.com\\\/de\\\/leistungen\\\/akademie\\\/webinare\\\/brandgepruefte-befestigung-klassifizierter-unterdecken\\\/#primaryimage\",\"url\":\"https:\\\/\\\/www.walraven.com\\\/de\\\/wp-content\\\/uploads\\\/sites\\\/4\\\/2023\\\/08\\\/Flurbild_11_09_2013_mit_Rettungszeichen-Tobias-Weber-Google-Ads-square-scaled.jpg\",\"contentUrl\":\"https:\\\/\\\/www.walraven.com\\\/de\\\/wp-content\\\/uploads\\\/sites\\\/4\\\/2023\\\/08\\\/Flurbild_11_09_2013_mit_Rettungszeichen-Tobias-Weber-Google-Ads-square-scaled.jpg\",\"width\":2560,\"height\":2560},{\"@type\":\"BreadcrumbList\",\"@id\":\"https:\\\/\\\/www.walraven.com\\\/de\\\/leistungen\\\/akademie\\\/webinare\\\/brandgepruefte-befestigung-klassifizierter-unterdecken\\\/#breadcrumb\",\"itemListElement\":[{\"@type\":\"ListItem\",\"position\":1,\"name\":\"Startseite\",\"item\":\"https:\\\/\\\/www.walraven.com\\\/de\\\/\"},{\"@type\":\"ListItem\",\"position\":2,\"name\":\"Alle Serviceleistungen auf einen Blick\",\"item\":\"https:\\\/\\\/www.walraven.com\\\/de\\\/leistungen\\\/\"},{\"@type\":\"ListItem\",\"position\":3,\"name\":\"Walraven-Akademie\",\"item\":\"https:\\\/\\\/www.walraven.com\\\/de\\\/leistungen\\\/akademie\\\/\"},{\"@type\":\"ListItem\",\"position\":4,\"name\":\"Live Webinare der Walraven-Akademie\",\"item\":\"https:\\\/\\\/www.walraven.com\\\/de\\\/leistungen\\\/akademie\\\/webinare\\\/\"},{\"@type\":\"ListItem\",\"position\":5,\"name\":\"Brandgepr\u00fcfte Befestigungs&shy;technik oberhalb klassifizierter Unterdecken\"}]},{\"@type\":\"WebSite\",\"@id\":\"https:\\\/\\\/www.walraven.com\\\/de\\\/#website\",\"url\":\"https:\\\/\\\/www.walraven.com\\\/de\\\/\",\"name\":\"Walraven Deutschland\",\"description\":\"\",\"publisher\":{\"@id\":\"https:\\\/\\\/www.walraven.com\\\/de\\\/#organization\"},\"potentialAction\":[{\"@type\":\"SearchAction\",\"target\":{\"@type\":\"EntryPoint\",\"urlTemplate\":\"https:\\\/\\\/www.walraven.com\\\/de\\\/?s={search_term_string}\"},\"query-input\":{\"@type\":\"PropertyValueSpecification\",\"valueRequired\":true,\"valueName\":\"search_term_string\"}}],\"inLanguage\":\"de\"},{\"@type\":\"Organization\",\"@id\":\"https:\\\/\\\/www.walraven.com\\\/de\\\/#organization\",\"name\":\"Walraven GmbH\",\"alternateName\":\"Walraven GmbH\",\"url\":\"https:\\\/\\\/www.walraven.com\\\/de\\\/\",\"logo\":{\"@type\":\"ImageObject\",\"inLanguage\":\"de\",\"@id\":\"https:\\\/\\\/www.walraven.com\\\/de\\\/#\\\/schema\\\/logo\\\/image\\\/\",\"url\":\"https:\\\/\\\/www.walraven.com\\\/de\\\/wp-content\\\/uploads\\\/sites\\\/4\\\/2023\\\/12\\\/Walraven_logo300x300.jpg\",\"contentUrl\":\"https:\\\/\\\/www.walraven.com\\\/de\\\/wp-content\\\/uploads\\\/sites\\\/4\\\/2023\\\/12\\\/Walraven_logo300x300.jpg\",\"width\":300,\"height\":300,\"caption\":\"Walraven GmbH\"},\"image\":{\"@id\":\"https:\\\/\\\/www.walraven.com\\\/de\\\/#\\\/schema\\\/logo\\\/image\\\/\"},\"sameAs\":[\"https:\\\/\\\/www.facebook.com\\\/Walraven.GmbH\",\"https:\\\/\\\/x.com\\\/BIS_Tech\",\"https:\\\/\\\/www.youtube.com\\\/WalravenDE\",\"https:\\\/\\\/www.linkedin.com\\\/company\\\/walraven-gmbh\",\"https:\\\/\\\/www.instagram.com\\\/walraven.gmbh\\\/\"]}]}<\/script>\n<!-- \/ Yoast SEO Premium plugin. -->","yoast_head_json":{"title":"Brandgepr\u00fcfte Befestigungs&shy;technik oberhalb klassifizierter Unterdecken - Walraven Deutschland","description":"Kostenloses Live-Webinar \"Brandgepr\u00fcfte Befestigung oberhalb klassifizierter Unterdecken\" - jetzt anmelden!","robots":{"index":"index","follow":"nofollow","max-snippet":"max-snippet:-1","max-image-preview":"max-image-preview:large","max-video-preview":"max-video-preview:-1"},"canonical":"https:\/\/www.walraven.com\/de\/leistungen\/akademie\/webinare\/brandgepruefte-befestigung-klassifizierter-unterdecken\/","og_locale":"de_DE","og_type":"article","og_title":"Brandgepr\u00fcfte Befestigungs&shy;technik oberhalb klassifizierter Unterdecken","og_description":"Kostenloses Live-Webinar \"Brandgepr\u00fcfte Befestigung oberhalb klassifizierter Unterdecken\" - jetzt anmelden!","og_url":"https:\/\/www.walraven.com\/de\/leistungen\/akademie\/webinare\/brandgepruefte-befestigung-klassifizierter-unterdecken\/","og_site_name":"Walraven Deutschland","article_publisher":"https:\/\/www.facebook.com\/Walraven.GmbH","article_modified_time":"2024-12-19T13:28:18+00:00","og_image":[{"width":2560,"height":2560,"url":"https:\/\/www.walraven.com\/de\/wp-content\/uploads\/sites\/4\/2023\/08\/Flurbild_11_09_2013_mit_Rettungszeichen-Tobias-Weber-Google-Ads-square-scaled.jpg","type":"image\/jpeg"}],"twitter_card":"summary_large_image","twitter_site":"@BIS_Tech","twitter_misc":{"Gesch\u00e4tzte Lesezeit":"3\u00a0Minuten"},"schema":{"@context":"https:\/\/schema.org","@graph":[{"@type":"WebPage","@id":"https:\/\/www.walraven.com\/de\/leistungen\/akademie\/webinare\/brandgepruefte-befestigung-klassifizierter-unterdecken\/","url":"https:\/\/www.walraven.com\/de\/leistungen\/akademie\/webinare\/brandgepruefte-befestigung-klassifizierter-unterdecken\/","name":"Brandgepr\u00fcfte Befestigungs&shy;technik oberhalb klassifizierter Unterdecken - Walraven Deutschland","isPartOf":{"@id":"https:\/\/www.walraven.com\/de\/#website"},"primaryImageOfPage":{"@id":"https:\/\/www.walraven.com\/de\/leistungen\/akademie\/webinare\/brandgepruefte-befestigung-klassifizierter-unterdecken\/#primaryimage"},"image":{"@id":"https:\/\/www.walraven.com\/de\/leistungen\/akademie\/webinare\/brandgepruefte-befestigung-klassifizierter-unterdecken\/#primaryimage"},"thumbnailUrl":"https:\/\/www.walraven.com\/de\/wp-content\/uploads\/sites\/4\/2023\/08\/Flurbild_11_09_2013_mit_Rettungszeichen-Tobias-Weber-Google-Ads-square-scaled.jpg","datePublished":"2023-08-21T12:20:45+00:00","dateModified":"2024-12-19T13:28:18+00:00","description":"Kostenloses Live-Webinar \"Brandgepr\u00fcfte Befestigung oberhalb klassifizierter Unterdecken\" - jetzt anmelden!","breadcrumb":{"@id":"https:\/\/www.walraven.com\/de\/leistungen\/akademie\/webinare\/brandgepruefte-befestigung-klassifizierter-unterdecken\/#breadcrumb"},"inLanguage":"de","potentialAction":[{"@type":"ReadAction","target":["https:\/\/www.walraven.com\/de\/leistungen\/akademie\/webinare\/brandgepruefte-befestigung-klassifizierter-unterdecken\/"]}]},{"@type":"ImageObject","inLanguage":"de","@id":"https:\/\/www.walraven.com\/de\/leistungen\/akademie\/webinare\/brandgepruefte-befestigung-klassifizierter-unterdecken\/#primaryimage","url":"https:\/\/www.walraven.com\/de\/wp-content\/uploads\/sites\/4\/2023\/08\/Flurbild_11_09_2013_mit_Rettungszeichen-Tobias-Weber-Google-Ads-square-scaled.jpg","contentUrl":"https:\/\/www.walraven.com\/de\/wp-content\/uploads\/sites\/4\/2023\/08\/Flurbild_11_09_2013_mit_Rettungszeichen-Tobias-Weber-Google-Ads-square-scaled.jpg","width":2560,"height":2560},{"@type":"BreadcrumbList","@id":"https:\/\/www.walraven.com\/de\/leistungen\/akademie\/webinare\/brandgepruefte-befestigung-klassifizierter-unterdecken\/#breadcrumb","itemListElement":[{"@type":"ListItem","position":1,"name":"Startseite","item":"https:\/\/www.walraven.com\/de\/"},{"@type":"ListItem","position":2,"name":"Alle Serviceleistungen auf einen Blick","item":"https:\/\/www.walraven.com\/de\/leistungen\/"},{"@type":"ListItem","position":3,"name":"Walraven-Akademie","item":"https:\/\/www.walraven.com\/de\/leistungen\/akademie\/"},{"@type":"ListItem","position":4,"name":"Live Webinare der Walraven-Akademie","item":"https:\/\/www.walraven.com\/de\/leistungen\/akademie\/webinare\/"},{"@type":"ListItem","position":5,"name":"Brandgepr\u00fcfte Befestigungs&shy;technik oberhalb klassifizierter Unterdecken"}]},{"@type":"WebSite","@id":"https:\/\/www.walraven.com\/de\/#website","url":"https:\/\/www.walraven.com\/de\/","name":"Walraven Deutschland","description":"","publisher":{"@id":"https:\/\/www.walraven.com\/de\/#organization"},"potentialAction":[{"@type":"SearchAction","target":{"@type":"EntryPoint","urlTemplate":"https:\/\/www.walraven.com\/de\/?s={search_term_string}"},"query-input":{"@type":"PropertyValueSpecification","valueRequired":true,"valueName":"search_term_string"}}],"inLanguage":"de"},{"@type":"Organization","@id":"https:\/\/www.walraven.com\/de\/#organization","name":"Walraven GmbH","alternateName":"Walraven GmbH","url":"https:\/\/www.walraven.com\/de\/","logo":{"@type":"ImageObject","inLanguage":"de","@id":"https:\/\/www.walraven.com\/de\/#\/schema\/logo\/image\/","url":"https:\/\/www.walraven.com\/de\/wp-content\/uploads\/sites\/4\/2023\/12\/Walraven_logo300x300.jpg","contentUrl":"https:\/\/www.walraven.com\/de\/wp-content\/uploads\/sites\/4\/2023\/12\/Walraven_logo300x300.jpg","width":300,"height":300,"caption":"Walraven GmbH"},"image":{"@id":"https:\/\/www.walraven.com\/de\/#\/schema\/logo\/image\/"},"sameAs":["https:\/\/www.facebook.com\/Walraven.GmbH","https:\/\/x.com\/BIS_Tech","https:\/\/www.youtube.com\/WalravenDE","https:\/\/www.linkedin.com\/company\/walraven-gmbh","https:\/\/www.instagram.com\/walraven.gmbh\/"]}]}},"_links":{"self":[{"href":"https:\/\/www.walraven.com\/de\/wp-json\/wp\/v2\/pages\/84237","targetHints":{"allow":["GET"]}}],"collection":[{"href":"https:\/\/www.walraven.com\/de\/wp-json\/wp\/v2\/pages"}],"about":[{"href":"https:\/\/www.walraven.com\/de\/wp-json\/wp\/v2\/types\/page"}],"author":[{"embeddable":true,"href":"https:\/\/www.walraven.com\/de\/wp-json\/wp\/v2\/users\/74"}],"replies":[{"embeddable":true,"href":"https:\/\/www.walraven.com\/de\/wp-json\/wp\/v2\/comments?post=84237"}],"version-history":[{"count":6,"href":"https:\/\/www.walraven.com\/de\/wp-json\/wp\/v2\/pages\/84237\/revisions"}],"predecessor-version":[{"id":84316,"href":"https:\/\/www.walraven.com\/de\/wp-json\/wp\/v2\/pages\/84237\/revisions\/84316"}],"up":[{"embeddable":true,"href":"https:\/\/www.walraven.com\/de\/wp-json\/wp\/v2\/pages\/78959"}],"wp:featuredmedia":[{"embeddable":true,"href":"https:\/\/www.walraven.com\/de\/wp-json\/wp\/v2\/media\/84284"}],"wp:attachment":[{"href":"https:\/\/www.walraven.com\/de\/wp-json\/wp\/v2\/media?parent=84237"}],"curies":[{"name":"wp","href":"https:\/\/api.w.org\/{rel}","templated":true}]}}