{"id":84688,"date":"2023-09-11T09:56:31","date_gmt":"2023-09-11T07:56:31","guid":{"rendered":"https:\/\/www.walraven.com\/de\/?page_id=84688"},"modified":"2025-06-20T09:14:11","modified_gmt":"2025-06-20T07:14:11","slug":"abschottungen-ringspaltverfuellen","status":"publish","type":"page","link":"https:\/\/www.walraven.com\/de\/leistungen\/akademie\/abschottungen-ringspaltverfuellen\/","title":{"rendered":"Abschottungen und die Sache mit dem Ringspaltverf\u00fcllen"},"content":{"rendered":"","protected":false},"excerpt":{"rendered":"<p>&#8211;<br \/>\nGanz allgemein vermeiden Ringspaltverschl\u00fcsse Geruchs\u00fcbertragung oder dienen der Energieeinsparung. Im Bereich baulicher Brandschutz ist nat\u00fcrlich gefordert, dass im Brandfall kein \u00dcbertrag von Feuer und\/oder Rauch in eine andere Nutzungseinheit (NE) m\u00f6glich ist.<\/p>\n<p>In dieser Hinsicht spielt es keine Rolle, ob mit Kernlochbohrungen oder mit gro\u00dfen Decken\u00f6ffnungen gearbeitet wird.<\/p>\n","protected":false},"author":74,"featured_media":84693,"parent":79178,"menu_order":0,"comment_status":"closed","ping_status":"closed","template":"page-templates\/tpl-landingspage.php","meta":{"_acf_changed":false,"footnotes":""},"class_list":["post-84688","page","type-page","status-publish","has-post-thumbnail","hentry"],"acf":[],"yoast_head":"<!-- This site is optimized with the Yoast SEO Premium plugin v27.3 (Yoast SEO v27.3) - https:\/\/yoast.com\/product\/yoast-seo-premium-wordpress\/ -->\n<title>Ringspaltverf\u00fcllen &amp; Abschottungen - Walraven<\/title>\n<meta name=\"description\" content=\"Rest- bzw. Ringspaltverschluss \u2013 So verschlie\u00dfen Sie dieDurchdringungen in W\u00e4nden und Decken abnahmesicher.\" \/>\n<meta name=\"robots\" content=\"index, follow, max-snippet:-1, max-image-preview:large, max-video-preview:-1\" \/>\n<link rel=\"canonical\" href=\"https:\/\/www.walraven.com\/de\/leistungen\/akademie\/abschottungen-ringspaltverfuellen\/\" \/>\n<meta property=\"og:locale\" content=\"de_DE\" \/>\n<meta property=\"og:type\" content=\"article\" \/>\n<meta property=\"og:title\" content=\"Abschottungen und die Sache mit dem Ringspaltverf\u00fcllen\" \/>\n<meta property=\"og:description\" content=\"Rest- bzw. Ringspaltverschluss \u2013 So verschlie\u00dfen Sie dieDurchdringungen in W\u00e4nden und Decken abnahmesicher.\" \/>\n<meta property=\"og:url\" content=\"https:\/\/www.walraven.com\/de\/leistungen\/akademie\/abschottungen-ringspaltverfuellen\/\" \/>\n<meta property=\"og:site_name\" content=\"Walraven Deutschland\" \/>\n<meta property=\"article:publisher\" content=\"https:\/\/www.facebook.com\/Walraven.GmbH\" \/>\n<meta property=\"article:modified_time\" content=\"2025-06-20T07:14:11+00:00\" \/>\n<meta property=\"og:image\" content=\"https:\/\/www.walraven.com\/de\/wp-content\/uploads\/sites\/4\/2023\/09\/ringspaltverschluss-restspaltverschluss-headerimage.jpg\" \/>\n\t<meta property=\"og:image:width\" content=\"1997\" \/>\n\t<meta property=\"og:image:height\" content=\"1331\" \/>\n\t<meta property=\"og:image:type\" content=\"image\/jpeg\" \/>\n<meta name=\"twitter:card\" content=\"summary_large_image\" \/>\n<meta name=\"twitter:site\" content=\"@BIS_Tech\" \/>\n<meta name=\"twitter:label1\" content=\"Gesch\u00e4tzte Lesezeit\" \/>\n\t<meta name=\"twitter:data1\" content=\"4\u00a0Minuten\" \/>\n<script type=\"application\/ld+json\" class=\"yoast-schema-graph\">{\"@context\":\"https:\\\/\\\/schema.org\",\"@graph\":[{\"@type\":\"WebPage\",\"@id\":\"https:\\\/\\\/www.walraven.com\\\/de\\\/leistungen\\\/akademie\\\/abschottungen-ringspaltverfuellen\\\/\",\"url\":\"https:\\\/\\\/www.walraven.com\\\/de\\\/leistungen\\\/akademie\\\/abschottungen-ringspaltverfuellen\\\/\",\"name\":\"Ringspaltverf\u00fcllen & Abschottungen - Walraven\",\"isPartOf\":{\"@id\":\"https:\\\/\\\/www.walraven.com\\\/de\\\/#website\"},\"primaryImageOfPage\":{\"@id\":\"https:\\\/\\\/www.walraven.com\\\/de\\\/leistungen\\\/akademie\\\/abschottungen-ringspaltverfuellen\\\/#primaryimage\"},\"image\":{\"@id\":\"https:\\\/\\\/www.walraven.com\\\/de\\\/leistungen\\\/akademie\\\/abschottungen-ringspaltverfuellen\\\/#primaryimage\"},\"thumbnailUrl\":\"https:\\\/\\\/www.walraven.com\\\/de\\\/wp-content\\\/uploads\\\/sites\\\/4\\\/2023\\\/09\\\/ringspaltverschluss-restspaltverschluss-headerimage.jpg\",\"datePublished\":\"2023-09-11T07:56:31+00:00\",\"dateModified\":\"2025-06-20T07:14:11+00:00\",\"description\":\"Rest- bzw. Ringspaltverschluss \u2013 So verschlie\u00dfen Sie dieDurchdringungen in W\u00e4nden und Decken abnahmesicher.\",\"breadcrumb\":{\"@id\":\"https:\\\/\\\/www.walraven.com\\\/de\\\/leistungen\\\/akademie\\\/abschottungen-ringspaltverfuellen\\\/#breadcrumb\"},\"inLanguage\":\"de\",\"potentialAction\":[{\"@type\":\"ReadAction\",\"target\":[\"https:\\\/\\\/www.walraven.com\\\/de\\\/leistungen\\\/akademie\\\/abschottungen-ringspaltverfuellen\\\/\"]}]},{\"@type\":\"ImageObject\",\"inLanguage\":\"de\",\"@id\":\"https:\\\/\\\/www.walraven.com\\\/de\\\/leistungen\\\/akademie\\\/abschottungen-ringspaltverfuellen\\\/#primaryimage\",\"url\":\"https:\\\/\\\/www.walraven.com\\\/de\\\/wp-content\\\/uploads\\\/sites\\\/4\\\/2023\\\/09\\\/ringspaltverschluss-restspaltverschluss-headerimage.jpg\",\"contentUrl\":\"https:\\\/\\\/www.walraven.com\\\/de\\\/wp-content\\\/uploads\\\/sites\\\/4\\\/2023\\\/09\\\/ringspaltverschluss-restspaltverschluss-headerimage.jpg\",\"width\":1997,\"height\":1331,\"caption\":\"Ringspaltverf\u00fcllen des Restspaltverschlusses\"},{\"@type\":\"BreadcrumbList\",\"@id\":\"https:\\\/\\\/www.walraven.com\\\/de\\\/leistungen\\\/akademie\\\/abschottungen-ringspaltverfuellen\\\/#breadcrumb\",\"itemListElement\":[{\"@type\":\"ListItem\",\"position\":1,\"name\":\"Startseite\",\"item\":\"https:\\\/\\\/www.walraven.com\\\/de\\\/\"},{\"@type\":\"ListItem\",\"position\":2,\"name\":\"Alle Serviceleistungen auf einen Blick\",\"item\":\"https:\\\/\\\/www.walraven.com\\\/de\\\/leistungen\\\/\"},{\"@type\":\"ListItem\",\"position\":3,\"name\":\"Walraven-Akademie\",\"item\":\"https:\\\/\\\/www.walraven.com\\\/de\\\/leistungen\\\/akademie\\\/\"},{\"@type\":\"ListItem\",\"position\":4,\"name\":\"Abschottungen und die Sache mit dem Ringspaltverf\u00fcllen\"}]},{\"@type\":\"WebSite\",\"@id\":\"https:\\\/\\\/www.walraven.com\\\/de\\\/#website\",\"url\":\"https:\\\/\\\/www.walraven.com\\\/de\\\/\",\"name\":\"Walraven Deutschland\",\"description\":\"\",\"publisher\":{\"@id\":\"https:\\\/\\\/www.walraven.com\\\/de\\\/#organization\"},\"potentialAction\":[{\"@type\":\"SearchAction\",\"target\":{\"@type\":\"EntryPoint\",\"urlTemplate\":\"https:\\\/\\\/www.walraven.com\\\/de\\\/?s={search_term_string}\"},\"query-input\":{\"@type\":\"PropertyValueSpecification\",\"valueRequired\":true,\"valueName\":\"search_term_string\"}}],\"inLanguage\":\"de\"},{\"@type\":\"Organization\",\"@id\":\"https:\\\/\\\/www.walraven.com\\\/de\\\/#organization\",\"name\":\"Walraven GmbH\",\"alternateName\":\"Walraven GmbH\",\"url\":\"https:\\\/\\\/www.walraven.com\\\/de\\\/\",\"logo\":{\"@type\":\"ImageObject\",\"inLanguage\":\"de\",\"@id\":\"https:\\\/\\\/www.walraven.com\\\/de\\\/#\\\/schema\\\/logo\\\/image\\\/\",\"url\":\"https:\\\/\\\/www.walraven.com\\\/de\\\/wp-content\\\/uploads\\\/sites\\\/4\\\/2023\\\/12\\\/Walraven_logo300x300.jpg\",\"contentUrl\":\"https:\\\/\\\/www.walraven.com\\\/de\\\/wp-content\\\/uploads\\\/sites\\\/4\\\/2023\\\/12\\\/Walraven_logo300x300.jpg\",\"width\":300,\"height\":300,\"caption\":\"Walraven GmbH\"},\"image\":{\"@id\":\"https:\\\/\\\/www.walraven.com\\\/de\\\/#\\\/schema\\\/logo\\\/image\\\/\"},\"sameAs\":[\"https:\\\/\\\/www.facebook.com\\\/Walraven.GmbH\",\"https:\\\/\\\/x.com\\\/BIS_Tech\",\"https:\\\/\\\/www.youtube.com\\\/WalravenDE\",\"https:\\\/\\\/www.linkedin.com\\\/company\\\/walraven-gmbh\",\"https:\\\/\\\/www.instagram.com\\\/walraven.gmbh\\\/\"]}]}<\/script>\n<!-- \/ Yoast SEO Premium plugin. -->","yoast_head_json":{"title":"Ringspaltverf\u00fcllen & Abschottungen - Walraven","description":"Rest- bzw. Ringspaltverschluss \u2013 So verschlie\u00dfen Sie dieDurchdringungen in W\u00e4nden und Decken abnahmesicher.","robots":{"index":"index","follow":"follow","max-snippet":"max-snippet:-1","max-image-preview":"max-image-preview:large","max-video-preview":"max-video-preview:-1"},"canonical":"https:\/\/www.walraven.com\/de\/leistungen\/akademie\/abschottungen-ringspaltverfuellen\/","og_locale":"de_DE","og_type":"article","og_title":"Abschottungen und die Sache mit dem Ringspaltverf\u00fcllen","og_description":"Rest- bzw. Ringspaltverschluss \u2013 So verschlie\u00dfen Sie dieDurchdringungen in W\u00e4nden und Decken abnahmesicher.","og_url":"https:\/\/www.walraven.com\/de\/leistungen\/akademie\/abschottungen-ringspaltverfuellen\/","og_site_name":"Walraven Deutschland","article_publisher":"https:\/\/www.facebook.com\/Walraven.GmbH","article_modified_time":"2025-06-20T07:14:11+00:00","og_image":[{"width":1997,"height":1331,"url":"https:\/\/www.walraven.com\/de\/wp-content\/uploads\/sites\/4\/2023\/09\/ringspaltverschluss-restspaltverschluss-headerimage.jpg","type":"image\/jpeg"}],"twitter_card":"summary_large_image","twitter_site":"@BIS_Tech","twitter_misc":{"Gesch\u00e4tzte Lesezeit":"4\u00a0Minuten"},"schema":{"@context":"https:\/\/schema.org","@graph":[{"@type":"WebPage","@id":"https:\/\/www.walraven.com\/de\/leistungen\/akademie\/abschottungen-ringspaltverfuellen\/","url":"https:\/\/www.walraven.com\/de\/leistungen\/akademie\/abschottungen-ringspaltverfuellen\/","name":"Ringspaltverf\u00fcllen & Abschottungen - Walraven","isPartOf":{"@id":"https:\/\/www.walraven.com\/de\/#website"},"primaryImageOfPage":{"@id":"https:\/\/www.walraven.com\/de\/leistungen\/akademie\/abschottungen-ringspaltverfuellen\/#primaryimage"},"image":{"@id":"https:\/\/www.walraven.com\/de\/leistungen\/akademie\/abschottungen-ringspaltverfuellen\/#primaryimage"},"thumbnailUrl":"https:\/\/www.walraven.com\/de\/wp-content\/uploads\/sites\/4\/2023\/09\/ringspaltverschluss-restspaltverschluss-headerimage.jpg","datePublished":"2023-09-11T07:56:31+00:00","dateModified":"2025-06-20T07:14:11+00:00","description":"Rest- bzw. Ringspaltverschluss \u2013 So verschlie\u00dfen Sie dieDurchdringungen in W\u00e4nden und Decken abnahmesicher.","breadcrumb":{"@id":"https:\/\/www.walraven.com\/de\/leistungen\/akademie\/abschottungen-ringspaltverfuellen\/#breadcrumb"},"inLanguage":"de","potentialAction":[{"@type":"ReadAction","target":["https:\/\/www.walraven.com\/de\/leistungen\/akademie\/abschottungen-ringspaltverfuellen\/"]}]},{"@type":"ImageObject","inLanguage":"de","@id":"https:\/\/www.walraven.com\/de\/leistungen\/akademie\/abschottungen-ringspaltverfuellen\/#primaryimage","url":"https:\/\/www.walraven.com\/de\/wp-content\/uploads\/sites\/4\/2023\/09\/ringspaltverschluss-restspaltverschluss-headerimage.jpg","contentUrl":"https:\/\/www.walraven.com\/de\/wp-content\/uploads\/sites\/4\/2023\/09\/ringspaltverschluss-restspaltverschluss-headerimage.jpg","width":1997,"height":1331,"caption":"Ringspaltverf\u00fcllen des Restspaltverschlusses"},{"@type":"BreadcrumbList","@id":"https:\/\/www.walraven.com\/de\/leistungen\/akademie\/abschottungen-ringspaltverfuellen\/#breadcrumb","itemListElement":[{"@type":"ListItem","position":1,"name":"Startseite","item":"https:\/\/www.walraven.com\/de\/"},{"@type":"ListItem","position":2,"name":"Alle Serviceleistungen auf einen Blick","item":"https:\/\/www.walraven.com\/de\/leistungen\/"},{"@type":"ListItem","position":3,"name":"Walraven-Akademie","item":"https:\/\/www.walraven.com\/de\/leistungen\/akademie\/"},{"@type":"ListItem","position":4,"name":"Abschottungen und die Sache mit dem Ringspaltverf\u00fcllen"}]},{"@type":"WebSite","@id":"https:\/\/www.walraven.com\/de\/#website","url":"https:\/\/www.walraven.com\/de\/","name":"Walraven Deutschland","description":"","publisher":{"@id":"https:\/\/www.walraven.com\/de\/#organization"},"potentialAction":[{"@type":"SearchAction","target":{"@type":"EntryPoint","urlTemplate":"https:\/\/www.walraven.com\/de\/?s={search_term_string}"},"query-input":{"@type":"PropertyValueSpecification","valueRequired":true,"valueName":"search_term_string"}}],"inLanguage":"de"},{"@type":"Organization","@id":"https:\/\/www.walraven.com\/de\/#organization","name":"Walraven GmbH","alternateName":"Walraven GmbH","url":"https:\/\/www.walraven.com\/de\/","logo":{"@type":"ImageObject","inLanguage":"de","@id":"https:\/\/www.walraven.com\/de\/#\/schema\/logo\/image\/","url":"https:\/\/www.walraven.com\/de\/wp-content\/uploads\/sites\/4\/2023\/12\/Walraven_logo300x300.jpg","contentUrl":"https:\/\/www.walraven.com\/de\/wp-content\/uploads\/sites\/4\/2023\/12\/Walraven_logo300x300.jpg","width":300,"height":300,"caption":"Walraven GmbH"},"image":{"@id":"https:\/\/www.walraven.com\/de\/#\/schema\/logo\/image\/"},"sameAs":["https:\/\/www.facebook.com\/Walraven.GmbH","https:\/\/x.com\/BIS_Tech","https:\/\/www.youtube.com\/WalravenDE","https:\/\/www.linkedin.com\/company\/walraven-gmbh","https:\/\/www.instagram.com\/walraven.gmbh\/"]}]}},"_links":{"self":[{"href":"https:\/\/www.walraven.com\/de\/wp-json\/wp\/v2\/pages\/84688","targetHints":{"allow":["GET"]}}],"collection":[{"href":"https:\/\/www.walraven.com\/de\/wp-json\/wp\/v2\/pages"}],"about":[{"href":"https:\/\/www.walraven.com\/de\/wp-json\/wp\/v2\/types\/page"}],"author":[{"embeddable":true,"href":"https:\/\/www.walraven.com\/de\/wp-json\/wp\/v2\/users\/74"}],"replies":[{"embeddable":true,"href":"https:\/\/www.walraven.com\/de\/wp-json\/wp\/v2\/comments?post=84688"}],"version-history":[{"count":5,"href":"https:\/\/www.walraven.com\/de\/wp-json\/wp\/v2\/pages\/84688\/revisions"}],"predecessor-version":[{"id":130212,"href":"https:\/\/www.walraven.com\/de\/wp-json\/wp\/v2\/pages\/84688\/revisions\/130212"}],"up":[{"embeddable":true,"href":"https:\/\/www.walraven.com\/de\/wp-json\/wp\/v2\/pages\/79178"}],"wp:featuredmedia":[{"embeddable":true,"href":"https:\/\/www.walraven.com\/de\/wp-json\/wp\/v2\/media\/84693"}],"wp:attachment":[{"href":"https:\/\/www.walraven.com\/de\/wp-json\/wp\/v2\/media?parent=84688"}],"curies":[{"name":"wp","href":"https:\/\/api.w.org\/{rel}","templated":true}]}}