{"id":88005,"date":"2024-01-11T10:02:20","date_gmt":"2024-01-11T09:02:20","guid":{"rendered":"https:\/\/www.walraven.com\/de\/?page_id=88005"},"modified":"2025-05-19T13:04:36","modified_gmt":"2025-05-19T11:04:36","slug":"montageloesungen-fuer-waermepumpen","status":"publish","type":"page","link":"https:\/\/www.walraven.com\/de\/montageloesungen-fuer-waermepumpen\/","title":{"rendered":"W\u00e4rmepumpen zuverl\u00e4ssig und komfortabel montieren"},"content":{"rendered":"","protected":false},"excerpt":{"rendered":"<p>&#8211;<br \/>\nBelastbar und zukunftssicher!<\/p>\n<p>Ob Wandmontage, Freifl\u00e4chenmontage auf dem Boden oder Aufst\u00e4nderungen auf Flachd\u00e4chern &#8211; mit unseren Montagel\u00f6sungen f\u00fcr W\u00e4rmepumpen haben Sie immer das richtige System zur W\u00e4rmepumpen-Befestigung zur Hand.<\/p>\n<p>Gerne unterst\u00fctzen Sie unsere Experten bei Ihrem Bauvorhaben.<\/p>\n","protected":false},"author":74,"featured_media":88009,"parent":0,"menu_order":0,"comment_status":"closed","ping_status":"closed","template":"page-templates\/tpl-landingspage.php","meta":{"_acf_changed":false,"footnotes":""},"class_list":["post-88005","page","type-page","status-publish","has-post-thumbnail","hentry"],"acf":[],"yoast_head":"<!-- This site is optimized with the Yoast SEO Premium plugin v27.3 (Yoast SEO v27.3) - https:\/\/yoast.com\/product\/yoast-seo-premium-wordpress\/ -->\n<title>Montagel\u00f6sungen f\u00fcr W\u00e4rmepumpen - Walraven<\/title>\n<meta name=\"description\" content=\"Montagel\u00f6sungen f\u00fcr W\u00e4rmepumpen zur Wandbefestigung, Freifl\u00e4chenmontage (Boden) oder Flachdachaufst\u00e4nderung.\" \/>\n<meta name=\"robots\" content=\"index, follow, max-snippet:-1, max-image-preview:large, max-video-preview:-1\" \/>\n<link rel=\"canonical\" href=\"https:\/\/www.walraven.com\/de\/montageloesungen-fuer-waermepumpen\/\" \/>\n<meta property=\"og:locale\" content=\"de_DE\" \/>\n<meta property=\"og:type\" content=\"article\" \/>\n<meta property=\"og:title\" content=\"W\u00e4rmepumpen zuverl\u00e4ssig und komfortabel montieren\" \/>\n<meta property=\"og:description\" content=\"Montagel\u00f6sungen f\u00fcr W\u00e4rmepumpen zur Wandbefestigung, Freifl\u00e4chenmontage (Boden) oder Flachdachaufst\u00e4nderung.\" \/>\n<meta property=\"og:url\" content=\"https:\/\/www.walraven.com\/de\/montageloesungen-fuer-waermepumpen\/\" \/>\n<meta property=\"og:site_name\" content=\"Walraven Deutschland\" \/>\n<meta property=\"article:publisher\" content=\"https:\/\/www.facebook.com\/Walraven.GmbH\" \/>\n<meta property=\"article:modified_time\" content=\"2025-05-19T11:04:36+00:00\" \/>\n<meta property=\"og:image\" content=\"https:\/\/www.walraven.com\/de\/wp-content\/uploads\/sites\/4\/2023\/11\/montageloesung-waermepumpe-wand.jpg\" \/>\n\t<meta property=\"og:image:width\" content=\"1200\" \/>\n\t<meta property=\"og:image:height\" content=\"675\" \/>\n\t<meta property=\"og:image:type\" content=\"image\/jpeg\" \/>\n<meta name=\"twitter:card\" content=\"summary_large_image\" \/>\n<meta name=\"twitter:site\" content=\"@BIS_Tech\" \/>\n<meta name=\"twitter:label1\" content=\"Gesch\u00e4tzte Lesezeit\" \/>\n\t<meta name=\"twitter:data1\" content=\"4\u00a0Minuten\" \/>\n<script type=\"application\/ld+json\" class=\"yoast-schema-graph\">{\"@context\":\"https:\\\/\\\/schema.org\",\"@graph\":[{\"@type\":\"WebPage\",\"@id\":\"https:\\\/\\\/www.walraven.com\\\/de\\\/montageloesungen-fuer-waermepumpen\\\/\",\"url\":\"https:\\\/\\\/www.walraven.com\\\/de\\\/montageloesungen-fuer-waermepumpen\\\/\",\"name\":\"Montagel\u00f6sungen f\u00fcr W\u00e4rmepumpen - Walraven\",\"isPartOf\":{\"@id\":\"https:\\\/\\\/www.walraven.com\\\/de\\\/#website\"},\"primaryImageOfPage\":{\"@id\":\"https:\\\/\\\/www.walraven.com\\\/de\\\/montageloesungen-fuer-waermepumpen\\\/#primaryimage\"},\"image\":{\"@id\":\"https:\\\/\\\/www.walraven.com\\\/de\\\/montageloesungen-fuer-waermepumpen\\\/#primaryimage\"},\"thumbnailUrl\":\"https:\\\/\\\/www.walraven.com\\\/de\\\/wp-content\\\/uploads\\\/sites\\\/4\\\/2023\\\/11\\\/montageloesung-waermepumpe-wand.jpg\",\"datePublished\":\"2024-01-11T09:02:20+00:00\",\"dateModified\":\"2025-05-19T11:04:36+00:00\",\"description\":\"Montagel\u00f6sungen f\u00fcr W\u00e4rmepumpen zur Wandbefestigung, Freifl\u00e4chenmontage (Boden) oder Flachdachaufst\u00e4nderung.\",\"breadcrumb\":{\"@id\":\"https:\\\/\\\/www.walraven.com\\\/de\\\/montageloesungen-fuer-waermepumpen\\\/#breadcrumb\"},\"inLanguage\":\"de\",\"potentialAction\":[{\"@type\":\"ReadAction\",\"target\":[\"https:\\\/\\\/www.walraven.com\\\/de\\\/montageloesungen-fuer-waermepumpen\\\/\"]}]},{\"@type\":\"ImageObject\",\"inLanguage\":\"de\",\"@id\":\"https:\\\/\\\/www.walraven.com\\\/de\\\/montageloesungen-fuer-waermepumpen\\\/#primaryimage\",\"url\":\"https:\\\/\\\/www.walraven.com\\\/de\\\/wp-content\\\/uploads\\\/sites\\\/4\\\/2023\\\/11\\\/montageloesung-waermepumpe-wand.jpg\",\"contentUrl\":\"https:\\\/\\\/www.walraven.com\\\/de\\\/wp-content\\\/uploads\\\/sites\\\/4\\\/2023\\\/11\\\/montageloesung-waermepumpe-wand.jpg\",\"width\":1200,\"height\":675,\"caption\":\"W\u00e4rmepumpen Montagel\u00f6sung f\u00fcr die Wandmontage\"},{\"@type\":\"BreadcrumbList\",\"@id\":\"https:\\\/\\\/www.walraven.com\\\/de\\\/montageloesungen-fuer-waermepumpen\\\/#breadcrumb\",\"itemListElement\":[{\"@type\":\"ListItem\",\"position\":1,\"name\":\"Startseite\",\"item\":\"https:\\\/\\\/www.walraven.com\\\/de\\\/\"},{\"@type\":\"ListItem\",\"position\":2,\"name\":\"W\u00e4rmepumpen zuverl\u00e4ssig und komfortabel montieren\"}]},{\"@type\":\"WebSite\",\"@id\":\"https:\\\/\\\/www.walraven.com\\\/de\\\/#website\",\"url\":\"https:\\\/\\\/www.walraven.com\\\/de\\\/\",\"name\":\"Walraven Deutschland\",\"description\":\"\",\"publisher\":{\"@id\":\"https:\\\/\\\/www.walraven.com\\\/de\\\/#organization\"},\"potentialAction\":[{\"@type\":\"SearchAction\",\"target\":{\"@type\":\"EntryPoint\",\"urlTemplate\":\"https:\\\/\\\/www.walraven.com\\\/de\\\/?s={search_term_string}\"},\"query-input\":{\"@type\":\"PropertyValueSpecification\",\"valueRequired\":true,\"valueName\":\"search_term_string\"}}],\"inLanguage\":\"de\"},{\"@type\":\"Organization\",\"@id\":\"https:\\\/\\\/www.walraven.com\\\/de\\\/#organization\",\"name\":\"Walraven GmbH\",\"alternateName\":\"Walraven GmbH\",\"url\":\"https:\\\/\\\/www.walraven.com\\\/de\\\/\",\"logo\":{\"@type\":\"ImageObject\",\"inLanguage\":\"de\",\"@id\":\"https:\\\/\\\/www.walraven.com\\\/de\\\/#\\\/schema\\\/logo\\\/image\\\/\",\"url\":\"https:\\\/\\\/www.walraven.com\\\/de\\\/wp-content\\\/uploads\\\/sites\\\/4\\\/2023\\\/12\\\/Walraven_logo300x300.jpg\",\"contentUrl\":\"https:\\\/\\\/www.walraven.com\\\/de\\\/wp-content\\\/uploads\\\/sites\\\/4\\\/2023\\\/12\\\/Walraven_logo300x300.jpg\",\"width\":300,\"height\":300,\"caption\":\"Walraven GmbH\"},\"image\":{\"@id\":\"https:\\\/\\\/www.walraven.com\\\/de\\\/#\\\/schema\\\/logo\\\/image\\\/\"},\"sameAs\":[\"https:\\\/\\\/www.facebook.com\\\/Walraven.GmbH\",\"https:\\\/\\\/x.com\\\/BIS_Tech\",\"https:\\\/\\\/www.youtube.com\\\/WalravenDE\",\"https:\\\/\\\/www.linkedin.com\\\/company\\\/walraven-gmbh\",\"https:\\\/\\\/www.instagram.com\\\/walraven.gmbh\\\/\"]}]}<\/script>\n<!-- \/ Yoast SEO Premium plugin. -->","yoast_head_json":{"title":"Montagel\u00f6sungen f\u00fcr W\u00e4rmepumpen - Walraven","description":"Montagel\u00f6sungen f\u00fcr W\u00e4rmepumpen zur Wandbefestigung, Freifl\u00e4chenmontage (Boden) oder Flachdachaufst\u00e4nderung.","robots":{"index":"index","follow":"follow","max-snippet":"max-snippet:-1","max-image-preview":"max-image-preview:large","max-video-preview":"max-video-preview:-1"},"canonical":"https:\/\/www.walraven.com\/de\/montageloesungen-fuer-waermepumpen\/","og_locale":"de_DE","og_type":"article","og_title":"W\u00e4rmepumpen zuverl\u00e4ssig und komfortabel montieren","og_description":"Montagel\u00f6sungen f\u00fcr W\u00e4rmepumpen zur Wandbefestigung, Freifl\u00e4chenmontage (Boden) oder Flachdachaufst\u00e4nderung.","og_url":"https:\/\/www.walraven.com\/de\/montageloesungen-fuer-waermepumpen\/","og_site_name":"Walraven Deutschland","article_publisher":"https:\/\/www.facebook.com\/Walraven.GmbH","article_modified_time":"2025-05-19T11:04:36+00:00","og_image":[{"width":1200,"height":675,"url":"https:\/\/www.walraven.com\/de\/wp-content\/uploads\/sites\/4\/2023\/11\/montageloesung-waermepumpe-wand.jpg","type":"image\/jpeg"}],"twitter_card":"summary_large_image","twitter_site":"@BIS_Tech","twitter_misc":{"Gesch\u00e4tzte Lesezeit":"4\u00a0Minuten"},"schema":{"@context":"https:\/\/schema.org","@graph":[{"@type":"WebPage","@id":"https:\/\/www.walraven.com\/de\/montageloesungen-fuer-waermepumpen\/","url":"https:\/\/www.walraven.com\/de\/montageloesungen-fuer-waermepumpen\/","name":"Montagel\u00f6sungen f\u00fcr W\u00e4rmepumpen - Walraven","isPartOf":{"@id":"https:\/\/www.walraven.com\/de\/#website"},"primaryImageOfPage":{"@id":"https:\/\/www.walraven.com\/de\/montageloesungen-fuer-waermepumpen\/#primaryimage"},"image":{"@id":"https:\/\/www.walraven.com\/de\/montageloesungen-fuer-waermepumpen\/#primaryimage"},"thumbnailUrl":"https:\/\/www.walraven.com\/de\/wp-content\/uploads\/sites\/4\/2023\/11\/montageloesung-waermepumpe-wand.jpg","datePublished":"2024-01-11T09:02:20+00:00","dateModified":"2025-05-19T11:04:36+00:00","description":"Montagel\u00f6sungen f\u00fcr W\u00e4rmepumpen zur Wandbefestigung, Freifl\u00e4chenmontage (Boden) oder Flachdachaufst\u00e4nderung.","breadcrumb":{"@id":"https:\/\/www.walraven.com\/de\/montageloesungen-fuer-waermepumpen\/#breadcrumb"},"inLanguage":"de","potentialAction":[{"@type":"ReadAction","target":["https:\/\/www.walraven.com\/de\/montageloesungen-fuer-waermepumpen\/"]}]},{"@type":"ImageObject","inLanguage":"de","@id":"https:\/\/www.walraven.com\/de\/montageloesungen-fuer-waermepumpen\/#primaryimage","url":"https:\/\/www.walraven.com\/de\/wp-content\/uploads\/sites\/4\/2023\/11\/montageloesung-waermepumpe-wand.jpg","contentUrl":"https:\/\/www.walraven.com\/de\/wp-content\/uploads\/sites\/4\/2023\/11\/montageloesung-waermepumpe-wand.jpg","width":1200,"height":675,"caption":"W\u00e4rmepumpen Montagel\u00f6sung f\u00fcr die Wandmontage"},{"@type":"BreadcrumbList","@id":"https:\/\/www.walraven.com\/de\/montageloesungen-fuer-waermepumpen\/#breadcrumb","itemListElement":[{"@type":"ListItem","position":1,"name":"Startseite","item":"https:\/\/www.walraven.com\/de\/"},{"@type":"ListItem","position":2,"name":"W\u00e4rmepumpen zuverl\u00e4ssig und komfortabel montieren"}]},{"@type":"WebSite","@id":"https:\/\/www.walraven.com\/de\/#website","url":"https:\/\/www.walraven.com\/de\/","name":"Walraven Deutschland","description":"","publisher":{"@id":"https:\/\/www.walraven.com\/de\/#organization"},"potentialAction":[{"@type":"SearchAction","target":{"@type":"EntryPoint","urlTemplate":"https:\/\/www.walraven.com\/de\/?s={search_term_string}"},"query-input":{"@type":"PropertyValueSpecification","valueRequired":true,"valueName":"search_term_string"}}],"inLanguage":"de"},{"@type":"Organization","@id":"https:\/\/www.walraven.com\/de\/#organization","name":"Walraven GmbH","alternateName":"Walraven GmbH","url":"https:\/\/www.walraven.com\/de\/","logo":{"@type":"ImageObject","inLanguage":"de","@id":"https:\/\/www.walraven.com\/de\/#\/schema\/logo\/image\/","url":"https:\/\/www.walraven.com\/de\/wp-content\/uploads\/sites\/4\/2023\/12\/Walraven_logo300x300.jpg","contentUrl":"https:\/\/www.walraven.com\/de\/wp-content\/uploads\/sites\/4\/2023\/12\/Walraven_logo300x300.jpg","width":300,"height":300,"caption":"Walraven GmbH"},"image":{"@id":"https:\/\/www.walraven.com\/de\/#\/schema\/logo\/image\/"},"sameAs":["https:\/\/www.facebook.com\/Walraven.GmbH","https:\/\/x.com\/BIS_Tech","https:\/\/www.youtube.com\/WalravenDE","https:\/\/www.linkedin.com\/company\/walraven-gmbh","https:\/\/www.instagram.com\/walraven.gmbh\/"]}]}},"_links":{"self":[{"href":"https:\/\/www.walraven.com\/de\/wp-json\/wp\/v2\/pages\/88005","targetHints":{"allow":["GET"]}}],"collection":[{"href":"https:\/\/www.walraven.com\/de\/wp-json\/wp\/v2\/pages"}],"about":[{"href":"https:\/\/www.walraven.com\/de\/wp-json\/wp\/v2\/types\/page"}],"author":[{"embeddable":true,"href":"https:\/\/www.walraven.com\/de\/wp-json\/wp\/v2\/users\/74"}],"replies":[{"embeddable":true,"href":"https:\/\/www.walraven.com\/de\/wp-json\/wp\/v2\/comments?post=88005"}],"version-history":[{"count":6,"href":"https:\/\/www.walraven.com\/de\/wp-json\/wp\/v2\/pages\/88005\/revisions"}],"predecessor-version":[{"id":124937,"href":"https:\/\/www.walraven.com\/de\/wp-json\/wp\/v2\/pages\/88005\/revisions\/124937"}],"wp:featuredmedia":[{"embeddable":true,"href":"https:\/\/www.walraven.com\/de\/wp-json\/wp\/v2\/media\/88009"}],"wp:attachment":[{"href":"https:\/\/www.walraven.com\/de\/wp-json\/wp\/v2\/media?parent=88005"}],"curies":[{"name":"wp","href":"https:\/\/api.w.org\/{rel}","templated":true}]}}