{"id":88748,"date":"2024-01-15T13:21:06","date_gmt":"2024-01-15T12:21:06","guid":{"rendered":"https:\/\/www.walraven.com\/de\/?page_id=88748"},"modified":"2024-12-19T14:31:09","modified_gmt":"2024-12-19T13:31:09","slug":"befestigung-loeschwasser-und-sprinklerleitungen","status":"publish","type":"page","link":"https:\/\/www.walraven.com\/de\/leistungen\/akademie\/webinare\/befestigung-loeschwasser-und-sprinklerleitungen\/","title":{"rendered":"Befestigung von L\u00f6schwasser- und Sprinklerleitungen"},"content":{"rendered":"<p><strong><em><img loading=\"lazy\" decoding=\"async\" class=\"alignright wp-image-91981\" src=\"https:\/\/www.walraven.com\/de\/wp-content\/uploads\/sites\/4\/2024\/09\/befestigung-von-loeschwasser-und-sprinklerleitung-300x169.jpg\" alt=\"Webinar L\u00f6schwasser- und Sprinklerbefestigung\" width=\"374\" height=\"211\" srcset=\"https:\/\/www.walraven.com\/de\/wp-content\/uploads\/sites\/4\/2024\/09\/befestigung-von-loeschwasser-und-sprinklerleitung-300x169.jpg 300w, https:\/\/www.walraven.com\/de\/wp-content\/uploads\/sites\/4\/2024\/09\/befestigung-von-loeschwasser-und-sprinklerleitung-1024x577.jpg 1024w, https:\/\/www.walraven.com\/de\/wp-content\/uploads\/sites\/4\/2024\/09\/befestigung-von-loeschwasser-und-sprinklerleitung-768x433.jpg 768w, https:\/\/www.walraven.com\/de\/wp-content\/uploads\/sites\/4\/2024\/09\/befestigung-von-loeschwasser-und-sprinklerleitung-480x270.jpg 480w, https:\/\/www.walraven.com\/de\/wp-content\/uploads\/sites\/4\/2024\/09\/befestigung-von-loeschwasser-und-sprinklerleitung-600x338.jpg 600w, https:\/\/www.walraven.com\/de\/wp-content\/uploads\/sites\/4\/2024\/09\/befestigung-von-loeschwasser-und-sprinklerleitung-1290x727.jpg 1290w, https:\/\/www.walraven.com\/de\/wp-content\/uploads\/sites\/4\/2024\/09\/befestigung-von-loeschwasser-und-sprinklerleitung.jpg 1301w\" sizes=\"auto, (max-width: 374px) 100vw, 374px\" \/><br \/>\nWebinar-I<\/em><\/strong><strong><em>nhalte und Fragestellungen:<\/em><\/strong><\/p>\n<ul>\n<li>Grundlagen, Herangehensweise und Fallbeispiele f\u00fcr\n<ul>\n<li>Befestigung von L\u00f6schwasserleitungen nach DIN 14462:2023-07<\/li>\n<li>Zertifizierte Sprinklerbefestigungen nach g\u00e4ngigen Richtlinien<\/li>\n<\/ul>\n<\/li>\n<\/ul>\n<p><i>Aktuell sind leider keine Veranstaltungen zu diesem Thema geplant.<\/i><\/p>\n<p>&nbsp;<\/p>\n\n","protected":false},"excerpt":{"rendered":"<p>&#8211;<br \/>\nKostenloses Live-Webinar<\/p>\n<p>In unserem kostenlosen Live-Webinar &#8222;Befestigung von Sprinkler- und L\u00f6schwasserleitungen&#8220; gibt Ihnen unser Experte Toni Sebald wertvolle Praxistipps rund um die Herangehensweise bei der Befestigung von zertifizierten Sprinklerbefestigungen und L\u00f6schwasserleitungen. Informationen zu den Grundlagen sowie zahlreiche Fallbeispiele hat er nat\u00fcrlich ebenfalls mit im Gep\u00e4ck.<\/p>\n","protected":false},"author":74,"featured_media":88857,"parent":78959,"menu_order":0,"comment_status":"closed","ping_status":"closed","template":"","meta":{"_acf_changed":false,"footnotes":""},"class_list":["post-88748","page","type-page","status-publish","has-post-thumbnail","hentry"],"acf":[],"yoast_head":"<!-- This site is optimized with the Yoast SEO Premium plugin v27.3 (Yoast SEO v27.3) - https:\/\/yoast.com\/product\/yoast-seo-premium-wordpress\/ -->\n<title>Befestigung von L\u00f6schwasser- und Sprinklerleitungen - Walraven Deutschland<\/title>\n<meta name=\"description\" content=\"Fragestellung zur Befestigung von Sprinkler- und L\u00f6schwasserleitungen: Grundlagen, Herangehensweise, Richtlinien, Fallbeispiele\" \/>\n<meta name=\"robots\" content=\"index, follow, max-snippet:-1, max-image-preview:large, max-video-preview:-1\" \/>\n<link rel=\"canonical\" href=\"https:\/\/www.walraven.com\/de\/leistungen\/akademie\/webinare\/befestigung-loeschwasser-und-sprinklerleitungen\/\" \/>\n<meta property=\"og:locale\" content=\"de_DE\" \/>\n<meta property=\"og:type\" content=\"article\" \/>\n<meta property=\"og:title\" content=\"Befestigung von L\u00f6schwasser- und Sprinklerleitungen\" \/>\n<meta property=\"og:description\" content=\"Fragestellung zur Befestigung von Sprinkler- und L\u00f6schwasserleitungen: Grundlagen, Herangehensweise, Richtlinien, Fallbeispiele\" \/>\n<meta property=\"og:url\" content=\"https:\/\/www.walraven.com\/de\/leistungen\/akademie\/webinare\/befestigung-loeschwasser-und-sprinklerleitungen\/\" \/>\n<meta property=\"og:site_name\" content=\"Walraven Deutschland\" \/>\n<meta property=\"article:publisher\" content=\"https:\/\/www.facebook.com\/Walraven.GmbH\" \/>\n<meta property=\"article:modified_time\" content=\"2024-12-19T13:31:09+00:00\" \/>\n<meta property=\"og:image\" content=\"https:\/\/www.walraven.com\/de\/wp-content\/uploads\/sites\/4\/2024\/01\/webinar-sprinkler-toni-sebald.jpg\" \/>\n\t<meta property=\"og:image:width\" content=\"1440\" \/>\n\t<meta property=\"og:image:height\" content=\"1440\" \/>\n\t<meta property=\"og:image:type\" content=\"image\/jpeg\" \/>\n<meta name=\"twitter:card\" content=\"summary_large_image\" \/>\n<meta name=\"twitter:site\" content=\"@BIS_Tech\" \/>\n<meta name=\"twitter:label1\" content=\"Gesch\u00e4tzte Lesezeit\" \/>\n\t<meta name=\"twitter:data1\" content=\"1\u00a0Minute\" \/>\n<script type=\"application\/ld+json\" class=\"yoast-schema-graph\">{\"@context\":\"https:\\\/\\\/schema.org\",\"@graph\":[{\"@type\":\"WebPage\",\"@id\":\"https:\\\/\\\/www.walraven.com\\\/de\\\/leistungen\\\/akademie\\\/webinare\\\/befestigung-loeschwasser-und-sprinklerleitungen\\\/\",\"url\":\"https:\\\/\\\/www.walraven.com\\\/de\\\/leistungen\\\/akademie\\\/webinare\\\/befestigung-loeschwasser-und-sprinklerleitungen\\\/\",\"name\":\"Befestigung von L\u00f6schwasser- und Sprinklerleitungen - Walraven Deutschland\",\"isPartOf\":{\"@id\":\"https:\\\/\\\/www.walraven.com\\\/de\\\/#website\"},\"primaryImageOfPage\":{\"@id\":\"https:\\\/\\\/www.walraven.com\\\/de\\\/leistungen\\\/akademie\\\/webinare\\\/befestigung-loeschwasser-und-sprinklerleitungen\\\/#primaryimage\"},\"image\":{\"@id\":\"https:\\\/\\\/www.walraven.com\\\/de\\\/leistungen\\\/akademie\\\/webinare\\\/befestigung-loeschwasser-und-sprinklerleitungen\\\/#primaryimage\"},\"thumbnailUrl\":\"https:\\\/\\\/www.walraven.com\\\/de\\\/wp-content\\\/uploads\\\/sites\\\/4\\\/2024\\\/01\\\/webinar-sprinkler-toni-sebald.jpg\",\"datePublished\":\"2024-01-15T12:21:06+00:00\",\"dateModified\":\"2024-12-19T13:31:09+00:00\",\"description\":\"Fragestellung zur Befestigung von Sprinkler- und L\u00f6schwasserleitungen: Grundlagen, Herangehensweise, Richtlinien, Fallbeispiele\",\"breadcrumb\":{\"@id\":\"https:\\\/\\\/www.walraven.com\\\/de\\\/leistungen\\\/akademie\\\/webinare\\\/befestigung-loeschwasser-und-sprinklerleitungen\\\/#breadcrumb\"},\"inLanguage\":\"de\",\"potentialAction\":[{\"@type\":\"ReadAction\",\"target\":[\"https:\\\/\\\/www.walraven.com\\\/de\\\/leistungen\\\/akademie\\\/webinare\\\/befestigung-loeschwasser-und-sprinklerleitungen\\\/\"]}]},{\"@type\":\"ImageObject\",\"inLanguage\":\"de\",\"@id\":\"https:\\\/\\\/www.walraven.com\\\/de\\\/leistungen\\\/akademie\\\/webinare\\\/befestigung-loeschwasser-und-sprinklerleitungen\\\/#primaryimage\",\"url\":\"https:\\\/\\\/www.walraven.com\\\/de\\\/wp-content\\\/uploads\\\/sites\\\/4\\\/2024\\\/01\\\/webinar-sprinkler-toni-sebald.jpg\",\"contentUrl\":\"https:\\\/\\\/www.walraven.com\\\/de\\\/wp-content\\\/uploads\\\/sites\\\/4\\\/2024\\\/01\\\/webinar-sprinkler-toni-sebald.jpg\",\"width\":1440,\"height\":1440,\"caption\":\"Webinar Sprinklerbefestigung mit Toni Sebald\"},{\"@type\":\"BreadcrumbList\",\"@id\":\"https:\\\/\\\/www.walraven.com\\\/de\\\/leistungen\\\/akademie\\\/webinare\\\/befestigung-loeschwasser-und-sprinklerleitungen\\\/#breadcrumb\",\"itemListElement\":[{\"@type\":\"ListItem\",\"position\":1,\"name\":\"Startseite\",\"item\":\"https:\\\/\\\/www.walraven.com\\\/de\\\/\"},{\"@type\":\"ListItem\",\"position\":2,\"name\":\"Alle Serviceleistungen auf einen Blick\",\"item\":\"https:\\\/\\\/www.walraven.com\\\/de\\\/leistungen\\\/\"},{\"@type\":\"ListItem\",\"position\":3,\"name\":\"Walraven-Akademie\",\"item\":\"https:\\\/\\\/www.walraven.com\\\/de\\\/leistungen\\\/akademie\\\/\"},{\"@type\":\"ListItem\",\"position\":4,\"name\":\"Live Webinare der Walraven-Akademie\",\"item\":\"https:\\\/\\\/www.walraven.com\\\/de\\\/leistungen\\\/akademie\\\/webinare\\\/\"},{\"@type\":\"ListItem\",\"position\":5,\"name\":\"Befestigung von L\u00f6schwasser- und Sprinklerleitungen\"}]},{\"@type\":\"WebSite\",\"@id\":\"https:\\\/\\\/www.walraven.com\\\/de\\\/#website\",\"url\":\"https:\\\/\\\/www.walraven.com\\\/de\\\/\",\"name\":\"Walraven Deutschland\",\"description\":\"\",\"publisher\":{\"@id\":\"https:\\\/\\\/www.walraven.com\\\/de\\\/#organization\"},\"potentialAction\":[{\"@type\":\"SearchAction\",\"target\":{\"@type\":\"EntryPoint\",\"urlTemplate\":\"https:\\\/\\\/www.walraven.com\\\/de\\\/?s={search_term_string}\"},\"query-input\":{\"@type\":\"PropertyValueSpecification\",\"valueRequired\":true,\"valueName\":\"search_term_string\"}}],\"inLanguage\":\"de\"},{\"@type\":\"Organization\",\"@id\":\"https:\\\/\\\/www.walraven.com\\\/de\\\/#organization\",\"name\":\"Walraven GmbH\",\"alternateName\":\"Walraven GmbH\",\"url\":\"https:\\\/\\\/www.walraven.com\\\/de\\\/\",\"logo\":{\"@type\":\"ImageObject\",\"inLanguage\":\"de\",\"@id\":\"https:\\\/\\\/www.walraven.com\\\/de\\\/#\\\/schema\\\/logo\\\/image\\\/\",\"url\":\"https:\\\/\\\/www.walraven.com\\\/de\\\/wp-content\\\/uploads\\\/sites\\\/4\\\/2023\\\/12\\\/Walraven_logo300x300.jpg\",\"contentUrl\":\"https:\\\/\\\/www.walraven.com\\\/de\\\/wp-content\\\/uploads\\\/sites\\\/4\\\/2023\\\/12\\\/Walraven_logo300x300.jpg\",\"width\":300,\"height\":300,\"caption\":\"Walraven GmbH\"},\"image\":{\"@id\":\"https:\\\/\\\/www.walraven.com\\\/de\\\/#\\\/schema\\\/logo\\\/image\\\/\"},\"sameAs\":[\"https:\\\/\\\/www.facebook.com\\\/Walraven.GmbH\",\"https:\\\/\\\/x.com\\\/BIS_Tech\",\"https:\\\/\\\/www.youtube.com\\\/WalravenDE\",\"https:\\\/\\\/www.linkedin.com\\\/company\\\/walraven-gmbh\",\"https:\\\/\\\/www.instagram.com\\\/walraven.gmbh\\\/\"]}]}<\/script>\n<!-- \/ Yoast SEO Premium plugin. -->","yoast_head_json":{"title":"Befestigung von L\u00f6schwasser- und Sprinklerleitungen - Walraven Deutschland","description":"Fragestellung zur Befestigung von Sprinkler- und L\u00f6schwasserleitungen: Grundlagen, Herangehensweise, Richtlinien, Fallbeispiele","robots":{"index":"index","follow":"follow","max-snippet":"max-snippet:-1","max-image-preview":"max-image-preview:large","max-video-preview":"max-video-preview:-1"},"canonical":"https:\/\/www.walraven.com\/de\/leistungen\/akademie\/webinare\/befestigung-loeschwasser-und-sprinklerleitungen\/","og_locale":"de_DE","og_type":"article","og_title":"Befestigung von L\u00f6schwasser- und Sprinklerleitungen","og_description":"Fragestellung zur Befestigung von Sprinkler- und L\u00f6schwasserleitungen: Grundlagen, Herangehensweise, Richtlinien, Fallbeispiele","og_url":"https:\/\/www.walraven.com\/de\/leistungen\/akademie\/webinare\/befestigung-loeschwasser-und-sprinklerleitungen\/","og_site_name":"Walraven Deutschland","article_publisher":"https:\/\/www.facebook.com\/Walraven.GmbH","article_modified_time":"2024-12-19T13:31:09+00:00","og_image":[{"width":1440,"height":1440,"url":"https:\/\/www.walraven.com\/de\/wp-content\/uploads\/sites\/4\/2024\/01\/webinar-sprinkler-toni-sebald.jpg","type":"image\/jpeg"}],"twitter_card":"summary_large_image","twitter_site":"@BIS_Tech","twitter_misc":{"Gesch\u00e4tzte Lesezeit":"1\u00a0Minute"},"schema":{"@context":"https:\/\/schema.org","@graph":[{"@type":"WebPage","@id":"https:\/\/www.walraven.com\/de\/leistungen\/akademie\/webinare\/befestigung-loeschwasser-und-sprinklerleitungen\/","url":"https:\/\/www.walraven.com\/de\/leistungen\/akademie\/webinare\/befestigung-loeschwasser-und-sprinklerleitungen\/","name":"Befestigung von L\u00f6schwasser- und Sprinklerleitungen - Walraven Deutschland","isPartOf":{"@id":"https:\/\/www.walraven.com\/de\/#website"},"primaryImageOfPage":{"@id":"https:\/\/www.walraven.com\/de\/leistungen\/akademie\/webinare\/befestigung-loeschwasser-und-sprinklerleitungen\/#primaryimage"},"image":{"@id":"https:\/\/www.walraven.com\/de\/leistungen\/akademie\/webinare\/befestigung-loeschwasser-und-sprinklerleitungen\/#primaryimage"},"thumbnailUrl":"https:\/\/www.walraven.com\/de\/wp-content\/uploads\/sites\/4\/2024\/01\/webinar-sprinkler-toni-sebald.jpg","datePublished":"2024-01-15T12:21:06+00:00","dateModified":"2024-12-19T13:31:09+00:00","description":"Fragestellung zur Befestigung von Sprinkler- und L\u00f6schwasserleitungen: Grundlagen, Herangehensweise, Richtlinien, Fallbeispiele","breadcrumb":{"@id":"https:\/\/www.walraven.com\/de\/leistungen\/akademie\/webinare\/befestigung-loeschwasser-und-sprinklerleitungen\/#breadcrumb"},"inLanguage":"de","potentialAction":[{"@type":"ReadAction","target":["https:\/\/www.walraven.com\/de\/leistungen\/akademie\/webinare\/befestigung-loeschwasser-und-sprinklerleitungen\/"]}]},{"@type":"ImageObject","inLanguage":"de","@id":"https:\/\/www.walraven.com\/de\/leistungen\/akademie\/webinare\/befestigung-loeschwasser-und-sprinklerleitungen\/#primaryimage","url":"https:\/\/www.walraven.com\/de\/wp-content\/uploads\/sites\/4\/2024\/01\/webinar-sprinkler-toni-sebald.jpg","contentUrl":"https:\/\/www.walraven.com\/de\/wp-content\/uploads\/sites\/4\/2024\/01\/webinar-sprinkler-toni-sebald.jpg","width":1440,"height":1440,"caption":"Webinar Sprinklerbefestigung mit Toni Sebald"},{"@type":"BreadcrumbList","@id":"https:\/\/www.walraven.com\/de\/leistungen\/akademie\/webinare\/befestigung-loeschwasser-und-sprinklerleitungen\/#breadcrumb","itemListElement":[{"@type":"ListItem","position":1,"name":"Startseite","item":"https:\/\/www.walraven.com\/de\/"},{"@type":"ListItem","position":2,"name":"Alle Serviceleistungen auf einen Blick","item":"https:\/\/www.walraven.com\/de\/leistungen\/"},{"@type":"ListItem","position":3,"name":"Walraven-Akademie","item":"https:\/\/www.walraven.com\/de\/leistungen\/akademie\/"},{"@type":"ListItem","position":4,"name":"Live Webinare der Walraven-Akademie","item":"https:\/\/www.walraven.com\/de\/leistungen\/akademie\/webinare\/"},{"@type":"ListItem","position":5,"name":"Befestigung von L\u00f6schwasser- und Sprinklerleitungen"}]},{"@type":"WebSite","@id":"https:\/\/www.walraven.com\/de\/#website","url":"https:\/\/www.walraven.com\/de\/","name":"Walraven Deutschland","description":"","publisher":{"@id":"https:\/\/www.walraven.com\/de\/#organization"},"potentialAction":[{"@type":"SearchAction","target":{"@type":"EntryPoint","urlTemplate":"https:\/\/www.walraven.com\/de\/?s={search_term_string}"},"query-input":{"@type":"PropertyValueSpecification","valueRequired":true,"valueName":"search_term_string"}}],"inLanguage":"de"},{"@type":"Organization","@id":"https:\/\/www.walraven.com\/de\/#organization","name":"Walraven GmbH","alternateName":"Walraven GmbH","url":"https:\/\/www.walraven.com\/de\/","logo":{"@type":"ImageObject","inLanguage":"de","@id":"https:\/\/www.walraven.com\/de\/#\/schema\/logo\/image\/","url":"https:\/\/www.walraven.com\/de\/wp-content\/uploads\/sites\/4\/2023\/12\/Walraven_logo300x300.jpg","contentUrl":"https:\/\/www.walraven.com\/de\/wp-content\/uploads\/sites\/4\/2023\/12\/Walraven_logo300x300.jpg","width":300,"height":300,"caption":"Walraven GmbH"},"image":{"@id":"https:\/\/www.walraven.com\/de\/#\/schema\/logo\/image\/"},"sameAs":["https:\/\/www.facebook.com\/Walraven.GmbH","https:\/\/x.com\/BIS_Tech","https:\/\/www.youtube.com\/WalravenDE","https:\/\/www.linkedin.com\/company\/walraven-gmbh","https:\/\/www.instagram.com\/walraven.gmbh\/"]}]}},"_links":{"self":[{"href":"https:\/\/www.walraven.com\/de\/wp-json\/wp\/v2\/pages\/88748","targetHints":{"allow":["GET"]}}],"collection":[{"href":"https:\/\/www.walraven.com\/de\/wp-json\/wp\/v2\/pages"}],"about":[{"href":"https:\/\/www.walraven.com\/de\/wp-json\/wp\/v2\/types\/page"}],"author":[{"embeddable":true,"href":"https:\/\/www.walraven.com\/de\/wp-json\/wp\/v2\/users\/74"}],"replies":[{"embeddable":true,"href":"https:\/\/www.walraven.com\/de\/wp-json\/wp\/v2\/comments?post=88748"}],"version-history":[{"count":6,"href":"https:\/\/www.walraven.com\/de\/wp-json\/wp\/v2\/pages\/88748\/revisions"}],"predecessor-version":[{"id":93023,"href":"https:\/\/www.walraven.com\/de\/wp-json\/wp\/v2\/pages\/88748\/revisions\/93023"}],"up":[{"embeddable":true,"href":"https:\/\/www.walraven.com\/de\/wp-json\/wp\/v2\/pages\/78959"}],"wp:featuredmedia":[{"embeddable":true,"href":"https:\/\/www.walraven.com\/de\/wp-json\/wp\/v2\/media\/88857"}],"wp:attachment":[{"href":"https:\/\/www.walraven.com\/de\/wp-json\/wp\/v2\/media?parent=88748"}],"curies":[{"name":"wp","href":"https:\/\/api.w.org\/{rel}","templated":true}]}}