{"id":89863,"date":"2024-04-16T08:53:10","date_gmt":"2024-04-16T06:53:10","guid":{"rendered":"https:\/\/www.walraven.com\/de\/?page_id=89863"},"modified":"2025-07-11T16:07:50","modified_gmt":"2025-07-11T14:07:50","slug":"kaelterohrtraeger-geg-waermedaemmung","status":"publish","type":"page","link":"https:\/\/www.walraven.com\/de\/kaelterohrtraeger-geg-waermedaemmung\/","title":{"rendered":"GEG 2024 - W\u00e4rmed\u00e4mmung von Rohrleitungen und Armaturen"},"content":{"rendered":"","protected":false},"excerpt":{"rendered":"<p>Eine Zusammenstellung aller Passagen aus dem Geb\u00e4udeenergiegesetz, die f\u00fcr die Rohrleitungsd\u00e4mmung und deren Befestigung relevant sind:<\/p>\n<p>W\u00e4rmed\u00e4mmung von Rohrleitungen und Armaturen<\/p>\n<p>\u00a7 69 | W\u00e4rmeverteilungs- und Warmwasserleitungen sowie Armaturen<\/p>\n<p>(1) Werden W\u00e4rmeverteilungs- und Warmwasserleitungen sowie Armaturen erstmalig in ein Geb\u00e4ude eingebaut oder werden sie ersetzt, hat der Bauherr oder der Eigent\u00fcmer daf\u00fcr Sorge zu tragen, dass die W\u00e4rmeabgabe der Rohrleitungen und Armaturen nach Anlage 8 begrenzt wird.<\/p>\n","protected":false},"author":74,"featured_media":0,"parent":0,"menu_order":0,"comment_status":"closed","ping_status":"closed","template":"page-templates\/tpl-landingspage.php","meta":{"_acf_changed":false,"footnotes":""},"class_list":["post-89863","page","type-page","status-publish","hentry"],"acf":[],"yoast_head":"<!-- This site is optimized with the Yoast SEO Premium plugin v27.3 (Yoast SEO v27.3) - https:\/\/yoast.com\/product\/yoast-seo-premium-wordpress\/ -->\n<title>GEG 2024 - W\u00e4rmed\u00e4mmung von Rohrleitungen und Armaturen<\/title>\n<meta name=\"description\" content=\"Eine Zusammenstellung aller Passagen aus dem Geb\u00e4udeenergiegesetz, die f\u00fcr die Rohrleitungsd\u00e4mmung und deren Befestigung relevant sind.\" \/>\n<meta name=\"robots\" content=\"index, follow, max-snippet:-1, max-image-preview:large, max-video-preview:-1\" \/>\n<link rel=\"canonical\" href=\"https:\/\/www.walraven.com\/de\/kaelterohrtraeger-geg-waermedaemmung\/\" \/>\n<meta property=\"og:locale\" content=\"de_DE\" \/>\n<meta property=\"og:type\" content=\"article\" \/>\n<meta property=\"og:title\" content=\"GEG 2024 - W\u00e4rmed\u00e4mmung von Rohrleitungen und Armaturen\" \/>\n<meta property=\"og:description\" content=\"Eine Zusammenstellung aller Passagen aus dem Geb\u00e4udeenergiegesetz, die f\u00fcr die Rohrleitungsd\u00e4mmung und deren Befestigung relevant sind.\" \/>\n<meta property=\"og:url\" content=\"https:\/\/www.walraven.com\/de\/kaelterohrtraeger-geg-waermedaemmung\/\" \/>\n<meta property=\"og:site_name\" content=\"Walraven Deutschland\" \/>\n<meta property=\"article:publisher\" content=\"https:\/\/www.facebook.com\/Walraven.GmbH\" \/>\n<meta property=\"article:modified_time\" content=\"2025-07-11T14:07:50+00:00\" \/>\n<meta name=\"twitter:card\" content=\"summary_large_image\" \/>\n<meta name=\"twitter:site\" content=\"@BIS_Tech\" \/>\n<meta name=\"twitter:label1\" content=\"Gesch\u00e4tzte Lesezeit\" \/>\n\t<meta name=\"twitter:data1\" content=\"5\u00a0Minuten\" \/>\n<script type=\"application\/ld+json\" class=\"yoast-schema-graph\">{\"@context\":\"https:\\\/\\\/schema.org\",\"@graph\":[{\"@type\":\"WebPage\",\"@id\":\"https:\\\/\\\/www.walraven.com\\\/de\\\/kaelterohrtraeger-geg-waermedaemmung\\\/\",\"url\":\"https:\\\/\\\/www.walraven.com\\\/de\\\/kaelterohrtraeger-geg-waermedaemmung\\\/\",\"name\":\"GEG 2024 - W\u00e4rmed\u00e4mmung von Rohrleitungen und Armaturen\",\"isPartOf\":{\"@id\":\"https:\\\/\\\/www.walraven.com\\\/de\\\/#website\"},\"datePublished\":\"2024-04-16T06:53:10+00:00\",\"dateModified\":\"2025-07-11T14:07:50+00:00\",\"description\":\"Eine Zusammenstellung aller Passagen aus dem Geb\u00e4udeenergiegesetz, die f\u00fcr die Rohrleitungsd\u00e4mmung und deren Befestigung relevant sind.\",\"breadcrumb\":{\"@id\":\"https:\\\/\\\/www.walraven.com\\\/de\\\/kaelterohrtraeger-geg-waermedaemmung\\\/#breadcrumb\"},\"inLanguage\":\"de\",\"potentialAction\":[{\"@type\":\"ReadAction\",\"target\":[\"https:\\\/\\\/www.walraven.com\\\/de\\\/kaelterohrtraeger-geg-waermedaemmung\\\/\"]}]},{\"@type\":\"BreadcrumbList\",\"@id\":\"https:\\\/\\\/www.walraven.com\\\/de\\\/kaelterohrtraeger-geg-waermedaemmung\\\/#breadcrumb\",\"itemListElement\":[{\"@type\":\"ListItem\",\"position\":1,\"name\":\"Startseite\",\"item\":\"https:\\\/\\\/www.walraven.com\\\/de\\\/\"},{\"@type\":\"ListItem\",\"position\":2,\"name\":\"GEG 2024 &#8211; W\u00e4rmed\u00e4mmung von Rohrleitungen und Armaturen\"}]},{\"@type\":\"WebSite\",\"@id\":\"https:\\\/\\\/www.walraven.com\\\/de\\\/#website\",\"url\":\"https:\\\/\\\/www.walraven.com\\\/de\\\/\",\"name\":\"Walraven Deutschland\",\"description\":\"\",\"publisher\":{\"@id\":\"https:\\\/\\\/www.walraven.com\\\/de\\\/#organization\"},\"potentialAction\":[{\"@type\":\"SearchAction\",\"target\":{\"@type\":\"EntryPoint\",\"urlTemplate\":\"https:\\\/\\\/www.walraven.com\\\/de\\\/?s={search_term_string}\"},\"query-input\":{\"@type\":\"PropertyValueSpecification\",\"valueRequired\":true,\"valueName\":\"search_term_string\"}}],\"inLanguage\":\"de\"},{\"@type\":\"Organization\",\"@id\":\"https:\\\/\\\/www.walraven.com\\\/de\\\/#organization\",\"name\":\"Walraven GmbH\",\"alternateName\":\"Walraven GmbH\",\"url\":\"https:\\\/\\\/www.walraven.com\\\/de\\\/\",\"logo\":{\"@type\":\"ImageObject\",\"inLanguage\":\"de\",\"@id\":\"https:\\\/\\\/www.walraven.com\\\/de\\\/#\\\/schema\\\/logo\\\/image\\\/\",\"url\":\"https:\\\/\\\/www.walraven.com\\\/de\\\/wp-content\\\/uploads\\\/sites\\\/4\\\/2023\\\/12\\\/Walraven_logo300x300.jpg\",\"contentUrl\":\"https:\\\/\\\/www.walraven.com\\\/de\\\/wp-content\\\/uploads\\\/sites\\\/4\\\/2023\\\/12\\\/Walraven_logo300x300.jpg\",\"width\":300,\"height\":300,\"caption\":\"Walraven GmbH\"},\"image\":{\"@id\":\"https:\\\/\\\/www.walraven.com\\\/de\\\/#\\\/schema\\\/logo\\\/image\\\/\"},\"sameAs\":[\"https:\\\/\\\/www.facebook.com\\\/Walraven.GmbH\",\"https:\\\/\\\/x.com\\\/BIS_Tech\",\"https:\\\/\\\/www.youtube.com\\\/WalravenDE\",\"https:\\\/\\\/www.linkedin.com\\\/company\\\/walraven-gmbh\",\"https:\\\/\\\/www.instagram.com\\\/walraven.gmbh\\\/\"]}]}<\/script>\n<!-- \/ Yoast SEO Premium plugin. -->","yoast_head_json":{"title":"GEG 2024 - W\u00e4rmed\u00e4mmung von Rohrleitungen und Armaturen","description":"Eine Zusammenstellung aller Passagen aus dem Geb\u00e4udeenergiegesetz, die f\u00fcr die Rohrleitungsd\u00e4mmung und deren Befestigung relevant sind.","robots":{"index":"index","follow":"follow","max-snippet":"max-snippet:-1","max-image-preview":"max-image-preview:large","max-video-preview":"max-video-preview:-1"},"canonical":"https:\/\/www.walraven.com\/de\/kaelterohrtraeger-geg-waermedaemmung\/","og_locale":"de_DE","og_type":"article","og_title":"GEG 2024 - W\u00e4rmed\u00e4mmung von Rohrleitungen und Armaturen","og_description":"Eine Zusammenstellung aller Passagen aus dem Geb\u00e4udeenergiegesetz, die f\u00fcr die Rohrleitungsd\u00e4mmung und deren Befestigung relevant sind.","og_url":"https:\/\/www.walraven.com\/de\/kaelterohrtraeger-geg-waermedaemmung\/","og_site_name":"Walraven Deutschland","article_publisher":"https:\/\/www.facebook.com\/Walraven.GmbH","article_modified_time":"2025-07-11T14:07:50+00:00","twitter_card":"summary_large_image","twitter_site":"@BIS_Tech","twitter_misc":{"Gesch\u00e4tzte Lesezeit":"5\u00a0Minuten"},"schema":{"@context":"https:\/\/schema.org","@graph":[{"@type":"WebPage","@id":"https:\/\/www.walraven.com\/de\/kaelterohrtraeger-geg-waermedaemmung\/","url":"https:\/\/www.walraven.com\/de\/kaelterohrtraeger-geg-waermedaemmung\/","name":"GEG 2024 - W\u00e4rmed\u00e4mmung von Rohrleitungen und Armaturen","isPartOf":{"@id":"https:\/\/www.walraven.com\/de\/#website"},"datePublished":"2024-04-16T06:53:10+00:00","dateModified":"2025-07-11T14:07:50+00:00","description":"Eine Zusammenstellung aller Passagen aus dem Geb\u00e4udeenergiegesetz, die f\u00fcr die Rohrleitungsd\u00e4mmung und deren Befestigung relevant sind.","breadcrumb":{"@id":"https:\/\/www.walraven.com\/de\/kaelterohrtraeger-geg-waermedaemmung\/#breadcrumb"},"inLanguage":"de","potentialAction":[{"@type":"ReadAction","target":["https:\/\/www.walraven.com\/de\/kaelterohrtraeger-geg-waermedaemmung\/"]}]},{"@type":"BreadcrumbList","@id":"https:\/\/www.walraven.com\/de\/kaelterohrtraeger-geg-waermedaemmung\/#breadcrumb","itemListElement":[{"@type":"ListItem","position":1,"name":"Startseite","item":"https:\/\/www.walraven.com\/de\/"},{"@type":"ListItem","position":2,"name":"GEG 2024 &#8211; W\u00e4rmed\u00e4mmung von Rohrleitungen und Armaturen"}]},{"@type":"WebSite","@id":"https:\/\/www.walraven.com\/de\/#website","url":"https:\/\/www.walraven.com\/de\/","name":"Walraven Deutschland","description":"","publisher":{"@id":"https:\/\/www.walraven.com\/de\/#organization"},"potentialAction":[{"@type":"SearchAction","target":{"@type":"EntryPoint","urlTemplate":"https:\/\/www.walraven.com\/de\/?s={search_term_string}"},"query-input":{"@type":"PropertyValueSpecification","valueRequired":true,"valueName":"search_term_string"}}],"inLanguage":"de"},{"@type":"Organization","@id":"https:\/\/www.walraven.com\/de\/#organization","name":"Walraven GmbH","alternateName":"Walraven GmbH","url":"https:\/\/www.walraven.com\/de\/","logo":{"@type":"ImageObject","inLanguage":"de","@id":"https:\/\/www.walraven.com\/de\/#\/schema\/logo\/image\/","url":"https:\/\/www.walraven.com\/de\/wp-content\/uploads\/sites\/4\/2023\/12\/Walraven_logo300x300.jpg","contentUrl":"https:\/\/www.walraven.com\/de\/wp-content\/uploads\/sites\/4\/2023\/12\/Walraven_logo300x300.jpg","width":300,"height":300,"caption":"Walraven GmbH"},"image":{"@id":"https:\/\/www.walraven.com\/de\/#\/schema\/logo\/image\/"},"sameAs":["https:\/\/www.facebook.com\/Walraven.GmbH","https:\/\/x.com\/BIS_Tech","https:\/\/www.youtube.com\/WalravenDE","https:\/\/www.linkedin.com\/company\/walraven-gmbh","https:\/\/www.instagram.com\/walraven.gmbh\/"]}]}},"_links":{"self":[{"href":"https:\/\/www.walraven.com\/de\/wp-json\/wp\/v2\/pages\/89863","targetHints":{"allow":["GET"]}}],"collection":[{"href":"https:\/\/www.walraven.com\/de\/wp-json\/wp\/v2\/pages"}],"about":[{"href":"https:\/\/www.walraven.com\/de\/wp-json\/wp\/v2\/types\/page"}],"author":[{"embeddable":true,"href":"https:\/\/www.walraven.com\/de\/wp-json\/wp\/v2\/users\/74"}],"replies":[{"embeddable":true,"href":"https:\/\/www.walraven.com\/de\/wp-json\/wp\/v2\/comments?post=89863"}],"version-history":[{"count":5,"href":"https:\/\/www.walraven.com\/de\/wp-json\/wp\/v2\/pages\/89863\/revisions"}],"predecessor-version":[{"id":137974,"href":"https:\/\/www.walraven.com\/de\/wp-json\/wp\/v2\/pages\/89863\/revisions\/137974"}],"wp:attachment":[{"href":"https:\/\/www.walraven.com\/de\/wp-json\/wp\/v2\/media?parent=89863"}],"curies":[{"name":"wp","href":"https:\/\/api.w.org\/{rel}","templated":true}]}}