{"id":93202,"date":"2024-12-11T16:39:03","date_gmt":"2024-12-11T15:39:03","guid":{"rendered":"https:\/\/www.walraven.com\/?page_id=136329"},"modified":"2025-03-04T10:22:31","modified_gmt":"2025-03-04T09:22:31","slug":"walraven-schienenberechnung","status":"publish","type":"page","link":"https:\/\/www.walraven.com\/de\/walraven-schienenberechnung\/","title":{"rendered":"Walraven Schienenberechnung: Ihre zuverl\u00e4ssige Software f\u00fcr statische Berechnungen"},"content":{"rendered":"<p>Walraven Rail Selector is your trusted tool for performing structural calculations to select the proper Walraven fixing rails. Whether you are working with point or uniformly distributed loads, our tool ensures that your design meets safety and performance. Select your fixing rail type, define the supports, input your load values, and let the Walraven Rail Selector calculate the maximum stress and deflection for your specific situation. Start optimising your projects with confidence today!<\/p>\n<p>Don\u2019t forget to download the structural report to save your calculations.<br \/>\nIf you have any questions, do not hesitate to contact our <a href=\"https:\/\/www.walraven.com\/int\/contact\/\">Technical Support Team<\/a>.<\/p>\n<p>For more detailed information related to user interface and structural calculations, please take a look at the user manual.<\/p>\n<p>Your browser does not support iframes.&nbsp;<\/p>\n<p>&nbsp;<\/p>\n","protected":false},"excerpt":{"rendered":"<p>Walraven Rail Selector is your trusted tool for performing structural calculations to select the proper Walraven fixing rails. Whether you are working with point or uniformly distributed loads, our tool ensures that your design meets safety and performance. Select your fixing rail type, define the supports, input your load values, and let the Walraven Rail [&hellip;]<\/p>\n","protected":false},"author":43,"featured_media":0,"parent":0,"menu_order":0,"comment_status":"closed","ping_status":"closed","template":"page-templates\/tpl-landingspage.php","meta":{"_acf_changed":false,"footnotes":""},"class_list":["post-93202","page","type-page","status-publish","hentry"],"acf":[],"yoast_head":"<!-- This site is optimized with the Yoast SEO Premium plugin v27.3 (Yoast SEO v27.3) - https:\/\/yoast.com\/product\/yoast-seo-premium-wordpress\/ -->\n<title>Walraven Schienenberechnung f\u00fcr statische Berechnungen<\/title>\n<meta name=\"description\" content=\"Die Walraven Schienenberechnung ist Ihr zuverl\u00e4ssiges Tool zur Durchf\u00fchrung statischer Berechnungen f\u00fcr die Auswahl von Montageschienen.\" \/>\n<meta name=\"robots\" content=\"index, follow, max-snippet:-1, max-image-preview:large, max-video-preview:-1\" \/>\n<link rel=\"canonical\" href=\"https:\/\/www.walraven.com\/de\/walraven-schienenberechnung\/\" \/>\n<meta property=\"og:locale\" content=\"de_DE\" \/>\n<meta property=\"og:type\" content=\"article\" \/>\n<meta property=\"og:title\" content=\"Walraven Schienenberechnung: Ihre zuverl\u00e4ssige Software f\u00fcr statische Berechnungen\" \/>\n<meta property=\"og:description\" content=\"Die Walraven Schienenberechnung ist Ihr zuverl\u00e4ssiges Tool zur Durchf\u00fchrung statischer Berechnungen f\u00fcr die Auswahl von Montageschienen.\" \/>\n<meta property=\"og:url\" content=\"https:\/\/www.walraven.com\/de\/walraven-schienenberechnung\/\" \/>\n<meta property=\"og:site_name\" content=\"Walraven Deutschland\" \/>\n<meta property=\"article:publisher\" content=\"https:\/\/www.facebook.com\/Walraven.GmbH\" \/>\n<meta property=\"article:modified_time\" content=\"2025-03-04T09:22:31+00:00\" \/>\n<meta name=\"twitter:card\" content=\"summary_large_image\" \/>\n<meta name=\"twitter:site\" content=\"@BIS_Tech\" \/>\n<meta name=\"twitter:label1\" content=\"Gesch\u00e4tzte Lesezeit\" \/>\n\t<meta name=\"twitter:data1\" content=\"2\u00a0Minuten\" \/>\n<script type=\"application\/ld+json\" class=\"yoast-schema-graph\">{\"@context\":\"https:\\\/\\\/schema.org\",\"@graph\":[{\"@type\":\"WebPage\",\"@id\":\"https:\\\/\\\/www.walraven.com\\\/de\\\/walraven-schienenberechnung\\\/\",\"url\":\"https:\\\/\\\/www.walraven.com\\\/de\\\/walraven-schienenberechnung\\\/\",\"name\":\"Walraven Schienenberechnung f\u00fcr statische Berechnungen\",\"isPartOf\":{\"@id\":\"https:\\\/\\\/www.walraven.com\\\/de\\\/#website\"},\"datePublished\":\"2024-12-11T15:39:03+00:00\",\"dateModified\":\"2025-03-04T09:22:31+00:00\",\"description\":\"Die Walraven Schienenberechnung ist Ihr zuverl\u00e4ssiges Tool zur Durchf\u00fchrung statischer Berechnungen f\u00fcr die Auswahl von Montageschienen.\",\"breadcrumb\":{\"@id\":\"https:\\\/\\\/www.walraven.com\\\/de\\\/walraven-schienenberechnung\\\/#breadcrumb\"},\"inLanguage\":\"de\",\"potentialAction\":[{\"@type\":\"ReadAction\",\"target\":[\"https:\\\/\\\/www.walraven.com\\\/de\\\/walraven-schienenberechnung\\\/\"]}]},{\"@type\":\"BreadcrumbList\",\"@id\":\"https:\\\/\\\/www.walraven.com\\\/de\\\/walraven-schienenberechnung\\\/#breadcrumb\",\"itemListElement\":[{\"@type\":\"ListItem\",\"position\":1,\"name\":\"Startseite\",\"item\":\"https:\\\/\\\/www.walraven.com\\\/de\\\/\"},{\"@type\":\"ListItem\",\"position\":2,\"name\":\"Walraven Schienenberechnung: Ihre zuverl\u00e4ssige Software f\u00fcr statische Berechnungen\"}]},{\"@type\":\"WebSite\",\"@id\":\"https:\\\/\\\/www.walraven.com\\\/de\\\/#website\",\"url\":\"https:\\\/\\\/www.walraven.com\\\/de\\\/\",\"name\":\"Walraven Deutschland\",\"description\":\"\",\"publisher\":{\"@id\":\"https:\\\/\\\/www.walraven.com\\\/de\\\/#organization\"},\"potentialAction\":[{\"@type\":\"SearchAction\",\"target\":{\"@type\":\"EntryPoint\",\"urlTemplate\":\"https:\\\/\\\/www.walraven.com\\\/de\\\/?s={search_term_string}\"},\"query-input\":{\"@type\":\"PropertyValueSpecification\",\"valueRequired\":true,\"valueName\":\"search_term_string\"}}],\"inLanguage\":\"de\"},{\"@type\":\"Organization\",\"@id\":\"https:\\\/\\\/www.walraven.com\\\/de\\\/#organization\",\"name\":\"Walraven GmbH\",\"alternateName\":\"Walraven GmbH\",\"url\":\"https:\\\/\\\/www.walraven.com\\\/de\\\/\",\"logo\":{\"@type\":\"ImageObject\",\"inLanguage\":\"de\",\"@id\":\"https:\\\/\\\/www.walraven.com\\\/de\\\/#\\\/schema\\\/logo\\\/image\\\/\",\"url\":\"https:\\\/\\\/www.walraven.com\\\/de\\\/wp-content\\\/uploads\\\/sites\\\/4\\\/2023\\\/12\\\/Walraven_logo300x300.jpg\",\"contentUrl\":\"https:\\\/\\\/www.walraven.com\\\/de\\\/wp-content\\\/uploads\\\/sites\\\/4\\\/2023\\\/12\\\/Walraven_logo300x300.jpg\",\"width\":300,\"height\":300,\"caption\":\"Walraven GmbH\"},\"image\":{\"@id\":\"https:\\\/\\\/www.walraven.com\\\/de\\\/#\\\/schema\\\/logo\\\/image\\\/\"},\"sameAs\":[\"https:\\\/\\\/www.facebook.com\\\/Walraven.GmbH\",\"https:\\\/\\\/x.com\\\/BIS_Tech\",\"https:\\\/\\\/www.youtube.com\\\/WalravenDE\",\"https:\\\/\\\/www.linkedin.com\\\/company\\\/walraven-gmbh\",\"https:\\\/\\\/www.instagram.com\\\/walraven.gmbh\\\/\"]}]}<\/script>\n<!-- \/ Yoast SEO Premium plugin. -->","yoast_head_json":{"title":"Walraven Schienenberechnung f\u00fcr statische Berechnungen","description":"Die Walraven Schienenberechnung ist Ihr zuverl\u00e4ssiges Tool zur Durchf\u00fchrung statischer Berechnungen f\u00fcr die Auswahl von Montageschienen.","robots":{"index":"index","follow":"follow","max-snippet":"max-snippet:-1","max-image-preview":"max-image-preview:large","max-video-preview":"max-video-preview:-1"},"canonical":"https:\/\/www.walraven.com\/de\/walraven-schienenberechnung\/","og_locale":"de_DE","og_type":"article","og_title":"Walraven Schienenberechnung: Ihre zuverl\u00e4ssige Software f\u00fcr statische Berechnungen","og_description":"Die Walraven Schienenberechnung ist Ihr zuverl\u00e4ssiges Tool zur Durchf\u00fchrung statischer Berechnungen f\u00fcr die Auswahl von Montageschienen.","og_url":"https:\/\/www.walraven.com\/de\/walraven-schienenberechnung\/","og_site_name":"Walraven Deutschland","article_publisher":"https:\/\/www.facebook.com\/Walraven.GmbH","article_modified_time":"2025-03-04T09:22:31+00:00","twitter_card":"summary_large_image","twitter_site":"@BIS_Tech","twitter_misc":{"Gesch\u00e4tzte Lesezeit":"2\u00a0Minuten"},"schema":{"@context":"https:\/\/schema.org","@graph":[{"@type":"WebPage","@id":"https:\/\/www.walraven.com\/de\/walraven-schienenberechnung\/","url":"https:\/\/www.walraven.com\/de\/walraven-schienenberechnung\/","name":"Walraven Schienenberechnung f\u00fcr statische Berechnungen","isPartOf":{"@id":"https:\/\/www.walraven.com\/de\/#website"},"datePublished":"2024-12-11T15:39:03+00:00","dateModified":"2025-03-04T09:22:31+00:00","description":"Die Walraven Schienenberechnung ist Ihr zuverl\u00e4ssiges Tool zur Durchf\u00fchrung statischer Berechnungen f\u00fcr die Auswahl von Montageschienen.","breadcrumb":{"@id":"https:\/\/www.walraven.com\/de\/walraven-schienenberechnung\/#breadcrumb"},"inLanguage":"de","potentialAction":[{"@type":"ReadAction","target":["https:\/\/www.walraven.com\/de\/walraven-schienenberechnung\/"]}]},{"@type":"BreadcrumbList","@id":"https:\/\/www.walraven.com\/de\/walraven-schienenberechnung\/#breadcrumb","itemListElement":[{"@type":"ListItem","position":1,"name":"Startseite","item":"https:\/\/www.walraven.com\/de\/"},{"@type":"ListItem","position":2,"name":"Walraven Schienenberechnung: Ihre zuverl\u00e4ssige Software f\u00fcr statische Berechnungen"}]},{"@type":"WebSite","@id":"https:\/\/www.walraven.com\/de\/#website","url":"https:\/\/www.walraven.com\/de\/","name":"Walraven Deutschland","description":"","publisher":{"@id":"https:\/\/www.walraven.com\/de\/#organization"},"potentialAction":[{"@type":"SearchAction","target":{"@type":"EntryPoint","urlTemplate":"https:\/\/www.walraven.com\/de\/?s={search_term_string}"},"query-input":{"@type":"PropertyValueSpecification","valueRequired":true,"valueName":"search_term_string"}}],"inLanguage":"de"},{"@type":"Organization","@id":"https:\/\/www.walraven.com\/de\/#organization","name":"Walraven GmbH","alternateName":"Walraven GmbH","url":"https:\/\/www.walraven.com\/de\/","logo":{"@type":"ImageObject","inLanguage":"de","@id":"https:\/\/www.walraven.com\/de\/#\/schema\/logo\/image\/","url":"https:\/\/www.walraven.com\/de\/wp-content\/uploads\/sites\/4\/2023\/12\/Walraven_logo300x300.jpg","contentUrl":"https:\/\/www.walraven.com\/de\/wp-content\/uploads\/sites\/4\/2023\/12\/Walraven_logo300x300.jpg","width":300,"height":300,"caption":"Walraven GmbH"},"image":{"@id":"https:\/\/www.walraven.com\/de\/#\/schema\/logo\/image\/"},"sameAs":["https:\/\/www.facebook.com\/Walraven.GmbH","https:\/\/x.com\/BIS_Tech","https:\/\/www.youtube.com\/WalravenDE","https:\/\/www.linkedin.com\/company\/walraven-gmbh","https:\/\/www.instagram.com\/walraven.gmbh\/"]}]}},"_links":{"self":[{"href":"https:\/\/www.walraven.com\/de\/wp-json\/wp\/v2\/pages\/93202","targetHints":{"allow":["GET"]}}],"collection":[{"href":"https:\/\/www.walraven.com\/de\/wp-json\/wp\/v2\/pages"}],"about":[{"href":"https:\/\/www.walraven.com\/de\/wp-json\/wp\/v2\/types\/page"}],"author":[{"embeddable":true,"href":"https:\/\/www.walraven.com\/de\/wp-json\/wp\/v2\/users\/43"}],"replies":[{"embeddable":true,"href":"https:\/\/www.walraven.com\/de\/wp-json\/wp\/v2\/comments?post=93202"}],"version-history":[{"count":6,"href":"https:\/\/www.walraven.com\/de\/wp-json\/wp\/v2\/pages\/93202\/revisions"}],"predecessor-version":[{"id":93748,"href":"https:\/\/www.walraven.com\/de\/wp-json\/wp\/v2\/pages\/93202\/revisions\/93748"}],"wp:attachment":[{"href":"https:\/\/www.walraven.com\/de\/wp-json\/wp\/v2\/media?parent=93202"}],"curies":[{"name":"wp","href":"https:\/\/api.w.org\/{rel}","templated":true}]}}