{"id":93572,"date":"2025-02-17T13:40:40","date_gmt":"2025-02-17T12:40:40","guid":{"rendered":"https:\/\/www.walraven.com\/de\/?page_id=93572"},"modified":"2025-11-13T15:23:04","modified_gmt":"2025-11-13T14:23:04","slug":"brandschutz-im-holzbau","status":"publish","type":"page","link":"https:\/\/www.walraven.com\/de\/brandschutz-im-holzbau\/","title":{"rendered":"Brandschutz im Holzbau"},"content":{"rendered":"","protected":false},"excerpt":{"rendered":"<p>Nachhaltiges Bauen mit Holz wird immer beliebter, insbesondere im mehrgeschossigen Bau mit Brettsperrholz (CLT). Dieser Werkstoff ist tragf\u00e4hig, vielseitig einsetzbar und verbessert die Wohnqualit\u00e4t. Obwohl Holz als \u201enormal entflammbar\u201c klassifiziert ist, kann es je nach Konstruktion einen vergleichbaren Feuerwiderstand wie Beton oder Mauerwerk bieten.<\/p>\n<p>Ein wichtiger Aspekt im Holzbau ist der bauliche Brandschutz, insbesondere bei Elektro- und Rohrinstallationen, die raumabschlie\u00dfende Bauteile durchdringen. Brandabschottungen m\u00fcssen hier die gleiche Feuerwiderstandsklasse wie die Holzbauteile erf\u00fcllen. Da sich Holz im Brandfall anders verh\u00e4lt als Massivbauteile, sind spezielle Pr\u00fcfungen erforderlich.<\/p>\n","protected":false},"author":74,"featured_media":93574,"parent":0,"menu_order":0,"comment_status":"closed","ping_status":"closed","template":"page-templates\/tpl-landingspage.php","meta":{"_acf_changed":false,"footnotes":""},"class_list":["post-93572","page","type-page","status-publish","has-post-thumbnail","hentry"],"acf":[],"yoast_head":"<!-- This site is optimized with the Yoast SEO Premium plugin v27.3 (Yoast SEO v27.3) - https:\/\/yoast.com\/product\/yoast-seo-premium-wordpress\/ -->\n<title>Brandschutz im Holzbau - Walraven Deutschland<\/title>\n<meta name=\"description\" content=\"Brandschutz im Holzbau: Moderne Brandschutzl\u00f6sungen f\u00fcr CLT-Holzw\u00e4nde &amp; -decken. Umfangreiche Anwendungsm\u00f6glichkeiten.\" \/>\n<meta name=\"robots\" content=\"index, follow, max-snippet:-1, max-image-preview:large, max-video-preview:-1\" \/>\n<link rel=\"canonical\" href=\"https:\/\/www.walraven.com\/de\/brandschutz-im-holzbau\/\" \/>\n<meta property=\"og:locale\" content=\"de_DE\" \/>\n<meta property=\"og:type\" content=\"article\" \/>\n<meta property=\"og:title\" content=\"Brandschutz im Holzbau\" \/>\n<meta property=\"og:description\" content=\"Brandschutz im Holzbau: Moderne Brandschutzl\u00f6sungen f\u00fcr CLT-Holzw\u00e4nde &amp; -decken. Umfangreiche Anwendungsm\u00f6glichkeiten.\" \/>\n<meta property=\"og:url\" content=\"https:\/\/www.walraven.com\/de\/brandschutz-im-holzbau\/\" \/>\n<meta property=\"og:site_name\" content=\"Walraven Deutschland\" \/>\n<meta property=\"article:publisher\" content=\"https:\/\/www.facebook.com\/Walraven.GmbH\" \/>\n<meta property=\"article:modified_time\" content=\"2025-11-13T14:23:04+00:00\" \/>\n<meta property=\"og:image\" content=\"https:\/\/www.walraven.com\/de\/wp-content\/uploads\/sites\/4\/2025\/02\/rohr-und-kabelabschottungen-im-holzbau.jpg\" \/>\n\t<meta property=\"og:image:width\" content=\"2500\" \/>\n\t<meta property=\"og:image:height\" content=\"1064\" \/>\n\t<meta property=\"og:image:type\" content=\"image\/jpeg\" \/>\n<meta name=\"twitter:card\" content=\"summary_large_image\" \/>\n<meta name=\"twitter:site\" content=\"@BIS_Tech\" \/>\n<meta name=\"twitter:label1\" content=\"Gesch\u00e4tzte Lesezeit\" \/>\n\t<meta name=\"twitter:data1\" content=\"8\u00a0Minuten\" \/>\n<script type=\"application\/ld+json\" class=\"yoast-schema-graph\">{\"@context\":\"https:\\\/\\\/schema.org\",\"@graph\":[{\"@type\":\"WebPage\",\"@id\":\"https:\\\/\\\/www.walraven.com\\\/de\\\/brandschutz-im-holzbau\\\/\",\"url\":\"https:\\\/\\\/www.walraven.com\\\/de\\\/brandschutz-im-holzbau\\\/\",\"name\":\"Brandschutz im Holzbau - Walraven Deutschland\",\"isPartOf\":{\"@id\":\"https:\\\/\\\/www.walraven.com\\\/de\\\/#website\"},\"primaryImageOfPage\":{\"@id\":\"https:\\\/\\\/www.walraven.com\\\/de\\\/brandschutz-im-holzbau\\\/#primaryimage\"},\"image\":{\"@id\":\"https:\\\/\\\/www.walraven.com\\\/de\\\/brandschutz-im-holzbau\\\/#primaryimage\"},\"thumbnailUrl\":\"https:\\\/\\\/www.walraven.com\\\/de\\\/wp-content\\\/uploads\\\/sites\\\/4\\\/2025\\\/02\\\/rohr-und-kabelabschottungen-im-holzbau.jpg\",\"datePublished\":\"2025-02-17T12:40:40+00:00\",\"dateModified\":\"2025-11-13T14:23:04+00:00\",\"description\":\"Brandschutz im Holzbau: Moderne Brandschutzl\u00f6sungen f\u00fcr CLT-Holzw\u00e4nde & -decken. Umfangreiche Anwendungsm\u00f6glichkeiten.\",\"breadcrumb\":{\"@id\":\"https:\\\/\\\/www.walraven.com\\\/de\\\/brandschutz-im-holzbau\\\/#breadcrumb\"},\"inLanguage\":\"de\",\"potentialAction\":[{\"@type\":\"ReadAction\",\"target\":[\"https:\\\/\\\/www.walraven.com\\\/de\\\/brandschutz-im-holzbau\\\/\"]}]},{\"@type\":\"ImageObject\",\"inLanguage\":\"de\",\"@id\":\"https:\\\/\\\/www.walraven.com\\\/de\\\/brandschutz-im-holzbau\\\/#primaryimage\",\"url\":\"https:\\\/\\\/www.walraven.com\\\/de\\\/wp-content\\\/uploads\\\/sites\\\/4\\\/2025\\\/02\\\/rohr-und-kabelabschottungen-im-holzbau.jpg\",\"contentUrl\":\"https:\\\/\\\/www.walraven.com\\\/de\\\/wp-content\\\/uploads\\\/sites\\\/4\\\/2025\\\/02\\\/rohr-und-kabelabschottungen-im-holzbau.jpg\",\"width\":2500,\"height\":1064,\"caption\":\"Rohr- und Kabelabschottungen im Holzbau. Abgebildet ist ein Haus im Holzbau-Stil.\"},{\"@type\":\"BreadcrumbList\",\"@id\":\"https:\\\/\\\/www.walraven.com\\\/de\\\/brandschutz-im-holzbau\\\/#breadcrumb\",\"itemListElement\":[{\"@type\":\"ListItem\",\"position\":1,\"name\":\"Startseite\",\"item\":\"https:\\\/\\\/www.walraven.com\\\/de\\\/\"},{\"@type\":\"ListItem\",\"position\":2,\"name\":\"Brandschutz im Holzbau\"}]},{\"@type\":\"WebSite\",\"@id\":\"https:\\\/\\\/www.walraven.com\\\/de\\\/#website\",\"url\":\"https:\\\/\\\/www.walraven.com\\\/de\\\/\",\"name\":\"Walraven Deutschland\",\"description\":\"\",\"publisher\":{\"@id\":\"https:\\\/\\\/www.walraven.com\\\/de\\\/#organization\"},\"potentialAction\":[{\"@type\":\"SearchAction\",\"target\":{\"@type\":\"EntryPoint\",\"urlTemplate\":\"https:\\\/\\\/www.walraven.com\\\/de\\\/?s={search_term_string}\"},\"query-input\":{\"@type\":\"PropertyValueSpecification\",\"valueRequired\":true,\"valueName\":\"search_term_string\"}}],\"inLanguage\":\"de\"},{\"@type\":\"Organization\",\"@id\":\"https:\\\/\\\/www.walraven.com\\\/de\\\/#organization\",\"name\":\"Walraven GmbH\",\"alternateName\":\"Walraven GmbH\",\"url\":\"https:\\\/\\\/www.walraven.com\\\/de\\\/\",\"logo\":{\"@type\":\"ImageObject\",\"inLanguage\":\"de\",\"@id\":\"https:\\\/\\\/www.walraven.com\\\/de\\\/#\\\/schema\\\/logo\\\/image\\\/\",\"url\":\"https:\\\/\\\/www.walraven.com\\\/de\\\/wp-content\\\/uploads\\\/sites\\\/4\\\/2023\\\/12\\\/Walraven_logo300x300.jpg\",\"contentUrl\":\"https:\\\/\\\/www.walraven.com\\\/de\\\/wp-content\\\/uploads\\\/sites\\\/4\\\/2023\\\/12\\\/Walraven_logo300x300.jpg\",\"width\":300,\"height\":300,\"caption\":\"Walraven GmbH\"},\"image\":{\"@id\":\"https:\\\/\\\/www.walraven.com\\\/de\\\/#\\\/schema\\\/logo\\\/image\\\/\"},\"sameAs\":[\"https:\\\/\\\/www.facebook.com\\\/Walraven.GmbH\",\"https:\\\/\\\/x.com\\\/BIS_Tech\",\"https:\\\/\\\/www.youtube.com\\\/WalravenDE\",\"https:\\\/\\\/www.linkedin.com\\\/company\\\/walraven-gmbh\",\"https:\\\/\\\/www.instagram.com\\\/walraven.gmbh\\\/\"]}]}<\/script>\n<!-- \/ Yoast SEO Premium plugin. -->","yoast_head_json":{"title":"Brandschutz im Holzbau - Walraven Deutschland","description":"Brandschutz im Holzbau: Moderne Brandschutzl\u00f6sungen f\u00fcr CLT-Holzw\u00e4nde & -decken. Umfangreiche Anwendungsm\u00f6glichkeiten.","robots":{"index":"index","follow":"follow","max-snippet":"max-snippet:-1","max-image-preview":"max-image-preview:large","max-video-preview":"max-video-preview:-1"},"canonical":"https:\/\/www.walraven.com\/de\/brandschutz-im-holzbau\/","og_locale":"de_DE","og_type":"article","og_title":"Brandschutz im Holzbau","og_description":"Brandschutz im Holzbau: Moderne Brandschutzl\u00f6sungen f\u00fcr CLT-Holzw\u00e4nde & -decken. Umfangreiche Anwendungsm\u00f6glichkeiten.","og_url":"https:\/\/www.walraven.com\/de\/brandschutz-im-holzbau\/","og_site_name":"Walraven Deutschland","article_publisher":"https:\/\/www.facebook.com\/Walraven.GmbH","article_modified_time":"2025-11-13T14:23:04+00:00","og_image":[{"width":2500,"height":1064,"url":"https:\/\/www.walraven.com\/de\/wp-content\/uploads\/sites\/4\/2025\/02\/rohr-und-kabelabschottungen-im-holzbau.jpg","type":"image\/jpeg"}],"twitter_card":"summary_large_image","twitter_site":"@BIS_Tech","twitter_misc":{"Gesch\u00e4tzte Lesezeit":"8\u00a0Minuten"},"schema":{"@context":"https:\/\/schema.org","@graph":[{"@type":"WebPage","@id":"https:\/\/www.walraven.com\/de\/brandschutz-im-holzbau\/","url":"https:\/\/www.walraven.com\/de\/brandschutz-im-holzbau\/","name":"Brandschutz im Holzbau - Walraven Deutschland","isPartOf":{"@id":"https:\/\/www.walraven.com\/de\/#website"},"primaryImageOfPage":{"@id":"https:\/\/www.walraven.com\/de\/brandschutz-im-holzbau\/#primaryimage"},"image":{"@id":"https:\/\/www.walraven.com\/de\/brandschutz-im-holzbau\/#primaryimage"},"thumbnailUrl":"https:\/\/www.walraven.com\/de\/wp-content\/uploads\/sites\/4\/2025\/02\/rohr-und-kabelabschottungen-im-holzbau.jpg","datePublished":"2025-02-17T12:40:40+00:00","dateModified":"2025-11-13T14:23:04+00:00","description":"Brandschutz im Holzbau: Moderne Brandschutzl\u00f6sungen f\u00fcr CLT-Holzw\u00e4nde & -decken. Umfangreiche Anwendungsm\u00f6glichkeiten.","breadcrumb":{"@id":"https:\/\/www.walraven.com\/de\/brandschutz-im-holzbau\/#breadcrumb"},"inLanguage":"de","potentialAction":[{"@type":"ReadAction","target":["https:\/\/www.walraven.com\/de\/brandschutz-im-holzbau\/"]}]},{"@type":"ImageObject","inLanguage":"de","@id":"https:\/\/www.walraven.com\/de\/brandschutz-im-holzbau\/#primaryimage","url":"https:\/\/www.walraven.com\/de\/wp-content\/uploads\/sites\/4\/2025\/02\/rohr-und-kabelabschottungen-im-holzbau.jpg","contentUrl":"https:\/\/www.walraven.com\/de\/wp-content\/uploads\/sites\/4\/2025\/02\/rohr-und-kabelabschottungen-im-holzbau.jpg","width":2500,"height":1064,"caption":"Rohr- und Kabelabschottungen im Holzbau. Abgebildet ist ein Haus im Holzbau-Stil."},{"@type":"BreadcrumbList","@id":"https:\/\/www.walraven.com\/de\/brandschutz-im-holzbau\/#breadcrumb","itemListElement":[{"@type":"ListItem","position":1,"name":"Startseite","item":"https:\/\/www.walraven.com\/de\/"},{"@type":"ListItem","position":2,"name":"Brandschutz im Holzbau"}]},{"@type":"WebSite","@id":"https:\/\/www.walraven.com\/de\/#website","url":"https:\/\/www.walraven.com\/de\/","name":"Walraven Deutschland","description":"","publisher":{"@id":"https:\/\/www.walraven.com\/de\/#organization"},"potentialAction":[{"@type":"SearchAction","target":{"@type":"EntryPoint","urlTemplate":"https:\/\/www.walraven.com\/de\/?s={search_term_string}"},"query-input":{"@type":"PropertyValueSpecification","valueRequired":true,"valueName":"search_term_string"}}],"inLanguage":"de"},{"@type":"Organization","@id":"https:\/\/www.walraven.com\/de\/#organization","name":"Walraven GmbH","alternateName":"Walraven GmbH","url":"https:\/\/www.walraven.com\/de\/","logo":{"@type":"ImageObject","inLanguage":"de","@id":"https:\/\/www.walraven.com\/de\/#\/schema\/logo\/image\/","url":"https:\/\/www.walraven.com\/de\/wp-content\/uploads\/sites\/4\/2023\/12\/Walraven_logo300x300.jpg","contentUrl":"https:\/\/www.walraven.com\/de\/wp-content\/uploads\/sites\/4\/2023\/12\/Walraven_logo300x300.jpg","width":300,"height":300,"caption":"Walraven GmbH"},"image":{"@id":"https:\/\/www.walraven.com\/de\/#\/schema\/logo\/image\/"},"sameAs":["https:\/\/www.facebook.com\/Walraven.GmbH","https:\/\/x.com\/BIS_Tech","https:\/\/www.youtube.com\/WalravenDE","https:\/\/www.linkedin.com\/company\/walraven-gmbh","https:\/\/www.instagram.com\/walraven.gmbh\/"]}]}},"_links":{"self":[{"href":"https:\/\/www.walraven.com\/de\/wp-json\/wp\/v2\/pages\/93572","targetHints":{"allow":["GET"]}}],"collection":[{"href":"https:\/\/www.walraven.com\/de\/wp-json\/wp\/v2\/pages"}],"about":[{"href":"https:\/\/www.walraven.com\/de\/wp-json\/wp\/v2\/types\/page"}],"author":[{"embeddable":true,"href":"https:\/\/www.walraven.com\/de\/wp-json\/wp\/v2\/users\/74"}],"replies":[{"embeddable":true,"href":"https:\/\/www.walraven.com\/de\/wp-json\/wp\/v2\/comments?post=93572"}],"version-history":[{"count":5,"href":"https:\/\/www.walraven.com\/de\/wp-json\/wp\/v2\/pages\/93572\/revisions"}],"predecessor-version":[{"id":211484,"href":"https:\/\/www.walraven.com\/de\/wp-json\/wp\/v2\/pages\/93572\/revisions\/211484"}],"wp:featuredmedia":[{"embeddable":true,"href":"https:\/\/www.walraven.com\/de\/wp-json\/wp\/v2\/media\/93574"}],"wp:attachment":[{"href":"https:\/\/www.walraven.com\/de\/wp-json\/wp\/v2\/media?parent=93572"}],"curies":[{"name":"wp","href":"https:\/\/api.w.org\/{rel}","templated":true}]}}