{"id":281,"date":"2016-10-19T16:25:27","date_gmt":"2016-10-19T14:25:27","guid":{"rendered":"https:\/\/www.walraven.com\/?page_id=7155"},"modified":"2018-05-25T14:47:25","modified_gmt":"2018-05-25T12:47:25","slug":"cookies","status":"publish","type":"page","link":"https:\/\/www.walraven.com\/dk\/cookies\/","title":{"rendered":"Cookies"},"content":{"rendered":"<h2>1. Cookies<\/h2>\n<p><a href=\"http:\/\/www.walraven.com\">www.walraven.com<\/a> er hjemmesiden der ejes og drivs af Walraven. Denne sektion giver jer information om hvilke cookies der bruges n\u00e5r I bes\u00f8ger hjemmesiden og hvordan man afviser eller raderer hjemmesidens cookies. Gennem at stadigv\u00e6k bruge denne hjemmeside, godk\u00e6nder I brug af cookies p\u00e5 den m\u00e5de der beskrives i denne fortrolighedspolitik.<\/p>\n<h3>1.1 Hvad er cookies?<\/h3>\n<p>En cookie er en mindre datafil der placeres p\u00e5 jeres computer eller en anden enhed der tillader hjemmesiden at genkende dig n\u00e5r du vender tilbage til hjemmesiden vid brug af samme computer eller browser, enten under bes\u00f8gstiden (gennem en \u2019sessionscookie\u2019) eller flere bes\u00f8g (en \u2019bestandig cookie\u2019). Andre lignende filer fungerer p\u00e5 samme m\u00e5de og vi bruger ordet \u2019cookie\u2019 i denne fortrolighedspolitik for at henvise til alle filer der samler ind oplysninger p\u00e5 denne m\u00e5de.<\/p>\n<p>Cookies er en ekstremt almindelig teknologi for at huske vissa oplysninger om en bes\u00f8gende p\u00e5 hjemmesiden. Den store majoriteten af hjemmesider bruger cookies og de bruges for et stort antal forskellige oplysninger. Vi bruger f\u00f8lgende cookies:<\/p>\n<ol>\n<li>N\u00f8dv\u00e6ndige cookies: der kr\u00e6ves for hjemmesidens drift;<\/li>\n<li>Analytiske\/prestanda cookies: for at analysere brug af hjemmesiden, for eksempel, genkende og regne antalet bes\u00f8gende og hvordan de r\u00f8r sig p\u00e5 hjemmesiden. Dette hj\u00e6lper os at se hvilke deler af hjemmesiden der er popul\u00e6re og hvilke deler der er n\u00f8dt til forbedres for at lave oplevelsen bedre for brugerne;<\/li>\n<li>Funktionalitetscookies: for at genkende jer n\u00e5r I vender tilbage til hjemmesiden s\u00e5 at indeholdet kan anpasses til jer, for eksempel, for at genkende jeres land og sidpreferenser; og<\/li>\n<li>Targetingcookies: for at registrere jeres bes\u00f8g p\u00e5 hjemmesiden og de sidor der I har bes\u00f8gt og linker der I har f\u00f8lgt. Vi bruger dette for at lave hjemmesiden mer relevant for jeres intressen.<\/li>\n<\/ol>\n<p>Dette dokument giver jer information om de specifike cookies der bruges p\u00e5 hjemmesiden.<\/p>\n<h3>1.2 Hvordan man kontrollerer og raderer cookies<\/h3>\n<p>N\u00e5r I f\u00f8rst bes\u00f8gte hjemmesiden, fick I et meddelelse der p\u00e5pegede jer om vores brug af cookies. Vi var n\u00f8dt til at bruge en cookie for at presentere den notisen (I kan see detaljerna om denne cookie under \u2019Cookie Godk\u00e4nnelse\u2019 i tabellen nedan). Hvis I forts\u00e6tter at bruge vores hjemmeside, kommer fler cookies og fler sporingsteknologier at placeres p\u00e5 jeres computer som beskrevet i tabellen nedenfor for at forbedre jeres brugeroplevelse mens I er p\u00e5 hjemmesiden. Gennem at forts\u00e6tte bruge hjemmesiden og\/eller gennem at acceptere vores betingelser og vores fortrolighedspolitik, godk\u00e6nder I brug af s\u00e5dane cookies og sporingsteknologier.<\/p>\n<p>Vi kommer ikke bruge cookies for at samle personligt identifierbar information om jer. Hvis I derimod \u00f8nsker at begr\u00e6nse eller blokkere brug af cookies der findes installeret p\u00e5 denne hjemmesiden (eller hvilken anden hjemmeside som helst) kan I lave dette gennem jeres browserindstillinger. \u2019Hj\u00e6lp\u2019-funktionen i jeres browser burde fort\u00e6lle hvordan. For de cookies der er installeret p\u00e5 denne hjemmeside, kan man ogs\u00e5 inaktivere disse cookies gennem at f\u00f8lge instruktionerne i sektionen \u2019Inaktivere cookies\u2019.<\/p>\n<p>Alternativt kan I bes\u00f8ge hjemmesiden <a href=\"http:\/\/www.allaboutcookies.org\/\">http:\/\/www.allaboutcookies.org\/<\/a> der indeholder omfattende information om hvordan man laver dette for et stort sortiment af browsers. I kan ogs\u00e5 finde detaljer om hvordan man raderer cookies fra jeres computer, og mer generell information om cookies. Venligen notere at eftersom inge af disse hjemmesider ejes eller drivs af Walraven er vi ikke ansvorlige for indeholdet i dem.<\/p>\n<p>Var venligt klar over om at, gennem at begr\u00e6nse cookies p\u00e5 hjemmesiden indeb\u00e6rer det at I ikke kan fuldt udnytte de funktioner eller tj\u00e6nester tillg\u00e6ngelige p\u00e5 hjemmesiden.<\/p>\n<h3>1.3 Hovedsagelige cookies p\u00e5 vores hjemmeside<\/h3>\n<p>Nedenfor eer listen p\u00e5 de hovedsagelige cookies der bruges p\u00e5 hjemmesiden og hvad v\u00e6r bruges til<\/p>\n<table border=\"1\" cellspacing=\"5\" cellpadding=\"5\">\n<tbody>\n<tr>\n<td width=\"188\">Cookie namn<\/td>\n<td width=\"421\">Google Analytics<\/td>\n<\/tr>\n<tr>\n<td width=\"188\">ID<\/td>\n<td width=\"421\">_ga<\/p>\n<p>_gat<\/td>\n<\/tr>\n<tr>\n<td width=\"188\">Form\u00e5l<\/td>\n<td width=\"421\">Denne cookie lader os:<\/p>\n<p>Samle oplysninger om jeres computer, inklusive jeres IP-adresse, operativsystem og browser, for systemadministration og for at kunne skabe rapporter, vurdere vores bes\u00f8gsst\u00f8rrelse og brugerm\u00f8nster; og anonymt sp\u00e5re aktiviteter p\u00e5 hjemmesiden.<\/td>\n<\/tr>\n<tr>\n<td width=\"188\">G\u00e5r ut<\/td>\n<td width=\"421\">Dette er en bestandig cookie, der ligger kvar p\u00e5 jeres enhed efter at jeres browsersession har afsluttets.<\/td>\n<\/tr>\n<tr>\n<td width=\"188\">Cookiens k\u00e4lla<\/td>\n<td width=\"421\">Google<\/td>\n<\/tr>\n<tr>\n<td width=\"188\">Yderligere information<\/td>\n<td width=\"421\">Denne hjemmeside bruger Google Analytics; en webbanalysetj\u00e6neste fra Google, Inc. Google Analytics installerer cookies for at kunne evaluere jeres brug af hjemmesiden og kompilere rapporter for os om hjemmesideaktiviteter. Denne cookie samler ikke ind information der identifierer en individ. For at se hvordan man afviser eller raderer disse cookies, l\u00e6s: <a href=\"https:\/\/tools.google.com\/dlpage\/gaoptout\">https:\/\/tools.google.com\/dlpage\/gaoptout<\/a>.<\/td>\n<\/tr>\n<\/tbody>\n<\/table>\n<h3>1.4 Cookies fra eksterne virksomheder<\/h3>\n<p>Var venlig og notere at for at forbedre jeres brugeroplevelse p\u00e5 hjemmesiden kan eksterne virksomheder ogs\u00e5 bruge cookies. For eksempel, bruger vi ibland indehold fra hjemmesider som YouTube, og YouTube kan installere cookies i jeres browser for at kunne vise videon og overv\u00e5ge statistisk information.<\/p>\n<p>Derfor, n\u00e5r I bes\u00f8ger en side med indehold fra eksterne virksomheder, kan I bli presenterede med cookies fra disse hjemmesider. Vi kontrollerer ikke spridning af disse cookies og I burde unders\u00f8ge de relevante eksterne virksomheders hjemmesider for mere information om disse.<\/p>\n<p>Information om YouTubes fortrolighedspolitik kan I finde her: <a href=\"https:\/\/www.youtube.com\/static?template=privacy_guidelines\">https:\/\/www.youtube.com\/static?template=privacy_guidelines<\/a>.<\/p>\n<h3>1.5 E-postsporing<\/h3>\n<p>Nogle af de mejl vi sender kan indeholde en \u2019pixel\u2019 eller sporede linker hvilket tillader os at identifiere n\u00e5r I har \u00e5bnet et mejl og for at bekr\u00e6fte hvilke linker i mejlet I har bes\u00f8gt. Vi bruger denne information for at afg\u00f8re hvilke deler af vores mejl der er af st\u00f8rst intresse for jer.<\/p>\n<p>I kan radere denne pixel gennem at radere mejlet. Hvis I \u00f8nsker at ikke downloade pixeln til jeres computer eller andre enheder, kan i lave dette gennem at v\u00e6lge at modtage mejl fra os i ikke-formatered tekst istedet for HTML.<\/p>\n<p>Alternativt kan I sige op jer fra vores mejlliste gennem at klikke p\u00e5 fravalgslinken i mejlet eller gennem at kontakte os p\u00e5 <a href=\"mailto:info.se@walraven.com\">info.dk@walraven.com<\/a><\/p>\n<h3>1.6 \u00c6ndringer<\/h3>\n<p>Vi kan lave \u00e6ndringer i denne Cookie Policy enhver tid gennem at sende ud et kopi af den reviderede policyn p\u00e5 hjemmesiden. \u00c6ndringerna tr\u00e6der i kraft p\u00e5 datoen vi informerer om de \u00e6ndrede betingelseren p\u00e5 hjemmesiden. Jeres fortsatte brug af hjemmesiden indeb\u00e6rer at I godk\u00e6nder at bli bunden til den \u00e6ndrede policyn.<\/p>\n<h3>1.7 Kontakte os<\/h3>\n<p>Hvis I har nogle sp\u00f8rgsm\u00e5l eller anliggende om vores cookies eller jeres integritet n\u00e5r I bruger denne hjemmesiden, kontakte os gerne p\u00e5 <a href=\"mailto:info.se@walraven.com\">info.dk@walraven.com<\/a><\/p>\n","protected":false},"excerpt":{"rendered":"<p>1. Cookies www.walraven.com er hjemmesiden der ejes og drivs af Walraven. Denne sektion giver jer information om hvilke cookies der bruges n\u00e5r I bes\u00f8ger hjemmesiden og hvordan man afviser eller raderer hjemmesidens cookies. Gennem at stadigv\u00e6k bruge denne hjemmeside, godk\u00e6nder I brug af cookies p\u00e5 den m\u00e5de der beskrives i denne fortrolighedspolitik. 1.1 Hvad er [&hellip;]<\/p>\n","protected":false},"author":7,"featured_media":0,"parent":0,"menu_order":0,"comment_status":"closed","ping_status":"closed","template":"","meta":{"_acf_changed":false,"footnotes":""},"class_list":["post-281","page","type-page","status-publish","hentry"],"acf":[],"yoast_head":"<!-- This site is optimized with the Yoast SEO Premium plugin v27.3 (Yoast SEO v27.3) - https:\/\/yoast.com\/product\/yoast-seo-premium-wordpress\/ -->\n<title>Cookies-Walraven<\/title>\n<meta name=\"description\" content=\"Cookies\" \/>\n<meta name=\"robots\" content=\"index, follow, max-snippet:-1, max-image-preview:large, max-video-preview:-1\" \/>\n<link rel=\"canonical\" href=\"https:\/\/www.walraven.com\/dk\/cookies\/\" \/>\n<meta property=\"og:locale\" content=\"da_DK\" \/>\n<meta property=\"og:type\" content=\"article\" \/>\n<meta property=\"og:title\" content=\"Cookies\" \/>\n<meta property=\"og:description\" content=\"Cookies\" \/>\n<meta property=\"og:url\" content=\"https:\/\/www.walraven.com\/dk\/cookies\/\" \/>\n<meta property=\"og:site_name\" content=\"Walraven Danmark\" \/>\n<meta property=\"article:modified_time\" content=\"2018-05-25T12:47:25+00:00\" \/>\n<meta name=\"twitter:card\" content=\"summary_large_image\" \/>\n<meta name=\"twitter:label1\" content=\"Estimeret l\u00e6setid\" \/>\n\t<meta name=\"twitter:data1\" content=\"5 minutter\" \/>\n<script type=\"application\/ld+json\" class=\"yoast-schema-graph\">{\"@context\":\"https:\\\/\\\/schema.org\",\"@graph\":[{\"@type\":\"WebPage\",\"@id\":\"https:\\\/\\\/www.walraven.com\\\/dk\\\/cookies\\\/\",\"url\":\"https:\\\/\\\/www.walraven.com\\\/dk\\\/cookies\\\/\",\"name\":\"Cookies-Walraven\",\"isPartOf\":{\"@id\":\"https:\\\/\\\/www.walraven.com\\\/dk\\\/#website\"},\"datePublished\":\"2016-10-19T14:25:27+00:00\",\"dateModified\":\"2018-05-25T12:47:25+00:00\",\"description\":\"Cookies\",\"breadcrumb\":{\"@id\":\"https:\\\/\\\/www.walraven.com\\\/dk\\\/cookies\\\/#breadcrumb\"},\"inLanguage\":\"da-DK\",\"potentialAction\":[{\"@type\":\"ReadAction\",\"target\":[\"https:\\\/\\\/www.walraven.com\\\/dk\\\/cookies\\\/\"]}]},{\"@type\":\"BreadcrumbList\",\"@id\":\"https:\\\/\\\/www.walraven.com\\\/dk\\\/cookies\\\/#breadcrumb\",\"itemListElement\":[{\"@type\":\"ListItem\",\"position\":1,\"name\":\"Hjem\",\"item\":\"https:\\\/\\\/www.walraven.com\\\/dk\\\/\"},{\"@type\":\"ListItem\",\"position\":2,\"name\":\"Cookies\"}]},{\"@type\":\"WebSite\",\"@id\":\"https:\\\/\\\/www.walraven.com\\\/dk\\\/#website\",\"url\":\"https:\\\/\\\/www.walraven.com\\\/dk\\\/\",\"name\":\"Walraven Danmark\",\"description\":\"\",\"publisher\":{\"@id\":\"https:\\\/\\\/www.walraven.com\\\/dk\\\/#organization\"},\"potentialAction\":[{\"@type\":\"SearchAction\",\"target\":{\"@type\":\"EntryPoint\",\"urlTemplate\":\"https:\\\/\\\/www.walraven.com\\\/dk\\\/?s={search_term_string}\"},\"query-input\":{\"@type\":\"PropertyValueSpecification\",\"valueRequired\":true,\"valueName\":\"search_term_string\"}}],\"inLanguage\":\"da-DK\"},{\"@type\":\"Organization\",\"@id\":\"https:\\\/\\\/www.walraven.com\\\/dk\\\/#organization\",\"name\":\"Walraven Nordic AB\",\"alternateName\":\"Walraven Nordic AB\",\"url\":\"https:\\\/\\\/www.walraven.com\\\/dk\\\/\",\"logo\":{\"@type\":\"ImageObject\",\"inLanguage\":\"da-DK\",\"@id\":\"https:\\\/\\\/www.walraven.com\\\/dk\\\/#\\\/schema\\\/logo\\\/image\\\/\",\"url\":\"https:\\\/\\\/www.walraven.com\\\/dk\\\/wp-content\\\/uploads\\\/sites\\\/14\\\/2023\\\/12\\\/Walraven_logo300x300.jpg\",\"contentUrl\":\"https:\\\/\\\/www.walraven.com\\\/dk\\\/wp-content\\\/uploads\\\/sites\\\/14\\\/2023\\\/12\\\/Walraven_logo300x300.jpg\",\"width\":300,\"height\":300,\"caption\":\"Walraven Nordic AB\"},\"image\":{\"@id\":\"https:\\\/\\\/www.walraven.com\\\/dk\\\/#\\\/schema\\\/logo\\\/image\\\/\"},\"sameAs\":[\"https:\\\/\\\/www.youtube.com\\\/channel\\\/UCzFkuWmHAngDHso5dHibgxA\",\"https:\\\/\\\/www.linkedin.com\\\/company\\\/walraven-danmark\\\/\"]}]}<\/script>\n<!-- \/ Yoast SEO Premium plugin. -->","yoast_head_json":{"title":"Cookies-Walraven","description":"Cookies","robots":{"index":"index","follow":"follow","max-snippet":"max-snippet:-1","max-image-preview":"max-image-preview:large","max-video-preview":"max-video-preview:-1"},"canonical":"https:\/\/www.walraven.com\/dk\/cookies\/","og_locale":"da_DK","og_type":"article","og_title":"Cookies","og_description":"Cookies","og_url":"https:\/\/www.walraven.com\/dk\/cookies\/","og_site_name":"Walraven Danmark","article_modified_time":"2018-05-25T12:47:25+00:00","twitter_card":"summary_large_image","twitter_misc":{"Estimeret l\u00e6setid":"5 minutter"},"schema":{"@context":"https:\/\/schema.org","@graph":[{"@type":"WebPage","@id":"https:\/\/www.walraven.com\/dk\/cookies\/","url":"https:\/\/www.walraven.com\/dk\/cookies\/","name":"Cookies-Walraven","isPartOf":{"@id":"https:\/\/www.walraven.com\/dk\/#website"},"datePublished":"2016-10-19T14:25:27+00:00","dateModified":"2018-05-25T12:47:25+00:00","description":"Cookies","breadcrumb":{"@id":"https:\/\/www.walraven.com\/dk\/cookies\/#breadcrumb"},"inLanguage":"da-DK","potentialAction":[{"@type":"ReadAction","target":["https:\/\/www.walraven.com\/dk\/cookies\/"]}]},{"@type":"BreadcrumbList","@id":"https:\/\/www.walraven.com\/dk\/cookies\/#breadcrumb","itemListElement":[{"@type":"ListItem","position":1,"name":"Hjem","item":"https:\/\/www.walraven.com\/dk\/"},{"@type":"ListItem","position":2,"name":"Cookies"}]},{"@type":"WebSite","@id":"https:\/\/www.walraven.com\/dk\/#website","url":"https:\/\/www.walraven.com\/dk\/","name":"Walraven Danmark","description":"","publisher":{"@id":"https:\/\/www.walraven.com\/dk\/#organization"},"potentialAction":[{"@type":"SearchAction","target":{"@type":"EntryPoint","urlTemplate":"https:\/\/www.walraven.com\/dk\/?s={search_term_string}"},"query-input":{"@type":"PropertyValueSpecification","valueRequired":true,"valueName":"search_term_string"}}],"inLanguage":"da-DK"},{"@type":"Organization","@id":"https:\/\/www.walraven.com\/dk\/#organization","name":"Walraven Nordic AB","alternateName":"Walraven Nordic AB","url":"https:\/\/www.walraven.com\/dk\/","logo":{"@type":"ImageObject","inLanguage":"da-DK","@id":"https:\/\/www.walraven.com\/dk\/#\/schema\/logo\/image\/","url":"https:\/\/www.walraven.com\/dk\/wp-content\/uploads\/sites\/14\/2023\/12\/Walraven_logo300x300.jpg","contentUrl":"https:\/\/www.walraven.com\/dk\/wp-content\/uploads\/sites\/14\/2023\/12\/Walraven_logo300x300.jpg","width":300,"height":300,"caption":"Walraven Nordic AB"},"image":{"@id":"https:\/\/www.walraven.com\/dk\/#\/schema\/logo\/image\/"},"sameAs":["https:\/\/www.youtube.com\/channel\/UCzFkuWmHAngDHso5dHibgxA","https:\/\/www.linkedin.com\/company\/walraven-danmark\/"]}]}},"_links":{"self":[{"href":"https:\/\/www.walraven.com\/dk\/wp-json\/wp\/v2\/pages\/281","targetHints":{"allow":["GET"]}}],"collection":[{"href":"https:\/\/www.walraven.com\/dk\/wp-json\/wp\/v2\/pages"}],"about":[{"href":"https:\/\/www.walraven.com\/dk\/wp-json\/wp\/v2\/types\/page"}],"author":[{"embeddable":true,"href":"https:\/\/www.walraven.com\/dk\/wp-json\/wp\/v2\/users\/7"}],"replies":[{"embeddable":true,"href":"https:\/\/www.walraven.com\/dk\/wp-json\/wp\/v2\/comments?post=281"}],"version-history":[{"count":7,"href":"https:\/\/www.walraven.com\/dk\/wp-json\/wp\/v2\/pages\/281\/revisions"}],"predecessor-version":[{"id":50139,"href":"https:\/\/www.walraven.com\/dk\/wp-json\/wp\/v2\/pages\/281\/revisions\/50139"}],"wp:attachment":[{"href":"https:\/\/www.walraven.com\/dk\/wp-json\/wp\/v2\/media?parent=281"}],"curies":[{"name":"wp","href":"https:\/\/api.w.org\/{rel}","templated":true}]}}