{"id":50321,"date":"2017-02-14T14:40:25","date_gmt":"2017-02-14T13:40:25","guid":{"rendered":"https:\/\/www.walraven.com\/?page_id=98088"},"modified":"2024-12-18T10:59:48","modified_gmt":"2024-12-18T09:59:48","slug":"bis-ultraprotect1000","status":"publish","type":"page","link":"https:\/\/www.walraven.com\/dk\/bis-ultraprotect1000\/","title":{"rendered":"Walraven BIS UltraProtect\u00ae 1000: Indend\u00f8rs og udend\u00f8rs oph\u00e6ngssystem"},"content":{"rendered":"","protected":false},"excerpt":{"rendered":"<p>Excellent corrosion protection. BIS UltraProtect\u00ae 1000 is a unique support system that is suitable for indoor and outdoor use. Unique in terms of scope, composition and corrosion resistance, making it the most sustainable solution for fixing or supporting mechanical installations, solar systems&#8230;<\/p>\n","protected":false},"author":7,"featured_media":53675,"parent":0,"menu_order":0,"comment_status":"closed","ping_status":"closed","template":"page-templates\/tpl-landingspage.php","meta":{"_acf_changed":false,"footnotes":""},"class_list":["post-50321","page","type-page","status-publish","has-post-thumbnail","hentry"],"acf":[],"yoast_head":"<!-- This site is optimized with the Yoast SEO Premium plugin v27.3 (Yoast SEO v27.3) - https:\/\/yoast.com\/product\/yoast-seo-premium-wordpress\/ -->\n<title>Walraven BIS UltraProtect\u00ae 1000: Indend\u00f8rs og udend\u00f8rs oph\u00e6ngssystem - Walraven Danmark<\/title>\n<meta name=\"description\" content=\"The Walraven BIS UltraProtect\u00ae 1000 range exists of pipe fixing solutions for indoor and outdoor usage. The range withstands a salt spray test of at least 1000hours.\" \/>\n<meta name=\"robots\" content=\"index, follow, max-snippet:-1, max-image-preview:large, max-video-preview:-1\" \/>\n<link rel=\"canonical\" href=\"https:\/\/www.walraven.com\/dk\/bis-ultraprotect1000\/\" \/>\n<meta property=\"og:locale\" content=\"da_DK\" \/>\n<meta property=\"og:type\" content=\"article\" \/>\n<meta property=\"og:title\" content=\"Walraven BIS UltraProtect\u00ae 1000: Indend\u00f8rs og udend\u00f8rs oph\u00e6ngssystem\" \/>\n<meta property=\"og:description\" content=\"The Walraven BIS UltraProtect\u00ae 1000 range exists of pipe fixing solutions for indoor and outdoor usage. The range withstands a salt spray test of at least 1000hours.\" \/>\n<meta property=\"og:url\" content=\"https:\/\/www.walraven.com\/dk\/bis-ultraprotect1000\/\" \/>\n<meta property=\"og:site_name\" content=\"Walraven Danmark\" \/>\n<meta property=\"article:modified_time\" content=\"2024-12-18T09:59:48+00:00\" \/>\n<meta property=\"og:image\" content=\"https:\/\/www.walraven.com\/dk\/wp-content\/uploads\/sites\/14\/2022\/03\/bup-scaled.jpg\" \/>\n\t<meta property=\"og:image:width\" content=\"2560\" \/>\n\t<meta property=\"og:image:height\" content=\"1451\" \/>\n\t<meta property=\"og:image:type\" content=\"image\/jpeg\" \/>\n<meta name=\"twitter:card\" content=\"summary_large_image\" \/>\n<meta name=\"twitter:label1\" content=\"Estimeret l\u00e6setid\" \/>\n\t<meta name=\"twitter:data1\" content=\"3 minutter\" \/>\n<script type=\"application\/ld+json\" class=\"yoast-schema-graph\">{\"@context\":\"https:\\\/\\\/schema.org\",\"@graph\":[{\"@type\":\"WebPage\",\"@id\":\"https:\\\/\\\/www.walraven.com\\\/dk\\\/bis-ultraprotect1000\\\/\",\"url\":\"https:\\\/\\\/www.walraven.com\\\/dk\\\/bis-ultraprotect1000\\\/\",\"name\":\"Walraven BIS UltraProtect\u00ae 1000: Indend\u00f8rs og udend\u00f8rs oph\u00e6ngssystem - Walraven Danmark\",\"isPartOf\":{\"@id\":\"https:\\\/\\\/www.walraven.com\\\/dk\\\/#website\"},\"primaryImageOfPage\":{\"@id\":\"https:\\\/\\\/www.walraven.com\\\/dk\\\/bis-ultraprotect1000\\\/#primaryimage\"},\"image\":{\"@id\":\"https:\\\/\\\/www.walraven.com\\\/dk\\\/bis-ultraprotect1000\\\/#primaryimage\"},\"thumbnailUrl\":\"https:\\\/\\\/www.walraven.com\\\/dk\\\/wp-content\\\/uploads\\\/sites\\\/14\\\/2022\\\/03\\\/bup-scaled.jpg\",\"datePublished\":\"2017-02-14T13:40:25+00:00\",\"dateModified\":\"2024-12-18T09:59:48+00:00\",\"description\":\"The Walraven BIS UltraProtect\u00ae 1000 range exists of pipe fixing solutions for indoor and outdoor usage. The range withstands a salt spray test of at least 1000hours.\",\"breadcrumb\":{\"@id\":\"https:\\\/\\\/www.walraven.com\\\/dk\\\/bis-ultraprotect1000\\\/#breadcrumb\"},\"inLanguage\":\"da-DK\",\"potentialAction\":[{\"@type\":\"ReadAction\",\"target\":[\"https:\\\/\\\/www.walraven.com\\\/dk\\\/bis-ultraprotect1000\\\/\"]}]},{\"@type\":\"ImageObject\",\"inLanguage\":\"da-DK\",\"@id\":\"https:\\\/\\\/www.walraven.com\\\/dk\\\/bis-ultraprotect1000\\\/#primaryimage\",\"url\":\"https:\\\/\\\/www.walraven.com\\\/dk\\\/wp-content\\\/uploads\\\/sites\\\/14\\\/2022\\\/03\\\/bup-scaled.jpg\",\"contentUrl\":\"https:\\\/\\\/www.walraven.com\\\/dk\\\/wp-content\\\/uploads\\\/sites\\\/14\\\/2022\\\/03\\\/bup-scaled.jpg\",\"width\":2560,\"height\":1451,\"caption\":\"bup\"},{\"@type\":\"BreadcrumbList\",\"@id\":\"https:\\\/\\\/www.walraven.com\\\/dk\\\/bis-ultraprotect1000\\\/#breadcrumb\",\"itemListElement\":[{\"@type\":\"ListItem\",\"position\":1,\"name\":\"Hjem\",\"item\":\"https:\\\/\\\/www.walraven.com\\\/dk\\\/\"},{\"@type\":\"ListItem\",\"position\":2,\"name\":\"Walraven BIS UltraProtect\u00ae 1000: Indend\u00f8rs og udend\u00f8rs oph\u00e6ngssystem\"}]},{\"@type\":\"WebSite\",\"@id\":\"https:\\\/\\\/www.walraven.com\\\/dk\\\/#website\",\"url\":\"https:\\\/\\\/www.walraven.com\\\/dk\\\/\",\"name\":\"Walraven Danmark\",\"description\":\"\",\"publisher\":{\"@id\":\"https:\\\/\\\/www.walraven.com\\\/dk\\\/#organization\"},\"potentialAction\":[{\"@type\":\"SearchAction\",\"target\":{\"@type\":\"EntryPoint\",\"urlTemplate\":\"https:\\\/\\\/www.walraven.com\\\/dk\\\/?s={search_term_string}\"},\"query-input\":{\"@type\":\"PropertyValueSpecification\",\"valueRequired\":true,\"valueName\":\"search_term_string\"}}],\"inLanguage\":\"da-DK\"},{\"@type\":\"Organization\",\"@id\":\"https:\\\/\\\/www.walraven.com\\\/dk\\\/#organization\",\"name\":\"Walraven Nordic AB\",\"alternateName\":\"Walraven Nordic AB\",\"url\":\"https:\\\/\\\/www.walraven.com\\\/dk\\\/\",\"logo\":{\"@type\":\"ImageObject\",\"inLanguage\":\"da-DK\",\"@id\":\"https:\\\/\\\/www.walraven.com\\\/dk\\\/#\\\/schema\\\/logo\\\/image\\\/\",\"url\":\"https:\\\/\\\/www.walraven.com\\\/dk\\\/wp-content\\\/uploads\\\/sites\\\/14\\\/2023\\\/12\\\/Walraven_logo300x300.jpg\",\"contentUrl\":\"https:\\\/\\\/www.walraven.com\\\/dk\\\/wp-content\\\/uploads\\\/sites\\\/14\\\/2023\\\/12\\\/Walraven_logo300x300.jpg\",\"width\":300,\"height\":300,\"caption\":\"Walraven Nordic AB\"},\"image\":{\"@id\":\"https:\\\/\\\/www.walraven.com\\\/dk\\\/#\\\/schema\\\/logo\\\/image\\\/\"},\"sameAs\":[\"https:\\\/\\\/www.youtube.com\\\/channel\\\/UCzFkuWmHAngDHso5dHibgxA\",\"https:\\\/\\\/www.linkedin.com\\\/company\\\/walraven-danmark\\\/\"]}]}<\/script>\n<!-- \/ Yoast SEO Premium plugin. -->","yoast_head_json":{"title":"Walraven BIS UltraProtect\u00ae 1000: Indend\u00f8rs og udend\u00f8rs oph\u00e6ngssystem - Walraven Danmark","description":"The Walraven BIS UltraProtect\u00ae 1000 range exists of pipe fixing solutions for indoor and outdoor usage. The range withstands a salt spray test of at least 1000hours.","robots":{"index":"index","follow":"follow","max-snippet":"max-snippet:-1","max-image-preview":"max-image-preview:large","max-video-preview":"max-video-preview:-1"},"canonical":"https:\/\/www.walraven.com\/dk\/bis-ultraprotect1000\/","og_locale":"da_DK","og_type":"article","og_title":"Walraven BIS UltraProtect\u00ae 1000: Indend\u00f8rs og udend\u00f8rs oph\u00e6ngssystem","og_description":"The Walraven BIS UltraProtect\u00ae 1000 range exists of pipe fixing solutions for indoor and outdoor usage. The range withstands a salt spray test of at least 1000hours.","og_url":"https:\/\/www.walraven.com\/dk\/bis-ultraprotect1000\/","og_site_name":"Walraven Danmark","article_modified_time":"2024-12-18T09:59:48+00:00","og_image":[{"width":2560,"height":1451,"url":"https:\/\/www.walraven.com\/dk\/wp-content\/uploads\/sites\/14\/2022\/03\/bup-scaled.jpg","type":"image\/jpeg"}],"twitter_card":"summary_large_image","twitter_misc":{"Estimeret l\u00e6setid":"3 minutter"},"schema":{"@context":"https:\/\/schema.org","@graph":[{"@type":"WebPage","@id":"https:\/\/www.walraven.com\/dk\/bis-ultraprotect1000\/","url":"https:\/\/www.walraven.com\/dk\/bis-ultraprotect1000\/","name":"Walraven BIS UltraProtect\u00ae 1000: Indend\u00f8rs og udend\u00f8rs oph\u00e6ngssystem - Walraven Danmark","isPartOf":{"@id":"https:\/\/www.walraven.com\/dk\/#website"},"primaryImageOfPage":{"@id":"https:\/\/www.walraven.com\/dk\/bis-ultraprotect1000\/#primaryimage"},"image":{"@id":"https:\/\/www.walraven.com\/dk\/bis-ultraprotect1000\/#primaryimage"},"thumbnailUrl":"https:\/\/www.walraven.com\/dk\/wp-content\/uploads\/sites\/14\/2022\/03\/bup-scaled.jpg","datePublished":"2017-02-14T13:40:25+00:00","dateModified":"2024-12-18T09:59:48+00:00","description":"The Walraven BIS UltraProtect\u00ae 1000 range exists of pipe fixing solutions for indoor and outdoor usage. The range withstands a salt spray test of at least 1000hours.","breadcrumb":{"@id":"https:\/\/www.walraven.com\/dk\/bis-ultraprotect1000\/#breadcrumb"},"inLanguage":"da-DK","potentialAction":[{"@type":"ReadAction","target":["https:\/\/www.walraven.com\/dk\/bis-ultraprotect1000\/"]}]},{"@type":"ImageObject","inLanguage":"da-DK","@id":"https:\/\/www.walraven.com\/dk\/bis-ultraprotect1000\/#primaryimage","url":"https:\/\/www.walraven.com\/dk\/wp-content\/uploads\/sites\/14\/2022\/03\/bup-scaled.jpg","contentUrl":"https:\/\/www.walraven.com\/dk\/wp-content\/uploads\/sites\/14\/2022\/03\/bup-scaled.jpg","width":2560,"height":1451,"caption":"bup"},{"@type":"BreadcrumbList","@id":"https:\/\/www.walraven.com\/dk\/bis-ultraprotect1000\/#breadcrumb","itemListElement":[{"@type":"ListItem","position":1,"name":"Hjem","item":"https:\/\/www.walraven.com\/dk\/"},{"@type":"ListItem","position":2,"name":"Walraven BIS UltraProtect\u00ae 1000: Indend\u00f8rs og udend\u00f8rs oph\u00e6ngssystem"}]},{"@type":"WebSite","@id":"https:\/\/www.walraven.com\/dk\/#website","url":"https:\/\/www.walraven.com\/dk\/","name":"Walraven Danmark","description":"","publisher":{"@id":"https:\/\/www.walraven.com\/dk\/#organization"},"potentialAction":[{"@type":"SearchAction","target":{"@type":"EntryPoint","urlTemplate":"https:\/\/www.walraven.com\/dk\/?s={search_term_string}"},"query-input":{"@type":"PropertyValueSpecification","valueRequired":true,"valueName":"search_term_string"}}],"inLanguage":"da-DK"},{"@type":"Organization","@id":"https:\/\/www.walraven.com\/dk\/#organization","name":"Walraven Nordic AB","alternateName":"Walraven Nordic AB","url":"https:\/\/www.walraven.com\/dk\/","logo":{"@type":"ImageObject","inLanguage":"da-DK","@id":"https:\/\/www.walraven.com\/dk\/#\/schema\/logo\/image\/","url":"https:\/\/www.walraven.com\/dk\/wp-content\/uploads\/sites\/14\/2023\/12\/Walraven_logo300x300.jpg","contentUrl":"https:\/\/www.walraven.com\/dk\/wp-content\/uploads\/sites\/14\/2023\/12\/Walraven_logo300x300.jpg","width":300,"height":300,"caption":"Walraven Nordic AB"},"image":{"@id":"https:\/\/www.walraven.com\/dk\/#\/schema\/logo\/image\/"},"sameAs":["https:\/\/www.youtube.com\/channel\/UCzFkuWmHAngDHso5dHibgxA","https:\/\/www.linkedin.com\/company\/walraven-danmark\/"]}]}},"_links":{"self":[{"href":"https:\/\/www.walraven.com\/dk\/wp-json\/wp\/v2\/pages\/50321","targetHints":{"allow":["GET"]}}],"collection":[{"href":"https:\/\/www.walraven.com\/dk\/wp-json\/wp\/v2\/pages"}],"about":[{"href":"https:\/\/www.walraven.com\/dk\/wp-json\/wp\/v2\/types\/page"}],"author":[{"embeddable":true,"href":"https:\/\/www.walraven.com\/dk\/wp-json\/wp\/v2\/users\/7"}],"replies":[{"embeddable":true,"href":"https:\/\/www.walraven.com\/dk\/wp-json\/wp\/v2\/comments?post=50321"}],"version-history":[{"count":6,"href":"https:\/\/www.walraven.com\/dk\/wp-json\/wp\/v2\/pages\/50321\/revisions"}],"predecessor-version":[{"id":59071,"href":"https:\/\/www.walraven.com\/dk\/wp-json\/wp\/v2\/pages\/50321\/revisions\/59071"}],"wp:featuredmedia":[{"embeddable":true,"href":"https:\/\/www.walraven.com\/dk\/wp-json\/wp\/v2\/media\/53675"}],"wp:attachment":[{"href":"https:\/\/www.walraven.com\/dk\/wp-json\/wp\/v2\/media?parent=50321"}],"curies":[{"name":"wp","href":"https:\/\/api.w.org\/{rel}","templated":true}]}}