{"id":51631,"date":"2020-06-24T10:30:15","date_gmt":"2020-06-24T08:30:15","guid":{"rendered":"https:\/\/www.walraven.com\/?page_id=123140"},"modified":"2022-01-20T13:26:59","modified_gmt":"2022-01-20T12:26:59","slug":"insulating-pipe-supports","status":"publish","type":"page","link":"https:\/\/www.walraven.com\/dk\/insulating-pipe-supports\/","title":{"rendered":"Spar energi, tid og kr\u00e6fter med Walraven-isolerende r\u00f8rst\u00f8tte"},"content":{"rendered":"","protected":false},"excerpt":{"rendered":"","protected":false},"author":43,"featured_media":0,"parent":0,"menu_order":0,"comment_status":"closed","ping_status":"closed","template":"page-templates\/tpl-landingspage.php","meta":{"_acf_changed":false,"footnotes":""},"class_list":["post-51631","page","type-page","status-publish","hentry"],"acf":[],"yoast_head":"<!-- This site is optimized with the Yoast SEO Premium plugin v27.3 (Yoast SEO v27.3) - https:\/\/yoast.com\/product\/yoast-seo-premium-wordpress\/ -->\n<title>Spar energi, tid og kr\u00e6fter med Walraven-isolerende r\u00f8rst\u00f8tte - Walraven Danmark<\/title>\n<meta name=\"description\" content=\"Insulation and pipe fixing in a fast and easy way. Walraven offers compliant, flexible and efficient portfolio \u2705 Hot &amp; cold water \u2705 Heating \u2705 Ventilation \u2705 Air-conditioning\" \/>\n<meta name=\"robots\" content=\"index, follow, max-snippet:-1, max-image-preview:large, max-video-preview:-1\" \/>\n<link rel=\"canonical\" href=\"https:\/\/www.walraven.com\/dk\/insulating-pipe-supports\/\" \/>\n<meta property=\"og:locale\" content=\"da_DK\" \/>\n<meta property=\"og:type\" content=\"article\" \/>\n<meta property=\"og:title\" content=\"Spar energi, tid og kr\u00e6fter med Walraven-isolerende r\u00f8rst\u00f8tte\" \/>\n<meta property=\"og:description\" content=\"Insulation and pipe fixing in a fast and easy way. Walraven offers compliant, flexible and efficient portfolio \u2705 Hot &amp; cold water \u2705 Heating \u2705 Ventilation \u2705 Air-conditioning\" \/>\n<meta property=\"og:url\" content=\"https:\/\/www.walraven.com\/dk\/insulating-pipe-supports\/\" \/>\n<meta property=\"og:site_name\" content=\"Walraven Danmark\" \/>\n<meta property=\"article:modified_time\" content=\"2022-01-20T12:26:59+00:00\" \/>\n<meta name=\"twitter:card\" content=\"summary_large_image\" \/>\n<script type=\"application\/ld+json\" class=\"yoast-schema-graph\">{\"@context\":\"https:\\\/\\\/schema.org\",\"@graph\":[{\"@type\":\"WebPage\",\"@id\":\"https:\\\/\\\/www.walraven.com\\\/dk\\\/insulating-pipe-supports\\\/\",\"url\":\"https:\\\/\\\/www.walraven.com\\\/dk\\\/insulating-pipe-supports\\\/\",\"name\":\"Spar energi, tid og kr\u00e6fter med Walraven-isolerende r\u00f8rst\u00f8tte - Walraven Danmark\",\"isPartOf\":{\"@id\":\"https:\\\/\\\/www.walraven.com\\\/dk\\\/#website\"},\"datePublished\":\"2020-06-24T08:30:15+00:00\",\"dateModified\":\"2022-01-20T12:26:59+00:00\",\"description\":\"Insulation and pipe fixing in a fast and easy way. Walraven offers compliant, flexible and efficient portfolio \u2705 Hot & cold water \u2705 Heating \u2705 Ventilation \u2705 Air-conditioning\",\"breadcrumb\":{\"@id\":\"https:\\\/\\\/www.walraven.com\\\/dk\\\/insulating-pipe-supports\\\/#breadcrumb\"},\"inLanguage\":\"da-DK\",\"potentialAction\":[{\"@type\":\"ReadAction\",\"target\":[\"https:\\\/\\\/www.walraven.com\\\/dk\\\/insulating-pipe-supports\\\/\"]}]},{\"@type\":\"BreadcrumbList\",\"@id\":\"https:\\\/\\\/www.walraven.com\\\/dk\\\/insulating-pipe-supports\\\/#breadcrumb\",\"itemListElement\":[{\"@type\":\"ListItem\",\"position\":1,\"name\":\"Hjem\",\"item\":\"https:\\\/\\\/www.walraven.com\\\/dk\\\/\"},{\"@type\":\"ListItem\",\"position\":2,\"name\":\"Spar energi, tid og kr\u00e6fter med Walraven-isolerende r\u00f8rst\u00f8tte\"}]},{\"@type\":\"WebSite\",\"@id\":\"https:\\\/\\\/www.walraven.com\\\/dk\\\/#website\",\"url\":\"https:\\\/\\\/www.walraven.com\\\/dk\\\/\",\"name\":\"Walraven Danmark\",\"description\":\"\",\"publisher\":{\"@id\":\"https:\\\/\\\/www.walraven.com\\\/dk\\\/#organization\"},\"potentialAction\":[{\"@type\":\"SearchAction\",\"target\":{\"@type\":\"EntryPoint\",\"urlTemplate\":\"https:\\\/\\\/www.walraven.com\\\/dk\\\/?s={search_term_string}\"},\"query-input\":{\"@type\":\"PropertyValueSpecification\",\"valueRequired\":true,\"valueName\":\"search_term_string\"}}],\"inLanguage\":\"da-DK\"},{\"@type\":\"Organization\",\"@id\":\"https:\\\/\\\/www.walraven.com\\\/dk\\\/#organization\",\"name\":\"Walraven Nordic AB\",\"alternateName\":\"Walraven Nordic AB\",\"url\":\"https:\\\/\\\/www.walraven.com\\\/dk\\\/\",\"logo\":{\"@type\":\"ImageObject\",\"inLanguage\":\"da-DK\",\"@id\":\"https:\\\/\\\/www.walraven.com\\\/dk\\\/#\\\/schema\\\/logo\\\/image\\\/\",\"url\":\"https:\\\/\\\/www.walraven.com\\\/dk\\\/wp-content\\\/uploads\\\/sites\\\/14\\\/2023\\\/12\\\/Walraven_logo300x300.jpg\",\"contentUrl\":\"https:\\\/\\\/www.walraven.com\\\/dk\\\/wp-content\\\/uploads\\\/sites\\\/14\\\/2023\\\/12\\\/Walraven_logo300x300.jpg\",\"width\":300,\"height\":300,\"caption\":\"Walraven Nordic AB\"},\"image\":{\"@id\":\"https:\\\/\\\/www.walraven.com\\\/dk\\\/#\\\/schema\\\/logo\\\/image\\\/\"},\"sameAs\":[\"https:\\\/\\\/www.youtube.com\\\/channel\\\/UCzFkuWmHAngDHso5dHibgxA\",\"https:\\\/\\\/www.linkedin.com\\\/company\\\/walraven-danmark\\\/\"]}]}<\/script>\n<!-- \/ Yoast SEO Premium plugin. -->","yoast_head_json":{"title":"Spar energi, tid og kr\u00e6fter med Walraven-isolerende r\u00f8rst\u00f8tte - Walraven Danmark","description":"Insulation and pipe fixing in a fast and easy way. Walraven offers compliant, flexible and efficient portfolio \u2705 Hot & cold water \u2705 Heating \u2705 Ventilation \u2705 Air-conditioning","robots":{"index":"index","follow":"follow","max-snippet":"max-snippet:-1","max-image-preview":"max-image-preview:large","max-video-preview":"max-video-preview:-1"},"canonical":"https:\/\/www.walraven.com\/dk\/insulating-pipe-supports\/","og_locale":"da_DK","og_type":"article","og_title":"Spar energi, tid og kr\u00e6fter med Walraven-isolerende r\u00f8rst\u00f8tte","og_description":"Insulation and pipe fixing in a fast and easy way. Walraven offers compliant, flexible and efficient portfolio \u2705 Hot & cold water \u2705 Heating \u2705 Ventilation \u2705 Air-conditioning","og_url":"https:\/\/www.walraven.com\/dk\/insulating-pipe-supports\/","og_site_name":"Walraven Danmark","article_modified_time":"2022-01-20T12:26:59+00:00","twitter_card":"summary_large_image","schema":{"@context":"https:\/\/schema.org","@graph":[{"@type":"WebPage","@id":"https:\/\/www.walraven.com\/dk\/insulating-pipe-supports\/","url":"https:\/\/www.walraven.com\/dk\/insulating-pipe-supports\/","name":"Spar energi, tid og kr\u00e6fter med Walraven-isolerende r\u00f8rst\u00f8tte - Walraven Danmark","isPartOf":{"@id":"https:\/\/www.walraven.com\/dk\/#website"},"datePublished":"2020-06-24T08:30:15+00:00","dateModified":"2022-01-20T12:26:59+00:00","description":"Insulation and pipe fixing in a fast and easy way. Walraven offers compliant, flexible and efficient portfolio \u2705 Hot & cold water \u2705 Heating \u2705 Ventilation \u2705 Air-conditioning","breadcrumb":{"@id":"https:\/\/www.walraven.com\/dk\/insulating-pipe-supports\/#breadcrumb"},"inLanguage":"da-DK","potentialAction":[{"@type":"ReadAction","target":["https:\/\/www.walraven.com\/dk\/insulating-pipe-supports\/"]}]},{"@type":"BreadcrumbList","@id":"https:\/\/www.walraven.com\/dk\/insulating-pipe-supports\/#breadcrumb","itemListElement":[{"@type":"ListItem","position":1,"name":"Hjem","item":"https:\/\/www.walraven.com\/dk\/"},{"@type":"ListItem","position":2,"name":"Spar energi, tid og kr\u00e6fter med Walraven-isolerende r\u00f8rst\u00f8tte"}]},{"@type":"WebSite","@id":"https:\/\/www.walraven.com\/dk\/#website","url":"https:\/\/www.walraven.com\/dk\/","name":"Walraven Danmark","description":"","publisher":{"@id":"https:\/\/www.walraven.com\/dk\/#organization"},"potentialAction":[{"@type":"SearchAction","target":{"@type":"EntryPoint","urlTemplate":"https:\/\/www.walraven.com\/dk\/?s={search_term_string}"},"query-input":{"@type":"PropertyValueSpecification","valueRequired":true,"valueName":"search_term_string"}}],"inLanguage":"da-DK"},{"@type":"Organization","@id":"https:\/\/www.walraven.com\/dk\/#organization","name":"Walraven Nordic AB","alternateName":"Walraven Nordic AB","url":"https:\/\/www.walraven.com\/dk\/","logo":{"@type":"ImageObject","inLanguage":"da-DK","@id":"https:\/\/www.walraven.com\/dk\/#\/schema\/logo\/image\/","url":"https:\/\/www.walraven.com\/dk\/wp-content\/uploads\/sites\/14\/2023\/12\/Walraven_logo300x300.jpg","contentUrl":"https:\/\/www.walraven.com\/dk\/wp-content\/uploads\/sites\/14\/2023\/12\/Walraven_logo300x300.jpg","width":300,"height":300,"caption":"Walraven Nordic AB"},"image":{"@id":"https:\/\/www.walraven.com\/dk\/#\/schema\/logo\/image\/"},"sameAs":["https:\/\/www.youtube.com\/channel\/UCzFkuWmHAngDHso5dHibgxA","https:\/\/www.linkedin.com\/company\/walraven-danmark\/"]}]}},"_links":{"self":[{"href":"https:\/\/www.walraven.com\/dk\/wp-json\/wp\/v2\/pages\/51631","targetHints":{"allow":["GET"]}}],"collection":[{"href":"https:\/\/www.walraven.com\/dk\/wp-json\/wp\/v2\/pages"}],"about":[{"href":"https:\/\/www.walraven.com\/dk\/wp-json\/wp\/v2\/types\/page"}],"author":[{"embeddable":true,"href":"https:\/\/www.walraven.com\/dk\/wp-json\/wp\/v2\/users\/43"}],"replies":[{"embeddable":true,"href":"https:\/\/www.walraven.com\/dk\/wp-json\/wp\/v2\/comments?post=51631"}],"version-history":[{"count":1,"href":"https:\/\/www.walraven.com\/dk\/wp-json\/wp\/v2\/pages\/51631\/revisions"}],"predecessor-version":[{"id":51847,"href":"https:\/\/www.walraven.com\/dk\/wp-json\/wp\/v2\/pages\/51631\/revisions\/51847"}],"wp:attachment":[{"href":"https:\/\/www.walraven.com\/dk\/wp-json\/wp\/v2\/media?parent=51631"}],"curies":[{"name":"wp","href":"https:\/\/api.w.org\/{rel}","templated":true}]}}