{"id":52706,"date":"2020-09-24T15:09:49","date_gmt":"2020-09-24T13:09:49","guid":{"rendered":"https:\/\/www.walraven.com\/en\/?page_id=56670"},"modified":"2024-09-03T11:04:57","modified_gmt":"2024-09-03T09:04:57","slug":"beton-skruer","status":"publish","type":"page","link":"https:\/\/www.walraven.com\/dk\/beton-skruer\/","title":{"rendered":"Vigtig guide til betonskruer"},"content":{"rendered":"","protected":false},"excerpt":{"rendered":"","protected":false},"author":18,"featured_media":0,"parent":0,"menu_order":0,"comment_status":"closed","ping_status":"closed","template":"page-templates\/tpl-landingspage.php","meta":{"_acf_changed":false,"footnotes":""},"class_list":["post-52706","page","type-page","status-publish","hentry"],"acf":[],"yoast_head":"<!-- This site is optimized with the Yoast SEO Premium plugin v27.3 (Yoast SEO v27.3) - https:\/\/yoast.com\/product\/yoast-seo-premium-wordpress\/ -->\n<title>Betonskruer- en essentiel guide til valg og installation<\/title>\n<meta name=\"description\" content=\"Betonskruer er et popul\u00e6rt valg til installationer i st\u00f8rre bygninger. Find ud af hvordan du v\u00e6lger de rigtige betonskruer til dit projekt.\" \/>\n<meta name=\"robots\" content=\"index, follow, max-snippet:-1, max-image-preview:large, max-video-preview:-1\" \/>\n<link rel=\"canonical\" href=\"https:\/\/www.walraven.com\/dk\/beton-skruer\/\" \/>\n<meta property=\"og:locale\" content=\"da_DK\" \/>\n<meta property=\"og:type\" content=\"article\" \/>\n<meta property=\"og:title\" content=\"Vigtig guide til betonskruer\" \/>\n<meta property=\"og:description\" content=\"Betonskruer er et popul\u00e6rt valg til installationer i st\u00f8rre bygninger. Find ud af hvordan du v\u00e6lger de rigtige betonskruer til dit projekt.\" \/>\n<meta property=\"og:url\" content=\"https:\/\/www.walraven.com\/dk\/beton-skruer\/\" \/>\n<meta property=\"og:site_name\" content=\"Walraven Danmark\" \/>\n<meta property=\"article:modified_time\" content=\"2024-09-03T09:04:57+00:00\" \/>\n<meta name=\"twitter:card\" content=\"summary_large_image\" \/>\n<meta name=\"twitter:label1\" content=\"Estimeret l\u00e6setid\" \/>\n\t<meta name=\"twitter:data1\" content=\"14 minutter\" \/>\n<script type=\"application\/ld+json\" class=\"yoast-schema-graph\">{\"@context\":\"https:\\\/\\\/schema.org\",\"@graph\":[{\"@type\":\"WebPage\",\"@id\":\"https:\\\/\\\/www.walraven.com\\\/dk\\\/beton-skruer\\\/\",\"url\":\"https:\\\/\\\/www.walraven.com\\\/dk\\\/beton-skruer\\\/\",\"name\":\"Betonskruer- en essentiel guide til valg og installation\",\"isPartOf\":{\"@id\":\"https:\\\/\\\/www.walraven.com\\\/dk\\\/#website\"},\"datePublished\":\"2020-09-24T13:09:49+00:00\",\"dateModified\":\"2024-09-03T09:04:57+00:00\",\"description\":\"Betonskruer er et popul\u00e6rt valg til installationer i st\u00f8rre bygninger. Find ud af hvordan du v\u00e6lger de rigtige betonskruer til dit projekt.\",\"breadcrumb\":{\"@id\":\"https:\\\/\\\/www.walraven.com\\\/dk\\\/beton-skruer\\\/#breadcrumb\"},\"inLanguage\":\"da-DK\",\"potentialAction\":[{\"@type\":\"ReadAction\",\"target\":[\"https:\\\/\\\/www.walraven.com\\\/dk\\\/beton-skruer\\\/\"]}]},{\"@type\":\"BreadcrumbList\",\"@id\":\"https:\\\/\\\/www.walraven.com\\\/dk\\\/beton-skruer\\\/#breadcrumb\",\"itemListElement\":[{\"@type\":\"ListItem\",\"position\":1,\"name\":\"Hjem\",\"item\":\"https:\\\/\\\/www.walraven.com\\\/dk\\\/\"},{\"@type\":\"ListItem\",\"position\":2,\"name\":\"Vigtig guide til betonskruer\"}]},{\"@type\":\"WebSite\",\"@id\":\"https:\\\/\\\/www.walraven.com\\\/dk\\\/#website\",\"url\":\"https:\\\/\\\/www.walraven.com\\\/dk\\\/\",\"name\":\"Walraven Danmark\",\"description\":\"\",\"publisher\":{\"@id\":\"https:\\\/\\\/www.walraven.com\\\/dk\\\/#organization\"},\"potentialAction\":[{\"@type\":\"SearchAction\",\"target\":{\"@type\":\"EntryPoint\",\"urlTemplate\":\"https:\\\/\\\/www.walraven.com\\\/dk\\\/?s={search_term_string}\"},\"query-input\":{\"@type\":\"PropertyValueSpecification\",\"valueRequired\":true,\"valueName\":\"search_term_string\"}}],\"inLanguage\":\"da-DK\"},{\"@type\":\"Organization\",\"@id\":\"https:\\\/\\\/www.walraven.com\\\/dk\\\/#organization\",\"name\":\"Walraven Nordic AB\",\"alternateName\":\"Walraven Nordic AB\",\"url\":\"https:\\\/\\\/www.walraven.com\\\/dk\\\/\",\"logo\":{\"@type\":\"ImageObject\",\"inLanguage\":\"da-DK\",\"@id\":\"https:\\\/\\\/www.walraven.com\\\/dk\\\/#\\\/schema\\\/logo\\\/image\\\/\",\"url\":\"https:\\\/\\\/www.walraven.com\\\/dk\\\/wp-content\\\/uploads\\\/sites\\\/14\\\/2023\\\/12\\\/Walraven_logo300x300.jpg\",\"contentUrl\":\"https:\\\/\\\/www.walraven.com\\\/dk\\\/wp-content\\\/uploads\\\/sites\\\/14\\\/2023\\\/12\\\/Walraven_logo300x300.jpg\",\"width\":300,\"height\":300,\"caption\":\"Walraven Nordic AB\"},\"image\":{\"@id\":\"https:\\\/\\\/www.walraven.com\\\/dk\\\/#\\\/schema\\\/logo\\\/image\\\/\"},\"sameAs\":[\"https:\\\/\\\/www.youtube.com\\\/channel\\\/UCzFkuWmHAngDHso5dHibgxA\",\"https:\\\/\\\/www.linkedin.com\\\/company\\\/walraven-danmark\\\/\"]}]}<\/script>\n<!-- \/ Yoast SEO Premium plugin. -->","yoast_head_json":{"title":"Betonskruer- en essentiel guide til valg og installation","description":"Betonskruer er et popul\u00e6rt valg til installationer i st\u00f8rre bygninger. Find ud af hvordan du v\u00e6lger de rigtige betonskruer til dit projekt.","robots":{"index":"index","follow":"follow","max-snippet":"max-snippet:-1","max-image-preview":"max-image-preview:large","max-video-preview":"max-video-preview:-1"},"canonical":"https:\/\/www.walraven.com\/dk\/beton-skruer\/","og_locale":"da_DK","og_type":"article","og_title":"Vigtig guide til betonskruer","og_description":"Betonskruer er et popul\u00e6rt valg til installationer i st\u00f8rre bygninger. Find ud af hvordan du v\u00e6lger de rigtige betonskruer til dit projekt.","og_url":"https:\/\/www.walraven.com\/dk\/beton-skruer\/","og_site_name":"Walraven Danmark","article_modified_time":"2024-09-03T09:04:57+00:00","twitter_card":"summary_large_image","twitter_misc":{"Estimeret l\u00e6setid":"14 minutter"},"schema":{"@context":"https:\/\/schema.org","@graph":[{"@type":"WebPage","@id":"https:\/\/www.walraven.com\/dk\/beton-skruer\/","url":"https:\/\/www.walraven.com\/dk\/beton-skruer\/","name":"Betonskruer- en essentiel guide til valg og installation","isPartOf":{"@id":"https:\/\/www.walraven.com\/dk\/#website"},"datePublished":"2020-09-24T13:09:49+00:00","dateModified":"2024-09-03T09:04:57+00:00","description":"Betonskruer er et popul\u00e6rt valg til installationer i st\u00f8rre bygninger. Find ud af hvordan du v\u00e6lger de rigtige betonskruer til dit projekt.","breadcrumb":{"@id":"https:\/\/www.walraven.com\/dk\/beton-skruer\/#breadcrumb"},"inLanguage":"da-DK","potentialAction":[{"@type":"ReadAction","target":["https:\/\/www.walraven.com\/dk\/beton-skruer\/"]}]},{"@type":"BreadcrumbList","@id":"https:\/\/www.walraven.com\/dk\/beton-skruer\/#breadcrumb","itemListElement":[{"@type":"ListItem","position":1,"name":"Hjem","item":"https:\/\/www.walraven.com\/dk\/"},{"@type":"ListItem","position":2,"name":"Vigtig guide til betonskruer"}]},{"@type":"WebSite","@id":"https:\/\/www.walraven.com\/dk\/#website","url":"https:\/\/www.walraven.com\/dk\/","name":"Walraven Danmark","description":"","publisher":{"@id":"https:\/\/www.walraven.com\/dk\/#organization"},"potentialAction":[{"@type":"SearchAction","target":{"@type":"EntryPoint","urlTemplate":"https:\/\/www.walraven.com\/dk\/?s={search_term_string}"},"query-input":{"@type":"PropertyValueSpecification","valueRequired":true,"valueName":"search_term_string"}}],"inLanguage":"da-DK"},{"@type":"Organization","@id":"https:\/\/www.walraven.com\/dk\/#organization","name":"Walraven Nordic AB","alternateName":"Walraven Nordic AB","url":"https:\/\/www.walraven.com\/dk\/","logo":{"@type":"ImageObject","inLanguage":"da-DK","@id":"https:\/\/www.walraven.com\/dk\/#\/schema\/logo\/image\/","url":"https:\/\/www.walraven.com\/dk\/wp-content\/uploads\/sites\/14\/2023\/12\/Walraven_logo300x300.jpg","contentUrl":"https:\/\/www.walraven.com\/dk\/wp-content\/uploads\/sites\/14\/2023\/12\/Walraven_logo300x300.jpg","width":300,"height":300,"caption":"Walraven Nordic AB"},"image":{"@id":"https:\/\/www.walraven.com\/dk\/#\/schema\/logo\/image\/"},"sameAs":["https:\/\/www.youtube.com\/channel\/UCzFkuWmHAngDHso5dHibgxA","https:\/\/www.linkedin.com\/company\/walraven-danmark\/"]}]}},"_links":{"self":[{"href":"https:\/\/www.walraven.com\/dk\/wp-json\/wp\/v2\/pages\/52706","targetHints":{"allow":["GET"]}}],"collection":[{"href":"https:\/\/www.walraven.com\/dk\/wp-json\/wp\/v2\/pages"}],"about":[{"href":"https:\/\/www.walraven.com\/dk\/wp-json\/wp\/v2\/types\/page"}],"author":[{"embeddable":true,"href":"https:\/\/www.walraven.com\/dk\/wp-json\/wp\/v2\/users\/18"}],"replies":[{"embeddable":true,"href":"https:\/\/www.walraven.com\/dk\/wp-json\/wp\/v2\/comments?post=52706"}],"version-history":[{"count":6,"href":"https:\/\/www.walraven.com\/dk\/wp-json\/wp\/v2\/pages\/52706\/revisions"}],"predecessor-version":[{"id":58920,"href":"https:\/\/www.walraven.com\/dk\/wp-json\/wp\/v2\/pages\/52706\/revisions\/58920"}],"wp:attachment":[{"href":"https:\/\/www.walraven.com\/dk\/wp-json\/wp\/v2\/media?parent=52706"}],"curies":[{"name":"wp","href":"https:\/\/api.w.org\/{rel}","templated":true}]}}