{"id":52760,"date":"2020-10-12T10:30:07","date_gmt":"2020-10-12T08:30:07","guid":{"rendered":"https:\/\/www.walraven.com\/en\/?page_id=56935"},"modified":"2024-12-18T10:54:37","modified_gmt":"2024-12-18T09:54:37","slug":"vareproeve-paa-betonskruer","status":"publish","type":"page","link":"https:\/\/www.walraven.com\/dk\/vareproeve-paa-betonskruer\/","title":{"rendered":"Sp\u00f8rg efter en varepr\u00f8ve p\u00e5 betonskruer"},"content":{"rendered":"","protected":false},"excerpt":{"rendered":"","protected":false},"author":43,"featured_media":0,"parent":0,"menu_order":0,"comment_status":"closed","ping_status":"closed","template":"page-templates\/tpl-landingspage.php","meta":{"_acf_changed":false,"footnotes":""},"class_list":["post-52760","page","type-page","status-publish","hentry"],"acf":[],"yoast_head":"<!-- This site is optimized with the Yoast SEO Premium plugin v27.5 (Yoast SEO v27.5) - https:\/\/yoast.com\/product\/yoast-seo-premium-wordpress\/ -->\n<title>Sp\u00f8rg efter en varepr\u00f8ve p\u00e5 betonskruer - Walraven Danmark<\/title>\n<meta name=\"description\" content=\"If you request a concrete screw sample from us we are sure you will be happy with the quality of our ETA approved screw anchors.\" \/>\n<meta name=\"robots\" content=\"index, follow, max-snippet:-1, max-image-preview:large, max-video-preview:-1\" \/>\n<link rel=\"canonical\" href=\"https:\/\/www.walraven.com\/dk\/vareproeve-paa-betonskruer\/\" \/>\n<meta property=\"og:locale\" content=\"da_DK\" \/>\n<meta property=\"og:type\" content=\"article\" \/>\n<meta property=\"og:title\" content=\"Sp\u00f8rg efter en varepr\u00f8ve p\u00e5 betonskruer\" \/>\n<meta property=\"og:description\" content=\"If you request a concrete screw sample from us we are sure you will be happy with the quality of our ETA approved screw anchors.\" \/>\n<meta property=\"og:url\" content=\"https:\/\/www.walraven.com\/dk\/vareproeve-paa-betonskruer\/\" \/>\n<meta property=\"og:site_name\" content=\"Walraven Danmark\" \/>\n<meta property=\"article:modified_time\" content=\"2024-12-18T09:54:37+00:00\" \/>\n<meta name=\"twitter:card\" content=\"summary_large_image\" \/>\n<meta name=\"twitter:label1\" content=\"Estimeret l\u00e6setid\" \/>\n\t<meta name=\"twitter:data1\" content=\"1 minut\" \/>\n<script type=\"application\/ld+json\" class=\"yoast-schema-graph\">{\"@context\":\"https:\\\/\\\/schema.org\",\"@graph\":[{\"@type\":\"WebPage\",\"@id\":\"https:\\\/\\\/www.walraven.com\\\/dk\\\/vareproeve-paa-betonskruer\\\/\",\"url\":\"https:\\\/\\\/www.walraven.com\\\/dk\\\/vareproeve-paa-betonskruer\\\/\",\"name\":\"Sp\u00f8rg efter en varepr\u00f8ve p\u00e5 betonskruer - Walraven Danmark\",\"isPartOf\":{\"@id\":\"https:\\\/\\\/www.walraven.com\\\/dk\\\/#website\"},\"datePublished\":\"2020-10-12T08:30:07+00:00\",\"dateModified\":\"2024-12-18T09:54:37+00:00\",\"description\":\"If you request a concrete screw sample from us we are sure you will be happy with the quality of our ETA approved screw anchors.\",\"breadcrumb\":{\"@id\":\"https:\\\/\\\/www.walraven.com\\\/dk\\\/vareproeve-paa-betonskruer\\\/#breadcrumb\"},\"inLanguage\":\"da-DK\",\"potentialAction\":[{\"@type\":\"ReadAction\",\"target\":[\"https:\\\/\\\/www.walraven.com\\\/dk\\\/vareproeve-paa-betonskruer\\\/\"]}]},{\"@type\":\"BreadcrumbList\",\"@id\":\"https:\\\/\\\/www.walraven.com\\\/dk\\\/vareproeve-paa-betonskruer\\\/#breadcrumb\",\"itemListElement\":[{\"@type\":\"ListItem\",\"position\":1,\"name\":\"Hjem\",\"item\":\"https:\\\/\\\/www.walraven.com\\\/dk\\\/\"},{\"@type\":\"ListItem\",\"position\":2,\"name\":\"Sp\u00f8rg efter en varepr\u00f8ve p\u00e5 betonskruer\"}]},{\"@type\":\"WebSite\",\"@id\":\"https:\\\/\\\/www.walraven.com\\\/dk\\\/#website\",\"url\":\"https:\\\/\\\/www.walraven.com\\\/dk\\\/\",\"name\":\"Walraven Danmark\",\"description\":\"\",\"publisher\":{\"@id\":\"https:\\\/\\\/www.walraven.com\\\/dk\\\/#organization\"},\"potentialAction\":[{\"@type\":\"SearchAction\",\"target\":{\"@type\":\"EntryPoint\",\"urlTemplate\":\"https:\\\/\\\/www.walraven.com\\\/dk\\\/?s={search_term_string}\"},\"query-input\":{\"@type\":\"PropertyValueSpecification\",\"valueRequired\":true,\"valueName\":\"search_term_string\"}}],\"inLanguage\":\"da-DK\"},{\"@type\":\"Organization\",\"@id\":\"https:\\\/\\\/www.walraven.com\\\/dk\\\/#organization\",\"name\":\"Walraven Nordic AB\",\"alternateName\":\"Walraven Nordic AB\",\"url\":\"https:\\\/\\\/www.walraven.com\\\/dk\\\/\",\"logo\":{\"@type\":\"ImageObject\",\"inLanguage\":\"da-DK\",\"@id\":\"https:\\\/\\\/www.walraven.com\\\/dk\\\/#\\\/schema\\\/logo\\\/image\\\/\",\"url\":\"https:\\\/\\\/www.walraven.com\\\/dk\\\/wp-content\\\/uploads\\\/sites\\\/14\\\/2023\\\/12\\\/Walraven_logo300x300.jpg\",\"contentUrl\":\"https:\\\/\\\/www.walraven.com\\\/dk\\\/wp-content\\\/uploads\\\/sites\\\/14\\\/2023\\\/12\\\/Walraven_logo300x300.jpg\",\"width\":300,\"height\":300,\"caption\":\"Walraven Nordic AB\"},\"image\":{\"@id\":\"https:\\\/\\\/www.walraven.com\\\/dk\\\/#\\\/schema\\\/logo\\\/image\\\/\"},\"sameAs\":[\"https:\\\/\\\/www.youtube.com\\\/channel\\\/UCzFkuWmHAngDHso5dHibgxA\",\"https:\\\/\\\/www.linkedin.com\\\/company\\\/walraven-danmark\\\/\"]}]}<\/script>\n<!-- \/ Yoast SEO Premium plugin. -->","yoast_head_json":{"title":"Sp\u00f8rg efter en varepr\u00f8ve p\u00e5 betonskruer - Walraven Danmark","description":"If you request a concrete screw sample from us we are sure you will be happy with the quality of our ETA approved screw anchors.","robots":{"index":"index","follow":"follow","max-snippet":"max-snippet:-1","max-image-preview":"max-image-preview:large","max-video-preview":"max-video-preview:-1"},"canonical":"https:\/\/www.walraven.com\/dk\/vareproeve-paa-betonskruer\/","og_locale":"da_DK","og_type":"article","og_title":"Sp\u00f8rg efter en varepr\u00f8ve p\u00e5 betonskruer","og_description":"If you request a concrete screw sample from us we are sure you will be happy with the quality of our ETA approved screw anchors.","og_url":"https:\/\/www.walraven.com\/dk\/vareproeve-paa-betonskruer\/","og_site_name":"Walraven Danmark","article_modified_time":"2024-12-18T09:54:37+00:00","twitter_card":"summary_large_image","twitter_misc":{"Estimeret l\u00e6setid":"1 minut"},"schema":{"@context":"https:\/\/schema.org","@graph":[{"@type":"WebPage","@id":"https:\/\/www.walraven.com\/dk\/vareproeve-paa-betonskruer\/","url":"https:\/\/www.walraven.com\/dk\/vareproeve-paa-betonskruer\/","name":"Sp\u00f8rg efter en varepr\u00f8ve p\u00e5 betonskruer - Walraven Danmark","isPartOf":{"@id":"https:\/\/www.walraven.com\/dk\/#website"},"datePublished":"2020-10-12T08:30:07+00:00","dateModified":"2024-12-18T09:54:37+00:00","description":"If you request a concrete screw sample from us we are sure you will be happy with the quality of our ETA approved screw anchors.","breadcrumb":{"@id":"https:\/\/www.walraven.com\/dk\/vareproeve-paa-betonskruer\/#breadcrumb"},"inLanguage":"da-DK","potentialAction":[{"@type":"ReadAction","target":["https:\/\/www.walraven.com\/dk\/vareproeve-paa-betonskruer\/"]}]},{"@type":"BreadcrumbList","@id":"https:\/\/www.walraven.com\/dk\/vareproeve-paa-betonskruer\/#breadcrumb","itemListElement":[{"@type":"ListItem","position":1,"name":"Hjem","item":"https:\/\/www.walraven.com\/dk\/"},{"@type":"ListItem","position":2,"name":"Sp\u00f8rg efter en varepr\u00f8ve p\u00e5 betonskruer"}]},{"@type":"WebSite","@id":"https:\/\/www.walraven.com\/dk\/#website","url":"https:\/\/www.walraven.com\/dk\/","name":"Walraven Danmark","description":"","publisher":{"@id":"https:\/\/www.walraven.com\/dk\/#organization"},"potentialAction":[{"@type":"SearchAction","target":{"@type":"EntryPoint","urlTemplate":"https:\/\/www.walraven.com\/dk\/?s={search_term_string}"},"query-input":{"@type":"PropertyValueSpecification","valueRequired":true,"valueName":"search_term_string"}}],"inLanguage":"da-DK"},{"@type":"Organization","@id":"https:\/\/www.walraven.com\/dk\/#organization","name":"Walraven Nordic AB","alternateName":"Walraven Nordic AB","url":"https:\/\/www.walraven.com\/dk\/","logo":{"@type":"ImageObject","inLanguage":"da-DK","@id":"https:\/\/www.walraven.com\/dk\/#\/schema\/logo\/image\/","url":"https:\/\/www.walraven.com\/dk\/wp-content\/uploads\/sites\/14\/2023\/12\/Walraven_logo300x300.jpg","contentUrl":"https:\/\/www.walraven.com\/dk\/wp-content\/uploads\/sites\/14\/2023\/12\/Walraven_logo300x300.jpg","width":300,"height":300,"caption":"Walraven Nordic AB"},"image":{"@id":"https:\/\/www.walraven.com\/dk\/#\/schema\/logo\/image\/"},"sameAs":["https:\/\/www.youtube.com\/channel\/UCzFkuWmHAngDHso5dHibgxA","https:\/\/www.linkedin.com\/company\/walraven-danmark\/"]}]}},"_links":{"self":[{"href":"https:\/\/www.walraven.com\/dk\/wp-json\/wp\/v2\/pages\/52760","targetHints":{"allow":["GET"]}}],"collection":[{"href":"https:\/\/www.walraven.com\/dk\/wp-json\/wp\/v2\/pages"}],"about":[{"href":"https:\/\/www.walraven.com\/dk\/wp-json\/wp\/v2\/types\/page"}],"author":[{"embeddable":true,"href":"https:\/\/www.walraven.com\/dk\/wp-json\/wp\/v2\/users\/43"}],"replies":[{"embeddable":true,"href":"https:\/\/www.walraven.com\/dk\/wp-json\/wp\/v2\/comments?post=52760"}],"version-history":[{"count":5,"href":"https:\/\/www.walraven.com\/dk\/wp-json\/wp\/v2\/pages\/52760\/revisions"}],"predecessor-version":[{"id":59062,"href":"https:\/\/www.walraven.com\/dk\/wp-json\/wp\/v2\/pages\/52760\/revisions\/59062"}],"wp:attachment":[{"href":"https:\/\/www.walraven.com\/dk\/wp-json\/wp\/v2\/media?parent=52760"}],"curies":[{"name":"wp","href":"https:\/\/api.w.org\/{rel}","templated":true}]}}