{"id":53367,"date":"2021-11-26T11:15:22","date_gmt":"2021-11-26T10:15:22","guid":{"rendered":"https:\/\/www.walraven.com\/?page_id=126794"},"modified":"2024-12-18T10:01:43","modified_gmt":"2024-12-18T09:01:43","slug":"det-grundlaeggende-om-vibration","status":"publish","type":"page","link":"https:\/\/www.walraven.com\/dk\/det-grundlaeggende-om-vibration\/","title":{"rendered":"Det grundl\u00e6ggende om vibration"},"content":{"rendered":"<h2>Hvad er vibration,\u00a0og hvorfor skal du undg\u00e5 det?<\/h2>\n<p>I takt med at flere brugere af bygninger forstyrres af den mekaniske vibration og st\u00f8j fremkaldt af vibration fra mekanisk udstyr, er sektoren for varme-, ventilations- og klimaanl\u00e6g blevet mere opm\u00e6rksomme p\u00e5 det akustiske design af mekanisk udstyr og installationer. Men f\u00f8r vi\u00a0unders\u00f8ger og deler eksempler p\u00e5, hvordan\u00a0vibration kan forhindres, skal\u00a0vi\u00a0kigge\u00a0p\u00e5 definitionen og bivirkningerne\u00a0ved vibration.<\/p>\n<h2>Hvad er vibration?<\/h2>\n<p>Med f\u00e5 ord s\u00e5 er vibration et mekanisk f\u00e6nomen, hvor der opst\u00e5r svingninger omkring et balancepunkt. I nogle tilf\u00e6lde er dette \u00f8nskv\u00e6rdigt, f.eks. ved bev\u00e6gelsen af en guitars strenge, men ofte er vibration u\u00f8nsket, da det skaber generende st\u00f8j og ubehag. Typiske eksempler p\u00e5 generende vibration omfatter vibrerende bev\u00e6gelser af motorer, elektriske motorer eller andre mekaniske enheder eller udstyr i drift.<\/p>\n<h2>Lydeffekterne ved vibration<\/h2>\n<p>I forbindelse med varme-, ventilations- og klimaanl\u00e6g genereres lyde mest p\u00e5 grund af vibration fra noget udstyr. Ikke desto mindre kan nogle typer vibration ogs\u00e5 generere lydeffekter, der ikke kan registreres af mennesker. Men det er vigtigt at vide, at\u00a0<i>ikke-registrerede lydeffekter ogs\u00e5 kan p\u00e5virke helbredet og trivslen af brugerne af bygningen<\/i>. Den bedste m\u00e5de at reducere lyd p\u00e5 \u2013 b\u00e5de registrerbar og ikke-registrerbar lyd \u2013 er derfor at begr\u00e6nse den vibration, der skabes af mekanisk udstyr til\u00a0at starte med.<\/p>\n<h2>Hvad er de mest almindelige kilder til vibration i bygninger?<\/h2>\n<p>Udstyr til varme-, ventilations- og klimaanl\u00e6g, der er fastgjort stramt til betongulve, v\u00e6gge eller lofter, kan udsende vibration til den b\u00e6rende konstruktion og for\u00e5rsage u\u00f8nskede niveauer af konstruktionsb\u00e5ren st\u00f8j. St\u00f8jen kan komme vidt omkring og tilmed sprede\u00a0sig i bygningen. Ligesom med udstyr kan r\u00f8r, kanaler og ledninger fungere som transmittere af konstruktionsb\u00e5ren st\u00f8j, hvis de er fastgjort stramt til vibrerende udstyr.<\/p>\n<h2>Det er ikke kun den generende st\u00f8j; det drejer sig om mere end det<\/h2>\n<p>Udover den generende st\u00f8j kan regelm\u00e6ssig og gentagen\u00a0vibration medf\u00f8re\u00a0andre\u00a0problemer, som kan p\u00e5virke udstyret, bygningen og dens brugere. Disse\u00a0problemer\u00a0omfatter bl.a.:<\/p>\n<ul>\n<li>ubehag for folk<\/li>\n<li>nedsat sikkerhed for dem, der befinder sig i n\u00e6rheden af det vibrerende udstyr<\/li>\n<li>negative konsekvenser for bygningsv\u00e6rket<\/li>\n<li>\u00f8gede vedligeholdelseskrav\u00a0til\u00a0udstyret<\/li>\n<li>nedsat levetid af udstyret<\/li>\n<li>forkert drift af\u00a0udstyret<\/li>\n<li>overtr\u00e6delse af lovm\u00e6ssige krav<\/li>\n<\/ul>\n<h2>Hvordan afhj\u00e6lpes vibration?<\/h2>\n<p>Isolering af vibrationskilderne fra den b\u00e6rende konstruktion ved hj\u00e6lp af modstandsdygtige enheder, f.eks. isolatorer, er den mest effektive tilgang til at fjerne vibration. N\u00f8je udvalgt\u00a0antivibrationssystem\u00a0til vibroakustiske\u00a0isolatorer\u00a0skal placeres, hvor det er muligt, direkte mellem den konstruktion, der monteres p\u00e5, og det udstyr, der skaber den generende vibration. Isolatorerne kan derefter effektivt absorbere op til 99\u00a0% af den ekstra vibration, som udstyret skaber.<\/p>\n<h2>Forebyggelse er nemmere og billigere end afhj\u00e6lpning!<\/h2>\n<p>Afhj\u00e6lpning af st\u00f8j og vibration kan v\u00e6re meget dyrere end at h\u00e5ndtere det, f\u00f8r udstyret installeres. Omkostningerne for afhj\u00e6lpning kan omfatte den tid, det tager at koordinere unders\u00f8gelser, direkte betaling til den eftermonterende entrepren\u00f8r og mulig kompensation til brugerne af bygningen, som har klaget. Du skal derfor altid fors\u00f8ge at forebygge problemer med vibration og st\u00f8j frem for at afhj\u00e6lpe dem. Den forsvindende lille ekstraomkostning ved forebyggelse (normalt omkring 1\u00a0% til 2\u00a0% af de samlede omkostninger for varme-, ventilations- og klimaanl\u00e6gget) er penge, der er givet godt ud, sammenlignet med det n\u00e6stbedste alternativ, som er at afhj\u00e6lpe den eksisterende situation.<\/p>\n<h2>F\u00e5 mere at vide om\u00a0antivibrationsl\u00f8sninger fra\u00a0Walraven<\/h2>\n<p>I Walravens portef\u00f8lje finder du et komplet sortiment af vibroakustiske isolatorer af\u00a0<a href=\"https:\/\/www.walraven.com\/int\/products\/walraven-vibratek-hr-1-rubber-hanger\/\">gummi<\/a>\u00a0og metal til antivibrations<a href=\"https:\/\/www.walraven.com\/int\/products\/walraven-vibratek-pr-t-rubber-tile-pad\/\">underlag,<\/a>\u00a0<a href=\"https:\/\/www.walraven.com\/int\/products\/walraven-vibratek-mr-b-rubber-mount\/\">-beslag<\/a>\u00a0og\u00a0<a href=\"https:\/\/www.walraven.com\/int\/products\/walraven-vibratek-hs-1x-spring-hanger\/\">-fjedre<\/a>, der fjerner vibrationsproblemer i installationer i forbindelse med varme-, ventilations- og klimaanl\u00e6g. Isolatorerne kan ogs\u00e5 nemt integreres med andre typiske\u00a0<a href=\"https:\/\/www.walraven.com\/dk\/produkter\/rorophaeng\/\">r\u00f8roph\u00e6ng<\/a>,\u00a0<a href=\"https:\/\/www.walraven.com\/dk\/ophaengssystemer\/bis-rapidstrut\/\">skinnest\u00f8tter<\/a>\u00a0eller\u00a0<a href=\"https:\/\/www.walraven.com\/dk\/taginstallationer\/\">taginstallationer<\/a>.<\/p>\n<p><a href=\"https:\/\/www.walraven.com\/dk\/produkter\/vibration-and-acoustic-isolation\/\"><b>F\u00e5 mere at vide<\/b><\/a><\/p>\n","protected":false},"excerpt":{"rendered":"<p>Hvad er vibration,\u00a0og hvorfor skal du undg\u00e5 det? I takt med at flere brugere af bygninger forstyrres af den mekaniske vibration og st\u00f8j fremkaldt af vibration fra mekanisk udstyr, er sektoren for varme-, ventilations- og klimaanl\u00e6g blevet mere opm\u00e6rksomme p\u00e5 det akustiske design af mekanisk udstyr og installationer. Men f\u00f8r vi\u00a0unders\u00f8ger og deler eksempler p\u00e5, [&hellip;]<\/p>\n","protected":false},"author":62,"featured_media":0,"parent":0,"menu_order":0,"comment_status":"closed","ping_status":"closed","template":"","meta":{"_acf_changed":false,"footnotes":""},"class_list":["post-53367","page","type-page","status-publish","hentry"],"acf":[],"yoast_head":"<!-- This site is optimized with the Yoast SEO Premium plugin v27.3 (Yoast SEO v27.3) - https:\/\/yoast.com\/product\/yoast-seo-premium-wordpress\/ -->\n<title>Det grundl\u00e6ggende om vibration - Walraven Danmark<\/title>\n<meta name=\"description\" content=\"I takt med at flere brugere af bygninger forstyrres af den mekaniske vibration og st\u00f8j fremkaldt af vibration fra mekanisk udstyr, er sektoren for varme-, ventilations- og klimaanl\u00e6g blevet mere opm\u00e6rksomme p\u00e5 det akustiske design af mekanisk udstyr og installationer.\" \/>\n<meta name=\"robots\" content=\"index, follow, max-snippet:-1, max-image-preview:large, max-video-preview:-1\" \/>\n<link rel=\"canonical\" href=\"https:\/\/www.walraven.com\/dk\/det-grundlaeggende-om-vibration\/\" \/>\n<meta property=\"og:locale\" content=\"da_DK\" \/>\n<meta property=\"og:type\" content=\"article\" \/>\n<meta property=\"og:title\" content=\"Det grundl\u00e6ggende om vibration\" \/>\n<meta property=\"og:description\" content=\"I takt med at flere brugere af bygninger forstyrres af den mekaniske vibration og st\u00f8j fremkaldt af vibration fra mekanisk udstyr, er sektoren for varme-, ventilations- og klimaanl\u00e6g blevet mere opm\u00e6rksomme p\u00e5 det akustiske design af mekanisk udstyr og installationer.\" \/>\n<meta property=\"og:url\" content=\"https:\/\/www.walraven.com\/dk\/det-grundlaeggende-om-vibration\/\" \/>\n<meta property=\"og:site_name\" content=\"Walraven Danmark\" \/>\n<meta property=\"article:modified_time\" content=\"2024-12-18T09:01:43+00:00\" \/>\n<meta name=\"twitter:card\" content=\"summary_large_image\" \/>\n<meta name=\"twitter:label1\" content=\"Estimeret l\u00e6setid\" \/>\n\t<meta name=\"twitter:data1\" content=\"4 minutter\" \/>\n<script type=\"application\/ld+json\" class=\"yoast-schema-graph\">{\"@context\":\"https:\\\/\\\/schema.org\",\"@graph\":[{\"@type\":\"WebPage\",\"@id\":\"https:\\\/\\\/www.walraven.com\\\/dk\\\/det-grundlaeggende-om-vibration\\\/\",\"url\":\"https:\\\/\\\/www.walraven.com\\\/dk\\\/det-grundlaeggende-om-vibration\\\/\",\"name\":\"Det grundl\u00e6ggende om vibration - Walraven Danmark\",\"isPartOf\":{\"@id\":\"https:\\\/\\\/www.walraven.com\\\/dk\\\/#website\"},\"datePublished\":\"2021-11-26T10:15:22+00:00\",\"dateModified\":\"2024-12-18T09:01:43+00:00\",\"description\":\"I takt med at flere brugere af bygninger forstyrres af den mekaniske vibration og st\u00f8j fremkaldt af vibration fra mekanisk udstyr, er sektoren for varme-, ventilations- og klimaanl\u00e6g blevet mere opm\u00e6rksomme p\u00e5 det akustiske design af mekanisk udstyr og installationer.\",\"breadcrumb\":{\"@id\":\"https:\\\/\\\/www.walraven.com\\\/dk\\\/det-grundlaeggende-om-vibration\\\/#breadcrumb\"},\"inLanguage\":\"da-DK\",\"potentialAction\":[{\"@type\":\"ReadAction\",\"target\":[\"https:\\\/\\\/www.walraven.com\\\/dk\\\/det-grundlaeggende-om-vibration\\\/\"]}]},{\"@type\":\"BreadcrumbList\",\"@id\":\"https:\\\/\\\/www.walraven.com\\\/dk\\\/det-grundlaeggende-om-vibration\\\/#breadcrumb\",\"itemListElement\":[{\"@type\":\"ListItem\",\"position\":1,\"name\":\"Hjem\",\"item\":\"https:\\\/\\\/www.walraven.com\\\/dk\\\/\"},{\"@type\":\"ListItem\",\"position\":2,\"name\":\"Det grundl\u00e6ggende om vibration\"}]},{\"@type\":\"WebSite\",\"@id\":\"https:\\\/\\\/www.walraven.com\\\/dk\\\/#website\",\"url\":\"https:\\\/\\\/www.walraven.com\\\/dk\\\/\",\"name\":\"Walraven Danmark\",\"description\":\"\",\"publisher\":{\"@id\":\"https:\\\/\\\/www.walraven.com\\\/dk\\\/#organization\"},\"potentialAction\":[{\"@type\":\"SearchAction\",\"target\":{\"@type\":\"EntryPoint\",\"urlTemplate\":\"https:\\\/\\\/www.walraven.com\\\/dk\\\/?s={search_term_string}\"},\"query-input\":{\"@type\":\"PropertyValueSpecification\",\"valueRequired\":true,\"valueName\":\"search_term_string\"}}],\"inLanguage\":\"da-DK\"},{\"@type\":\"Organization\",\"@id\":\"https:\\\/\\\/www.walraven.com\\\/dk\\\/#organization\",\"name\":\"Walraven Nordic AB\",\"alternateName\":\"Walraven Nordic AB\",\"url\":\"https:\\\/\\\/www.walraven.com\\\/dk\\\/\",\"logo\":{\"@type\":\"ImageObject\",\"inLanguage\":\"da-DK\",\"@id\":\"https:\\\/\\\/www.walraven.com\\\/dk\\\/#\\\/schema\\\/logo\\\/image\\\/\",\"url\":\"https:\\\/\\\/www.walraven.com\\\/dk\\\/wp-content\\\/uploads\\\/sites\\\/14\\\/2023\\\/12\\\/Walraven_logo300x300.jpg\",\"contentUrl\":\"https:\\\/\\\/www.walraven.com\\\/dk\\\/wp-content\\\/uploads\\\/sites\\\/14\\\/2023\\\/12\\\/Walraven_logo300x300.jpg\",\"width\":300,\"height\":300,\"caption\":\"Walraven Nordic AB\"},\"image\":{\"@id\":\"https:\\\/\\\/www.walraven.com\\\/dk\\\/#\\\/schema\\\/logo\\\/image\\\/\"},\"sameAs\":[\"https:\\\/\\\/www.youtube.com\\\/channel\\\/UCzFkuWmHAngDHso5dHibgxA\",\"https:\\\/\\\/www.linkedin.com\\\/company\\\/walraven-danmark\\\/\"]}]}<\/script>\n<!-- \/ Yoast SEO Premium plugin. -->","yoast_head_json":{"title":"Det grundl\u00e6ggende om vibration - Walraven Danmark","description":"I takt med at flere brugere af bygninger forstyrres af den mekaniske vibration og st\u00f8j fremkaldt af vibration fra mekanisk udstyr, er sektoren for varme-, ventilations- og klimaanl\u00e6g blevet mere opm\u00e6rksomme p\u00e5 det akustiske design af mekanisk udstyr og installationer.","robots":{"index":"index","follow":"follow","max-snippet":"max-snippet:-1","max-image-preview":"max-image-preview:large","max-video-preview":"max-video-preview:-1"},"canonical":"https:\/\/www.walraven.com\/dk\/det-grundlaeggende-om-vibration\/","og_locale":"da_DK","og_type":"article","og_title":"Det grundl\u00e6ggende om vibration","og_description":"I takt med at flere brugere af bygninger forstyrres af den mekaniske vibration og st\u00f8j fremkaldt af vibration fra mekanisk udstyr, er sektoren for varme-, ventilations- og klimaanl\u00e6g blevet mere opm\u00e6rksomme p\u00e5 det akustiske design af mekanisk udstyr og installationer.","og_url":"https:\/\/www.walraven.com\/dk\/det-grundlaeggende-om-vibration\/","og_site_name":"Walraven Danmark","article_modified_time":"2024-12-18T09:01:43+00:00","twitter_card":"summary_large_image","twitter_misc":{"Estimeret l\u00e6setid":"4 minutter"},"schema":{"@context":"https:\/\/schema.org","@graph":[{"@type":"WebPage","@id":"https:\/\/www.walraven.com\/dk\/det-grundlaeggende-om-vibration\/","url":"https:\/\/www.walraven.com\/dk\/det-grundlaeggende-om-vibration\/","name":"Det grundl\u00e6ggende om vibration - Walraven Danmark","isPartOf":{"@id":"https:\/\/www.walraven.com\/dk\/#website"},"datePublished":"2021-11-26T10:15:22+00:00","dateModified":"2024-12-18T09:01:43+00:00","description":"I takt med at flere brugere af bygninger forstyrres af den mekaniske vibration og st\u00f8j fremkaldt af vibration fra mekanisk udstyr, er sektoren for varme-, ventilations- og klimaanl\u00e6g blevet mere opm\u00e6rksomme p\u00e5 det akustiske design af mekanisk udstyr og installationer.","breadcrumb":{"@id":"https:\/\/www.walraven.com\/dk\/det-grundlaeggende-om-vibration\/#breadcrumb"},"inLanguage":"da-DK","potentialAction":[{"@type":"ReadAction","target":["https:\/\/www.walraven.com\/dk\/det-grundlaeggende-om-vibration\/"]}]},{"@type":"BreadcrumbList","@id":"https:\/\/www.walraven.com\/dk\/det-grundlaeggende-om-vibration\/#breadcrumb","itemListElement":[{"@type":"ListItem","position":1,"name":"Hjem","item":"https:\/\/www.walraven.com\/dk\/"},{"@type":"ListItem","position":2,"name":"Det grundl\u00e6ggende om vibration"}]},{"@type":"WebSite","@id":"https:\/\/www.walraven.com\/dk\/#website","url":"https:\/\/www.walraven.com\/dk\/","name":"Walraven Danmark","description":"","publisher":{"@id":"https:\/\/www.walraven.com\/dk\/#organization"},"potentialAction":[{"@type":"SearchAction","target":{"@type":"EntryPoint","urlTemplate":"https:\/\/www.walraven.com\/dk\/?s={search_term_string}"},"query-input":{"@type":"PropertyValueSpecification","valueRequired":true,"valueName":"search_term_string"}}],"inLanguage":"da-DK"},{"@type":"Organization","@id":"https:\/\/www.walraven.com\/dk\/#organization","name":"Walraven Nordic AB","alternateName":"Walraven Nordic AB","url":"https:\/\/www.walraven.com\/dk\/","logo":{"@type":"ImageObject","inLanguage":"da-DK","@id":"https:\/\/www.walraven.com\/dk\/#\/schema\/logo\/image\/","url":"https:\/\/www.walraven.com\/dk\/wp-content\/uploads\/sites\/14\/2023\/12\/Walraven_logo300x300.jpg","contentUrl":"https:\/\/www.walraven.com\/dk\/wp-content\/uploads\/sites\/14\/2023\/12\/Walraven_logo300x300.jpg","width":300,"height":300,"caption":"Walraven Nordic AB"},"image":{"@id":"https:\/\/www.walraven.com\/dk\/#\/schema\/logo\/image\/"},"sameAs":["https:\/\/www.youtube.com\/channel\/UCzFkuWmHAngDHso5dHibgxA","https:\/\/www.linkedin.com\/company\/walraven-danmark\/"]}]}},"_links":{"self":[{"href":"https:\/\/www.walraven.com\/dk\/wp-json\/wp\/v2\/pages\/53367","targetHints":{"allow":["GET"]}}],"collection":[{"href":"https:\/\/www.walraven.com\/dk\/wp-json\/wp\/v2\/pages"}],"about":[{"href":"https:\/\/www.walraven.com\/dk\/wp-json\/wp\/v2\/types\/page"}],"author":[{"embeddable":true,"href":"https:\/\/www.walraven.com\/dk\/wp-json\/wp\/v2\/users\/62"}],"replies":[{"embeddable":true,"href":"https:\/\/www.walraven.com\/dk\/wp-json\/wp\/v2\/comments?post=53367"}],"version-history":[{"count":4,"href":"https:\/\/www.walraven.com\/dk\/wp-json\/wp\/v2\/pages\/53367\/revisions"}],"predecessor-version":[{"id":59033,"href":"https:\/\/www.walraven.com\/dk\/wp-json\/wp\/v2\/pages\/53367\/revisions\/59033"}],"wp:attachment":[{"href":"https:\/\/www.walraven.com\/dk\/wp-json\/wp\/v2\/media?parent=53367"}],"curies":[{"name":"wp","href":"https:\/\/api.w.org\/{rel}","templated":true}]}}