{"id":54336,"date":"2023-02-13T10:32:22","date_gmt":"2023-02-13T09:32:22","guid":{"rendered":"https:\/\/www.walraven.com\/int\/?page_id=58520"},"modified":"2023-05-26T14:00:39","modified_gmt":"2023-05-26T12:00:39","slug":"pacifyre-produktvaelger","status":"publish","type":"page","link":"https:\/\/www.walraven.com\/dk\/pacifyre-produktvaelger\/","title":{"rendered":"Walraven Pacifyre\u00ae Produktv\u00e6lger"},"content":{"rendered":"<p style=\"text-align: left\">Du kan bruge Walraven Pacifyre\u00ae produktv\u00e6lgeren til at finde den rigtige l\u00f8sning til de fleste af dine brandsikringssituationer. Hvis en bestemt l\u00f8sning ikke er givet, bedes du sp\u00f8rge vores\u00a0 <a href=\"https:\/\/www.walraven.com\/dk\/kontakt\/\">tekniske salgsr\u00e5dgivere<\/a> om hj\u00e6lp. Installationer skal altid overholde lokal lovgivning eller regulativ.<\/p>\n","protected":false},"excerpt":{"rendered":"<p>Du kan bruge Walraven Pacifyre\u00ae produktv\u00e6lgeren til at finde den rigtige l\u00f8sning til de fleste af dine brandsikringssituationer. Hvis en bestemt l\u00f8sning ikke er givet, bedes du sp\u00f8rge vores\u00a0 tekniske salgsr\u00e5dgivere om hj\u00e6lp. Installationer skal altid overholde lokal lovgivning eller regulativ.<\/p>\n","protected":false},"author":43,"featured_media":0,"parent":0,"menu_order":0,"comment_status":"closed","ping_status":"closed","template":"page-templates\/tpl-productselector.php","meta":{"_acf_changed":false,"footnotes":""},"class_list":["post-54336","page","type-page","status-publish","hentry"],"acf":[],"yoast_head":"<!-- This site is optimized with the Yoast SEO Premium plugin v27.3 (Yoast SEO v27.3) - https:\/\/yoast.com\/product\/yoast-seo-premium-wordpress\/ -->\n<title>Walraven Pacifyre\u00ae Produktv\u00e6lger - Walraven Danmark<\/title>\n<meta name=\"description\" content=\"Du kan bruge Walraven Pacifyre\u00ae produktv\u00e6lgeren til at finde den rigtige l\u00f8sning til de fleste af dine brandsikringssituationer\" \/>\n<meta name=\"robots\" content=\"index, follow, max-snippet:-1, max-image-preview:large, max-video-preview:-1\" \/>\n<link rel=\"canonical\" href=\"https:\/\/www.walraven.com\/dk\/pacifyre-produktvaelger\/\" \/>\n<meta property=\"og:locale\" content=\"da_DK\" \/>\n<meta property=\"og:type\" content=\"article\" \/>\n<meta property=\"og:title\" content=\"Walraven Pacifyre\u00ae Produktv\u00e6lger\" \/>\n<meta property=\"og:description\" content=\"Du kan bruge Walraven Pacifyre\u00ae produktv\u00e6lgeren til at finde den rigtige l\u00f8sning til de fleste af dine brandsikringssituationer\" \/>\n<meta property=\"og:url\" content=\"https:\/\/www.walraven.com\/dk\/pacifyre-produktvaelger\/\" \/>\n<meta property=\"og:site_name\" content=\"Walraven Danmark\" \/>\n<meta property=\"article:modified_time\" content=\"2023-05-26T12:00:39+00:00\" \/>\n<meta name=\"twitter:card\" content=\"summary_large_image\" \/>\n<meta name=\"twitter:label1\" content=\"Estimeret l\u00e6setid\" \/>\n\t<meta name=\"twitter:data1\" content=\"1 minut\" \/>\n<script type=\"application\/ld+json\" class=\"yoast-schema-graph\">{\"@context\":\"https:\\\/\\\/schema.org\",\"@graph\":[{\"@type\":\"WebPage\",\"@id\":\"https:\\\/\\\/www.walraven.com\\\/dk\\\/pacifyre-produktvaelger\\\/\",\"url\":\"https:\\\/\\\/www.walraven.com\\\/dk\\\/pacifyre-produktvaelger\\\/\",\"name\":\"Walraven Pacifyre\u00ae Produktv\u00e6lger - Walraven Danmark\",\"isPartOf\":{\"@id\":\"https:\\\/\\\/www.walraven.com\\\/dk\\\/#website\"},\"datePublished\":\"2023-02-13T09:32:22+00:00\",\"dateModified\":\"2023-05-26T12:00:39+00:00\",\"description\":\"Du kan bruge Walraven Pacifyre\u00ae produktv\u00e6lgeren til at finde den rigtige l\u00f8sning til de fleste af dine brandsikringssituationer\",\"breadcrumb\":{\"@id\":\"https:\\\/\\\/www.walraven.com\\\/dk\\\/pacifyre-produktvaelger\\\/#breadcrumb\"},\"inLanguage\":\"da-DK\",\"potentialAction\":[{\"@type\":\"ReadAction\",\"target\":[\"https:\\\/\\\/www.walraven.com\\\/dk\\\/pacifyre-produktvaelger\\\/\"]}]},{\"@type\":\"BreadcrumbList\",\"@id\":\"https:\\\/\\\/www.walraven.com\\\/dk\\\/pacifyre-produktvaelger\\\/#breadcrumb\",\"itemListElement\":[{\"@type\":\"ListItem\",\"position\":1,\"name\":\"Hjem\",\"item\":\"https:\\\/\\\/www.walraven.com\\\/dk\\\/\"},{\"@type\":\"ListItem\",\"position\":2,\"name\":\"Walraven Pacifyre\u00ae Produktv\u00e6lger\"}]},{\"@type\":\"WebSite\",\"@id\":\"https:\\\/\\\/www.walraven.com\\\/dk\\\/#website\",\"url\":\"https:\\\/\\\/www.walraven.com\\\/dk\\\/\",\"name\":\"Walraven Danmark\",\"description\":\"\",\"publisher\":{\"@id\":\"https:\\\/\\\/www.walraven.com\\\/dk\\\/#organization\"},\"potentialAction\":[{\"@type\":\"SearchAction\",\"target\":{\"@type\":\"EntryPoint\",\"urlTemplate\":\"https:\\\/\\\/www.walraven.com\\\/dk\\\/?s={search_term_string}\"},\"query-input\":{\"@type\":\"PropertyValueSpecification\",\"valueRequired\":true,\"valueName\":\"search_term_string\"}}],\"inLanguage\":\"da-DK\"},{\"@type\":\"Organization\",\"@id\":\"https:\\\/\\\/www.walraven.com\\\/dk\\\/#organization\",\"name\":\"Walraven Nordic AB\",\"alternateName\":\"Walraven Nordic AB\",\"url\":\"https:\\\/\\\/www.walraven.com\\\/dk\\\/\",\"logo\":{\"@type\":\"ImageObject\",\"inLanguage\":\"da-DK\",\"@id\":\"https:\\\/\\\/www.walraven.com\\\/dk\\\/#\\\/schema\\\/logo\\\/image\\\/\",\"url\":\"https:\\\/\\\/www.walraven.com\\\/dk\\\/wp-content\\\/uploads\\\/sites\\\/14\\\/2023\\\/12\\\/Walraven_logo300x300.jpg\",\"contentUrl\":\"https:\\\/\\\/www.walraven.com\\\/dk\\\/wp-content\\\/uploads\\\/sites\\\/14\\\/2023\\\/12\\\/Walraven_logo300x300.jpg\",\"width\":300,\"height\":300,\"caption\":\"Walraven Nordic AB\"},\"image\":{\"@id\":\"https:\\\/\\\/www.walraven.com\\\/dk\\\/#\\\/schema\\\/logo\\\/image\\\/\"},\"sameAs\":[\"https:\\\/\\\/www.youtube.com\\\/channel\\\/UCzFkuWmHAngDHso5dHibgxA\",\"https:\\\/\\\/www.linkedin.com\\\/company\\\/walraven-danmark\\\/\"]}]}<\/script>\n<!-- \/ Yoast SEO Premium plugin. -->","yoast_head_json":{"title":"Walraven Pacifyre\u00ae Produktv\u00e6lger - Walraven Danmark","description":"Du kan bruge Walraven Pacifyre\u00ae produktv\u00e6lgeren til at finde den rigtige l\u00f8sning til de fleste af dine brandsikringssituationer","robots":{"index":"index","follow":"follow","max-snippet":"max-snippet:-1","max-image-preview":"max-image-preview:large","max-video-preview":"max-video-preview:-1"},"canonical":"https:\/\/www.walraven.com\/dk\/pacifyre-produktvaelger\/","og_locale":"da_DK","og_type":"article","og_title":"Walraven Pacifyre\u00ae Produktv\u00e6lger","og_description":"Du kan bruge Walraven Pacifyre\u00ae produktv\u00e6lgeren til at finde den rigtige l\u00f8sning til de fleste af dine brandsikringssituationer","og_url":"https:\/\/www.walraven.com\/dk\/pacifyre-produktvaelger\/","og_site_name":"Walraven Danmark","article_modified_time":"2023-05-26T12:00:39+00:00","twitter_card":"summary_large_image","twitter_misc":{"Estimeret l\u00e6setid":"1 minut"},"schema":{"@context":"https:\/\/schema.org","@graph":[{"@type":"WebPage","@id":"https:\/\/www.walraven.com\/dk\/pacifyre-produktvaelger\/","url":"https:\/\/www.walraven.com\/dk\/pacifyre-produktvaelger\/","name":"Walraven Pacifyre\u00ae Produktv\u00e6lger - Walraven Danmark","isPartOf":{"@id":"https:\/\/www.walraven.com\/dk\/#website"},"datePublished":"2023-02-13T09:32:22+00:00","dateModified":"2023-05-26T12:00:39+00:00","description":"Du kan bruge Walraven Pacifyre\u00ae produktv\u00e6lgeren til at finde den rigtige l\u00f8sning til de fleste af dine brandsikringssituationer","breadcrumb":{"@id":"https:\/\/www.walraven.com\/dk\/pacifyre-produktvaelger\/#breadcrumb"},"inLanguage":"da-DK","potentialAction":[{"@type":"ReadAction","target":["https:\/\/www.walraven.com\/dk\/pacifyre-produktvaelger\/"]}]},{"@type":"BreadcrumbList","@id":"https:\/\/www.walraven.com\/dk\/pacifyre-produktvaelger\/#breadcrumb","itemListElement":[{"@type":"ListItem","position":1,"name":"Hjem","item":"https:\/\/www.walraven.com\/dk\/"},{"@type":"ListItem","position":2,"name":"Walraven Pacifyre\u00ae Produktv\u00e6lger"}]},{"@type":"WebSite","@id":"https:\/\/www.walraven.com\/dk\/#website","url":"https:\/\/www.walraven.com\/dk\/","name":"Walraven Danmark","description":"","publisher":{"@id":"https:\/\/www.walraven.com\/dk\/#organization"},"potentialAction":[{"@type":"SearchAction","target":{"@type":"EntryPoint","urlTemplate":"https:\/\/www.walraven.com\/dk\/?s={search_term_string}"},"query-input":{"@type":"PropertyValueSpecification","valueRequired":true,"valueName":"search_term_string"}}],"inLanguage":"da-DK"},{"@type":"Organization","@id":"https:\/\/www.walraven.com\/dk\/#organization","name":"Walraven Nordic AB","alternateName":"Walraven Nordic AB","url":"https:\/\/www.walraven.com\/dk\/","logo":{"@type":"ImageObject","inLanguage":"da-DK","@id":"https:\/\/www.walraven.com\/dk\/#\/schema\/logo\/image\/","url":"https:\/\/www.walraven.com\/dk\/wp-content\/uploads\/sites\/14\/2023\/12\/Walraven_logo300x300.jpg","contentUrl":"https:\/\/www.walraven.com\/dk\/wp-content\/uploads\/sites\/14\/2023\/12\/Walraven_logo300x300.jpg","width":300,"height":300,"caption":"Walraven Nordic AB"},"image":{"@id":"https:\/\/www.walraven.com\/dk\/#\/schema\/logo\/image\/"},"sameAs":["https:\/\/www.youtube.com\/channel\/UCzFkuWmHAngDHso5dHibgxA","https:\/\/www.linkedin.com\/company\/walraven-danmark\/"]}]}},"_links":{"self":[{"href":"https:\/\/www.walraven.com\/dk\/wp-json\/wp\/v2\/pages\/54336","targetHints":{"allow":["GET"]}}],"collection":[{"href":"https:\/\/www.walraven.com\/dk\/wp-json\/wp\/v2\/pages"}],"about":[{"href":"https:\/\/www.walraven.com\/dk\/wp-json\/wp\/v2\/types\/page"}],"author":[{"embeddable":true,"href":"https:\/\/www.walraven.com\/dk\/wp-json\/wp\/v2\/users\/43"}],"replies":[{"embeddable":true,"href":"https:\/\/www.walraven.com\/dk\/wp-json\/wp\/v2\/comments?post=54336"}],"version-history":[{"count":3,"href":"https:\/\/www.walraven.com\/dk\/wp-json\/wp\/v2\/pages\/54336\/revisions"}],"predecessor-version":[{"id":54342,"href":"https:\/\/www.walraven.com\/dk\/wp-json\/wp\/v2\/pages\/54336\/revisions\/54342"}],"wp:attachment":[{"href":"https:\/\/www.walraven.com\/dk\/wp-json\/wp\/v2\/media?parent=54336"}],"curies":[{"name":"wp","href":"https:\/\/api.w.org\/{rel}","templated":true}]}}