{"id":59316,"date":"2025-07-25T15:02:34","date_gmt":"2025-07-25T13:02:34","guid":{"rendered":"https:\/\/example.walraven.com\/?page_id=154493"},"modified":"2025-10-28T10:59:45","modified_gmt":"2025-10-28T09:59:45","slug":"channel-systems","status":"publish","type":"page","link":"https:\/\/www.walraven.com\/dk\/channel-systems\/","title":{"rendered":"Walraven Channel Systems forenkler din HVAC-installation"},"content":{"rendered":"","protected":false},"excerpt":{"rendered":"","protected":false},"author":62,"featured_media":0,"parent":0,"menu_order":0,"comment_status":"closed","ping_status":"closed","template":"page-templates\/tpl-landingspage.php","meta":{"_acf_changed":false,"footnotes":""},"class_list":["post-59316","page","type-page","status-publish","hentry"],"acf":[],"yoast_head":"<!-- This site is optimized with the Yoast SEO Premium plugin v27.3 (Yoast SEO v27.3) - https:\/\/yoast.com\/product\/yoast-seo-premium-wordpress\/ -->\n<title>Walraven Channel Systems forenkler din HVAC-installation - Walraven Danmark<\/title>\n<meta name=\"description\" content=\"Oplev, hvorfor HVAC-fagfolk stoler p\u00e5 Walraven, n\u00e5r det g\u00e6lder effektive og problemfri installationer. Vores omfattende og modulopbyggede l\u00f8sninger kan tilpasses en lang r\u00e6kke projektbehov, fra lette til tunge applikationer. Det omfattende udvalg af brugsklart tilbeh\u00f8r forbedrer ydeevnen i marken betydeligt og sikrer nemme, hurtige og sikre installationer.\" \/>\n<meta name=\"robots\" content=\"index, follow, max-snippet:-1, max-image-preview:large, max-video-preview:-1\" \/>\n<link rel=\"canonical\" href=\"https:\/\/www.walraven.com\/dk\/channel-systems\/\" \/>\n<meta property=\"og:locale\" content=\"da_DK\" \/>\n<meta property=\"og:type\" content=\"article\" \/>\n<meta property=\"og:title\" content=\"Walraven Channel Systems forenkler din HVAC-installation\" \/>\n<meta property=\"og:description\" content=\"Oplev, hvorfor HVAC-fagfolk stoler p\u00e5 Walraven, n\u00e5r det g\u00e6lder effektive og problemfri installationer. Vores omfattende og modulopbyggede l\u00f8sninger kan tilpasses en lang r\u00e6kke projektbehov, fra lette til tunge applikationer. Det omfattende udvalg af brugsklart tilbeh\u00f8r forbedrer ydeevnen i marken betydeligt og sikrer nemme, hurtige og sikre installationer.\" \/>\n<meta property=\"og:url\" content=\"https:\/\/www.walraven.com\/dk\/channel-systems\/\" \/>\n<meta property=\"og:site_name\" content=\"Walraven Danmark\" \/>\n<meta property=\"article:modified_time\" content=\"2025-10-28T09:59:45+00:00\" \/>\n<meta name=\"twitter:card\" content=\"summary_large_image\" \/>\n<meta name=\"twitter:label1\" content=\"Estimeret l\u00e6setid\" \/>\n\t<meta name=\"twitter:data1\" content=\"4 minutter\" \/>\n<script type=\"application\/ld+json\" class=\"yoast-schema-graph\">{\"@context\":\"https:\\\/\\\/schema.org\",\"@graph\":[{\"@type\":\"WebPage\",\"@id\":\"https:\\\/\\\/www.walraven.com\\\/dk\\\/channel-systems\\\/\",\"url\":\"https:\\\/\\\/www.walraven.com\\\/dk\\\/channel-systems\\\/\",\"name\":\"Walraven Channel Systems forenkler din HVAC-installation - Walraven Danmark\",\"isPartOf\":{\"@id\":\"https:\\\/\\\/www.walraven.com\\\/dk\\\/#website\"},\"datePublished\":\"2025-07-25T13:02:34+00:00\",\"dateModified\":\"2025-10-28T09:59:45+00:00\",\"description\":\"Oplev, hvorfor HVAC-fagfolk stoler p\u00e5 Walraven, n\u00e5r det g\u00e6lder effektive og problemfri installationer. Vores omfattende og modulopbyggede l\u00f8sninger kan tilpasses en lang r\u00e6kke projektbehov, fra lette til tunge applikationer. Det omfattende udvalg af brugsklart tilbeh\u00f8r forbedrer ydeevnen i marken betydeligt og sikrer nemme, hurtige og sikre installationer.\",\"breadcrumb\":{\"@id\":\"https:\\\/\\\/www.walraven.com\\\/dk\\\/channel-systems\\\/#breadcrumb\"},\"inLanguage\":\"da-DK\",\"potentialAction\":[{\"@type\":\"ReadAction\",\"target\":[\"https:\\\/\\\/www.walraven.com\\\/dk\\\/channel-systems\\\/\"]}]},{\"@type\":\"BreadcrumbList\",\"@id\":\"https:\\\/\\\/www.walraven.com\\\/dk\\\/channel-systems\\\/#breadcrumb\",\"itemListElement\":[{\"@type\":\"ListItem\",\"position\":1,\"name\":\"Hjem\",\"item\":\"https:\\\/\\\/www.walraven.com\\\/dk\\\/\"},{\"@type\":\"ListItem\",\"position\":2,\"name\":\"Walraven Channel Systems forenkler din HVAC-installation\"}]},{\"@type\":\"WebSite\",\"@id\":\"https:\\\/\\\/www.walraven.com\\\/dk\\\/#website\",\"url\":\"https:\\\/\\\/www.walraven.com\\\/dk\\\/\",\"name\":\"Walraven Danmark\",\"description\":\"\",\"publisher\":{\"@id\":\"https:\\\/\\\/www.walraven.com\\\/dk\\\/#organization\"},\"potentialAction\":[{\"@type\":\"SearchAction\",\"target\":{\"@type\":\"EntryPoint\",\"urlTemplate\":\"https:\\\/\\\/www.walraven.com\\\/dk\\\/?s={search_term_string}\"},\"query-input\":{\"@type\":\"PropertyValueSpecification\",\"valueRequired\":true,\"valueName\":\"search_term_string\"}}],\"inLanguage\":\"da-DK\"},{\"@type\":\"Organization\",\"@id\":\"https:\\\/\\\/www.walraven.com\\\/dk\\\/#organization\",\"name\":\"Walraven Nordic AB\",\"alternateName\":\"Walraven Nordic AB\",\"url\":\"https:\\\/\\\/www.walraven.com\\\/dk\\\/\",\"logo\":{\"@type\":\"ImageObject\",\"inLanguage\":\"da-DK\",\"@id\":\"https:\\\/\\\/www.walraven.com\\\/dk\\\/#\\\/schema\\\/logo\\\/image\\\/\",\"url\":\"https:\\\/\\\/www.walraven.com\\\/dk\\\/wp-content\\\/uploads\\\/sites\\\/14\\\/2023\\\/12\\\/Walraven_logo300x300.jpg\",\"contentUrl\":\"https:\\\/\\\/www.walraven.com\\\/dk\\\/wp-content\\\/uploads\\\/sites\\\/14\\\/2023\\\/12\\\/Walraven_logo300x300.jpg\",\"width\":300,\"height\":300,\"caption\":\"Walraven Nordic AB\"},\"image\":{\"@id\":\"https:\\\/\\\/www.walraven.com\\\/dk\\\/#\\\/schema\\\/logo\\\/image\\\/\"},\"sameAs\":[\"https:\\\/\\\/www.youtube.com\\\/channel\\\/UCzFkuWmHAngDHso5dHibgxA\",\"https:\\\/\\\/www.linkedin.com\\\/company\\\/walraven-danmark\\\/\"]}]}<\/script>\n<!-- \/ Yoast SEO Premium plugin. -->","yoast_head_json":{"title":"Walraven Channel Systems forenkler din HVAC-installation - Walraven Danmark","description":"Oplev, hvorfor HVAC-fagfolk stoler p\u00e5 Walraven, n\u00e5r det g\u00e6lder effektive og problemfri installationer. Vores omfattende og modulopbyggede l\u00f8sninger kan tilpasses en lang r\u00e6kke projektbehov, fra lette til tunge applikationer. Det omfattende udvalg af brugsklart tilbeh\u00f8r forbedrer ydeevnen i marken betydeligt og sikrer nemme, hurtige og sikre installationer.","robots":{"index":"index","follow":"follow","max-snippet":"max-snippet:-1","max-image-preview":"max-image-preview:large","max-video-preview":"max-video-preview:-1"},"canonical":"https:\/\/www.walraven.com\/dk\/channel-systems\/","og_locale":"da_DK","og_type":"article","og_title":"Walraven Channel Systems forenkler din HVAC-installation","og_description":"Oplev, hvorfor HVAC-fagfolk stoler p\u00e5 Walraven, n\u00e5r det g\u00e6lder effektive og problemfri installationer. Vores omfattende og modulopbyggede l\u00f8sninger kan tilpasses en lang r\u00e6kke projektbehov, fra lette til tunge applikationer. Det omfattende udvalg af brugsklart tilbeh\u00f8r forbedrer ydeevnen i marken betydeligt og sikrer nemme, hurtige og sikre installationer.","og_url":"https:\/\/www.walraven.com\/dk\/channel-systems\/","og_site_name":"Walraven Danmark","article_modified_time":"2025-10-28T09:59:45+00:00","twitter_card":"summary_large_image","twitter_misc":{"Estimeret l\u00e6setid":"4 minutter"},"schema":{"@context":"https:\/\/schema.org","@graph":[{"@type":"WebPage","@id":"https:\/\/www.walraven.com\/dk\/channel-systems\/","url":"https:\/\/www.walraven.com\/dk\/channel-systems\/","name":"Walraven Channel Systems forenkler din HVAC-installation - Walraven Danmark","isPartOf":{"@id":"https:\/\/www.walraven.com\/dk\/#website"},"datePublished":"2025-07-25T13:02:34+00:00","dateModified":"2025-10-28T09:59:45+00:00","description":"Oplev, hvorfor HVAC-fagfolk stoler p\u00e5 Walraven, n\u00e5r det g\u00e6lder effektive og problemfri installationer. Vores omfattende og modulopbyggede l\u00f8sninger kan tilpasses en lang r\u00e6kke projektbehov, fra lette til tunge applikationer. Det omfattende udvalg af brugsklart tilbeh\u00f8r forbedrer ydeevnen i marken betydeligt og sikrer nemme, hurtige og sikre installationer.","breadcrumb":{"@id":"https:\/\/www.walraven.com\/dk\/channel-systems\/#breadcrumb"},"inLanguage":"da-DK","potentialAction":[{"@type":"ReadAction","target":["https:\/\/www.walraven.com\/dk\/channel-systems\/"]}]},{"@type":"BreadcrumbList","@id":"https:\/\/www.walraven.com\/dk\/channel-systems\/#breadcrumb","itemListElement":[{"@type":"ListItem","position":1,"name":"Hjem","item":"https:\/\/www.walraven.com\/dk\/"},{"@type":"ListItem","position":2,"name":"Walraven Channel Systems forenkler din HVAC-installation"}]},{"@type":"WebSite","@id":"https:\/\/www.walraven.com\/dk\/#website","url":"https:\/\/www.walraven.com\/dk\/","name":"Walraven Danmark","description":"","publisher":{"@id":"https:\/\/www.walraven.com\/dk\/#organization"},"potentialAction":[{"@type":"SearchAction","target":{"@type":"EntryPoint","urlTemplate":"https:\/\/www.walraven.com\/dk\/?s={search_term_string}"},"query-input":{"@type":"PropertyValueSpecification","valueRequired":true,"valueName":"search_term_string"}}],"inLanguage":"da-DK"},{"@type":"Organization","@id":"https:\/\/www.walraven.com\/dk\/#organization","name":"Walraven Nordic AB","alternateName":"Walraven Nordic AB","url":"https:\/\/www.walraven.com\/dk\/","logo":{"@type":"ImageObject","inLanguage":"da-DK","@id":"https:\/\/www.walraven.com\/dk\/#\/schema\/logo\/image\/","url":"https:\/\/www.walraven.com\/dk\/wp-content\/uploads\/sites\/14\/2023\/12\/Walraven_logo300x300.jpg","contentUrl":"https:\/\/www.walraven.com\/dk\/wp-content\/uploads\/sites\/14\/2023\/12\/Walraven_logo300x300.jpg","width":300,"height":300,"caption":"Walraven Nordic AB"},"image":{"@id":"https:\/\/www.walraven.com\/dk\/#\/schema\/logo\/image\/"},"sameAs":["https:\/\/www.youtube.com\/channel\/UCzFkuWmHAngDHso5dHibgxA","https:\/\/www.linkedin.com\/company\/walraven-danmark\/"]}]}},"_links":{"self":[{"href":"https:\/\/www.walraven.com\/dk\/wp-json\/wp\/v2\/pages\/59316","targetHints":{"allow":["GET"]}}],"collection":[{"href":"https:\/\/www.walraven.com\/dk\/wp-json\/wp\/v2\/pages"}],"about":[{"href":"https:\/\/www.walraven.com\/dk\/wp-json\/wp\/v2\/types\/page"}],"author":[{"embeddable":true,"href":"https:\/\/www.walraven.com\/dk\/wp-json\/wp\/v2\/users\/62"}],"replies":[{"embeddable":true,"href":"https:\/\/www.walraven.com\/dk\/wp-json\/wp\/v2\/comments?post=59316"}],"version-history":[{"count":5,"href":"https:\/\/www.walraven.com\/dk\/wp-json\/wp\/v2\/pages\/59316\/revisions"}],"predecessor-version":[{"id":59424,"href":"https:\/\/www.walraven.com\/dk\/wp-json\/wp\/v2\/pages\/59316\/revisions\/59424"}],"wp:attachment":[{"href":"https:\/\/www.walraven.com\/dk\/wp-json\/wp\/v2\/media?parent=59316"}],"curies":[{"name":"wp","href":"https:\/\/api.w.org\/{rel}","templated":true}]}}