{"id":61530,"date":"2024-01-11T10:02:20","date_gmt":"2024-01-11T09:02:20","guid":{"rendered":"https:\/\/www.walraven.com\/de\/?page_id=88005"},"modified":"2026-03-10T13:55:50","modified_gmt":"2026-03-10T12:55:50","slug":"heat-pump-supports","status":"publish","type":"page","link":"https:\/\/www.walraven.com\/en\/heat-pump-supports\/","title":{"rendered":"Heat pump supports and fixings"},"content":{"rendered":"","protected":false},"excerpt":{"rendered":"<p>&#8211;<br \/>\nBelastbar und zukunftssicher!<\/p>\n<p>Ob Wandmontage, Freifl\u00e4chenmontage auf dem Boden oder Aufst\u00e4nderungen auf Flachd\u00e4chern &#8211; mit unseren Montagel\u00f6sungen f\u00fcr W\u00e4rmepumpen haben Sie immer das richtige System zur W\u00e4rmepumpen-Befestigung zur Hand.<\/p>\n<p>Gerne unterst\u00fctzen Sie unsere Experten bei Ihrem Bauvorhaben.<\/p>\n","protected":false},"author":74,"featured_media":61546,"parent":0,"menu_order":0,"comment_status":"closed","ping_status":"closed","template":"page-templates\/tpl-landingspage.php","meta":{"_acf_changed":false,"footnotes":""},"class_list":["post-61530","page","type-page","status-publish","has-post-thumbnail","hentry"],"acf":[],"yoast_head":"<!-- This site is optimized with the Yoast SEO Premium plugin v27.3 (Yoast SEO v27.3) - https:\/\/yoast.com\/product\/yoast-seo-premium-wordpress\/ -->\n<title>Heat pump supports and fixings from Walraven<\/title>\n<meta name=\"description\" content=\"Whether the heat pump needs floor or wall mounting we have supports and pipe fixings to make your installation quick and easy.\" \/>\n<meta name=\"robots\" content=\"index, follow, max-snippet:-1, max-image-preview:large, max-video-preview:-1\" \/>\n<link rel=\"canonical\" href=\"https:\/\/www.walraven.com\/en\/heat-pump-supports\/\" \/>\n<meta property=\"og:locale\" content=\"en_GB\" \/>\n<meta property=\"og:type\" content=\"article\" \/>\n<meta property=\"og:title\" content=\"Heat pump supports and fixings\" \/>\n<meta property=\"og:description\" content=\"Whether the heat pump needs floor or wall mounting we have supports and pipe fixings to make your installation quick and easy.\" \/>\n<meta property=\"og:url\" content=\"https:\/\/www.walraven.com\/en\/heat-pump-supports\/\" \/>\n<meta property=\"og:site_name\" content=\"Walraven United Kingdom\" \/>\n<meta property=\"article:publisher\" content=\"https:\/\/www.facebook.com\/walravenukofficial\/\" \/>\n<meta property=\"article:modified_time\" content=\"2026-03-10T12:55:50+00:00\" \/>\n<meta property=\"og:image\" content=\"https:\/\/www.walraven.com\/en\/wp-content\/uploads\/sites\/11\/2024\/01\/montageloesung-waermepumpe-wand-2.jpg\" \/>\n\t<meta property=\"og:image:width\" content=\"1200\" \/>\n\t<meta property=\"og:image:height\" content=\"675\" \/>\n\t<meta property=\"og:image:type\" content=\"image\/jpeg\" \/>\n<meta name=\"twitter:card\" content=\"summary_large_image\" \/>\n<meta name=\"twitter:site\" content=\"@walravenUK\" \/>\n<meta name=\"twitter:label1\" content=\"Estimated reading time\" \/>\n\t<meta name=\"twitter:data1\" content=\"5 minutes\" \/>\n<script type=\"application\/ld+json\" class=\"yoast-schema-graph\">{\"@context\":\"https:\\\/\\\/schema.org\",\"@graph\":[{\"@type\":\"WebPage\",\"@id\":\"https:\\\/\\\/www.walraven.com\\\/en\\\/heat-pump-supports\\\/\",\"url\":\"https:\\\/\\\/www.walraven.com\\\/en\\\/heat-pump-supports\\\/\",\"name\":\"Heat pump supports and fixings from Walraven\",\"isPartOf\":{\"@id\":\"https:\\\/\\\/www.walraven.com\\\/en\\\/#website\"},\"primaryImageOfPage\":{\"@id\":\"https:\\\/\\\/www.walraven.com\\\/en\\\/heat-pump-supports\\\/#primaryimage\"},\"image\":{\"@id\":\"https:\\\/\\\/www.walraven.com\\\/en\\\/heat-pump-supports\\\/#primaryimage\"},\"thumbnailUrl\":\"https:\\\/\\\/www.walraven.com\\\/en\\\/wp-content\\\/uploads\\\/sites\\\/11\\\/2024\\\/01\\\/montageloesung-waermepumpe-wand-2.jpg\",\"datePublished\":\"2024-01-11T09:02:20+00:00\",\"dateModified\":\"2026-03-10T12:55:50+00:00\",\"description\":\"Whether the heat pump needs floor or wall mounting we have supports and pipe fixings to make your installation quick and easy.\",\"breadcrumb\":{\"@id\":\"https:\\\/\\\/www.walraven.com\\\/en\\\/heat-pump-supports\\\/#breadcrumb\"},\"inLanguage\":\"en-GB\",\"potentialAction\":[{\"@type\":\"ReadAction\",\"target\":[\"https:\\\/\\\/www.walraven.com\\\/en\\\/heat-pump-supports\\\/\"]}]},{\"@type\":\"ImageObject\",\"inLanguage\":\"en-GB\",\"@id\":\"https:\\\/\\\/www.walraven.com\\\/en\\\/heat-pump-supports\\\/#primaryimage\",\"url\":\"https:\\\/\\\/www.walraven.com\\\/en\\\/wp-content\\\/uploads\\\/sites\\\/11\\\/2024\\\/01\\\/montageloesung-waermepumpe-wand-2.jpg\",\"contentUrl\":\"https:\\\/\\\/www.walraven.com\\\/en\\\/wp-content\\\/uploads\\\/sites\\\/11\\\/2024\\\/01\\\/montageloesung-waermepumpe-wand-2.jpg\",\"width\":1200,\"height\":675},{\"@type\":\"BreadcrumbList\",\"@id\":\"https:\\\/\\\/www.walraven.com\\\/en\\\/heat-pump-supports\\\/#breadcrumb\",\"itemListElement\":[{\"@type\":\"ListItem\",\"position\":1,\"name\":\"Home\",\"item\":\"https:\\\/\\\/www.walraven.com\\\/en\\\/\"},{\"@type\":\"ListItem\",\"position\":2,\"name\":\"Heat pump supports and fixings\"}]},{\"@type\":\"WebSite\",\"@id\":\"https:\\\/\\\/www.walraven.com\\\/en\\\/#website\",\"url\":\"https:\\\/\\\/www.walraven.com\\\/en\\\/\",\"name\":\"Walraven United Kingdom\",\"description\":\"\",\"publisher\":{\"@id\":\"https:\\\/\\\/www.walraven.com\\\/en\\\/#organization\"},\"alternateName\":\"Walraven Ltd\",\"potentialAction\":[{\"@type\":\"SearchAction\",\"target\":{\"@type\":\"EntryPoint\",\"urlTemplate\":\"https:\\\/\\\/www.walraven.com\\\/en\\\/?s={search_term_string}\"},\"query-input\":{\"@type\":\"PropertyValueSpecification\",\"valueRequired\":true,\"valueName\":\"search_term_string\"}}],\"inLanguage\":\"en-GB\"},{\"@type\":\"Organization\",\"@id\":\"https:\\\/\\\/www.walraven.com\\\/en\\\/#organization\",\"name\":\"Walraven Ltd\",\"alternateName\":\"Walraven Ltd\",\"url\":\"https:\\\/\\\/www.walraven.com\\\/en\\\/\",\"logo\":{\"@type\":\"ImageObject\",\"inLanguage\":\"en-GB\",\"@id\":\"https:\\\/\\\/www.walraven.com\\\/en\\\/#\\\/schema\\\/logo\\\/image\\\/\",\"url\":\"https:\\\/\\\/www.walraven.com\\\/en\\\/wp-content\\\/uploads\\\/sites\\\/11\\\/2023\\\/12\\\/Walraven_logo300x300.jpg\",\"contentUrl\":\"https:\\\/\\\/www.walraven.com\\\/en\\\/wp-content\\\/uploads\\\/sites\\\/11\\\/2023\\\/12\\\/Walraven_logo300x300.jpg\",\"width\":300,\"height\":300,\"caption\":\"Walraven Ltd\"},\"image\":{\"@id\":\"https:\\\/\\\/www.walraven.com\\\/en\\\/#\\\/schema\\\/logo\\\/image\\\/\"},\"sameAs\":[\"https:\\\/\\\/www.facebook.com\\\/walravenukofficial\\\/\",\"https:\\\/\\\/x.com\\\/walravenUK\",\"https:\\\/\\\/www.youtube.com\\\/user\\\/WalravenUK\",\"https:\\\/\\\/www.linkedin.com\\\/company\\\/walraven-uk\",\"https:\\\/\\\/www.instagram.com\\\/walraven_uk\\\/\"]}]}<\/script>\n<!-- \/ Yoast SEO Premium plugin. -->","yoast_head_json":{"title":"Heat pump supports and fixings from Walraven","description":"Whether the heat pump needs floor or wall mounting we have supports and pipe fixings to make your installation quick and easy.","robots":{"index":"index","follow":"follow","max-snippet":"max-snippet:-1","max-image-preview":"max-image-preview:large","max-video-preview":"max-video-preview:-1"},"canonical":"https:\/\/www.walraven.com\/en\/heat-pump-supports\/","og_locale":"en_GB","og_type":"article","og_title":"Heat pump supports and fixings","og_description":"Whether the heat pump needs floor or wall mounting we have supports and pipe fixings to make your installation quick and easy.","og_url":"https:\/\/www.walraven.com\/en\/heat-pump-supports\/","og_site_name":"Walraven United Kingdom","article_publisher":"https:\/\/www.facebook.com\/walravenukofficial\/","article_modified_time":"2026-03-10T12:55:50+00:00","og_image":[{"width":1200,"height":675,"url":"https:\/\/www.walraven.com\/en\/wp-content\/uploads\/sites\/11\/2024\/01\/montageloesung-waermepumpe-wand-2.jpg","type":"image\/jpeg"}],"twitter_card":"summary_large_image","twitter_site":"@walravenUK","twitter_misc":{"Estimated reading time":"5 minutes"},"schema":{"@context":"https:\/\/schema.org","@graph":[{"@type":"WebPage","@id":"https:\/\/www.walraven.com\/en\/heat-pump-supports\/","url":"https:\/\/www.walraven.com\/en\/heat-pump-supports\/","name":"Heat pump supports and fixings from Walraven","isPartOf":{"@id":"https:\/\/www.walraven.com\/en\/#website"},"primaryImageOfPage":{"@id":"https:\/\/www.walraven.com\/en\/heat-pump-supports\/#primaryimage"},"image":{"@id":"https:\/\/www.walraven.com\/en\/heat-pump-supports\/#primaryimage"},"thumbnailUrl":"https:\/\/www.walraven.com\/en\/wp-content\/uploads\/sites\/11\/2024\/01\/montageloesung-waermepumpe-wand-2.jpg","datePublished":"2024-01-11T09:02:20+00:00","dateModified":"2026-03-10T12:55:50+00:00","description":"Whether the heat pump needs floor or wall mounting we have supports and pipe fixings to make your installation quick and easy.","breadcrumb":{"@id":"https:\/\/www.walraven.com\/en\/heat-pump-supports\/#breadcrumb"},"inLanguage":"en-GB","potentialAction":[{"@type":"ReadAction","target":["https:\/\/www.walraven.com\/en\/heat-pump-supports\/"]}]},{"@type":"ImageObject","inLanguage":"en-GB","@id":"https:\/\/www.walraven.com\/en\/heat-pump-supports\/#primaryimage","url":"https:\/\/www.walraven.com\/en\/wp-content\/uploads\/sites\/11\/2024\/01\/montageloesung-waermepumpe-wand-2.jpg","contentUrl":"https:\/\/www.walraven.com\/en\/wp-content\/uploads\/sites\/11\/2024\/01\/montageloesung-waermepumpe-wand-2.jpg","width":1200,"height":675},{"@type":"BreadcrumbList","@id":"https:\/\/www.walraven.com\/en\/heat-pump-supports\/#breadcrumb","itemListElement":[{"@type":"ListItem","position":1,"name":"Home","item":"https:\/\/www.walraven.com\/en\/"},{"@type":"ListItem","position":2,"name":"Heat pump supports and fixings"}]},{"@type":"WebSite","@id":"https:\/\/www.walraven.com\/en\/#website","url":"https:\/\/www.walraven.com\/en\/","name":"Walraven United Kingdom","description":"","publisher":{"@id":"https:\/\/www.walraven.com\/en\/#organization"},"alternateName":"Walraven Ltd","potentialAction":[{"@type":"SearchAction","target":{"@type":"EntryPoint","urlTemplate":"https:\/\/www.walraven.com\/en\/?s={search_term_string}"},"query-input":{"@type":"PropertyValueSpecification","valueRequired":true,"valueName":"search_term_string"}}],"inLanguage":"en-GB"},{"@type":"Organization","@id":"https:\/\/www.walraven.com\/en\/#organization","name":"Walraven Ltd","alternateName":"Walraven Ltd","url":"https:\/\/www.walraven.com\/en\/","logo":{"@type":"ImageObject","inLanguage":"en-GB","@id":"https:\/\/www.walraven.com\/en\/#\/schema\/logo\/image\/","url":"https:\/\/www.walraven.com\/en\/wp-content\/uploads\/sites\/11\/2023\/12\/Walraven_logo300x300.jpg","contentUrl":"https:\/\/www.walraven.com\/en\/wp-content\/uploads\/sites\/11\/2023\/12\/Walraven_logo300x300.jpg","width":300,"height":300,"caption":"Walraven Ltd"},"image":{"@id":"https:\/\/www.walraven.com\/en\/#\/schema\/logo\/image\/"},"sameAs":["https:\/\/www.facebook.com\/walravenukofficial\/","https:\/\/x.com\/walravenUK","https:\/\/www.youtube.com\/user\/WalravenUK","https:\/\/www.linkedin.com\/company\/walraven-uk","https:\/\/www.instagram.com\/walraven_uk\/"]}]}},"_links":{"self":[{"href":"https:\/\/www.walraven.com\/en\/wp-json\/wp\/v2\/pages\/61530","targetHints":{"allow":["GET"]}}],"collection":[{"href":"https:\/\/www.walraven.com\/en\/wp-json\/wp\/v2\/pages"}],"about":[{"href":"https:\/\/www.walraven.com\/en\/wp-json\/wp\/v2\/types\/page"}],"author":[{"embeddable":true,"href":"https:\/\/www.walraven.com\/en\/wp-json\/wp\/v2\/users\/74"}],"replies":[{"embeddable":true,"href":"https:\/\/www.walraven.com\/en\/wp-json\/wp\/v2\/comments?post=61530"}],"version-history":[{"count":6,"href":"https:\/\/www.walraven.com\/en\/wp-json\/wp\/v2\/pages\/61530\/revisions"}],"predecessor-version":[{"id":93644,"href":"https:\/\/www.walraven.com\/en\/wp-json\/wp\/v2\/pages\/61530\/revisions\/93644"}],"wp:featuredmedia":[{"embeddable":true,"href":"https:\/\/www.walraven.com\/en\/wp-json\/wp\/v2\/media\/61546"}],"wp:attachment":[{"href":"https:\/\/www.walraven.com\/en\/wp-json\/wp\/v2\/media?parent=61530"}],"curies":[{"name":"wp","href":"https:\/\/api.w.org\/{rel}","templated":true}]}}