{"id":485,"date":"2016-10-19T16:25:27","date_gmt":"2016-10-19T14:25:27","guid":{"rendered":"https:\/\/www.walraven.com\/?page_id=7155"},"modified":"2020-01-10T14:54:29","modified_gmt":"2020-01-10T13:54:29","slug":"cookies","status":"publish","type":"page","link":"https:\/\/www.walraven.com\/es\/cookies\/","title":{"rendered":"Cookies"},"content":{"rendered":"<h2>1\u00a0Pol\u00edtica de rastreo y cookies<\/h2>\n<p><a href=\"http:\/\/www.walraven.com\/\">www.walraven.com<\/a> es el sitio web propiedad de Walraven y administrado por la misma. En esta secci\u00f3n se proporciona informaci\u00f3n sobre qu\u00e9 cookies pueden instalarse cuando visita el sitio y c\u00f3mo rechazarlas o eliminarlas. Al continuar usando este sitio web, acepta el uso que hacemos de las cookies de la forma descrita en esta pol\u00edtica.<\/p>\n<h3>1.1\u00a0\u00bfQu\u00e9 son las cookies?<\/h3>\n<p>Una cookie es un archivo peque\u00f1o de informaci\u00f3n que se instala en el ordenador o en cualquier otro dispositivo para permitir que un sitio web le reconozca como usuario cuando vuelva a visitarlo desde el mismo ordenador y con el mismo navegador, ya sea para conocer la duraci\u00f3n de la visita (mediante una \u00abcookie de sesi\u00f3n\u00bb) o las visitas repetidas (una \u00abcookie persistente\u00bb). Existen otros archivos similares que funcionan del mismo modo; en esta pol\u00edtica utilizamos la palabra &#8216;cookie&#8217; para referirnos a todos los archivos que recopilan informaci\u00f3n de este modo.<\/p>\n<p>Las cookies son una tecnolog\u00eda muy com\u00fan para recordar determinada informaci\u00f3n sobre un visitante a un sitio web. Actualmente, la gran mayor\u00eda de los sitios web utiliza cookies, que se suelen emplear para una amplia variedad de tareas. Utilizamos las cookies siguientes:<\/p>\n<ol>\n<li>Cookies estrictamente necesarias: seg\u00fan sea necesario para el funcionamiento del sitio web.<\/li>\n<li>Cookies anal\u00edticas\/de rendimiento: para analizar el uso del sitio, por ejemplo, reconocer y contar el n\u00famero de visitantes y c\u00f3mo se mueven por el sitio. Nos ayudan a ver qu\u00e9 partes del sitio son populares y qu\u00e9 secciones deben mejorar para que la experiencia del usuario sea m\u00e1s \u00f3ptima.<\/li>\n<li>Cookies de funcionalidad: para reconocerle cuando vuelva al sitio de modo que el contenido pueda personalizarse, por ejemplo, recordando su pa\u00eds y sus preferencias.<\/li>\n<li>Cookies comportamentales: para registrar su visita al sitio, las p\u00e1ginas que ha visitado y los enlaces que ha seguido. Utilizaremos esta informaci\u00f3n para que el sitio sea m\u00e1s pertinente para sus intereses.<\/li>\n<\/ol>\n<p>En este documento se proporciona informaci\u00f3n sobre las cookies espec\u00edficas utilizadas en este sitio.<\/p>\n<h3>1.2\u00a0C\u00f3mo controlar y eliminar las cookies<\/h3>\n<p>Al acceder al sitio, se mostr\u00f3 un mensaje en el que se le notificaba de nuestro uso de las cookies. Hemos tenido que usar una cookie para mostrarle dicho aviso (puede ver informaci\u00f3n detallada sobre esta cookie en \u00abAceptaci\u00f3n de cookies\u00bb en la tabla que figura a continuaci\u00f3n). Si contin\u00faa utilizando el sitio, se instalar\u00e1n m\u00e1s cookies y otras tecnolog\u00edas de rastreo en su ordenador tal como se describe en la tabla superior para poder mejorar su experiencia de usuario mientras est\u00e9 en el sitio. Al continuar utilizando el sitio o al aceptar nuestros T\u00e9rminos y Condiciones y nuestra Pol\u00edtica de Privacidad, acepta el uso de dichas cookies y de dicha tecnolog\u00eda de rastreo.<\/p>\n<p>No utilizaremos cookies para recopilar informaci\u00f3n de car\u00e1cter personal sobre usted. Sin embargo, si lo desea, puede restringir o bloquear las cookies que se instalan con este sitio (o, de hecho, con cualquier otro sitio) mediante la configuraci\u00f3n del navegador. La funci\u00f3n \u00abAyuda\u00bb del navegador le indicar\u00e1 c\u00f3mo hacerlo. Respecto a las cookies que se instalan a trav\u00e9s de este sitio, tambi\u00e9n es posible desactivarlas siguiendo las instrucciones facilitadas en la secci\u00f3n \u00abExclusi\u00f3n voluntaria\u00bb de cada una de las tablas que figuran a continuaci\u00f3n.<\/p>\n<p>Asimismo, si lo desea, puede visitar <a href=\"http:\/\/www.allaboutcookies.org\/\" target=\"_blank\" rel=\"noopener noreferrer\">http:\/\/www.allaboutcookies.org\/<\/a>, donde encontrar\u00e1 informaci\u00f3n exhaustiva sobre c\u00f3mo desactivarlas en una gran variedad de navegadores. Tambi\u00e9n encontrar\u00e1 detalles sobre c\u00f3mo eliminarlas de su ordenador, as\u00ed como informaci\u00f3n m\u00e1s general sobre las cookies. Tenga en cuenta que, dado que estos sitios web no son propiedad de Walraven ni est\u00e1n administrados por ella, no somos responsables del contenido que incluyan.<\/p>\n<p>Debe saber que, al restringir las cookies, es posible que no pueda aprovechar al m\u00e1ximo todas las funciones o los servicios disponibles en este sitio.<\/p>\n<h3>1.3\u00a0Cookies principales utilizadas en nuestro sitio<\/h3>\n<p>A continuaci\u00f3n, figura una lista de las cookies principales utilizadas en el sitio y para qu\u00e9 se utiliza cada una.<\/p>\n<table border=\"1\" cellspacing=\"5\" cellpadding=\"5\">\n<tbody>\n<tr>\n<td width=\"188\">Nombre de la cookie<\/td>\n<td width=\"421\">Google Analytics<\/td>\n<\/tr>\n<tr>\n<td width=\"188\">ID<\/td>\n<td width=\"421\">_ga<\/p>\n<p>_gat<\/td>\n<\/tr>\n<tr>\n<td width=\"188\">Finalidad<\/td>\n<td width=\"421\">Esta cookie nos permite:<\/p>\n<p>Recopilar informaci\u00f3n sobre su ordenador (incluida la direcci\u00f3n IP<br \/>\nel sistema operativo y el tipo de navegador), para la administraci\u00f3n<br \/>\nde sistemas, crear informes, calcular el<br \/>\ntama\u00f1o de nuestra audiencia y los patrones de uso, y rastrear<br \/>\nlas acciones en el sitio de forma an\u00f3nima.<\/td>\n<\/tr>\n<tr>\n<td width=\"188\">Caducidad<\/td>\n<td width=\"421\">Se trata de una cookie persistente, que permanece en el dispositivo<\/p>\n<p>despu\u00e9s de haber finalizado la sesi\u00f3n en el navegador.<\/td>\n<\/tr>\n<tr>\n<td width=\"188\">Origen de la cookie<\/td>\n<td width=\"421\">Google<\/td>\n<\/tr>\n<tr>\n<td width=\"188\">M\u00e1s informaci\u00f3n<\/td>\n<td width=\"421\">Este sitio utiliza Google Analytics, un servicio de anal\u00edtica web de<br \/>\nGoogle, Inc.\u00a0Google Analytics instala una cookie para evaluar<br \/>\nel uso que hace de este sitio y compila informes sobre la actividad del sitio web.<br \/>\nEsta cookie no recopila informaci\u00f3n que le identifique personalmente.<br \/>\nPara saber c\u00f3mo rechazar o eliminar estas cookies, consulte<br \/>\n<a href=\"https:\/\/tools.google.com\/dlpage\/gaoptout\">https:\/\/tools.google.com\/dlpage\/gaoptout<\/a>.<\/td>\n<\/tr>\n<\/tbody>\n<\/table>\n<p>&nbsp;<\/p>\n<h3>1.4\u00a0\u00a0\u00a0\u00a0\u00a0\u00a0 Cookies de terceros<\/h3>\n<p>Tenga en cuenta que, para mejorar la experiencia en el sitio web, es posible que haya terceros que utilicen cookies. Por ejemplo, a veces incrustamos contenido en v\u00eddeo de otros sitios web como YouTube; YouTube puede instalar cookies en el navegador para mostrar el v\u00eddeo y supervisar informaci\u00f3n estad\u00edstica no atribuible.<\/p>\n<p>Como consecuencia, cuando visite una p\u00e1gina con contenido incrustado, es posible que haya cookies de estos sitios web. No controlamos la difusi\u00f3n de estas cookies, y deber\u00eda consultar el sitio web del tercero pertinente para obtener m\u00e1s informaci\u00f3n.<\/p>\n<p>Puede encontrar informaci\u00f3n sobre la pol\u00edtica de privacidad de YouTube en esta direcci\u00f3n: <a href=\"https:\/\/www.youtube.com\/static?template=privacy_guidelines\" target=\"_blank\" rel=\"noopener noreferrer\">https:\/\/www.youtube.com\/static?template=privacy_guidelines<\/a>.<\/p>\n<h3>1.5\u00a0Rastreo de correos electr\u00f3nicos<\/h3>\n<p>Algunos de los correos electr\u00f3nicos que le enviamos pueden contener un &#8216;p\u00edxel&#8217; o enlaces de rastreo, que nos permiten identificar cuando ha abierto el correo y verificar a qu\u00e9 enlaces del correo ha accedido. Utilizamos esta informaci\u00f3n para determinar qu\u00e9 partes de los correos le interesan m\u00e1s.<\/p>\n<p>Puede eliminar el p\u00edxel eliminando el correo. Si no desea descargarlo en el ordenador o en otros dispositivos, tambi\u00e9n puede eliminarlo seleccionando la opci\u00f3n de recibir nuestros correos electr\u00f3nicos en texto sin formato en lugar de en HTML.<\/p>\n<p>Tambi\u00e9n puede darse de baja de nuestra lista de correo haciendo clic en el enlace Darse de baja que figura en el correo o poni\u00e9ndose en contacto con nosotros en <a href=\"mailto:Info.es@walraven.com\">Info.es@walraven.com<\/a>.<\/p>\n<h3>1.6\u00a0Cambios<\/h3>\n<p>Es posible que realicemos cambios en esta Pol\u00edtica de Cookies en cualquier momento; publicaremos una copia de la pol\u00edtica revisada en el sitio. Cualquier cambio surtir\u00e1 efecto en la fecha de publicaci\u00f3n de los t\u00e9rminos modificados en el sitio. El hecho de que contin\u00fae utilizando el sitio implica que acepta regirse por la pol\u00edtica modificada.<\/p>\n<h3>1.7\u00a0Contacto<\/h3>\n<p>Si tiene alguna pregunta o duda sobre las cookies o sobre la privacidad al utilizar este sitio, p\u00f3ngase en contacto con <a href=\"mailto:Info.es@walraven.com\">Info.es@walraven.com<\/a><\/p>\n","protected":false},"excerpt":{"rendered":"<p>1\u00a0Pol\u00edtica de rastreo y cookies www.walraven.com es el sitio web propiedad de Walraven y administrado por la misma. En esta secci\u00f3n se proporciona informaci\u00f3n sobre qu\u00e9 cookies pueden instalarse cuando visita el sitio y c\u00f3mo rechazarlas o eliminarlas. Al continuar usando este sitio web, acepta el uso que hacemos de las cookies de la forma [&hellip;]<\/p>\n","protected":false},"author":7,"featured_media":0,"parent":0,"menu_order":0,"comment_status":"closed","ping_status":"closed","template":"","meta":{"_acf_changed":false,"footnotes":""},"class_list":["post-485","page","type-page","status-publish","hentry"],"acf":[],"yoast_head":"<!-- This site is optimized with the Yoast SEO Premium plugin v27.3 (Yoast SEO v27.3) - https:\/\/yoast.com\/product\/yoast-seo-premium-wordpress\/ -->\n<title>P\u00f3litica de Cookies - uso de datos - Walraven Iberia<\/title>\n<meta name=\"description\" content=\"Encuentra todo lo necesario sobre el uso de tus datos. En Walraven nos preocupa tu seguridad por eso ponemos a vuestra disposici\u00f3n la pol\u00edtica de cookies.\" \/>\n<meta name=\"robots\" content=\"index, follow, max-snippet:-1, max-image-preview:large, max-video-preview:-1\" \/>\n<link rel=\"canonical\" href=\"https:\/\/www.walraven.com\/es\/cookies\/\" \/>\n<meta property=\"og:locale\" content=\"es_ES\" \/>\n<meta property=\"og:type\" content=\"article\" \/>\n<meta property=\"og:title\" content=\"Cookies\" \/>\n<meta property=\"og:description\" content=\"Encuentra todo lo necesario sobre el uso de tus datos. En Walraven nos preocupa tu seguridad por eso ponemos a vuestra disposici\u00f3n la pol\u00edtica de cookies.\" \/>\n<meta property=\"og:url\" content=\"https:\/\/www.walraven.com\/es\/cookies\/\" \/>\n<meta property=\"og:site_name\" content=\"Walraven Iberia\" \/>\n<meta property=\"article:publisher\" content=\"https:\/\/www.facebook.com\/WalravenIberia\/\" \/>\n<meta property=\"article:modified_time\" content=\"2020-01-10T13:54:29+00:00\" \/>\n<meta name=\"twitter:card\" content=\"summary_large_image\" \/>\n<meta name=\"twitter:label1\" content=\"Tiempo de lectura\" \/>\n\t<meta name=\"twitter:data1\" content=\"6 minutos\" \/>\n<script type=\"application\/ld+json\" class=\"yoast-schema-graph\">{\"@context\":\"https:\\\/\\\/schema.org\",\"@graph\":[{\"@type\":\"WebPage\",\"@id\":\"https:\\\/\\\/www.walraven.com\\\/es\\\/cookies\\\/\",\"url\":\"https:\\\/\\\/www.walraven.com\\\/es\\\/cookies\\\/\",\"name\":\"P\u00f3litica de Cookies - uso de datos - Walraven Iberia\",\"isPartOf\":{\"@id\":\"https:\\\/\\\/www.walraven.com\\\/es\\\/#website\"},\"datePublished\":\"2016-10-19T14:25:27+00:00\",\"dateModified\":\"2020-01-10T13:54:29+00:00\",\"description\":\"Encuentra todo lo necesario sobre el uso de tus datos. En Walraven nos preocupa tu seguridad por eso ponemos a vuestra disposici\u00f3n la pol\u00edtica de cookies.\",\"breadcrumb\":{\"@id\":\"https:\\\/\\\/www.walraven.com\\\/es\\\/cookies\\\/#breadcrumb\"},\"inLanguage\":\"es\",\"potentialAction\":[{\"@type\":\"ReadAction\",\"target\":[\"https:\\\/\\\/www.walraven.com\\\/es\\\/cookies\\\/\"]}]},{\"@type\":\"BreadcrumbList\",\"@id\":\"https:\\\/\\\/www.walraven.com\\\/es\\\/cookies\\\/#breadcrumb\",\"itemListElement\":[{\"@type\":\"ListItem\",\"position\":1,\"name\":\"Portada\",\"item\":\"https:\\\/\\\/www.walraven.com\\\/es\\\/\"},{\"@type\":\"ListItem\",\"position\":2,\"name\":\"Cookies\"}]},{\"@type\":\"WebSite\",\"@id\":\"https:\\\/\\\/www.walraven.com\\\/es\\\/#website\",\"url\":\"https:\\\/\\\/www.walraven.com\\\/es\\\/\",\"name\":\"Walraven Ib\u00e8ria\",\"description\":\"\",\"publisher\":{\"@id\":\"https:\\\/\\\/www.walraven.com\\\/es\\\/#organization\"},\"potentialAction\":[{\"@type\":\"SearchAction\",\"target\":{\"@type\":\"EntryPoint\",\"urlTemplate\":\"https:\\\/\\\/www.walraven.com\\\/es\\\/?s={search_term_string}\"},\"query-input\":{\"@type\":\"PropertyValueSpecification\",\"valueRequired\":true,\"valueName\":\"search_term_string\"}}],\"inLanguage\":\"es\"},{\"@type\":\"Organization\",\"@id\":\"https:\\\/\\\/www.walraven.com\\\/es\\\/#organization\",\"name\":\"Walraven Ib\u00e8ria\",\"alternateName\":\"Walraven Ib\u00e8ria\",\"url\":\"https:\\\/\\\/www.walraven.com\\\/es\\\/\",\"logo\":{\"@type\":\"ImageObject\",\"inLanguage\":\"es\",\"@id\":\"https:\\\/\\\/www.walraven.com\\\/es\\\/#\\\/schema\\\/logo\\\/image\\\/\",\"url\":\"https:\\\/\\\/www.walraven.com\\\/es\\\/wp-content\\\/uploads\\\/sites\\\/6\\\/2023\\\/12\\\/Walraven_logo300x300.jpg\",\"contentUrl\":\"https:\\\/\\\/www.walraven.com\\\/es\\\/wp-content\\\/uploads\\\/sites\\\/6\\\/2023\\\/12\\\/Walraven_logo300x300.jpg\",\"width\":300,\"height\":300,\"caption\":\"Walraven Ib\u00e8ria\"},\"image\":{\"@id\":\"https:\\\/\\\/www.walraven.com\\\/es\\\/#\\\/schema\\\/logo\\\/image\\\/\"},\"sameAs\":[\"https:\\\/\\\/www.facebook.com\\\/WalravenIberia\\\/\",\"https:\\\/\\\/www.youtube.com\\\/channel\\\/UCp0IvtDYLfpoIGUHFLmEHug\",\"https:\\\/\\\/www.linkedin.com\\\/company\\\/isofix-walraven\\\/\"]}]}<\/script>\n<!-- \/ Yoast SEO Premium plugin. -->","yoast_head_json":{"title":"P\u00f3litica de Cookies - uso de datos - Walraven Iberia","description":"Encuentra todo lo necesario sobre el uso de tus datos. En Walraven nos preocupa tu seguridad por eso ponemos a vuestra disposici\u00f3n la pol\u00edtica de cookies.","robots":{"index":"index","follow":"follow","max-snippet":"max-snippet:-1","max-image-preview":"max-image-preview:large","max-video-preview":"max-video-preview:-1"},"canonical":"https:\/\/www.walraven.com\/es\/cookies\/","og_locale":"es_ES","og_type":"article","og_title":"Cookies","og_description":"Encuentra todo lo necesario sobre el uso de tus datos. En Walraven nos preocupa tu seguridad por eso ponemos a vuestra disposici\u00f3n la pol\u00edtica de cookies.","og_url":"https:\/\/www.walraven.com\/es\/cookies\/","og_site_name":"Walraven Iberia","article_publisher":"https:\/\/www.facebook.com\/WalravenIberia\/","article_modified_time":"2020-01-10T13:54:29+00:00","twitter_card":"summary_large_image","twitter_misc":{"Tiempo de lectura":"6 minutos"},"schema":{"@context":"https:\/\/schema.org","@graph":[{"@type":"WebPage","@id":"https:\/\/www.walraven.com\/es\/cookies\/","url":"https:\/\/www.walraven.com\/es\/cookies\/","name":"P\u00f3litica de Cookies - uso de datos - Walraven Iberia","isPartOf":{"@id":"https:\/\/www.walraven.com\/es\/#website"},"datePublished":"2016-10-19T14:25:27+00:00","dateModified":"2020-01-10T13:54:29+00:00","description":"Encuentra todo lo necesario sobre el uso de tus datos. En Walraven nos preocupa tu seguridad por eso ponemos a vuestra disposici\u00f3n la pol\u00edtica de cookies.","breadcrumb":{"@id":"https:\/\/www.walraven.com\/es\/cookies\/#breadcrumb"},"inLanguage":"es","potentialAction":[{"@type":"ReadAction","target":["https:\/\/www.walraven.com\/es\/cookies\/"]}]},{"@type":"BreadcrumbList","@id":"https:\/\/www.walraven.com\/es\/cookies\/#breadcrumb","itemListElement":[{"@type":"ListItem","position":1,"name":"Portada","item":"https:\/\/www.walraven.com\/es\/"},{"@type":"ListItem","position":2,"name":"Cookies"}]},{"@type":"WebSite","@id":"https:\/\/www.walraven.com\/es\/#website","url":"https:\/\/www.walraven.com\/es\/","name":"Walraven Ib\u00e8ria","description":"","publisher":{"@id":"https:\/\/www.walraven.com\/es\/#organization"},"potentialAction":[{"@type":"SearchAction","target":{"@type":"EntryPoint","urlTemplate":"https:\/\/www.walraven.com\/es\/?s={search_term_string}"},"query-input":{"@type":"PropertyValueSpecification","valueRequired":true,"valueName":"search_term_string"}}],"inLanguage":"es"},{"@type":"Organization","@id":"https:\/\/www.walraven.com\/es\/#organization","name":"Walraven Ib\u00e8ria","alternateName":"Walraven Ib\u00e8ria","url":"https:\/\/www.walraven.com\/es\/","logo":{"@type":"ImageObject","inLanguage":"es","@id":"https:\/\/www.walraven.com\/es\/#\/schema\/logo\/image\/","url":"https:\/\/www.walraven.com\/es\/wp-content\/uploads\/sites\/6\/2023\/12\/Walraven_logo300x300.jpg","contentUrl":"https:\/\/www.walraven.com\/es\/wp-content\/uploads\/sites\/6\/2023\/12\/Walraven_logo300x300.jpg","width":300,"height":300,"caption":"Walraven Ib\u00e8ria"},"image":{"@id":"https:\/\/www.walraven.com\/es\/#\/schema\/logo\/image\/"},"sameAs":["https:\/\/www.facebook.com\/WalravenIberia\/","https:\/\/www.youtube.com\/channel\/UCp0IvtDYLfpoIGUHFLmEHug","https:\/\/www.linkedin.com\/company\/isofix-walraven\/"]}]}},"_links":{"self":[{"href":"https:\/\/www.walraven.com\/es\/wp-json\/wp\/v2\/pages\/485","targetHints":{"allow":["GET"]}}],"collection":[{"href":"https:\/\/www.walraven.com\/es\/wp-json\/wp\/v2\/pages"}],"about":[{"href":"https:\/\/www.walraven.com\/es\/wp-json\/wp\/v2\/types\/page"}],"author":[{"embeddable":true,"href":"https:\/\/www.walraven.com\/es\/wp-json\/wp\/v2\/users\/7"}],"replies":[{"embeddable":true,"href":"https:\/\/www.walraven.com\/es\/wp-json\/wp\/v2\/comments?post=485"}],"version-history":[{"count":5,"href":"https:\/\/www.walraven.com\/es\/wp-json\/wp\/v2\/pages\/485\/revisions"}],"predecessor-version":[{"id":56909,"href":"https:\/\/www.walraven.com\/es\/wp-json\/wp\/v2\/pages\/485\/revisions\/56909"}],"wp:attachment":[{"href":"https:\/\/www.walraven.com\/es\/wp-json\/wp\/v2\/media?parent=485"}],"curies":[{"name":"wp","href":"https:\/\/api.w.org\/{rel}","templated":true}]}}