{"id":490,"date":"2016-10-04T14:39:16","date_gmt":"2016-10-04T12:39:16","guid":{"rendered":"https:\/\/www.walraven.com\/?page_id=8"},"modified":"2021-09-09T14:01:54","modified_gmt":"2021-09-09T12:01:54","slug":"sobre-walraven","status":"publish","type":"page","link":"https:\/\/www.walraven.com\/es\/sobre-walraven\/","title":{"rendered":"Walraven: Historia y valores"},"content":{"rendered":"<h2><strong>75 a\u00f1os de grupo Walraven<\/strong><\/h2>\n<p>El Grupo Walraven es uno de los mejores fabricantes en el Mercado de la instalaci\u00f3n. La compa\u00f1\u00eda, con sede en Mijdrecht, en los Pa\u00edses Bajos, cuenta con sus propias f\u00e1bricas de producci\u00f3n y oficinas alrededor del mundo, garantizando la m\u00e1s alta calidad durante 75 a\u00f1os.<\/p>\n<p>Walraven ha estado fabricando y distribuyendo una amplia gama de productos usados por instaladores a lo largo del mundo, permiti\u00e9ndoles ahorrar tiempo durante su instalaci\u00f3n y ofreciendo el mayor grado de fiabilidad. Los productos Walraven son usados por decenas de miles de instaladores en Europa, Norte de Am\u00e9rica, Am\u00e9rica Latina, \u00c1frica, Oriente Medio, As\u00eda y Australia. Cada producto individual es parte de un sistema total de soluciones. Estos son usados en incontables hogares y proyectos de construcci\u00f3n, as\u00ed como en el mercado mar\u00edtimo, construcci\u00f3n de barcos y proyectos industrial o grandes infraestructuras.<\/p>\n<p>Nuestros productos est\u00e1n orientados al mercado, son innovadores y perfectamente hechos para encajar en las necesidades del cliente y cumplir su objetivo de la manera m\u00e1s \u00f3ptima. Todos los productos cuentan con certificaciones y Walraven es empresa ISO 9001:2008 certificada. Con nuestra extensa gama de productos y consejo experto, podemos proveer una soluci\u00f3n para cada aspecto de su proyecto, no importa cu\u00e1n grande o complejo sea.<\/p>\n<h2><strong>Historia<br \/>\n<img loading=\"lazy\" decoding=\"async\" class=\"alignright wp-image-7181 size-medium\" title=\"history walraven\" src=\"https:\/\/www.walraven.com\/wp-content\/uploads\/sites\/2\/2016\/10\/about_Walraven_image2_480x325px-300x203.jpg\" alt=\"about_walraven_image2_480x325px\" width=\"300\" height=\"203\" \/>\u00a0<\/strong><\/h2>\n<p>El grupo Walraven es una compa\u00f1\u00eda familiar fundada en 1942 por Jan van Walraven, el abuelo de nuestro actual CEO. Jan van Walraven, se vio forzado a crear su propia f\u00e1brica de materiales durante la 2\u00ba Guerra Mundial para continuar su trabajo como fontanero.<br \/>\nTras la guerra, Walraven pas\u00f3 de ser una compa\u00f1\u00eda familiar a una internacional con producci\u00f3n y ventas a lo largo de todo el mundo. Con m\u00e1s de 1.000 empleados, Walraven est\u00e1 constantemente trabajando para mejorar en productos y servicios para hacer el trabajo del instalador m\u00e1s f\u00e1cil y \u00f3ptimo.<\/p>\n<h2><strong>Investigaci\u00f3n y desarrollo<br \/>\n<img loading=\"lazy\" decoding=\"async\" class=\"alignright wp-image-7182 size-medium\" title=\"Research and development\" src=\"https:\/\/www.walraven.com\/wp-content\/uploads\/sites\/2\/2016\/10\/about_Walraven_image3_480x325px-300x203.jpg\" alt=\"about_walraven_image3_480x325px\" width=\"300\" height=\"203\" \/>\u00a0<\/strong><\/h2>\n<p>El grupo Walraven es una compa\u00f1\u00eda familiar fundada en 1942 por Jan van Walraven, el abuelo de nuestro actual CEO. Jan van Walraven, se vio forzado a crear su propia f\u00e1brica de materiales durante la 2\u00ba Guerra Mundial para continuar su trabajo como fontanero.<br \/>\nTras la guerra, Walraven pas\u00f3 de ser una compa\u00f1\u00eda familiar a una internacional con producci\u00f3n y ventas a lo largo de todo el mundo. Con m\u00e1s de 1.000 empleados, Walraven est\u00e1 constantemente trabajando para mejorar en productos y servicios para hacer el trabajo del instalador m\u00e1s f\u00e1cil y \u00f3ptimo.<\/p>\n<h2><strong>Fabricaci\u00f3n propias<br \/>\n<img loading=\"lazy\" decoding=\"async\" class=\"alignright wp-image-7183 size-medium\" title=\"Own Production facilities\" src=\"https:\/\/www.walraven.com\/wp-content\/uploads\/sites\/2\/2016\/10\/about_Walraven_image4_480x325px-300x203.jpg\" alt=\"about_walraven_image4_480x325px\" width=\"300\" height=\"203\" \/> <\/strong><\/h2>\n<p>El Grupo Walraven tiene fabricas propias en varios pa\u00edses, con maquinaria propia con frecuencia dise\u00f1ada por nosotros mismos. Cada instalaci\u00f3n ha sido hecha por especialistas, los cuales permiten que los productos manufacturados hayan sido hechos de la manera m\u00e1s eficiente posible. Casi todas nuestras herramientas y moldes son producidos con nuestra maquinaria propia. Walraven controla todo el proceso, desde el concepto hasta su desarrollo y fabricaci\u00f3n, y podemos dar una r\u00e1pida respuesta al desarrollo del mercado. Adem\u00e1s de hacer a medida aquellos productos que se requieren.<\/p>\n","protected":false},"excerpt":{"rendered":"<p>75 a\u00f1os de grupo Walraven El Grupo Walraven es uno de los mejores fabricantes en el Mercado de la instalaci\u00f3n. La compa\u00f1\u00eda, con sede en Mijdrecht, en los Pa\u00edses Bajos, cuenta con sus propias f\u00e1bricas de producci\u00f3n y oficinas alrededor del mundo, garantizando la m\u00e1s alta calidad durante 75 a\u00f1os. Walraven ha estado fabricando y [&hellip;]<\/p>\n","protected":false},"author":7,"featured_media":0,"parent":0,"menu_order":0,"comment_status":"closed","ping_status":"closed","template":"page-templates\/tpl-aboutus.php","meta":{"_acf_changed":false,"footnotes":""},"class_list":["post-490","page","type-page","status-publish","hentry"],"acf":[],"yoast_head":"<!-- This site is optimized with the Yoast SEO Premium plugin v27.3 (Yoast SEO v27.3) - https:\/\/yoast.com\/product\/yoast-seo-premium-wordpress\/ -->\n<title>Historia y valores - Walraven<\/title>\n<meta name=\"description\" content=\"Walraven tiene sus propias instalaciones de producci\u00f3n y oficinas de ventas alrededor del mundo y lleva garantizando la m\u00e1s alta calidad desde hace 75 a\u00f1os.\" \/>\n<meta name=\"robots\" content=\"index, follow, max-snippet:-1, max-image-preview:large, max-video-preview:-1\" \/>\n<link rel=\"canonical\" href=\"https:\/\/www.walraven.com\/es\/sobre-walraven\/\" \/>\n<meta property=\"og:locale\" content=\"es_ES\" \/>\n<meta property=\"og:type\" content=\"article\" \/>\n<meta property=\"og:title\" content=\"Walraven: Historia y valores\" \/>\n<meta property=\"og:description\" content=\"Walraven tiene sus propias instalaciones de producci\u00f3n y oficinas de ventas alrededor del mundo y lleva garantizando la m\u00e1s alta calidad desde hace 75 a\u00f1os.\" \/>\n<meta property=\"og:url\" content=\"https:\/\/www.walraven.com\/es\/sobre-walraven\/\" \/>\n<meta property=\"og:site_name\" content=\"Walraven Iberia\" \/>\n<meta property=\"article:publisher\" content=\"https:\/\/www.facebook.com\/WalravenIberia\/\" \/>\n<meta property=\"article:modified_time\" content=\"2021-09-09T12:01:54+00:00\" \/>\n<meta name=\"twitter:card\" content=\"summary_large_image\" \/>\n<meta name=\"twitter:label1\" content=\"Tiempo de lectura\" \/>\n\t<meta name=\"twitter:data1\" content=\"3 minutos\" \/>\n<script type=\"application\/ld+json\" class=\"yoast-schema-graph\">{\"@context\":\"https:\\\/\\\/schema.org\",\"@graph\":[{\"@type\":\"WebPage\",\"@id\":\"https:\\\/\\\/www.walraven.com\\\/es\\\/sobre-walraven\\\/\",\"url\":\"https:\\\/\\\/www.walraven.com\\\/es\\\/sobre-walraven\\\/\",\"name\":\"Historia y valores - Walraven\",\"isPartOf\":{\"@id\":\"https:\\\/\\\/www.walraven.com\\\/es\\\/#website\"},\"primaryImageOfPage\":{\"@id\":\"https:\\\/\\\/www.walraven.com\\\/es\\\/sobre-walraven\\\/#primaryimage\"},\"image\":{\"@id\":\"https:\\\/\\\/www.walraven.com\\\/es\\\/sobre-walraven\\\/#primaryimage\"},\"thumbnailUrl\":\"https:\\\/\\\/www.walraven.com\\\/wp-content\\\/uploads\\\/sites\\\/2\\\/2016\\\/10\\\/about_Walraven_image2_480x325px-300x203.jpg\",\"datePublished\":\"2016-10-04T12:39:16+00:00\",\"dateModified\":\"2021-09-09T12:01:54+00:00\",\"description\":\"Walraven tiene sus propias instalaciones de producci\u00f3n y oficinas de ventas alrededor del mundo y lleva garantizando la m\u00e1s alta calidad desde hace 75 a\u00f1os.\",\"breadcrumb\":{\"@id\":\"https:\\\/\\\/www.walraven.com\\\/es\\\/sobre-walraven\\\/#breadcrumb\"},\"inLanguage\":\"es\",\"potentialAction\":[{\"@type\":\"ReadAction\",\"target\":[\"https:\\\/\\\/www.walraven.com\\\/es\\\/sobre-walraven\\\/\"]}]},{\"@type\":\"ImageObject\",\"inLanguage\":\"es\",\"@id\":\"https:\\\/\\\/www.walraven.com\\\/es\\\/sobre-walraven\\\/#primaryimage\",\"url\":\"https:\\\/\\\/www.walraven.com\\\/wp-content\\\/uploads\\\/sites\\\/2\\\/2016\\\/10\\\/about_Walraven_image2_480x325px-300x203.jpg\",\"contentUrl\":\"https:\\\/\\\/www.walraven.com\\\/wp-content\\\/uploads\\\/sites\\\/2\\\/2016\\\/10\\\/about_Walraven_image2_480x325px-300x203.jpg\"},{\"@type\":\"BreadcrumbList\",\"@id\":\"https:\\\/\\\/www.walraven.com\\\/es\\\/sobre-walraven\\\/#breadcrumb\",\"itemListElement\":[{\"@type\":\"ListItem\",\"position\":1,\"name\":\"Portada\",\"item\":\"https:\\\/\\\/www.walraven.com\\\/es\\\/\"},{\"@type\":\"ListItem\",\"position\":2,\"name\":\"Walraven: Historia y valores\"}]},{\"@type\":\"WebSite\",\"@id\":\"https:\\\/\\\/www.walraven.com\\\/es\\\/#website\",\"url\":\"https:\\\/\\\/www.walraven.com\\\/es\\\/\",\"name\":\"Walraven Ib\u00e8ria\",\"description\":\"\",\"publisher\":{\"@id\":\"https:\\\/\\\/www.walraven.com\\\/es\\\/#organization\"},\"potentialAction\":[{\"@type\":\"SearchAction\",\"target\":{\"@type\":\"EntryPoint\",\"urlTemplate\":\"https:\\\/\\\/www.walraven.com\\\/es\\\/?s={search_term_string}\"},\"query-input\":{\"@type\":\"PropertyValueSpecification\",\"valueRequired\":true,\"valueName\":\"search_term_string\"}}],\"inLanguage\":\"es\"},{\"@type\":\"Organization\",\"@id\":\"https:\\\/\\\/www.walraven.com\\\/es\\\/#organization\",\"name\":\"Walraven Ib\u00e8ria\",\"alternateName\":\"Walraven Ib\u00e8ria\",\"url\":\"https:\\\/\\\/www.walraven.com\\\/es\\\/\",\"logo\":{\"@type\":\"ImageObject\",\"inLanguage\":\"es\",\"@id\":\"https:\\\/\\\/www.walraven.com\\\/es\\\/#\\\/schema\\\/logo\\\/image\\\/\",\"url\":\"https:\\\/\\\/www.walraven.com\\\/es\\\/wp-content\\\/uploads\\\/sites\\\/6\\\/2023\\\/12\\\/Walraven_logo300x300.jpg\",\"contentUrl\":\"https:\\\/\\\/www.walraven.com\\\/es\\\/wp-content\\\/uploads\\\/sites\\\/6\\\/2023\\\/12\\\/Walraven_logo300x300.jpg\",\"width\":300,\"height\":300,\"caption\":\"Walraven Ib\u00e8ria\"},\"image\":{\"@id\":\"https:\\\/\\\/www.walraven.com\\\/es\\\/#\\\/schema\\\/logo\\\/image\\\/\"},\"sameAs\":[\"https:\\\/\\\/www.facebook.com\\\/WalravenIberia\\\/\",\"https:\\\/\\\/www.youtube.com\\\/channel\\\/UCp0IvtDYLfpoIGUHFLmEHug\",\"https:\\\/\\\/www.linkedin.com\\\/company\\\/isofix-walraven\\\/\"]}]}<\/script>\n<!-- \/ Yoast SEO Premium plugin. -->","yoast_head_json":{"title":"Historia y valores - Walraven","description":"Walraven tiene sus propias instalaciones de producci\u00f3n y oficinas de ventas alrededor del mundo y lleva garantizando la m\u00e1s alta calidad desde hace 75 a\u00f1os.","robots":{"index":"index","follow":"follow","max-snippet":"max-snippet:-1","max-image-preview":"max-image-preview:large","max-video-preview":"max-video-preview:-1"},"canonical":"https:\/\/www.walraven.com\/es\/sobre-walraven\/","og_locale":"es_ES","og_type":"article","og_title":"Walraven: Historia y valores","og_description":"Walraven tiene sus propias instalaciones de producci\u00f3n y oficinas de ventas alrededor del mundo y lleva garantizando la m\u00e1s alta calidad desde hace 75 a\u00f1os.","og_url":"https:\/\/www.walraven.com\/es\/sobre-walraven\/","og_site_name":"Walraven Iberia","article_publisher":"https:\/\/www.facebook.com\/WalravenIberia\/","article_modified_time":"2021-09-09T12:01:54+00:00","twitter_card":"summary_large_image","twitter_misc":{"Tiempo de lectura":"3 minutos"},"schema":{"@context":"https:\/\/schema.org","@graph":[{"@type":"WebPage","@id":"https:\/\/www.walraven.com\/es\/sobre-walraven\/","url":"https:\/\/www.walraven.com\/es\/sobre-walraven\/","name":"Historia y valores - Walraven","isPartOf":{"@id":"https:\/\/www.walraven.com\/es\/#website"},"primaryImageOfPage":{"@id":"https:\/\/www.walraven.com\/es\/sobre-walraven\/#primaryimage"},"image":{"@id":"https:\/\/www.walraven.com\/es\/sobre-walraven\/#primaryimage"},"thumbnailUrl":"https:\/\/www.walraven.com\/wp-content\/uploads\/sites\/2\/2016\/10\/about_Walraven_image2_480x325px-300x203.jpg","datePublished":"2016-10-04T12:39:16+00:00","dateModified":"2021-09-09T12:01:54+00:00","description":"Walraven tiene sus propias instalaciones de producci\u00f3n y oficinas de ventas alrededor del mundo y lleva garantizando la m\u00e1s alta calidad desde hace 75 a\u00f1os.","breadcrumb":{"@id":"https:\/\/www.walraven.com\/es\/sobre-walraven\/#breadcrumb"},"inLanguage":"es","potentialAction":[{"@type":"ReadAction","target":["https:\/\/www.walraven.com\/es\/sobre-walraven\/"]}]},{"@type":"ImageObject","inLanguage":"es","@id":"https:\/\/www.walraven.com\/es\/sobre-walraven\/#primaryimage","url":"https:\/\/www.walraven.com\/wp-content\/uploads\/sites\/2\/2016\/10\/about_Walraven_image2_480x325px-300x203.jpg","contentUrl":"https:\/\/www.walraven.com\/wp-content\/uploads\/sites\/2\/2016\/10\/about_Walraven_image2_480x325px-300x203.jpg"},{"@type":"BreadcrumbList","@id":"https:\/\/www.walraven.com\/es\/sobre-walraven\/#breadcrumb","itemListElement":[{"@type":"ListItem","position":1,"name":"Portada","item":"https:\/\/www.walraven.com\/es\/"},{"@type":"ListItem","position":2,"name":"Walraven: Historia y valores"}]},{"@type":"WebSite","@id":"https:\/\/www.walraven.com\/es\/#website","url":"https:\/\/www.walraven.com\/es\/","name":"Walraven Ib\u00e8ria","description":"","publisher":{"@id":"https:\/\/www.walraven.com\/es\/#organization"},"potentialAction":[{"@type":"SearchAction","target":{"@type":"EntryPoint","urlTemplate":"https:\/\/www.walraven.com\/es\/?s={search_term_string}"},"query-input":{"@type":"PropertyValueSpecification","valueRequired":true,"valueName":"search_term_string"}}],"inLanguage":"es"},{"@type":"Organization","@id":"https:\/\/www.walraven.com\/es\/#organization","name":"Walraven Ib\u00e8ria","alternateName":"Walraven Ib\u00e8ria","url":"https:\/\/www.walraven.com\/es\/","logo":{"@type":"ImageObject","inLanguage":"es","@id":"https:\/\/www.walraven.com\/es\/#\/schema\/logo\/image\/","url":"https:\/\/www.walraven.com\/es\/wp-content\/uploads\/sites\/6\/2023\/12\/Walraven_logo300x300.jpg","contentUrl":"https:\/\/www.walraven.com\/es\/wp-content\/uploads\/sites\/6\/2023\/12\/Walraven_logo300x300.jpg","width":300,"height":300,"caption":"Walraven Ib\u00e8ria"},"image":{"@id":"https:\/\/www.walraven.com\/es\/#\/schema\/logo\/image\/"},"sameAs":["https:\/\/www.facebook.com\/WalravenIberia\/","https:\/\/www.youtube.com\/channel\/UCp0IvtDYLfpoIGUHFLmEHug","https:\/\/www.linkedin.com\/company\/isofix-walraven\/"]}]}},"_links":{"self":[{"href":"https:\/\/www.walraven.com\/es\/wp-json\/wp\/v2\/pages\/490","targetHints":{"allow":["GET"]}}],"collection":[{"href":"https:\/\/www.walraven.com\/es\/wp-json\/wp\/v2\/pages"}],"about":[{"href":"https:\/\/www.walraven.com\/es\/wp-json\/wp\/v2\/types\/page"}],"author":[{"embeddable":true,"href":"https:\/\/www.walraven.com\/es\/wp-json\/wp\/v2\/users\/7"}],"replies":[{"embeddable":true,"href":"https:\/\/www.walraven.com\/es\/wp-json\/wp\/v2\/comments?post=490"}],"version-history":[{"count":5,"href":"https:\/\/www.walraven.com\/es\/wp-json\/wp\/v2\/pages\/490\/revisions"}],"predecessor-version":[{"id":60027,"href":"https:\/\/www.walraven.com\/es\/wp-json\/wp\/v2\/pages\/490\/revisions\/60027"}],"wp:attachment":[{"href":"https:\/\/www.walraven.com\/es\/wp-json\/wp\/v2\/media?parent=490"}],"curies":[{"name":"wp","href":"https:\/\/api.w.org\/{rel}","templated":true}]}}