{"id":55170,"date":"2018-04-11T17:03:18","date_gmt":"2018-04-11T15:03:18","guid":{"rendered":"https:\/\/www.walraven.com\/?page_id=119882"},"modified":"2025-05-29T14:54:45","modified_gmt":"2025-05-29T12:54:45","slug":"soportacion-cargas-pesadas","status":"publish","type":"page","link":"https:\/\/www.walraven.com\/es\/soportacion-en-cubiertas\/soportacion-cargas-pesadas\/","title":{"rendered":"Soportaci\u00f3n para cargas pesadas"},"content":{"rendered":"","protected":false},"excerpt":{"rendered":"","protected":false},"author":43,"featured_media":0,"parent":55107,"menu_order":0,"comment_status":"closed","ping_status":"closed","template":"page-templates\/tpl-landingspage.php","meta":{"_acf_changed":false,"footnotes":""},"class_list":["post-55170","page","type-page","status-publish","hentry"],"acf":[],"yoast_head":"<!-- This site is optimized with the Yoast SEO Premium plugin v27.3 (Yoast SEO v27.3) - https:\/\/yoast.com\/product\/yoast-seo-premium-wordpress\/ -->\n<title>Soportaci\u00f3n para cargas pesadas - Walraven Iberia<\/title>\n<meta name=\"description\" content=\"Para cualquier distribuci\u00f3n critica de carga, Walraven ofrece soluciones capaces de soportar el peso de la maquinaria m\u00e1s pesada en cualquier cubierta. \u2705 Productos alta calidad \u2705Soporte t\u00e9cnico gratuito \u2705 T\u00fa reto, nuestro soporte\" \/>\n<meta name=\"robots\" content=\"index, follow, max-snippet:-1, max-image-preview:large, max-video-preview:-1\" \/>\n<link rel=\"canonical\" href=\"https:\/\/www.walraven.com\/es\/soportacion-en-cubiertas\/soportacion-cargas-pesadas\/\" \/>\n<meta property=\"og:locale\" content=\"es_ES\" \/>\n<meta property=\"og:type\" content=\"article\" \/>\n<meta property=\"og:title\" content=\"Soportaci\u00f3n para cargas pesadas\" \/>\n<meta property=\"og:description\" content=\"Para cualquier distribuci\u00f3n critica de carga, Walraven ofrece soluciones capaces de soportar el peso de la maquinaria m\u00e1s pesada en cualquier cubierta. \u2705 Productos alta calidad \u2705Soporte t\u00e9cnico gratuito \u2705 T\u00fa reto, nuestro soporte\" \/>\n<meta property=\"og:url\" content=\"https:\/\/www.walraven.com\/es\/soportacion-en-cubiertas\/soportacion-cargas-pesadas\/\" \/>\n<meta property=\"og:site_name\" content=\"Walraven Iberia\" \/>\n<meta property=\"article:publisher\" content=\"https:\/\/www.facebook.com\/WalravenIberia\/\" \/>\n<meta property=\"article:modified_time\" content=\"2025-05-29T12:54:45+00:00\" \/>\n<meta name=\"twitter:card\" content=\"summary_large_image\" \/>\n<meta name=\"twitter:label1\" content=\"Tiempo de lectura\" \/>\n\t<meta name=\"twitter:data1\" content=\"2 minutos\" \/>\n<script type=\"application\/ld+json\" class=\"yoast-schema-graph\">{\"@context\":\"https:\\\/\\\/schema.org\",\"@graph\":[{\"@type\":\"WebPage\",\"@id\":\"https:\\\/\\\/www.walraven.com\\\/es\\\/soportacion-en-cubiertas\\\/soportacion-cargas-pesadas\\\/\",\"url\":\"https:\\\/\\\/www.walraven.com\\\/es\\\/soportacion-en-cubiertas\\\/soportacion-cargas-pesadas\\\/\",\"name\":\"Soportaci\u00f3n para cargas pesadas - Walraven Iberia\",\"isPartOf\":{\"@id\":\"https:\\\/\\\/www.walraven.com\\\/es\\\/#website\"},\"datePublished\":\"2018-04-11T15:03:18+00:00\",\"dateModified\":\"2025-05-29T12:54:45+00:00\",\"description\":\"Para cualquier distribuci\u00f3n critica de carga, Walraven ofrece soluciones capaces de soportar el peso de la maquinaria m\u00e1s pesada en cualquier cubierta. \u2705 Productos alta calidad \u2705Soporte t\u00e9cnico gratuito \u2705 T\u00fa reto, nuestro soporte\",\"breadcrumb\":{\"@id\":\"https:\\\/\\\/www.walraven.com\\\/es\\\/soportacion-en-cubiertas\\\/soportacion-cargas-pesadas\\\/#breadcrumb\"},\"inLanguage\":\"es\",\"potentialAction\":[{\"@type\":\"ReadAction\",\"target\":[\"https:\\\/\\\/www.walraven.com\\\/es\\\/soportacion-en-cubiertas\\\/soportacion-cargas-pesadas\\\/\"]}]},{\"@type\":\"BreadcrumbList\",\"@id\":\"https:\\\/\\\/www.walraven.com\\\/es\\\/soportacion-en-cubiertas\\\/soportacion-cargas-pesadas\\\/#breadcrumb\",\"itemListElement\":[{\"@type\":\"ListItem\",\"position\":1,\"name\":\"Portada\",\"item\":\"https:\\\/\\\/www.walraven.com\\\/es\\\/\"},{\"@type\":\"ListItem\",\"position\":2,\"name\":\"Walraven Soportaci\u00f3n en Cubiertas\",\"item\":\"https:\\\/\\\/www.walraven.com\\\/es\\\/soportacion-en-cubiertas\\\/\"},{\"@type\":\"ListItem\",\"position\":3,\"name\":\"Soportaci\u00f3n para cargas pesadas\"}]},{\"@type\":\"WebSite\",\"@id\":\"https:\\\/\\\/www.walraven.com\\\/es\\\/#website\",\"url\":\"https:\\\/\\\/www.walraven.com\\\/es\\\/\",\"name\":\"Walraven Ib\u00e8ria\",\"description\":\"\",\"publisher\":{\"@id\":\"https:\\\/\\\/www.walraven.com\\\/es\\\/#organization\"},\"potentialAction\":[{\"@type\":\"SearchAction\",\"target\":{\"@type\":\"EntryPoint\",\"urlTemplate\":\"https:\\\/\\\/www.walraven.com\\\/es\\\/?s={search_term_string}\"},\"query-input\":{\"@type\":\"PropertyValueSpecification\",\"valueRequired\":true,\"valueName\":\"search_term_string\"}}],\"inLanguage\":\"es\"},{\"@type\":\"Organization\",\"@id\":\"https:\\\/\\\/www.walraven.com\\\/es\\\/#organization\",\"name\":\"Walraven Ib\u00e8ria\",\"alternateName\":\"Walraven Ib\u00e8ria\",\"url\":\"https:\\\/\\\/www.walraven.com\\\/es\\\/\",\"logo\":{\"@type\":\"ImageObject\",\"inLanguage\":\"es\",\"@id\":\"https:\\\/\\\/www.walraven.com\\\/es\\\/#\\\/schema\\\/logo\\\/image\\\/\",\"url\":\"https:\\\/\\\/www.walraven.com\\\/es\\\/wp-content\\\/uploads\\\/sites\\\/6\\\/2023\\\/12\\\/Walraven_logo300x300.jpg\",\"contentUrl\":\"https:\\\/\\\/www.walraven.com\\\/es\\\/wp-content\\\/uploads\\\/sites\\\/6\\\/2023\\\/12\\\/Walraven_logo300x300.jpg\",\"width\":300,\"height\":300,\"caption\":\"Walraven Ib\u00e8ria\"},\"image\":{\"@id\":\"https:\\\/\\\/www.walraven.com\\\/es\\\/#\\\/schema\\\/logo\\\/image\\\/\"},\"sameAs\":[\"https:\\\/\\\/www.facebook.com\\\/WalravenIberia\\\/\",\"https:\\\/\\\/www.youtube.com\\\/channel\\\/UCp0IvtDYLfpoIGUHFLmEHug\",\"https:\\\/\\\/www.linkedin.com\\\/company\\\/isofix-walraven\\\/\"]}]}<\/script>\n<!-- \/ Yoast SEO Premium plugin. -->","yoast_head_json":{"title":"Soportaci\u00f3n para cargas pesadas - Walraven Iberia","description":"Para cualquier distribuci\u00f3n critica de carga, Walraven ofrece soluciones capaces de soportar el peso de la maquinaria m\u00e1s pesada en cualquier cubierta. \u2705 Productos alta calidad \u2705Soporte t\u00e9cnico gratuito \u2705 T\u00fa reto, nuestro soporte","robots":{"index":"index","follow":"follow","max-snippet":"max-snippet:-1","max-image-preview":"max-image-preview:large","max-video-preview":"max-video-preview:-1"},"canonical":"https:\/\/www.walraven.com\/es\/soportacion-en-cubiertas\/soportacion-cargas-pesadas\/","og_locale":"es_ES","og_type":"article","og_title":"Soportaci\u00f3n para cargas pesadas","og_description":"Para cualquier distribuci\u00f3n critica de carga, Walraven ofrece soluciones capaces de soportar el peso de la maquinaria m\u00e1s pesada en cualquier cubierta. \u2705 Productos alta calidad \u2705Soporte t\u00e9cnico gratuito \u2705 T\u00fa reto, nuestro soporte","og_url":"https:\/\/www.walraven.com\/es\/soportacion-en-cubiertas\/soportacion-cargas-pesadas\/","og_site_name":"Walraven Iberia","article_publisher":"https:\/\/www.facebook.com\/WalravenIberia\/","article_modified_time":"2025-05-29T12:54:45+00:00","twitter_card":"summary_large_image","twitter_misc":{"Tiempo de lectura":"2 minutos"},"schema":{"@context":"https:\/\/schema.org","@graph":[{"@type":"WebPage","@id":"https:\/\/www.walraven.com\/es\/soportacion-en-cubiertas\/soportacion-cargas-pesadas\/","url":"https:\/\/www.walraven.com\/es\/soportacion-en-cubiertas\/soportacion-cargas-pesadas\/","name":"Soportaci\u00f3n para cargas pesadas - Walraven Iberia","isPartOf":{"@id":"https:\/\/www.walraven.com\/es\/#website"},"datePublished":"2018-04-11T15:03:18+00:00","dateModified":"2025-05-29T12:54:45+00:00","description":"Para cualquier distribuci\u00f3n critica de carga, Walraven ofrece soluciones capaces de soportar el peso de la maquinaria m\u00e1s pesada en cualquier cubierta. \u2705 Productos alta calidad \u2705Soporte t\u00e9cnico gratuito \u2705 T\u00fa reto, nuestro soporte","breadcrumb":{"@id":"https:\/\/www.walraven.com\/es\/soportacion-en-cubiertas\/soportacion-cargas-pesadas\/#breadcrumb"},"inLanguage":"es","potentialAction":[{"@type":"ReadAction","target":["https:\/\/www.walraven.com\/es\/soportacion-en-cubiertas\/soportacion-cargas-pesadas\/"]}]},{"@type":"BreadcrumbList","@id":"https:\/\/www.walraven.com\/es\/soportacion-en-cubiertas\/soportacion-cargas-pesadas\/#breadcrumb","itemListElement":[{"@type":"ListItem","position":1,"name":"Portada","item":"https:\/\/www.walraven.com\/es\/"},{"@type":"ListItem","position":2,"name":"Walraven Soportaci\u00f3n en Cubiertas","item":"https:\/\/www.walraven.com\/es\/soportacion-en-cubiertas\/"},{"@type":"ListItem","position":3,"name":"Soportaci\u00f3n para cargas pesadas"}]},{"@type":"WebSite","@id":"https:\/\/www.walraven.com\/es\/#website","url":"https:\/\/www.walraven.com\/es\/","name":"Walraven Ib\u00e8ria","description":"","publisher":{"@id":"https:\/\/www.walraven.com\/es\/#organization"},"potentialAction":[{"@type":"SearchAction","target":{"@type":"EntryPoint","urlTemplate":"https:\/\/www.walraven.com\/es\/?s={search_term_string}"},"query-input":{"@type":"PropertyValueSpecification","valueRequired":true,"valueName":"search_term_string"}}],"inLanguage":"es"},{"@type":"Organization","@id":"https:\/\/www.walraven.com\/es\/#organization","name":"Walraven Ib\u00e8ria","alternateName":"Walraven Ib\u00e8ria","url":"https:\/\/www.walraven.com\/es\/","logo":{"@type":"ImageObject","inLanguage":"es","@id":"https:\/\/www.walraven.com\/es\/#\/schema\/logo\/image\/","url":"https:\/\/www.walraven.com\/es\/wp-content\/uploads\/sites\/6\/2023\/12\/Walraven_logo300x300.jpg","contentUrl":"https:\/\/www.walraven.com\/es\/wp-content\/uploads\/sites\/6\/2023\/12\/Walraven_logo300x300.jpg","width":300,"height":300,"caption":"Walraven Ib\u00e8ria"},"image":{"@id":"https:\/\/www.walraven.com\/es\/#\/schema\/logo\/image\/"},"sameAs":["https:\/\/www.facebook.com\/WalravenIberia\/","https:\/\/www.youtube.com\/channel\/UCp0IvtDYLfpoIGUHFLmEHug","https:\/\/www.linkedin.com\/company\/isofix-walraven\/"]}]}},"_links":{"self":[{"href":"https:\/\/www.walraven.com\/es\/wp-json\/wp\/v2\/pages\/55170","targetHints":{"allow":["GET"]}}],"collection":[{"href":"https:\/\/www.walraven.com\/es\/wp-json\/wp\/v2\/pages"}],"about":[{"href":"https:\/\/www.walraven.com\/es\/wp-json\/wp\/v2\/types\/page"}],"author":[{"embeddable":true,"href":"https:\/\/www.walraven.com\/es\/wp-json\/wp\/v2\/users\/43"}],"replies":[{"embeddable":true,"href":"https:\/\/www.walraven.com\/es\/wp-json\/wp\/v2\/comments?post=55170"}],"version-history":[{"count":6,"href":"https:\/\/www.walraven.com\/es\/wp-json\/wp\/v2\/pages\/55170\/revisions"}],"predecessor-version":[{"id":67138,"href":"https:\/\/www.walraven.com\/es\/wp-json\/wp\/v2\/pages\/55170\/revisions\/67138"}],"up":[{"embeddable":true,"href":"https:\/\/www.walraven.com\/es\/wp-json\/wp\/v2\/pages\/55107"}],"wp:attachment":[{"href":"https:\/\/www.walraven.com\/es\/wp-json\/wp\/v2\/media?parent=55170"}],"curies":[{"name":"wp","href":"https:\/\/api.w.org\/{rel}","templated":true}]}}