{"id":55280,"date":"2018-04-11T17:16:43","date_gmt":"2018-04-11T15:16:43","guid":{"rendered":"https:\/\/www.walraven.com\/?page_id=119889"},"modified":"2025-05-29T14:56:55","modified_gmt":"2025-05-29T12:56:55","slug":"pasos-a-nivel-pasarelas","status":"publish","type":"page","link":"https:\/\/www.walraven.com\/es\/soportacion-en-cubiertas\/pasos-a-nivel-pasarelas\/","title":{"rendered":"Pasos a nivel \/ Pasarelas"},"content":{"rendered":"","protected":false},"excerpt":{"rendered":"","protected":false},"author":43,"featured_media":0,"parent":55107,"menu_order":0,"comment_status":"closed","ping_status":"closed","template":"page-templates\/tpl-landingspage.php","meta":{"_acf_changed":false,"footnotes":""},"class_list":["post-55280","page","type-page","status-publish","hentry"],"acf":[],"yoast_head":"<!-- This site is optimized with the Yoast SEO Premium plugin v27.3 (Yoast SEO v27.3) - https:\/\/yoast.com\/product\/yoast-seo-premium-wordpress\/ -->\n<title>Pasos a nivel \/ Pasarelas - Walraven Iberia<\/title>\n<meta name=\"description\" content=\"Los pasos a nivel\/pasarelas de Walraven son soluciones que ayudan a maximizar la seguridad de la cubierta permitiendo un f\u00e1cil mantenimiento a su personal, caminando por las pasarelas a trav\u00e9s de todas las \u00e1reas. \u2705 Productos alta calidad \u2705Soporte t\u00e9cnico gratuito \u2705 T\u00fa reto, nuestro soporte\" \/>\n<meta name=\"robots\" content=\"index, follow, max-snippet:-1, max-image-preview:large, max-video-preview:-1\" \/>\n<link rel=\"canonical\" href=\"https:\/\/www.walraven.com\/es\/soportacion-en-cubiertas\/pasos-a-nivel-pasarelas\/\" \/>\n<meta property=\"og:locale\" content=\"es_ES\" \/>\n<meta property=\"og:type\" content=\"article\" \/>\n<meta property=\"og:title\" content=\"Pasos a nivel \/ Pasarelas\" \/>\n<meta property=\"og:description\" content=\"Los pasos a nivel\/pasarelas de Walraven son soluciones que ayudan a maximizar la seguridad de la cubierta permitiendo un f\u00e1cil mantenimiento a su personal, caminando por las pasarelas a trav\u00e9s de todas las \u00e1reas. \u2705 Productos alta calidad \u2705Soporte t\u00e9cnico gratuito \u2705 T\u00fa reto, nuestro soporte\" \/>\n<meta property=\"og:url\" content=\"https:\/\/www.walraven.com\/es\/soportacion-en-cubiertas\/pasos-a-nivel-pasarelas\/\" \/>\n<meta property=\"og:site_name\" content=\"Walraven Iberia\" \/>\n<meta property=\"article:publisher\" content=\"https:\/\/www.facebook.com\/WalravenIberia\/\" \/>\n<meta property=\"article:modified_time\" content=\"2025-05-29T12:56:55+00:00\" \/>\n<meta name=\"twitter:card\" content=\"summary_large_image\" \/>\n<meta name=\"twitter:label1\" content=\"Tiempo de lectura\" \/>\n\t<meta name=\"twitter:data1\" content=\"2 minutos\" \/>\n<script type=\"application\/ld+json\" class=\"yoast-schema-graph\">{\"@context\":\"https:\\\/\\\/schema.org\",\"@graph\":[{\"@type\":\"WebPage\",\"@id\":\"https:\\\/\\\/www.walraven.com\\\/es\\\/soportacion-en-cubiertas\\\/pasos-a-nivel-pasarelas\\\/\",\"url\":\"https:\\\/\\\/www.walraven.com\\\/es\\\/soportacion-en-cubiertas\\\/pasos-a-nivel-pasarelas\\\/\",\"name\":\"Pasos a nivel \\\/ Pasarelas - Walraven Iberia\",\"isPartOf\":{\"@id\":\"https:\\\/\\\/www.walraven.com\\\/es\\\/#website\"},\"datePublished\":\"2018-04-11T15:16:43+00:00\",\"dateModified\":\"2025-05-29T12:56:55+00:00\",\"description\":\"Los pasos a nivel\\\/pasarelas de Walraven son soluciones que ayudan a maximizar la seguridad de la cubierta permitiendo un f\u00e1cil mantenimiento a su personal, caminando por las pasarelas a trav\u00e9s de todas las \u00e1reas. \u2705 Productos alta calidad \u2705Soporte t\u00e9cnico gratuito \u2705 T\u00fa reto, nuestro soporte\",\"breadcrumb\":{\"@id\":\"https:\\\/\\\/www.walraven.com\\\/es\\\/soportacion-en-cubiertas\\\/pasos-a-nivel-pasarelas\\\/#breadcrumb\"},\"inLanguage\":\"es\",\"potentialAction\":[{\"@type\":\"ReadAction\",\"target\":[\"https:\\\/\\\/www.walraven.com\\\/es\\\/soportacion-en-cubiertas\\\/pasos-a-nivel-pasarelas\\\/\"]}]},{\"@type\":\"BreadcrumbList\",\"@id\":\"https:\\\/\\\/www.walraven.com\\\/es\\\/soportacion-en-cubiertas\\\/pasos-a-nivel-pasarelas\\\/#breadcrumb\",\"itemListElement\":[{\"@type\":\"ListItem\",\"position\":1,\"name\":\"Portada\",\"item\":\"https:\\\/\\\/www.walraven.com\\\/es\\\/\"},{\"@type\":\"ListItem\",\"position\":2,\"name\":\"Walraven Soportaci\u00f3n en Cubiertas\",\"item\":\"https:\\\/\\\/www.walraven.com\\\/es\\\/soportacion-en-cubiertas\\\/\"},{\"@type\":\"ListItem\",\"position\":3,\"name\":\"Pasos a nivel \\\/ Pasarelas\"}]},{\"@type\":\"WebSite\",\"@id\":\"https:\\\/\\\/www.walraven.com\\\/es\\\/#website\",\"url\":\"https:\\\/\\\/www.walraven.com\\\/es\\\/\",\"name\":\"Walraven Ib\u00e8ria\",\"description\":\"\",\"publisher\":{\"@id\":\"https:\\\/\\\/www.walraven.com\\\/es\\\/#organization\"},\"potentialAction\":[{\"@type\":\"SearchAction\",\"target\":{\"@type\":\"EntryPoint\",\"urlTemplate\":\"https:\\\/\\\/www.walraven.com\\\/es\\\/?s={search_term_string}\"},\"query-input\":{\"@type\":\"PropertyValueSpecification\",\"valueRequired\":true,\"valueName\":\"search_term_string\"}}],\"inLanguage\":\"es\"},{\"@type\":\"Organization\",\"@id\":\"https:\\\/\\\/www.walraven.com\\\/es\\\/#organization\",\"name\":\"Walraven Ib\u00e8ria\",\"alternateName\":\"Walraven Ib\u00e8ria\",\"url\":\"https:\\\/\\\/www.walraven.com\\\/es\\\/\",\"logo\":{\"@type\":\"ImageObject\",\"inLanguage\":\"es\",\"@id\":\"https:\\\/\\\/www.walraven.com\\\/es\\\/#\\\/schema\\\/logo\\\/image\\\/\",\"url\":\"https:\\\/\\\/www.walraven.com\\\/es\\\/wp-content\\\/uploads\\\/sites\\\/6\\\/2023\\\/12\\\/Walraven_logo300x300.jpg\",\"contentUrl\":\"https:\\\/\\\/www.walraven.com\\\/es\\\/wp-content\\\/uploads\\\/sites\\\/6\\\/2023\\\/12\\\/Walraven_logo300x300.jpg\",\"width\":300,\"height\":300,\"caption\":\"Walraven Ib\u00e8ria\"},\"image\":{\"@id\":\"https:\\\/\\\/www.walraven.com\\\/es\\\/#\\\/schema\\\/logo\\\/image\\\/\"},\"sameAs\":[\"https:\\\/\\\/www.facebook.com\\\/WalravenIberia\\\/\",\"https:\\\/\\\/www.youtube.com\\\/channel\\\/UCp0IvtDYLfpoIGUHFLmEHug\",\"https:\\\/\\\/www.linkedin.com\\\/company\\\/isofix-walraven\\\/\"]}]}<\/script>\n<!-- \/ Yoast SEO Premium plugin. -->","yoast_head_json":{"title":"Pasos a nivel \/ Pasarelas - Walraven Iberia","description":"Los pasos a nivel\/pasarelas de Walraven son soluciones que ayudan a maximizar la seguridad de la cubierta permitiendo un f\u00e1cil mantenimiento a su personal, caminando por las pasarelas a trav\u00e9s de todas las \u00e1reas. \u2705 Productos alta calidad \u2705Soporte t\u00e9cnico gratuito \u2705 T\u00fa reto, nuestro soporte","robots":{"index":"index","follow":"follow","max-snippet":"max-snippet:-1","max-image-preview":"max-image-preview:large","max-video-preview":"max-video-preview:-1"},"canonical":"https:\/\/www.walraven.com\/es\/soportacion-en-cubiertas\/pasos-a-nivel-pasarelas\/","og_locale":"es_ES","og_type":"article","og_title":"Pasos a nivel \/ Pasarelas","og_description":"Los pasos a nivel\/pasarelas de Walraven son soluciones que ayudan a maximizar la seguridad de la cubierta permitiendo un f\u00e1cil mantenimiento a su personal, caminando por las pasarelas a trav\u00e9s de todas las \u00e1reas. \u2705 Productos alta calidad \u2705Soporte t\u00e9cnico gratuito \u2705 T\u00fa reto, nuestro soporte","og_url":"https:\/\/www.walraven.com\/es\/soportacion-en-cubiertas\/pasos-a-nivel-pasarelas\/","og_site_name":"Walraven Iberia","article_publisher":"https:\/\/www.facebook.com\/WalravenIberia\/","article_modified_time":"2025-05-29T12:56:55+00:00","twitter_card":"summary_large_image","twitter_misc":{"Tiempo de lectura":"2 minutos"},"schema":{"@context":"https:\/\/schema.org","@graph":[{"@type":"WebPage","@id":"https:\/\/www.walraven.com\/es\/soportacion-en-cubiertas\/pasos-a-nivel-pasarelas\/","url":"https:\/\/www.walraven.com\/es\/soportacion-en-cubiertas\/pasos-a-nivel-pasarelas\/","name":"Pasos a nivel \/ Pasarelas - Walraven Iberia","isPartOf":{"@id":"https:\/\/www.walraven.com\/es\/#website"},"datePublished":"2018-04-11T15:16:43+00:00","dateModified":"2025-05-29T12:56:55+00:00","description":"Los pasos a nivel\/pasarelas de Walraven son soluciones que ayudan a maximizar la seguridad de la cubierta permitiendo un f\u00e1cil mantenimiento a su personal, caminando por las pasarelas a trav\u00e9s de todas las \u00e1reas. \u2705 Productos alta calidad \u2705Soporte t\u00e9cnico gratuito \u2705 T\u00fa reto, nuestro soporte","breadcrumb":{"@id":"https:\/\/www.walraven.com\/es\/soportacion-en-cubiertas\/pasos-a-nivel-pasarelas\/#breadcrumb"},"inLanguage":"es","potentialAction":[{"@type":"ReadAction","target":["https:\/\/www.walraven.com\/es\/soportacion-en-cubiertas\/pasos-a-nivel-pasarelas\/"]}]},{"@type":"BreadcrumbList","@id":"https:\/\/www.walraven.com\/es\/soportacion-en-cubiertas\/pasos-a-nivel-pasarelas\/#breadcrumb","itemListElement":[{"@type":"ListItem","position":1,"name":"Portada","item":"https:\/\/www.walraven.com\/es\/"},{"@type":"ListItem","position":2,"name":"Walraven Soportaci\u00f3n en Cubiertas","item":"https:\/\/www.walraven.com\/es\/soportacion-en-cubiertas\/"},{"@type":"ListItem","position":3,"name":"Pasos a nivel \/ Pasarelas"}]},{"@type":"WebSite","@id":"https:\/\/www.walraven.com\/es\/#website","url":"https:\/\/www.walraven.com\/es\/","name":"Walraven Ib\u00e8ria","description":"","publisher":{"@id":"https:\/\/www.walraven.com\/es\/#organization"},"potentialAction":[{"@type":"SearchAction","target":{"@type":"EntryPoint","urlTemplate":"https:\/\/www.walraven.com\/es\/?s={search_term_string}"},"query-input":{"@type":"PropertyValueSpecification","valueRequired":true,"valueName":"search_term_string"}}],"inLanguage":"es"},{"@type":"Organization","@id":"https:\/\/www.walraven.com\/es\/#organization","name":"Walraven Ib\u00e8ria","alternateName":"Walraven Ib\u00e8ria","url":"https:\/\/www.walraven.com\/es\/","logo":{"@type":"ImageObject","inLanguage":"es","@id":"https:\/\/www.walraven.com\/es\/#\/schema\/logo\/image\/","url":"https:\/\/www.walraven.com\/es\/wp-content\/uploads\/sites\/6\/2023\/12\/Walraven_logo300x300.jpg","contentUrl":"https:\/\/www.walraven.com\/es\/wp-content\/uploads\/sites\/6\/2023\/12\/Walraven_logo300x300.jpg","width":300,"height":300,"caption":"Walraven Ib\u00e8ria"},"image":{"@id":"https:\/\/www.walraven.com\/es\/#\/schema\/logo\/image\/"},"sameAs":["https:\/\/www.facebook.com\/WalravenIberia\/","https:\/\/www.youtube.com\/channel\/UCp0IvtDYLfpoIGUHFLmEHug","https:\/\/www.linkedin.com\/company\/isofix-walraven\/"]}]}},"_links":{"self":[{"href":"https:\/\/www.walraven.com\/es\/wp-json\/wp\/v2\/pages\/55280","targetHints":{"allow":["GET"]}}],"collection":[{"href":"https:\/\/www.walraven.com\/es\/wp-json\/wp\/v2\/pages"}],"about":[{"href":"https:\/\/www.walraven.com\/es\/wp-json\/wp\/v2\/types\/page"}],"author":[{"embeddable":true,"href":"https:\/\/www.walraven.com\/es\/wp-json\/wp\/v2\/users\/43"}],"replies":[{"embeddable":true,"href":"https:\/\/www.walraven.com\/es\/wp-json\/wp\/v2\/comments?post=55280"}],"version-history":[{"count":5,"href":"https:\/\/www.walraven.com\/es\/wp-json\/wp\/v2\/pages\/55280\/revisions"}],"predecessor-version":[{"id":67143,"href":"https:\/\/www.walraven.com\/es\/wp-json\/wp\/v2\/pages\/55280\/revisions\/67143"}],"up":[{"embeddable":true,"href":"https:\/\/www.walraven.com\/es\/wp-json\/wp\/v2\/pages\/55107"}],"wp:attachment":[{"href":"https:\/\/www.walraven.com\/es\/wp-json\/wp\/v2\/media?parent=55280"}],"curies":[{"name":"wp","href":"https:\/\/api.w.org\/{rel}","templated":true}]}}