{"id":55941,"date":"2018-11-30T12:06:26","date_gmt":"2018-11-30T11:06:26","guid":{"rendered":"https:\/\/www.walraven.com\/?page_id=121118"},"modified":"2024-08-16T15:40:29","modified_gmt":"2024-08-16T13:40:29","slug":"abrazaderas-ligeras-2-tornillos","status":"publish","type":"page","link":"https:\/\/www.walraven.com\/es\/abrazaderas-ligeras-2-tornillos\/","title":{"rendered":"Abrazaderas de dos tornillos Walraven"},"content":{"rendered":"","protected":false},"excerpt":{"rendered":"","protected":false},"author":43,"featured_media":56733,"parent":0,"menu_order":0,"comment_status":"closed","ping_status":"closed","template":"page-templates\/tpl-landingspage.php","meta":{"_acf_changed":false,"footnotes":""},"class_list":["post-55941","page","type-page","status-publish","has-post-thumbnail","hentry"],"acf":[],"yoast_head":"<!-- This site is optimized with the Yoast SEO Premium plugin v27.3 (Yoast SEO v27.3) - https:\/\/yoast.com\/product\/yoast-seo-premium-wordpress\/ -->\n<title>Abrazaderas de dos tornillos - Walraven Iberia - Walraven Group<\/title>\n<meta name=\"description\" content=\"Las abrazaderas de 2 tornillos de Warlaven ofrecen una \u00f3ptima soluci\u00f3n de fijaci\u00f3n. \u2705 Soluciones innovadoras \u2705 Nueva y mejorada\" \/>\n<meta name=\"robots\" content=\"index, follow, max-snippet:-1, max-image-preview:large, max-video-preview:-1\" \/>\n<link rel=\"canonical\" href=\"https:\/\/www.walraven.com\/es\/abrazaderas-ligeras-2-tornillos\/\" \/>\n<meta property=\"og:locale\" content=\"es_ES\" \/>\n<meta property=\"og:type\" content=\"article\" \/>\n<meta property=\"og:title\" content=\"Abrazaderas de dos tornillos Walraven\" \/>\n<meta property=\"og:description\" content=\"Las abrazaderas de 2 tornillos de Warlaven ofrecen una \u00f3ptima soluci\u00f3n de fijaci\u00f3n. \u2705 Soluciones innovadoras \u2705 Nueva y mejorada\" \/>\n<meta property=\"og:url\" content=\"https:\/\/www.walraven.com\/es\/abrazaderas-ligeras-2-tornillos\/\" \/>\n<meta property=\"og:site_name\" content=\"Walraven Iberia\" \/>\n<meta property=\"article:publisher\" content=\"https:\/\/www.facebook.com\/WalravenIberia\/\" \/>\n<meta property=\"article:modified_time\" content=\"2024-08-16T13:40:29+00:00\" \/>\n<meta property=\"og:image\" content=\"https:\/\/www.walraven.com\/es\/wp-content\/uploads\/sites\/6\/2019\/09\/light-2-screw.jpg\" \/>\n\t<meta property=\"og:image:width\" content=\"641\" \/>\n\t<meta property=\"og:image:height\" content=\"1058\" \/>\n\t<meta property=\"og:image:type\" content=\"image\/jpeg\" \/>\n<meta name=\"twitter:card\" content=\"summary_large_image\" \/>\n<meta name=\"twitter:label1\" content=\"Tiempo de lectura\" \/>\n\t<meta name=\"twitter:data1\" content=\"5 minutos\" \/>\n<script type=\"application\/ld+json\" class=\"yoast-schema-graph\">{\"@context\":\"https:\\\/\\\/schema.org\",\"@graph\":[{\"@type\":\"WebPage\",\"@id\":\"https:\\\/\\\/www.walraven.com\\\/es\\\/abrazaderas-ligeras-2-tornillos\\\/\",\"url\":\"https:\\\/\\\/www.walraven.com\\\/es\\\/abrazaderas-ligeras-2-tornillos\\\/\",\"name\":\"Abrazaderas de dos tornillos - Walraven Iberia - Walraven Group\",\"isPartOf\":{\"@id\":\"https:\\\/\\\/www.walraven.com\\\/es\\\/#website\"},\"primaryImageOfPage\":{\"@id\":\"https:\\\/\\\/www.walraven.com\\\/es\\\/abrazaderas-ligeras-2-tornillos\\\/#primaryimage\"},\"image\":{\"@id\":\"https:\\\/\\\/www.walraven.com\\\/es\\\/abrazaderas-ligeras-2-tornillos\\\/#primaryimage\"},\"thumbnailUrl\":\"https:\\\/\\\/www.walraven.com\\\/es\\\/wp-content\\\/uploads\\\/sites\\\/6\\\/2019\\\/09\\\/light-2-screw.jpg\",\"datePublished\":\"2018-11-30T11:06:26+00:00\",\"dateModified\":\"2024-08-16T13:40:29+00:00\",\"description\":\"Las abrazaderas de 2 tornillos de Warlaven ofrecen una \u00f3ptima soluci\u00f3n de fijaci\u00f3n. \u2705 Soluciones innovadoras \u2705 Nueva y mejorada\",\"breadcrumb\":{\"@id\":\"https:\\\/\\\/www.walraven.com\\\/es\\\/abrazaderas-ligeras-2-tornillos\\\/#breadcrumb\"},\"inLanguage\":\"es\",\"potentialAction\":[{\"@type\":\"ReadAction\",\"target\":[\"https:\\\/\\\/www.walraven.com\\\/es\\\/abrazaderas-ligeras-2-tornillos\\\/\"]}]},{\"@type\":\"ImageObject\",\"inLanguage\":\"es\",\"@id\":\"https:\\\/\\\/www.walraven.com\\\/es\\\/abrazaderas-ligeras-2-tornillos\\\/#primaryimage\",\"url\":\"https:\\\/\\\/www.walraven.com\\\/es\\\/wp-content\\\/uploads\\\/sites\\\/6\\\/2019\\\/09\\\/light-2-screw.jpg\",\"contentUrl\":\"https:\\\/\\\/www.walraven.com\\\/es\\\/wp-content\\\/uploads\\\/sites\\\/6\\\/2019\\\/09\\\/light-2-screw.jpg\",\"width\":641,\"height\":1058,\"caption\":\"light-2-screw\"},{\"@type\":\"BreadcrumbList\",\"@id\":\"https:\\\/\\\/www.walraven.com\\\/es\\\/abrazaderas-ligeras-2-tornillos\\\/#breadcrumb\",\"itemListElement\":[{\"@type\":\"ListItem\",\"position\":1,\"name\":\"Portada\",\"item\":\"https:\\\/\\\/www.walraven.com\\\/es\\\/\"},{\"@type\":\"ListItem\",\"position\":2,\"name\":\"Abrazaderas de dos tornillos Walraven\"}]},{\"@type\":\"WebSite\",\"@id\":\"https:\\\/\\\/www.walraven.com\\\/es\\\/#website\",\"url\":\"https:\\\/\\\/www.walraven.com\\\/es\\\/\",\"name\":\"Walraven Ib\u00e8ria\",\"description\":\"\",\"publisher\":{\"@id\":\"https:\\\/\\\/www.walraven.com\\\/es\\\/#organization\"},\"potentialAction\":[{\"@type\":\"SearchAction\",\"target\":{\"@type\":\"EntryPoint\",\"urlTemplate\":\"https:\\\/\\\/www.walraven.com\\\/es\\\/?s={search_term_string}\"},\"query-input\":{\"@type\":\"PropertyValueSpecification\",\"valueRequired\":true,\"valueName\":\"search_term_string\"}}],\"inLanguage\":\"es\"},{\"@type\":\"Organization\",\"@id\":\"https:\\\/\\\/www.walraven.com\\\/es\\\/#organization\",\"name\":\"Walraven Ib\u00e8ria\",\"alternateName\":\"Walraven Ib\u00e8ria\",\"url\":\"https:\\\/\\\/www.walraven.com\\\/es\\\/\",\"logo\":{\"@type\":\"ImageObject\",\"inLanguage\":\"es\",\"@id\":\"https:\\\/\\\/www.walraven.com\\\/es\\\/#\\\/schema\\\/logo\\\/image\\\/\",\"url\":\"https:\\\/\\\/www.walraven.com\\\/es\\\/wp-content\\\/uploads\\\/sites\\\/6\\\/2023\\\/12\\\/Walraven_logo300x300.jpg\",\"contentUrl\":\"https:\\\/\\\/www.walraven.com\\\/es\\\/wp-content\\\/uploads\\\/sites\\\/6\\\/2023\\\/12\\\/Walraven_logo300x300.jpg\",\"width\":300,\"height\":300,\"caption\":\"Walraven Ib\u00e8ria\"},\"image\":{\"@id\":\"https:\\\/\\\/www.walraven.com\\\/es\\\/#\\\/schema\\\/logo\\\/image\\\/\"},\"sameAs\":[\"https:\\\/\\\/www.facebook.com\\\/WalravenIberia\\\/\",\"https:\\\/\\\/www.youtube.com\\\/channel\\\/UCp0IvtDYLfpoIGUHFLmEHug\",\"https:\\\/\\\/www.linkedin.com\\\/company\\\/isofix-walraven\\\/\"]}]}<\/script>\n<!-- \/ Yoast SEO Premium plugin. -->","yoast_head_json":{"title":"Abrazaderas de dos tornillos - Walraven Iberia - Walraven Group","description":"Las abrazaderas de 2 tornillos de Warlaven ofrecen una \u00f3ptima soluci\u00f3n de fijaci\u00f3n. \u2705 Soluciones innovadoras \u2705 Nueva y mejorada","robots":{"index":"index","follow":"follow","max-snippet":"max-snippet:-1","max-image-preview":"max-image-preview:large","max-video-preview":"max-video-preview:-1"},"canonical":"https:\/\/www.walraven.com\/es\/abrazaderas-ligeras-2-tornillos\/","og_locale":"es_ES","og_type":"article","og_title":"Abrazaderas de dos tornillos Walraven","og_description":"Las abrazaderas de 2 tornillos de Warlaven ofrecen una \u00f3ptima soluci\u00f3n de fijaci\u00f3n. \u2705 Soluciones innovadoras \u2705 Nueva y mejorada","og_url":"https:\/\/www.walraven.com\/es\/abrazaderas-ligeras-2-tornillos\/","og_site_name":"Walraven Iberia","article_publisher":"https:\/\/www.facebook.com\/WalravenIberia\/","article_modified_time":"2024-08-16T13:40:29+00:00","og_image":[{"width":641,"height":1058,"url":"https:\/\/www.walraven.com\/es\/wp-content\/uploads\/sites\/6\/2019\/09\/light-2-screw.jpg","type":"image\/jpeg"}],"twitter_card":"summary_large_image","twitter_misc":{"Tiempo de lectura":"5 minutos"},"schema":{"@context":"https:\/\/schema.org","@graph":[{"@type":"WebPage","@id":"https:\/\/www.walraven.com\/es\/abrazaderas-ligeras-2-tornillos\/","url":"https:\/\/www.walraven.com\/es\/abrazaderas-ligeras-2-tornillos\/","name":"Abrazaderas de dos tornillos - Walraven Iberia - Walraven Group","isPartOf":{"@id":"https:\/\/www.walraven.com\/es\/#website"},"primaryImageOfPage":{"@id":"https:\/\/www.walraven.com\/es\/abrazaderas-ligeras-2-tornillos\/#primaryimage"},"image":{"@id":"https:\/\/www.walraven.com\/es\/abrazaderas-ligeras-2-tornillos\/#primaryimage"},"thumbnailUrl":"https:\/\/www.walraven.com\/es\/wp-content\/uploads\/sites\/6\/2019\/09\/light-2-screw.jpg","datePublished":"2018-11-30T11:06:26+00:00","dateModified":"2024-08-16T13:40:29+00:00","description":"Las abrazaderas de 2 tornillos de Warlaven ofrecen una \u00f3ptima soluci\u00f3n de fijaci\u00f3n. \u2705 Soluciones innovadoras \u2705 Nueva y mejorada","breadcrumb":{"@id":"https:\/\/www.walraven.com\/es\/abrazaderas-ligeras-2-tornillos\/#breadcrumb"},"inLanguage":"es","potentialAction":[{"@type":"ReadAction","target":["https:\/\/www.walraven.com\/es\/abrazaderas-ligeras-2-tornillos\/"]}]},{"@type":"ImageObject","inLanguage":"es","@id":"https:\/\/www.walraven.com\/es\/abrazaderas-ligeras-2-tornillos\/#primaryimage","url":"https:\/\/www.walraven.com\/es\/wp-content\/uploads\/sites\/6\/2019\/09\/light-2-screw.jpg","contentUrl":"https:\/\/www.walraven.com\/es\/wp-content\/uploads\/sites\/6\/2019\/09\/light-2-screw.jpg","width":641,"height":1058,"caption":"light-2-screw"},{"@type":"BreadcrumbList","@id":"https:\/\/www.walraven.com\/es\/abrazaderas-ligeras-2-tornillos\/#breadcrumb","itemListElement":[{"@type":"ListItem","position":1,"name":"Portada","item":"https:\/\/www.walraven.com\/es\/"},{"@type":"ListItem","position":2,"name":"Abrazaderas de dos tornillos Walraven"}]},{"@type":"WebSite","@id":"https:\/\/www.walraven.com\/es\/#website","url":"https:\/\/www.walraven.com\/es\/","name":"Walraven Ib\u00e8ria","description":"","publisher":{"@id":"https:\/\/www.walraven.com\/es\/#organization"},"potentialAction":[{"@type":"SearchAction","target":{"@type":"EntryPoint","urlTemplate":"https:\/\/www.walraven.com\/es\/?s={search_term_string}"},"query-input":{"@type":"PropertyValueSpecification","valueRequired":true,"valueName":"search_term_string"}}],"inLanguage":"es"},{"@type":"Organization","@id":"https:\/\/www.walraven.com\/es\/#organization","name":"Walraven Ib\u00e8ria","alternateName":"Walraven Ib\u00e8ria","url":"https:\/\/www.walraven.com\/es\/","logo":{"@type":"ImageObject","inLanguage":"es","@id":"https:\/\/www.walraven.com\/es\/#\/schema\/logo\/image\/","url":"https:\/\/www.walraven.com\/es\/wp-content\/uploads\/sites\/6\/2023\/12\/Walraven_logo300x300.jpg","contentUrl":"https:\/\/www.walraven.com\/es\/wp-content\/uploads\/sites\/6\/2023\/12\/Walraven_logo300x300.jpg","width":300,"height":300,"caption":"Walraven Ib\u00e8ria"},"image":{"@id":"https:\/\/www.walraven.com\/es\/#\/schema\/logo\/image\/"},"sameAs":["https:\/\/www.facebook.com\/WalravenIberia\/","https:\/\/www.youtube.com\/channel\/UCp0IvtDYLfpoIGUHFLmEHug","https:\/\/www.linkedin.com\/company\/isofix-walraven\/"]}]}},"_links":{"self":[{"href":"https:\/\/www.walraven.com\/es\/wp-json\/wp\/v2\/pages\/55941","targetHints":{"allow":["GET"]}}],"collection":[{"href":"https:\/\/www.walraven.com\/es\/wp-json\/wp\/v2\/pages"}],"about":[{"href":"https:\/\/www.walraven.com\/es\/wp-json\/wp\/v2\/types\/page"}],"author":[{"embeddable":true,"href":"https:\/\/www.walraven.com\/es\/wp-json\/wp\/v2\/users\/43"}],"replies":[{"embeddable":true,"href":"https:\/\/www.walraven.com\/es\/wp-json\/wp\/v2\/comments?post=55941"}],"version-history":[{"count":6,"href":"https:\/\/www.walraven.com\/es\/wp-json\/wp\/v2\/pages\/55941\/revisions"}],"predecessor-version":[{"id":66204,"href":"https:\/\/www.walraven.com\/es\/wp-json\/wp\/v2\/pages\/55941\/revisions\/66204"}],"wp:featuredmedia":[{"embeddable":true,"href":"https:\/\/www.walraven.com\/es\/wp-json\/wp\/v2\/media\/56733"}],"wp:attachment":[{"href":"https:\/\/www.walraven.com\/es\/wp-json\/wp\/v2\/media?parent=55941"}],"curies":[{"name":"wp","href":"https:\/\/api.w.org\/{rel}","templated":true}]}}