{"id":56380,"date":"2019-03-19T12:26:59","date_gmt":"2019-03-19T11:26:59","guid":{"rendered":"https:\/\/www.walraven.com\/en\/?page_id=54142"},"modified":"2023-12-19T10:25:39","modified_gmt":"2023-12-19T09:25:39","slug":"sistemas-de-proteccion-contra-el-fuego","status":"publish","type":"page","link":"https:\/\/www.walraven.com\/es\/sistemas-de-proteccion-contra-el-fuego\/","title":{"rendered":"Sistemas de protecci\u00f3n contra el fuego"},"content":{"rendered":"","protected":false},"excerpt":{"rendered":"","protected":false},"author":43,"featured_media":0,"parent":0,"menu_order":0,"comment_status":"closed","ping_status":"closed","template":"page-templates\/tpl-landingspage.php","meta":{"_acf_changed":false,"footnotes":""},"class_list":["post-56380","page","type-page","status-publish","hentry"],"acf":[],"yoast_head":"<!-- This site is optimized with the Yoast SEO Premium plugin v27.3 (Yoast SEO v27.3) - https:\/\/yoast.com\/product\/yoast-seo-premium-wordpress\/ -->\n<title>Protecci\u00f3n contra el fuego- Sistemas protecci\u00f3n pasiva - Walraven Iberia<\/title>\n<meta name=\"description\" content=\"En est\u00e1 p\u00e1gina podr\u00e1s encontrat los sistema de protecci\u00f3n contra el fuego Walraven. Proteje tu proyecto de los efectos del fuego con Walraven.\" \/>\n<meta name=\"robots\" content=\"index, follow, max-snippet:-1, max-image-preview:large, max-video-preview:-1\" \/>\n<link rel=\"canonical\" href=\"https:\/\/www.walraven.com\/es\/sistemas-de-proteccion-contra-el-fuego\/\" \/>\n<meta property=\"og:locale\" content=\"es_ES\" \/>\n<meta property=\"og:type\" content=\"article\" \/>\n<meta property=\"og:title\" content=\"Sistemas de protecci\u00f3n contra el fuego\" \/>\n<meta property=\"og:description\" content=\"En est\u00e1 p\u00e1gina podr\u00e1s encontrat los sistema de protecci\u00f3n contra el fuego Walraven. Proteje tu proyecto de los efectos del fuego con Walraven.\" \/>\n<meta property=\"og:url\" content=\"https:\/\/www.walraven.com\/es\/sistemas-de-proteccion-contra-el-fuego\/\" \/>\n<meta property=\"og:site_name\" content=\"Walraven Iberia\" \/>\n<meta property=\"article:publisher\" content=\"https:\/\/www.facebook.com\/WalravenIberia\/\" \/>\n<meta property=\"article:modified_time\" content=\"2023-12-19T09:25:39+00:00\" \/>\n<meta name=\"twitter:card\" content=\"summary_large_image\" \/>\n<script type=\"application\/ld+json\" class=\"yoast-schema-graph\">{\"@context\":\"https:\\\/\\\/schema.org\",\"@graph\":[{\"@type\":\"WebPage\",\"@id\":\"https:\\\/\\\/www.walraven.com\\\/es\\\/sistemas-de-proteccion-contra-el-fuego\\\/\",\"url\":\"https:\\\/\\\/www.walraven.com\\\/es\\\/sistemas-de-proteccion-contra-el-fuego\\\/\",\"name\":\"Protecci\u00f3n contra el fuego- Sistemas protecci\u00f3n pasiva - Walraven Iberia\",\"isPartOf\":{\"@id\":\"https:\\\/\\\/www.walraven.com\\\/es\\\/#website\"},\"datePublished\":\"2019-03-19T11:26:59+00:00\",\"dateModified\":\"2023-12-19T09:25:39+00:00\",\"description\":\"En est\u00e1 p\u00e1gina podr\u00e1s encontrat los sistema de protecci\u00f3n contra el fuego Walraven. Proteje tu proyecto de los efectos del fuego con Walraven.\",\"breadcrumb\":{\"@id\":\"https:\\\/\\\/www.walraven.com\\\/es\\\/sistemas-de-proteccion-contra-el-fuego\\\/#breadcrumb\"},\"inLanguage\":\"es\",\"potentialAction\":[{\"@type\":\"ReadAction\",\"target\":[\"https:\\\/\\\/www.walraven.com\\\/es\\\/sistemas-de-proteccion-contra-el-fuego\\\/\"]}]},{\"@type\":\"BreadcrumbList\",\"@id\":\"https:\\\/\\\/www.walraven.com\\\/es\\\/sistemas-de-proteccion-contra-el-fuego\\\/#breadcrumb\",\"itemListElement\":[{\"@type\":\"ListItem\",\"position\":1,\"name\":\"Portada\",\"item\":\"https:\\\/\\\/www.walraven.com\\\/es\\\/\"},{\"@type\":\"ListItem\",\"position\":2,\"name\":\"Sistemas de protecci\u00f3n contra el fuego\"}]},{\"@type\":\"WebSite\",\"@id\":\"https:\\\/\\\/www.walraven.com\\\/es\\\/#website\",\"url\":\"https:\\\/\\\/www.walraven.com\\\/es\\\/\",\"name\":\"Walraven Ib\u00e8ria\",\"description\":\"\",\"publisher\":{\"@id\":\"https:\\\/\\\/www.walraven.com\\\/es\\\/#organization\"},\"potentialAction\":[{\"@type\":\"SearchAction\",\"target\":{\"@type\":\"EntryPoint\",\"urlTemplate\":\"https:\\\/\\\/www.walraven.com\\\/es\\\/?s={search_term_string}\"},\"query-input\":{\"@type\":\"PropertyValueSpecification\",\"valueRequired\":true,\"valueName\":\"search_term_string\"}}],\"inLanguage\":\"es\"},{\"@type\":\"Organization\",\"@id\":\"https:\\\/\\\/www.walraven.com\\\/es\\\/#organization\",\"name\":\"Walraven Ib\u00e8ria\",\"alternateName\":\"Walraven Ib\u00e8ria\",\"url\":\"https:\\\/\\\/www.walraven.com\\\/es\\\/\",\"logo\":{\"@type\":\"ImageObject\",\"inLanguage\":\"es\",\"@id\":\"https:\\\/\\\/www.walraven.com\\\/es\\\/#\\\/schema\\\/logo\\\/image\\\/\",\"url\":\"https:\\\/\\\/www.walraven.com\\\/es\\\/wp-content\\\/uploads\\\/sites\\\/6\\\/2023\\\/12\\\/Walraven_logo300x300.jpg\",\"contentUrl\":\"https:\\\/\\\/www.walraven.com\\\/es\\\/wp-content\\\/uploads\\\/sites\\\/6\\\/2023\\\/12\\\/Walraven_logo300x300.jpg\",\"width\":300,\"height\":300,\"caption\":\"Walraven Ib\u00e8ria\"},\"image\":{\"@id\":\"https:\\\/\\\/www.walraven.com\\\/es\\\/#\\\/schema\\\/logo\\\/image\\\/\"},\"sameAs\":[\"https:\\\/\\\/www.facebook.com\\\/WalravenIberia\\\/\",\"https:\\\/\\\/www.youtube.com\\\/channel\\\/UCp0IvtDYLfpoIGUHFLmEHug\",\"https:\\\/\\\/www.linkedin.com\\\/company\\\/isofix-walraven\\\/\"]}]}<\/script>\n<!-- \/ Yoast SEO Premium plugin. -->","yoast_head_json":{"title":"Protecci\u00f3n contra el fuego- Sistemas protecci\u00f3n pasiva - Walraven Iberia","description":"En est\u00e1 p\u00e1gina podr\u00e1s encontrat los sistema de protecci\u00f3n contra el fuego Walraven. Proteje tu proyecto de los efectos del fuego con Walraven.","robots":{"index":"index","follow":"follow","max-snippet":"max-snippet:-1","max-image-preview":"max-image-preview:large","max-video-preview":"max-video-preview:-1"},"canonical":"https:\/\/www.walraven.com\/es\/sistemas-de-proteccion-contra-el-fuego\/","og_locale":"es_ES","og_type":"article","og_title":"Sistemas de protecci\u00f3n contra el fuego","og_description":"En est\u00e1 p\u00e1gina podr\u00e1s encontrat los sistema de protecci\u00f3n contra el fuego Walraven. Proteje tu proyecto de los efectos del fuego con Walraven.","og_url":"https:\/\/www.walraven.com\/es\/sistemas-de-proteccion-contra-el-fuego\/","og_site_name":"Walraven Iberia","article_publisher":"https:\/\/www.facebook.com\/WalravenIberia\/","article_modified_time":"2023-12-19T09:25:39+00:00","twitter_card":"summary_large_image","schema":{"@context":"https:\/\/schema.org","@graph":[{"@type":"WebPage","@id":"https:\/\/www.walraven.com\/es\/sistemas-de-proteccion-contra-el-fuego\/","url":"https:\/\/www.walraven.com\/es\/sistemas-de-proteccion-contra-el-fuego\/","name":"Protecci\u00f3n contra el fuego- Sistemas protecci\u00f3n pasiva - Walraven Iberia","isPartOf":{"@id":"https:\/\/www.walraven.com\/es\/#website"},"datePublished":"2019-03-19T11:26:59+00:00","dateModified":"2023-12-19T09:25:39+00:00","description":"En est\u00e1 p\u00e1gina podr\u00e1s encontrat los sistema de protecci\u00f3n contra el fuego Walraven. Proteje tu proyecto de los efectos del fuego con Walraven.","breadcrumb":{"@id":"https:\/\/www.walraven.com\/es\/sistemas-de-proteccion-contra-el-fuego\/#breadcrumb"},"inLanguage":"es","potentialAction":[{"@type":"ReadAction","target":["https:\/\/www.walraven.com\/es\/sistemas-de-proteccion-contra-el-fuego\/"]}]},{"@type":"BreadcrumbList","@id":"https:\/\/www.walraven.com\/es\/sistemas-de-proteccion-contra-el-fuego\/#breadcrumb","itemListElement":[{"@type":"ListItem","position":1,"name":"Portada","item":"https:\/\/www.walraven.com\/es\/"},{"@type":"ListItem","position":2,"name":"Sistemas de protecci\u00f3n contra el fuego"}]},{"@type":"WebSite","@id":"https:\/\/www.walraven.com\/es\/#website","url":"https:\/\/www.walraven.com\/es\/","name":"Walraven Ib\u00e8ria","description":"","publisher":{"@id":"https:\/\/www.walraven.com\/es\/#organization"},"potentialAction":[{"@type":"SearchAction","target":{"@type":"EntryPoint","urlTemplate":"https:\/\/www.walraven.com\/es\/?s={search_term_string}"},"query-input":{"@type":"PropertyValueSpecification","valueRequired":true,"valueName":"search_term_string"}}],"inLanguage":"es"},{"@type":"Organization","@id":"https:\/\/www.walraven.com\/es\/#organization","name":"Walraven Ib\u00e8ria","alternateName":"Walraven Ib\u00e8ria","url":"https:\/\/www.walraven.com\/es\/","logo":{"@type":"ImageObject","inLanguage":"es","@id":"https:\/\/www.walraven.com\/es\/#\/schema\/logo\/image\/","url":"https:\/\/www.walraven.com\/es\/wp-content\/uploads\/sites\/6\/2023\/12\/Walraven_logo300x300.jpg","contentUrl":"https:\/\/www.walraven.com\/es\/wp-content\/uploads\/sites\/6\/2023\/12\/Walraven_logo300x300.jpg","width":300,"height":300,"caption":"Walraven Ib\u00e8ria"},"image":{"@id":"https:\/\/www.walraven.com\/es\/#\/schema\/logo\/image\/"},"sameAs":["https:\/\/www.facebook.com\/WalravenIberia\/","https:\/\/www.youtube.com\/channel\/UCp0IvtDYLfpoIGUHFLmEHug","https:\/\/www.linkedin.com\/company\/isofix-walraven\/"]}]}},"_links":{"self":[{"href":"https:\/\/www.walraven.com\/es\/wp-json\/wp\/v2\/pages\/56380","targetHints":{"allow":["GET"]}}],"collection":[{"href":"https:\/\/www.walraven.com\/es\/wp-json\/wp\/v2\/pages"}],"about":[{"href":"https:\/\/www.walraven.com\/es\/wp-json\/wp\/v2\/types\/page"}],"author":[{"embeddable":true,"href":"https:\/\/www.walraven.com\/es\/wp-json\/wp\/v2\/users\/43"}],"replies":[{"embeddable":true,"href":"https:\/\/www.walraven.com\/es\/wp-json\/wp\/v2\/comments?post=56380"}],"version-history":[{"count":5,"href":"https:\/\/www.walraven.com\/es\/wp-json\/wp\/v2\/pages\/56380\/revisions"}],"predecessor-version":[{"id":62125,"href":"https:\/\/www.walraven.com\/es\/wp-json\/wp\/v2\/pages\/56380\/revisions\/62125"}],"wp:attachment":[{"href":"https:\/\/www.walraven.com\/es\/wp-json\/wp\/v2\/media?parent=56380"}],"curies":[{"name":"wp","href":"https:\/\/api.w.org\/{rel}","templated":true}]}}