{"id":58425,"date":"2020-09-24T15:09:49","date_gmt":"2020-09-24T13:09:49","guid":{"rendered":"https:\/\/www.walraven.com\/en\/?page_id=56670"},"modified":"2026-01-28T12:54:32","modified_gmt":"2026-01-28T11:54:32","slug":"anclajes-para-hormigon","status":"publish","type":"page","link":"https:\/\/www.walraven.com\/es\/anclajes-para-hormigon\/","title":{"rendered":"Anclajes directos a hormig\u00f3n"},"content":{"rendered":"","protected":false},"excerpt":{"rendered":"","protected":false},"author":18,"featured_media":0,"parent":0,"menu_order":0,"comment_status":"closed","ping_status":"closed","template":"page-templates\/tpl-landingspage.php","meta":{"_acf_changed":false,"footnotes":""},"class_list":["post-58425","page","type-page","status-publish","hentry"],"acf":[],"yoast_head":"<!-- This site is optimized with the Yoast SEO Premium plugin v27.5 (Yoast SEO v27.5) - https:\/\/yoast.com\/product\/yoast-seo-premium-wordpress\/ -->\n<title>Anclajes para hormig\u00f3n - Una gu\u00eda esencial para su selecci\u00f3n y instalaci\u00f3n<\/title>\n<meta name=\"description\" content=\"Los anclajes para hormig\u00f3n son una opci\u00f3n popular de fijaci\u00f3n. Descubre c\u00f3mo elegir los tornillos de tornillo adecuados para su proyecto.\" \/>\n<meta name=\"robots\" content=\"index, follow, max-snippet:-1, max-image-preview:large, max-video-preview:-1\" \/>\n<link rel=\"canonical\" href=\"https:\/\/www.walraven.com\/es\/anclajes-para-hormigon\/\" \/>\n<meta property=\"og:locale\" content=\"es_ES\" \/>\n<meta property=\"og:type\" content=\"article\" \/>\n<meta property=\"og:title\" content=\"Anclajes directos a hormig\u00f3n\" \/>\n<meta property=\"og:description\" content=\"Los anclajes para hormig\u00f3n son una opci\u00f3n popular de fijaci\u00f3n. Descubre c\u00f3mo elegir los tornillos de tornillo adecuados para su proyecto.\" \/>\n<meta property=\"og:url\" content=\"https:\/\/www.walraven.com\/es\/anclajes-para-hormigon\/\" \/>\n<meta property=\"og:site_name\" content=\"Walraven Iberia\" \/>\n<meta property=\"article:publisher\" content=\"https:\/\/www.facebook.com\/WalravenIberia\/\" \/>\n<meta property=\"article:modified_time\" content=\"2026-01-28T11:54:32+00:00\" \/>\n<meta name=\"twitter:card\" content=\"summary_large_image\" \/>\n<meta name=\"twitter:label1\" content=\"Tiempo de lectura\" \/>\n\t<meta name=\"twitter:data1\" content=\"8 minutos\" \/>\n<script type=\"application\/ld+json\" class=\"yoast-schema-graph\">{\"@context\":\"https:\\\/\\\/schema.org\",\"@graph\":[{\"@type\":\"AdvertiserContentArticle\",\"@id\":\"https:\\\/\\\/www.walraven.com\\\/es\\\/anclajes-para-hormigon\\\/#article\",\"isPartOf\":{\"@id\":\"https:\\\/\\\/www.walraven.com\\\/es\\\/anclajes-para-hormigon\\\/\"},\"author\":{\"name\":\"sally.williams\",\"@id\":\"https:\\\/\\\/www.walraven.com\\\/es\\\/#\\\/schema\\\/person\\\/36163f1939a82150663ac941d81fee7f\"},\"headline\":\"Anclajes directos a hormig\u00f3n\",\"datePublished\":\"2020-09-24T13:09:49+00:00\",\"dateModified\":\"2026-01-28T11:54:32+00:00\",\"mainEntityOfPage\":{\"@id\":\"https:\\\/\\\/www.walraven.com\\\/es\\\/anclajes-para-hormigon\\\/\"},\"wordCount\":5,\"publisher\":{\"@id\":\"https:\\\/\\\/www.walraven.com\\\/es\\\/#organization\"},\"inLanguage\":\"es\"},{\"@type\":[\"WebPage\",\"ItemPage\"],\"@id\":\"https:\\\/\\\/www.walraven.com\\\/es\\\/anclajes-para-hormigon\\\/\",\"url\":\"https:\\\/\\\/www.walraven.com\\\/es\\\/anclajes-para-hormigon\\\/\",\"name\":\"Anclajes para hormig\u00f3n - Una gu\u00eda esencial para su selecci\u00f3n y instalaci\u00f3n\",\"isPartOf\":{\"@id\":\"https:\\\/\\\/www.walraven.com\\\/es\\\/#website\"},\"datePublished\":\"2020-09-24T13:09:49+00:00\",\"dateModified\":\"2026-01-28T11:54:32+00:00\",\"description\":\"Los anclajes para hormig\u00f3n son una opci\u00f3n popular de fijaci\u00f3n. Descubre c\u00f3mo elegir los tornillos de tornillo adecuados para su proyecto.\",\"breadcrumb\":{\"@id\":\"https:\\\/\\\/www.walraven.com\\\/es\\\/anclajes-para-hormigon\\\/#breadcrumb\"},\"inLanguage\":\"es\",\"potentialAction\":[{\"@type\":\"ReadAction\",\"target\":[\"https:\\\/\\\/www.walraven.com\\\/es\\\/anclajes-para-hormigon\\\/\"]}]},{\"@type\":\"BreadcrumbList\",\"@id\":\"https:\\\/\\\/www.walraven.com\\\/es\\\/anclajes-para-hormigon\\\/#breadcrumb\",\"itemListElement\":[{\"@type\":\"ListItem\",\"position\":1,\"name\":\"Portada\",\"item\":\"https:\\\/\\\/www.walraven.com\\\/es\\\/\"},{\"@type\":\"ListItem\",\"position\":2,\"name\":\"Anclajes directos a hormig\u00f3n\"}]},{\"@type\":\"WebSite\",\"@id\":\"https:\\\/\\\/www.walraven.com\\\/es\\\/#website\",\"url\":\"https:\\\/\\\/www.walraven.com\\\/es\\\/\",\"name\":\"Walraven Ib\u00e8ria\",\"description\":\"\",\"publisher\":{\"@id\":\"https:\\\/\\\/www.walraven.com\\\/es\\\/#organization\"},\"potentialAction\":[{\"@type\":\"SearchAction\",\"target\":{\"@type\":\"EntryPoint\",\"urlTemplate\":\"https:\\\/\\\/www.walraven.com\\\/es\\\/?s={search_term_string}\"},\"query-input\":{\"@type\":\"PropertyValueSpecification\",\"valueRequired\":true,\"valueName\":\"search_term_string\"}}],\"inLanguage\":\"es\"},{\"@type\":\"Organization\",\"@id\":\"https:\\\/\\\/www.walraven.com\\\/es\\\/#organization\",\"name\":\"Walraven Ib\u00e8ria\",\"alternateName\":\"Walraven Ib\u00e8ria\",\"url\":\"https:\\\/\\\/www.walraven.com\\\/es\\\/\",\"logo\":{\"@type\":\"ImageObject\",\"inLanguage\":\"es\",\"@id\":\"https:\\\/\\\/www.walraven.com\\\/es\\\/#\\\/schema\\\/logo\\\/image\\\/\",\"url\":\"https:\\\/\\\/www.walraven.com\\\/es\\\/wp-content\\\/uploads\\\/sites\\\/6\\\/2023\\\/12\\\/Walraven_logo300x300.jpg\",\"contentUrl\":\"https:\\\/\\\/www.walraven.com\\\/es\\\/wp-content\\\/uploads\\\/sites\\\/6\\\/2023\\\/12\\\/Walraven_logo300x300.jpg\",\"width\":300,\"height\":300,\"caption\":\"Walraven Ib\u00e8ria\"},\"image\":{\"@id\":\"https:\\\/\\\/www.walraven.com\\\/es\\\/#\\\/schema\\\/logo\\\/image\\\/\"},\"sameAs\":[\"https:\\\/\\\/www.facebook.com\\\/WalravenIberia\\\/\",\"https:\\\/\\\/www.youtube.com\\\/channel\\\/UCp0IvtDYLfpoIGUHFLmEHug\",\"https:\\\/\\\/www.linkedin.com\\\/company\\\/isofix-walraven\\\/\"]},{\"@type\":\"Person\",\"@id\":\"https:\\\/\\\/www.walraven.com\\\/es\\\/#\\\/schema\\\/person\\\/36163f1939a82150663ac941d81fee7f\",\"name\":\"sally.williams\",\"image\":{\"@type\":\"ImageObject\",\"inLanguage\":\"es\",\"@id\":\"https:\\\/\\\/secure.gravatar.com\\\/avatar\\\/fe9dbd4a25d89807a5c9a9cd67a2509690408540d38510e47d367bb310bacb32?s=96&d=mm&r=g\",\"url\":\"https:\\\/\\\/secure.gravatar.com\\\/avatar\\\/fe9dbd4a25d89807a5c9a9cd67a2509690408540d38510e47d367bb310bacb32?s=96&d=mm&r=g\",\"contentUrl\":\"https:\\\/\\\/secure.gravatar.com\\\/avatar\\\/fe9dbd4a25d89807a5c9a9cd67a2509690408540d38510e47d367bb310bacb32?s=96&d=mm&r=g\",\"caption\":\"sally.williams\"}}]}<\/script>\n<!-- \/ Yoast SEO Premium plugin. -->","yoast_head_json":{"title":"Anclajes para hormig\u00f3n - Una gu\u00eda esencial para su selecci\u00f3n y instalaci\u00f3n","description":"Los anclajes para hormig\u00f3n son una opci\u00f3n popular de fijaci\u00f3n. Descubre c\u00f3mo elegir los tornillos de tornillo adecuados para su proyecto.","robots":{"index":"index","follow":"follow","max-snippet":"max-snippet:-1","max-image-preview":"max-image-preview:large","max-video-preview":"max-video-preview:-1"},"canonical":"https:\/\/www.walraven.com\/es\/anclajes-para-hormigon\/","og_locale":"es_ES","og_type":"article","og_title":"Anclajes directos a hormig\u00f3n","og_description":"Los anclajes para hormig\u00f3n son una opci\u00f3n popular de fijaci\u00f3n. Descubre c\u00f3mo elegir los tornillos de tornillo adecuados para su proyecto.","og_url":"https:\/\/www.walraven.com\/es\/anclajes-para-hormigon\/","og_site_name":"Walraven Iberia","article_publisher":"https:\/\/www.facebook.com\/WalravenIberia\/","article_modified_time":"2026-01-28T11:54:32+00:00","twitter_card":"summary_large_image","twitter_misc":{"Tiempo de lectura":"8 minutos"},"schema":{"@context":"https:\/\/schema.org","@graph":[{"@type":"AdvertiserContentArticle","@id":"https:\/\/www.walraven.com\/es\/anclajes-para-hormigon\/#article","isPartOf":{"@id":"https:\/\/www.walraven.com\/es\/anclajes-para-hormigon\/"},"author":{"name":"sally.williams","@id":"https:\/\/www.walraven.com\/es\/#\/schema\/person\/36163f1939a82150663ac941d81fee7f"},"headline":"Anclajes directos a hormig\u00f3n","datePublished":"2020-09-24T13:09:49+00:00","dateModified":"2026-01-28T11:54:32+00:00","mainEntityOfPage":{"@id":"https:\/\/www.walraven.com\/es\/anclajes-para-hormigon\/"},"wordCount":5,"publisher":{"@id":"https:\/\/www.walraven.com\/es\/#organization"},"inLanguage":"es"},{"@type":["WebPage","ItemPage"],"@id":"https:\/\/www.walraven.com\/es\/anclajes-para-hormigon\/","url":"https:\/\/www.walraven.com\/es\/anclajes-para-hormigon\/","name":"Anclajes para hormig\u00f3n - Una gu\u00eda esencial para su selecci\u00f3n y instalaci\u00f3n","isPartOf":{"@id":"https:\/\/www.walraven.com\/es\/#website"},"datePublished":"2020-09-24T13:09:49+00:00","dateModified":"2026-01-28T11:54:32+00:00","description":"Los anclajes para hormig\u00f3n son una opci\u00f3n popular de fijaci\u00f3n. Descubre c\u00f3mo elegir los tornillos de tornillo adecuados para su proyecto.","breadcrumb":{"@id":"https:\/\/www.walraven.com\/es\/anclajes-para-hormigon\/#breadcrumb"},"inLanguage":"es","potentialAction":[{"@type":"ReadAction","target":["https:\/\/www.walraven.com\/es\/anclajes-para-hormigon\/"]}]},{"@type":"BreadcrumbList","@id":"https:\/\/www.walraven.com\/es\/anclajes-para-hormigon\/#breadcrumb","itemListElement":[{"@type":"ListItem","position":1,"name":"Portada","item":"https:\/\/www.walraven.com\/es\/"},{"@type":"ListItem","position":2,"name":"Anclajes directos a hormig\u00f3n"}]},{"@type":"WebSite","@id":"https:\/\/www.walraven.com\/es\/#website","url":"https:\/\/www.walraven.com\/es\/","name":"Walraven Ib\u00e8ria","description":"","publisher":{"@id":"https:\/\/www.walraven.com\/es\/#organization"},"potentialAction":[{"@type":"SearchAction","target":{"@type":"EntryPoint","urlTemplate":"https:\/\/www.walraven.com\/es\/?s={search_term_string}"},"query-input":{"@type":"PropertyValueSpecification","valueRequired":true,"valueName":"search_term_string"}}],"inLanguage":"es"},{"@type":"Organization","@id":"https:\/\/www.walraven.com\/es\/#organization","name":"Walraven Ib\u00e8ria","alternateName":"Walraven Ib\u00e8ria","url":"https:\/\/www.walraven.com\/es\/","logo":{"@type":"ImageObject","inLanguage":"es","@id":"https:\/\/www.walraven.com\/es\/#\/schema\/logo\/image\/","url":"https:\/\/www.walraven.com\/es\/wp-content\/uploads\/sites\/6\/2023\/12\/Walraven_logo300x300.jpg","contentUrl":"https:\/\/www.walraven.com\/es\/wp-content\/uploads\/sites\/6\/2023\/12\/Walraven_logo300x300.jpg","width":300,"height":300,"caption":"Walraven Ib\u00e8ria"},"image":{"@id":"https:\/\/www.walraven.com\/es\/#\/schema\/logo\/image\/"},"sameAs":["https:\/\/www.facebook.com\/WalravenIberia\/","https:\/\/www.youtube.com\/channel\/UCp0IvtDYLfpoIGUHFLmEHug","https:\/\/www.linkedin.com\/company\/isofix-walraven\/"]},{"@type":"Person","@id":"https:\/\/www.walraven.com\/es\/#\/schema\/person\/36163f1939a82150663ac941d81fee7f","name":"sally.williams","image":{"@type":"ImageObject","inLanguage":"es","@id":"https:\/\/secure.gravatar.com\/avatar\/fe9dbd4a25d89807a5c9a9cd67a2509690408540d38510e47d367bb310bacb32?s=96&d=mm&r=g","url":"https:\/\/secure.gravatar.com\/avatar\/fe9dbd4a25d89807a5c9a9cd67a2509690408540d38510e47d367bb310bacb32?s=96&d=mm&r=g","contentUrl":"https:\/\/secure.gravatar.com\/avatar\/fe9dbd4a25d89807a5c9a9cd67a2509690408540d38510e47d367bb310bacb32?s=96&d=mm&r=g","caption":"sally.williams"}}]}},"_links":{"self":[{"href":"https:\/\/www.walraven.com\/es\/wp-json\/wp\/v2\/pages\/58425","targetHints":{"allow":["GET"]}}],"collection":[{"href":"https:\/\/www.walraven.com\/es\/wp-json\/wp\/v2\/pages"}],"about":[{"href":"https:\/\/www.walraven.com\/es\/wp-json\/wp\/v2\/types\/page"}],"author":[{"embeddable":true,"href":"https:\/\/www.walraven.com\/es\/wp-json\/wp\/v2\/users\/18"}],"replies":[{"embeddable":true,"href":"https:\/\/www.walraven.com\/es\/wp-json\/wp\/v2\/comments?post=58425"}],"version-history":[{"count":5,"href":"https:\/\/www.walraven.com\/es\/wp-json\/wp\/v2\/pages\/58425\/revisions"}],"predecessor-version":[{"id":69269,"href":"https:\/\/www.walraven.com\/es\/wp-json\/wp\/v2\/pages\/58425\/revisions\/69269"}],"wp:attachment":[{"href":"https:\/\/www.walraven.com\/es\/wp-json\/wp\/v2\/media?parent=58425"}],"curies":[{"name":"wp","href":"https:\/\/api.w.org\/{rel}","templated":true}]}}