{"id":60404,"date":"2021-11-26T11:15:22","date_gmt":"2021-11-26T10:15:22","guid":{"rendered":"https:\/\/www.walraven.com\/?page_id=126794"},"modified":"2026-01-28T09:32:02","modified_gmt":"2026-01-28T08:32:02","slug":"fundamentos-vibraciones","status":"publish","type":"page","link":"https:\/\/www.walraven.com\/es\/fundamentos-vibraciones\/","title":{"rendered":"Los fundamentos de la vibraci\u00f3n"},"content":{"rendered":"<h2>\u00bfQu\u00e9 es la vibraci\u00f3n y por qu\u00e9 quieres evitarla?<\/h2>\n<p>A medida que m\u00e1s usuarios de edificios se ven perturbados por la vibraci\u00f3n mec\u00e1nica y el ruido inducido por la vibraci\u00f3n que se origina en los equipos mec\u00e1nicos, el sector HVAC se ha vuelto m\u00e1s atento al dise\u00f1o ac\u00fastico de equipos e instalaciones mec\u00e1nicas. Pero antes de investigar y compartir ejemplos de c\u00f3mo se puede prevenir la vibraci\u00f3n, echemos un vistazo a la definici\u00f3n y los efectos secundarios de la vibraci\u00f3n.<\/p>\n<h2>\u00bfQu\u00e9 es la vibraci\u00f3n?<\/h2>\n<p>En palabras simples, la vibraci\u00f3n es un fen\u00f3meno mec\u00e1nico donde las oscilaciones ocurren alrededor de un punto de equilibrio. En algunos casos, esto puede ser deseable, como en el caso de un movimiento de la cuerda de una guitarra, pero a menudo, la vibraci\u00f3n es indeseable, ya que crea ruido e incomodidad no deseados. Los ejemplos t\u00edpicos de vibraci\u00f3n no deseada incluyen el movimiento vibratorio de motores, motores el\u00e9ctricos u otros dispositivos mec\u00e1nicos o equipos en funcionamiento.<\/p>\n<h2>Los efectos sonoros de la vibraci\u00f3n<\/h2>\n<p>En el contexto de HVAC, los sonidos se generan principalmente como resultado de la vibraci\u00f3n de un equipo. Sin embargo, algunos tipos de vibraci\u00f3n tambi\u00e9n pueden generar efectos de sonido que no son detectados por los humanos. Pero es importante saber que <i>los efectos de sonido no detectados tambi\u00e9n pueden afectar la salud y el bienestar de los usuarios del edificio<\/i>. Por lo tanto, la mejor manera de reducir el sonido, tanto detectable como no detectable, es limitar la vibraci\u00f3n producida por los equipos mec\u00e1nicos en primer lugar.<\/p>\n<h2>\u00bfCu\u00e1les son las fuentes m\u00e1s comunes de vibraci\u00f3n en los edificios?<\/h2>\n<p>El equipo HVAC que est\u00e1 r\u00edgidamente unido a una losa, pared o techo puede transmitir vibraci\u00f3n a la estructura de soporte y causar niveles altamente indeseables de ruido transmitido por la estructura. Este ruido puede viajar lejos e incluso puede extenderse por todo el edificio. Al igual que los equipos, las tuber\u00edas, los conductos y las canalizaciones pueden actuar como transmisores de ruido transmitido por la estructura si est\u00e1n conectados r\u00edgidamente a equipos vibrantes.<\/p>\n<h2>No se trata s\u00f3lo del ruido no deseado, sino de algo m\u00e1s.<\/h2>\n<p>Junto al ruido no deseado, la vibraci\u00f3n regular y recurrente puede causar otros problemas que pueden afectar al equipo, al edificio y a sus usuarios. Estas cuestiones incluyen, por ejemplo:<\/p>\n<ul>\n<li>Creando incomodidad para las personas<\/li>\n<li>Reducci\u00f3n de la seguridad de las personas cercanas al equipo vibratorio<\/li>\n<li>Consecuencias negativas para la estructura del edificio<\/li>\n<li>Aumento de los requisitos de mantenimiento para el equipo<\/li>\n<li>Disminuci\u00f3n de la vida \u00fatil del equipo<\/li>\n<li>Funcionamiento incorrecto del equipo<\/li>\n<li>Violaci\u00f3n de los requisitos reglamentarios<\/li>\n<\/ul>\n<h2>\u00bfC\u00f3mo resolver la vibraci\u00f3n?<\/h2>\n<p>Aislando las fuentes de vibraci\u00f3n de su estructura de soporte mediante el uso de dispositivos resistentes, por ejemplo, los aisladores son enfoque m\u00e1s eficiente para eliminar la vibraci\u00f3n. Los aisladores vibroac\u00fasticos cuidadosamente seleccionados deben colocarse, siempre que sea posible, directamente entre la estructura de montaje y el equipo que produce vibraciones no deseadas. Los aisladores pueden absorber eficazmente hasta el 99% del exceso de vibraci\u00f3n producida por el equipo.<\/p>\n<h2>\u00a1La prevenci\u00f3n es m\u00e1s f\u00e1cil y m\u00e1s barata que la correcci\u00f3n!<\/h2>\n<p>Corregir un ruido o vibraci\u00f3n puede ser mucho m\u00e1s costoso que abordar el desaf\u00edo antes de la instalaci\u00f3n del equipo. El costo de la correcci\u00f3n puede incluir el tiempo requerido para coordinar la investigaci\u00f3n, los pagos directos al contratista de modernizaci\u00f3n y la posible compensaci\u00f3n pagada a los usuarios del edificio que presentaron quejas. Por lo tanto, siempre debe tratar de prevenir los problemas de vibraci\u00f3n y ruido en lugar de corregirlos. El costo adicional insignificante para la prevenci\u00f3n (generalmente alrededor del 1% al 2% del costo total del sistema HVAC) es dinero bien gastado en comparaci\u00f3n con la segunda mejor alternativa, que es corregir la situaci\u00f3n existente.<\/p>\n<h2>Obtenga m\u00e1s informaci\u00f3n sobre las soluciones antivibratorias de Walraven<\/h2>\n<p>En el portafolio de Walraven, puede encontrar una gama completa de aisladores vibroac\u00fasticos de <a href=\"https:\/\/www.walraven.com\/es\/productos\/walraven-vibratek-hr-1-percha-de-caucho\/\">goma<\/a> y metal, de <a href=\"https:\/\/www.walraven.com\/es\/productos\/walraven-goma-para-baldosas-vibratek-pr-t\/\">almohadillas,<\/a> soportes y <a href=\"https:\/\/www.walraven.com\/es\/productos\/walraven-vibratek-hs-1x-colgador-de-muelles\/\">resortes<\/a> antivibraci\u00f3n para eliminar problemas de vibraci\u00f3n en instalaciones de HVAC. Los aisladores tambi\u00e9n se pueden integrar f\u00e1cilmente con otras <a href=\"https:\/\/www.walraven.com\/es\/productos\/fijacion-de-tuberias\/\">fijaciones t\u00edpicas de tuber\u00edas<\/a>, <a href=\"https:\/\/www.walraven.com\/es\/sistemas-de-fijacion\/rapidstrut\/\">soporte de ra\u00edles<\/a> o <a href=\"https:\/\/www.walraven.com\/es\/soportacion-en-cubiertas\/\">suportaci\u00f3n en cubiertas<\/a>.<\/p>\n<p><a href=\"https:\/\/www.walraven.com\/es\/productos\/aislamientos-acusticos-y-antivibraciones\/\"><b>Leer mas<\/b><\/a><\/p>\n","protected":false},"excerpt":{"rendered":"<p>\u00bfQu\u00e9 es la vibraci\u00f3n y por qu\u00e9 quieres evitarla? A medida que m\u00e1s usuarios de edificios se ven perturbados por la vibraci\u00f3n mec\u00e1nica y el ruido inducido por la vibraci\u00f3n que se origina en los equipos mec\u00e1nicos, el sector HVAC se ha vuelto m\u00e1s atento al dise\u00f1o ac\u00fastico de equipos e instalaciones mec\u00e1nicas. Pero antes [&hellip;]<\/p>\n","protected":false},"author":62,"featured_media":0,"parent":0,"menu_order":0,"comment_status":"closed","ping_status":"closed","template":"","meta":{"_acf_changed":false,"footnotes":""},"class_list":["post-60404","page","type-page","status-publish","hentry"],"acf":[],"yoast_head":"<!-- This site is optimized with the Yoast SEO Premium plugin v27.3 (Yoast SEO v27.3) - https:\/\/yoast.com\/product\/yoast-seo-premium-wordpress\/ -->\n<title>Los fundamentos de la vibraci\u00f3n - Walraven Iberia<\/title>\n<meta name=\"robots\" content=\"index, follow, max-snippet:-1, max-image-preview:large, max-video-preview:-1\" \/>\n<link rel=\"canonical\" href=\"https:\/\/www.walraven.com\/es\/fundamentos-vibraciones\/\" \/>\n<meta property=\"og:locale\" content=\"es_ES\" \/>\n<meta property=\"og:type\" content=\"article\" \/>\n<meta property=\"og:title\" content=\"Los fundamentos de la vibraci\u00f3n\" \/>\n<meta property=\"og:description\" content=\"\u00bfQu\u00e9 es la vibraci\u00f3n y por qu\u00e9 quieres evitarla? A medida que m\u00e1s usuarios de edificios se ven perturbados por la vibraci\u00f3n mec\u00e1nica y el ruido inducido por la vibraci\u00f3n que se origina en los equipos mec\u00e1nicos, el sector HVAC se ha vuelto m\u00e1s atento al dise\u00f1o ac\u00fastico de equipos e instalaciones mec\u00e1nicas. Pero antes [&hellip;]\" \/>\n<meta property=\"og:url\" content=\"https:\/\/www.walraven.com\/es\/fundamentos-vibraciones\/\" \/>\n<meta property=\"og:site_name\" content=\"Walraven Iberia\" \/>\n<meta property=\"article:publisher\" content=\"https:\/\/www.facebook.com\/WalravenIberia\/\" \/>\n<meta property=\"article:modified_time\" content=\"2026-01-28T08:32:02+00:00\" \/>\n<meta name=\"twitter:card\" content=\"summary_large_image\" \/>\n<meta name=\"twitter:label1\" content=\"Tiempo de lectura\" \/>\n\t<meta name=\"twitter:data1\" content=\"4 minutos\" \/>\n<script type=\"application\/ld+json\" class=\"yoast-schema-graph\">{\"@context\":\"https:\\\/\\\/schema.org\",\"@graph\":[{\"@type\":\"WebPage\",\"@id\":\"https:\\\/\\\/www.walraven.com\\\/es\\\/fundamentos-vibraciones\\\/\",\"url\":\"https:\\\/\\\/www.walraven.com\\\/es\\\/fundamentos-vibraciones\\\/\",\"name\":\"Los fundamentos de la vibraci\u00f3n - Walraven Iberia\",\"isPartOf\":{\"@id\":\"https:\\\/\\\/www.walraven.com\\\/es\\\/#website\"},\"datePublished\":\"2021-11-26T10:15:22+00:00\",\"dateModified\":\"2026-01-28T08:32:02+00:00\",\"breadcrumb\":{\"@id\":\"https:\\\/\\\/www.walraven.com\\\/es\\\/fundamentos-vibraciones\\\/#breadcrumb\"},\"inLanguage\":\"es\",\"potentialAction\":[{\"@type\":\"ReadAction\",\"target\":[\"https:\\\/\\\/www.walraven.com\\\/es\\\/fundamentos-vibraciones\\\/\"]}]},{\"@type\":\"BreadcrumbList\",\"@id\":\"https:\\\/\\\/www.walraven.com\\\/es\\\/fundamentos-vibraciones\\\/#breadcrumb\",\"itemListElement\":[{\"@type\":\"ListItem\",\"position\":1,\"name\":\"Portada\",\"item\":\"https:\\\/\\\/www.walraven.com\\\/es\\\/\"},{\"@type\":\"ListItem\",\"position\":2,\"name\":\"Los fundamentos de la vibraci\u00f3n\"}]},{\"@type\":\"WebSite\",\"@id\":\"https:\\\/\\\/www.walraven.com\\\/es\\\/#website\",\"url\":\"https:\\\/\\\/www.walraven.com\\\/es\\\/\",\"name\":\"Walraven Ib\u00e8ria\",\"description\":\"\",\"publisher\":{\"@id\":\"https:\\\/\\\/www.walraven.com\\\/es\\\/#organization\"},\"potentialAction\":[{\"@type\":\"SearchAction\",\"target\":{\"@type\":\"EntryPoint\",\"urlTemplate\":\"https:\\\/\\\/www.walraven.com\\\/es\\\/?s={search_term_string}\"},\"query-input\":{\"@type\":\"PropertyValueSpecification\",\"valueRequired\":true,\"valueName\":\"search_term_string\"}}],\"inLanguage\":\"es\"},{\"@type\":\"Organization\",\"@id\":\"https:\\\/\\\/www.walraven.com\\\/es\\\/#organization\",\"name\":\"Walraven Ib\u00e8ria\",\"alternateName\":\"Walraven Ib\u00e8ria\",\"url\":\"https:\\\/\\\/www.walraven.com\\\/es\\\/\",\"logo\":{\"@type\":\"ImageObject\",\"inLanguage\":\"es\",\"@id\":\"https:\\\/\\\/www.walraven.com\\\/es\\\/#\\\/schema\\\/logo\\\/image\\\/\",\"url\":\"https:\\\/\\\/www.walraven.com\\\/es\\\/wp-content\\\/uploads\\\/sites\\\/6\\\/2023\\\/12\\\/Walraven_logo300x300.jpg\",\"contentUrl\":\"https:\\\/\\\/www.walraven.com\\\/es\\\/wp-content\\\/uploads\\\/sites\\\/6\\\/2023\\\/12\\\/Walraven_logo300x300.jpg\",\"width\":300,\"height\":300,\"caption\":\"Walraven Ib\u00e8ria\"},\"image\":{\"@id\":\"https:\\\/\\\/www.walraven.com\\\/es\\\/#\\\/schema\\\/logo\\\/image\\\/\"},\"sameAs\":[\"https:\\\/\\\/www.facebook.com\\\/WalravenIberia\\\/\",\"https:\\\/\\\/www.youtube.com\\\/channel\\\/UCp0IvtDYLfpoIGUHFLmEHug\",\"https:\\\/\\\/www.linkedin.com\\\/company\\\/isofix-walraven\\\/\"]}]}<\/script>\n<!-- \/ Yoast SEO Premium plugin. -->","yoast_head_json":{"title":"Los fundamentos de la vibraci\u00f3n - Walraven Iberia","robots":{"index":"index","follow":"follow","max-snippet":"max-snippet:-1","max-image-preview":"max-image-preview:large","max-video-preview":"max-video-preview:-1"},"canonical":"https:\/\/www.walraven.com\/es\/fundamentos-vibraciones\/","og_locale":"es_ES","og_type":"article","og_title":"Los fundamentos de la vibraci\u00f3n","og_description":"\u00bfQu\u00e9 es la vibraci\u00f3n y por qu\u00e9 quieres evitarla? A medida que m\u00e1s usuarios de edificios se ven perturbados por la vibraci\u00f3n mec\u00e1nica y el ruido inducido por la vibraci\u00f3n que se origina en los equipos mec\u00e1nicos, el sector HVAC se ha vuelto m\u00e1s atento al dise\u00f1o ac\u00fastico de equipos e instalaciones mec\u00e1nicas. Pero antes [&hellip;]","og_url":"https:\/\/www.walraven.com\/es\/fundamentos-vibraciones\/","og_site_name":"Walraven Iberia","article_publisher":"https:\/\/www.facebook.com\/WalravenIberia\/","article_modified_time":"2026-01-28T08:32:02+00:00","twitter_card":"summary_large_image","twitter_misc":{"Tiempo de lectura":"4 minutos"},"schema":{"@context":"https:\/\/schema.org","@graph":[{"@type":"WebPage","@id":"https:\/\/www.walraven.com\/es\/fundamentos-vibraciones\/","url":"https:\/\/www.walraven.com\/es\/fundamentos-vibraciones\/","name":"Los fundamentos de la vibraci\u00f3n - Walraven Iberia","isPartOf":{"@id":"https:\/\/www.walraven.com\/es\/#website"},"datePublished":"2021-11-26T10:15:22+00:00","dateModified":"2026-01-28T08:32:02+00:00","breadcrumb":{"@id":"https:\/\/www.walraven.com\/es\/fundamentos-vibraciones\/#breadcrumb"},"inLanguage":"es","potentialAction":[{"@type":"ReadAction","target":["https:\/\/www.walraven.com\/es\/fundamentos-vibraciones\/"]}]},{"@type":"BreadcrumbList","@id":"https:\/\/www.walraven.com\/es\/fundamentos-vibraciones\/#breadcrumb","itemListElement":[{"@type":"ListItem","position":1,"name":"Portada","item":"https:\/\/www.walraven.com\/es\/"},{"@type":"ListItem","position":2,"name":"Los fundamentos de la vibraci\u00f3n"}]},{"@type":"WebSite","@id":"https:\/\/www.walraven.com\/es\/#website","url":"https:\/\/www.walraven.com\/es\/","name":"Walraven Ib\u00e8ria","description":"","publisher":{"@id":"https:\/\/www.walraven.com\/es\/#organization"},"potentialAction":[{"@type":"SearchAction","target":{"@type":"EntryPoint","urlTemplate":"https:\/\/www.walraven.com\/es\/?s={search_term_string}"},"query-input":{"@type":"PropertyValueSpecification","valueRequired":true,"valueName":"search_term_string"}}],"inLanguage":"es"},{"@type":"Organization","@id":"https:\/\/www.walraven.com\/es\/#organization","name":"Walraven Ib\u00e8ria","alternateName":"Walraven Ib\u00e8ria","url":"https:\/\/www.walraven.com\/es\/","logo":{"@type":"ImageObject","inLanguage":"es","@id":"https:\/\/www.walraven.com\/es\/#\/schema\/logo\/image\/","url":"https:\/\/www.walraven.com\/es\/wp-content\/uploads\/sites\/6\/2023\/12\/Walraven_logo300x300.jpg","contentUrl":"https:\/\/www.walraven.com\/es\/wp-content\/uploads\/sites\/6\/2023\/12\/Walraven_logo300x300.jpg","width":300,"height":300,"caption":"Walraven Ib\u00e8ria"},"image":{"@id":"https:\/\/www.walraven.com\/es\/#\/schema\/logo\/image\/"},"sameAs":["https:\/\/www.facebook.com\/WalravenIberia\/","https:\/\/www.youtube.com\/channel\/UCp0IvtDYLfpoIGUHFLmEHug","https:\/\/www.linkedin.com\/company\/isofix-walraven\/"]}]}},"_links":{"self":[{"href":"https:\/\/www.walraven.com\/es\/wp-json\/wp\/v2\/pages\/60404","targetHints":{"allow":["GET"]}}],"collection":[{"href":"https:\/\/www.walraven.com\/es\/wp-json\/wp\/v2\/pages"}],"about":[{"href":"https:\/\/www.walraven.com\/es\/wp-json\/wp\/v2\/types\/page"}],"author":[{"embeddable":true,"href":"https:\/\/www.walraven.com\/es\/wp-json\/wp\/v2\/users\/62"}],"replies":[{"embeddable":true,"href":"https:\/\/www.walraven.com\/es\/wp-json\/wp\/v2\/comments?post=60404"}],"version-history":[{"count":6,"href":"https:\/\/www.walraven.com\/es\/wp-json\/wp\/v2\/pages\/60404\/revisions"}],"predecessor-version":[{"id":69211,"href":"https:\/\/www.walraven.com\/es\/wp-json\/wp\/v2\/pages\/60404\/revisions\/69211"}],"wp:attachment":[{"href":"https:\/\/www.walraven.com\/es\/wp-json\/wp\/v2\/media?parent=60404"}],"curies":[{"name":"wp","href":"https:\/\/api.w.org\/{rel}","templated":true}]}}