{"id":60538,"date":"2022-11-15T14:45:18","date_gmt":"2022-11-15T13:45:18","guid":{"rendered":"https:\/\/www.walraven.com\/es\/?page_id=60538"},"modified":"2022-11-16T11:34:37","modified_gmt":"2022-11-16T10:34:37","slug":"ingeniero-oficina-tecnica","status":"publish","type":"page","link":"https:\/\/www.walraven.com\/es\/acerca-de-walraven\/trabajando-en-walraven\/ingeniero-oficina-tecnica\/","title":{"rendered":"Ingenier@ Oficina T\u00e9cnica"},"content":{"rendered":"<h2 class=\"t-20 mb3\">Descripci\u00f3n de empleo<\/h2>\n<article class=\"hiring-job-information__content\" data-hiring-job-information__content=\"\">\n<section class=\"hiring-job-information__job-description\">Empresa ubicada en Poliny\u00e0 (Barcelona) de matriz Neerlandesa, especialista en sistemas de suportaci\u00f3n para el mercado de instalaciones en la edificaci\u00f3n (HVAC, Fontaner\u00eda, Saneamiento, Pluviales, Fotovoltaica, Sistemas de protecci\u00f3n pasiva contra incendios, &#8230;) , busca Ingeniero\/a industrial\/mec\u00e1nico.<\/section>\n<section><\/section>\n<section class=\"hiring-job-information__job-description\">La persona ideal responder\u00eda a un estudiante de m\u00e1ster en \u00faltimo a\u00f1o o graduado recientemente (1-2 a\u00f1os) con nivel de ingl\u00e9s fluido.<\/section>\n<section><\/section>\n<section class=\"hiring-job-information__job-description\">La personas se incorporar\u00e1 del departamento de oficina t\u00e9cnica con la tarea principal de dar soporte t\u00e9cnico a clientes en el c\u00e1lculo y dise\u00f1o de soluciones de suportaci\u00f3n de instalaciones HVAC o protecci\u00f3n pasiva contra incendios as\u00ed como dar soporte al equipo comercial.<\/section>\n<\/article>\n<article class=\"hiring-job-information__content\" data-hiring-job-information__content=\"\">\n<section class=\"hiring-job-information__job-description\">\n<h2><\/h2>\n<h2><strong>Responsabilidades<\/strong><\/h2>\n<ul>\n<li>Estudiar, desenvolupar y calcular todo tipo de estructuras para la suportaci\u00f3n de equipos y instalaciones<\/li>\n<li>Coordinar y trabajar conjuntamente con otros departamentos de la empresa.<\/li>\n<li>Ejecutar labores de asistencia tanto oficina como viajando a visitar obras.<\/li>\n<\/ul>\n<h2><strong>Requisitos<\/strong><\/h2>\n<ul>\n<li>Nociones de c\u00e1lculo estructural, construcci\u00f3n industrial y instalaciones de edificaci\u00f3n.<\/li>\n<li>Orientado a la resoluci\u00f3n de problemas y pensamiento cr\u00edtico.<\/li>\n<li>Persona organizada que sepa establecer prioridades en la ejecuci\u00f3n de diferentes tareas.<\/li>\n<li>Facilidad para trabajar en equipo.<\/li>\n<li>Nivel medio\/alto de ingl\u00e9s<\/li>\n<li>Valorable Italiano.<\/li>\n<\/ul>\n<p>Abstenerse candidatos que NO puedan desplazarse hasta Poliny\u00e0.<\/p>\n<p>Salario anual a negociar seg\u00fan val\u00eda del candidato y contrato en pr\u00e1cticas durante 1 a\u00f1o<\/p>\n\n<\/section>\n<\/article>\n","protected":false},"excerpt":{"rendered":"<p>Descripci\u00f3n de empleo Empresa ubicada en Poliny\u00e0 (Barcelona) de matriz Neerlandesa, especialista en sistemas de suportaci\u00f3n para el mercado de instalaciones en la edificaci\u00f3n (HVAC, Fontaner\u00eda, Saneamiento, Pluviales, Fotovoltaica, Sistemas de protecci\u00f3n pasiva contra incendios, &#8230;) , busca Ingeniero\/a industrial\/mec\u00e1nico. La persona ideal responder\u00eda a un estudiante de m\u00e1ster en \u00faltimo a\u00f1o o graduado recientemente [&hellip;]<\/p>\n","protected":false},"author":63,"featured_media":0,"parent":55358,"menu_order":0,"comment_status":"closed","ping_status":"closed","template":"","meta":{"_acf_changed":false,"footnotes":""},"class_list":["post-60538","page","type-page","status-publish","hentry"],"acf":[],"yoast_head":"<!-- This site is optimized with the Yoast SEO Premium plugin v27.3 (Yoast SEO v27.3) - https:\/\/yoast.com\/product\/yoast-seo-premium-wordpress\/ -->\n<title>Ingenier@ Oficina T\u00e9cnica - Walraven Iberia<\/title>\n<meta name=\"robots\" content=\"index, follow, max-snippet:-1, max-image-preview:large, max-video-preview:-1\" \/>\n<link rel=\"canonical\" href=\"https:\/\/www.walraven.com\/es\/acerca-de-walraven\/trabajando-en-walraven\/ingeniero-oficina-tecnica\/\" \/>\n<meta property=\"og:locale\" content=\"es_ES\" \/>\n<meta property=\"og:type\" content=\"article\" \/>\n<meta property=\"og:title\" content=\"Ingenier@ Oficina T\u00e9cnica\" \/>\n<meta property=\"og:description\" content=\"Descripci\u00f3n de empleo Empresa ubicada en Poliny\u00e0 (Barcelona) de matriz Neerlandesa, especialista en sistemas de suportaci\u00f3n para el mercado de instalaciones en la edificaci\u00f3n (HVAC, Fontaner\u00eda, Saneamiento, Pluviales, Fotovoltaica, Sistemas de protecci\u00f3n pasiva contra incendios, &#8230;) , busca Ingeniero\/a industrial\/mec\u00e1nico. La persona ideal responder\u00eda a un estudiante de m\u00e1ster en \u00faltimo a\u00f1o o graduado recientemente [&hellip;]\" \/>\n<meta property=\"og:url\" content=\"https:\/\/www.walraven.com\/es\/acerca-de-walraven\/trabajando-en-walraven\/ingeniero-oficina-tecnica\/\" \/>\n<meta property=\"og:site_name\" content=\"Walraven Iberia\" \/>\n<meta property=\"article:publisher\" content=\"https:\/\/www.facebook.com\/WalravenIberia\/\" \/>\n<meta property=\"article:modified_time\" content=\"2022-11-16T10:34:37+00:00\" \/>\n<meta name=\"twitter:card\" content=\"summary_large_image\" \/>\n<meta name=\"twitter:label1\" content=\"Tiempo de lectura\" \/>\n\t<meta name=\"twitter:data1\" content=\"1 minuto\" \/>\n<script type=\"application\/ld+json\" class=\"yoast-schema-graph\">{\"@context\":\"https:\\\/\\\/schema.org\",\"@graph\":[{\"@type\":\"WebPage\",\"@id\":\"https:\\\/\\\/www.walraven.com\\\/es\\\/acerca-de-walraven\\\/trabajando-en-walraven\\\/ingeniero-oficina-tecnica\\\/\",\"url\":\"https:\\\/\\\/www.walraven.com\\\/es\\\/acerca-de-walraven\\\/trabajando-en-walraven\\\/ingeniero-oficina-tecnica\\\/\",\"name\":\"Ingenier@ Oficina T\u00e9cnica - Walraven Iberia\",\"isPartOf\":{\"@id\":\"https:\\\/\\\/www.walraven.com\\\/es\\\/#website\"},\"datePublished\":\"2022-11-15T13:45:18+00:00\",\"dateModified\":\"2022-11-16T10:34:37+00:00\",\"breadcrumb\":{\"@id\":\"https:\\\/\\\/www.walraven.com\\\/es\\\/acerca-de-walraven\\\/trabajando-en-walraven\\\/ingeniero-oficina-tecnica\\\/#breadcrumb\"},\"inLanguage\":\"es\",\"potentialAction\":[{\"@type\":\"ReadAction\",\"target\":[\"https:\\\/\\\/www.walraven.com\\\/es\\\/acerca-de-walraven\\\/trabajando-en-walraven\\\/ingeniero-oficina-tecnica\\\/\"]}]},{\"@type\":\"BreadcrumbList\",\"@id\":\"https:\\\/\\\/www.walraven.com\\\/es\\\/acerca-de-walraven\\\/trabajando-en-walraven\\\/ingeniero-oficina-tecnica\\\/#breadcrumb\",\"itemListElement\":[{\"@type\":\"ListItem\",\"position\":1,\"name\":\"Portada\",\"item\":\"https:\\\/\\\/www.walraven.com\\\/es\\\/\"},{\"@type\":\"ListItem\",\"position\":2,\"name\":\"Acerca de Walraven\",\"item\":\"https:\\\/\\\/www.walraven.com\\\/es\\\/acerca-de-walraven\\\/\"},{\"@type\":\"ListItem\",\"position\":3,\"name\":\"Forma parte de nuestra multinacional con coraz\u00f3n\",\"item\":\"https:\\\/\\\/www.walraven.com\\\/es\\\/acerca-de-walraven\\\/trabajando-en-walraven\\\/\"},{\"@type\":\"ListItem\",\"position\":4,\"name\":\"Ingenier@ Oficina T\u00e9cnica\"}]},{\"@type\":\"WebSite\",\"@id\":\"https:\\\/\\\/www.walraven.com\\\/es\\\/#website\",\"url\":\"https:\\\/\\\/www.walraven.com\\\/es\\\/\",\"name\":\"Walraven Ib\u00e8ria\",\"description\":\"\",\"publisher\":{\"@id\":\"https:\\\/\\\/www.walraven.com\\\/es\\\/#organization\"},\"potentialAction\":[{\"@type\":\"SearchAction\",\"target\":{\"@type\":\"EntryPoint\",\"urlTemplate\":\"https:\\\/\\\/www.walraven.com\\\/es\\\/?s={search_term_string}\"},\"query-input\":{\"@type\":\"PropertyValueSpecification\",\"valueRequired\":true,\"valueName\":\"search_term_string\"}}],\"inLanguage\":\"es\"},{\"@type\":\"Organization\",\"@id\":\"https:\\\/\\\/www.walraven.com\\\/es\\\/#organization\",\"name\":\"Walraven Ib\u00e8ria\",\"alternateName\":\"Walraven Ib\u00e8ria\",\"url\":\"https:\\\/\\\/www.walraven.com\\\/es\\\/\",\"logo\":{\"@type\":\"ImageObject\",\"inLanguage\":\"es\",\"@id\":\"https:\\\/\\\/www.walraven.com\\\/es\\\/#\\\/schema\\\/logo\\\/image\\\/\",\"url\":\"https:\\\/\\\/www.walraven.com\\\/es\\\/wp-content\\\/uploads\\\/sites\\\/6\\\/2023\\\/12\\\/Walraven_logo300x300.jpg\",\"contentUrl\":\"https:\\\/\\\/www.walraven.com\\\/es\\\/wp-content\\\/uploads\\\/sites\\\/6\\\/2023\\\/12\\\/Walraven_logo300x300.jpg\",\"width\":300,\"height\":300,\"caption\":\"Walraven Ib\u00e8ria\"},\"image\":{\"@id\":\"https:\\\/\\\/www.walraven.com\\\/es\\\/#\\\/schema\\\/logo\\\/image\\\/\"},\"sameAs\":[\"https:\\\/\\\/www.facebook.com\\\/WalravenIberia\\\/\",\"https:\\\/\\\/www.youtube.com\\\/channel\\\/UCp0IvtDYLfpoIGUHFLmEHug\",\"https:\\\/\\\/www.linkedin.com\\\/company\\\/isofix-walraven\\\/\"]}]}<\/script>\n<!-- \/ Yoast SEO Premium plugin. -->","yoast_head_json":{"title":"Ingenier@ Oficina T\u00e9cnica - Walraven Iberia","robots":{"index":"index","follow":"follow","max-snippet":"max-snippet:-1","max-image-preview":"max-image-preview:large","max-video-preview":"max-video-preview:-1"},"canonical":"https:\/\/www.walraven.com\/es\/acerca-de-walraven\/trabajando-en-walraven\/ingeniero-oficina-tecnica\/","og_locale":"es_ES","og_type":"article","og_title":"Ingenier@ Oficina T\u00e9cnica","og_description":"Descripci\u00f3n de empleo Empresa ubicada en Poliny\u00e0 (Barcelona) de matriz Neerlandesa, especialista en sistemas de suportaci\u00f3n para el mercado de instalaciones en la edificaci\u00f3n (HVAC, Fontaner\u00eda, Saneamiento, Pluviales, Fotovoltaica, Sistemas de protecci\u00f3n pasiva contra incendios, &#8230;) , busca Ingeniero\/a industrial\/mec\u00e1nico. La persona ideal responder\u00eda a un estudiante de m\u00e1ster en \u00faltimo a\u00f1o o graduado recientemente [&hellip;]","og_url":"https:\/\/www.walraven.com\/es\/acerca-de-walraven\/trabajando-en-walraven\/ingeniero-oficina-tecnica\/","og_site_name":"Walraven Iberia","article_publisher":"https:\/\/www.facebook.com\/WalravenIberia\/","article_modified_time":"2022-11-16T10:34:37+00:00","twitter_card":"summary_large_image","twitter_misc":{"Tiempo de lectura":"1 minuto"},"schema":{"@context":"https:\/\/schema.org","@graph":[{"@type":"WebPage","@id":"https:\/\/www.walraven.com\/es\/acerca-de-walraven\/trabajando-en-walraven\/ingeniero-oficina-tecnica\/","url":"https:\/\/www.walraven.com\/es\/acerca-de-walraven\/trabajando-en-walraven\/ingeniero-oficina-tecnica\/","name":"Ingenier@ Oficina T\u00e9cnica - Walraven Iberia","isPartOf":{"@id":"https:\/\/www.walraven.com\/es\/#website"},"datePublished":"2022-11-15T13:45:18+00:00","dateModified":"2022-11-16T10:34:37+00:00","breadcrumb":{"@id":"https:\/\/www.walraven.com\/es\/acerca-de-walraven\/trabajando-en-walraven\/ingeniero-oficina-tecnica\/#breadcrumb"},"inLanguage":"es","potentialAction":[{"@type":"ReadAction","target":["https:\/\/www.walraven.com\/es\/acerca-de-walraven\/trabajando-en-walraven\/ingeniero-oficina-tecnica\/"]}]},{"@type":"BreadcrumbList","@id":"https:\/\/www.walraven.com\/es\/acerca-de-walraven\/trabajando-en-walraven\/ingeniero-oficina-tecnica\/#breadcrumb","itemListElement":[{"@type":"ListItem","position":1,"name":"Portada","item":"https:\/\/www.walraven.com\/es\/"},{"@type":"ListItem","position":2,"name":"Acerca de Walraven","item":"https:\/\/www.walraven.com\/es\/acerca-de-walraven\/"},{"@type":"ListItem","position":3,"name":"Forma parte de nuestra multinacional con coraz\u00f3n","item":"https:\/\/www.walraven.com\/es\/acerca-de-walraven\/trabajando-en-walraven\/"},{"@type":"ListItem","position":4,"name":"Ingenier@ Oficina T\u00e9cnica"}]},{"@type":"WebSite","@id":"https:\/\/www.walraven.com\/es\/#website","url":"https:\/\/www.walraven.com\/es\/","name":"Walraven Ib\u00e8ria","description":"","publisher":{"@id":"https:\/\/www.walraven.com\/es\/#organization"},"potentialAction":[{"@type":"SearchAction","target":{"@type":"EntryPoint","urlTemplate":"https:\/\/www.walraven.com\/es\/?s={search_term_string}"},"query-input":{"@type":"PropertyValueSpecification","valueRequired":true,"valueName":"search_term_string"}}],"inLanguage":"es"},{"@type":"Organization","@id":"https:\/\/www.walraven.com\/es\/#organization","name":"Walraven Ib\u00e8ria","alternateName":"Walraven Ib\u00e8ria","url":"https:\/\/www.walraven.com\/es\/","logo":{"@type":"ImageObject","inLanguage":"es","@id":"https:\/\/www.walraven.com\/es\/#\/schema\/logo\/image\/","url":"https:\/\/www.walraven.com\/es\/wp-content\/uploads\/sites\/6\/2023\/12\/Walraven_logo300x300.jpg","contentUrl":"https:\/\/www.walraven.com\/es\/wp-content\/uploads\/sites\/6\/2023\/12\/Walraven_logo300x300.jpg","width":300,"height":300,"caption":"Walraven Ib\u00e8ria"},"image":{"@id":"https:\/\/www.walraven.com\/es\/#\/schema\/logo\/image\/"},"sameAs":["https:\/\/www.facebook.com\/WalravenIberia\/","https:\/\/www.youtube.com\/channel\/UCp0IvtDYLfpoIGUHFLmEHug","https:\/\/www.linkedin.com\/company\/isofix-walraven\/"]}]}},"_links":{"self":[{"href":"https:\/\/www.walraven.com\/es\/wp-json\/wp\/v2\/pages\/60538","targetHints":{"allow":["GET"]}}],"collection":[{"href":"https:\/\/www.walraven.com\/es\/wp-json\/wp\/v2\/pages"}],"about":[{"href":"https:\/\/www.walraven.com\/es\/wp-json\/wp\/v2\/types\/page"}],"author":[{"embeddable":true,"href":"https:\/\/www.walraven.com\/es\/wp-json\/wp\/v2\/users\/63"}],"replies":[{"embeddable":true,"href":"https:\/\/www.walraven.com\/es\/wp-json\/wp\/v2\/comments?post=60538"}],"version-history":[{"count":5,"href":"https:\/\/www.walraven.com\/es\/wp-json\/wp\/v2\/pages\/60538\/revisions"}],"predecessor-version":[{"id":60559,"href":"https:\/\/www.walraven.com\/es\/wp-json\/wp\/v2\/pages\/60538\/revisions\/60559"}],"up":[{"embeddable":true,"href":"https:\/\/www.walraven.com\/es\/wp-json\/wp\/v2\/pages\/55358"}],"wp:attachment":[{"href":"https:\/\/www.walraven.com\/es\/wp-json\/wp\/v2\/media?parent=60538"}],"curies":[{"name":"wp","href":"https:\/\/api.w.org\/{rel}","templated":true}]}}