{"id":60900,"date":"2023-02-13T10:32:22","date_gmt":"2023-02-13T09:32:22","guid":{"rendered":"https:\/\/www.walraven.com\/int\/?page_id=58520"},"modified":"2023-06-28T11:54:26","modified_gmt":"2023-06-28T09:54:26","slug":"selector-producto-pacifyre","status":"publish","type":"page","link":"https:\/\/www.walraven.com\/es\/selector-producto-pacifyre\/","title":{"rendered":"Selector de Producto Walraven Pacifyre\u00ae"},"content":{"rendered":"<p>Puede utilizar el selector de productos Walraven Pacifyre\u00ae para encontrar la soluci\u00f3n adecuada para la mayor\u00eda de sus situaciones de protecci\u00f3n contra incendios. Si no se da una determinada soluci\u00f3n, solicite ayuda a nuestros <a href=\"https:\/\/www.walraven.com\/es\/contacto\/\">Asesores T\u00e9cnicos de Ventas<\/a> especializados. Las instalaciones siempre deben cumplir con la legislaci\u00f3n o regulaci\u00f3n local.<\/p>\n","protected":false},"excerpt":{"rendered":"<p>Puede utilizar el selector de productos Walraven Pacifyre\u00ae para encontrar la soluci\u00f3n adecuada para la mayor\u00eda de sus situaciones de protecci\u00f3n contra incendios. Si no se da una determinada soluci\u00f3n, solicite ayuda a nuestros Asesores T\u00e9cnicos de Ventas especializados. Las instalaciones siempre deben cumplir con la legislaci\u00f3n o regulaci\u00f3n local.<\/p>\n","protected":false},"author":43,"featured_media":0,"parent":0,"menu_order":0,"comment_status":"closed","ping_status":"closed","template":"page-templates\/tpl-productselector.php","meta":{"_acf_changed":false,"footnotes":""},"class_list":["post-60900","page","type-page","status-publish","hentry"],"acf":[],"yoast_head":"<!-- This site is optimized with the Yoast SEO Premium plugin v27.3 (Yoast SEO v27.3) - https:\/\/yoast.com\/product\/yoast-seo-premium-wordpress\/ -->\n<title>Selector de Producto Walraven Pacifyre\u00ae - Walraven Iberia<\/title>\n<meta name=\"description\" content=\"Utilice nuestro selector de productos Walraven Pacifyre\u00ae para encontrar la soluci\u00f3n adecuada para la mayor\u00eda de sus situaciones ign\u00edfugas.\" \/>\n<meta name=\"robots\" content=\"index, follow, max-snippet:-1, max-image-preview:large, max-video-preview:-1\" \/>\n<link rel=\"canonical\" href=\"https:\/\/www.walraven.com\/es\/selector-producto-pacifyre\/\" \/>\n<meta property=\"og:locale\" content=\"es_ES\" \/>\n<meta property=\"og:type\" content=\"article\" \/>\n<meta property=\"og:title\" content=\"Selector de Producto Walraven Pacifyre\u00ae\" \/>\n<meta property=\"og:description\" content=\"Utilice nuestro selector de productos Walraven Pacifyre\u00ae para encontrar la soluci\u00f3n adecuada para la mayor\u00eda de sus situaciones ign\u00edfugas.\" \/>\n<meta property=\"og:url\" content=\"https:\/\/www.walraven.com\/es\/selector-producto-pacifyre\/\" \/>\n<meta property=\"og:site_name\" content=\"Walraven Iberia\" \/>\n<meta property=\"article:publisher\" content=\"https:\/\/www.facebook.com\/WalravenIberia\/\" \/>\n<meta property=\"article:modified_time\" content=\"2023-06-28T09:54:26+00:00\" \/>\n<meta name=\"twitter:card\" content=\"summary_large_image\" \/>\n<meta name=\"twitter:label1\" content=\"Tiempo de lectura\" \/>\n\t<meta name=\"twitter:data1\" content=\"1 minuto\" \/>\n<script type=\"application\/ld+json\" class=\"yoast-schema-graph\">{\"@context\":\"https:\\\/\\\/schema.org\",\"@graph\":[{\"@type\":\"WebPage\",\"@id\":\"https:\\\/\\\/www.walraven.com\\\/es\\\/selector-producto-pacifyre\\\/\",\"url\":\"https:\\\/\\\/www.walraven.com\\\/es\\\/selector-producto-pacifyre\\\/\",\"name\":\"Selector de Producto Walraven Pacifyre\u00ae - Walraven Iberia\",\"isPartOf\":{\"@id\":\"https:\\\/\\\/www.walraven.com\\\/es\\\/#website\"},\"datePublished\":\"2023-02-13T09:32:22+00:00\",\"dateModified\":\"2023-06-28T09:54:26+00:00\",\"description\":\"Utilice nuestro selector de productos Walraven Pacifyre\u00ae para encontrar la soluci\u00f3n adecuada para la mayor\u00eda de sus situaciones ign\u00edfugas.\",\"breadcrumb\":{\"@id\":\"https:\\\/\\\/www.walraven.com\\\/es\\\/selector-producto-pacifyre\\\/#breadcrumb\"},\"inLanguage\":\"es\",\"potentialAction\":[{\"@type\":\"ReadAction\",\"target\":[\"https:\\\/\\\/www.walraven.com\\\/es\\\/selector-producto-pacifyre\\\/\"]}]},{\"@type\":\"BreadcrumbList\",\"@id\":\"https:\\\/\\\/www.walraven.com\\\/es\\\/selector-producto-pacifyre\\\/#breadcrumb\",\"itemListElement\":[{\"@type\":\"ListItem\",\"position\":1,\"name\":\"Portada\",\"item\":\"https:\\\/\\\/www.walraven.com\\\/es\\\/\"},{\"@type\":\"ListItem\",\"position\":2,\"name\":\"Selector de Producto Walraven Pacifyre\u00ae\"}]},{\"@type\":\"WebSite\",\"@id\":\"https:\\\/\\\/www.walraven.com\\\/es\\\/#website\",\"url\":\"https:\\\/\\\/www.walraven.com\\\/es\\\/\",\"name\":\"Walraven Ib\u00e8ria\",\"description\":\"\",\"publisher\":{\"@id\":\"https:\\\/\\\/www.walraven.com\\\/es\\\/#organization\"},\"potentialAction\":[{\"@type\":\"SearchAction\",\"target\":{\"@type\":\"EntryPoint\",\"urlTemplate\":\"https:\\\/\\\/www.walraven.com\\\/es\\\/?s={search_term_string}\"},\"query-input\":{\"@type\":\"PropertyValueSpecification\",\"valueRequired\":true,\"valueName\":\"search_term_string\"}}],\"inLanguage\":\"es\"},{\"@type\":\"Organization\",\"@id\":\"https:\\\/\\\/www.walraven.com\\\/es\\\/#organization\",\"name\":\"Walraven Ib\u00e8ria\",\"alternateName\":\"Walraven Ib\u00e8ria\",\"url\":\"https:\\\/\\\/www.walraven.com\\\/es\\\/\",\"logo\":{\"@type\":\"ImageObject\",\"inLanguage\":\"es\",\"@id\":\"https:\\\/\\\/www.walraven.com\\\/es\\\/#\\\/schema\\\/logo\\\/image\\\/\",\"url\":\"https:\\\/\\\/www.walraven.com\\\/es\\\/wp-content\\\/uploads\\\/sites\\\/6\\\/2023\\\/12\\\/Walraven_logo300x300.jpg\",\"contentUrl\":\"https:\\\/\\\/www.walraven.com\\\/es\\\/wp-content\\\/uploads\\\/sites\\\/6\\\/2023\\\/12\\\/Walraven_logo300x300.jpg\",\"width\":300,\"height\":300,\"caption\":\"Walraven Ib\u00e8ria\"},\"image\":{\"@id\":\"https:\\\/\\\/www.walraven.com\\\/es\\\/#\\\/schema\\\/logo\\\/image\\\/\"},\"sameAs\":[\"https:\\\/\\\/www.facebook.com\\\/WalravenIberia\\\/\",\"https:\\\/\\\/www.youtube.com\\\/channel\\\/UCp0IvtDYLfpoIGUHFLmEHug\",\"https:\\\/\\\/www.linkedin.com\\\/company\\\/isofix-walraven\\\/\"]}]}<\/script>\n<!-- \/ Yoast SEO Premium plugin. -->","yoast_head_json":{"title":"Selector de Producto Walraven Pacifyre\u00ae - Walraven Iberia","description":"Utilice nuestro selector de productos Walraven Pacifyre\u00ae para encontrar la soluci\u00f3n adecuada para la mayor\u00eda de sus situaciones ign\u00edfugas.","robots":{"index":"index","follow":"follow","max-snippet":"max-snippet:-1","max-image-preview":"max-image-preview:large","max-video-preview":"max-video-preview:-1"},"canonical":"https:\/\/www.walraven.com\/es\/selector-producto-pacifyre\/","og_locale":"es_ES","og_type":"article","og_title":"Selector de Producto Walraven Pacifyre\u00ae","og_description":"Utilice nuestro selector de productos Walraven Pacifyre\u00ae para encontrar la soluci\u00f3n adecuada para la mayor\u00eda de sus situaciones ign\u00edfugas.","og_url":"https:\/\/www.walraven.com\/es\/selector-producto-pacifyre\/","og_site_name":"Walraven Iberia","article_publisher":"https:\/\/www.facebook.com\/WalravenIberia\/","article_modified_time":"2023-06-28T09:54:26+00:00","twitter_card":"summary_large_image","twitter_misc":{"Tiempo de lectura":"1 minuto"},"schema":{"@context":"https:\/\/schema.org","@graph":[{"@type":"WebPage","@id":"https:\/\/www.walraven.com\/es\/selector-producto-pacifyre\/","url":"https:\/\/www.walraven.com\/es\/selector-producto-pacifyre\/","name":"Selector de Producto Walraven Pacifyre\u00ae - Walraven Iberia","isPartOf":{"@id":"https:\/\/www.walraven.com\/es\/#website"},"datePublished":"2023-02-13T09:32:22+00:00","dateModified":"2023-06-28T09:54:26+00:00","description":"Utilice nuestro selector de productos Walraven Pacifyre\u00ae para encontrar la soluci\u00f3n adecuada para la mayor\u00eda de sus situaciones ign\u00edfugas.","breadcrumb":{"@id":"https:\/\/www.walraven.com\/es\/selector-producto-pacifyre\/#breadcrumb"},"inLanguage":"es","potentialAction":[{"@type":"ReadAction","target":["https:\/\/www.walraven.com\/es\/selector-producto-pacifyre\/"]}]},{"@type":"BreadcrumbList","@id":"https:\/\/www.walraven.com\/es\/selector-producto-pacifyre\/#breadcrumb","itemListElement":[{"@type":"ListItem","position":1,"name":"Portada","item":"https:\/\/www.walraven.com\/es\/"},{"@type":"ListItem","position":2,"name":"Selector de Producto Walraven Pacifyre\u00ae"}]},{"@type":"WebSite","@id":"https:\/\/www.walraven.com\/es\/#website","url":"https:\/\/www.walraven.com\/es\/","name":"Walraven Ib\u00e8ria","description":"","publisher":{"@id":"https:\/\/www.walraven.com\/es\/#organization"},"potentialAction":[{"@type":"SearchAction","target":{"@type":"EntryPoint","urlTemplate":"https:\/\/www.walraven.com\/es\/?s={search_term_string}"},"query-input":{"@type":"PropertyValueSpecification","valueRequired":true,"valueName":"search_term_string"}}],"inLanguage":"es"},{"@type":"Organization","@id":"https:\/\/www.walraven.com\/es\/#organization","name":"Walraven Ib\u00e8ria","alternateName":"Walraven Ib\u00e8ria","url":"https:\/\/www.walraven.com\/es\/","logo":{"@type":"ImageObject","inLanguage":"es","@id":"https:\/\/www.walraven.com\/es\/#\/schema\/logo\/image\/","url":"https:\/\/www.walraven.com\/es\/wp-content\/uploads\/sites\/6\/2023\/12\/Walraven_logo300x300.jpg","contentUrl":"https:\/\/www.walraven.com\/es\/wp-content\/uploads\/sites\/6\/2023\/12\/Walraven_logo300x300.jpg","width":300,"height":300,"caption":"Walraven Ib\u00e8ria"},"image":{"@id":"https:\/\/www.walraven.com\/es\/#\/schema\/logo\/image\/"},"sameAs":["https:\/\/www.facebook.com\/WalravenIberia\/","https:\/\/www.youtube.com\/channel\/UCp0IvtDYLfpoIGUHFLmEHug","https:\/\/www.linkedin.com\/company\/isofix-walraven\/"]}]}},"_links":{"self":[{"href":"https:\/\/www.walraven.com\/es\/wp-json\/wp\/v2\/pages\/60900","targetHints":{"allow":["GET"]}}],"collection":[{"href":"https:\/\/www.walraven.com\/es\/wp-json\/wp\/v2\/pages"}],"about":[{"href":"https:\/\/www.walraven.com\/es\/wp-json\/wp\/v2\/types\/page"}],"author":[{"embeddable":true,"href":"https:\/\/www.walraven.com\/es\/wp-json\/wp\/v2\/users\/43"}],"replies":[{"embeddable":true,"href":"https:\/\/www.walraven.com\/es\/wp-json\/wp\/v2\/comments?post=60900"}],"version-history":[{"count":5,"href":"https:\/\/www.walraven.com\/es\/wp-json\/wp\/v2\/pages\/60900\/revisions"}],"predecessor-version":[{"id":60975,"href":"https:\/\/www.walraven.com\/es\/wp-json\/wp\/v2\/pages\/60900\/revisions\/60975"}],"wp:attachment":[{"href":"https:\/\/www.walraven.com\/es\/wp-json\/wp\/v2\/media?parent=60900"}],"curies":[{"name":"wp","href":"https:\/\/api.w.org\/{rel}","templated":true}]}}