{"id":61964,"date":"2023-11-21T15:27:04","date_gmt":"2023-11-21T14:27:04","guid":{"rendered":"https:\/\/www.walraven.com\/es\/?page_id=61964"},"modified":"2023-11-21T16:13:07","modified_gmt":"2023-11-21T15:13:07","slug":"tecnico-comercial-zona-catalunya","status":"publish","type":"page","link":"https:\/\/www.walraven.com\/es\/acerca-de-walraven\/trabajando-en-walraven\/tecnico-comercial-zona-catalunya\/","title":{"rendered":"T\u00e9cnico Comercial Zona Catalunya"},"content":{"rendered":"<h2 class=\"t-20 mb3\">Descripci\u00f3n de empleo<\/h2>\n<article class=\"hiring-job-information__content\" data-hiring-job-information__content=\"\">\n<section class=\"hiring-job-information__job-description\">La Compa\u00f1\u00eda fabrica y distribuye sistemas de suportaci\u00f3n para el mercado de las instalaciones en la edificaci\u00f3n (HVAC, Fontaner\u00eda, Saneamiento, Pluviales, Fotovoltaica, Sistemas de protecci\u00f3n pasiva contra incendios, &#8230;).<\/section>\n<section><\/section>\n<\/article>\n<section><\/section>\n<section>El \/ la candidato\/a ideal, responder\u00eda a un profesional comercial joven con experiencia en la negociaci\u00f3n con clientes bajo una perspectiva primordialmente t\u00e9cnica.<\/section>\n<section><\/section>\n<article class=\"hiring-job-information__content\" data-hiring-job-information__content=\"\">\n<h2 class=\"hiring-job-information__job-description\"><strong>Responsabilidades<\/strong><\/h2>\n<\/article>\n<article class=\"hiring-job-information__content\" data-hiring-job-information__content=\"\">\n<section class=\"hiring-job-information__job-description\">\n<ul>\n<li>Atenci\u00f3n, negociaci\u00f3n y venta a canal tradicional de distribuci\u00f3n de las gamas de producto Walraven en la zona asignada<\/li>\n<li>Captaci\u00f3n de nuevos clientes<\/li>\n<li>Realizaci\u00f3n de propuestas de soluciones t\u00e9cnicas a la demanda del cliente<\/li>\n<li>Formaci\u00f3n t\u00e9cnica de producto al canal de distribuci\u00f3n<\/li>\n<li>Visitas en obra<\/li>\n<li>Reportar a direcci\u00f3n de ventas<\/li>\n<\/ul>\n<h2><strong>Requisitos<\/strong><\/h2>\n<ul>\n<li>Experiencia en el sector de instalaciones HVAC.<\/li>\n<li>Habituado a realizar ofertas, negociar y cerrar acuerdos con clientes.<\/li>\n<li>Persona organizada que sepa establecer prioridades en la ejecuci\u00f3n de diferentes tareas.<\/li>\n<li>Preparaci\u00f3n t\u00e9cnica y comercial necesaria para llevar a cabo las tareas asignadas.<\/li>\n<li>Se valorar\u00e1 muy positivamente formaci\u00f3n t\u00e9cnica, especialmente de grado universitario (ing. mec\u00e1nica, etc)<\/li>\n<li>Dominio de herramientas ofim\u00e1ticas y entornos \u201ccloud\u201d<\/li>\n<li>Para que la candidatura sea aceptada hay que enviar un breve v\u00eddeo presentaci\u00f3n explicando porque ser\u00e1s el candidato adecuado para el puesto (no m\u00e1s de 1 min) al siguiente correo: rrhh.es@walraven.com<\/li>\n<\/ul>\n<h2><strong>\u00bfQue ofrecemos?<\/strong><\/h2>\n<ul>\n<li>Coche de empresa<\/li>\n<li>Dietas<\/li>\n<li>Salario anual a negociar seg\u00fan val\u00eda del candidato<\/li>\n<\/ul>\n\n<\/section>\n<\/article>\n","protected":false},"excerpt":{"rendered":"<p>Descripci\u00f3n de empleo La Compa\u00f1\u00eda fabrica y distribuye sistemas de suportaci\u00f3n para el mercado de las instalaciones en la edificaci\u00f3n (HVAC, Fontaner\u00eda, Saneamiento, Pluviales, Fotovoltaica, Sistemas de protecci\u00f3n pasiva contra incendios, &#8230;). El \/ la candidato\/a ideal, responder\u00eda a un profesional comercial joven con experiencia en la negociaci\u00f3n con clientes bajo una perspectiva primordialmente t\u00e9cnica. [&hellip;]<\/p>\n","protected":false},"author":63,"featured_media":0,"parent":55358,"menu_order":0,"comment_status":"closed","ping_status":"closed","template":"","meta":{"_acf_changed":false,"footnotes":""},"class_list":["post-61964","page","type-page","status-publish","hentry"],"acf":[],"yoast_head":"<!-- This site is optimized with the Yoast SEO Premium plugin v27.3 (Yoast SEO v27.3) - https:\/\/yoast.com\/product\/yoast-seo-premium-wordpress\/ -->\n<title>T\u00e9cnico Comercial Zona Catalunya - Walraven Iberia<\/title>\n<meta name=\"robots\" content=\"index, follow, max-snippet:-1, max-image-preview:large, max-video-preview:-1\" \/>\n<link rel=\"canonical\" href=\"https:\/\/www.walraven.com\/es\/acerca-de-walraven\/trabajando-en-walraven\/tecnico-comercial-zona-catalunya\/\" \/>\n<meta property=\"og:locale\" content=\"es_ES\" \/>\n<meta property=\"og:type\" content=\"article\" \/>\n<meta property=\"og:title\" content=\"T\u00e9cnico Comercial Zona Catalunya\" \/>\n<meta property=\"og:description\" content=\"Descripci\u00f3n de empleo La Compa\u00f1\u00eda fabrica y distribuye sistemas de suportaci\u00f3n para el mercado de las instalaciones en la edificaci\u00f3n (HVAC, Fontaner\u00eda, Saneamiento, Pluviales, Fotovoltaica, Sistemas de protecci\u00f3n pasiva contra incendios, &#8230;). El \/ la candidato\/a ideal, responder\u00eda a un profesional comercial joven con experiencia en la negociaci\u00f3n con clientes bajo una perspectiva primordialmente t\u00e9cnica. [&hellip;]\" \/>\n<meta property=\"og:url\" content=\"https:\/\/www.walraven.com\/es\/acerca-de-walraven\/trabajando-en-walraven\/tecnico-comercial-zona-catalunya\/\" \/>\n<meta property=\"og:site_name\" content=\"Walraven Iberia\" \/>\n<meta property=\"article:publisher\" content=\"https:\/\/www.facebook.com\/WalravenIberia\/\" \/>\n<meta property=\"article:modified_time\" content=\"2023-11-21T15:13:07+00:00\" \/>\n<meta name=\"twitter:card\" content=\"summary_large_image\" \/>\n<meta name=\"twitter:label1\" content=\"Tiempo de lectura\" \/>\n\t<meta name=\"twitter:data1\" content=\"1 minuto\" \/>\n<script type=\"application\/ld+json\" class=\"yoast-schema-graph\">{\"@context\":\"https:\\\/\\\/schema.org\",\"@graph\":[{\"@type\":\"WebPage\",\"@id\":\"https:\\\/\\\/www.walraven.com\\\/es\\\/acerca-de-walraven\\\/trabajando-en-walraven\\\/tecnico-comercial-zona-catalunya\\\/\",\"url\":\"https:\\\/\\\/www.walraven.com\\\/es\\\/acerca-de-walraven\\\/trabajando-en-walraven\\\/tecnico-comercial-zona-catalunya\\\/\",\"name\":\"T\u00e9cnico Comercial Zona Catalunya - Walraven Iberia\",\"isPartOf\":{\"@id\":\"https:\\\/\\\/www.walraven.com\\\/es\\\/#website\"},\"datePublished\":\"2023-11-21T14:27:04+00:00\",\"dateModified\":\"2023-11-21T15:13:07+00:00\",\"breadcrumb\":{\"@id\":\"https:\\\/\\\/www.walraven.com\\\/es\\\/acerca-de-walraven\\\/trabajando-en-walraven\\\/tecnico-comercial-zona-catalunya\\\/#breadcrumb\"},\"inLanguage\":\"es\",\"potentialAction\":[{\"@type\":\"ReadAction\",\"target\":[\"https:\\\/\\\/www.walraven.com\\\/es\\\/acerca-de-walraven\\\/trabajando-en-walraven\\\/tecnico-comercial-zona-catalunya\\\/\"]}]},{\"@type\":\"BreadcrumbList\",\"@id\":\"https:\\\/\\\/www.walraven.com\\\/es\\\/acerca-de-walraven\\\/trabajando-en-walraven\\\/tecnico-comercial-zona-catalunya\\\/#breadcrumb\",\"itemListElement\":[{\"@type\":\"ListItem\",\"position\":1,\"name\":\"Portada\",\"item\":\"https:\\\/\\\/www.walraven.com\\\/es\\\/\"},{\"@type\":\"ListItem\",\"position\":2,\"name\":\"Acerca de Walraven\",\"item\":\"https:\\\/\\\/www.walraven.com\\\/es\\\/acerca-de-walraven\\\/\"},{\"@type\":\"ListItem\",\"position\":3,\"name\":\"Forma parte de nuestra multinacional con coraz\u00f3n\",\"item\":\"https:\\\/\\\/www.walraven.com\\\/es\\\/acerca-de-walraven\\\/trabajando-en-walraven\\\/\"},{\"@type\":\"ListItem\",\"position\":4,\"name\":\"T\u00e9cnico Comercial Zona Catalunya\"}]},{\"@type\":\"WebSite\",\"@id\":\"https:\\\/\\\/www.walraven.com\\\/es\\\/#website\",\"url\":\"https:\\\/\\\/www.walraven.com\\\/es\\\/\",\"name\":\"Walraven Ib\u00e8ria\",\"description\":\"\",\"publisher\":{\"@id\":\"https:\\\/\\\/www.walraven.com\\\/es\\\/#organization\"},\"potentialAction\":[{\"@type\":\"SearchAction\",\"target\":{\"@type\":\"EntryPoint\",\"urlTemplate\":\"https:\\\/\\\/www.walraven.com\\\/es\\\/?s={search_term_string}\"},\"query-input\":{\"@type\":\"PropertyValueSpecification\",\"valueRequired\":true,\"valueName\":\"search_term_string\"}}],\"inLanguage\":\"es\"},{\"@type\":\"Organization\",\"@id\":\"https:\\\/\\\/www.walraven.com\\\/es\\\/#organization\",\"name\":\"Walraven Ib\u00e8ria\",\"alternateName\":\"Walraven Ib\u00e8ria\",\"url\":\"https:\\\/\\\/www.walraven.com\\\/es\\\/\",\"logo\":{\"@type\":\"ImageObject\",\"inLanguage\":\"es\",\"@id\":\"https:\\\/\\\/www.walraven.com\\\/es\\\/#\\\/schema\\\/logo\\\/image\\\/\",\"url\":\"https:\\\/\\\/www.walraven.com\\\/es\\\/wp-content\\\/uploads\\\/sites\\\/6\\\/2023\\\/12\\\/Walraven_logo300x300.jpg\",\"contentUrl\":\"https:\\\/\\\/www.walraven.com\\\/es\\\/wp-content\\\/uploads\\\/sites\\\/6\\\/2023\\\/12\\\/Walraven_logo300x300.jpg\",\"width\":300,\"height\":300,\"caption\":\"Walraven Ib\u00e8ria\"},\"image\":{\"@id\":\"https:\\\/\\\/www.walraven.com\\\/es\\\/#\\\/schema\\\/logo\\\/image\\\/\"},\"sameAs\":[\"https:\\\/\\\/www.facebook.com\\\/WalravenIberia\\\/\",\"https:\\\/\\\/www.youtube.com\\\/channel\\\/UCp0IvtDYLfpoIGUHFLmEHug\",\"https:\\\/\\\/www.linkedin.com\\\/company\\\/isofix-walraven\\\/\"]}]}<\/script>\n<!-- \/ Yoast SEO Premium plugin. -->","yoast_head_json":{"title":"T\u00e9cnico Comercial Zona Catalunya - Walraven Iberia","robots":{"index":"index","follow":"follow","max-snippet":"max-snippet:-1","max-image-preview":"max-image-preview:large","max-video-preview":"max-video-preview:-1"},"canonical":"https:\/\/www.walraven.com\/es\/acerca-de-walraven\/trabajando-en-walraven\/tecnico-comercial-zona-catalunya\/","og_locale":"es_ES","og_type":"article","og_title":"T\u00e9cnico Comercial Zona Catalunya","og_description":"Descripci\u00f3n de empleo La Compa\u00f1\u00eda fabrica y distribuye sistemas de suportaci\u00f3n para el mercado de las instalaciones en la edificaci\u00f3n (HVAC, Fontaner\u00eda, Saneamiento, Pluviales, Fotovoltaica, Sistemas de protecci\u00f3n pasiva contra incendios, &#8230;). El \/ la candidato\/a ideal, responder\u00eda a un profesional comercial joven con experiencia en la negociaci\u00f3n con clientes bajo una perspectiva primordialmente t\u00e9cnica. [&hellip;]","og_url":"https:\/\/www.walraven.com\/es\/acerca-de-walraven\/trabajando-en-walraven\/tecnico-comercial-zona-catalunya\/","og_site_name":"Walraven Iberia","article_publisher":"https:\/\/www.facebook.com\/WalravenIberia\/","article_modified_time":"2023-11-21T15:13:07+00:00","twitter_card":"summary_large_image","twitter_misc":{"Tiempo de lectura":"1 minuto"},"schema":{"@context":"https:\/\/schema.org","@graph":[{"@type":"WebPage","@id":"https:\/\/www.walraven.com\/es\/acerca-de-walraven\/trabajando-en-walraven\/tecnico-comercial-zona-catalunya\/","url":"https:\/\/www.walraven.com\/es\/acerca-de-walraven\/trabajando-en-walraven\/tecnico-comercial-zona-catalunya\/","name":"T\u00e9cnico Comercial Zona Catalunya - Walraven Iberia","isPartOf":{"@id":"https:\/\/www.walraven.com\/es\/#website"},"datePublished":"2023-11-21T14:27:04+00:00","dateModified":"2023-11-21T15:13:07+00:00","breadcrumb":{"@id":"https:\/\/www.walraven.com\/es\/acerca-de-walraven\/trabajando-en-walraven\/tecnico-comercial-zona-catalunya\/#breadcrumb"},"inLanguage":"es","potentialAction":[{"@type":"ReadAction","target":["https:\/\/www.walraven.com\/es\/acerca-de-walraven\/trabajando-en-walraven\/tecnico-comercial-zona-catalunya\/"]}]},{"@type":"BreadcrumbList","@id":"https:\/\/www.walraven.com\/es\/acerca-de-walraven\/trabajando-en-walraven\/tecnico-comercial-zona-catalunya\/#breadcrumb","itemListElement":[{"@type":"ListItem","position":1,"name":"Portada","item":"https:\/\/www.walraven.com\/es\/"},{"@type":"ListItem","position":2,"name":"Acerca de Walraven","item":"https:\/\/www.walraven.com\/es\/acerca-de-walraven\/"},{"@type":"ListItem","position":3,"name":"Forma parte de nuestra multinacional con coraz\u00f3n","item":"https:\/\/www.walraven.com\/es\/acerca-de-walraven\/trabajando-en-walraven\/"},{"@type":"ListItem","position":4,"name":"T\u00e9cnico Comercial Zona Catalunya"}]},{"@type":"WebSite","@id":"https:\/\/www.walraven.com\/es\/#website","url":"https:\/\/www.walraven.com\/es\/","name":"Walraven Ib\u00e8ria","description":"","publisher":{"@id":"https:\/\/www.walraven.com\/es\/#organization"},"potentialAction":[{"@type":"SearchAction","target":{"@type":"EntryPoint","urlTemplate":"https:\/\/www.walraven.com\/es\/?s={search_term_string}"},"query-input":{"@type":"PropertyValueSpecification","valueRequired":true,"valueName":"search_term_string"}}],"inLanguage":"es"},{"@type":"Organization","@id":"https:\/\/www.walraven.com\/es\/#organization","name":"Walraven Ib\u00e8ria","alternateName":"Walraven Ib\u00e8ria","url":"https:\/\/www.walraven.com\/es\/","logo":{"@type":"ImageObject","inLanguage":"es","@id":"https:\/\/www.walraven.com\/es\/#\/schema\/logo\/image\/","url":"https:\/\/www.walraven.com\/es\/wp-content\/uploads\/sites\/6\/2023\/12\/Walraven_logo300x300.jpg","contentUrl":"https:\/\/www.walraven.com\/es\/wp-content\/uploads\/sites\/6\/2023\/12\/Walraven_logo300x300.jpg","width":300,"height":300,"caption":"Walraven Ib\u00e8ria"},"image":{"@id":"https:\/\/www.walraven.com\/es\/#\/schema\/logo\/image\/"},"sameAs":["https:\/\/www.facebook.com\/WalravenIberia\/","https:\/\/www.youtube.com\/channel\/UCp0IvtDYLfpoIGUHFLmEHug","https:\/\/www.linkedin.com\/company\/isofix-walraven\/"]}]}},"_links":{"self":[{"href":"https:\/\/www.walraven.com\/es\/wp-json\/wp\/v2\/pages\/61964","targetHints":{"allow":["GET"]}}],"collection":[{"href":"https:\/\/www.walraven.com\/es\/wp-json\/wp\/v2\/pages"}],"about":[{"href":"https:\/\/www.walraven.com\/es\/wp-json\/wp\/v2\/types\/page"}],"author":[{"embeddable":true,"href":"https:\/\/www.walraven.com\/es\/wp-json\/wp\/v2\/users\/63"}],"replies":[{"embeddable":true,"href":"https:\/\/www.walraven.com\/es\/wp-json\/wp\/v2\/comments?post=61964"}],"version-history":[{"count":4,"href":"https:\/\/www.walraven.com\/es\/wp-json\/wp\/v2\/pages\/61964\/revisions"}],"predecessor-version":[{"id":61968,"href":"https:\/\/www.walraven.com\/es\/wp-json\/wp\/v2\/pages\/61964\/revisions\/61968"}],"up":[{"embeddable":true,"href":"https:\/\/www.walraven.com\/es\/wp-json\/wp\/v2\/pages\/55358"}],"wp:attachment":[{"href":"https:\/\/www.walraven.com\/es\/wp-json\/wp\/v2\/media?parent=61964"}],"curies":[{"name":"wp","href":"https:\/\/api.w.org\/{rel}","templated":true}]}}